{"id":20186,"date":"2025-05-12T05:40:16","date_gmt":"2025-05-12T05:40:16","guid":{"rendered":"https:\/\/www.hydraulic-cylinders.net\/?post_type=product&#038;p=20186"},"modified":"2025-05-13T02:00:59","modified_gmt":"2025-05-13T02:00:59","slug":"luffing-hydraulic-cylinders-for-car-crane","status":"publish","type":"product","link":"https:\/\/www.hydraulic-cylinders.net\/et\/toode\/luffing-hydraulic-cylinders-for-car-crane\/","title":{"rendered":"Autokraana h\u00fcdraulilised silindrid"},"content":{"rendered":"<h1 style=\"text-align: center;\"><strong>Autokraana h\u00fcdraulilised silindrid<\/strong><\/h1>\n<p><img loading=\"lazy\" decoding=\"async\" class=\"wp-image-20187 aligncenter\" src=\"https:\/\/www.hydraulic-cylinders.net\/wp-content\/uploads\/2025\/05\/luffing-hydraulic-cylinder-for-car-crane.webp\" alt=\"\" width=\"500\" height=\"500\" srcset=\"https:\/\/www.hydraulic-cylinders.net\/wp-content\/uploads\/2025\/05\/luffing-hydraulic-cylinder-for-car-crane.webp 500w, https:\/\/www.hydraulic-cylinders.net\/wp-content\/uploads\/2025\/05\/luffing-hydraulic-cylinder-for-car-crane-480x480.webp 480w\" sizes=\"(min-width: 0px) and (max-width: 480px) 480px, (min-width: 481px) 500px, 100vw\" \/><\/p>\n<section id=\"introduction\">Ever-Power Huachang Hydraulic v\u00e4ljat\u00f6\u00f6tatud autokraanade h\u00fcdraulilised silindrid on t\u00e4iustatud poomi nurga reguleerimise silindrid, mis on loodud pakkuma t\u00e4pset juhtimist poomi liikumise \u00fcle autode t\u00f5stmisel. See autokraanade h\u00fcdrauliline silinder, mis on kohandatud \u00fchilduvuseks erinevate mudelitega, sobib suurep\u00e4raselt linnaehituseks, materjalik\u00e4itluseks ja t\u00f6\u00f6stusprojektideks. Tugeva h\u00fcdrosilindrina toetab see r\u00f5hku kuni 350 baari, pakkudes robustset j\u00f5udlust poomi nurkade t\u00e4pseks reguleerimiseks, tagades ohutuse ja efektiivsuse mitmesuguste koormate, n\u00e4iteks terastalade v\u00f5i raskete seadmete t\u00f5stmisel.<\/section>\n<section id=\"specifications\">\n<h2><strong>Tehnilised andmed:<\/strong><\/h2>\n<p><strong>Funktsioon:<\/strong> Kontrolli p\u00f5hik\u00e4e liikumist<br \/>\n<strong>Silindri l\u00e4bim\u00f5\u00f5t:<\/strong> 180\u2013220 mm<br \/>\n<strong>Varda l\u00e4bim\u00f5\u00f5t:<\/strong> 110\u2013180 mm<br \/>\n<strong>Reisimine:<\/strong> 1000 mm\u2013200 mm<br \/>\n<strong>Maksimaalne r\u00f5hk:<\/strong> 25MPa<br \/>\n<strong>Maksimaalne t\u00f5ukej\u00f5ud:<\/strong> 950 kN<\/p>\n<\/section>\n<section id=\"features\">\n<h2><strong>Autokraana h\u00fcdrauliliste silindrite p\u00f5hijooned:<\/strong><\/h2>\n<ul>\n<li><strong>Poomi nurga t\u00e4pne reguleerimine:<\/strong>\u00a0Autokraana t\u00f5steh\u00fcdraulilised silindrid pakuvad t\u00e4pset poomi nurga juhtimist, muutes selle autokraana poomi reguleerimise silindri ideaalseks kitsastes t\u00f6\u00f6ruumides h\u00f5lpsaks ja enesekindlaks navigeerimiseks.<\/li>\n<li><strong>Usaldusv\u00e4\u00e4rne k\u00f5rgsurve t\u00f6\u00f6:<\/strong>\u00a0See \u00fclitugevast legeerterasest valmistatud autokraana t\u00e4ppish\u00fcdrauliline silinder t\u00f6\u00f6tab laitmatult r\u00f5hul 350 baari, tagades \u00fchtlase v\u00f5imsuse n\u00f5udlikeks t\u00f5stet\u00f6\u00f6deks erinevates tingimustes.<\/li>\n<li><strong>Kohandatavad disainivalikud:<\/strong>\u00a0Kohandatava l\u00e4bim\u00f5\u00f5du ja k\u00e4igupikkusega see autokraanaga t\u00f5stepoomi nurga silinder kohandub konkreetsete projektivajadustega, suurendades mitmek\u00fclgsust erinevate autokraana mudelite puhul.<\/li>\n<li><strong>Suurem vastupidavus ja korrosioonikindlus:<\/strong>\u00a0Korrosioonikindla viimistlusega varustatud vastupidav autokraanade t\u00f5stesilinder peab vastu karmidele keskkondadele, nagu vihm v\u00f5i tolm, pikendades oma t\u00f6\u00f6iga.<\/li>\n<li><strong>Energiat\u00f5hus j\u00f5udlus:<\/strong>\u00a0T\u00e4iustatud tihendustehnoloogiaga konstrueeritud see h\u00fcdrauliline kallutussilinder minimeerib r\u00f5hukadu, v\u00e4hendades energiatarbimist ja hoolduskulusid pikaajalise kasutamise ajal.<\/li>\n<\/ul>\n<\/section>\n<section id=\"applications\">\n<h2><strong>Autokraana Luffing h\u00fcdrauliliste silindrite rakendused:<\/strong><\/h2>\n<h3><strong><img loading=\"lazy\" decoding=\"async\" class=\"alignnone size-full wp-image-20196\" src=\"https:\/\/www.hydraulic-cylinders.net\/wp-content\/uploads\/2025\/05\/luffing-hydraulic-cylinder-for-car-crane-application.webp\" alt=\"\" width=\"1077\" height=\"616\" srcset=\"https:\/\/www.hydraulic-cylinders.net\/wp-content\/uploads\/2025\/05\/luffing-hydraulic-cylinder-for-car-crane-application.webp 1077w, https:\/\/www.hydraulic-cylinders.net\/wp-content\/uploads\/2025\/05\/luffing-hydraulic-cylinder-for-car-crane-application-980x561.webp 980w, https:\/\/www.hydraulic-cylinders.net\/wp-content\/uploads\/2025\/05\/luffing-hydraulic-cylinder-for-car-crane-application-480x275.webp 480w\" sizes=\"(min-width: 0px) and (max-width: 480px) 480px, (min-width: 481px) and (max-width: 980px) 980px, (min-width: 981px) 1077px, 100vw\" \/><\/strong><\/h3>\n<ul>\n<li><strong>Linnainfrastruktuuri arendamine:<\/strong>\u00a0Autokraana t\u00f5steh\u00fcdraulilised silindrid s\u00e4ravad linnainfrastruktuuri projektides, n\u00e4iteks sildade paigaldamisel v\u00f5i hoonete karkasside p\u00fcstitamisel, kus see autokraana t\u00f5stmiseks m\u00f5eldud poomi nurga silinder tagab t\u00e4pse koorma paigutuse piiratud aladel.<\/li>\n<li><strong>Materjalide transport sadamates:<\/strong>\u00a0See autokraana t\u00e4ppish\u00fcdrauliline silinder sobib ideaalselt sadamaoperatsioonideks, h\u00f5lbustab suuregabariidiliste lastide, n\u00e4iteks konteinerite, ohutut k\u00e4itlemist, parandades t\u00f5husust autokraana silindri poomi reguleerimisv\u00f5imaluste abil.<\/li>\n<li><strong>Rasketehnika paigaldus tehastes:<\/strong>\u00a0Ideaalne tehasekeskkondadesse, see autokraanade vastupidav t\u00f5stesilinder toetab suurte masinate, n\u00e4iteks t\u00f6\u00f6stuspresside, t\u00e4pset positsioneerimist, suurendades tootlikkust keerukatel montaa\u017eiliinidel.<\/li>\n<\/ul>\n<\/section>\n<section id=\"explore-more\">\n<h2><strong>Avastage rohkem autokraana silindreid:<\/strong><\/h2>\n<p>Pakume laia valikut autokraana silindreid, et rahuldada erinevaid t\u00f5stevajadusi. Olenemata sellest, kas vajate autokraana t\u00e4ppish\u00fcdraulilist silindrit v\u00f5i autokraana tugevat t\u00f5stesilindrit, pakub Ever-Power Huachang Hydraulic kohandatud lahendusi. Avastage meie t\u00e4ielik kollektsioon... <a href=\"https:\/\/www.hydraulic-cylinders.net\/et\/mobile-crane-hydraulic-cylinders\/\">autokraana silindrid<\/a>.<\/p>\n<h2><strong>Kuidas parandavad autokraanade h\u00fcdraulilised silindrid t\u00f5stetoimingute efektiivsust?<\/strong><\/h2>\n<div class=\"container-hfX5E8 flow-markdown-body theme-samantha-yJEgBp\" dir=\"ltr\" data-testid=\"message_text_content\" data-show-indicator=\"false\">\n<div class=\"auto-hide-last-sibling-br paragraph-qzbcQC paragraph-element br-paragraph-space\">T\u00f5steh\u00fcdraulilised silindrid m\u00e4ngivad autokraana t\u00f5stetoimingute efektiivsuse suurendamisel olulist rolli j\u00e4rgmistel viisidel:<\/div>\n<h3><strong>Paindlik nurga reguleerimine<\/strong><\/h3>\n<p>Kallutush\u00fcdraulilised silindrid v\u00f5imaldavad autokraana poomi nurka kiiresti ja t\u00e4pselt reguleerida. See paindlikkus v\u00f5imaldab kraanal j\u00f5uda erinevatele k\u00f5rgustele ja vahemaadele ilma kogu s\u00f5idukit \u00fcmber paigutamata. N\u00e4iteks ehitusplatsil, kus on mitu t\u00f6\u00f6tasandit, n\u00e4iteks akende paigaldamine hoone erinevatele korrustele, saab kaldutush\u00fcdrauliline silinder reguleerida poomi nurka, et p\u00e4\u00e4seda t\u00f5husalt ligi igale korrusele.<\/p>\n<\/div>\n<div class=\"container-hfX5E8 flow-markdown-body theme-samantha-yJEgBp\" dir=\"ltr\" data-testid=\"message_text_content\" data-show-indicator=\"false\">\n<h3><strong>Kiiremad t\u00f6\u00f6ts\u00fcklid<\/strong><\/h3>\n<h3><strong><img loading=\"lazy\" decoding=\"async\" class=\"size-full wp-image-20194 aligncenter\" src=\"https:\/\/www.hydraulic-cylinders.net\/wp-content\/uploads\/2025\/05\/luffing-hydraulic-cylinder-for-car-crane-1-1.webp\" alt=\"\" width=\"580\" height=\"326\" srcset=\"https:\/\/www.hydraulic-cylinders.net\/wp-content\/uploads\/2025\/05\/luffing-hydraulic-cylinder-for-car-crane-1-1.webp 580w, https:\/\/www.hydraulic-cylinders.net\/wp-content\/uploads\/2025\/05\/luffing-hydraulic-cylinder-for-car-crane-1-1-480x270.webp 480w\" sizes=\"(min-width: 0px) and (max-width: 480px) 480px, (min-width: 481px) 580px, 100vw\" \/><br \/>\n<\/strong><\/h3>\n<p>T\u00e4nu poomi nurga kiirele reguleerimisele l\u00fcheneb iga t\u00f5stets\u00fckli jaoks kuluv aeg. Kraana saab kiiresti liikuda \u00fchest t\u00f5steasendist teise, minimeerides seisuaega. Logistikaplatsil, kus on vaja konteinereid laadida ja maha laadida, v\u00f5imaldab kaldenurgaga h\u00fcdrosilinder autokraanal kiiremini t\u00f6\u00f6tada, suurendades platsi \u00fcldist l\u00e4bilaskev\u00f5imet.<\/p>\n<\/div>\n<div>\n<div class=\"image-box-grid-DI7Zd9\" data-finished=\"true\" data-testid=\"message_image_content\">\n<div class=\"image-box-grid-item-hjZBGw\">\n<div class=\"relative w-fit inline-flex\">\n<div class=\"container-pveQEn\">\n<div class=\"hover-mask-AwJNGQ\">\n<div class=\"hover-show-tag-ZNLjXj show-tag-bottom-IAU9YR\">\n<div class=\"hover-idTWjm has-text-uHYwW1\" data-testid=\"edit_image_hover_tag_regenerate_btn\">\n<div class=\"flex items-center\">\n<p><strong style=\"color: #333333; font-size: 22px;\"><strong style=\"color: #333333; font-size: 22px;\">Kohanduvus erinevate keskkondadega<\/strong><\/strong><\/p>\n<h3><strong><img loading=\"lazy\" decoding=\"async\" class=\"size-full wp-image-20195 aligncenter\" src=\"https:\/\/www.hydraulic-cylinders.net\/wp-content\/uploads\/2025\/05\/luffing-hydraulic-cylinder-for-car-crane-2.webp\" alt=\"H\u00fcdrauliline silindri t\u00f5stmine autokraana jaoks\" width=\"580\" height=\"326\" srcset=\"https:\/\/www.hydraulic-cylinders.net\/wp-content\/uploads\/2025\/05\/luffing-hydraulic-cylinder-for-car-crane-2.webp 580w, https:\/\/www.hydraulic-cylinders.net\/wp-content\/uploads\/2025\/05\/luffing-hydraulic-cylinder-for-car-crane-2-480x270.webp 480w\" sizes=\"(min-width: 0px) and (max-width: 480px) 480px, (min-width: 481px) 580px, 100vw\" \/><\/strong><\/h3>\n<\/div>\n<\/div>\n<\/div>\n<\/div>\n<\/div>\n<\/div>\n<\/div>\n<\/div>\n<\/div>\n<div class=\"container-hfX5E8 flow-markdown-body theme-samantha-yJEgBp\" dir=\"ltr\" data-testid=\"message_text_content\" data-show-indicator=\"false\">\n<p>Autokraanad t\u00f6\u00f6tavad sageli erinevates keskkondades, kus on piiratud ruum v\u00f5i keerulised takistused. H\u00fcdraulilised kallutussilindrid v\u00f5imaldavad kraanal nende keeruliste tingimustega kohaneda. N\u00e4iteks kitsaste t\u00e4navatega linnapiirkonnas v\u00f5i tootmistehases, kus masinad teel ees on, v\u00f5imaldab kallutusfunktsioon kraanal man\u00f6\u00f6verdada ja koormaid t\u00f5sta ilma blokeerumata.<\/p>\n<\/div>\n<div>\n<div class=\"image-box-grid-DI7Zd9\" data-finished=\"true\" data-testid=\"message_image_content\">\n<div class=\"image-box-grid-item-hjZBGw\">\n<div class=\"relative w-fit inline-flex\">\n<div class=\"container-pveQEn\">\n<div class=\"container-lBN8DN\">\n<div class=\"image-wrapper-g0eL_T clickable-ELDCj2\" data-testid=\"mdbox_image\"><img alt=\"\" aria-hidden=\"true\" \/><strong style=\"color: #333333; font-size: 22px;\">T\u00e4iustatud koorma paigutuse t\u00e4psus<\/strong><\/div>\n<\/div>\n<\/div>\n<\/div>\n<\/div>\n<\/div>\n<\/div>\n<div class=\"container-hfX5E8 flow-markdown-body theme-samantha-yJEgBp\" dir=\"ltr\" data-testid=\"message_text_content\" data-show-indicator=\"false\">\n<p>T\u00f5stetavate h\u00fcdrauliliste silindrite t\u00e4pne juhtimine tagab, et koormaid saab paigutada t\u00e4pselt sinna, kuhu vaja. See on eriti oluline t\u00f6\u00f6stusliku montaa\u017ei v\u00f5i ehitusprojektide puhul, kus komponente tuleb paigaldada suure t\u00e4psusega. Autot\u00f6\u00f6stuses saab kraana t\u00f5stefunktsiooni abil mootori osi t\u00e4pselt montaa\u017eiliinil positsioneerida.<\/p>\n<\/div>\n<div class=\"container-hfX5E8 flow-markdown-body theme-samantha-yJEgBp\" dir=\"ltr\" data-testid=\"message_text_content\" data-show-indicator=\"false\">\n<div class=\"auto-hide-last-sibling-br paragraph-qzbcQC paragraph-element br-paragraph-space\">Kokkuv\u00f5ttes parandavad autokraanade h\u00fcdraulilised silindrid oluliselt t\u00f5stetoimingute efektiivsust t\u00e4nu paindlikule nurga reguleerimisele, kiirematele t\u00f6\u00f6ts\u00fcklitele, kohanemisv\u00f5imele erinevate keskkondadega ja paremale koorma paigutuse t\u00e4psusele.<\/div>\n<\/div>\n<\/section>\n<section id=\"company-introduction\">\n<h2><strong>Ever-Power Huachang Hydraulic kohta:<\/strong><\/h2>\n<h2><img loading=\"lazy\" decoding=\"async\" class=\"alignnone size-full wp-image-16972\" src=\"https:\/\/www.hydraulic-cylinders.net\/wp-content\/uploads\/2025\/01\/hydraulic-cylinder-factory-1-scaled.webp\" alt=\"\" width=\"2016\" height=\"2560\" srcset=\"https:\/\/www.hydraulic-cylinders.net\/wp-content\/uploads\/2025\/01\/hydraulic-cylinder-factory-1-scaled.webp 2016w, https:\/\/www.hydraulic-cylinders.net\/wp-content\/uploads\/2025\/01\/hydraulic-cylinder-factory-1-1280x1625.webp 1280w, https:\/\/www.hydraulic-cylinders.net\/wp-content\/uploads\/2025\/01\/hydraulic-cylinder-factory-1-980x1244.webp 980w, https:\/\/www.hydraulic-cylinders.net\/wp-content\/uploads\/2025\/01\/hydraulic-cylinder-factory-1-480x610.webp 480w\" sizes=\"(min-width: 0px) and (max-width: 480px) 480px, (min-width: 481px) and (max-width: 980px) 980px, (min-width: 981px) and (max-width: 1280px) 1280px, (min-width: 1281px) 2016px, 100vw\" \/><\/h2>\n<p>Ever-Power Huachang Hydraulic on h\u00fcdraulika innovatsiooni teerajaja d\u00fcnaamilise teadus- ja arenduskeskuse kaudu, kus oskuslikud insenerid loovad autokraanadele ja t\u00f6\u00f6stusmasinatele t\u00e4iustatud lahendusi, nihutades j\u00f5udluse ja disaini piire.<\/p>\n<p>Meie tipptasemel tootmis\u00fcksus kasutab automatiseeritud t\u00e4ppiss\u00fcsteeme ja nutikaid tootmistehnikaid, tootes kvaliteetseid silindreid, mis vastavad erinevate t\u00f6\u00f6stusharude vajadustele v\u00f5rratu efektiivsuse ja t\u00f6\u00f6kindlusega.<\/p>\n<h2><img loading=\"lazy\" decoding=\"async\" class=\"alignnone size-full wp-image-16973\" src=\"https:\/\/www.hydraulic-cylinders.net\/wp-content\/uploads\/2025\/01\/hydraulic-cylinder-factory-2-scaled.webp\" alt=\"\" width=\"2011\" height=\"2560\" srcset=\"https:\/\/www.hydraulic-cylinders.net\/wp-content\/uploads\/2025\/01\/hydraulic-cylinder-factory-2-scaled.webp 2011w, https:\/\/www.hydraulic-cylinders.net\/wp-content\/uploads\/2025\/01\/hydraulic-cylinder-factory-2-1280x1629.webp 1280w, https:\/\/www.hydraulic-cylinders.net\/wp-content\/uploads\/2025\/01\/hydraulic-cylinder-factory-2-980x1248.webp 980w, https:\/\/www.hydraulic-cylinders.net\/wp-content\/uploads\/2025\/01\/hydraulic-cylinder-factory-2-480x611.webp 480w\" sizes=\"(min-width: 0px) and (max-width: 480px) 480px, (min-width: 481px) and (max-width: 980px) 980px, (min-width: 981px) and (max-width: 1280px) 1280px, (min-width: 1281px) 2011px, 100vw\" \/><\/h2>\n<p>Tipptaseme tagame keeruka testimiskeskusega, mis kasutab silindrite toimivuse kontrollimiseks tipptasemel diagnostikat, mida t\u00e4iendavad j\u00e4tkusuutlikud katted, mis suurendavad selliste toodete nagu autokraanade Luffing-h\u00fcdrauliliste silindrite vastupidavust.<\/p>\n<\/section>","protected":false},"excerpt":{"rendered":"<p>Luffing Hydraulic Cylinders for Car Crane The luffing hydraulic cylinders for car crane, developed by Ever-Power Huachang Hydraulic, are advanced boom angle cylinders engineered to deliver precise control over boom movements in automotive lifting operations. Tailored for compatibility with models, this hydraulic cylinder for car crane excels in urban construction, material handling, and industrial projects. [&hellip;]<\/p>","protected":false},"featured_media":20188,"comment_status":"open","ping_status":"closed","template":"","meta":{"_et_pb_use_builder":"","_et_pb_old_content":"","_et_gb_content_width":""},"product_brand":[],"product_cat":[1514],"product_tag":[],"class_list":{"0":"post-20186","1":"product","2":"type-product","3":"status-publish","4":"has-post-thumbnail","6":"product_cat-mobile-crane-hydraulic-cylinders","8":"first","9":"instock","10":"shipping-taxable","11":"product-type-simple"},"amp_enabled":true,"_links":{"self":[{"href":"https:\/\/www.hydraulic-cylinders.net\/et\/wp-json\/wp\/v2\/product\/20186","targetHints":{"allow":["GET"]}}],"collection":[{"href":"https:\/\/www.hydraulic-cylinders.net\/et\/wp-json\/wp\/v2\/product"}],"about":[{"href":"https:\/\/www.hydraulic-cylinders.net\/et\/wp-json\/wp\/v2\/types\/product"}],"replies":[{"embeddable":true,"href":"https:\/\/www.hydraulic-cylinders.net\/et\/wp-json\/wp\/v2\/comments?post=20186"}],"wp:featuredmedia":[{"embeddable":true,"href":"https:\/\/www.hydraulic-cylinders.net\/et\/wp-json\/wp\/v2\/media\/20188"}],"wp:attachment":[{"href":"https:\/\/www.hydraulic-cylinders.net\/et\/wp-json\/wp\/v2\/media?parent=20186"}],"wp:term":[{"taxonomy":"product_brand","embeddable":true,"href":"https:\/\/www.hydraulic-cylinders.net\/et\/wp-json\/wp\/v2\/product_brand?post=20186"},{"taxonomy":"product_cat","embeddable":true,"href":"https:\/\/www.hydraulic-cylinders.net\/et\/wp-json\/wp\/v2\/product_cat?post=20186"},{"taxonomy":"product_tag","embeddable":true,"href":"https:\/\/www.hydraulic-cylinders.net\/et\/wp-json\/wp\/v2\/product_tag?post=20186"}],"curies":[{"name":"wp","href":"https:\/\/api.w.org\/{rel}","templated":true}]}}