{"id":20199,"date":"2025-05-12T06:33:11","date_gmt":"2025-05-12T06:33:11","guid":{"rendered":"https:\/\/www.hydraulic-cylinders.net\/?post_type=product&#038;p=20199"},"modified":"2025-05-13T02:01:55","modified_gmt":"2025-05-13T02:01:55","slug":"horizontal-hydraulic-cylinders-for-car-crane","status":"publish","type":"product","link":"https:\/\/www.hydraulic-cylinders.net\/et\/toode\/horizontal-hydraulic-cylinders-for-car-crane\/","title":{"rendered":"Autokraana horisontaalsed h\u00fcdraulilised silindrid"},"content":{"rendered":"<h1 style=\"text-align: center;\"><strong>Autokraana horisontaalsed h\u00fcdraulilised silindrid<\/strong><\/h1>\n<p><img loading=\"lazy\" decoding=\"async\" class=\"wp-image-20200 aligncenter\" src=\"https:\/\/www.hydraulic-cylinders.net\/wp-content\/uploads\/2025\/05\/horizontal-hydraulic-cylinder-for-car-crane.webp\" alt=\"Autokraana horisontaalne h\u00fcdrauliline silinder \" width=\"500\" height=\"500\" srcset=\"https:\/\/www.hydraulic-cylinders.net\/wp-content\/uploads\/2025\/05\/horizontal-hydraulic-cylinder-for-car-crane.webp 500w, https:\/\/www.hydraulic-cylinders.net\/wp-content\/uploads\/2025\/05\/horizontal-hydraulic-cylinder-for-car-crane-480x480.webp 480w\" sizes=\"(min-width: 0px) and (max-width: 480px) 480px, (min-width: 481px) 500px, 100vw\" \/><\/p>\n<section id=\"introduction\">Ever-Power Huachang Hydraulic'i poolt v\u00e4lja t\u00f6\u00f6tatud horisontaalsed autokraana h\u00fcdraulilised silindrid on vastupidavad stabilisaatorsilindrid, mis on loodud pakkuma t\u00f5steoperatsioonide ajal erakordset k\u00fclgtuge. See autokraana h\u00fcdrauliline silinder, mis \u00fchildub mudelitega, tagab parema stabiilsuse ebatasasel maastikul, mist\u00f5ttu sobib see ideaalselt ehitusplatsidele, sadamaoperatsioonidele ja t\u00f6\u00f6stuslikele rakendustele. Tugeva h\u00fcdraulilise silindrina talub see r\u00f5hku kuni 340 baari, pakkudes usaldusv\u00e4\u00e4rset j\u00f5udlust horisontaalse koormuse tasakaalustamiseks, tagades ohutuse ja t\u00e4psuse igas t\u00f5stes.<\/section>\n<section id=\"specifications\">\n<h2><strong>Tehnilised andmed:<\/strong><\/h2>\n<p><strong>Funktsioon:<\/strong> Kontrolli p\u00f5hik\u00e4e liikumist<br \/>\n<strong>Spetsifikatsioon (silindri l\u00e4bim\u00f5\u00f5t) mm:<\/strong> \u03c6 63 mm - \u03c6 70 mm<br \/>\n<strong>Spetsifikatsioon (varda l\u00e4bim\u00f5\u00f5t) mm:<\/strong> \u03c6 45 mm - \u03c6 50 mm<br \/>\n<strong>Spetsifikatsioon (k\u00e4ik) mm:<\/strong> 1200 mm\u20132000 mm<br \/>\n<strong>Maksimaalne r\u00f5hk MPa:<\/strong> 20MPa<br \/>\n<strong>Maksimaalne t\u00f5ukej\u00f5ud KN:<\/strong> 77 tuhat dollarit<\/p>\n<\/section>\n<section id=\"features\">\n<h2><strong>Autokraana horisontaalsete h\u00fcdrauliliste silindrite p\u00f5hijooned:<\/strong><\/h2>\n<ul>\n<li><strong>Optimaalne k\u00fclgmine stabiilsus:<\/strong> Autokraana kallutatavad h\u00fcdraulilised silindrid pakuvad t\u00e4pset poomi nurga juhtimist, muutes selle autokraana poomi reguleerimise silindri ideaalseks kitsastes t\u00f6\u00f6ruumides h\u00f5lpsaks ja enesekindlaks navigeerimiseks.<\/li>\n<li><strong>Tugev k\u00f5rgsurve j\u00f5udlus:<\/strong>\u00a0See 340 baari juures t\u00f6\u00f6tamiseks m\u00f5eldud h\u00fcdrauliline silinder autokraana stabiilsuse tagamiseks pakub \u00fchtlast v\u00f5imsust, v\u00f5imaldades usaldusv\u00e4\u00e4rset t\u00f6\u00f6d n\u00f5udlikes t\u00f5stetingimustrites.<\/li>\n<li><strong>Kohandatav mitmek\u00fclgsuse tagamiseks:<\/strong>\u00a0Reguleeritava l\u00e4bim\u00f5\u00f5du ja k\u00e4iguvalikutega kohandub see horisontaaltoeks m\u00f5eldud autokraana silinder erinevate kraanakonfiguratsioonidega, suurendades paindlikkust erinevate projektin\u00f5uete puhul.<\/li>\n<li><strong>Loodud karmide keskkondade jaoks:<\/strong>\u00a0Sellel autokraanadele m\u00f5eldud vastupidaval horisontaalsel silindril on \u00fclitugev terasest korpus ja korrosioonivastane kate, mis on vastupidav niiskuse ja tolmu tekitatud kulumisele, tagades pikaajalise vastupidavuse.<\/li>\n<li><strong>V\u00e4iksem hooldusvajadus:<\/strong>\u00a0T\u00e4ppistihenditega varustatud horisontaalne h\u00fcdrosilinder minimeerib lekkeid ja kulumist, v\u00e4hendades hoolduskulusid ja pikendades autokraana eluiga.<\/li>\n<\/ul>\n<\/section>\n<section id=\"applications\">\n<h2><strong>Autokraana horisontaalsete h\u00fcdrauliliste silindrite rakendused:<img loading=\"lazy\" decoding=\"async\" class=\"alignnone size-full wp-image-20202\" src=\"https:\/\/www.hydraulic-cylinders.net\/wp-content\/uploads\/2025\/05\/horizontal-hydraulic-cylinder-for-car-crane-application.webp\" alt=\"Horisontaalne h\u00fcdrauliline silinder autokraana jaoks\" width=\"1080\" height=\"617\" srcset=\"https:\/\/www.hydraulic-cylinders.net\/wp-content\/uploads\/2025\/05\/horizontal-hydraulic-cylinder-for-car-crane-application.webp 1080w, https:\/\/www.hydraulic-cylinders.net\/wp-content\/uploads\/2025\/05\/horizontal-hydraulic-cylinder-for-car-crane-application-980x560.webp 980w, https:\/\/www.hydraulic-cylinders.net\/wp-content\/uploads\/2025\/05\/horizontal-hydraulic-cylinder-for-car-crane-application-480x274.webp 480w\" sizes=\"(min-width: 0px) and (max-width: 480px) 480px, (min-width: 481px) and (max-width: 980px) 980px, (min-width: 981px) 1080px, 100vw\" \/><\/strong><\/h2>\n<ul>\n<li><strong>Ebatasase pinnasega ehitusplatsid:<\/strong>\u00a0Autokraana horisontaalsed h\u00fcdraulilised silindrid sobivad suurep\u00e4raselt ehitusprojektidesse ebatasasel maastikul, n\u00e4iteks teedeehituses v\u00f5i vundamendit\u00f6\u00f6del, kus see autokraana t\u00f6\u00f6 stabiliseerimissilinder tagab turvalise koorma k\u00e4itlemise ja hoiab \u00e4ra \u00fcmberkukkumisohtu.<\/li>\n<li><strong>Konteinerite k\u00e4itlemise sadamaoperatsioonid:<\/strong>\u00a0Ideaalne sadamakeskkondadesse, see autokraana stabiilsuse h\u00fcdrauliline silinder toetab raskete konteinerite t\u00f5husat t\u00f5stmist, pakkudes autokraana silindrit horisontaalseks toeks, et s\u00e4ilitada tasakaal korduvate laadimist\u00f6\u00f6de ajal.<\/li>\n<li><strong>T\u00f6\u00f6stusseadmete seadistamine tehastes:<\/strong>\u00a0See vastupidav horisontaalne silinder autokraanadele sobib ideaalselt t\u00f6\u00f6stuslikeks rakendusteks, n\u00e4iteks suurte masinate paigaldamiseks tehastesse, tagades seadmete stabiilse positsioneerimise, suurendades ohutust ja t\u00f6\u00f6voo t\u00f5husust.<\/li>\n<\/ul>\n<\/section>\n<section id=\"explore-more\">\n<h2><strong>Avastage rohkem autokraana silindreid:<\/strong><\/h2>\n<p>Pakume laia valikut autokraana silindreid, et rahuldada erinevaid t\u00f5stevajadusi. Olenemata sellest, kas vajate h\u00fcdraulilist silindrit autokraana stabiilsuse tagamiseks v\u00f5i tugevat horisontaalset silindrit autokraanadele, pakub Ever-Power Huachang Hydraulic kohandatud lahendusi. Avastage meie t\u00e4ielik kollektsioon... <a href=\"https:\/\/www.hydraulic-cylinders.net\/et\/mobile-crane-hydraulic-cylinders\/\">autokraana silindrid<\/a>.<\/p>\n<h2><strong>Millised on peamised tegurid, mida autokraanade horisontaalsete h\u00fcdrauliliste silindrite hooldamisel arvestada?<\/strong><\/h2>\n<div class=\"inter-wlTS5w\">\n<div class=\"container-QE4ayg\">\n<div class=\"item-jU10IN\">\n<div class=\"container-jODEnh chrome70-container\">\n<div class=\"inner-eE95c9 inner-item-aPP257\" data-target-id=\"message-box-target-id\" data-testid=\"union_message\">\n<div class=\"message-block-container-cloZOG\" data-testid=\"message-block-container\">\n<div class=\"message-box-ZWbBdF\" data-testid=\"receive_message\" data-message-id=\"4803605988838914\">\n<div class=\"message-box-content-wrapper-srHdUj\">\n<div class=\"message-content message-box-content-otxGGw receive-message-block-box-UHACQi samantha-message-box-content-aDu1aK\" data-testid=\"message_content\">\n<div class=\"container-hfX5E8 flow-markdown-body theme-samantha-yJEgBp\" dir=\"ltr\" data-testid=\"message_text_content\" data-show-indicator=\"false\">\n<div class=\"auto-hide-last-sibling-br paragraph-qzbcQC paragraph-element br-paragraph-space\">Autokraanade horisontaalsete h\u00fcdrauliliste silindrite hooldus on \u00fclioluline nende ohutu ja t\u00f5husa t\u00f6\u00f6 tagamiseks. Siin on m\u00f5ned olulised tegurid, mida arvestada:<\/div>\n<h3 class=\"header-jfw95c auto-hide-last-sibling-br\"><strong>1. Regulaarne kontroll<\/strong><\/h3>\n<div class=\"auto-hide-last-sibling-br paragraph-qzbcQC paragraph-element br-paragraph-space\">Regulaarne visuaalne kontroll on oluline, et avastada kahjustuste v\u00f5i kulumise m\u00e4rke varakult. Kontrollige v\u00e4liseid lekkeid, n\u00e4iteks \u00f5li lekkimist silindri tihendite \u00fcmbert. Kahjustatud tihendid v\u00f5ivad p\u00f5hjustada h\u00fcdraulilise r\u00f5hu kadu, mis m\u00f5jutab silindri j\u00f5udlust. Samuti otsige silindri korpuselt korrosiooni m\u00e4rke, mis v\u00f5ivad aja jooksul selle konstruktsiooni n\u00f5rgestada. N\u00e4iteks karmis v\u00e4listingimustes ehituskeskkonnas v\u00f5ivad silindrid kokku puutuda niiskuse ja kemikaalidega, mis suurendab korrosiooniohtu.<\/div>\n<\/div>\n<div>\n<div class=\"image-box-grid-DI7Zd9\" data-finished=\"true\" data-testid=\"message_image_content\">\n<div class=\"image-box-grid-item-hjZBGw\">\n<div class=\"relative w-fit inline-flex\">\n<div class=\"container-pveQEn\">\n<div class=\"container-lBN8DN\">\n<div class=\"image-wrapper-g0eL_T clickable-ELDCj2\" data-testid=\"mdbox_image\"><\/div>\n<\/div>\n<\/div>\n<\/div>\n<\/div>\n<\/div>\n<h3 tabindex=\"0\" aria-haspopup=\"true\" aria-expanded=\"false\" aria-describedby=\"dsytchi\" data-popupid=\"dsytchi\"><strong style=\"color: #333333; font-size: 22px;\">2. Vedeliku kvaliteet ja tase<\/strong><\/h3>\n<div tabindex=\"0\" aria-haspopup=\"true\" aria-expanded=\"false\" aria-describedby=\"dsytchi\" data-popupid=\"dsytchi\">Silindrites olev h\u00fcdraulikavedelik on s\u00fcsteemi eluj\u00f5ud. Oluline on regulaarselt kontrollida vedeliku taset ja kvaliteeti. Madal vedelikutase v\u00f5ib p\u00f5hjustada kavitatsiooni, mis v\u00f5ib silindri komponente kahjustada. Saastunud vedelik, n\u00e4iteks mustuse, prahi v\u00f5i veega vedelik, v\u00f5ib p\u00f5hjustada ka tihendite ja sisemiste komponentide enneaegset kulumist. Vahetage h\u00fcdraulikavedelikku tootja soovitatud intervallide j\u00e4rel. N\u00e4iteks tolmuses sadamakeskkonnas v\u00f5ib vedelik kiiremini saastuda.<\/div>\n<div tabindex=\"0\" aria-haspopup=\"true\" aria-expanded=\"false\" aria-describedby=\"dsytchi\" data-popupid=\"dsytchi\">\n<h3 tabindex=\"0\" aria-haspopup=\"true\" aria-expanded=\"false\" aria-describedby=\"dsytchi\" data-popupid=\"dsytchi\"><strong><span style=\"color: #333333; font-size: 18px;\">3. Tihendi hooldus<\/span><\/strong><\/h3>\n<\/div>\n<\/div>\n<div class=\"container-hfX5E8 flow-markdown-body theme-samantha-yJEgBp\" dir=\"ltr\" data-testid=\"message_text_content\" data-show-indicator=\"false\">\n<div class=\"auto-hide-last-sibling-br paragraph-qzbcQC paragraph-element br-paragraph-space\">Horisontaalsete h\u00fcdrauliliste silindrite tihendid takistavad vedeliku lekkimist ja hoiavad s\u00fcsteemis r\u00f5hku. Aja jooksul v\u00f5ivad tihendid h\u00f5\u00f5rdumise, kuumuse ja h\u00fcdraulilise vedelikuga kokkupuute t\u00f5ttu kuluda. Kontrollige tihendeid regulaarselt kulumisj\u00e4lgede, n\u00e4iteks pragude v\u00f5i rebendite suhtes. Kui tuvastate kahjustatud tihendid, vahetage need edasiste probleemide v\u00e4ltimiseks kohe v\u00e4lja. Tehasekeskkonnas, kus kraana sageli t\u00f6\u00f6tab, v\u00f5ivad tihendid rohkem kuluda.<\/div>\n<\/div>\n<div><img loading=\"lazy\" decoding=\"async\" class=\"size-full wp-image-20203 aligncenter\" src=\"https:\/\/www.hydraulic-cylinders.net\/wp-content\/uploads\/2025\/05\/horizontal-hydraulic-cylinder-for-car-crane-1-1.webp\" alt=\"\" width=\"580\" height=\"326\" srcset=\"https:\/\/www.hydraulic-cylinders.net\/wp-content\/uploads\/2025\/05\/horizontal-hydraulic-cylinder-for-car-crane-1-1.webp 580w, https:\/\/www.hydraulic-cylinders.net\/wp-content\/uploads\/2025\/05\/horizontal-hydraulic-cylinder-for-car-crane-1-1-480x270.webp 480w\" sizes=\"(min-width: 0px) and (max-width: 480px) 480px, (min-width: 481px) 580px, 100vw\" \/><\/div>\n<div class=\"container-hfX5E8 flow-markdown-body theme-samantha-yJEgBp\" dir=\"ltr\" data-testid=\"message_text_content\" data-show-indicator=\"false\">\n<h3 class=\"header-jfw95c auto-hide-last-sibling-br\"><strong>4. Joondamine ja paigaldamine<\/strong><\/h3>\n<div class=\"auto-hide-last-sibling-br paragraph-qzbcQC paragraph-element br-paragraph-space\">Horisontaalsete h\u00fcdrauliliste silindrite \u00f5ige joondamine ja paigaldamine on nende sujuva t\u00f6\u00f6 tagamiseks \u00fclioluline. Valesti joondatud silindrid v\u00f5ivad komponentidele p\u00f5hjustada eba\u00fchtlast koormust, mis viib enneaegse kulumise ja riketeni. Kontrollige kinnituspolte regulaarselt, et need oleksid \u00f5ige p\u00f6\u00f6rdemomendiga pingutatud. Ehitusplatsil, kus kraana v\u00f5ib t\u00f6\u00f6tamise ajal vibratsiooni m\u00f5jutada, v\u00f5ivad kinnituspoldid aja jooksul lahti tulla.<\/div>\n<\/div>\n<div>\n<div class=\"image-box-grid-DI7Zd9\" data-finished=\"true\" data-testid=\"message_image_content\">\n<div class=\"image-box-grid-item-hjZBGw\">\n<div class=\"relative w-fit inline-flex\">\n<div class=\"container-pveQEn\">\n<div class=\"container-lBN8DN\">\n<div data-testid=\"mdbox_image\"><\/div>\n<div class=\"image-wrapper-g0eL_T clickable-ELDCj2\" data-testid=\"mdbox_image\"><img alt=\"\" aria-hidden=\"true\" \/><img loading=\"lazy\" decoding=\"async\" class=\"size-full wp-image-20204 aligncenter\" src=\"https:\/\/www.hydraulic-cylinders.net\/wp-content\/uploads\/2025\/05\/horizontal-hydraulic-cylinder-for-car-crane-2.webp\" alt=\"\" width=\"580\" height=\"326\" srcset=\"https:\/\/www.hydraulic-cylinders.net\/wp-content\/uploads\/2025\/05\/horizontal-hydraulic-cylinder-for-car-crane-2.webp 580w, https:\/\/www.hydraulic-cylinders.net\/wp-content\/uploads\/2025\/05\/horizontal-hydraulic-cylinder-for-car-crane-2-480x270.webp 480w\" sizes=\"(min-width: 0px) and (max-width: 480px) 480px, (min-width: 481px) 580px, 100vw\" \/><\/div>\n<\/div>\n<\/div>\n<div class=\"canvas_wrapper-IbcQnK exited-oWXOb6\" data-testid=\"canvas-wrapper\">\n<div class=\"container-outer-pOam6U\" data-testid=\"canvas_panel_container\" data-visible=\"false\" data-state=\"2\">\n<div class=\"container-xIE85U\">\n<div class=\"container-footer-GjfStV\"><\/div>\n<\/div>\n<\/div>\n<\/div>\n<\/div>\n<\/div>\n<\/div>\n<div class=\"\" tabindex=\"0\" aria-haspopup=\"true\" aria-expanded=\"false\" aria-describedby=\"it2wxvq\" data-popupid=\"it2wxvq\"><\/div>\n<\/div>\n<div class=\"container-hfX5E8 flow-markdown-body theme-samantha-yJEgBp\" dir=\"ltr\" data-testid=\"message_text_content\" data-show-indicator=\"false\">\n<div class=\"auto-hide-last-sibling-br paragraph-qzbcQC paragraph-element br-paragraph-space\">Kokkuv\u00f5tteks v\u00f5ib \u00f6elda, et p\u00f6\u00f6rates t\u00e4helepanu neile p\u00f5hiteguritele, saavad operaatorid tagada autokraanade horisontaalsete h\u00fcdrauliliste silindrite usaldusv\u00e4\u00e4rse ja pikaajalise toimimise.<\/div>\n<\/div>\n<\/div>\n<\/div>\n<\/div>\n<\/div>\n<\/div>\n<\/div>\n<\/div>\n<\/div>\n<\/div>\n<div class=\"top-bcSEDJ\">\n<div class=\"container-jODEnh chrome70-container\"><\/div>\n<\/div>\n<\/section>\n<section id=\"company-introduction\">\n<h2><strong>Ever-Power Huachang Hydraulic kohta:<\/strong><\/h2>\n<h2><img loading=\"lazy\" decoding=\"async\" class=\"alignnone size-full wp-image-16972\" src=\"https:\/\/www.hydraulic-cylinders.net\/wp-content\/uploads\/2025\/01\/hydraulic-cylinder-factory-1-scaled.webp\" alt=\"\" width=\"2016\" height=\"2560\" srcset=\"https:\/\/www.hydraulic-cylinders.net\/wp-content\/uploads\/2025\/01\/hydraulic-cylinder-factory-1-scaled.webp 2016w, https:\/\/www.hydraulic-cylinders.net\/wp-content\/uploads\/2025\/01\/hydraulic-cylinder-factory-1-1280x1625.webp 1280w, https:\/\/www.hydraulic-cylinders.net\/wp-content\/uploads\/2025\/01\/hydraulic-cylinder-factory-1-980x1244.webp 980w, https:\/\/www.hydraulic-cylinders.net\/wp-content\/uploads\/2025\/01\/hydraulic-cylinder-factory-1-480x610.webp 480w\" sizes=\"(min-width: 0px) and (max-width: 480px) 480px, (min-width: 481px) and (max-width: 980px) 980px, (min-width: 981px) and (max-width: 1280px) 1280px, (min-width: 1281px) 2016px, 100vw\" \/><\/h2>\n<p>Ever-Power Huachang Hydraulic paistab silma h\u00fcdraulika innovatsiooni vallas, kus p\u00fchendunud teadus- ja arendusmeeskond kavandab usaldusv\u00e4\u00e4rseid lahendusi autokraanadele ja raskeveokite rakendustele, tagades tipptasemel j\u00f5udluse ja ohutuse.<\/p>\n<p>Meie t\u00e4iustatud tootmis\u00fcksus kasutab automatiseerimist ja t\u00e4ppistehnoloogiat, et luua kvaliteetseid silindreid, mis on kohandatud vastavalt \u00fclemaailmsetele t\u00f6\u00f6stusstandarditele ning tagavad iga \u00fcksuse t\u00f5hususe ja vastupidavuse.<\/p>\n<p>Me garanteerime tipptaseme range testimise ja keskkonnas\u00f5bralike katete abil, pikendades selliste toodete nagu autokraanade horisontaalsed h\u00fcdraulilised silindrid pikaealisust ja kindlustades oma mainet usaldusv\u00e4\u00e4rse globaalse liidrina.<\/p>\n<\/section>","protected":false},"excerpt":{"rendered":"<p>Horizontal Hydraulic Cylinders for Car Crane The horizontal hydraulic cylinders for car crane, engineered by ever-power huachang hydraulic, are robust stabilizing cylinders designed to provide exceptional lateral support during lifting operations. Compatible with models, this hydraulic cylinder for car crane ensures enhanced stability on uneven terrains, making it ideal for construction sites, port operations, and [&hellip;]<\/p>","protected":false},"featured_media":20201,"comment_status":"open","ping_status":"closed","template":"","meta":{"_et_pb_use_builder":"","_et_pb_old_content":"","_et_gb_content_width":""},"product_brand":[],"product_cat":[1376],"product_tag":[],"class_list":{"0":"post-20199","1":"product","2":"type-product","3":"status-publish","4":"has-post-thumbnail","6":"product_cat-hydraulic-cylinder","8":"first","9":"instock","10":"shipping-taxable","11":"product-type-simple"},"amp_enabled":true,"_links":{"self":[{"href":"https:\/\/www.hydraulic-cylinders.net\/et\/wp-json\/wp\/v2\/product\/20199","targetHints":{"allow":["GET"]}}],"collection":[{"href":"https:\/\/www.hydraulic-cylinders.net\/et\/wp-json\/wp\/v2\/product"}],"about":[{"href":"https:\/\/www.hydraulic-cylinders.net\/et\/wp-json\/wp\/v2\/types\/product"}],"replies":[{"embeddable":true,"href":"https:\/\/www.hydraulic-cylinders.net\/et\/wp-json\/wp\/v2\/comments?post=20199"}],"wp:featuredmedia":[{"embeddable":true,"href":"https:\/\/www.hydraulic-cylinders.net\/et\/wp-json\/wp\/v2\/media\/20201"}],"wp:attachment":[{"href":"https:\/\/www.hydraulic-cylinders.net\/et\/wp-json\/wp\/v2\/media?parent=20199"}],"wp:term":[{"taxonomy":"product_brand","embeddable":true,"href":"https:\/\/www.hydraulic-cylinders.net\/et\/wp-json\/wp\/v2\/product_brand?post=20199"},{"taxonomy":"product_cat","embeddable":true,"href":"https:\/\/www.hydraulic-cylinders.net\/et\/wp-json\/wp\/v2\/product_cat?post=20199"},{"taxonomy":"product_tag","embeddable":true,"href":"https:\/\/www.hydraulic-cylinders.net\/et\/wp-json\/wp\/v2\/product_tag?post=20199"}],"curies":[{"name":"wp","href":"https:\/\/api.w.org\/{rel}","templated":true}]}}