{"id":20699,"date":"2025-05-27T06:21:17","date_gmt":"2025-05-27T06:21:17","guid":{"rendered":"https:\/\/www.hydraulic-cylinders.net\/product\/20176b-02000-forklift-truck-support-hydraulic-cylinder\/"},"modified":"2025-05-27T06:21:20","modified_gmt":"2025-05-27T06:21:20","slug":"20176b-02000-forklift-truck-support-hydraulic-cylinder","status":"publish","type":"product","link":"https:\/\/www.hydraulic-cylinders.net\/et\/toode\/20176b-02000-forklift-truck-support-hydraulic-cylinder\/","title":{"rendered":"20176B-02000 Kahvelt\u00f5stuki tugih\u00fcdrauliline silinder"},"content":{"rendered":"<h1>20176B-02000 Kahvelt\u00f5stuki tugih\u00fcdrauliline silinder<\/h1>\n<h2>Toote tutvustus<\/h2>\n<p>Kahvelt\u00f5stuki tugih\u00fcdrauliline silinder 20176B-02000 on oluline komponent, mis on loodud kahvelt\u00f5stukite t\u00f6\u00f6 efektiivsuse ja ohutuse parandamiseks. See h\u00fcdrosilinder t\u00e4idab koormate t\u00f5stmise ja langetamise p\u00f5hifunktsiooni, pakkudes vajalikku j\u00f5udu raskete esemete toetamiseks. H\u00fcdrauliline mehhanism v\u00f5imaldab sujuvat t\u00f6\u00f6d, muutes selle paljude t\u00f6\u00f6stuslike rakenduste asendamatuks osaks. T\u00e4pse konstruktsiooniga tagab see silinder usaldusv\u00e4\u00e4rse j\u00f5udluse erinevates koormustingimustes, aidates kaasa t\u00f5stetoimingute \u00fcldisele tootlikkusele. See m\u00e4ngib olulist rolli materjalide k\u00e4itlemisel, muutes \u00fclesanded kiiremaks ja ohutumaks, mis on \u00fclioluline kiire t\u00f6\u00f6keskkonna puhul.<\/p>\n<h2>Toote spetsifikatsioonid<\/h2>\n<h3>Silindri parameetrid<\/h3>\n<ul>\n<li>Silindri l\u00e4bim\u00f5\u00f5t: 50 mm<\/li>\n<li>Varda l\u00e4bim\u00f5\u00f5t: 45mm<\/li>\n<li>K\u00e4ik: 125 mm<\/li>\n<li>Paigalduskaugus: 364 mm<\/li>\n<\/ul>\n<p>20176B-02000 h\u00fcdrosilindri iga parameeter on hoolikalt kavandatud vastama t\u00f6\u00f6stuslike rakenduste rangetele n\u00f5uetele. Silindri l\u00e4bim\u00f5\u00f5t 50 mm tagab vastupidava konstruktsiooni, mis talub m\u00e4rkimisv\u00e4\u00e4rset survet, samas kui varda l\u00e4bim\u00f5\u00f5t 45 mm tagab vastupidavuse ja tugevuse t\u00f6\u00f6tamise ajal. 125 mm k\u00e4iguvahe v\u00f5imaldab mitmek\u00fclgseid t\u00f5stev\u00f5imeid, mist\u00f5ttu sobib see mitmesugusteks \u00fclesanneteks. Paigaldusvahe 364 mm on optimeeritud h\u00f5lpsaks integreerimiseks olemasolevatesse kahvelt\u00f5stukis\u00fcsteemidesse, tagades sujuva funktsionaalsuse.<\/p>\n<h2>Toote omadused<\/h2>\n<ul>\n<li>Kvaliteetsed materjalid: Valmistatud esmaklassilistest materjalidest suurema vastupidavuse tagamiseks.<\/li>\n<li>T\u00f5hus j\u00f5udlus: optimeeritud disain sujuva h\u00fcdraulilise t\u00f6\u00f6 tagamiseks.<\/li>\n<li>Kohandatavad valikud: Saadaval erinevates spetsifikatsioonides, et rahuldada konkreetseid vajadusi.<\/li>\n<li>\u00dchilduvus: Asendab ideaalselt ja h\u00f5lpsalt olemasolevaid h\u00fcdrosilindreid.<\/li>\n<li>Ohutusstandardid: Kavandatud turvafunktsioonidega, et v\u00e4ltida rikkeid.<\/li>\n<\/ul>\n<p>Meie tootmisv\u00f5imalused v\u00f5imaldavad meil toota seda h\u00fcdrosilindrit t\u00e4psete spetsifikatsioonide j\u00e4rgi, tagades, et meie tooted suudavad laitmatult asendada olemasolevaid h\u00fcdros\u00fcsteeme, parandades j\u00f5udlust ja pikaealisust.<\/p>\n<h2>Rakendusstsenaariumid<\/h2>\n<ul>\n<li><strong>Materjalik\u00e4itlus:<\/strong> Ladudes ja jaotuskeskustes on h\u00fcdrosilinder h\u00e4davajalik raskete kaubaaluste t\u00f5stmiseks, tagades t\u00f5husa peale- ja mahalaadimisprotsessi. Selle tugevus ja t\u00f6\u00f6kindlus aitavad oluliselt kaasa tegevuse tootlikkusele, minimeerides seisakuid ja suurendades ohutust materjalide transportimisel.<\/li>\n<li><strong>Ehitusplatsid:<\/strong> Ehitust\u00f6\u00f6stuses kasutatakse neid silindreid ehitusmaterjalide transportimiseks m\u00f5eldud kahvelt\u00f5stukites. V\u00f5imalus t\u00f5sta suuri raskusi ohutult ja kindlalt on \u00fclioluline t\u00f6\u00f6voo t\u00f5hususe s\u00e4ilitamiseks ja t\u00f6\u00f6tajate ohutuse tagamiseks ehitusplatsil.<\/li>\n<li><strong>P\u00f5llumajanduslikud rakendused:<\/strong> P\u00f5llumajanduses kasutatakse h\u00fcdraulilisi silindreid kahvelt\u00f5stukites pallide, kastide ja muude raskete koormate teisaldamiseks. Nende t\u00f6\u00f6kindlus raskete esemete t\u00f5stmisel ja langetamisel aitab toiminguid sujuvamaks muuta, v\u00f5imaldades kaupade kiiret ja t\u00f5husat k\u00e4itlemist.<\/li>\n<li><strong>Tootmisprotsessid:<\/strong> H\u00fcdraulilised silindrid on tootmistehastes lahutamatu osa raskete komponentide t\u00f5stmiseks ja positsioneerimiseks. Nende t\u00e4psus ja v\u00f5imsus parandavad tootmisprotsessi, mis omakorda suurendab tootlikkust ja v\u00e4hendab t\u00f6\u00f6j\u00f5ukulusid.<\/li>\n<li><strong>Logistikaoperatsioonid:<\/strong> Logistikas aitavad h\u00fcdraulilised silindrid kaupu ladudes ja transpordi ajal liigutada. Nende silindrite pakutav t\u00f5husus m\u00e4ngib olulist rolli kaubavoo s\u00e4ilitamisel, \u00f5igeaegsete tarnete tagamisel ja optimaalsel varude haldamisel.<\/li>\n<\/ul>\n<h2>Projekteerimiskaalutlused ja valikukriteeriumid<\/h2>\n<h3>Kandev\u00f5ime<\/h3>\n<p>H\u00fcdrosilindri valimisel on kandev\u00f5ime esmat\u00e4htis. Silinder 20176B-02000 on konstrueeritud nii, et see talub ohutult m\u00e4rkimisv\u00e4\u00e4rseid raskusi, tagades, et see vastab erinevate t\u00f5sterakenduste n\u00f5uetele. Maksimaalse koormuse n\u00f5uete m\u00f5istmine tagab silindri t\u00f6\u00f6tamise ohututes piirides, ennetades rikkeid ja \u00f5nnetusi t\u00f6\u00f6tamise ajal. Piisava kandev\u00f5imega silindri valimine mitte ainult ei paranda j\u00f5udlust, vaid pikendab ka seadme eluiga.<\/p>\n<h3>Tihendi terviklikkus<\/h3>\n<p>H\u00fcdraulilistes s\u00fcsteemides on tihendamine kriitilise t\u00e4htsusega, et v\u00e4ltida vedeliku leket ja s\u00e4ilitada r\u00f5hk. H\u00fcdrauliline silinder 20176B-02000 kasutab optimaalse j\u00f5udluse tagamiseks t\u00e4iustatud tihendustehnoloogiaid. T\u00f5husad tihendid minimeerivad saastumise ja vedeliku kadumise ohtu, mis v\u00f5ib viia s\u00fcsteemi ebaefektiivsuseni. Konstruktsioon sisaldab kulumis- ja lagunemiskindlaid materjale, tagades pikaajalise terviklikkuse erinevates t\u00f6\u00f6tingimustes. See kaalutlus on oluline h\u00fcdraulilise efektiivsuse ja s\u00fcsteemi t\u00f6\u00f6kindluse s\u00e4ilitamiseks.<\/p>\n<h3>Vastupidavus<\/h3>\n<p>H\u00fcdrosilindri vastupidavus on selle pikaealisuse ja t\u00f6\u00f6kindluse seisukohalt oluline. 20176B-02000 on valmistatud \u00fclitugevatest materjalidest, mis on loodud vastu pidama rasketes rakendustes esinevatele raskustele. See vastupidavus on v\u00f5tmet\u00e4htsusega keskkondades, kus on suured t\u00f6\u00f6n\u00f5uded, kuna see v\u00e4hendab sagedaste vahetuste ja hoolduse vajadust, s\u00e4\u00e4stes seel\u00e4bi pikas perspektiivis kulusid. Vastupidav silinder tagab sujuva t\u00f6\u00f6 ja minimaalsete katkestustega.<\/p>\n<h3>Turvaelemendid<\/h3>\n<p>Ohutus on h\u00fcdraulilistes s\u00fcsteemides esmat\u00e4htis. H\u00fcdrosilinder 20176B-02000 on konstrueeritud mitme ohutusfunktsiooniga, et tagada ohutu t\u00f6\u00f6. Nende funktsioonide hulka kuuluvad r\u00f5hualandusventiilid ja rikkekindlad mehhanismid, mis takistavad liigset r\u00f5hu tekkimist, mis v\u00f5ib p\u00f5hjustada katastroofilisi rikkeid. Tugevate ohutusmeetmete rakendamine mitte ainult ei kaitse seadmeid, vaid kaitseb ka operaatoreid ja \u00fcmbritsevat personali v\u00f5imalike ohtude eest t\u00f6\u00f6tamise ajal.<\/p>\n<h3>Hooldatavus<\/h3>\n<p>H\u00fcdrauliliste silindrite disainimisel on hoolduse lihtsus \u00fclioluline tegur. Mudel 20176B-02000 on konstrueeritud lihtsate hooldusprotseduuride jaoks, tagades, et kasutajad saavad regulaarselt kontrollida ja hooldada ilma pika seisakuta. Konstruktsioon h\u00f5lbustab h\u00f5lpsat juurdep\u00e4\u00e4su kriitilistele komponentidele, v\u00f5imaldades vajadusel kiiret remonti ja vahetust. R\u00f5hk hooldatavusel pikendab silindri t\u00f6\u00f6iga ja parandab s\u00fcsteemi \u00fcldist t\u00f5husust.<\/p>\n<h2>Tihendus ja m\u00e4\u00e4rimine<\/h2>\n<p>H\u00fcdrauliliste silindrite optimaalse j\u00f5udluse tagamiseks on oluline \u00f5ige tihendamine ja m\u00e4\u00e4rimine. 20176B-02000 kasutab mitmesuguseid tihenduskomponente, n\u00e4iteks kolvitihendeid ja varrastihendeid, mis on valmistatud vastupidavatest materjalidest nagu pol\u00fcuretaan ja nitriilkummi. Need materjalid on valitud kulumiskindluse ja r\u00f5hu all tihendi terviklikkuse s\u00e4ilitamise v\u00f5ime t\u00f5ttu. Lisaks sellele t\u00f6\u00f6deldakse silindri korpust ja keermestatud otsi peenelt, et suurendada kulumiskindlust ja tagada pikaealisus.<\/p>\n<p>H\u00fcdraulilise silindri toimimise s\u00e4ilitamiseks on vajalik ka regulaarne m\u00e4\u00e4rimine. Kasutajatel on soovitatav perioodiliselt kontrollida ja lisada h\u00fcdraulika\u00f5li, et tagada sujuv t\u00f6\u00f6 ja v\u00e4ltida liikuvate osade kulumist. Piisav m\u00e4\u00e4rimine aitab v\u00e4hendada h\u00f5\u00f5rdumist, suurendades seel\u00e4bi h\u00fcdros\u00fcsteemi efektiivsust ja pikendades silindri eluiga.<\/p>\n<h2>Regulaarne kontroll ja ennetav hooldus<\/h2>\n<ul>\n<li><strong>Rutiinsed kontrollid:<\/strong> Tehke h\u00fcdraulilise silindri regulaarseid kontrolle kulumise, lekete v\u00f5i kahjustuste tunnuste suhtes. Probleemide varajane avastamine aitab ennetada t\u00f5sisemaid probleeme ja tagada t\u00f6\u00f6ohutuse.<\/li>\n<li><strong>M\u00e4\u00e4rimiskontrollid:<\/strong> Kontrollige regulaarselt m\u00e4\u00e4rimistaset ja lisage h\u00fcdraulika\u00f5li vastavalt vajadusele, et s\u00e4ilitada optimaalne j\u00f5udlus. N\u00f5uetekohane m\u00e4\u00e4rimine v\u00e4hendab kulumist ja suurendab efektiivsust.<\/li>\n<li><strong>Tihendi vahetamine:<\/strong> J\u00e4lgige tihendite seisukorda ja vahetage need vastavalt vajadusele, et v\u00e4ltida lekkeid ja s\u00e4ilitada r\u00f5hu terviklikkus. Kulunud tihendite vahetamine v\u00f5ib silindri eluiga oluliselt pikendada.<\/li>\n<\/ul>\n<h2>Paigaldusjuhised<\/h2>\n<p>\u00d5ige paigaldamine on 20176B-02000 h\u00fcdrosilindri t\u00f5husa t\u00f6\u00f6 jaoks \u00fclioluline. Alustage veendumaks, et paigalduskoht on puhas ja prahist vaba. \u00d5ige joondamine on h\u00e4davajalik; silinder tuleb t\u00e4pselt kinnituspunktidega joondada, et v\u00e4ltida pinget ja enneaegset kulumist. Kasutage silindri kinnitamiseks sobivaid kinnitusklambreid, tagades, et see on kindlalt kinnitatud ja t\u00f6\u00f6tamise ajal ei liigu. H\u00fcdraulikavoolikute \u00fchendamisel veenduge, et k\u00f5ik liitmikud on tihedad ja lekkevabad.<\/p>\n<p>Samuti on silindri paigaldamisel soovitatav tutvuda tootja spetsifikatsioonidega p\u00f6\u00f6rdemomendi s\u00e4tete kohta. P\u00e4rast paigaldamist tehke p\u00f5hjalik kontroll, et kontrollida joondusprobleeme v\u00f5i lekkeid. L\u00f5puks tehke proovik\u00e4ivitus, et veenduda silindri sujuvas t\u00f6\u00f6s ilma ebatavaliste helide v\u00f5i talitlush\u00e4ireteta. N\u00f5uetekohane paigaldus mitte ainult ei paranda j\u00f5udlust, vaid tagab ka ohutuse t\u00f6\u00f6tamise ajal.<\/p>\n<h2>Levinumad hooldust\u00f6\u00f6d<\/h2>\n<ul>\n<li><strong>Regulaarsed kontrollid:<\/strong> Sagedased kontrollid on olulised, et tuvastada potentsiaalsed probleemid enne nende s\u00fcvenemist. Veenduge, et k\u00f5ik komponendid on terved ja t\u00f6\u00f6tavad korralikult ning k\u00f5rvaldage k\u00f5ik kulumis- v\u00f5i kahjustuste tunnused kohe.<\/li>\n<li><strong>\u00d5ige m\u00e4\u00e4rimine:<\/strong> \u00d5ige m\u00e4\u00e4rimistaseme s\u00e4ilitamine on sujuva t\u00f6\u00f6 tagamiseks kriitilise t\u00e4htsusega. Kontrollige ja lisage regulaarselt h\u00fcdraulika\u00f5li, kuna ebapiisav m\u00e4\u00e4rimine v\u00f5ib suurendada h\u00f5\u00f5rdumist ja kulumist, mis v\u00f5ib omakorda p\u00f5hjustada rikkeid.<\/li>\n<li><strong>Tihendi vahetamine:<\/strong> Tihendeid tuleks j\u00e4lgida ja kulumise m\u00e4rke ilmutades need v\u00e4lja vahetada. Tihendite regulaarne vahetamine aitab v\u00e4ltida lekkeid ja s\u00e4ilitada s\u00fcsteemi r\u00f5hu, tagades optimaalse j\u00f5udluse.<\/li>\n<\/ul>\n<p>Lisaks neile hooldust\u00f6\u00f6dele on esmase seadistamise ajal oluline tagada n\u00f5uetekohane paigaldus ja joondamine. Vale joondamine v\u00f5ib p\u00f5hjustada eba\u00fchtlast kulumist ja t\u00f6\u00f6 ebaefektiivsust. Kasutajad peaksid j\u00e4rgima ka soovitatud remondi- ja asendusprotseduure, vajadusel p\u00f6\u00f6rdudes professionaalse abi poole. Nende hooldustavade j\u00e4rgimine v\u00f5ib oluliselt pikendada h\u00fcdrosilindri eluiga ja t\u00f5husust.<\/p>\n<h2>Ohutuskaalutlused ja keskkonnategurid<\/h2>\n<p>H\u00fcdrauliliste s\u00fcsteemide k\u00e4itamisel on ohutusmeetmed \u00fcliolulised. H\u00fcdrauliline silinder 20176B-02000 on konstrueeritud kasutaja ohutust silmas pidades, sisaldades funktsioone, mis leevendavad h\u00fcdrauliliste toimingutega seotud riske. Operaatorid peaksid olema koolitatud h\u00fcdrauliliste seadmete \u00f5igeks kasutamiseks, sealhulgas silindri t\u00f6\u00f6piiride m\u00f5istmiseks. Isikukaitsevahendite (IKV) kasutamine on samuti oluline v\u00f5imalike ohtude eest kaitsmiseks.<\/p>\n<p>Keskkonnakaalutlused m\u00e4ngivad h\u00fcdrauliliste silindrite t\u00f6\u00f6tamisel olulist rolli. Kasutajad peaksid olema teadlikud h\u00fcdraulilise vedeliku lekete v\u00f5imalikkusest, millel v\u00f5ib olla kahjulik m\u00f5ju keskkonnale. Regulaarne hooldus ja \u00fclevaatused aitavad selliseid riske leevendada, tagades h\u00fcdraulikas\u00fcsteemi keskkonnas\u00f5bralikkuse. H\u00fcdrauliliste vedelike ja komponentide k\u00f5rvaldamise parimate tavade rakendamine v\u00f5ib veelgi parandada h\u00fcdrauliliste toimingute keskkonnas\u00e4\u00e4stlikkust.<\/p>\n<h2>Veaotsing ja levinud probleemid<\/h2>\n<ul>\n<li><strong>Leke:<\/strong> Lekke tuvastamisel kontrollige tihendeid ja liitmikke kulumise v\u00f5i kahjustuste suhtes. Vigaste tihendite v\u00e4ljavahetamine lahendab probleemi sageli.<\/li>\n<li><strong>Ebapiisav t\u00f5stej\u00f5ud:<\/strong> Kui silinder ei t\u00f5sta korralikult, kontrollige, kas h\u00fcdros\u00fcsteemis on \u00f5ige r\u00f5hk ja kas s\u00fcsteemis pole ummistusi.<\/li>\n<li><strong>Ebatavalised helid:<\/strong> Kui t\u00f6\u00f6tamise ajal kostab ebatavalisi helisid, kontrollige, kas esineb joondush\u00e4ireid v\u00f5i kahjustatud komponente. Nende probleemide kiire lahendamine aitab edasisi kahjustusi v\u00e4ltida.<\/li>\n<\/ul>\n<p>T\u00f5husaks t\u00f5rkeotsinguks peaksid operaatorid tutvuma tootja juhistega konkreetsete s\u00fcmptomite ja lahenduste kohta. Regulaarne koolitus levinud probleemide tuvastamiseks ja lahendamiseks v\u00f5ib parandada h\u00fcdros\u00fcsteemi t\u00f6\u00f6 efektiivsust. H\u00fcdros\u00fcsteemi k\u00e4itumise m\u00f5istmine ja \u00f5igeaegne hooldus v\u00f5ib oluliselt v\u00e4hendada probleemide tekkimise t\u00f5en\u00e4osust.<\/p>\n<p>T\u00f5husa t\u00f6\u00f6 tagamiseks on oluline rakendada ennetavaid meetmeid v\u00f5imalike probleemide minimeerimiseks. Regulaarsed hooldustavad, n\u00e4iteks \u00f5igeaegne kontroll ja m\u00e4\u00e4rimine, aitavad s\u00e4ilitada h\u00fcdraulikas\u00fcsteemi t\u00f5husust, v\u00e4hendades ootamatute rikete t\u00f5en\u00e4osust. Personali koolitamine \u00f5ige kasutamise ja h\u00e4daolukorra protseduuride osas on ohutuse ja t\u00f6\u00f6 j\u00e4rjepidevuse tagamiseks \u00fclioluline.<\/p>\n<p><img decoding=\"async\" src=\"https:\/\/www.hydraulic-cylinders.net\/wp-content\/uploads\/2025\/05\/hydraulic-cylinder-all-2.webp\" alt=\"H\u00fcdrauliline silinder\" \/><\/p>\n<h2>Meie ettev\u00f5ttest<\/h2>\n<p>Oleme juhtiv h\u00fcdrosilindrite tootja, keda tuntakse laia tootevaliku ja kvaliteedile p\u00fchendumise poolest. Meie asjatundlikkus positsioneerib meid nii sise- kui ka rahvusvahelistel turgudel v\u00f5tmeisikuks, pakkudes uuenduslikke lahendusi mitmekesiste t\u00f6\u00f6stusvajaduste rahuldamiseks. Meie p\u00fchendumus tipptasemele peegeldub meie professionaalsetes tootmisprotsessides ja rahvusvaheliste sertifikaatide j\u00e4rgimises.<\/p>\n<p>Meie tootmis\u00fcksused on varustatud tipptasemel tehnoloogiaga, mis v\u00f5imaldab meil pakkuda kohandatud teenuseid, mis vastavad klientide konkreetsetele vajadustele. Oleme uhked, et pakume kvaliteetseid ja ajaproovile vastu pidavaid tooteid. Lisaks tagab meie p\u00fchendunud m\u00fc\u00fcgij\u00e4rgne teenindus klientidele tuge ka p\u00e4rast ostu sooritamist, suurendades seel\u00e4bi nende \u00fcldist kogemust ja rahulolu.<\/p>\n<p><img decoding=\"async\" src=\"https:\/\/www.hydraulic-cylinders.net\/wp-content\/uploads\/2025\/05\/xinxin-hydraulic-cylinder-factory-1.webp\" alt=\"H\u00fcdrauliliste silindrite tehas\" \/><\/p>\n<p>Autor: lyl<\/p>","protected":false},"excerpt":{"rendered":"<p>20176B-02000 Forklift Truck Support Hydraulic Cylinder Product Introduction The 20176B-02000 Forklift Truck Support Hydraulic Cylinder is a crucial component designed to enhance the operational efficiency and safety of forklift trucks. This hydraulic cylinder serves the essential function of lifting and lowering loads, providing the necessary force to support heavy objects. The hydraulic mechanism allows for [&hellip;]<\/p>","protected":false},"featured_media":20597,"comment_status":"open","ping_status":"closed","template":"","meta":{"_et_pb_use_builder":"","_et_pb_old_content":"","_et_gb_content_width":""},"product_brand":[],"product_cat":[1483,1556],"product_tag":[],"class_list":{"0":"post-20699","1":"product","2":"type-product","3":"status-publish","4":"has-post-thumbnail","6":"product_cat-construction-machinery-hydraulic-cylinders","7":"product_cat-forklift-hydraulic-cylinders-2","9":"first","10":"instock","11":"shipping-taxable","12":"product-type-simple"},"amp_enabled":true,"_links":{"self":[{"href":"https:\/\/www.hydraulic-cylinders.net\/et\/wp-json\/wp\/v2\/product\/20699","targetHints":{"allow":["GET"]}}],"collection":[{"href":"https:\/\/www.hydraulic-cylinders.net\/et\/wp-json\/wp\/v2\/product"}],"about":[{"href":"https:\/\/www.hydraulic-cylinders.net\/et\/wp-json\/wp\/v2\/types\/product"}],"replies":[{"embeddable":true,"href":"https:\/\/www.hydraulic-cylinders.net\/et\/wp-json\/wp\/v2\/comments?post=20699"}],"wp:featuredmedia":[{"embeddable":true,"href":"https:\/\/www.hydraulic-cylinders.net\/et\/wp-json\/wp\/v2\/media\/20597"}],"wp:attachment":[{"href":"https:\/\/www.hydraulic-cylinders.net\/et\/wp-json\/wp\/v2\/media?parent=20699"}],"wp:term":[{"taxonomy":"product_brand","embeddable":true,"href":"https:\/\/www.hydraulic-cylinders.net\/et\/wp-json\/wp\/v2\/product_brand?post=20699"},{"taxonomy":"product_cat","embeddable":true,"href":"https:\/\/www.hydraulic-cylinders.net\/et\/wp-json\/wp\/v2\/product_cat?post=20699"},{"taxonomy":"product_tag","embeddable":true,"href":"https:\/\/www.hydraulic-cylinders.net\/et\/wp-json\/wp\/v2\/product_tag?post=20699"}],"curies":[{"name":"wp","href":"https:\/\/api.w.org\/{rel}","templated":true}]}}