{"id":20701,"date":"2025-05-27T06:21:24","date_gmt":"2025-05-27T06:21:24","guid":{"rendered":"https:\/\/www.hydraulic-cylinders.net\/product\/forklift-truck-tilt-cylinder\/"},"modified":"2025-05-27T06:21:27","modified_gmt":"2025-05-27T06:21:27","slug":"forklift-truck-tilt-cylinder","status":"publish","type":"product","link":"https:\/\/www.hydraulic-cylinders.net\/et\/toode\/forklift-truck-tilt-cylinder\/","title":{"rendered":"Kahvelt\u00f5stuki kallutussilinder"},"content":{"rendered":"<h1>Kahvelt\u00f5stuki kallutussilinder<\/h1>\n<h2>Toote tutvustus<\/h2>\n<p>Kahvelt\u00f5stuki kallutussilinder on kahvelt\u00f5stuki h\u00fcdros\u00fcsteemi oluline komponent, mis v\u00f5imaldab masti nurka reguleerida optimaalse koorma k\u00e4itlemise jaoks. See h\u00fcdrosilinder m\u00e4ngib olulist rolli esikahvlite t\u00f5stmisel, langetamisel ja kallutamisel, v\u00f5imaldades erinevate koormate t\u00e4pset k\u00e4sitsemist. See koosneb silindri korpusest, kolvist ja vardast, mis k\u00f5ik on loodud taluma k\u00f5rget r\u00f5hku ja tagama sujuva t\u00f6\u00f6. Kallutusfunktsioon aitab s\u00e4ilitada stabiilsust t\u00f5stmise ajal, tagades laot\u00f6\u00f6de ohutuse ja t\u00f5hususe. Usaldusv\u00e4\u00e4rse kallutussilindri abil saavad kahvelt\u00f5stuki operaatorid koormaid t\u00f5husamalt man\u00f6\u00f6verdada, v\u00e4hendades oluliselt \u00f5nnetuste ohtu ja suurendades materjali k\u00e4itlemise tootlikkust.<\/p>\n<h2>Toote spetsifikatsioonid<\/h2>\n<h3>Silindri l\u00e4bim\u00f5\u00f5t<\/h3>\n<p>Silindri l\u00e4bim\u00f5\u00f5t on 70 mm, mis aitab kaasa silindri \u00fcldisele tugevusele ja v\u00f5imele taluda m\u00e4rkimisv\u00e4\u00e4rseid koormusi.<\/p>\n<h3>Varda l\u00e4bim\u00f5\u00f5t<\/h3>\n<p>Varda l\u00e4bim\u00f5\u00f5t 32 mm tagab vastupidavuse ning vastupidavuse paindumisele ja deformeerumisele raskete koormuste korral.<\/p>\n<h3>L\u00e4bitud vahemaa<\/h3>\n<p>167 mm k\u00e4igupikkusega silinder tagab piisava liikumise kalde efektiivseks reguleerimiseks.<\/p>\n<h3>Paigalduskaugus<\/h3>\n<p>455 mm paigalduskaugus v\u00f5imaldab \u00fchilduvust erinevate kahvelt\u00f5stukite mudelitega, muutes selle integreerimise olemasolevatesse s\u00fcsteemidesse lihtsamaks.<\/p>\n<h2>Toote omadused<\/h2>\n<ul>\n<li>Suur vastupidavus t\u00e4nu tootmises kasutatud tugevatele materjalidele.<\/li>\n<li>Erakordne j\u00f5udlus rasketes rakendustes.<\/li>\n<li>Kohandatavad valikud on saadaval vastavalt konkreetsetele n\u00f5uetele.<\/li>\n<li>Lihtne paigaldus ja hooldus, mis tagab minimaalse seisakuaja.<\/li>\n<li>Loodud optimaalse ohutuse ja efektiivsuse tagamiseks t\u00f6\u00f6 ajal.<\/li>\n<\/ul>\n<h2>Rakendusstsenaariumid<\/h2>\n<h3>Laooperatsioonid<\/h3>\n<p>Laokeskkondades h\u00f5lbustab kahvelt\u00f5stuki kallutussilinder kaupade t\u00f5husat laadimist ja mahalaadimist. Kahvlite nurga reguleerimise abil saavad operaatorid esemeid ohutult erinevatele k\u00f5rgustele virnastada, parandades ruumi kasutamist. See funktsioon v\u00e4hendab toodete kahjustamise ohtu ja suurendab \u00fcldist t\u00f6\u00f6voo t\u00f5husust.<\/p>\n<h3>Ehitusplatsid<\/h3>\n<p>Ehitusplatsidel on see h\u00fcdrosilinder h\u00e4davajalik raskete materjalide, n\u00e4iteks terastalade ja betoonplokkide t\u00f5stmiseks. Kahvlite kallutamise v\u00f5imalus v\u00f5imaldab operaatoritel koormaid t\u00e4pselt paigutada, mis on oluline ebatasasel pinnal v\u00f5i kitsastes kohtades t\u00f6\u00f6tamisel, tagades materjalide k\u00e4itlemise ohutuse ja t\u00e4psuse.<\/p>\n<h3>Transport ja logistika<\/h3>\n<p>Transpordi- ja logistikasektoris aitab kallutussilinder veoautode ja konteinerite t\u00f5husat laadimist. Kahvli nurkade reguleerimise v\u00f5imaldamisega tagatakse koormate tasakaalustatus ja kindlus transportimise ajal, v\u00e4hendades \u00f5nnetuste t\u00f5en\u00e4osust transpordi ajal.<\/p>\n<h2>Projekteerimiskaalutlused ja valikukriteeriumid<\/h2>\n<h3>Kandev\u00f5ime<\/h3>\n<p>Kahvelt\u00f5stuki kallutussilindri projekteerimisel on kandev\u00f5ime esmat\u00e4htis. See peab suutma taluda t\u00f5stetavate koormate maksimaalset raskust. Insenerid peavad arvutama eeldatavad j\u00f5ud ja ohutusvaru tegurid, et tagada silindri t\u00f6\u00f6kindlus erinevates tingimustes. Tugev konstruktsioon hoiab \u00e4ra rikkeid, mis v\u00f5ivad p\u00f5hjustada \u00f5nnetusi v\u00f5i materjalide kahjustumist.<\/p>\n<h3>Tihendusmehhanism<\/h3>\n<p>Tihendus on \u00fclioluline h\u00fcdraulilise vedeliku lekke v\u00e4ltimiseks ja s\u00fcsteemi r\u00f5hu s\u00e4ilitamiseks. Konstruktsioon h\u00f5lmab t\u00e4ppiskonstruktsiooniga tihendeid, mis tagavad lekkekindla keskkonna, suurendades silindri efektiivsust ja pikaealisust. Tihendid peavad vastu pidama erinevatele temperatuuridele ja r\u00f5hkudele, pakkudes samal ajal aja jooksul usaldusv\u00e4\u00e4rset j\u00f5udlust.<\/p>\n<h3>Vastupidavus<\/h3>\n<p>Vastupidavus on h\u00fcdrauliliste silindrite projekteerimisel v\u00f5tmet\u00e4htsusega. Kasutatavad materjalid peavad olema vastupidavad pidevale kasutamisele n\u00f5udlikes keskkondades. Korrosiooni ja h\u00f5\u00f5rdumise eest kaitsmiseks kasutatakse kvaliteetseid metalle ja katteid, pikendades seel\u00e4bi silindri eluiga.<\/p>\n<h3>Turvaelemendid<\/h3>\n<p>Kahvelt\u00f5stuki kallutussilindri konstruktsiooni lahutamatu osa on ohutusfunktsioonid. Nende hulka v\u00f5ivad kuuluda r\u00f5hualandusventiilid ja turvalukud, mis takistavad koorma t\u00f5stmise ajal juhuslikku kallutamist. Sellised mehhanismid kaitsevad operaatoreid ja k\u00f5rvalseisjaid, tagades ohutu t\u00f6\u00f6 kasutamise ajal.<\/p>\n<h3>Hoolduse ligip\u00e4\u00e4setavus<\/h3>\n<p>Projekteerijad arvestavad ka hoolduse ligip\u00e4\u00e4setavusega, et tagada rutiinsete kontrollide ja remondit\u00f6\u00f6de kiire ja t\u00f5hus teostamine. See h\u00f5lmab h\u00f5lpsat juurdep\u00e4\u00e4su tihenditele ja m\u00e4\u00e4rdeainetele, mis v\u00f5imaldab \u00f5igeaegset hooldust, mis minimeerib seadmete seisakuid ja pikendab silindri eluiga.<\/p>\n<h2>Tihendus ja m\u00e4\u00e4rimine<\/h2>\n<p>Kahvelt\u00f5stuki kallutussilindri efektiivsust m\u00f5jutavad suuresti selle tihendus- ja m\u00e4\u00e4rimiss\u00fcsteemid. H\u00fcdraulilise terviklikkuse s\u00e4ilitamiseks kasutatakse mitmesuguseid tihenduskomponente, n\u00e4iteks kolvitihendeid ja vardatihendeid. Need tihendid on sageli valmistatud vastupidavatest materjalidest, nagu pol\u00fcuretaan ja nitriilkummi, mis on kulumiskindlad ja tagavad usaldusv\u00e4\u00e4rse j\u00f5udluse. Silindri korpus ja keermestatud otsad l\u00e4bivad t\u00e4ppist\u00f6\u00f6tluse, et suurendada kulumiskindlust, tagades, et pinnad taluvad t\u00f6\u00f6 raskusi.<\/p>\n<p>Regulaarne m\u00e4\u00e4rimine on optimaalse toimimise s\u00e4ilitamiseks \u00fclioluline. Operaatorid peavad tagama, et silindrisse lisatakse perioodiliselt piisavalt h\u00fcdraulika\u00f5li, et v\u00e4ltida liikuvate osade h\u00f5\u00f5rdumist ja kulumist. M\u00e4\u00e4rimisprotsess mitte ainult ei kaitse tihendeid, vaid soodustab ka sujuvat t\u00f6\u00f6d, v\u00e4hendades s\u00fcsteemi rikke ohtu.<\/p>\n<h2>Ennetavad hooldusmeetmed<\/h2>\n<ul>\n<li><strong>Regulaarsed kontrollid:<\/strong> Kallutussilindri sagedane kontroll on oluline kulumis- v\u00f5i kahjustuste m\u00e4rkide tuvastamiseks. See h\u00f5lmab lekete kontrollimist, tihendite uurimist ja silindri korpuse terviklikkuse tagamist. Probleemide varajane avastamine aitab v\u00e4ltida kulukaid remondit\u00f6id ja seisakuid.<\/li>\n<li><strong>M\u00e4\u00e4rimine:<\/strong> H\u00fcdraulikas\u00fcsteemi korralik m\u00e4\u00e4rimine on j\u00f5udluse tagamiseks \u00fclioluline. Operaatorid peaksid j\u00e4rgima tootja soovitusi m\u00e4\u00e4rimisintervallide kohta ja tagama, et kasutatakse ainult kvaliteetset h\u00fcdraulika\u00f5li, et v\u00e4ltida tihendite ja komponentide halvenemist.<\/li>\n<li><strong>Tihendi vahetamine:<\/strong> Aja jooksul v\u00f5ivad tihendid kuluda ja s\u00fcsteemi efektiivsuse s\u00e4ilitamiseks v\u00f5ib olla vaja need v\u00e4lja vahetada. Operaatorid peaksid ootamatute rikete v\u00e4ltimiseks kehtestama tihendite kontrollimise ja vahetamise ajakava osana tavap\u00e4rasest hooldusest.<\/li>\n<\/ul>\n<h2>Paigaldusjuhised<\/h2>\n<p>Kahvelt\u00f5stuki kallutussilindri \u00f5ige paigaldamine on ohutu ja t\u00f5husa t\u00f6\u00f6 tagamiseks kriitilise t\u00e4htsusega. Alustage veendumaks, et paigalduskoht on puhas ja prahist vaba. Joondage silinder kahvelt\u00f5stuki etten\u00e4htud kinnituspunktidega, kasutades selleks sobivaid kinnitusklambreid selle kindlale kinnitamiseks. Oluline on tagada, et silindri varras oleks kahvelt\u00f5stuki h\u00fcdros\u00fcsteemiga \u00f5igesti joondatud, et v\u00e4ltida liigset pinget t\u00f6\u00f6tamise ajal.<\/p>\n<p>Kui s\u00fcsteem on \u00f5igesti paigaldatud, kinnitage k\u00f5ik poldid ja \u00fchendused kindlalt, et v\u00e4ltida nende l\u00f5dvenemist kasutamise ajal. P\u00e4rast paigaldamist kontrollige p\u00f5hjalikult h\u00fcdraulika\u00fchendusi ja kontrollige lekete olemasolu. L\u00f5puks testige s\u00fcsteemi enne t\u00e4ieliku t\u00f6\u00f6le panemist madalal r\u00f5hul, et veenduda, et k\u00f5ik toimib etten\u00e4htud viisil.<\/p>\n<h2>Levinumad hooldust\u00f6\u00f6d<\/h2>\n<h3>Regulaarsed kontrollid<\/h3>\n<p>Regulaarsed kontrollid on \u00fcliolulised kahvelt\u00f5stuki kallutussilindri v\u00f5imalike probleemide tuvastamiseks enne nende s\u00fcvenemist. Operaatorid peaksid planeerima regulaarseid kontrolle, et hinnata tihendite, h\u00fcdraulika\u00fchenduste seisukorda ja silindri \u00fcldist terviklikkust. Kontrollide k\u00e4igus otsige silindri pinnalt vedeliku lekke v\u00f5i kulumise m\u00e4rke. V\u00e4iksemate probleemide \u00f5igeaegne lahendamine aitab v\u00e4ltida suuremaid rikkeid ja parandada t\u00f6\u00f6ohutust.<\/p>\n<h3>\u00d5ige m\u00e4\u00e4rimine<\/h3>\n<p>H\u00fcdraulikas\u00fcsteemi n\u00f5uetekohane m\u00e4\u00e4rimine on silindri sujuva t\u00f6\u00f6 ja pikaealisuse tagamiseks h\u00e4davajalik. Operaatorid peaksid j\u00e4rgima tootja juhiseid m\u00e4\u00e4rimisintervallide kohta ja tagama \u00f5iget t\u00fc\u00fcpi h\u00fcdraulika\u00f5li kasutamise. Ebapiisav m\u00e4\u00e4rimine v\u00f5ib p\u00f5hjustada suurenenud h\u00f5\u00f5rdumist, enneaegset kulumist ja h\u00fcdraulikas\u00fcsteemi v\u00f5imalikku riket. Kontrollige regulaarselt \u00f5litaset ja lisage vastavalt vajadusele, et s\u00e4ilitada optimaalne j\u00f5udlus.<\/p>\n<h3>Tihendi vahetamine ja kalibreerimise kontrollimine<\/h3>\n<p>Tihendi vahetamine on kriitilise t\u00e4htsusega hooldust\u00f6\u00f6, mis tagab h\u00fcdros\u00fcsteemi lekkevaba p\u00fcsimise. Operaatorid peaksid regulaarselt kontrollima tihendeid kulumisj\u00e4lgede suhtes ja vajadusel need v\u00e4lja vahetama, et v\u00e4ltida vedeliku kadu. Lisaks tuleks teha kalibreerimiskontrolle, et tagada silindri t\u00f6\u00f6tamine etten\u00e4htud parameetrite piires, mis on usaldusv\u00e4\u00e4rse j\u00f5udluse tagamiseks \u00fclioluline. See v\u00f5ib h\u00f5lmata r\u00f5huseadete reguleerimist ja kallutusfunktsiooni sujuva ja takistusteta toimimise kontrollimist.<\/p>\n<h2>Ohutuskaalutlused ja keskkonnategurid<\/h2>\n<p>Kahvelt\u00f5stuki kallutussilindri kasutamisel on \u00fclioluline j\u00e4rgida ohutusmeetmeid. Operaatorid peavad olema koolitatud h\u00fcdrauliliste seadmete ohutuks k\u00e4sitsemiseks, tagades, et nad m\u00f5istavad h\u00fcdrauliliste s\u00fcsteemidega seotud v\u00f5imalikke ohte. Isikukaitsevahendite (IKV), sealhulgas kinnaste ja silmakaitse n\u00f5uetekohane kasutamine on oluline, et minimeerida riske t\u00f6\u00f6tamise ajal. Lisaks aitab puhta t\u00f6\u00f6keskkonna s\u00e4ilitamine v\u00e4ltida \u00f5nnetusi ja tagab, et k\u00f5ik t\u00f6\u00f6tajad on oma \u00fcmbrusest teadlikud. Samuti on olulised keskkonnakaalutlused; h\u00fcdrauliliste vedelike ja komponentide utiliseerimine tuleb teha vastavalt kohalikele eeskirjadele, et minimeerida keskkonnam\u00f5ju.<\/p>\n<h2>Veaotsing ja levinud probleemid<\/h2>\n<ul>\n<li><strong>H\u00fcdraulilised lekked:<\/strong> \u00dcks levinumaid probleeme h\u00fcdrauliliste silindritega on vedeliku leke. See v\u00f5ib tuleneda kulunud tihenditest v\u00f5i kahjustatud komponentidest. Operaatorid peaksid tihendeid regulaarselt kontrollima ja need esimeste kulumism\u00e4rkide ilmnemisel v\u00e4lja vahetama, et v\u00e4ltida vedeliku kadu.<\/li>\n<li><strong>Ebapiisav t\u00f5stej\u00f5ud:<\/strong> Kui silinder ei suuda koormusi t\u00f5husalt t\u00f5sta, v\u00f5ib see viidata madalale h\u00fcdraulikavedeliku tasemele v\u00f5i sisemistele kahjustustele. Vedelikutaseme kontrollimine ja silindri kulumisj\u00e4lgede kontrollimine aitab probleemi diagnoosida.<\/li>\n<li><strong>Ootamatu kallutamine:<\/strong> Kui kallutusfunktsioon t\u00f6\u00f6tab eba\u00fchtlaselt, v\u00f5ib see olla tingitud h\u00fcdros\u00fcsteemis olevast \u00f5hust v\u00f5i rikkis juhtventiilist. S\u00fcsteemi \u00f5hust puhastamine ja juhtmehhanismide kontrollimine v\u00f5ib selle probleemi sageli lahendada.<\/li>\n<\/ul>\n<h2>Veaotsingu n\u00e4pun\u00e4ited<\/h2>\n<p>Kahvelt\u00f5stuki kallutussilindri probleemide t\u00f5husaks diagnoosimiseks peaksid operaatorid j\u00e4rgima s\u00fcstemaatilist l\u00e4henemisviisi. Alustage h\u00fcdraulikavedeliku taseme kontrollimisest ja lekete kontrollimisest. Kui vedeliku tase on madal, lisage soovitatud h\u00fcdraulika\u00f5li ja j\u00e4lgige korduvaid lekkeid. Ebapiisava t\u00f5stej\u00f5uga seotud probleemide korral kontrollige silindrit ummistuste v\u00f5i kahjustuste suhtes ning veenduge, et h\u00fcdraulikas\u00fcsteem t\u00f6\u00f6tab korralikult.<\/p>\n<p>Ootamatu kaldumise korral kontrollige p\u00f5hjalikult h\u00fcdraulikavoolikuid ja ventiile, et veenduda nende ummistuste puudumises ja etten\u00e4htud viisil toimimises. Kui probleemid p\u00fcsivad, saab kvalifitseeritud tehnikuga konsulteerides lisateavet ja lahendusmeetodeid.<\/p>\n<p><img decoding=\"async\" src=\"https:\/\/www.hydraulic-cylinders.net\/wp-content\/uploads\/2025\/05\/hydraulic-cylinder-all-2.webp\" alt=\"H\u00fcdraulilise silindri pilt\" \/><\/p>\n<h2>Meie ettev\u00f5ttest<\/h2>\n<p>Oleme juhtiv h\u00fcdrosilindrite tootja, pakkudes laia tootevalikut nii sise- kui ka rahvusvaheliste turgude n\u00f5udluse rahuldamiseks. P\u00fchendumusega kvaliteedile ja innovatsioonile oleme end h\u00fcdraulikat\u00f6\u00f6stuses usaldusv\u00e4\u00e4rse tarnijana sisse seadnud. Meie asjatundlikkus h\u00f5lmab erinevaid sektoreid, mis v\u00f5imaldab meil pakkuda individuaalseid lahendusi, mis vastavad klientide konkreetsetele vajadustele.<\/p>\n<p>Meie tootmisv\u00f5imsust toetavad t\u00e4iustatud tootmisseadmed, mis tagavad k\u00f5igi toodete vastavuse rangetele kvaliteedistandarditele. J\u00e4rgime rahvusvahelisi sertifikaate, mis garanteerivad meie h\u00fcdrauliliste silindrite t\u00f6\u00f6kindluse ja ohutuse. Lisaks pakume kohandatud teenuseid, et arvestada unikaalsete spetsifikatsioonidega, tagades, et meie kliendid saavad tooteid, mis sobivad ideaalselt nende rakendustega.<\/p>\n<p><img decoding=\"async\" src=\"https:\/\/www.hydraulic-cylinders.net\/wp-content\/uploads\/2025\/05\/xinxin-hydraulic-cylinder-factory-1.webp\" alt=\"Ettev\u00f5tte tehase pilt\" \/><\/p>\n<p>Meie p\u00fchendunud m\u00fc\u00fcgij\u00e4rgse teeninduse meeskond on alati valmis abistama kliente k\u00f5igi k\u00fcsimuste ja tugivajadustega, tagades sujuva kogemuse ostust kuni kasutamiseni. Tehke meiega koost\u00f6\u00f6d oma h\u00fcdrauliliste silindrite vajaduste rahuldamiseks ja kogege kvaliteedi ja teeninduse erinevust.<\/p>\n<p>Autor: lyl<\/p>","protected":false},"excerpt":{"rendered":"<p>Forklift Truck Tilt Cylinder Product Introduction The Forklift Truck Tilt Cylinder is a vital component in the hydraulic system of a forklift, enabling the adjustment of the mast??s angle for optimal load handling. This hydraulic cylinder plays a crucial role in lifting, lowering, and tilting the front forks, allowing for precision in handling various loads. [&hellip;]<\/p>","protected":false},"featured_media":20609,"comment_status":"open","ping_status":"closed","template":"","meta":{"_et_pb_use_builder":"","_et_pb_old_content":"","_et_gb_content_width":""},"product_brand":[],"product_cat":[1483,1556],"product_tag":[],"class_list":{"0":"post-20701","1":"product","2":"type-product","3":"status-publish","4":"has-post-thumbnail","6":"product_cat-construction-machinery-hydraulic-cylinders","7":"product_cat-forklift-hydraulic-cylinders-2","9":"first","10":"instock","11":"shipping-taxable","12":"product-type-simple"},"amp_enabled":true,"_links":{"self":[{"href":"https:\/\/www.hydraulic-cylinders.net\/et\/wp-json\/wp\/v2\/product\/20701","targetHints":{"allow":["GET"]}}],"collection":[{"href":"https:\/\/www.hydraulic-cylinders.net\/et\/wp-json\/wp\/v2\/product"}],"about":[{"href":"https:\/\/www.hydraulic-cylinders.net\/et\/wp-json\/wp\/v2\/types\/product"}],"replies":[{"embeddable":true,"href":"https:\/\/www.hydraulic-cylinders.net\/et\/wp-json\/wp\/v2\/comments?post=20701"}],"wp:featuredmedia":[{"embeddable":true,"href":"https:\/\/www.hydraulic-cylinders.net\/et\/wp-json\/wp\/v2\/media\/20609"}],"wp:attachment":[{"href":"https:\/\/www.hydraulic-cylinders.net\/et\/wp-json\/wp\/v2\/media?parent=20701"}],"wp:term":[{"taxonomy":"product_brand","embeddable":true,"href":"https:\/\/www.hydraulic-cylinders.net\/et\/wp-json\/wp\/v2\/product_brand?post=20701"},{"taxonomy":"product_cat","embeddable":true,"href":"https:\/\/www.hydraulic-cylinders.net\/et\/wp-json\/wp\/v2\/product_cat?post=20701"},{"taxonomy":"product_tag","embeddable":true,"href":"https:\/\/www.hydraulic-cylinders.net\/et\/wp-json\/wp\/v2\/product_tag?post=20701"}],"curies":[{"name":"wp","href":"https:\/\/api.w.org\/{rel}","templated":true}]}}