{"id":20703,"date":"2025-05-27T06:21:36","date_gmt":"2025-05-27T06:21:36","guid":{"rendered":"https:\/\/www.hydraulic-cylinders.net\/product\/micro-digging-side-hydraulic-cylinders\/"},"modified":"2025-05-27T06:21:41","modified_gmt":"2025-05-27T06:21:41","slug":"micro-digging-side-hydraulic-cylinders","status":"publish","type":"product","link":"https:\/\/www.hydraulic-cylinders.net\/et\/toode\/micro-digging-side-hydraulic-cylinders\/","title":{"rendered":"Mikrokaevamise k\u00fclgh\u00fcdraulilised silindrid"},"content":{"rendered":"<h1>Mikrokaevamise k\u00fclgh\u00fcdraulilised silindrid<\/h1>\n<h2>Toote \u00fclevaade<\/h2>\n<p>Mikrokaevamise k\u00fclgh\u00fcdrauliline silinder on spetsiaalne h\u00fcdrauliline ajam, mis on loodud t\u00e4pse juhtimise ja v\u00f5imsa j\u00f5udluse tagamiseks kompaktsetes rakendustes. Need silindrid on olulised komponendid erinevates masinates, v\u00f5imaldades operaatoritel t\u00e4ita \u00fclesandeid m\u00e4rkimisv\u00e4\u00e4rselt t\u00e4pselt ja t\u00f5husalt. Need silindrid on konstrueeritud optimaalse j\u00f5u tagamiseks piiratud ruumides ning leiavad oma koha ehituses, kaevamises ja muudes rasketes rakendustes. Kompaktne disain v\u00f5imaldab h\u00f5lpsat integreerimist erinevatesse s\u00fcsteemidesse, tagades, et operaatorid saavad saavutada suurep\u00e4rase j\u00f5udluse ilma ruumi v\u00f5i liikuvust ohverdamata.<\/p>\n<h2>Toote spetsifikatsioonid<\/h2>\n<p>J\u00e4rgnevalt on toodud mikrokaevamisk\u00fclje h\u00fcdraulilise silindri peamised spetsifikatsioonid:<\/p>\n<ul>\n<li>Silindri l\u00e4bim\u00f5\u00f5t: 50 mm<\/li>\n<li>Varda l\u00e4bim\u00f5\u00f5t: 30 mm<\/li>\n<li>K\u00e4ik: 430 mm<\/li>\n<li>Paigalduskaugus: 670 mm<\/li>\n<\/ul>\n<p>Need m\u00f5\u00f5tmed on olulised silindri efektiivsuse ja erinevate masinatega \u00fchilduvuse m\u00e4\u00e4ramiseks. Silindri l\u00e4bim\u00f5\u00f5t tagab piisava tugevuse, samas kui varda l\u00e4bim\u00f5\u00f5t m\u00f5jutab kandev\u00f5imet. Liikumiskaugus on liikumisulatuse jaoks kriitilise t\u00e4htsusega ja paigalduskaugus h\u00f5lbustab n\u00f5uetekohast paigaldamist.<\/p>\n<h2>Peamised omadused<\/h2>\n<p>Meie mikrokaevamise k\u00fclgh\u00fcdraulilised silindrid on konstrueeritud mitme silmapaistva omadusega:<\/p>\n<ul>\n<li><strong>Vastupidavus:<\/strong> Valmistatud kvaliteetsetest materjalidest, et taluda karme tingimusi.<\/li>\n<li><strong>Kompaktne suurus:<\/strong> Ideaalne piiratud ruumiga rakenduste jaoks.<\/li>\n<li><strong>K\u00f5rge efektiivsus:<\/strong> Pakub v\u00f5imsat j\u00f5udlust, tarbides samal ajal v\u00e4hem energiat.<\/li>\n<li><strong>Kohandatavad valikud:<\/strong> Saame spetsifikatsioone kohandada vastavalt konkreetsetele vajadustele.<\/li>\n<li><strong>Usaldusv\u00e4\u00e4rne tihendus:<\/strong> Loodud lekete v\u00e4ltimiseks ja pikaealisuse tagamiseks.<\/li>\n<\/ul>\n<p>Oleme uhked oma v\u00f5ime \u00fcle toota neid h\u00fcdrosilindreid, tagades, et need asendavad teie masinaehituses olemasolevaid mudeleid ideaalselt.<\/p>\n<h2>Rakendused<\/h2>\n<p>Mikrokaevamise k\u00fclgh\u00fcdrauliline silinder on mitmek\u00fclgne ja seda saab kasutada erinevates rakendustes:<\/p>\n<h3>1. Kaevet\u00f6\u00f6stusseadmed<\/h3>\n<p>Kaevemasinates pakuvad need silindrid vajalikku j\u00f5udu pinnase v\u00f5i prahi kaevamiseks ja t\u00f5stmiseks. Nende kompaktne disain v\u00f5imaldab neid paigaldada kitsastesse kohtadesse, mist\u00f5ttu sobivad need ideaalselt miniekskavaatoritele. Nende h\u00fcdrauliliste silindrite pakutav t\u00e4ppisjuhtimine tagab, et operaatorid saavad seadmeid sujuvalt man\u00f6\u00f6verdada, v\u00e4hendades \u00fcmbritsevate konstruktsioonide kahjustamise ohtu. See t\u00f5husus kaevet\u00f6\u00f6del suurendab oluliselt tootlikkust kohapeal.<\/p>\n<h3>2. P\u00f5llumajandustehnika<\/h3>\n<p>P\u00f5llumajanduses kasutatakse neid h\u00fcdraulilisi silindreid sellistes seadmetes nagu adrad ja kombainid. Nende v\u00f5ime s\u00e4ilitada \u00fchtlast j\u00f5udu tagab \u00fchtlase harimise ja k\u00fclvi, mis on saagikuse seisukohalt kriitilise t\u00e4htsusega. Nende silindrite vastupidav konstruktsioon v\u00f5imaldab neil t\u00f5husalt t\u00f6\u00f6tada erinevates ilmastikutingimustes, aidates kaasa p\u00f5llumajandust\u00f6\u00f6de usaldusv\u00e4\u00e4rsusele. Pakutav t\u00e4psus v\u00f5imaldab p\u00f5llumeestel oma masinaid paremate tulemuste saavutamiseks optimeerida.<\/p>\n<h3>3. Materjalik\u00e4itlus<\/h3>\n<p>Materjalik\u00e4itluss\u00fcsteemides h\u00f5lbustavad need h\u00fcdraulilised silindrid raskete koormate h\u00f5lpsat liigutamist. Need on sageli integreeritud kahvelt\u00f5stukitesse ja konveieritesse, pakkudes vajalikke t\u00f5stmis- ja langetamisliigutusi. Nende t\u00f5husus aitab v\u00e4hendada tegevuskulusid, kuna need vajavad samade \u00fclesannete t\u00e4itmiseks v\u00e4hem energiat v\u00f5rreldes suuremate mudelitega. See teeb neist v\u00e4\u00e4rtusliku vara ladudes ja jaotuskeskustes.<\/p>\n<h2>Kujunduskaalutlused<\/h2>\n<p>H\u00fcdrauliliste silindrite projekteerimisel v\u00f5etakse arvesse mitmeid olulisi tegureid:<\/p>\n<h3>Kandev\u00f5ime<\/h3>\n<p>H\u00fcdrauliliste silindrite puhul on kandev\u00f5ime m\u00f5istmine kriitilise t\u00e4htsusega. Konstruktsioon peab vastu pidama maksimaalsele raskusele, mida silinder t\u00f5stab v\u00f5i l\u00fckkab. See h\u00f5lmab sobivate materjalide ja m\u00f5\u00f5tmete valimist, et v\u00e4ltida purunemist r\u00f5hu all. Lisaks peab kandev\u00f5ime vastama masina n\u00f5uetele, et tagada ohutus ja j\u00f5udlus.<\/p>\n<h3>Tihendust\u00f5husus<\/h3>\n<p>H\u00fcdraulikas\u00fcsteemides on tihendamine oluline lekete v\u00e4ltimiseks ja r\u00f5hu s\u00e4ilitamiseks. Tihendusmaterjalide ja konstruktsioonide valik m\u00f5jutab otseselt h\u00fcdrosilindri pikaealisust ja t\u00f6\u00f6kindlust. T\u00f5husa tihenduse tagamiseks, s\u00e4ilitades samal ajal paindlikkuse ja vastupidavuse, kasutatakse t\u00e4iustatud tihenduslahendusi, nagu pol\u00fcuretaan ja nitriilkummi. J\u00f5udlusprobleemide v\u00e4ltimiseks on vaja tihendeid regulaarselt kontrollida ja vahetada.<\/p>\n<h3>Vastupidavus<\/h3>\n<p>Vastupidavus on h\u00fcdrauliliste silindrite konstruktsiooni p\u00f5hiaspekt. Need komponendid peavad vastu pidama \u00e4\u00e4rmuslikele tingimustele, nagu temperatuurik\u00f5ikumised ja kokkupuude karmide kemikaalidega. K\u00f5rgtugevate materjalide ja korrosioonikindlate katete kasutamine v\u00f5ib silindrite eluiga oluliselt pikendada. Regulaarne hooldus m\u00e4ngib nende vastupidavuse s\u00e4ilitamisel olulist rolli.<\/p>\n<h3>Turvaelemendid<\/h3>\n<p>H\u00fcdraulikas\u00fcsteemi projekteerimisel on ohutus esmat\u00e4htis. Selliste funktsioonide nagu r\u00f5huvabastusventiilide ja rikkeohutusmehhanismide lisamine tagab s\u00fcsteemi t\u00f6\u00f6tamise ohutute parameetrite piires. Regulaarsed ohutuskontrollid ja t\u00f6\u00f6stusstandardite j\u00e4rgimine on \u00f5nnetuste v\u00e4ltimiseks ja operaatori ohutuse tagamiseks t\u00f6\u00f6tamise ajal \u00fcliolulised.<\/p>\n<h3>Hoolduse ligip\u00e4\u00e4setavus<\/h3>\n<p>H\u00fcdrosilindrite projekteerimine hooldust silmas pidades aitab pikendada nende t\u00f6\u00f6iga. Sellised omadused nagu lihtne juurdep\u00e4\u00e4s regulaarseteks kontrollideks ja m\u00e4\u00e4rimispunktidele v\u00f5ivad hoolduse efektiivsust oluliselt parandada. H\u00e4sti l\u00e4bim\u00f5eldud disain minimeerib seisakuid ja tagab silindrite optimaalse t\u00f6\u00f6korras p\u00fcsimise.<\/p>\n<h2>Tihendus ja m\u00e4\u00e4rimine<\/h2>\n<p>T\u00f5hus tihendamine on h\u00fcdrauliliste silindrite j\u00f5udluse seisukohalt \u00fclioluline. H\u00fcdraulilise r\u00f5hu s\u00e4ilitamisel m\u00e4ngivad olulist rolli mitmesugused tihendid, sealhulgas kolvitihendid ja varrastihendid. Tihendid on sageli valmistatud vastupidavatest materjalidest, nagu pol\u00fcuretaan ja nitriilkummi, mis on loodud kulumisele vastu pidama. Silindri korpus ja keermestatud otsad l\u00e4bivad t\u00e4ppist\u00f6\u00f6tluse, et suurendada vastupidavust ja h\u00f5\u00f5rdumiskindlust.<\/p>\n<p>Regulaarne m\u00e4\u00e4rimine on hoolduse teine \u200b\u200b\u200b\u200boluline aspekt. Sujuva t\u00f6\u00f6 tagamiseks on oluline tagada piisav h\u00fcdraulika\u00f5li varu. Operaatorid peaksid kehtestama rutiini \u00f5litaseme kontrollimiseks ja vajadusel \u00f5li lisamiseks, kuna \u00f5ige m\u00e4\u00e4rimine v\u00e4hendab liikuvate osade vahelist h\u00f5\u00f5rdumist, mis parandab h\u00fcdraulikakomponentide efektiivsust ja pikaealisust.<\/p>\n<h2>Ennetavad hooldusmeetmed<\/h2>\n<p>H\u00fcdrauliliste silindrite pikaealisuse ja t\u00f5hususe tagamiseks on oluline regulaarne hooldus. Siin on m\u00f5ned ennetavad meetmed:<\/p>\n<ul>\n<li><strong>Regulaarsed kontrollid:<\/strong> Kulumism\u00e4rkide, lekete ja muude probleemide sagedane kontrollimine aitab probleeme enne nende s\u00fcvenemist tuvastada.<\/li>\n<li><strong>M\u00e4\u00e4rimisrutiinid:<\/strong> M\u00e4\u00e4rimisgraafiku koostamine aitab v\u00e4ltida liikuvate osade tarbetut kulumist.<\/li>\n<li><strong>Tihendi vahetamine:<\/strong> Kulunud tihendite j\u00e4lgimine ja \u00f5igeaegne vahetamine aitab v\u00e4ltida lekkeid ja s\u00e4ilitada s\u00fcsteemi r\u00f5hu.<\/li>\n<\/ul>\n<h2>Paigaldusjuhised<\/h2>\n<p>H\u00fcdrauliliste silindrite \u00f5ige paigaldamine on optimaalse j\u00f5udluse saavutamiseks \u00fclioluline. J\u00e4rgige neid juhiseid:<\/p>\n<ol>\n<li><strong>Silindri joondamine:<\/strong> Veenduge, et silinder oleks kinnituspunktidega \u00f5igesti joondatud, et v\u00e4ltida komponentidele liigset pinget.<\/li>\n<li><strong>Kasutage sobivaid kinnitusklambreid:<\/strong> Kinnitage silinder sobivate klambritega, et v\u00e4ltida liikumist t\u00f6\u00f6tamise ajal.<\/li>\n<li><strong>Kontrollige h\u00fcdraulilisi \u00fchendusi:<\/strong> Veenduge, et k\u00f5ik h\u00fcdraulikavoolikud oleksid lekete v\u00e4ltimiseks kindlalt \u00fchendatud.<\/li>\n<li><strong>Testige s\u00fcsteemi:<\/strong> Enne t\u00e4ielikku t\u00f6\u00f6lepanekut tehke test, et veenduda k\u00f5ige korrektses toimimises.<\/li>\n<\/ol>\n<h2>Levinumad hooldust\u00f6\u00f6d<\/h2>\n<p>Olulised hooldust\u00f6\u00f6d h\u00f5lmavad j\u00e4rgmist:<\/p>\n<h3>1. Regulaarsed kontrollid<\/h3>\n<p>Regulaarsete kontrollide tegemine aitab kulumism\u00e4rke ja v\u00f5imalikke probleeme varakult tuvastada. See ennetav l\u00e4henemisviis aitab v\u00e4ltida kulukaid remondit\u00f6id ja seisakuid. Tihendite, voolikute ja liitmike kontrollimine tagab s\u00fcsteemi lekkevaba ja sujuva t\u00f6\u00f6. Hooldusp\u00e4evikut tuleks pidada, et j\u00e4lgida s\u00fcsteemi seisukorda aja jooksul.<\/p>\n<h3>2. Sobiv m\u00e4\u00e4rimine<\/h3>\n<p>H\u00fcdrauliliste komponentide m\u00e4\u00e4rimine vastavalt tootja juhistele on \u00fclioluline kulumise v\u00e4ltimiseks ja kasutusea pikendamiseks. \u00d5ige t\u00fc\u00fcpi h\u00fcdraulika\u00f5li kasutamine ja selle \u00f5ige taseme tagamine v\u00f5ib oluliselt m\u00f5jutada s\u00fcsteemi j\u00f5udlust ja efektiivsust. S\u00fcsteemi optimaalse toimimise tagamiseks peaksid hooldusrutiini osaks olema regulaarsed kontrollid ja reguleerimised.<\/p>\n<h3>3. Tihendi vahetamine<\/h3>\n<p>Tihendite vahetamine on h\u00fcdraulilise terviklikkuse s\u00e4ilitamiseks \u00fclioluline. M\u00e4rgid, mis viitavad tihendite vahetamisele, on n\u00e4htavad lekked v\u00f5i r\u00f5hu k\u00f5ikumised. Regulaarne ja kasutusp\u00f5hine vahetamine aitab s\u00e4ilitada h\u00fcdraulikas\u00fcsteemi efektiivsust ja v\u00e4ltida ootamatuid rikkeid.<\/p>\n<h2>Ohutus- ja keskkonnakaalutlused<\/h2>\n<p>H\u00fcdrauliliste s\u00fcsteemidega t\u00f6\u00f6tamisel on ohutusmeetmed \u00fcliolulised. Operaatorid peaksid olema koolitatud \u00e4ra tundma v\u00f5imalikke ohte, nagu vedeliku lekked ja r\u00f5hu t\u00f5us. H\u00fcdrauliliste silindrite kasutamisel on oluline j\u00e4rgida ohutusprotokolle, sealhulgas kanda kaitsevarustust ja j\u00e4rgida t\u00f6\u00f6juhiseid. Lisaks tuleks j\u00e4rgida h\u00fcdrauliliste vedelike n\u00f5uetekohaseid k\u00f5rvaldamismeetodeid, tagades minimaalse keskkonnam\u00f5ju.<\/p>\n<h2>Veaotsing ja levinud probleemid<\/h2>\n<p>H\u00fcdrauliliste silindrite v\u00f5imalike probleemide m\u00f5istmine aitab t\u00f5husalt t\u00f5rkeotsingut teha:<\/p>\n<ul>\n<li><strong>Leke:<\/strong> Tavaliselt p\u00f5hjustatud kulunud tihenditest v\u00f5i eba\u00f5igest kokkupanekust. Kontrollige tihendeid ja \u00fchendusi kahjustuste suhtes.<\/li>\n<li><strong>R\u00f5hulangused:<\/strong> V\u00f5ib viidata ummistustele h\u00fcdrovoolikutes v\u00f5i madalale vedelikutasemele. Kontrollige ummistusi ja lisage vajadusel vedelikku.<\/li>\n<li><strong>Reageerimata silinder:<\/strong> V\u00f5ib tekkida s\u00fcsteemi j\u00e4\u00e4nud \u00f5hu v\u00f5i ebapiisava vedeliku r\u00f5hu t\u00f5ttu. Soovitatav on s\u00fcsteemist \u00f5hk v\u00e4lja lasta ja vedeliku taset kontrollida.<\/li>\n<\/ul>\n<h2>Veaotsingu n\u00e4pun\u00e4ited<\/h2>\n<p>Kui tekib probleeme, kaaluge j\u00e4rgmisi n\u00e4pun\u00e4iteid:<\/p>\n<ul>\n<li><strong>J\u00e4lgige regulaarselt toimivust:<\/strong> Silindri j\u00f5udluse j\u00e4lgimine aitab probleeme varakult avastada.<\/li>\n<li><strong>Vaadake tootja juhiseid:<\/strong> Tootja dokumentatsioon sisaldab sageli t\u00f5rkeotsingu samme ja lahendusi konkreetsetele probleemidele.<\/li>\n<li><strong>Rakenda ennetavaid meetmeid:<\/strong> Kontrollide ja hoolduse rutiini kehtestamine aitab minimeerida probleemide tekkimise t\u00f5en\u00e4osust.<\/li>\n<\/ul>\n<p><img decoding=\"async\" src=\"https:\/\/www.hydraulic-cylinders.net\/wp-content\/uploads\/2025\/05\/hydraulic-cylinder-all-2.webp\" alt=\"H\u00fcdraulilise silindri pilt\"><\/p>\n<h2>Meie ettev\u00f5ttest<\/h2>\n<p>H\u00fcdrauliliste silindrite juhtiva tootjana oleme uhked oma laia tootevaliku \u00fcle, mis rahuldab nii sise- kui ka rahvusvahelisi turge. Meie p\u00fchendumus kvaliteedile ja innovatsioonile asetab meid valdkonna \u00fcheks juhtivaks h\u00fcdrosilindrite tootjaks ja hulgim\u00fc\u00fcjaks. Pakume:<\/p>\n<ul>\n<li><strong>Professionaalne asjatundlikkus:<\/strong> Meie meeskond koosneb kogenud spetsialistidest, kes on p\u00fchendunud tipptasemel toodete pakkumisele.<\/li>\n<li><strong>Rahvusvahelised sertifikaadid:<\/strong> Meie tooted vastavad rangetele rahvusvahelistele standarditele, tagades t\u00f6\u00f6kindluse ja ohutuse.<\/li>\n<li><strong>Kohandatud lahendused:<\/strong> Pakume teenuseid vastavalt kliendi erin\u00f5uetele, tagades sellega rahulolu.<\/li>\n<li><strong>T\u00e4iustatud tootmisseadmed:<\/strong> Meie tipptasemel tootmisseadmed tagavad kvaliteetse toodangu.<\/li>\n<li><strong>P\u00f5hjalik m\u00fc\u00fcgij\u00e4rgne tugi:<\/strong> Pakume oma klientidele tugevat tuge, tagades neile abi alati, kui neid vajatakse.<\/li>\n<\/ul>\n<p><img decoding=\"async\" src=\"https:\/\/www.hydraulic-cylinders.net\/wp-content\/uploads\/2025\/05\/xinxin-hydraulic-cylinder-factory-1.webp\" alt=\"H\u00fcdraulilise silindri tehase pilt\"><\/p>\n<p>Autor: lyl<\/p>\n<p><img decoding=\"async\" src=\"https:\/\/hzpt.com\/wp-content\/uploads\/2024\/11\/songte-company-1.webp\" alt=\"Ettev\u00f5tte kuvand\"><\/p>","protected":false},"excerpt":{"rendered":"<p>Micro Digging Side Hydraulic Cylinders Product Overview The Micro Digging Side Hydraulic Cylinder is a specialized hydraulic actuator designed for precise control and powerful performance in compact applications. These cylinders are essential components in various machinery, enabling operators to execute tasks with remarkable accuracy and efficiency. Engineered to deliver optimal force in confined spaces, they [&hellip;]<\/p>","protected":false},"featured_media":20629,"comment_status":"open","ping_status":"closed","template":"","meta":{"_et_pb_use_builder":"","_et_pb_old_content":"","_et_gb_content_width":""},"product_brand":[],"product_cat":[1483,1557],"product_tag":[],"class_list":{"0":"post-20703","1":"product","2":"type-product","3":"status-publish","4":"has-post-thumbnail","6":"product_cat-construction-machinery-hydraulic-cylinders","7":"product_cat-micro-digging-side-hydraulic-cylinders","9":"first","10":"instock","11":"shipping-taxable","12":"product-type-simple"},"amp_enabled":true,"_links":{"self":[{"href":"https:\/\/www.hydraulic-cylinders.net\/et\/wp-json\/wp\/v2\/product\/20703","targetHints":{"allow":["GET"]}}],"collection":[{"href":"https:\/\/www.hydraulic-cylinders.net\/et\/wp-json\/wp\/v2\/product"}],"about":[{"href":"https:\/\/www.hydraulic-cylinders.net\/et\/wp-json\/wp\/v2\/types\/product"}],"replies":[{"embeddable":true,"href":"https:\/\/www.hydraulic-cylinders.net\/et\/wp-json\/wp\/v2\/comments?post=20703"}],"wp:featuredmedia":[{"embeddable":true,"href":"https:\/\/www.hydraulic-cylinders.net\/et\/wp-json\/wp\/v2\/media\/20629"}],"wp:attachment":[{"href":"https:\/\/www.hydraulic-cylinders.net\/et\/wp-json\/wp\/v2\/media?parent=20703"}],"wp:term":[{"taxonomy":"product_brand","embeddable":true,"href":"https:\/\/www.hydraulic-cylinders.net\/et\/wp-json\/wp\/v2\/product_brand?post=20703"},{"taxonomy":"product_cat","embeddable":true,"href":"https:\/\/www.hydraulic-cylinders.net\/et\/wp-json\/wp\/v2\/product_cat?post=20703"},{"taxonomy":"product_tag","embeddable":true,"href":"https:\/\/www.hydraulic-cylinders.net\/et\/wp-json\/wp\/v2\/product_tag?post=20703"}],"curies":[{"name":"wp","href":"https:\/\/api.w.org\/{rel}","templated":true}]}}