{"id":20713,"date":"2025-05-27T06:22:09","date_gmt":"2025-05-27T06:22:09","guid":{"rendered":"https:\/\/www.hydraulic-cylinders.net\/product\/sanitation-vehicle-switching-hydraulic-cylinder\/"},"modified":"2025-05-27T06:22:11","modified_gmt":"2025-05-27T06:22:11","slug":"sanitation-vehicle-switching-hydraulic-cylinder","status":"publish","type":"product","link":"https:\/\/www.hydraulic-cylinders.net\/et\/toode\/sanitation-vehicle-switching-hydraulic-cylinder\/","title":{"rendered":"Sanitaartehnika h\u00fcdraulilise silindri vahetamine"},"content":{"rendered":"<h1>Sanitaartehnika h\u00fcdraulilise silindri vahetamine<\/h1>\n<h2>Toote \u00fclevaade<\/h2>\n<p>Sanitaars\u00f5iduki l\u00fclitush\u00fcdrauliline silinder on sanitaars\u00f5idukite t\u00f5husaks t\u00f6\u00f6ks loodud oluline komponent. See spetsiaalne h\u00fcdrosilinder h\u00f5lbustab l\u00fclitusmehhanismi, mis on oluline mitmesuguste sanitaarseadmete t\u00f5husaks toimimiseks. Selle peamine eesm\u00e4rk on muuta h\u00fcdrauliline energia mehaaniliseks j\u00f5uks, v\u00f5imaldades sanitaarseadmete sujuvat liikumist ja juhtimist. See h\u00fcdrosilinder m\u00e4ngib olulist rolli s\u00f5idukite t\u00f6\u00f6 efektiivsuse parandamisel, v\u00f5imaldades t\u00e4pset juhtimist t\u00f5stmise, kallutamise ja man\u00f6\u00f6verdamise funktsioonide \u00fcle. Tugeva konstruktsiooni ja usaldusv\u00e4\u00e4rse j\u00f5udlusega tagab see sanitaartoimingute sujuva teostamise, aidates kaasa puhtama keskkonna loomisele.<\/p>\n<h2>Toote spetsifikatsioonid<\/h2>\n<p>Allpool on toodud sanitaartehnika l\u00fclitush\u00fcdraulilise silindri \u00fcksikasjalikud spetsifikatsioonid:<\/p>\n<ul>\n<li>Silindri l\u00e4bim\u00f5\u00f5t: <strong>32 mm<\/strong><\/li>\n<li>Varda l\u00e4bim\u00f5\u00f5t: <strong>20 mm<\/strong><\/li>\n<li>Reisimine: <strong>20 mm<\/strong><\/li>\n<li>Paigalduskaugus: <strong>84 mm<\/strong><\/li>\n<\/ul>\n<h3>\u00dcksikasjalikud spetsifikatsioonid Selgitus<\/h3>\n<p>Silindri l\u00e4bim\u00f5\u00f5t 32 mm annab h\u00fcdraulilistele toimingutele tugeva aluse, pakkudes m\u00e4rkimisv\u00e4\u00e4rset j\u00f5udu. Varda l\u00e4bim\u00f5\u00f5t 20 mm on konstrueeritud optimaalse tugevuse saavutamiseks, s\u00e4ilitades samal ajal kerge profiili. 20 mm k\u00e4iguga v\u00f5imaldab see silinder t\u00f5husat liikumist kitsastes ruumides. 84 mm paigalduskaugus on loodud tagama \u00fchilduvuse standardsete sanitaars\u00f5idukite raamidega, h\u00f5lbustades h\u00f5lpsat integreerimist paigaldamise ajal.<\/p>\n<h2>H\u00fcdraulilise silindri omadused<\/h2>\n<ul>\n<li><strong>K\u00f5rge vastupidavus:<\/strong> Loodud vastu pidama karmidele tingimustele, tagades pika kasutusea.<\/li>\n<li><strong>T\u00f5hus j\u00f5udlus:<\/strong> Tagab sujuva ja usaldusv\u00e4\u00e4rse t\u00f6\u00f6 sanitaarrakendustes.<\/li>\n<li><strong>Kohandatavad valikud:<\/strong> Saadaval erinevates konfiguratsioonides, et rahuldada klientide konkreetseid vajadusi.<\/li>\n<li><strong>Lihtne paigaldus:<\/strong> Loodud lihtsaks paigaldamiseks ja hooldamiseks.<\/li>\n<li><strong>Kulut\u00f5hus:<\/strong> Konkurentsiv\u00f5imeline lahendus, mis v\u00e4hendab aja jooksul tegevuskulusid.<\/li>\n<\/ul>\n<p>Me valmistame seda toodet t\u00e4pselt, tagades, et see asendab ideaalselt sanitaars\u00f5idukites olemasolevaid h\u00fcdraulilisi silindreid, suurendades nende t\u00f6\u00f6 efektiivsust.<\/p>\n<h2>H\u00fcdraulilise silindri rakendused<\/h2>\n<h3>Sanitaartehnika s\u00f5iduki opereerimine<\/h3>\n<p>Selle h\u00fcdrosilindri peamine rakendusala on sanitaars\u00f5idukid, kus seda kasutatakse j\u00e4\u00e4tmekastide t\u00f5ste- ja kallutusmehhanismide juhtimiseks. See funktsioon on oluline pr\u00fcgikastide t\u00f5husaks t\u00fchjendamiseks ilma k\u00e4sitsi sekkumiseta, suurendades seel\u00e4bi ohutust ja tootlikkust. H\u00fcdraulikas\u00fcsteem v\u00f5imaldab operaatoril juhtida t\u00f5stek\u00f5rgust ja -nurka, tagades j\u00e4\u00e4tmete t\u00f5husa t\u00fchjendamise isegi kitsastes kohtades.<\/p>\n<h3>T\u00f6\u00f6stuslikud puhastusseadmed<\/h3>\n<p>Teine oluline rakendusala on t\u00f6\u00f6stuslikud puhastusmasinad. H\u00fcdrauliline silinder h\u00f5lbustab harjade ja muude puhastuskomponentide liikumist, tagades p\u00f5hjaliku puhastuse suurtes rajatistes. Selle vastupidav konstruktsioon v\u00f5imaldab tal taluda pidevat t\u00f6\u00f6d, mist\u00f5ttu sobib see ideaalselt rasketeks puhastust\u00f6\u00f6deks.<\/p>\n<h3>J\u00e4\u00e4tmek\u00e4itlusrajatised<\/h3>\n<p>J\u00e4\u00e4tmek\u00e4itlusrajatistes kasutatakse seda h\u00fcdrosilindrit sorteerimis- ja t\u00f6\u00f6tlemisseadmetes. See aitab sorteerimismehhanismide asendit automaatselt reguleerida, mis on j\u00e4\u00e4tmete sorteerimisprotsessi optimeerimiseks \u00fclioluline. Selle funktsiooni automatiseerimisega saavad rajatised oma t\u00f5husust suurendada ja t\u00f6\u00f6j\u00f5ukulusid v\u00e4hendada.<\/p>\n<h3>P\u00f5llumajanduslikud rakendused<\/h3>\n<p>H\u00fcdraulilist silindrit saab kohandada ka p\u00f5llumajandusmasinate, n\u00e4iteks j\u00e4\u00e4tmeveohaagiste jaoks. Selle v\u00f5ime h\u00f5lbustada raskete koormate t\u00f5stmist muudab selle sobivaks mitmesugusteks p\u00f5llumajandust\u00f6\u00f6deks, sealhulgas orgaaniliste j\u00e4\u00e4tmete transportimiseks taludest, aidates kaasa s\u00e4\u00e4stvatele p\u00f5llumajandustavadele.<\/p>\n<h3>Ringlussev\u00f5tu seadmed<\/h3>\n<p>See silinder on oluline ringlussev\u00f5tut\u00f6\u00f6stuses kasutatavates masinates, kus see t\u00f6\u00f6tab kompaktorite ja pallipresside juures. Andes materjalide kokkusurumiseks vajaliku j\u00f5u, suurendab see oluliselt ringlussev\u00f5tu toimingute efektiivsust, h\u00f5lbustades paremat ruumikasutust ja ringlussev\u00f5etud materjalide transporti.<\/p>\n<h2>Projekteerimiskaalutlused ja valikukriteeriumid<\/h2>\n<h3>Kandev\u00f5ime<\/h3>\n<p>H\u00fcdrauliliste silindrite projekteerimisel on kandev\u00f5ime kriitilise t\u00e4htsusega tegur. See m\u00e4\u00e4rab, kui suurt raskust silinder suudab rikketa taluda. T\u00f6\u00f6n\u00f5uete p\u00f5hjalik anal\u00fc\u00fcs on oluline, et tagada silindri v\u00f5ime kanda kavandatud koormust, pakkudes ohutust ja t\u00f6\u00f6kindlust kogu oma kasutusea jooksul.<\/p>\n<h3>Tihendusmehhanismid<\/h3>\n<p>H\u00fcdrauliliste silindrite t\u00f5husa t\u00f6\u00f6 jaoks on tihendamine \u00fclioluline. Kvaliteetsed tihendid hoiavad \u00e4ra vedeliku lekke, s\u00e4ilitades r\u00f5hu ja j\u00f5udluse. Tihendusmaterjalide, n\u00e4iteks pol\u00fcuretaani ja nitriilkummi, valik on vastupidavuse ja efektiivsuse tagamiseks \u00fclioluline, eriti karmides t\u00f6\u00f6keskkondades.<\/p>\n<h3>Vastupidavus<\/h3>\n<p>Vastupidavus on h\u00fcdrauliliste silindrite projekteerimisel v\u00f5tmet\u00e4htsusega. Kasutatavad materjalid peavad taluma m\u00e4rkimisv\u00e4\u00e4rset mehaanilist pinget ja keskkonnategureid, nagu niiskus ja temperatuurik\u00f5ikumised. See tagab pikema eluea ja minimeerib sagedase vahetamise vajaduse, v\u00e4hendades seel\u00e4bi \u00fcldiseid tegevuskulusid.<\/p>\n<h3>Turvaelemendid<\/h3>\n<p>H\u00fcdraulilistes s\u00fcsteemides on ohutus esmat\u00e4htis. Ohutusfunktsioonide, n\u00e4iteks r\u00f5hukaitseventiilide lisamine aitab v\u00e4ltida \u00fclekoormust ja v\u00f5imalikke rikkeid. Need projekteerimiskaalutlused on olulised operaatorite ja seadmete kaitsmiseks t\u00f6\u00f6tamise ajal, tagades ohutu t\u00f6\u00f6keskkonna.<\/p>\n<h3>Hooldus ja ligip\u00e4\u00e4setavus<\/h3>\n<p>Hoolduse lihtsus on veel \u00fcks oluline disainiaspekt. H\u00fcdraulilised silindrid peaksid olema konstrueeritud nii, et neid oleks lihtne kontrollida ja hooldada, v\u00f5imaldades tihendite ja muude komponentide kiiret vahetamist. See minimeerib seisakuid ja suurendab t\u00f6\u00f6 efektiivsust.<\/p>\n<h2>Tihendus ja m\u00e4\u00e4rimine<\/h2>\n<p>Optimaalse j\u00f5udluse tagamiseks kasutatakse h\u00fcdraulilistes silindrites mitmeid tihenduskomponente, sealhulgas kolvitihendeid ja varrastihendeid. Need tihendid on tavaliselt valmistatud kulumiskindlatest materjalidest nagu pol\u00fcuretaan ja nitriilkummi, mis pakuvad suurep\u00e4rast vastupidavust ja vastupidavust h\u00fcdrauliliste vedelike m\u00f5jule. N\u00f5uetekohane tihendamine hoiab \u00e4ra h\u00fcdraulilise vedeliku lekke, s\u00e4ilitades s\u00fcsteemi efektiivsuse.<\/p>\n<p>Silindri korpus ja keermestatud otsad on kulumiskindluse suurendamiseks ja h\u00fcdrosilindri kasutusea pikendamiseks t\u00e4ppist\u00f6\u00f6tluse l\u00e4binud. Samuti on oluline regulaarne m\u00e4\u00e4rimine, mis n\u00f5uab perioodilist h\u00fcdro\u00f5li lisamist liikuvate osade h\u00f5\u00f5rdumise ja kulumise v\u00e4hendamiseks, tagades sujuva t\u00f6\u00f6.<\/p>\n<h2>Ennetavad hooldusmeetmed<\/h2>\n<ul>\n<li><strong>Regulaarsed kontrollid:<\/strong> Kontrollige sageli lekkeid, kulumist ja kahjustusi, et avastada probleeme varakult ja v\u00e4ltida rikkeid.<\/li>\n<li><strong>M\u00e4\u00e4rimine:<\/strong> Silindri liikuvate osade n\u00f5uetekohaseks m\u00e4\u00e4rimiseks, h\u00f5\u00f5rdumise ja kulumise v\u00e4hendamiseks veenduge, et h\u00fcdraulika\u00f5li lisatakse \u00f5igeaegselt.<\/li>\n<li><strong>Tihendi vahetamine:<\/strong> Lekete v\u00e4ltimiseks ja s\u00fcsteemi t\u00f5hususe s\u00e4ilitamiseks vahetage kulunud tihendeid regulaarselt, s\u00e4ilitades r\u00f5hu terviklikkuse.<\/li>\n<\/ul>\n<h2>Paigaldusjuhised<\/h2>\n<p>Sanitaars\u00f5iduki l\u00fclitush\u00fcdrosilindri \u00f5ige paigaldamine on optimaalse j\u00f5udluse saavutamiseks \u00fclioluline. Alustage veendumaks, et silinder on joondatud s\u00fcsteemi kinnituspunktidega. Kasutage silindri kindlale kinnitamiseks sobivaid kinnitusklambreid, v\u00e4ltides seadmele liigset pinget. H\u00fcdraulikavoolikud tuleks \u00fchendada vastavalt tootja spetsifikatsioonidele, v\u00e4ltides teravaid painu, mis v\u00f5ivad vedeliku voolu piirata.<\/p>\n<p>P\u00e4rast paigaldamist kontrollige silindri joondust, et see t\u00f6\u00f6taks sujuvalt ja takistusteta. R\u00f5hu efektiivsuse s\u00e4ilitamiseks on oluline h\u00fcdraulikas\u00fcsteem \u00f5hust t\u00fchjendada. L\u00f5puks tehke funktsionaalne test, et veenduda silindri etten\u00e4htud otstarbel t\u00f6\u00f6tamises, tehes vajadusel kohandusi.<\/p>\n<h2>Levinumad hooldust\u00f6\u00f6d<\/h2>\n<h3>Regulaarsed kontrollid<\/h3>\n<p>Regulaarsete kontrollide tegemine on oluline v\u00f5imalike probleemide tuvastamiseks enne nende s\u00fcvenemist. Keskenduge kulumism\u00e4rkide, vedelikulekete ja ebatavaliste helide kontrollimisele t\u00f6\u00f6tamise ajal. See ennetav l\u00e4henemisviis aitab tagada h\u00fcdrosilindri t\u00f5husa toimimise kogu selle eluea jooksul.<\/p>\n<h3>\u00d5ige m\u00e4\u00e4rimine<\/h3>\n<p>M\u00e4\u00e4rimine on h\u00fcdrauliliste silindrite pikaealisuse lahutamatu osa. Veenduge, et h\u00fcdraulilise vedeliku tase on \u00f5ige ja et seda vahetatakse regulaarselt, et v\u00e4ltida saastumist. See parandab silindri j\u00f5udlust ja v\u00e4hendab enneaegse kulumise ohtu.<\/p>\n<h3>Tihendi vahetamine ja kalibreerimise kontrollimine<\/h3>\n<p>Tihendite vahetamine esimeste kulumism\u00e4rkide ilmnemisel hoiab \u00e4ra vedeliku lekked ja s\u00e4ilitab h\u00fcdraulilise r\u00f5hu. Lisaks tagab kalibreerimiskontrollide tegemine, et silinder t\u00f6\u00f6tab etten\u00e4htud parameetrite piires, ennetades v\u00f5imalikke kahjustusi ja tagades ohutuse t\u00f6\u00f6tamise ajal.<\/p>\n<h2>Ohutuskaalutlused ja keskkonnategurid<\/h2>\n<p>H\u00fcdrauliliste silindrite projekteerimisel ja k\u00e4itamisel on ohutuse esikohale seadmine oluline. Operaatorite n\u00f5uetekohane v\u00e4lja\u00f5pe ja ohutusprotokollide j\u00e4rgimine aitavad leevendada h\u00fcdraulilise vedeliku lekete v\u00f5i silindrite riketega seotud riske. Lisaks aitab materjalide ja vedelike valimisel keskkonnam\u00f5jude arvestamine edendada h\u00fcdrauliliste toimingute j\u00e4tkusuutlikkust.<\/p>\n<h2>Veaotsing ja levinud probleemid<\/h2>\n<ul>\n<li><strong>Vedeliku lekked:<\/strong> Kontrollige tihendeid ja \u00fchendusi, et tuvastada ja parandada k\u00f5ik lekked, et s\u00e4ilitada s\u00fcsteemi r\u00f5hk.<\/li>\n<li><strong>V\u00e4hendatud j\u00f5udlus:<\/strong> Kontrollige h\u00fcdraulikavedeliku taset ja kvaliteeti; madal v\u00f5i saastunud vedelik v\u00f5ib p\u00f5hjustada ebaefektiivsust.<\/li>\n<li><strong>Ebatavalised helid:<\/strong> T\u00f6\u00f6tamise ajal tekkivad m\u00fcrad v\u00f5ivad viidata mehaanilisele kulumisele v\u00f5i ebapiisavale m\u00e4\u00e4rimisele; uurige seda kohe.<\/li>\n<\/ul>\n<h2>Veaotsingu n\u00e4pun\u00e4ited<\/h2>\n<p>H\u00fcdrosilindri probleemide korral on oluline probleem t\u00f5husalt diagnoosida. Alustage n\u00e4htavate lekete kontrollimisest, mida saab sageli tihendite vahetamisega parandada. Kui j\u00f5udlus on puudulik, hinnake h\u00fcdraulikavedeliku taset ja kvaliteeti; madal v\u00f5i saastunud vedelik v\u00f5ib efektiivsust t\u00f5siselt m\u00f5jutada. Ebatavaliste helide kuulamine t\u00f6\u00f6tamise ajal v\u00f5ib samuti anda vihjeid; need v\u00f5ivad viidata m\u00e4\u00e4rimisvajadusele v\u00f5i sisemiste komponentide kulumisele. Ennetavate meetmete, n\u00e4iteks regulaarse hoolduse, rakendamine v\u00f5ib oluliselt v\u00e4hendada nende probleemide tekkimise t\u00f5en\u00e4osust.<\/p>\n<p><img decoding=\"async\" src=\"https:\/\/www.hydraulic-cylinders.net\/wp-content\/uploads\/2025\/05\/hydraulic-cylinder-all-2.webp\" alt=\"H\u00fcdraulilise silindri pilt\" \/><\/p>\n<h2>Meie ettev\u00f5ttest<\/h2>\n<p>Oleme juhtiv h\u00fcdrosilindrite tootja, pakkudes laia tootevalikut nii sise- kui ka rahvusvahelisele turule. Meie p\u00fchendumus kvaliteedile on teinud meist \u00fche juhtiva h\u00fcdrosilindrite tootja ja hulgim\u00fc\u00fcja. Oleme uhked oma asjatundlikkuse \u00fcle, mida toetavad rahvusvahelised sertifikaadid, mis kinnitavad meie k\u00f5rgeid tootmisstandardeid.<\/p>\n<p>Meie kohandamisteenused v\u00f5imaldavad meil rahuldada klientide erivajadusi, tagades, et pakume erinevate rakenduste jaoks kohandatud lahendusi. Tipptasemel tootmisseadmetega s\u00e4ilitame k\u00f5igi oma tootmisprotsesside t\u00f5hususe ja t\u00e4psuse. Lisaks tagab meie p\u00fchendunud m\u00fc\u00fcgij\u00e4rgne teenindus klientidele pideva toe, suurendades nende rahulolu ja usaldust meie toodete vastu.<\/p>\n<p><img decoding=\"async\" src=\"https:\/\/www.hydraulic-cylinders.net\/wp-content\/uploads\/2025\/05\/xinxin-hydraulic-cylinder-factory-1.webp\" alt=\"Ettev\u00f5tte tehase pilt\" \/><\/p>\n<p>Autor: lyl<\/p>","protected":false},"excerpt":{"rendered":"<p>Sanitation Vehicle Switching Hydraulic Cylinder Product Overview The Sanitation Vehicle Switching Hydraulic Cylinder is a crucial component designed for the efficient operation of sanitation vehicles. This specialized hydraulic cylinder facilitates the switching mechanism essential for the effective functioning of various sanitation equipment. Its primary purpose is to convert hydraulic energy into mechanical force, enabling the [&hellip;]<\/p>","protected":false},"featured_media":20655,"comment_status":"open","ping_status":"closed","template":"","meta":{"_et_pb_use_builder":"","_et_pb_old_content":"","_et_gb_content_width":""},"product_brand":[],"product_cat":[1483,1558],"product_tag":[],"class_list":{"0":"post-20713","1":"product","2":"type-product","3":"status-publish","4":"has-post-thumbnail","6":"product_cat-construction-machinery-hydraulic-cylinders","7":"product_cat-sanitation-machinery-hydraulic-cylinders-2","9":"first","10":"instock","11":"shipping-taxable","12":"product-type-simple"},"amp_enabled":true,"_links":{"self":[{"href":"https:\/\/www.hydraulic-cylinders.net\/et\/wp-json\/wp\/v2\/product\/20713","targetHints":{"allow":["GET"]}}],"collection":[{"href":"https:\/\/www.hydraulic-cylinders.net\/et\/wp-json\/wp\/v2\/product"}],"about":[{"href":"https:\/\/www.hydraulic-cylinders.net\/et\/wp-json\/wp\/v2\/types\/product"}],"replies":[{"embeddable":true,"href":"https:\/\/www.hydraulic-cylinders.net\/et\/wp-json\/wp\/v2\/comments?post=20713"}],"wp:featuredmedia":[{"embeddable":true,"href":"https:\/\/www.hydraulic-cylinders.net\/et\/wp-json\/wp\/v2\/media\/20655"}],"wp:attachment":[{"href":"https:\/\/www.hydraulic-cylinders.net\/et\/wp-json\/wp\/v2\/media?parent=20713"}],"wp:term":[{"taxonomy":"product_brand","embeddable":true,"href":"https:\/\/www.hydraulic-cylinders.net\/et\/wp-json\/wp\/v2\/product_brand?post=20713"},{"taxonomy":"product_cat","embeddable":true,"href":"https:\/\/www.hydraulic-cylinders.net\/et\/wp-json\/wp\/v2\/product_cat?post=20713"},{"taxonomy":"product_tag","embeddable":true,"href":"https:\/\/www.hydraulic-cylinders.net\/et\/wp-json\/wp\/v2\/product_tag?post=20713"}],"curies":[{"name":"wp","href":"https:\/\/api.w.org\/{rel}","templated":true}]}}