{"id":20716,"date":"2025-05-27T06:22:16","date_gmt":"2025-05-27T06:22:16","guid":{"rendered":"https:\/\/www.hydraulic-cylinders.net\/product\/sanitation-vehicle-scraper-hydraulic-cylinder\/"},"modified":"2025-05-27T06:22:18","modified_gmt":"2025-05-27T06:22:18","slug":"sanitation-vehicle-scraper-hydraulic-cylinder","status":"publish","type":"product","link":"https:\/\/www.hydraulic-cylinders.net\/et\/toode\/sanitation-vehicle-scraper-hydraulic-cylinder\/","title":{"rendered":"Sanitaartehnika kaabitsa h\u00fcdrauliline silinder"},"content":{"rendered":"<h1>Sanitaartehnika kaabitsa h\u00fcdrauliline silinder<\/h1>\n<h2>Toote tutvustus<\/h2>\n<p>Sanitaars\u00f5iduki kraabitsa h\u00fcdrosilinder on kriitiline komponent, mis on loodud sanitaars\u00f5idukite efektiivsuse ja funktsionaalsuse parandamiseks. Seda h\u00fcdrosilindrit kasutatakse peamiselt pr\u00fcgiveo ja t\u00e4navapuhastust\u00f6\u00f6de mehhanismide t\u00f5stmiseks ja langetamiseks. See v\u00f5imaldab sujuvaid ja kontrollitud liikumisi, tagades kraabitsa t\u00f5husa t\u00f6\u00f6, minimeerides samal ajal masina kulumist. Oma tugeva konstruktsiooni ja t\u00e4pse konstruktsiooniga suurendab see h\u00fcdrosilinder mitte ainult sanitaars\u00f5idukite tootlikkust, vaid aitab kaasa ka nende \u00fcldisele t\u00f6\u00f6kindlusele ja ohutusele. P\u00f5him\u00f5tteliselt m\u00e4ngib see olulist rolli sanitaartoimingute optimeerimisel, muutes need t\u00f5husamaks ja keskkonnas\u00f5bralikumaks.<\/p>\n<h2>Toote parameetrid<\/h2>\n<p>Sanitaartehnika kaabitsa h\u00fcdrosilindri spetsifikatsioonid on j\u00e4rgmised:<\/p>\n<ul>\n<li>Silindri l\u00e4bim\u00f5\u00f5t: 63 mm<\/li>\n<li>Varda l\u00e4bim\u00f5\u00f5t: 40 mm<\/li>\n<li>K\u00e4ik: 385 mm<\/li>\n<li>Paigalduskaugus: 670 mm<\/li>\n<\/ul>\n<p>Need parameetrid n\u00e4itavad h\u00fcdrosilindri f\u00fc\u00fcsilisi m\u00f5\u00f5tmeid ja v\u00f5imekust, mis on olulised \u00fchilduvuse m\u00e4\u00e4ramiseks erinevate sanitaars\u00f5idukite mudelitega. Silindri l\u00e4bim\u00f5\u00f5t tagab piisava tugevuse, et taluda t\u00f6\u00f6koormust, samas kui varda l\u00e4bim\u00f5\u00f5t ja k\u00e4igupikkus v\u00f5imaldavad piisavat t\u00f5stej\u00f5udu. Paigalduskaugus on oluline s\u00f5iduki h\u00fcdros\u00fcsteemi \u00f5ige paigaldamise tagamiseks.<\/p>\n<h2>Toote omadused<\/h2>\n<p>Sanitaars\u00f5iduki kaabitsa h\u00fcdraulilise silindri peamised omadused on j\u00e4rgmised:<\/p>\n<ul>\n<li>Suur tugevus ja vastupidavus pikema kasutusea tagamiseks<\/li>\n<li>T\u00e4ppistehnoloogia optimaalse j\u00f5udluse tagamiseks raskete koormuste korral<\/li>\n<li>Mitmek\u00fclgne \u00fchilduvus erinevate sanitaars\u00f5idukite mudelitega<\/li>\n<li>Lihtsad paigaldus- ja hooldusprotsessid<\/li>\n<li>Kulut\u00f5hus asendusv\u00f5imalus olemasolevatele h\u00fcdrosilindritele<\/li>\n<\/ul>\n<p>Meie ettev\u00f5te on spetsialiseerunud selle h\u00fcdrosilindri tootmisele, tagades, et meie tooted saavad sujuvalt asendada teisi turul olevaid h\u00fcdrosilindreid ilma j\u00f5udlust kahjustamata.<\/p>\n<h2>Rakendusstsenaariumid<\/h2>\n<h3>1. Pr\u00fcgivedu<\/h3>\n<p>Sanitaars\u00f5iduki kraabitsa h\u00fcdraulilist silindrit kasutatakse laialdaselt pr\u00fcgiveokites. See v\u00f5imaldab pr\u00fcgim\u00e4e mehhanismi t\u00f5husat t\u00f6\u00f6d, v\u00f5imaldades kogutud j\u00e4\u00e4tmete kiiret ja ohutut mahalaadimist. Selle silindri pakutav t\u00e4pne juhtimine tagab minimaalse mahavalgumise ja maksimeerib s\u00f5iduki laadimisv\u00f5ime, mis viib kiiremate kogumismarsruutideni ja parema t\u00f6\u00f6 efektiivsuseni. Kuna linnad kasvavad ja j\u00e4\u00e4tmek\u00e4itlus muutub \u00fcha keerulisemaks, pole vajadus selliste usaldusv\u00e4\u00e4rsete h\u00fcdrauliliste silindrite j\u00e4rele kunagi olnud olulisem.<\/p>\n<h3>2. T\u00e4navate puhastamine<\/h3>\n<p>T\u00e4navapuhastust\u00f6\u00f6del on h\u00fcdrauliline silinder \u00fclioluline kraapimislaba juhtimiseks, mis eemaldab teedelt ja k\u00f5nniteedelt prahti. Selle v\u00f5ime sujuvalt t\u00f6\u00f6tada erinevates tingimustes tagab, et t\u00e4navapuhastuss\u00f5idukid suudavad s\u00e4ilitada k\u00f5rge puhtustaseme ilma pindu kahjustamata. Silindri konstruktsioon v\u00f5imaldab sellel toime tulla t\u00e4navapuhastuse rangete n\u00f5uetega, sealhulgas raske prahi t\u00f5stmisega ja kitsastes kohtades t\u00f6\u00f6tamisega, muutes selle munitsipaalteenuste jaoks asendamatuks t\u00f6\u00f6riistaks.<\/p>\n<h3>3. J\u00e4\u00e4tmete tihendamine<\/h3>\n<p>J\u00e4\u00e4tmepressimiss\u00f5idukid saavad kasu sanitaars\u00f5iduki kraapimish\u00fcdraulilise silindri tugevast j\u00f5udlusest. See silinder aitab j\u00e4\u00e4tmematerjali t\u00f5husalt kokku suruda, v\u00f5imaldades suuremate koormate vedamist ilma sagedaste j\u00e4\u00e4tmejaamades k\u00e4imiseta. Suurem t\u00f6\u00f6efektiivsus toob kaasa v\u00e4hem heitkoguseid ja madalamaid k\u00fctusekulu, mis on koosk\u00f5las keskkonnas\u00f5bralike tavadega. Silindri disain tagab, et see talub j\u00e4\u00e4tmepressimisega seotud k\u00f5rget r\u00f5hku, aidates kaasa j\u00e4\u00e4tmek\u00e4itlustoimingute pikaealisusele ja t\u00f5hususele.<\/p>\n<h2>Projekteerimiskaalutlused ja valikukriteeriumid<\/h2>\n<h3>Kandev\u00f5ime<\/h3>\n<p>Sanitaars\u00f5idukite h\u00fcdrosilindri valimisel on kandev\u00f5ime esmat\u00e4htis. Sanitaars\u00f5idukite kraabitsa h\u00fcdrosilinder on konstrueeritud taluma m\u00e4rkimisv\u00e4\u00e4rseid koormusi, minimeerides rikkeohtu t\u00f6\u00f6tamise ajal. Oluline on tagada, et silinder suudaks kanda kraabitsa ja mis tahes t\u00e4iendava prahi raskust, ilma et see kahjustaks ohutust v\u00f5i j\u00f5udlust. Tootjad viivad sageli l\u00e4bi rangeid katseid, et kinnitada h\u00fcdrosilindri vastavust vajalikele koormusspetsifikatsioonidele v\u00f5i nende \u00fcletamist.<\/p>\n<h3>Tihendusv\u00f5ime<\/h3>\n<p>H\u00fcdraulilise silindri konstruktsiooni teine \u200b\u200b\u200b\u200boluline aspekt on tihendus. T\u00f5hus tihendus hoiab \u00e4ra h\u00fcdraulilise vedeliku lekke, tagades optimaalse j\u00f5udluse ja pikaealisuse. Sanitaars\u00f5iduki kraabitsa h\u00fcdrosilindril on kvaliteetsed tihendid, mis on olulised r\u00f5hu s\u00e4ilitamiseks ja saastumise v\u00e4ltimiseks. H\u00e4sti tihendatud silinder v\u00e4hendab sagedase hoolduse vajadust ja pikendab t\u00f6\u00f6iga, muutes selle sanitaartoimingute targaks investeeringuks.<\/p>\n<h3>Vastupidavus<\/h3>\n<p>Vastupidavus on karmides keskkondades kasutatavate h\u00fcdrauliliste silindrite puhul \u00fclioluline. Sanitaars\u00f5idukid t\u00f6\u00f6tavad sageli abrasiivsetes tingimustes, mis v\u00f5ib p\u00f5hjustada kulumist. Sanitaars\u00f5iduki kraapimish\u00fcdrauliline silinder on valmistatud \u00fclitugevatest materjalidest, mis on korrosiooni- ja kulumiskindlad, tagades selle \u00fchtlase toimivuse aja jooksul. Projekteerimisel on arvesse v\u00f5etud ka selliseid tegureid nagu v\u00e4simuskindlus ja l\u00f6\u00f6gisummutus, pakkudes usaldusv\u00e4\u00e4rset lahendust n\u00f5udlikeks rakendusteks.<\/p>\n<h3>Turvaelemendid<\/h3>\n<p>H\u00fcdrauliliste silindrite projekteerimisel on ohutus esmat\u00e4htis. Sanitaars\u00f5iduki kraapimish\u00fcdrauliline silinder sisaldab mitmeid ohutusfunktsioone, nagu r\u00f5huvabastusventiilid ja \u00fclekoormuskaitsemehhanismid. Need funktsioonid aitavad v\u00e4ltida v\u00f5imalikke \u00f5nnetusi t\u00f6\u00f6tamise ajal, tagades s\u00f5idukijuhtide ja \u00fcmbritseva personali ohutuse. Nende ohutusfunktsioonide regulaarne kontrollimine on oluline, et s\u00e4ilitada nende t\u00f5husus ja kaitsta rikete eest.<\/p>\n<h3>Hoolduskaalutlused<\/h3>\n<p>H\u00fcdrauliliste silindrite puhul on hoolduse lihtsus \u00fclioluline. Sanitaars\u00f5iduki kraapimish\u00fcdrauliline silinder on konstrueeritud ligip\u00e4\u00e4setavust silmas pidades, v\u00f5imaldades lihtsat kontrolli ja hooldust. Regulaarne hooldus mitte ainult ei pikenda silindri eluiga, vaid tagab ka selle maksimaalse efektiivsuse. Kasutajaid julgustatakse koostama rutiinne hooldusgraafik, et tegeleda v\u00e4iksemate probleemidega enne, kui need olulisteks probleemideks eskaleeruvad.<\/p>\n<h2>Tihendus ja m\u00e4\u00e4rimine<\/h2>\n<p>Sanitaars\u00f5iduki kraabitsa h\u00fcdrosilindri tihendamine ja m\u00e4\u00e4rimine on optimaalse j\u00f5udluse tagamiseks \u00e4\u00e4rmiselt olulised. H\u00fcdrosilinder kasutab mitmesuguseid tihenduskomponente, sealhulgas kolvitihendeid ja vardatihendeid, et tagada h\u00fcdraulikavedeliku p\u00fcsimine ja v\u00e4liste saasteainete sattumise v\u00e4ltimine s\u00fcsteemi. Vastupidavatest materjalidest, nagu pol\u00fcuretaan ja nitriilkummi, valmistatud tihendid pakuvad suurep\u00e4rast kulumiskindlust, pikendades seel\u00e4bi silindri eluiga.<\/p>\n<p>Lisaks t\u00f6\u00f6deldakse silindri korpust ja keermestatud otsi t\u00e4pselt, et parandada kulumiskindlust. Regulaarne m\u00e4\u00e4rimine on \u00fclioluline, kuna see v\u00e4hendab h\u00f5\u00f5rdumist liikuvate osade vahel ja hoiab \u00e4ra \u00fclekuumenemise. Kasutajad peaksid hooldusrutiini osana tagama piisava koguse h\u00fcdraulika\u00f5li kasutamise, mis aitab s\u00e4ilitada optimaalset j\u00f5udlust ja v\u00e4ltida tihendite ja sisemiste komponentide enneaegset kulumist.<\/p>\n<h2>Regulaarne kontroll ja ennetav hooldus<\/h2>\n<p>Sanitaars\u00f5iduki kraapi h\u00fcdrosilindri t\u00f5hususe ja t\u00f6\u00f6kindluse s\u00e4ilitamiseks on regulaarse kontrolli rakendamine kriitilise t\u00e4htsusega. Siin on m\u00f5ned olulised ennetavad hooldusmeetmed:<\/p>\n<ul>\n<li><strong>Visuaalsed kontrollid:<\/strong> Kontrollige regulaarselt kulumis-, lekete- v\u00f5i kahjustuste m\u00e4rke. K\u00f5ik n\u00e4htavad probleemid tuleks edasiste probleemide v\u00e4ltimiseks kohe lahendada.<\/li>\n<li><strong>Vedeliku taseme kontrollimine:<\/strong> J\u00e4lgige h\u00fcdraulikavedeliku taset ja lisage vastavalt vajadusele. Madal vedeliku tase v\u00f5ib p\u00f5hjustada h\u00fcdraulikas\u00fcsteemi suuremat kulumist ja v\u00f5imalikku riket.<\/li>\n<li><strong>Tihendi seisukorra j\u00e4lgimine:<\/strong> Kontrollige tihendeid kulumise v\u00f5i kuivuse tunnuste suhtes. Kulunud tihendite \u00f5igeaegne vahetamine aitab v\u00e4ltida lekkeid ja s\u00e4ilitada s\u00fcsteemi terviklikkust.<\/li>\n<\/ul>\n<p>Neid ennetavaid hooldusmeetmeid j\u00e4rgides saavad kasutajad h\u00fcdrosilindri eluiga oluliselt pikendada ja tagada usaldusv\u00e4\u00e4rse t\u00f6\u00f6 n\u00f5udlikes tingimustes.<\/p>\n<h2>Paigaldusjuhised<\/h2>\n<p>Sanitaars\u00f5iduki kraabitsa h\u00fcdrosilindri \u00f5ige paigaldamine on optimaalse j\u00f5udluse tagamiseks h\u00e4davajalik. \u00d5ige paigaldamise tagamiseks j\u00e4rgige neid samme:<\/p>\n<ol>\n<li><strong>Ettevalmistus:<\/strong> Enne paigaldamist puhastage kinnituspinnad ja veenduge, et silindri liikumist ei takistaks miski.<\/li>\n<li><strong>Joondus:<\/strong> Veenduge, et silinder oleks h\u00fcdraulikas\u00fcsteemiga \u00f5igesti joondatud, et v\u00e4ltida liigset pinget ja v\u00f5imalikku riket.<\/li>\n<li><strong>Turvaline kinnitus:<\/strong> Kasutage silindri kinnitamiseks sobivaid kinnitusklambreid. Veenduge, et k\u00f5ik poldid on tootja spetsifikatsioonide kohaselt pingutatud, et v\u00e4ltida liikumist t\u00f6\u00f6tamise ajal.<\/li>\n<li><strong>H\u00fcdraulilised \u00fchendused:<\/strong> \u00dchendage h\u00fcdraulikavoolikud ettevaatlikult, veendudes, et k\u00f5ik liitmikud on kindlalt kinnitatud ja lekkevabad. Pidage silmas tootja poolt n\u00e4idatud voolusuunda.<\/li>\n<li><strong>Testimine:<\/strong> P\u00e4rast paigaldamist tehke r\u00f5hutest, et veenduda ballooni korrektses t\u00f6\u00f6s ja lekete puudumises.<\/li>\n<\/ol>\n<p>Nende paigaldusjuhiste j\u00e4rgimine aitab tagada h\u00fcdrosilindri pikaealisuse ja efektiivsuse.<\/p>\n<h2>Levinumad hooldust\u00f6\u00f6d<\/h2>\n<p>Sanitaars\u00f5iduki kraapi h\u00fcdrosilindri regulaarsed hooldust\u00f6\u00f6d h\u00f5lmavad j\u00e4rgmist:<\/p>\n<ul>\n<li><strong>Rutiinsed kontrollid:<\/strong> Tehke regulaarseid kontrolle, et potentsiaalsed probleemid varakult tuvastada. Otsige lekke, kulumise ja joondamise m\u00e4rke.<\/li>\n<li><strong>\u00d5ige m\u00e4\u00e4rimine:<\/strong> Veenduge, et silinder oleks alati piisavalt m\u00e4\u00e4ritud. Kasutage soovitatud h\u00fcdraulika\u00f5li ja j\u00e4rgige tootja juhiseid m\u00e4\u00e4rimissageduse kohta.<\/li>\n<li><strong>Tihendi vahetamine:<\/strong> Kontrollige regulaarselt tihendite kulumist ja kaaluge nende v\u00e4ljavahetamist osana tavap\u00e4rasest hooldusgraafikust. See hoiab \u00e4ra lekked ja tagab optimaalse j\u00f5udluse.<\/li>\n<\/ul>\n<p>H\u00fcdrosilindri efektiivsuse ja efektiivsuse s\u00e4ilitamiseks on \u00fclioluline \u00f5ige paigaldamine, m\u00e4\u00e4rimine ja reguleerimine. Paigaldamise ajal on joondamine eriti oluline; vale joondamine v\u00f5ib p\u00f5hjustada enneaegset kulumist ja v\u00f5imalikku riket. Silindri kindlale kinnitamisele on soovitatav kasutada sobivaid kinnitusklambreid. L\u00f5puks tagab soovitatud kontrolli-, remondi- ja vahetusprotseduuride j\u00e4rgimine h\u00fcdrosilindri tippseisukorra, pikendades oluliselt selle t\u00f6\u00f6iga.<\/p>\n<h2>Ohutuskaalutlused ja keskkonnategurid<\/h2>\n<p>H\u00fcdrauliliste silindrite k\u00e4itamisel on ohutusmeetmed \u00fcliolulised. Kasutajad peavad j\u00e4rgima t\u00f6\u00f6protokolle, et minimeerida h\u00fcdrauliliste s\u00fcsteemidega seotud riske. See h\u00f5lmab silindri \u00fclekoormamise v\u00e4ltimist, mis v\u00f5ib p\u00f5hjustada katastroofilisi rikkeid, ning tagamist, et kogu personal on koolitatud masina ohutuks kasutamiseks. Lisaks on keskkonna saastumise v\u00e4ltimiseks oluline h\u00fcdraulikavedelike ja hooldusprahi n\u00f5uetekohane k\u00f5rvaldamine. T\u00f5husate ohutusmeetmete rakendamine mitte ainult ei kaitse operaatoreid, vaid tagab ka kohalike keskkonnakaitse eeskirjade j\u00e4rgimise.<\/p>\n<h2>Veaotsing ja levinud probleemid<\/h2>\n<p>Sanitaars\u00f5iduki kaabitsa h\u00fcdrosilindri probleemide korral kaaluge j\u00e4rgmisi levinud probleeme:<\/p>\n<ul>\n<li><strong>Leke:<\/strong> Kui h\u00fcdraulikavedelik lekib, kontrollige tihendeid kahjustuste suhtes. Kulunud tihendid v\u00f5ivad edasise vedelikukao v\u00e4ltimiseks vajada v\u00e4ljavahetamist.<\/li>\n<li><strong>Ebaj\u00e4rjekindel toimimine:<\/strong> Kui silinder ei ulatu v\u00e4lja ega t\u00f5mbu sisse sujuvalt, kontrollige ummistuste v\u00f5i h\u00fcdraulikavedeliku taseme probleemide suhtes. S\u00fcsteemis olev \u00f5hk v\u00f5ib samuti p\u00f5hjustada eba\u00fchtlast t\u00f6\u00f6d.<\/li>\n<li><strong>\u00dclekuumenemine:<\/strong> \u00dclekuumenemine v\u00f5ib viidata madalale vedelikutasemele v\u00f5i liigsele koormusele. Veenduge, et silinder t\u00f6\u00f6tab etten\u00e4htud piirides ja et m\u00e4\u00e4rimine on piisav.<\/li>\n<\/ul>\n<p>Ennetavalt tegutsedes ja neid levinud probleeme lahendades saavad kasutajad s\u00e4ilitada oma h\u00fcdrosilindrite toimimise ja v\u00e4ltida kulukaid remondit\u00f6id. Ennetavad meetmed, n\u00e4iteks regulaarne kontroll ja hooldus, aitavad v\u00e4hendada nende probleemide tekkimise t\u00f5en\u00e4osust.<\/p>\n<p><img decoding=\"async\" src=\"https:\/\/www.hydraulic-cylinders.net\/wp-content\/uploads\/2025\/05\/hydraulic-cylinder-all-2.webp\" alt=\"H\u00fcdrauliline silinder\"><\/p>\n<h2>Ettev\u00f5tte \u00fclevaade<\/h2>\n<p>Oleme juhtiv h\u00fcdrosilindrite tootja, pakkudes laia tootevalikut nii sise- kui ka rahvusvaheliste turgude vajaduste rahuldamiseks. Aastate jooksul oleme end sisse seadnud tipptasemel tarnija ja hulgim\u00fc\u00fcjana, keda tuntakse p\u00fchendumuse poolest kvaliteedile ja innovatsioonile. Meie ulatuslik tootevalik on loodud pakkuma lahendusi erinevatele rakendustele, tagades, et suudame rahuldada oma klientide erivajadusi.<\/p>\n<p>Meie asjatundlikkust t\u00e4iendavad rahvusvahelised sertifikaadid, mis tagavad meie toodete vastavuse rangetele t\u00f6\u00f6stusstandarditele. Pakume unikaalsete spetsifikatsioonide t\u00e4itmiseks kohandatud teenuseid, mida toetavad t\u00e4iustatud tootmisseadmed, mis suurendavad t\u00f5husust ja t\u00e4psust. Meie p\u00fchendunud m\u00fc\u00fcgij\u00e4rgne tugi tagab klientidele pideva abi, mis tugevdab meie mainet suurep\u00e4rase klienditeeninduse osas.<\/p>\n<p><img decoding=\"async\" src=\"https:\/\/www.hydraulic-cylinders.net\/wp-content\/uploads\/2025\/05\/xinxin-hydraulic-cylinder-factory-1.webp\" alt=\"Ettev\u00f5tte tehas\"><\/p>\n<p>Autor: lyl<\/p>","protected":false},"excerpt":{"rendered":"<p>Sanitation Vehicle Scraper Hydraulic Cylinder Product Introduction The Sanitation Vehicle Scraper Hydraulic Cylinder is a critical component designed to enhance the efficiency and functionality of sanitation vehicles. This hydraulic cylinder is primarily used for lifting and lowering mechanisms in garbage collection and street cleaning applications. It allows for smooth and controlled movements, ensuring that the [&hellip;]<\/p>","protected":false},"featured_media":20640,"comment_status":"open","ping_status":"closed","template":"","meta":{"_et_pb_use_builder":"","_et_pb_old_content":"","_et_gb_content_width":""},"product_brand":[],"product_cat":[1483,1558],"product_tag":[],"class_list":{"0":"post-20716","1":"product","2":"type-product","3":"status-publish","4":"has-post-thumbnail","6":"product_cat-construction-machinery-hydraulic-cylinders","7":"product_cat-sanitation-machinery-hydraulic-cylinders-2","9":"first","10":"instock","11":"shipping-taxable","12":"product-type-simple"},"amp_enabled":true,"_links":{"self":[{"href":"https:\/\/www.hydraulic-cylinders.net\/et\/wp-json\/wp\/v2\/product\/20716","targetHints":{"allow":["GET"]}}],"collection":[{"href":"https:\/\/www.hydraulic-cylinders.net\/et\/wp-json\/wp\/v2\/product"}],"about":[{"href":"https:\/\/www.hydraulic-cylinders.net\/et\/wp-json\/wp\/v2\/types\/product"}],"replies":[{"embeddable":true,"href":"https:\/\/www.hydraulic-cylinders.net\/et\/wp-json\/wp\/v2\/comments?post=20716"}],"wp:featuredmedia":[{"embeddable":true,"href":"https:\/\/www.hydraulic-cylinders.net\/et\/wp-json\/wp\/v2\/media\/20640"}],"wp:attachment":[{"href":"https:\/\/www.hydraulic-cylinders.net\/et\/wp-json\/wp\/v2\/media?parent=20716"}],"wp:term":[{"taxonomy":"product_brand","embeddable":true,"href":"https:\/\/www.hydraulic-cylinders.net\/et\/wp-json\/wp\/v2\/product_brand?post=20716"},{"taxonomy":"product_cat","embeddable":true,"href":"https:\/\/www.hydraulic-cylinders.net\/et\/wp-json\/wp\/v2\/product_cat?post=20716"},{"taxonomy":"product_tag","embeddable":true,"href":"https:\/\/www.hydraulic-cylinders.net\/et\/wp-json\/wp\/v2\/product_tag?post=20716"}],"curies":[{"name":"wp","href":"https:\/\/api.w.org\/{rel}","templated":true}]}}