{"id":20782,"date":"2025-05-28T06:32:23","date_gmt":"2025-05-28T06:32:23","guid":{"rendered":"https:\/\/www.hydraulic-cylinders.net\/?post_type=product&#038;p=20782"},"modified":"2025-05-28T06:39:15","modified_gmt":"2025-05-28T06:39:15","slug":"steering-cylinder-with-position-sensor","status":"publish","type":"product","link":"https:\/\/www.hydraulic-cylinders.net\/et\/toode\/steering-cylinder-with-position-sensor\/","title":{"rendered":"Roolisilinder koos positsioonianduriga"},"content":{"rendered":"<h1 style=\"text-align: center;\"><strong>Roolisilinder koos positsioonianduriga<img loading=\"lazy\" decoding=\"async\" class=\"wp-image-20783 aligncenter\" src=\"https:\/\/www.hydraulic-cylinders.net\/wp-content\/uploads\/2025\/05\/sensor-steering-cylinder-1-1.webp\" alt=\"\" width=\"400\" height=\"400\" \/><\/strong><\/h1>\n<p>Meie roolisilinder positsioonianduriga on konstrueeritud t\u00e4psust ja vastupidavust silmas pidades, pakkudes t\u00e4iustatud juhtimist suure j\u00f5udlusega s\u00f5idukitele. Integreeritud positsioonianduriga varustatud h\u00fcdrauliline roolisilinder annab reaalajas roolinurga andmeid, suurendades ohutust ja j\u00f5udlust n\u00f5udlikes rakendustes. Olenemata sellest, kas uuendate p\u00f5llumajandustehnikat v\u00f5i remondite raskeid masinaid, vastab meie positsioonianduriga roolisilinder k\u00f5rgeimatele t\u00f6\u00f6stusstandarditele. Valmistatud \u00fclitugevatest materjalidest, peab see vastu k\u00f5rgsurvekeskkonnale, mist\u00f5ttu sobib see ideaalselt traktoritele, veoautodele ja t\u00f6\u00f6stuss\u00f5idukitele. Meie OEM-roolisilindri asendus anduriga tagab sujuva \u00fchilduvuse juhtivate s\u00f5idukibr\u00e4ndidega.<\/p>\n<h2><strong>Roolisilindri koos positsioonianduriga tehnilised andmed:<\/strong><\/h2>\n<p><strong>Silindri l\u00e4bim\u00f5\u00f5t:<\/strong> 75 mm<\/p>\n<p><strong>Varda l\u00e4bim\u00f5\u00f5t:<\/strong> 45 mm<\/p>\n<p><strong>Reisimine:<\/strong> 215 mm<\/p>\n<p><strong>Paigalduskaugus:<\/strong> 569 mm<\/p>\n<h1 style=\"text-align: center;\"><strong><img loading=\"lazy\" decoding=\"async\" class=\"wp-image-20784 aligncenter\" src=\"https:\/\/www.hydraulic-cylinders.net\/wp-content\/uploads\/2025\/05\/sensor-steering-cylinder-2-1.webp\" alt=\"\" width=\"400\" height=\"401\" \/><\/strong><\/h1>\n<p><strong>Silindri l\u00e4bim\u00f5\u00f5t:<\/strong> 80 mm<\/p>\n<p><strong>Varda l\u00e4bim\u00f5\u00f5t:<\/strong> 580 mm<\/p>\n<p><strong>Reisimine:<\/strong> 126 mm<\/p>\n<p><strong>Paigalduskaugus:<\/strong> 690 mm<\/p>\n<h1 style=\"text-align: center;\"><strong><img loading=\"lazy\" decoding=\"async\" class=\"wp-image-20785 aligncenter\" src=\"https:\/\/www.hydraulic-cylinders.net\/wp-content\/uploads\/2025\/05\/sensor-steering-cylinder-3-1.webp\" alt=\"\" width=\"400\" height=\"400\" \/><\/strong><\/h1>\n<p><strong>Silindri l\u00e4bim\u00f5\u00f5t:<\/strong> 80 mm<\/p>\n<p><strong>Varda l\u00e4bim\u00f5\u00f5t:<\/strong> 50 mm<\/p>\n<p><strong>Reisimine:<\/strong> 166 mm<\/p>\n<p><strong>Paigalduskaugus:<\/strong> 885 mm<\/p>\n<h1 style=\"text-align: center;\"><strong><img loading=\"lazy\" decoding=\"async\" class=\"wp-image-20786 alignnone\" src=\"https:\/\/www.hydraulic-cylinders.net\/wp-content\/uploads\/2025\/05\/sensor-steering-cylinder-4-1.webp\" alt=\"\" width=\"400\" height=\"400\" \/><\/strong><\/h1>\n<p><strong>Silindri l\u00e4bim\u00f5\u00f5t:<\/strong> 90 mm<\/p>\n<p><strong>Varda l\u00e4bim\u00f5\u00f5t:<\/strong> 45 mm<\/p>\n<p><strong>Reisimine:<\/strong> 232 mm<\/p>\n<p><strong>Paigalduskaugus:<\/strong> 635 mm<\/p>\n<h2><strong>Meie roolisilindri peamised omadused koos positsioonianduriga:<\/strong><\/h2>\n<ul>\n<li><strong>T\u00e4ppisroolisilindri rasketele masinatele<\/strong>Integreeritud positsiooniandur annab t\u00e4pseid roolinurga andmeid parema juhitavuse tagamiseks.<\/li>\n<li><strong>Vastupidav asendianduri roolisilinder veoautodele<\/strong>Valmistatud \u00fclitugevast terasest \u00e4\u00e4rmuslike tingimuste jaoks.<\/li>\n<li><strong>OEM roolisilindri vahetus koos anduriga<\/strong>\u00dchildub suuremate s\u00f5idukimarkidega, mis lihtsustab paigaldamist.<\/li>\n<li><strong>Auto roolisilinder positsioonianduriga<\/strong>Optimeerib rooliv\u00f5imendit s\u00f5iduautodes ja tarbes\u00f5idukites.<\/li>\n<li>Korrosioonikindel kate pikema eluea tagamiseks.<\/li>\n<li>T\u00e4iustatud anduritehnoloogia reaalajas tagasiside saamiseks, mis toetab ADAS- ja ESC-s\u00fcsteeme.<\/li>\n<\/ul>\n<h2><strong>Roolisilindrite rakendused positsioonianduritega:<\/strong><\/h2>\n<p><img loading=\"lazy\" decoding=\"async\" class=\"alignnone size-full wp-image-20787\" src=\"https:\/\/www.hydraulic-cylinders.net\/wp-content\/uploads\/2025\/05\/steering-cylinders-with-position-sensors-application.webp\" alt=\"Roolisilindrite rakendused positsioonianduritega:\" width=\"1073\" height=\"501\" srcset=\"https:\/\/www.hydraulic-cylinders.net\/wp-content\/uploads\/2025\/05\/steering-cylinders-with-position-sensors-application.webp 1073w, https:\/\/www.hydraulic-cylinders.net\/wp-content\/uploads\/2025\/05\/steering-cylinders-with-position-sensors-application-980x458.webp 980w, https:\/\/www.hydraulic-cylinders.net\/wp-content\/uploads\/2025\/05\/steering-cylinders-with-position-sensors-application-480x224.webp 480w\" sizes=\"(min-width: 0px) and (max-width: 480px) 480px, (min-width: 481px) and (max-width: 980px) 980px, (min-width: 981px) 1073px, 100vw\" \/><\/p>\n<p>Meie\u00a0<strong>roolisilindrid positsioonianduritega<\/strong>\u00a0on mitmek\u00fclgsed ja pakuvad usaldusv\u00e4\u00e4rset j\u00f5udlust mitmes t\u00f6\u00f6stusharus:<\/p>\n<h3><strong>P\u00f5llumajandus<\/strong><\/h3>\n<p>P\u00f5llumajanduskeskkonnas on meie\u00a0<strong>H\u00fcdrauliline roolisilinder traktoritele koos asendianduriga<\/strong>\u00a0tagab traktorite ja kombainide sarnaste seadmete t\u00e4pse navigeerimise, parandades t\u00f5husust ebatasasel maastikul.<\/p>\n<h3><strong>Ehitus<\/strong><\/h3>\n<p>Ehituse jaoks meie\u00a0<strong>t\u00e4ppisroolisilindri rasketele masinatele<\/strong>\u00a0pakub tugevat j\u00f5udlust, tagades ohutuse ja kontrolli n\u00f5udlikes keskkondades, n\u00e4iteks ehitusplatsidel.<\/p>\n<h3><strong>Autot\u00f6\u00f6stus<\/strong><\/h3>\n<p>Meie\u00a0<strong>auto roolisilinder positsioonianduriga<\/strong>\u00a0on kohandatud veoautodele ja s\u00f5iduautodele, parandades roolimist\u00e4psust ja toetades t\u00e4iustatud juhiabis\u00fcsteeme (ADAS).<\/p>\n<h2><strong>Roolisilindrite hoolduslahendused asendianduritega:<\/strong><\/h2>\n<p>Roolisilindri pikaajalise toimimise tagamiseks koos positsioonianduriga j\u00e4rgige neid hooldusnippe:<\/p>\n<ul>\n<li style=\"list-style-type: none;\">\n<ul>\n<li><strong>Regulaarsed kontrollid<\/strong>Optimaalse j\u00f5udluse s\u00e4ilitamiseks kontrollige h\u00fcdraulilise roolisilindri lekkeid, kulumist v\u00f5i korrosiooni iga 6 kuu tagant.<\/li>\n<li><strong>Anduri kalibreerimine<\/strong>P\u00e4rast remonti v\u00f5i joondamist kalibreerige asendiandur uuesti diagnostikavahendite abil, et tagada t\u00e4psed roolimisandmed.<\/li>\n<\/ul>\n<\/li>\n<\/ul>\n<p>[](https:\/\/www.johnbean.com\/us\/product-articles\/steering-angle-sensors\/)<\/p>\n<ul>\n<li><strong>Vedeliku hooldus<\/strong>H\u00fcdraulika\u00f5li vahetage vastavalt tootja juhistele, et v\u00e4ltida saastumist ja tagada roolis\u00fcsteemi silindri sujuv t\u00f6\u00f6 integreeritud anduriga.<\/li>\n<li><strong>Puhastamine<\/strong>Hoidke silinder ja andur prahist vabad, et v\u00e4ltida anduri t\u00e4psuse h\u00e4irimist.<\/li>\n<li><strong>Professionaalne teenindus<\/strong>Keeruliste probleemide korral p\u00f6\u00f6rduge sertifitseeritud tehniku \u200b\u200bpoole, et diagnoosida ja parandada roolisilindri asendiandurit OBD-skannerite v\u00f5i spetsiaalsete t\u00f6\u00f6riistade abil.<\/li>\n<\/ul>\n<h2 dir=\"auto\"><strong>Kuidas parandab roolisilindri asendiandur koos asendianduriga roolimise t\u00e4psust?<\/strong><\/h2>\n<p><img loading=\"lazy\" decoding=\"async\" class=\"alignnone size-full wp-image-20788\" src=\"https:\/\/www.hydraulic-cylinders.net\/wp-content\/uploads\/2025\/05\/steering-cylinder-with-position-sensor-advantage.png\" alt=\"Roolisilindril on positsioonianduri eelis\" width=\"1079\" height=\"610\" srcset=\"https:\/\/www.hydraulic-cylinders.net\/wp-content\/uploads\/2025\/05\/steering-cylinder-with-position-sensor-advantage.png 1079w, https:\/\/www.hydraulic-cylinders.net\/wp-content\/uploads\/2025\/05\/steering-cylinder-with-position-sensor-advantage-980x554.png 980w, https:\/\/www.hydraulic-cylinders.net\/wp-content\/uploads\/2025\/05\/steering-cylinder-with-position-sensor-advantage-480x271.png 480w\" sizes=\"(min-width: 0px) and (max-width: 480px) 480px, (min-width: 481px) and (max-width: 980px) 980px, (min-width: 981px) 1079px, 100vw\" \/><\/p>\n<p dir=\"auto\">Roolisilindri asendiandur koos asendianduriga suurendab oluliselt roolimise t\u00e4psust, pakkudes reaalajas andmeid roolinurga ja ratta asendi kohta. H\u00fcdraulilisse roolisilindrisse integreeritud asendiandur (tavaliselt magnetiline v\u00f5i induktiivne) j\u00e4lgib kolvi liikumist silindris, teisendades selle t\u00e4pseks roolinurga tagasisideks. Need andmed edastatakse s\u00f5iduki elektroonilisele juhtseadmele (ECU), mis v\u00f5imaldab roolis\u00fcsteemi sujuvat reguleerimist optimaalse j\u00f5udluse saavutamiseks. Selliste rakenduste puhul nagu traktorid, veoautod ja rasked masinad tagab see roolisilindri t\u00e4pse ja tundliku juhtimise isegi keerulistes tingimustes.<\/p>\n<p dir=\"auto\">S\u00f5idukites, mis on varustatud positsioonianduriga auto roolisilindriga, toetab andur t\u00e4iustatud juhiabis\u00fcsteeme (ADAS), n\u00e4iteks s\u00f5iduraja hoidmise abis\u00fcsteemi ja stabiilsuskontrolli, pakkudes t\u00e4pseid roolimisandmeid. Samamoodi tugineb raskete masinate t\u00e4ppisroolisilinder andurile, et s\u00e4ilitada t\u00e4psust k\u00f5rge pingega t\u00f6\u00f6del, v\u00e4hendades triivi ja parandades man\u00f6\u00f6verdusv\u00f5imet. Integreeritud anduriga roolis\u00fcsteemi silinder suurendab ka ohutust, tuvastades joondusvigu, tagades j\u00e4rjepideva j\u00f5udluse n\u00f5udlikes keskkondades, nagu p\u00f5llumajandus v\u00f5i ehitus.<\/p>\n<h3 dir=\"auto\"><strong>Roolimist\u00e4psuse peamised eelised<\/strong><\/h3>\n<ul dir=\"auto\">\n<li><strong>Reaalajas tagasiside<\/strong>Asendianduri roolisilinder annab koheselt teavet roolinurga kohta, v\u00f5imaldades t\u00e4pset rataste joondamist.<\/li>\n<li><strong>T\u00e4iustatud kontroll<\/strong>Traktorite h\u00fcdraulilises roolisilindris, millel on asendiandur, tagab andur t\u00e4pse navigeerimise ebatasasel maastikul.<\/li>\n<li><strong>\u00dchilduvus ADAS-iga<\/strong>Auto roolisilinder koos positsioonianduriga integreerub kaasaegsete s\u00f5idukis\u00fcsteemidega, et parandada reageerimisv\u00f5imet.<\/li>\n<li><strong>Vastupidavus ja t\u00e4psus<\/strong>Vastupidav veoautode positsioonianduriga roolisilinder s\u00e4ilitab t\u00e4psuse k\u00f5rge r\u00f5hu tingimustes.<\/li>\n<\/ul>\n<p dir=\"auto\">T\u00e4nu positsioonianduri lisamisele optimeerib roolisilindri koos positsioonianduriga s\u00f5iduki juhtimist, muutes selle oluliseks komponendiks t\u00f6\u00f6stusharudes, mis vajavad integreeritud anduriga roolis\u00fcsteemi silindrit. Lisateabe saamiseks meie OEM-roolisilindri ja anduri asendusdetailide kohta v\u00f5tke meiega juba t\u00e4na \u00fchendust!<\/p>\n<h2><strong>H\u00fcdrauliliste silindrite tootmispiirkond:<\/strong><\/h2>\n<h2><img loading=\"lazy\" decoding=\"async\" class=\"alignnone size-full wp-image-16972\" src=\"https:\/\/www.hydraulic-cylinders.net\/wp-content\/uploads\/2025\/01\/hydraulic-cylinder-factory-1-scaled.webp\" sizes=\"(min-width: 0px) and (max-width: 480px) 480px, (min-width: 481px) and (max-width: 980px) 980px, (min-width: 981px) and (max-width: 1280px) 1280px, (min-width: 1281px) 2016px, 100vw\" srcset=\"https:\/\/www.hydraulic-cylinders.net\/wp-content\/uploads\/2025\/01\/hydraulic-cylinder-factory-1-scaled.webp 2016w, https:\/\/www.hydraulic-cylinders.net\/wp-content\/uploads\/2025\/01\/hydraulic-cylinder-factory-1-1280x1625.webp 1280w, https:\/\/www.hydraulic-cylinders.net\/wp-content\/uploads\/2025\/01\/hydraulic-cylinder-factory-1-980x1244.webp 980w, https:\/\/www.hydraulic-cylinders.net\/wp-content\/uploads\/2025\/01\/hydraulic-cylinder-factory-1-480x610.webp 480w\" alt=\"\" width=\"2016\" height=\"2560\" \/><\/h2>\n<p>Roolih\u00fcdrauliliste silindrite juhtiva tarnijana on meil esmaklassiline s\u00f5ltumatu teadus- ja arendusplatvorm, mis on p\u00fchendatud innovatsioonile ja kvaliteedile. Meie kahvelt\u00f5stukite silindrite tootmist\u00f6\u00f6kojas on neli poolautomaatset t\u00f5stesilindrite montaa\u017eiliini ja t\u00e4isautomaatne kallutussilindrite montaa\u017eiliin, mille kavandatud aastane tootmisv\u00f5imsus on <strong>miljon t\u00fckki<\/strong>.<\/p>\n<h3><strong>Spetsialiseeritud silindrite t\u00f6\u00f6koda<\/strong><\/h3>\n<p>Meie spetsialiseeritud silindrite t\u00f6\u00f6koda on varustatud erinevatele spetsifikatsioonidele kohandatud poolautomaatsete puhastus- ja montaa\u017eis\u00fcsteemidega, saavutades aastase tootmisv\u00f5imsuse <strong>200 000 t\u00fckki<\/strong>Kasutame tipptasemel CNC-t\u00f6\u00f6tlusseadmeid, t\u00e4iustatud t\u00f6\u00f6tluskeskusi ja spetsiaalseid \u00fclit\u00e4pseid t\u00f6\u00f6tlemisvahendeid. Meie rajatisse kuuluvad ka robotkeevitusmasinad, automaatsed puhastuss\u00fcsteemid, montaa\u017eimasinad ja v\u00e4rvimisliinid. \u00dcle ... <strong>300 komplekti v\u00f5tmevarustust<\/strong> Tegevuse k\u00e4igus tagame ressursside optimeeritud jaotamise ja t\u00f5husa kasutamise.<\/p>\n<h3><strong>T\u00e4ppist\u00f6\u00f6tluse v\u00f5imalused<\/strong><\/h3>\n<p>Meie t\u00f6\u00f6koda on varustatud kohandatud kaldr\u00f6\u00f6bastega treimiskeskuste, t\u00f6\u00f6tluskeskuste, kiirete hoonimismasinate ja keevitusrobotitega. See seadistus v\u00f5imaldab meil t\u00f6\u00f6delda silindritorusid maksimaalse sisel\u00e4bim\u00f5\u00f5duga <strong>400 mm<\/strong> ja pikkused kuni <strong>6 meetrit<\/strong>Meie p\u00fchendumus t\u00e4psusele tagab, et k\u00f5ik tooted vastavad k\u00f5rgeimatele kvaliteedistandarditele.<\/p>\n<h2><img loading=\"lazy\" decoding=\"async\" class=\"alignnone size-full wp-image-16973\" src=\"https:\/\/www.hydraulic-cylinders.net\/wp-content\/uploads\/2025\/01\/hydraulic-cylinder-factory-2-scaled.webp\" sizes=\"(min-width: 0px) and (max-width: 480px) 480px, (min-width: 481px) and (max-width: 980px) 980px, (min-width: 981px) and (max-width: 1280px) 1280px, (min-width: 1281px) 2011px, 100vw\" srcset=\"https:\/\/www.hydraulic-cylinders.net\/wp-content\/uploads\/2025\/01\/hydraulic-cylinder-factory-2-scaled.webp 2011w, https:\/\/www.hydraulic-cylinders.net\/wp-content\/uploads\/2025\/01\/hydraulic-cylinder-factory-2-1280x1629.webp 1280w, https:\/\/www.hydraulic-cylinders.net\/wp-content\/uploads\/2025\/01\/hydraulic-cylinder-factory-2-980x1248.webp 980w, https:\/\/www.hydraulic-cylinders.net\/wp-content\/uploads\/2025\/01\/hydraulic-cylinder-factory-2-480x611.webp 480w\" alt=\"\" width=\"2011\" height=\"2560\" \/><\/h2>\n<p>&nbsp;<\/p>","protected":false},"excerpt":{"rendered":"<p>Steering Cylinder With Position Sensor Our\u00a0steering cylinder with position sensor\u00a0is engineered for precision and durability, offering advanced control for high-performance vehicles. Equipped with an integrated position sensor, this\u00a0hydraulic steering cylinder\u00a0provides real-time steering angle data, enhancing safety and performance in demanding applications. Whether you\u2019re upgrading agricultural equipment or repairing heavy machinery, our\u00a0position sensor steering cylinder\u00a0meets the [&hellip;]<\/p>","protected":false},"featured_media":20641,"comment_status":"open","ping_status":"closed","template":"","meta":{"_et_pb_use_builder":"","_et_pb_old_content":"","_et_gb_content_width":""},"product_brand":[],"product_cat":[1561],"product_tag":[],"class_list":{"0":"post-20782","1":"product","2":"type-product","3":"status-publish","4":"has-post-thumbnail","6":"product_cat-steering-hydraulic-cylinders","8":"first","9":"instock","10":"shipping-taxable","11":"product-type-simple"},"amp_enabled":true,"_links":{"self":[{"href":"https:\/\/www.hydraulic-cylinders.net\/et\/wp-json\/wp\/v2\/product\/20782","targetHints":{"allow":["GET"]}}],"collection":[{"href":"https:\/\/www.hydraulic-cylinders.net\/et\/wp-json\/wp\/v2\/product"}],"about":[{"href":"https:\/\/www.hydraulic-cylinders.net\/et\/wp-json\/wp\/v2\/types\/product"}],"replies":[{"embeddable":true,"href":"https:\/\/www.hydraulic-cylinders.net\/et\/wp-json\/wp\/v2\/comments?post=20782"}],"wp:featuredmedia":[{"embeddable":true,"href":"https:\/\/www.hydraulic-cylinders.net\/et\/wp-json\/wp\/v2\/media\/20641"}],"wp:attachment":[{"href":"https:\/\/www.hydraulic-cylinders.net\/et\/wp-json\/wp\/v2\/media?parent=20782"}],"wp:term":[{"taxonomy":"product_brand","embeddable":true,"href":"https:\/\/www.hydraulic-cylinders.net\/et\/wp-json\/wp\/v2\/product_brand?post=20782"},{"taxonomy":"product_cat","embeddable":true,"href":"https:\/\/www.hydraulic-cylinders.net\/et\/wp-json\/wp\/v2\/product_cat?post=20782"},{"taxonomy":"product_tag","embeddable":true,"href":"https:\/\/www.hydraulic-cylinders.net\/et\/wp-json\/wp\/v2\/product_tag?post=20782"}],"curies":[{"name":"wp","href":"https:\/\/api.w.org\/{rel}","templated":true}]}}