{"id":643,"date":"2023-08-21T02:44:39","date_gmt":"2023-08-21T02:44:39","guid":{"rendered":"https:\/\/hydraulic-cylinders.net\/?post_type=product&#038;p=643"},"modified":"2025-04-11T03:15:48","modified_gmt":"2025-04-11T03:15:48","slug":"forklift-steering-hydraulic-cylinder","status":"publish","type":"product","link":"https:\/\/www.hydraulic-cylinders.net\/et\/toode\/forklift-steering-hydraulic-cylinder\/","title":{"rendered":"Kahvelt\u00f5stuki juhtimish\u00fcdrosilinder"},"content":{"rendered":"<h1 style=\"text-align: center;\"><strong>Kahvelt\u00f5stuki rooli h\u00fcdraulilised silindrid<\/strong><\/h1>\n<p><img loading=\"lazy\" decoding=\"async\" class=\"aligncenter wp-image-644 size-full\" src=\"https:\/\/hydraulic-cylinders.net\/wp-content\/uploads\/2023\/08\/steering-hydraulic-cylinder-product-1.webp\" alt=\"rooli-h\u00fcdraulilise-silindri-toode\" width=\"382\" height=\"382\" srcset=\"https:\/\/www.hydraulic-cylinders.net\/wp-content\/uploads\/2023\/08\/steering-hydraulic-cylinder-product-1.webp 382w, https:\/\/www.hydraulic-cylinders.net\/wp-content\/uploads\/2023\/08\/steering-hydraulic-cylinder-product-1-300x300.webp 300w, https:\/\/www.hydraulic-cylinders.net\/wp-content\/uploads\/2023\/08\/steering-hydraulic-cylinder-product-1-100x100.webp 100w, https:\/\/www.hydraulic-cylinders.net\/wp-content\/uploads\/2023\/08\/steering-hydraulic-cylinder-product-1-150x150.webp 150w\" sizes=\"(max-width: 382px) 100vw, 382px\" \/><\/p>\n<p>Kahvelt\u00f5stuki rooli h\u00fcdraulilised silindrid on t\u00e4pse roolikontrolli ja parema man\u00f6\u00f6verdusv\u00f5ime liikumapanev j\u00f5ud kahvelt\u00f5stukite t\u00f6\u00f6s. Need olulised komponendid m\u00e4ngivad olulist rolli sujuva ja tundliku rooli tagamisel, v\u00f5imaldades operaatoritel kitsastes kohtades navigeerida ja raskeid koormaid h\u00f5lpsalt k\u00e4sitseda.<\/p>\n<p>Kahvelt\u00f5stuki rooli h\u00fcdraulilised silindrid \u00fchilduvad paljude kahvelt\u00f5stukite mudelite ja kaubam\u00e4rkidega, muutes need mitmek\u00fclgseks lahenduseks mitmesuguste rakenduste jaoks. Olenemata sellest, kas tegutsete laos, logistikas, tootmises v\u00f5i m\u00f5nes muus t\u00f6\u00f6stusharus, saab neid silindreid kohandada vastavalt teie konkreetsetele vajadustele.<\/p>\n<p>Kahvelt\u00f5stukite t\u00e4iustamisega nende silindritega saate oluliselt parandada roolimise efektiivsust ja tootlikkust. Kogege sujuvamaid p\u00f6\u00f6rdeid, t\u00e4pset juhitavust ja v\u00e4hendatud juhi v\u00e4simust, mis viib kiiremate ja t\u00f5husamate materjalik\u00e4itlustoiminguteni.<\/p>\n<h2><strong>Kahvelt\u00f5stuki rooli h\u00fcdraulilise silindri parameeter:<\/strong><\/h2>\n<table>\n<tbody>\n<tr>\n<td><img loading=\"lazy\" decoding=\"async\" class=\"alignnone wp-image-645 size-full\" src=\"https:\/\/hydraulic-cylinders.net\/wp-content\/uploads\/2023\/08\/steering-hydraulic-cylinder-product-1-1.webp\" alt=\"\" width=\"334\" height=\"255\" srcset=\"https:\/\/www.hydraulic-cylinders.net\/wp-content\/uploads\/2023\/08\/steering-hydraulic-cylinder-product-1-1.webp 334w, https:\/\/www.hydraulic-cylinders.net\/wp-content\/uploads\/2023\/08\/steering-hydraulic-cylinder-product-1-1-300x229.webp 300w\" sizes=\"(max-width: 334px) 100vw, 334px\" \/><\/td>\n<td><img loading=\"lazy\" decoding=\"async\" class=\"alignnone wp-image-646 size-full\" src=\"https:\/\/hydraulic-cylinders.net\/wp-content\/uploads\/2023\/08\/steering-hydraulic-cylinder-product-1-1.jpg.webp\" alt=\"\" width=\"475\" height=\"160\" srcset=\"https:\/\/www.hydraulic-cylinders.net\/wp-content\/uploads\/2023\/08\/steering-hydraulic-cylinder-product-1-1.jpg.webp 475w, https:\/\/www.hydraulic-cylinders.net\/wp-content\/uploads\/2023\/08\/steering-hydraulic-cylinder-product-1-1.jpg-300x101.webp 300w\" sizes=\"(max-width: 475px) 100vw, 475px\" \/><\/td>\n<\/tr>\n<\/tbody>\n<\/table>\n<table style=\"height: 95px;\" border=\"1\" cellspacing=\"0\" cellpadding=\"0\">\n<tbody>\n<tr style=\"height: 47px;\">\n<td style=\"height: 47px; width: 122.175px;\">Silindri nimi<\/td>\n<td style=\"height: 47px; width: 154.2px;\">joonise number<\/td>\n<td style=\"height: 47px; width: 80.3125px;\">puuraugu l\u00e4bim\u00f5\u00f5t (D)<\/td>\n<td style=\"height: 47px; width: 79.225px;\">varda l\u00e4bim\u00f5\u00f5t (d)<\/td>\n<td style=\"height: 47px; width: 65.5375px;\">l\u00f6\u00f6k (S)<\/td>\n<td style=\"height: 47px; width: 104.15px;\">Paigalduskaugus (L)<\/td>\n<td style=\"height: 47px; width: 97.925px;\">t\u00f6\u00f6r\u00f5hk<\/td>\n<td style=\"height: 47px; width: 177.45px;\">Liidese m\u00f5\u00f5tmed (M)<\/td>\n<td style=\"height: 47px; width: 60.5875px;\">kaal<\/td>\n<\/tr>\n<tr style=\"height: 48px;\">\n<td class=\"et3\" style=\"height: 48px; width: 122.175px;\" height=\"325\">Roolisilinder<\/td>\n<td class=\"et4\" style=\"height: 48px; width: 154.2px;\">R960-224000-001<\/td>\n<td class=\"et4\" style=\"height: 48px; width: 80.3125px;\">\u03a665<\/td>\n<td class=\"et4\" style=\"height: 48px; width: 79.225px;\">\u03a640<\/td>\n<td class=\"et4\" style=\"height: 48px; width: 65.5375px;\">2*98<\/td>\n<td class=\"et4\" style=\"height: 48px; width: 104.15px;\">672<\/td>\n<td class=\"et4\" style=\"height: 48px; width: 97.925px;\">10,5 MPa<\/td>\n<td class=\"et4\" style=\"height: 48px; width: 177.45px;\">2-G1\/4<\/td>\n<td class=\"et4\" style=\"height: 48px; width: 60.5875px;\">15 kg<\/td>\n<\/tr>\n<\/tbody>\n<\/table>\n<table>\n<tbody>\n<tr>\n<td><img loading=\"lazy\" decoding=\"async\" class=\"alignnone wp-image-647 size-full\" src=\"https:\/\/hydraulic-cylinders.net\/wp-content\/uploads\/2023\/08\/steering-hydraulic-cylinder-product-1-2.webp\" alt=\"\" width=\"333\" height=\"252\" srcset=\"https:\/\/www.hydraulic-cylinders.net\/wp-content\/uploads\/2023\/08\/steering-hydraulic-cylinder-product-1-2.webp 333w, https:\/\/www.hydraulic-cylinders.net\/wp-content\/uploads\/2023\/08\/steering-hydraulic-cylinder-product-1-2-300x227.webp 300w\" sizes=\"(max-width: 333px) 100vw, 333px\" \/><\/td>\n<td><img loading=\"lazy\" decoding=\"async\" class=\"alignnone wp-image-648 size-full\" src=\"https:\/\/hydraulic-cylinders.net\/wp-content\/uploads\/2023\/08\/steering-hydraulic-cylinder-product-1-3.webp\" alt=\"\" width=\"475\" height=\"168\" srcset=\"https:\/\/www.hydraulic-cylinders.net\/wp-content\/uploads\/2023\/08\/steering-hydraulic-cylinder-product-1-3.webp 475w, https:\/\/www.hydraulic-cylinders.net\/wp-content\/uploads\/2023\/08\/steering-hydraulic-cylinder-product-1-3-300x106.webp 300w\" sizes=\"(max-width: 475px) 100vw, 475px\" \/><\/td>\n<\/tr>\n<\/tbody>\n<\/table>\n<table style=\"height: 101px;\" border=\"1\" cellspacing=\"0\" cellpadding=\"0\">\n<tbody>\n<tr style=\"height: 47px;\">\n<td style=\"height: 47px; width: 122px;\">Silindri nimi<\/td>\n<td style=\"height: 47px; width: 155px;\">joonise number<\/td>\n<td style=\"height: 47px; width: 80px;\">puuraugu l\u00e4bim\u00f5\u00f5t (D)<\/td>\n<td style=\"height: 47px; width: 79px;\">varda l\u00e4bim\u00f5\u00f5t (d)<\/td>\n<td style=\"height: 47px; width: 65px;\">l\u00f6\u00f6k (S)<\/td>\n<td style=\"height: 47px; width: 104px;\">Paigalduskaugus (L)<\/td>\n<td style=\"height: 47px; width: 96px;\">t\u00f6\u00f6r\u00f5hk<\/td>\n<td style=\"height: 47px; width: 177px;\">Liidese m\u00f5\u00f5tmed (M)<\/td>\n<td style=\"height: 47px; width: 60px;\">kaal<\/td>\n<\/tr>\n<tr style=\"height: 54px;\">\n<td class=\"et3\" style=\"height: 54px; width: 122px;\" height=\"325\">Roolisilinder<\/td>\n<td class=\"et4\" style=\"height: 54px; width: 155px;\">A2A300-223000-000<\/td>\n<td class=\"et4\" style=\"height: 54px; width: 80px;\">\u03a680<\/td>\n<td class=\"et4\" style=\"height: 54px; width: 79px;\">\u03a650<\/td>\n<td class=\"et4\" style=\"height: 54px; width: 65px;\">2*103<\/td>\n<td class=\"et4\" style=\"height: 54px; width: 104px;\">652.2<\/td>\n<td class=\"et4\" style=\"height: 54px; width: 96px;\">10MPa<\/td>\n<td class=\"et4\" style=\"height: 54px; width: 177px;\">2-M16*1.5<\/td>\n<td class=\"et4\" style=\"height: 54px; width: 60px;\">18 kg<\/td>\n<\/tr>\n<\/tbody>\n<\/table>\n<table>\n<tbody>\n<tr>\n<td><img loading=\"lazy\" decoding=\"async\" class=\"alignnone wp-image-649 size-full\" src=\"https:\/\/hydraulic-cylinders.net\/wp-content\/uploads\/2023\/08\/steering-hydraulic-cylinder-product-1-4.webp\" alt=\"\" width=\"333\" height=\"221\" srcset=\"https:\/\/www.hydraulic-cylinders.net\/wp-content\/uploads\/2023\/08\/steering-hydraulic-cylinder-product-1-4.webp 333w, https:\/\/www.hydraulic-cylinders.net\/wp-content\/uploads\/2023\/08\/steering-hydraulic-cylinder-product-1-4-300x199.webp 300w\" sizes=\"(max-width: 333px) 100vw, 333px\" \/><\/td>\n<td><img loading=\"lazy\" decoding=\"async\" class=\"alignnone wp-image-650 size-full\" src=\"https:\/\/hydraulic-cylinders.net\/wp-content\/uploads\/2023\/08\/steering-hydraulic-cylinder-product-1-5.webp\" alt=\"\" width=\"475\" height=\"176\" srcset=\"https:\/\/www.hydraulic-cylinders.net\/wp-content\/uploads\/2023\/08\/steering-hydraulic-cylinder-product-1-5.webp 475w, https:\/\/www.hydraulic-cylinders.net\/wp-content\/uploads\/2023\/08\/steering-hydraulic-cylinder-product-1-5-300x111.webp 300w\" sizes=\"(max-width: 475px) 100vw, 475px\" \/><\/td>\n<\/tr>\n<\/tbody>\n<\/table>\n<table style=\"height: 98px;\" border=\"1\" cellspacing=\"0\" cellpadding=\"0\">\n<tbody>\n<tr style=\"height: 47px;\">\n<td style=\"height: 47px; width: 122.338px;\">Silindri nimi<\/td>\n<td style=\"height: 47px; width: 154.438px;\">joonise number<\/td>\n<td style=\"height: 47px; width: 80.3625px;\">puuraugu l\u00e4bim\u00f5\u00f5t (D)<\/td>\n<td style=\"height: 47px; width: 79.275px;\">varda l\u00e4bim\u00f5\u00f5t (d)<\/td>\n<td style=\"height: 47px; width: 65.5875px;\">l\u00f6\u00f6k (S)<\/td>\n<td style=\"height: 47px; width: 104.25px;\">Paigalduskaugus (L)<\/td>\n<td style=\"height: 47px; width: 97.025px;\">t\u00f6\u00f6r\u00f5hk<\/td>\n<td style=\"height: 47px; width: 177.7px;\">Liidese m\u00f5\u00f5tmed (M)<\/td>\n<td style=\"height: 47px; width: 60.625px;\">kaal<\/td>\n<\/tr>\n<tr style=\"height: 51px;\">\n<td class=\"et3\" style=\"height: 51px; width: 122.338px;\" height=\"325\">Roolisilinder<\/td>\n<td class=\"et4\" style=\"height: 51px; width: 154.438px;\">XF250-223000-500T<\/td>\n<td class=\"et4\" style=\"height: 51px; width: 80.3625px;\">\u03a680<\/td>\n<td class=\"et4\" style=\"height: 51px; width: 79.275px;\">\u03a650<\/td>\n<td class=\"et4\" style=\"height: 51px; width: 65.5875px;\">2*94<\/td>\n<td class=\"et4\" style=\"height: 51px; width: 104.25px;\">654<\/td>\n<td class=\"et4\" style=\"height: 51px; width: 97.025px;\">16MPa<\/td>\n<td class=\"et4\" style=\"height: 51px; width: 177.7px;\">2-M16*1.5<\/td>\n<td class=\"et4\" style=\"height: 51px; width: 60.625px;\">20 kg<\/td>\n<\/tr>\n<\/tbody>\n<\/table>\n<h2><strong>Hooldusjuhised <\/strong><strong>Kahvelt\u00f5stuki t\u00f5stmise h\u00fcdrosilinder<\/strong><strong>:<\/strong><\/h2>\n<ul>\n<li><strong>Regulaarsed kontrollid<\/strong>: Tehke h\u00fcdraulilise silindri regulaarseid kontrolle, et kontrollida kahjustuste, kulumise v\u00f5i lekete m\u00e4rke. Kontrollige varrast, tihendeid ja kinnituspunkte. Lahendage k\u00f5ik probleemid viivitamatult, et v\u00e4ltida edasisi kahjustusi ja s\u00e4ilitada optimaalne j\u00f5udlus.<\/li>\n<li><strong>Vedelike kontrollimine ja asendamine<\/strong>Kontrollige regulaarselt h\u00fcdraulikavedeliku taset ja kvaliteeti. Veenduge, et vedelik on puhas ja saasteainetevaba. J\u00e4rgige tootja soovitusi vedeliku vahetamise intervallide kohta, et s\u00e4ilitada n\u00f5uetekohane m\u00e4\u00e4rimine ja s\u00fcsteemi j\u00f5udlus.<\/li>\n<li><strong>Tihendi hooldus<\/strong>Kontrollige h\u00fcdrosilindri tihendeid kulumise, pragude v\u00f5i lekete suhtes. Vahetage kahjustatud tihendid viivitamatult v\u00e4lja, et v\u00e4ltida vedeliku lekkeid ja tagada usaldusv\u00e4\u00e4rne t\u00f6\u00f6.<\/li>\n<li><strong>Varda hooldus<\/strong>Hoidke h\u00fcdrosilindri varras puhas ja prahist vaba. P\u00fchkige varrast regulaarselt ja kandke peale sobivat m\u00e4\u00e4rdeainet, et minimeerida h\u00f5\u00f5rdumist ja pikendada tihendite eluiga.<\/li>\n<li><strong>S\u00fcsteemi r\u00f5hu kontrollimine<\/strong>Kontrollige regulaarselt h\u00fcdraulikas\u00fcsteemi r\u00f5hku, et see t\u00f6\u00f6taks soovitatavas vahemikus. Vajadusel reguleerige r\u00f5hku vastavalt tootja juhistele.<\/li>\n<\/ul>\n<h2><strong>Tehase v\u00f5imekus ja suutlikkus:<\/strong><\/h2>\n<h3>(1) Kokkupanek<\/h3>\n<p>Meil on esmaklassiline s\u00f5ltumatu teadus- ja arendustegevuse montaa\u017eiplatvorm. Kahvelt\u00f5stuki silindrite tootmist\u00f6\u00f6kojas on 4 poolautomaatset t\u00f5stesilindrite montaa\u017eiliini ja 1 automaatne kallutussilindrite montaa\u017eiliin, mille projekteeritud aastane tootmisv\u00f5imsus on 1 miljon t\u00fckki; spetsiaalsilindrite t\u00f6\u00f6koda on varustatud erinevate spetsifikatsioonidega poolautomaatse puhastus-montaa\u017eis\u00fcsteemiga, mille projekteeritud aastane tootmisv\u00f5imsus on 200 000 t\u00fckki. Varustatud kuulsate CNC-t\u00f6\u00f6tlemisseadmete, t\u00f6\u00f6tlemiskeskuse, \u00fclit\u00e4pse silindrite t\u00f6\u00f6tlemise spetsiaalseadme, robotkeevitusmasina, automaatse puhastusmasina, automaatse silindrite montaa\u017eimasina ja automaatse v\u00e4rvimise tootmisliiniga. Olemasolevaid v\u00f5tmeseadmeid on \u00fcle 300 komplekti (komplekti). Seadmete ressursside optimaalne jaotus ja t\u00f5hus kasutamine tagavad toodete t\u00e4psusn\u00f5uded ja vastavad toodete k\u00f5rgetele kvaliteedin\u00f5uetele.<\/p>\n<p><img loading=\"lazy\" decoding=\"async\" class=\"alignnone wp-image-626\" src=\"https:\/\/hydraulic-cylinders.net\/wp-content\/uploads\/2023\/08\/hydraulic-cylinder-product-1-300x158.webp\" alt=\"\" width=\"495\" height=\"260\" srcset=\"https:\/\/hydraulic-cylinders.net\/wp-content\/uploads\/2023\/08\/hydraulic-cylinder-product-1-300x158.webp 495w, https:\/\/hydraulic-cylinders.net\/wp-content\/uploads\/2023\/08\/hydraulic-cylinder-product-1-480x252.webp 480w\" sizes=\"(min-width: 0px) and (max-width: 480px) 480px, (min-width: 481px) 495px, 100vw\" \/> <img loading=\"lazy\" decoding=\"async\" class=\"alignnone wp-image-627\" src=\"https:\/\/hydraulic-cylinders.net\/wp-content\/uploads\/2023\/08\/hydraulic-cylinder-product-2-300x189.webp\" alt=\"\" width=\"413\" height=\"260\" \/><\/p>\n<h3>(2) Mehaaniline t\u00f6\u00f6tlemine<\/h3>\n<p>T\u00f6\u00f6koda on varustatud kohandatud kaldr\u00f6\u00f6baste treikeskuse, t\u00f6\u00f6tluskeskuse, kiire hoonimismasina, keevitusroboti ja muude seotud seadmetega, mis suudavad t\u00f6\u00f6delda silindritorusid maksimaalse sisel\u00e4bim\u00f5\u00f5duga 400 mm ja maksimaalse pikkusega 6 meetrit.<\/p>\n<p><img loading=\"lazy\" decoding=\"async\" class=\"alignnone wp-image-628 size-large\" src=\"https:\/\/hydraulic-cylinders.net\/wp-content\/uploads\/2023\/08\/hydraulic-cylinder-product-3-1024x391.webp\" alt=\"\" width=\"1024\" height=\"391\" srcset=\"https:\/\/hydraulic-cylinders.net\/wp-content\/uploads\/2023\/08\/hydraulic-cylinder-product-3-980x374.webp 980w, https:\/\/hydraulic-cylinders.net\/wp-content\/uploads\/2023\/08\/hydraulic-cylinder-product-3-480x183.webp 480w\" sizes=\"(min-width: 0px) and (max-width: 480px) 480px, (min-width: 481px) and (max-width: 980px) 980px, (min-width: 981px) 1024px, 100vw\" \/><\/p>\n<h3>(3) Keevitamine<\/h3>\n<p><img loading=\"lazy\" decoding=\"async\" class=\"alignnone wp-image-629 size-large\" src=\"https:\/\/hydraulic-cylinders.net\/wp-content\/uploads\/2023\/08\/hydraulic-cylinder-product-4-1024x510.webp\" alt=\"\" width=\"1024\" height=\"510\" srcset=\"https:\/\/hydraulic-cylinders.net\/wp-content\/uploads\/2023\/08\/hydraulic-cylinder-product-4-980x488.webp 980w, https:\/\/hydraulic-cylinders.net\/wp-content\/uploads\/2023\/08\/hydraulic-cylinder-product-4-480x239.webp 480w\" sizes=\"(min-width: 0px) and (max-width: 480px) 480px, (min-width: 481px) and (max-width: 980px) 980px, (min-width: 981px) 1024px, 100vw\" \/><\/p>\n<h3>(4) V\u00e4rvimine ja katmine<\/h3>\n<p>V\u00e4ikese ja keskmise suurusega silindrilise automaatse veep\u00f5hise v\u00e4rvikatteliiniga, et saavutada automaatne roboti laadimine ja mahalaadimine ning automaatne pihustamine, on projekteerimisv\u00f5imsus 4000 t\u00fckki vahetuse kohta;<br \/>\nMeil on ka poolautomaatne v\u00e4rvimisliin suurte silindrite jaoks, mida toidab j\u00f5ukett ja mille projekteeritud tootmisv\u00f5imsus on 60 karpi vahetuse kohta.<\/p>\n<p><img loading=\"lazy\" decoding=\"async\" class=\"alignnone wp-image-630\" src=\"https:\/\/hydraulic-cylinders.net\/wp-content\/uploads\/2023\/08\/hydraulic-cylinder-product-5-300x213.webp\" alt=\"\" width=\"366\" height=\"260\" \/> <img loading=\"lazy\" decoding=\"async\" class=\"alignnone wp-image-631\" src=\"https:\/\/hydraulic-cylinders.net\/wp-content\/uploads\/2023\/08\/hydraulic-cylinder-product-6-300x225.webp\" alt=\"\" width=\"347\" height=\"260\" \/><\/p>\n<h3>(5) Testimine<\/h3>\n<p>Meil on esmaklassilised kontrolliseadmed ja katsestendid, et tagada silindri j\u00f5udlus vastavus n\u00f5uetele.<\/p>\n<p><img loading=\"lazy\" decoding=\"async\" class=\"alignnone wp-image-632\" src=\"https:\/\/hydraulic-cylinders.net\/wp-content\/uploads\/2023\/08\/hydraulic-cylinder-product-8-300x200.webp\" alt=\"\" width=\"389\" height=\"260\" \/><\/p>\n<p>&nbsp;<\/p>\n<p>&nbsp;<\/p>\n<p>Oleme \u00fcks parimaid h\u00fcdrosilindrite tootjaid. Pakume laia h\u00fcdrosilindrite valikut. Pakume ka vastavaid <a href=\"https:\/\/hzpt.com\/agricultural-pto-gearbox\/\" target=\"_blank\" rel=\"noopener\">p\u00f5llumajanduslikud k\u00e4igukastid<\/a>. Oleme eksportinud oma tooteid klientidele \u00fcle kogu maailma ja teeninud hea maine t\u00e4nu meie suurep\u00e4rasele tootekvaliteedile ja m\u00fc\u00fcgij\u00e4rgsele teenindusele. Me tervitame soojalt kliente nii kodus kui ka v\u00e4lismaal, et v\u00f5tta meiega \u00fchendust, et pidada l\u00e4bir\u00e4\u00e4kimisi \u00e4ri, vahetada teavet ja\u00a0<a href=\"https:\/\/www.hydraulic-cylinders.net\/et\/contact-us\/\">teha meiega koost\u00f6\u00f6d<\/a>!<\/p>","protected":false},"excerpt":{"rendered":"<p>Forklift Steering Hydraulic Cylinders Forklift Steering Hydraulic Cylinders, the driving force behind precise steering control and enhanced maneuverability in forklift operations. These essential components play a crucial role in ensuring smooth and responsive steering, allowing operators to navigate tight spaces and handle heavy loads with ease. The Forklift Steering Hydraulic Cylinders are compatible with a [&hellip;]<\/p>","protected":false},"featured_media":651,"comment_status":"open","ping_status":"closed","template":"","meta":{"_et_pb_use_builder":"","_et_pb_old_content":"","_et_gb_content_width":""},"product_brand":[],"product_cat":[1550,1484,1376],"product_tag":[1380],"class_list":{"0":"post-643","1":"product","2":"type-product","3":"status-publish","4":"has-post-thumbnail","6":"product_cat-double-acting-hydraulic-cylinder","7":"product_cat-forklift-hydraulic-cylinders","8":"product_cat-hydraulic-cylinder","9":"product_tag-hydraulic-cylinder","11":"first","12":"instock","13":"shipping-taxable","14":"product-type-simple"},"amp_enabled":true,"_links":{"self":[{"href":"https:\/\/www.hydraulic-cylinders.net\/et\/wp-json\/wp\/v2\/product\/643","targetHints":{"allow":["GET"]}}],"collection":[{"href":"https:\/\/www.hydraulic-cylinders.net\/et\/wp-json\/wp\/v2\/product"}],"about":[{"href":"https:\/\/www.hydraulic-cylinders.net\/et\/wp-json\/wp\/v2\/types\/product"}],"replies":[{"embeddable":true,"href":"https:\/\/www.hydraulic-cylinders.net\/et\/wp-json\/wp\/v2\/comments?post=643"}],"wp:featuredmedia":[{"embeddable":true,"href":"https:\/\/www.hydraulic-cylinders.net\/et\/wp-json\/wp\/v2\/media\/651"}],"wp:attachment":[{"href":"https:\/\/www.hydraulic-cylinders.net\/et\/wp-json\/wp\/v2\/media?parent=643"}],"wp:term":[{"taxonomy":"product_brand","embeddable":true,"href":"https:\/\/www.hydraulic-cylinders.net\/et\/wp-json\/wp\/v2\/product_brand?post=643"},{"taxonomy":"product_cat","embeddable":true,"href":"https:\/\/www.hydraulic-cylinders.net\/et\/wp-json\/wp\/v2\/product_cat?post=643"},{"taxonomy":"product_tag","embeddable":true,"href":"https:\/\/www.hydraulic-cylinders.net\/et\/wp-json\/wp\/v2\/product_tag?post=643"}],"curies":[{"name":"wp","href":"https:\/\/api.w.org\/{rel}","templated":true}]}}