{"id":652,"date":"2023-08-21T02:56:38","date_gmt":"2023-08-21T02:56:38","guid":{"rendered":"https:\/\/hydraulic-cylinders.net\/?post_type=product&#038;p=652"},"modified":"2025-04-11T01:45:01","modified_gmt":"2025-04-11T01:45:01","slug":"forklift-short-lifting-hydraulic-cylinder","status":"publish","type":"product","link":"https:\/\/www.hydraulic-cylinders.net\/et\/toode\/forklift-short-lifting-hydraulic-cylinder\/","title":{"rendered":"Kahvelt\u00f5stuki l\u00fchike t\u00f5stev h\u00fcdrosilinder"},"content":{"rendered":"<h1 style=\"text-align: center;\"><strong>Kahvelt\u00f5stuki l\u00fchike t\u00f5stev h\u00fcdrosilinder<\/strong><\/h1>\n<p><img loading=\"lazy\" decoding=\"async\" class=\"aligncenter wp-image-653\" src=\"https:\/\/hydraulic-cylinders.net\/wp-content\/uploads\/2023\/08\/short-lifting-hydraulic-cylinder-product-2-300x300.webp\" alt=\"l\u00fchikese t\u00f5ste-h\u00fcdraulilise-silindri-toode\" width=\"400\" height=\"400\" \/><\/p>\n<p>See <strong>L\u00fchike kahvelt\u00f5stuki t\u00f5stesilinder<\/strong> on loodud l\u00fchikeste t\u00f5ste\u00fclesannete vaevata lahendamiseks, pakkudes materjalik\u00e4itlustoimingute optimeerimiseks vajalikku v\u00f5imsust ja t\u00e4psust.<\/p>\n<p>Vastupidava konstruktsiooniga h\u00fcdrosilinder talub suuri koormusi, sagedast kasutamist ja keerulisi t\u00f6\u00f6tingimusi. Vastupidavaks ehitatud h\u00fcdrauliline silinder tagab usaldusv\u00e4\u00e4rse j\u00f5udluse, minimeerides samal ajal hoolduse v\u00f5i remondiga seotud seisakuid.<\/p>\n<p>Erakordse kulumis-, korrosiooni- ja saastumiskindlusega <strong>L\u00fchike kahvelt\u00f5stuki t\u00f5stesilinder<\/strong> S\u00e4ilitab tipptasemel j\u00f5udluse kogu oma eluea jooksul. See on loodud vastu pidama karmidele elementidele ning kaitseb end t\u00f5husalt niiskuse, prahi ja muude saasteainete eest, mis v\u00f5ivad selle funktsionaalsust kahjustada.<\/p>\n<p>Neile, kes otsivad usaldusv\u00e4\u00e4rset t\u00f5stelahendust, on see h\u00fcdrosilinder ideaalne valik, tagades iga t\u00f6\u00f6 efektiivsuse ja pikaealisuse.<\/p>\n<h2><strong>Kahvelt\u00f5stuki l\u00fchikese t\u00f5steh\u00fcdraulilise silindri parameeter:<\/strong><\/h2>\n<table>\n<tbody>\n<tr>\n<td><img loading=\"lazy\" decoding=\"async\" class=\"alignnone wp-image-654 size-full\" src=\"https:\/\/hydraulic-cylinders.net\/wp-content\/uploads\/2023\/08\/short-lifting-hydraulic-cylinder-product-1.png\" alt=\"\" width=\"457\" height=\"315\" srcset=\"https:\/\/www.hydraulic-cylinders.net\/wp-content\/uploads\/2023\/08\/short-lifting-hydraulic-cylinder-product-1.png 457w, https:\/\/www.hydraulic-cylinders.net\/wp-content\/uploads\/2023\/08\/short-lifting-hydraulic-cylinder-product-1-300x207.png 300w\" sizes=\"(max-width: 457px) 100vw, 457px\" \/><\/td>\n<td><img loading=\"lazy\" decoding=\"async\" class=\"alignnone wp-image-655 size-full\" src=\"https:\/\/hydraulic-cylinders.net\/wp-content\/uploads\/2023\/08\/short-lifting-hydraulic-cylinder-product-1-1.png\" alt=\"\" width=\"475\" height=\"137\" srcset=\"https:\/\/www.hydraulic-cylinders.net\/wp-content\/uploads\/2023\/08\/short-lifting-hydraulic-cylinder-product-1-1.png 475w, https:\/\/www.hydraulic-cylinders.net\/wp-content\/uploads\/2023\/08\/short-lifting-hydraulic-cylinder-product-1-1-300x87.png 300w\" sizes=\"(max-width: 475px) 100vw, 475px\" \/><\/td>\n<\/tr>\n<\/tbody>\n<\/table>\n<table style=\"height: 95px; width: 931px;\" border=\"1\" cellspacing=\"0\" cellpadding=\"0\">\n<tbody>\n<tr style=\"height: 47px;\">\n<td style=\"height: 47px; width: 124.137px;\">Silindri nimi<\/td>\n<td style=\"height: 47px; width: 182.712px;\">joonise number<\/td>\n<td style=\"height: 47px; width: 74.2125px;\">puuraugu l\u00e4bim\u00f5\u00f5t (D)<\/td>\n<td style=\"height: 47px; width: 63.6375px;\">varda l\u00e4bim\u00f5\u00f5t (d)<\/td>\n<td style=\"height: 47px; width: 69.75px;\">l\u00f6\u00f6k (S)<\/td>\n<td style=\"height: 47px; width: 90.0875px;\">Paigalduskaugus (L)<\/td>\n<td style=\"height: 47px; width: 92.5625px;\">t\u00f6\u00f6r\u00f5hk<\/td>\n<td style=\"height: 47px; width: 148.925px;\">Liidese m\u00f5\u00f5tmed (M)<\/td>\n<td style=\"height: 47px; width: 68.975px;\">kaal<\/td>\n<\/tr>\n<tr style=\"height: 48px;\">\n<td class=\"et3\" style=\"height: 48px; width: 124.137px;\" height=\"325\">L\u00fchike t\u00f5stesilinder<\/td>\n<td style=\"width: 182.712px;\">RC25N480-800000-000A<\/td>\n<td style=\"width: 74.2125px;\">\u03a675<\/td>\n<td style=\"width: 63.6375px;\">\u03a660<\/td>\n<td style=\"width: 69.75px;\">800<\/td>\n<td style=\"width: 90.0875px;\">1065<\/td>\n<td style=\"width: 92.5625px;\">18,1 MPa<\/td>\n<td style=\"width: 148.925px;\">M22*1.5<\/td>\n<td style=\"width: 68.975px;\">36 kg<\/td>\n<\/tr>\n<tr>\n<td style=\"width: 124.137px;\">L\u00fchike t\u00f5stesilinder<\/td>\n<td style=\"width: 182.712px;\">X35N480-800000-001A<\/td>\n<td style=\"width: 74.2125px;\">\u03a695<\/td>\n<td style=\"width: 63.6375px;\">\u03a680<\/td>\n<td style=\"width: 69.75px;\">800<\/td>\n<td style=\"width: 90.0875px;\">1065<\/td>\n<td style=\"width: 92.5625px;\">18,1 MPa<\/td>\n<td style=\"width: 148.925px;\">M22*1.5<\/td>\n<td style=\"width: 68.975px;\">48,7 kg<\/td>\n<\/tr>\n<\/tbody>\n<\/table>\n<table>\n<tbody>\n<tr>\n<td><img loading=\"lazy\" decoding=\"async\" class=\"alignnone wp-image-656 size-full\" src=\"https:\/\/hydraulic-cylinders.net\/wp-content\/uploads\/2023\/08\/short-lifting-hydraulic-cylinder-product-2-1.webp\" alt=\"\" width=\"451\" height=\"358\" srcset=\"https:\/\/www.hydraulic-cylinders.net\/wp-content\/uploads\/2023\/08\/short-lifting-hydraulic-cylinder-product-2-1.webp 451w, https:\/\/www.hydraulic-cylinders.net\/wp-content\/uploads\/2023\/08\/short-lifting-hydraulic-cylinder-product-2-1-300x238.webp 300w\" sizes=\"(max-width: 451px) 100vw, 451px\" \/><\/td>\n<td><img loading=\"lazy\" decoding=\"async\" class=\"alignnone wp-image-657 size-full\" src=\"https:\/\/hydraulic-cylinders.net\/wp-content\/uploads\/2023\/08\/short-lifting-hydraulic-cylinder-product-2-1-1.webp\" alt=\"\" width=\"475\" height=\"223\" srcset=\"https:\/\/www.hydraulic-cylinders.net\/wp-content\/uploads\/2023\/08\/short-lifting-hydraulic-cylinder-product-2-1-1.webp 475w, https:\/\/www.hydraulic-cylinders.net\/wp-content\/uploads\/2023\/08\/short-lifting-hydraulic-cylinder-product-2-1-1-300x141.webp 300w\" sizes=\"(max-width: 475px) 100vw, 475px\" \/><\/td>\n<\/tr>\n<\/tbody>\n<\/table>\n<table style=\"height: 101px; width: 938px;\" border=\"1\" cellspacing=\"0\" cellpadding=\"0\">\n<tbody>\n<tr style=\"height: 47px;\">\n<td style=\"height: 47px; width: 122px;\">Silindri nimi<\/td>\n<td style=\"height: 47px; width: 155px;\">joonise number<\/td>\n<td style=\"height: 47px; width: 80px;\">puuraugu l\u00e4bim\u00f5\u00f5t (D)<\/td>\n<td style=\"height: 47px; width: 79px;\">varda l\u00e4bim\u00f5\u00f5t (d)<\/td>\n<td style=\"height: 47px; width: 65px;\">l\u00f6\u00f6k (S)<\/td>\n<td style=\"height: 47px; width: 104px;\">Paigalduskaugus (L)<\/td>\n<td style=\"height: 47px; width: 96px;\">t\u00f6\u00f6r\u00f5hk<\/td>\n<td style=\"height: 47px; width: 177px;\">Liidese m\u00f5\u00f5tmed (M)<\/td>\n<td style=\"height: 47px; width: 60px;\">kaal<\/td>\n<\/tr>\n<tr style=\"height: 54px;\">\n<td class=\"et3\" style=\"height: 54px; width: 122px;\" height=\"325\">L\u00fchike t\u00f5stesilinder<\/td>\n<td style=\"width: 155px;\" width=\"270\">N30N450-800000-002A<\/td>\n<td style=\"width: 80px;\" width=\"102\">\u03a685<\/td>\n<td style=\"width: 79px;\" width=\"99\">\u03a670<\/td>\n<td style=\"width: 65px;\" width=\"91\">777<\/td>\n<td style=\"width: 104px;\" width=\"136\">1015<\/td>\n<td style=\"width: 96px;\" width=\"138\">18,1 MPa<\/td>\n<td style=\"width: 177px;\" width=\"294\">M22*1.5<\/td>\n<td style=\"width: 60px;\" width=\"78\">45,5 kg<\/td>\n<\/tr>\n<tr>\n<td style=\"width: 122px;\">L\u00fchike t\u00f5stesilinder<\/td>\n<td style=\"width: 155px;\">3U3H-800000-001A<\/td>\n<td style=\"width: 80px;\">\u03a685<\/td>\n<td style=\"width: 79px;\">\u03a670<\/td>\n<td style=\"width: 65px;\">777<\/td>\n<td style=\"width: 104px;\">1015<\/td>\n<td style=\"width: 96px;\">18,1 MPa<\/td>\n<td style=\"width: 177px;\">M22*1.5<\/td>\n<td style=\"width: 60px;\">45,5 kg<\/td>\n<\/tr>\n<tr>\n<td style=\"width: 122px;\">L\u00fchike t\u00f5stesilinder<\/td>\n<td style=\"width: 155px;\">N35N450-800000-003A<\/td>\n<td style=\"width: 80px;\">\u03a695<\/td>\n<td style=\"width: 79px;\">\u03a680<\/td>\n<td style=\"width: 65px;\">775<\/td>\n<td style=\"width: 104px;\">1013<\/td>\n<td style=\"width: 96px;\">18,1 MPa<\/td>\n<td style=\"width: 177px;\">M22*1.5<\/td>\n<td style=\"width: 60px;\">54 kg<\/td>\n<\/tr>\n<\/tbody>\n<\/table>\n<h2><strong>Ava h\u00fcdraulilise silindri abil efektiivsus ja t\u00e4psus:<\/strong><\/h2>\n<p>Kogege h\u00fcdraulilise tehnoloogia t\u00f5elist v\u00f5imsust h\u00fcdrosilindriga. See t\u00e4helepanuv\u00e4\u00e4rne seade on loodud pakkuma t\u00e4psust ja t\u00f6\u00f6kindlust laias valikus rakendustes. T\u00f6\u00f6stusmasinatest ehitusseadmeteni on h\u00fcdrosilinder v\u00f5ti j\u00f5udluse optimeerimiseks ja silmapaistvate tulemuste saavutamiseks. Avastage, kuidas see v\u00f5imas t\u00f6\u00f6riist saab teie tegevust revolutsiooniliselt muuta.<\/p>\n<ul>\n<li><strong>T\u00e4ppistehnika<\/strong>H\u00fcdrauliline silinder on hoolikalt konstrueeritud, et tagada liikumise ja j\u00f5u t\u00e4pne kontroll. Oma t\u00e4iustatud disaini ja kvaliteetse konstruktsiooniga tagab see t\u00e4pse ja korduva j\u00f5udluse, v\u00f5imaldades teil saavutada soovitud tulemusi erakordse t\u00e4psusega.<\/li>\n<li><strong>Suurem efektiivsus<\/strong>J\u00e4tke ebaefektiivsus ja eba\u00fchtlane j\u00f5udlus h\u00fcvasti. H\u00fcdrauliline silinder optimeerib h\u00fcdraulilise j\u00f5u kasutamist, maksimeerides efektiivsust ja tootlikkust. Kogege sujuvaid ja kontrollitud liikumisi, mis v\u00e4hendavad energia raiskamist ja parandavad s\u00fcsteemi \u00fcldist j\u00f5udlust.<\/li>\n<\/ul>\n<h2><strong>Tehase v\u00f5imekus ja suutlikkus:<\/strong><\/h2>\n<h3><strong>(1) Kokkupanek<\/strong><\/h3>\n<p>Meie rajatisel on tipptasemel s\u00f5ltumatu teadus- ja arendustegevuse montaa\u017eiplatvorm, mis on p\u00fchendatud h\u00fcdrauliliste silindrite tootmisele. Meil \u200b\u200bon neli poolautomaatset t\u00f5stesilindrite montaa\u017eiliini ja \u00fcks t\u00e4isautomaatne kallutussilindrite montaa\u017eiliin muljetavaldava aastase tootmisv\u00f5imsusega 1 miljon silindrit.<img loading=\"lazy\" decoding=\"async\" class=\"aligncenter wp-image-626\" src=\"https:\/\/hydraulic-cylinders.net\/wp-content\/uploads\/2023\/08\/hydraulic-cylinder-product-1-300x158.webp\" alt=\"\" width=\"500\" height=\"263\" srcset=\"https:\/\/hydraulic-cylinders.net\/wp-content\/uploads\/2023\/08\/hydraulic-cylinder-product-1-300x158.webp 500w, https:\/\/hydraulic-cylinders.net\/wp-content\/uploads\/2023\/08\/hydraulic-cylinder-product-1-480x252.webp 480w\" sizes=\"(min-width: 0px) and (max-width: 480px) 480px, (min-width: 481px) 500px, 100vw\" \/><\/p>\n<p>Meie spetsialiseeritud silindrite t\u00f6\u00f6kojas kasutame erinevate spetsifikatsioonide jaoks loodud poolautomaatset puhastus-montaa\u017eis\u00fcsteemi, mis on v\u00f5imeline tootma 200 000 silindrit aastas. Meie t\u00f6\u00f6koda on varustatud t\u00e4iustatud CNC-t\u00f6\u00f6tlusseadmete, t\u00f6\u00f6tluskeskuse, \u00fclit\u00e4psete silindrite t\u00f6\u00f6tlemisriistade, robotkeevitusmasinate, automaatsete puhastuss\u00fcsteemide ja automatiseeritud silindrite montaa\u017eiliiniga. Lisaks on meil t\u00e4isautomaatne v\u00e4rvimisliin.<\/p>\n<p>Meie k\u00e4sutuses on \u00fcle 300 kriitilise seadme ning optimaalne ressursside jaotus tagab, et vastame klientide n\u00f5utavatele rangetele t\u00e4psus- ja kvaliteedistandarditele. See p\u00fchendumus t\u00f5hususele ja t\u00e4psusele asetab meid h\u00fcdrosilindrite t\u00f6\u00f6stuse liidriks.<\/p>\n<p><img loading=\"lazy\" decoding=\"async\" class=\"aligncenter wp-image-627\" src=\"https:\/\/hydraulic-cylinders.net\/wp-content\/uploads\/2023\/08\/hydraulic-cylinder-product-2-300x189.webp\" alt=\"\" width=\"500\" height=\"315\" srcset=\"https:\/\/hydraulic-cylinders.net\/wp-content\/uploads\/2023\/08\/hydraulic-cylinder-product-2-300x189.webp 500w, https:\/\/hydraulic-cylinders.net\/wp-content\/uploads\/2023\/08\/hydraulic-cylinder-product-2-480x302.webp 480w\" sizes=\"(min-width: 0px) and (max-width: 480px) 480px, (min-width: 481px) 500px, 100vw\" \/><\/p>\n<h3><strong>(2) T\u00f6\u00f6tlemine<\/strong><\/h3>\n<p>Meie mehaanikat\u00f6\u00f6kojas on tipptasemel seadmed, sealhulgas kohandatud kaldr\u00f6\u00f6bastega treimiskeskus, t\u00e4ppist\u00f6\u00f6tluskeskus, kiire hoonimispink ja t\u00e4iustatud keevitusrobotid. See keerukas seadistus v\u00f5imaldab meil t\u00f5husalt t\u00f6\u00f6delda silindrikujulisi torusid maksimaalse sisel\u00e4bim\u00f5\u00f5duga 400 mm ja pikkusega kuni 6 meetrit.<\/p>\n<p><img loading=\"lazy\" decoding=\"async\" class=\"wp-image-628 size-large aligncenter\" src=\"https:\/\/hydraulic-cylinders.net\/wp-content\/uploads\/2023\/08\/hydraulic-cylinder-product-3-1024x391.webp\" alt=\"\" width=\"1024\" height=\"391\" srcset=\"https:\/\/hydraulic-cylinders.net\/wp-content\/uploads\/2023\/08\/hydraulic-cylinder-product-3-980x374.webp 980w, https:\/\/hydraulic-cylinders.net\/wp-content\/uploads\/2023\/08\/hydraulic-cylinder-product-3-480x183.webp 480w\" sizes=\"(min-width: 0px) and (max-width: 480px) 480px, (min-width: 481px) and (max-width: 980px) 980px, (min-width: 981px) 1024px, 100vw\" \/><\/p>\n<p>Meie tipptehnoloogiaga tagame kvaliteetse t\u00f6\u00f6tlemise, mis vastab h\u00fcdrauliliste silindrite tootmise mitmekesistele vajadustele.<\/p>\n<h3><strong>(3) Keevitamine<\/strong><\/h3>\n<p><img loading=\"lazy\" decoding=\"async\" class=\"wp-image-629 size-large aligncenter\" src=\"https:\/\/hydraulic-cylinders.net\/wp-content\/uploads\/2023\/08\/hydraulic-cylinder-product-4-1024x510.webp\" alt=\"\" width=\"1024\" height=\"510\" srcset=\"https:\/\/hydraulic-cylinders.net\/wp-content\/uploads\/2023\/08\/hydraulic-cylinder-product-4-980x488.webp 980w, https:\/\/hydraulic-cylinders.net\/wp-content\/uploads\/2023\/08\/hydraulic-cylinder-product-4-480x239.webp 480w\" sizes=\"(min-width: 0px) and (max-width: 480px) 480px, (min-width: 481px) and (max-width: 980px) 980px, (min-width: 981px) 1024px, 100vw\" \/><\/p>\n<h3><strong>(4) V\u00e4rvimine ja katmine<\/strong><\/h3>\n<p><img loading=\"lazy\" decoding=\"async\" class=\"wp-image-630 aligncenter\" src=\"https:\/\/hydraulic-cylinders.net\/wp-content\/uploads\/2023\/08\/hydraulic-cylinder-product-5-300x213.webp\" alt=\"\" width=\"500\" height=\"355\" \/><\/p>\n<p>Meie tehases on spetsiaalselt v\u00e4ikeste ja keskmise suurusega balloonide jaoks loodud t\u00e4iustatud automaatsed veebaasil v\u00e4rvimise liinid. Need liinid kasutavad t\u00f5husaks laadimiseks, mahalaadimiseks ja pihustamiseks robottehnoloogiat, saavutades m\u00e4rkimisv\u00e4\u00e4rse tootmisv\u00f5imsuse 4000 t\u00fckki vahetuse kohta.<\/p>\n<p><img loading=\"lazy\" decoding=\"async\" class=\"wp-image-631 aligncenter\" src=\"https:\/\/hydraulic-cylinders.net\/wp-content\/uploads\/2023\/08\/hydraulic-cylinder-product-6-300x225.webp\" alt=\"\" width=\"500\" height=\"375\" srcset=\"https:\/\/hydraulic-cylinders.net\/wp-content\/uploads\/2023\/08\/hydraulic-cylinder-product-6-300x225.webp 500w, https:\/\/hydraulic-cylinders.net\/wp-content\/uploads\/2023\/08\/hydraulic-cylinder-product-6-480x360.webp 480w\" sizes=\"(min-width: 0px) and (max-width: 480px) 480px, (min-width: 481px) 500px, 100vw\" \/><\/p>\n<p>Lisaks k\u00e4itame suurte silindrite jaoks poolautomaatset v\u00e4rvimisliini, mida k\u00e4itab vastupidav j\u00f5ukett ja mille kavandatud tootmisv\u00f5imsus on 60 karpi vahetuse kohta. See automatiseerimise ja efektiivsuse kombinatsioon tagab k\u00f5igi meie h\u00fcdrosilindrite kvaliteetse viimistluse.<\/p>\n<h3><strong>(5) Testimine<\/strong><\/h3>\n<p>Meil on esmaklassilised kontrolliseadmed ja katsestendid, et tagada silindri j\u00f5udlus vastavus n\u00f5uetele.<\/p>\n<p><img loading=\"lazy\" decoding=\"async\" class=\"wp-image-632 aligncenter\" src=\"https:\/\/hydraulic-cylinders.net\/wp-content\/uploads\/2023\/08\/hydraulic-cylinder-product-8-300x200.webp\" alt=\"\" width=\"389\" height=\"260\" \/><\/p>\n<p>Oleme tuntud tootja, kes pakub <a href=\"https:\/\/hzpt.com\/mobile-machinery-hydraulic-cylinder\/\" target=\"_blank\" rel=\"noopener\">h\u00fcdrosilindrid<\/a>, mida peetakse \u00fcheks parimaks oma valdkonnas. Meie ulatuslik tootevalik h\u00f5lmab laia valikut h\u00fcdraulilisi silindreid, mis on kohandatud erinevate rakenduste jaoks. Lisaks h\u00fcdraulilistele silindritele pakume ka kvaliteetseid p\u00f5llumajanduslikke k\u00e4igukaste, tagades meie klientidele juurdep\u00e4\u00e4su terviklikele lahendustele nende masinavajaduste rahuldamiseks.<\/p>\n<p>P\u00fchendumusega tipptasemele oleme edukalt eksportinud oma tooteid klientidele \u00fcle kogu maailma, teenides v\u00e4lja tugeva maine suurep\u00e4rase tootekvaliteedi ja erakordse m\u00fc\u00fcgij\u00e4rgse teeninduse poolest. Meie p\u00fchendumus klientide rahulolule on positsioneerinud meid usaldusv\u00e4\u00e4rse partnerina nii sise- kui ka rahvusvahelistel turgudel.<\/p>\n<h2><strong>Miks valida meid?<\/strong><\/h2>\n<p><img loading=\"lazy\" decoding=\"async\" class=\"size-full wp-image-7201 aligncenter\" src=\"https:\/\/www.hydraulic-cylinders.net\/wp-content\/uploads\/2024\/09\/mining-dump-steering-cylinder-hydraulics-on-trucks-8.webp\" alt=\"\" width=\"1110\" height=\"735\" srcset=\"https:\/\/www.hydraulic-cylinders.net\/wp-content\/uploads\/2024\/09\/mining-dump-steering-cylinder-hydraulics-on-trucks-8.webp 1110w, https:\/\/www.hydraulic-cylinders.net\/wp-content\/uploads\/2024\/09\/mining-dump-steering-cylinder-hydraulics-on-trucks-8-980x649.webp 980w, https:\/\/www.hydraulic-cylinders.net\/wp-content\/uploads\/2024\/09\/mining-dump-steering-cylinder-hydraulics-on-trucks-8-480x318.webp 480w\" sizes=\"(min-width: 0px) and (max-width: 480px) 480px, (min-width: 481px) and (max-width: 980px) 980px, (min-width: 981px) 1110px, 100vw\" \/><\/p>\n<p><strong>Professionaalne asjatundlikkus:<\/strong> Meie meeskond koosneb h\u00fcdraulikas\u00fcsteemide valdkonnas tegutsevatest spetsialistidest, kellel on ulatuslikud teadmised ja kogemused, tagades tipptasemel toodete ja teenuste pakkumise.<\/p>\n<p><strong>Rahvusvahelised sertifikaadid:<\/strong> J\u00e4rgime rangeid kvaliteedistandardeid ja omame mitmesuguseid rahvusvahelisi sertifikaate, mis n\u00e4itab meie p\u00fchendumust usaldusv\u00e4\u00e4rsete ja ohutute h\u00fcdrauliliste lahenduste pakkumisele.<\/p>\n<p><strong>Kohandatud lahendused:<\/strong> Me m\u00f5istame, et iga kliendi vajadused on ainulaadsed. Seet\u00f5ttu pakume kohandatud h\u00fcdraulilisi silindreid ja k\u00e4igukaste, mis on kohandatud vastama konkreetsetele n\u00f5uetele.<\/p>\n<p><strong>T\u00e4iustatud tootmisseadmed:<\/strong> Meie tipptasemel tootmis\u00fcksused kasutavad uusimat tehnoloogiat ja seadmeid, mis v\u00f5imaldavad meil toota kvaliteetseid tooteid t\u00f5husalt.<\/p>\n<p><strong>P\u00f5hjalik m\u00fc\u00fcgij\u00e4rgne tugi:<\/strong> Meie p\u00fchendumus klientidele ulatub kaugemale m\u00fc\u00fcgist. Pakume pidevat tuge ja hooldusteenuseid, et tagada meie toodete optimaalne j\u00f5udlus.<\/p>\n<p>Kutsume kliente \u00fcle kogu maailma meiega \u00fchendust v\u00f5tma \u00e4ril\u00e4bir\u00e4\u00e4kimisteks, teabevahetuseks ja koost\u00f6\u00f6v\u00f5imaluste loomiseks. Koos suudame saavutada h\u00fcdraulikat\u00f6\u00f6stuses suuremat edu!<\/p>","protected":false},"excerpt":{"rendered":"<p>Forklift Short Lifting Hydraulic Cylinder The Short Forklift Lift Cylinder is designed to tackle short lifting tasks effortlessly, delivering the power and precision needed to optimize your material handling operations. Featuring a robust design, this hydraulic cylinder can withstand heavy loads, frequent use, and challenging operating conditions. Built for durability, it ensures reliable performance while [&hellip;]<\/p>","protected":false},"featured_media":658,"comment_status":"open","ping_status":"closed","template":"","meta":{"_et_pb_use_builder":"","_et_pb_old_content":"","_et_gb_content_width":""},"product_brand":[],"product_cat":[1484,1549],"product_tag":[1380],"class_list":{"0":"post-652","1":"product","2":"type-product","3":"status-publish","4":"has-post-thumbnail","6":"product_cat-forklift-hydraulic-cylinders","7":"product_cat-single-acting-hydraulic-cylinder","8":"product_tag-hydraulic-cylinder","10":"first","11":"instock","12":"shipping-taxable","13":"product-type-simple"},"amp_enabled":true,"_links":{"self":[{"href":"https:\/\/www.hydraulic-cylinders.net\/et\/wp-json\/wp\/v2\/product\/652","targetHints":{"allow":["GET"]}}],"collection":[{"href":"https:\/\/www.hydraulic-cylinders.net\/et\/wp-json\/wp\/v2\/product"}],"about":[{"href":"https:\/\/www.hydraulic-cylinders.net\/et\/wp-json\/wp\/v2\/types\/product"}],"replies":[{"embeddable":true,"href":"https:\/\/www.hydraulic-cylinders.net\/et\/wp-json\/wp\/v2\/comments?post=652"}],"wp:featuredmedia":[{"embeddable":true,"href":"https:\/\/www.hydraulic-cylinders.net\/et\/wp-json\/wp\/v2\/media\/658"}],"wp:attachment":[{"href":"https:\/\/www.hydraulic-cylinders.net\/et\/wp-json\/wp\/v2\/media?parent=652"}],"wp:term":[{"taxonomy":"product_brand","embeddable":true,"href":"https:\/\/www.hydraulic-cylinders.net\/et\/wp-json\/wp\/v2\/product_brand?post=652"},{"taxonomy":"product_cat","embeddable":true,"href":"https:\/\/www.hydraulic-cylinders.net\/et\/wp-json\/wp\/v2\/product_cat?post=652"},{"taxonomy":"product_tag","embeddable":true,"href":"https:\/\/www.hydraulic-cylinders.net\/et\/wp-json\/wp\/v2\/product_tag?post=652"}],"curies":[{"name":"wp","href":"https:\/\/api.w.org\/{rel}","templated":true}]}}