{"id":765,"date":"2023-08-23T01:51:12","date_gmt":"2023-08-23T01:51:12","guid":{"rendered":"https:\/\/hydraulic-cylinders.net\/?post_type=product&#038;p=765"},"modified":"2025-03-27T01:13:02","modified_gmt":"2025-03-27T01:13:02","slug":"low-pressure-hydraulic-cylinder-front-pin","status":"publish","type":"product","link":"https:\/\/www.hydraulic-cylinders.net\/et\/toode\/low-pressure-hydraulic-cylinder-front-pin\/","title":{"rendered":"Madalr\u00f5hu h\u00fcdrosilindri esiotsapoldid"},"content":{"rendered":"<h1 style=\"text-align: center;\"><strong>Madalr\u00f5hu h\u00fcdrosilindri esiotsapoldid<\/strong><\/h1>\n<p><img loading=\"lazy\" decoding=\"async\" class=\"aligncenter wp-image-766 size-full\" src=\"https:\/\/hydraulic-cylinders.net\/wp-content\/uploads\/2023\/08\/low-pressure-pull-rod-hydraulic-cylinder-front-hinge-pin-1.webp\" alt=\"\" width=\"379\" height=\"169\" srcset=\"https:\/\/www.hydraulic-cylinders.net\/wp-content\/uploads\/2023\/08\/low-pressure-pull-rod-hydraulic-cylinder-front-hinge-pin-1.webp 379w, https:\/\/www.hydraulic-cylinders.net\/wp-content\/uploads\/2023\/08\/low-pressure-pull-rod-hydraulic-cylinder-front-hinge-pin-1-300x134.webp 300w\" sizes=\"(max-width: 379px) 100vw, 379px\" \/><\/p>\n<p>Madalr\u00f5huh\u00fcdrauliliste silindrite puhul viitab termin \u201eeesmine tihvt\u201d tavaliselt silindri esiosas asuvale tihvtile v\u00f5i v\u00f5llile. Seda tihvti kasutatakse \u00fchenduspunkti v\u00f5i p\u00f6\u00f6rdliigina silindri kinnitamiseks v\u00f5i paigaldamiseks teiste komponentide v\u00f5i seadmete k\u00fclge. Siin on teavet madalr\u00f5huh\u00fcdraulilise silindri esimise tihvti kohta:<\/p>\n<p>Madalr\u00f5hu h\u00fcdrosilindri projekteerimine ja ehitus<\/p>\n<p>Eesmine tihvt: Eesmine tihvt on tavaliselt vastupidav metalltihvt v\u00f5i -v\u00f5ll, mis ulatub h\u00fcdrosilindri esiotsa. Selle eesm\u00e4rk on tagada silindrile turvaline \u00fchendus ja p\u00f6\u00f6rdepunkt.<br \/>\nKinnitusavad: Eesmine tihvt sisestatakse silindri korpuse v\u00f5i esi\u00e4\u00e4riku kinnitusavade v\u00f5i kronsteinide kaudu. Need kinnitusavad on joondatud vastavate aukude v\u00f5i kronsteinidega seadmel v\u00f5i konstruktsioonil, mille k\u00fclge silinder on kinnitatud.<br \/>\nKinnitusmehhanism: Esitihvti saab kinnitada kinnitusklambrite, poltide v\u00f5i muude kinnitusdetailidega, et v\u00e4ltida juhuslikku lahti\u00fchendamist v\u00f5i liikumist.<\/p>\n<h2><strong>Madalr\u00f5hu h\u00fcdraulilise silindri esitihvti parameeter:<\/strong><\/h2>\n<p><img loading=\"lazy\" decoding=\"async\" class=\"alignnone wp-image-767 size-full\" src=\"https:\/\/hydraulic-cylinders.net\/wp-content\/uploads\/2023\/08\/low-pressure-pull-rod-hydraulic-cylinder-front-hinge-pin-2.webp\" alt=\"\" width=\"660\" height=\"289\" srcset=\"https:\/\/hydraulic-cylinders.net\/wp-content\/uploads\/2023\/08\/low-pressure-pull-rod-hydraulic-cylinder-front-hinge-pin-2.webp 660w, https:\/\/hydraulic-cylinders.net\/wp-content\/uploads\/2023\/08\/low-pressure-pull-rod-hydraulic-cylinder-front-hinge-pin-2-480x210.webp 480w\" sizes=\"(min-width: 0px) and (max-width: 480px) 480px, (min-width: 481px) 660px, 100vw\" \/><\/p>\n<h2><strong>Rakendused <\/strong><strong>Madalr\u00f5hu h\u00fcdrosilindri esiotsapoldid<\/strong><strong>:<\/strong><\/h2>\n<ul>\n<li>Madalr\u00f5hu h\u00fcdraulilisi silindreid, millel on eesmised tihvtid, kasutatakse erinevates t\u00f6\u00f6stusharudes ja rakendustes, eriti s\u00fcsteemides, mis t\u00f6\u00f6tavad madalama h\u00fcdraulilise r\u00f5hu korral.<\/li>\n<li>Neid kasutatakse tavaliselt t\u00f6\u00f6stusmasinates, mobiilseadmetes ja muudes s\u00fcsteemides, kus on ruumipiiranguid v\u00f5i spetsiifilised paigaldusn\u00f5uded.<\/li>\n<li>Need silindrid sobivad materjalik\u00e4itluseks, t\u00f5stemehhanismideks, konveiers\u00fcsteemideks ja muudeks seadmeteks, mis vajavad lineaarset j\u00f5udu v\u00f5i liikumist.<\/li>\n<\/ul>\n<h2><strong>Paigaldamine ja \u00fchendamine <\/strong><strong>Madalr\u00f5hu h\u00fcdrosilindri esiotsapoldid<\/strong><strong>:<\/strong><\/h2>\n<ul>\n<li>Silindrite kinnitus: Esitihvtid v\u00f5imaldavad h\u00fcdraulikasilindrite otsest \u00fchendamist teiste seadmete v\u00f5i konstruktsioonielementidega. Tihvt sisestatakse silindri kinnitusava v\u00f5i kronsteini ja seadme v\u00f5i konstruktsiooni vastasava v\u00f5i kronsteini kaudu.<\/li>\n<li>Esimise tihvti kinnitamine: Kui esimine tihvt on kinnituspunkti sisestatud, hoitakse seda tavaliselt paigal kinnitusklambri, poldi v\u00f5i muu kinnitusvahendi abil. Need kinnitusvahendid tagavad silindri ja vastaspinna vahel stabiilse ja j\u00e4iga \u00fchenduse.<\/li>\n<\/ul>\n<h2><strong>Kuidas h\u00fcdrauliline silinder t\u00f6\u00f6tab?<\/strong><\/h2>\n<p>H\u00fcdrauliline silinder on mehaaniline ajam, mis muundab h\u00fcdraulilise energia (r\u00f5hu ja vedeliku voolu) lineaarseks j\u00f5uks ja liikumiseks. See koosneb silindrist, kolvist, kolvivardast ja erinevatest tihenditest. J\u00e4rgnevalt on l\u00fchike sissejuhatus h\u00fcdraulilise silindri t\u00f6\u00f6p\u00f5him\u00f5ttesse:<\/p>\n<ol>\n<li><strong>H\u00fcdraulikavedeliku varustus<\/strong>H\u00fcdrauliline silinder on \u00fchendatud h\u00fcdros\u00fcsteemiga, mis varustab silindrit r\u00f5hu all oleva h\u00fcdraulilise vedelikuga, tavaliselt \u00f5liga.<\/li>\n<li><strong>Silindritoru ja kolb<\/strong>Silindrikork on silindrikujuline toru, mis sisaldab h\u00fcdraulilist vedelikku. Kolb jagab silindrikorgi kaheks kambriks: vardapoolseks ja korgipoolseks.<\/li>\n<li><strong>Kolb ja kolvivarras<\/strong>Kolb on silindriline komponent, mis sobib tihedalt silindri korpusesse. See on kinnitatud kolvivarda k\u00fclge, mis ulatub l\u00e4bi silindripea tihendi.<\/li>\n<li><strong>Tihendid<\/strong>H\u00fcdrosilindris kasutatakse mitmesuguseid tihendeid, et v\u00e4ltida vedeliku leket kolvi ja silindri vahelises osas. Nende tihendite hulka kuuluvad kolvitihendid, vardatihendid ja klaasipuhasti tihendid.<\/li>\n<li><strong>H\u00fcdraulilise r\u00f5hu rakendamine<\/strong>Silindrisse juhitakse h\u00fcdraulilist vedelikku, mis tekitab silindri kambrites r\u00f5hu \u2013 r\u00f5hu all olev vedelik m\u00f5jub kolvile, tekitades j\u00f5u.<\/li>\n<li><strong>J\u00f5u ja liikumise genereerimine<\/strong>Kui h\u00fcdraulilist vedelikku juhitakse silindri korgi poolele, surub vedeliku r\u00f5hu tekitatud j\u00f5ud kolbi ja kolvivarda v\u00e4ljapoole, tekitades pikenduse ehk v\u00e4ljapoole liikumise. Vastupidiselt, kui vedelikku juhitakse varda poolele, surub j\u00f5ud kolbi ja kolvivarda sissepoole, tekitades tagasit\u00f5mbumise ehk sissepoole liikumise.<\/li>\n<li><strong>Laadi rakendus<\/strong>Kolvivarras on \u00fchendatud liigutatava koorma v\u00f5i seadmega. Kui kolb ja kolvivarras h\u00fcdraulilise r\u00f5hu t\u00f5ttu pikenevad v\u00f5i t\u00f5mbuvad tagasi, kandub lineaarne j\u00f5ud koormale, v\u00f5imaldades sellel liikuda.<\/li>\n<li><strong>Kontroll ja suund<\/strong>H\u00fcdraulilise silindri liikumissuund ja juhtimine saavutatakse h\u00fcdraulilise vedeliku voolu juhtimisega sobivasse silindrikambrisse. Tavaliselt tehakse seda suunaventiilide abil, mis suunavad vedeliku voolu valikuliselt silindri soovitud k\u00fcljele.<\/li>\n<li><strong>Tagasil\u00f6\u00f6k<\/strong>Kui vedeliku vool silindri \u00fchele k\u00fcljele peatatakse v\u00f5i suunatakse \u00fcmber, lastakse vastask\u00fcljel oleval h\u00fcdraulilisel vedelikul naasta h\u00fcdraulikapaaki ja silinder naaseb v\u00e4liste j\u00f5udude v\u00f5i vedrude m\u00f5jul algasendisse.<\/li>\n<\/ol>\n<h2><strong>Tehase v\u00f5imekus ja suutlikkus:<\/strong><\/h2>\n<h3>(1) Kokkupanek<\/h3>\n<p>Meil on esmaklassiline s\u00f5ltumatu teadus- ja arendustegevuse montaa\u017eiplatvorm. Kahvelt\u00f5stuki silindrite tootmist\u00f6\u00f6kojas on neli poolautomaatset t\u00f5stesilindrite montaa\u017eiliini ja \u00fcks automaatne kallutussilindrite montaa\u017eiliin, mille projekteeritud aastane tootmisv\u00f5imsus on 1 miljon t\u00fckki; spetsiaalne silindrite t\u00f6\u00f6koda on varustatud erinevate spetsifikatsioonidega poolautomaatse puhastus-montaa\u017eis\u00fcsteemiga, mille projekteeritud aastane tootmisv\u00f5imsus on 200 000 t\u00fckki. Varustatud kuulsate CNC-t\u00f6\u00f6tlemisseadmete, t\u00f6\u00f6tlemiskeskuse, \u00fclit\u00e4pse silindrite t\u00f6\u00f6tlemise spetsiaalseadme, robotkeevitusmasina, automaatse puhastusmasina, automaatse silindrite montaa\u017eimasina ja automaatse v\u00e4rvimise tootmisliiniga. Olemasolevaid v\u00f5tmeseadmeid on \u00fcle 300 komplekti (komplekti). Seadmete ressursside optimaalne jaotus ja t\u00f5hus kasutamine tagavad toodete t\u00e4psusn\u00f5uded ja vastavad toodete k\u00f5rgetele kvaliteedin\u00f5uetele.<\/p>\n<p><img loading=\"lazy\" decoding=\"async\" class=\"alignnone wp-image-626\" src=\"https:\/\/hydraulic-cylinders.net\/wp-content\/uploads\/2023\/08\/hydraulic-cylinder-product-1-300x158.webp\" alt=\"\" width=\"495\" height=\"260\" srcset=\"https:\/\/hydraulic-cylinders.net\/wp-content\/uploads\/2023\/08\/hydraulic-cylinder-product-1-300x158.webp 495w, https:\/\/hydraulic-cylinders.net\/wp-content\/uploads\/2023\/08\/hydraulic-cylinder-product-1-480x252.webp 480w\" sizes=\"(min-width: 0px) and (max-width: 480px) 480px, (min-width: 481px) 495px, 100vw\" \/> <img loading=\"lazy\" decoding=\"async\" class=\"alignnone wp-image-627\" src=\"https:\/\/hydraulic-cylinders.net\/wp-content\/uploads\/2023\/08\/hydraulic-cylinder-product-2-300x189.webp\" alt=\"\" width=\"413\" height=\"260\" \/><\/p>\n<h3>(2) Mehaaniline t\u00f6\u00f6tlemine<\/h3>\n<p>T\u00f6\u00f6koda on varustatud kohandatud kaldr\u00f6\u00f6baste treikeskuse, t\u00f6\u00f6tluskeskuse, kiire hoonimismasina, keevitusroboti ja muude seotud seadmetega, mis suudavad t\u00f6\u00f6delda silindritorusid maksimaalse sisel\u00e4bim\u00f5\u00f5duga 400 mm ja maksimaalse pikkusega 6 meetrit.<\/p>\n<p><img loading=\"lazy\" decoding=\"async\" class=\"alignnone wp-image-628 size-large\" src=\"https:\/\/hydraulic-cylinders.net\/wp-content\/uploads\/2023\/08\/hydraulic-cylinder-product-3-1024x391.webp\" alt=\"\" width=\"1024\" height=\"391\" srcset=\"https:\/\/hydraulic-cylinders.net\/wp-content\/uploads\/2023\/08\/hydraulic-cylinder-product-3-980x374.webp 980w, https:\/\/hydraulic-cylinders.net\/wp-content\/uploads\/2023\/08\/hydraulic-cylinder-product-3-480x183.webp 480w\" sizes=\"(min-width: 0px) and (max-width: 480px) 480px, (min-width: 481px) and (max-width: 980px) 980px, (min-width: 981px) 1024px, 100vw\" \/><\/p>\n<h3>(3) Keevitamine<\/h3>\n<p><img loading=\"lazy\" decoding=\"async\" class=\"alignnone wp-image-629 size-large\" src=\"https:\/\/hydraulic-cylinders.net\/wp-content\/uploads\/2023\/08\/hydraulic-cylinder-product-4-1024x510.webp\" alt=\"\" width=\"1024\" height=\"510\" srcset=\"https:\/\/hydraulic-cylinders.net\/wp-content\/uploads\/2023\/08\/hydraulic-cylinder-product-4-980x488.webp 980w, https:\/\/hydraulic-cylinders.net\/wp-content\/uploads\/2023\/08\/hydraulic-cylinder-product-4-480x239.webp 480w\" sizes=\"(min-width: 0px) and (max-width: 480px) 480px, (min-width: 481px) and (max-width: 980px) 980px, (min-width: 981px) 1024px, 100vw\" \/><\/p>\n<h3>(4) V\u00e4rvimine ja katmine<\/h3>\n<p>V\u00e4ikese ja keskmise suurusega silindrilise automaatse veep\u00f5hise v\u00e4rvikatteliiniga, et saavutada automaatne roboti laadimine ja mahalaadimine ning automaatne pihustamine, on projekteerimisv\u00f5imsus 4000 t\u00fckki vahetuse kohta;<br \/>\nMeil on ka poolautomaatne v\u00e4rvimisliin suurte silindrite jaoks, mida toidab j\u00f5ukett ja mille projekteeritud tootmisv\u00f5imsus on 60 karpi vahetuse kohta.<\/p>\n<p><img loading=\"lazy\" decoding=\"async\" class=\"alignnone wp-image-630\" src=\"https:\/\/hydraulic-cylinders.net\/wp-content\/uploads\/2023\/08\/hydraulic-cylinder-product-5-300x213.webp\" alt=\"\" width=\"366\" height=\"260\" \/> <img loading=\"lazy\" decoding=\"async\" class=\"alignnone wp-image-631\" src=\"https:\/\/hydraulic-cylinders.net\/wp-content\/uploads\/2023\/08\/hydraulic-cylinder-product-6-300x225.webp\" alt=\"\" width=\"347\" height=\"260\" \/><\/p>\n<h3>(5) Testimine<\/h3>\n<p>Meil on esmaklassilised kontrolliseadmed ja katsestendid, et tagada silindri j\u00f5udlus vastavus n\u00f5uetele.<\/p>\n<p><img loading=\"lazy\" decoding=\"async\" class=\"alignnone wp-image-632\" src=\"https:\/\/hydraulic-cylinders.net\/wp-content\/uploads\/2023\/08\/hydraulic-cylinder-product-8-300x200.webp\" alt=\"\" width=\"389\" height=\"260\" \/><\/p>\n<p>&nbsp;<\/p>\n<p>&nbsp;<\/p>\n<p>Oleme \u00fcks parimaid madalr\u00f5hu h\u00fcdrosilindrite tootjaid. Pakume laia valikut madalr\u00f5hu h\u00fcdrosilindreid. Pakume ka vastavaid... <a href=\"https:\/\/hzpt.com\/agricultural-pto-gearbox\/\" target=\"_blank\" rel=\"noopener\">p\u00f5llumajanduslikud k\u00e4igukastid<\/a>. Oleme eksportinud oma tooteid klientidele \u00fcle kogu maailma ja teeninud hea maine t\u00e4nu meie suurep\u00e4rasele tootekvaliteedile ja m\u00fc\u00fcgij\u00e4rgsele teenindusele. Me tervitame soojalt kliente nii kodus kui ka v\u00e4lismaal, et v\u00f5tta meiega \u00fchendust, et pidada l\u00e4bir\u00e4\u00e4kimisi \u00e4ri, vahetada teavet ja\u00a0<a href=\"https:\/\/www.hydraulic-cylinders.net\/et\/contact-us\/\">teha meiega koost\u00f6\u00f6d<\/a>!<\/p>\n<p>&nbsp;<\/p>","protected":false},"excerpt":{"rendered":"<p>Low-Pressure Hydraulic Cylinder Front Pin In the case of low-pressure hydraulic cylinders, the term &#8220;front pin&#8221; usually refers to the pin or shaft located at the front end of the cylinder. This pin is used as a connection point or pivot for attaching or mounting the cylinder to other components or equipment. Here is some [&hellip;]<\/p>","protected":false},"featured_media":768,"comment_status":"open","ping_status":"closed","template":"","meta":{"_et_pb_use_builder":"","_et_pb_old_content":"","_et_gb_content_width":""},"product_brand":[],"product_cat":[1376,1388],"product_tag":[1380],"class_list":{"0":"post-765","1":"product","2":"type-product","3":"status-publish","4":"has-post-thumbnail","6":"product_cat-hydraulic-cylinder","7":"product_cat-low-pressure-hydraulic-cylinder","8":"product_tag-hydraulic-cylinder","10":"first","11":"instock","12":"shipping-taxable","13":"product-type-simple"},"amp_enabled":true,"_links":{"self":[{"href":"https:\/\/www.hydraulic-cylinders.net\/et\/wp-json\/wp\/v2\/product\/765","targetHints":{"allow":["GET"]}}],"collection":[{"href":"https:\/\/www.hydraulic-cylinders.net\/et\/wp-json\/wp\/v2\/product"}],"about":[{"href":"https:\/\/www.hydraulic-cylinders.net\/et\/wp-json\/wp\/v2\/types\/product"}],"replies":[{"embeddable":true,"href":"https:\/\/www.hydraulic-cylinders.net\/et\/wp-json\/wp\/v2\/comments?post=765"}],"wp:featuredmedia":[{"embeddable":true,"href":"https:\/\/www.hydraulic-cylinders.net\/et\/wp-json\/wp\/v2\/media\/768"}],"wp:attachment":[{"href":"https:\/\/www.hydraulic-cylinders.net\/et\/wp-json\/wp\/v2\/media?parent=765"}],"wp:term":[{"taxonomy":"product_brand","embeddable":true,"href":"https:\/\/www.hydraulic-cylinders.net\/et\/wp-json\/wp\/v2\/product_brand?post=765"},{"taxonomy":"product_cat","embeddable":true,"href":"https:\/\/www.hydraulic-cylinders.net\/et\/wp-json\/wp\/v2\/product_cat?post=765"},{"taxonomy":"product_tag","embeddable":true,"href":"https:\/\/www.hydraulic-cylinders.net\/et\/wp-json\/wp\/v2\/product_tag?post=765"}],"curies":[{"name":"wp","href":"https:\/\/api.w.org\/{rel}","templated":true}]}}