{"id":7690,"date":"2024-09-26T11:14:33","date_gmt":"2024-09-26T11:14:33","guid":{"rendered":"https:\/\/www.hydraulic-cylinders.net\/?post_type=product&#038;p=7690"},"modified":"2025-04-14T01:17:34","modified_gmt":"2025-04-14T01:17:34","slug":"mining-dump-lifting-cylinder-hydraulic-on-trucks","status":"publish","type":"product","link":"https:\/\/www.hydraulic-cylinders.net\/et\/toode\/mining-dump-lifting-cylinder-hydraulic-on-trucks\/","title":{"rendered":"Kaevanduspr\u00fcgi t\u00f5stesilinder h\u00fcdrauliline veoautodel"},"content":{"rendered":"<h1 style=\"text-align: center;\"><strong>Kaevanduspr\u00fcgi t\u00f5stesilinder h\u00fcdrauliline veoautodel<\/strong><\/h1>\n<p><img loading=\"lazy\" decoding=\"async\" class=\"aligncenter wp-image-1608\" src=\"https:\/\/hydraulic-cylinders.net\/wp-content\/uploads\/2023\/10\/lifting-cylinder-1-300x300.webp\" alt=\"\" width=\"400\" height=\"400\" \/><\/p>\n<p>Kaevanduskalluri t\u00f5stesilinder on oluline komponent, mis on spetsiaalselt nende s\u00f5idukite jaoks loodud. See v\u00f5imas h\u00fcdrauliline silinder vastutab veoki kalluriplatvormi t\u00f5stmise ja langetamise eest, h\u00f5lbustades materjalide t\u00f5husat laadimist ja mahalaadimist kaevandust\u00f6\u00f6de ajal.<\/p>\n<p>Vastupidavaks ja suure t\u00f5stev\u00f5imega kaevanduskalluri t\u00f5stesilinder m\u00e4ngib olulist rolli kaevandustegevuse efektiivsuse ja tootlikkuse suurendamisel. Selle t\u00e4pne juhtimine v\u00f5imaldab sujuvat materjali k\u00e4itlemist, mis v\u00e4hendab seisakuid ja maksimeerib tootlikkust.<\/p>\n<p>Selle h\u00fcdrosilindri pikaealisuse ja usaldusv\u00e4\u00e4rse j\u00f5udluse tagamiseks peaksid operaatorid j\u00e4rgima n\u00f5uetekohaseid kasutusjuhiseid ja soovituslikke hooldustavasid. Valige see suure j\u00f5udlusega t\u00f5stesilinder, et suurendada oma kaevandusveoki v\u00f5imekust ja optimeerida oma kaevandustegevust.<\/p>\n<h2><strong>Kaevanduspr\u00fcgi t\u00f5stesilindri h\u00fcdrauliline veoautode parameeter:<\/strong><\/h2>\n<table border=\"1\" cellspacing=\"0\" cellpadding=\"0\">\n<tbody>\n<tr>\n<td>Toote nimi<\/td>\n<td>Kaevanduspr\u00fcgi t\u00f5stesilinder h\u00fcdrauliline veoautodel<\/td>\n<\/tr>\n<tr>\n<td>Omadused:<\/td>\n<td>Kere t\u00f5stmine\/langetamine kauba t\u00fchjendamiseks<\/td>\n<\/tr>\n<tr>\n<td>Ava l\u00e4bim\u00f5\u00f5t:<\/td>\n<td>120 mm\uff5e380 mm<\/td>\n<\/tr>\n<tr>\n<td>Varda l\u00e4bim\u00f5\u00f5t:<\/td>\n<td>90 mm\uff5e350 mm<\/td>\n<\/tr>\n<tr>\n<td>\u00dcldiselt:<\/td>\n<td>Kahe- v\u00f5i kolmeastmeline silinder<\/td>\n<\/tr>\n<tr>\n<td>T\u00f5stesilindri rakendused:<\/td>\n<td>Kaevanduskallur<\/td>\n<\/tr>\n<\/tbody>\n<\/table>\n<h2><strong>Kaevanduskalluri t\u00f5stesilindri peamised omadused:<\/strong><\/h2>\n<h3><strong>Tugev ja usaldusv\u00e4\u00e4rne konstruktsioon<\/strong><\/h3>\n<p>Kaevanduskalluri t\u00f5stesilinder on loodud vastupidavaks, valmistatud kvaliteetsetest materjalidest ja t\u00e4ppistehnoloogia abil, et taluda kaevandust\u00f6\u00f6de raskeid tingimusi. See pakub erakordset tugevust ja t\u00f6\u00f6kindlust, v\u00f5imaldades sellel k\u00e4sitseda raskeid koormaid ja tagada \u00fchtlane j\u00f5udlus isegi karmides keskkondades.<\/p>\n<h3><strong>Suur t\u00f5stev\u00f5ime<\/strong><\/h3>\n<p>See silinder on konstrueeritud pakkuma m\u00e4rkimisv\u00e4\u00e4rset t\u00f5stev\u00f5imet, mis v\u00f5imaldab kaevanduskalluril t\u00f5husalt hallata suuri materjalimahtusid. Muljetavaldava t\u00f5stej\u00f5uga h\u00f5lbustab see kiiret ja usaldusv\u00e4\u00e4rset t\u00fchjendamist, minimeerides seisakuid ja maksimeerides tootlikkust ehitusplatsil.<\/p>\n<h3><strong>T\u00e4pne juhtimine ja sujuv t\u00f6\u00f6<\/strong><\/h3>\n<p>Kaevanduskalluri t\u00f5stesilinder v\u00f5imaldab kalluri t\u00f5stmise ja langetamise t\u00e4pset juhtimist, tagades sujuva ja t\u00e4pse liikumise. See funktsioon v\u00f5imaldab operaatoritel kalluri t\u00e4pselt positsioneerida, sujuvamaks muutes nii laadimis- kui ka mahalaadimistoiminguid.<\/p>\n<h2><strong>Kaevanduspr\u00fcgi t\u00f5stesilindri h\u00fcdrauliline veoautodel identifitseerimisskeem:<\/strong><\/h2>\n<p><img loading=\"lazy\" decoding=\"async\" class=\"wp-image-7200 aligncenter\" src=\"https:\/\/www.hydraulic-cylinders.net\/wp-content\/uploads\/2024\/09\/mining-dump-steering-cylinder-hydraulics-on-trucks-7.webp\" alt=\"\" width=\"1200\" height=\"801\" srcset=\"https:\/\/www.hydraulic-cylinders.net\/wp-content\/uploads\/2024\/09\/mining-dump-steering-cylinder-hydraulics-on-trucks-7-980x654.webp 980w, https:\/\/www.hydraulic-cylinders.net\/wp-content\/uploads\/2024\/09\/mining-dump-steering-cylinder-hydraulics-on-trucks-7-480x320.webp 480w\" sizes=\"(min-width: 0px) and (max-width: 480px) 480px, (min-width: 481px) and (max-width: 980px) 980px, (min-width: 981px) 1200px, 100vw\" \/><\/p>\n<h2><strong>Kuidas paigaldada veoautole h\u00fcdraulikat?<\/strong><\/h2>\n<h2><img loading=\"lazy\" decoding=\"async\" class=\"size-full wp-image-7691 aligncenter\" src=\"https:\/\/www.hydraulic-cylinders.net\/wp-content\/uploads\/2024\/09\/mining-dump-lifting-cylinder-hydraulic-on-trucks-2.webp\" alt=\"\" width=\"1600\" height=\"900\" srcset=\"https:\/\/www.hydraulic-cylinders.net\/wp-content\/uploads\/2024\/09\/mining-dump-lifting-cylinder-hydraulic-on-trucks-2.webp 1600w, https:\/\/www.hydraulic-cylinders.net\/wp-content\/uploads\/2024\/09\/mining-dump-lifting-cylinder-hydraulic-on-trucks-2-1280x720.webp 1280w, https:\/\/www.hydraulic-cylinders.net\/wp-content\/uploads\/2024\/09\/mining-dump-lifting-cylinder-hydraulic-on-trucks-2-980x551.webp 980w, https:\/\/www.hydraulic-cylinders.net\/wp-content\/uploads\/2024\/09\/mining-dump-lifting-cylinder-hydraulic-on-trucks-2-480x270.webp 480w\" sizes=\"(min-width: 0px) and (max-width: 480px) 480px, (min-width: 481px) and (max-width: 980px) 980px, (min-width: 981px) and (max-width: 1280px) 1280px, (min-width: 1281px) 1600px, 100vw\" \/><\/h2>\n<h3><strong>1. Koguge oma materjalid ja t\u00f6\u00f6riistad<\/strong><\/h3>\n<h4><strong>H\u00fcdraulilised komponendid:<\/strong><\/h4>\n<p>Pump: Teie h\u00fcdros\u00fcsteemi s\u00fcda.<br \/>\nSilinder: Muundab h\u00fcdraulilise energia mehaaniliseks j\u00f5uks.<br \/>\nVoolikud ja liitmikud: Olulised vedeliku \u00fclekandmiseks ja \u00fchenduste loomiseks.<br \/>\nReservuaar: Hoiab h\u00fcdraulilist vedelikku.<\/p>\n<h4><strong>Vajalikud t\u00f6\u00f6riistad:<\/strong><\/h4>\n<p>Mutriv\u00f5tmed: \u00fchenduste pingutamiseks.<br \/>\nKruvikeerajad: Komponentide kinnitamiseks.<br \/>\nPuurige: Kui on vaja t\u00e4iendavaid kinnitusavasid.<br \/>\nSaag: Mis tahes kohanduste v\u00f5i muudatuste jaoks.<br \/>\nH\u00fcdraulikavedelik: Teie h\u00fcdros\u00fcsteemi eluj\u00f5ud.<\/p>\n<h3><strong>2. Planeerige paigaldamine<\/strong><\/h3>\n<p><strong>Valige asukohad targalt:<\/strong> Tuvastage ja m\u00e4rkige pumba, reservuaari ja silindri ideaalsed kinnituskohad, tagades h\u00f5lpsa juurdep\u00e4\u00e4su ja optimaalse funktsionaalsuse.<\/p>\n<p><strong>\u00dclevaate skeemid:<\/strong> Paigaldamise ajal tekkivate segaduste v\u00e4ltimiseks uurige oma veoauto s\u00fcsteemi paigutust ja \u00fchendusskeeme.<\/p>\n<h3><strong>3. Paigaldage h\u00fcdrauliline pump<\/strong><\/h3>\n<h3><strong><img loading=\"lazy\" decoding=\"async\" class=\"alignnone wp-image-7197\" src=\"https:\/\/www.hydraulic-cylinders.net\/wp-content\/uploads\/2024\/09\/mining-dump-steering-cylinder-hydraulics-on-trucks-4.webp\" alt=\"\" width=\"500\" height=\"319\" \/><\/strong><\/h3>\n<p><strong>Paigaldage pump kindlalt: <\/strong>Kinnitage pump veoauto raami v\u00f5i mootori k\u00fclge sobivate kronsteinide abil, veendudes, et see on stabiilne ja kindel.<\/p>\n<p><strong>Joonda j\u00f5uv\u00f5tuv\u00f5lliga:<\/strong> Vajadusel \u00fchendage pump j\u00f5uv\u00f5tuv\u00f5lliga (PTO), et tagada mootorilt sujuv j\u00f5u\u00fclekanne.<\/p>\n<h3><strong>4. Paigaldage h\u00fcdraulikapaak<\/strong><\/h3>\n<h3><strong><img loading=\"lazy\" decoding=\"async\" class=\"alignnone size-full wp-image-7198\" src=\"https:\/\/www.hydraulic-cylinders.net\/wp-content\/uploads\/2024\/09\/mining-dump-steering-cylinder-hydraulics-on-trucks-5.webp\" alt=\"\" width=\"500\" height=\"304\" srcset=\"https:\/\/www.hydraulic-cylinders.net\/wp-content\/uploads\/2024\/09\/mining-dump-steering-cylinder-hydraulics-on-trucks-5.webp 500w, https:\/\/www.hydraulic-cylinders.net\/wp-content\/uploads\/2024\/09\/mining-dump-steering-cylinder-hydraulics-on-trucks-5-480x292.webp 480w\" sizes=\"(min-width: 0px) and (max-width: 480px) 480px, (min-width: 481px) 500px, 100vw\" \/><\/strong><\/h3>\n<p><strong>Strateegiline positsioon:<\/strong>Asetage reservuaar pumba l\u00e4hedale, et sellele hoolduse ja vedelike kontrollimise ajal h\u00f5lpsalt ligi p\u00e4\u00e4seda.<\/p>\n<p><strong>Kindlusta see h\u00e4sti:<\/strong> Kasutage tugevaid kronsteine \u200b\u200bv\u00f5i polte, et kinnitada reservuaar kindlalt veoauto raami k\u00fclge, v\u00e4ltides liikumist t\u00f6\u00f6 ajal.<\/p>\n<h3><strong>5. Paigaldage h\u00fcdrauliline silinder<\/strong><\/h3>\n<p><strong>Silindri paigaldamine:<\/strong> Kinnitage h\u00fcdrosilinder soovitud kohta, n\u00e4iteks pr\u00fcgikastile v\u00f5i muudesse t\u00f6\u00f6piirkondadesse.<\/p>\n<p><strong>Stabiilsuse tagamine: <\/strong>Kontrollige, et see oleks raami v\u00f5i voodi k\u00fclge tihedalt kinnitatud, et see taluks t\u00f6\u00f6koormust ilma nihkumata.<\/p>\n<h3><strong>6. H\u00fcdrauliliste voolikute juhtimine<\/strong><\/h3>\n<p><strong>\u00dchendage voolikud:<\/strong> Kinnitage pumba voolikud silindri ja reservuaari k\u00fclge, veendudes, et need on suunatud liikuvatest osadest ja soojusallikatest eemale.<\/p>\n<p><strong>Kasutage sobivaid liitmikke:<\/strong> Kontrollige k\u00f5iki \u00fchendusi veelkord, et need oleksid tihedad ja lekkevabad, vajadusel kasutage keermetihendit.<\/p>\n<h3><strong>7. \u00dchendage juhtventiilid<\/strong><\/h3>\n<p><strong>Paigaldage juhtventiilid mugavalt:<\/strong> Paigaldage juhtventiilid kabiini v\u00f5i juhiistme l\u00e4hedale, et neile s\u00f5idu ajal oleks lihtne ligi p\u00e4\u00e4seda.<\/p>\n<p><strong>\u00dchendage h\u00fcdraulikavoolikutega:<\/strong> Kinnitage ventiilid silindrisse viivate voolikute k\u00fclge, tagades vedeliku voolamise vabad ja takistusteta teed.<\/p>\n<h3><strong>8. T\u00e4itke h\u00fcdros\u00fcsteem<\/strong><\/h3>\n<p><strong>H\u00fcdraulika\u00f5li lisamine:<\/strong> T\u00e4itke reservuaar ettevaatlikult sobiva h\u00fcdraulikavedelikuga, j\u00e4rgides tootja spetsifikatsioone.<\/p>\n<p><strong>Lekete kontrollimine:<\/strong> Kontrollige hoolikalt k\u00f5iki \u00fchendusi ja liitmikke lekete suhtes, vajadusel pingutage.<\/p>\n<h3><strong>9. Testige s\u00fcsteemi<\/strong><\/h3>\n<p><strong>Juhtnuppude kasutamine:<\/strong> K\u00e4ivitage h\u00fcdros\u00fcsteem, et testida selle funktsionaalsust ja tagada sujuv t\u00f6\u00f6 ilma igasuguste t\u00f5rgeteta.<\/p>\n<p><strong>Monitori j\u00f5udlus:<\/strong> J\u00e4lgige lekkeid ja kuulake t\u00f6\u00f6tamise ajal ebatavalisi helisid. Optimaalse j\u00f5udluse saavutamiseks tehke vajalikke kohandusi.<\/p>\n<h2><strong>10. L\u00f5plikud kohandused<\/strong><\/h2>\n<p><strong>Kindlustage k\u00f5ik komponendid:<\/strong> Vaadake iga komponent \u00fcle, et veenduda, et k\u00f5ik on kindlalt ja kindlalt kinnitatud.<\/p>\n<p><strong>Tehke vajalikud muudatused:<\/strong> H\u00e4\u00e4lestage k\u00f5iki osi parema j\u00f5udluse saavutamiseks, tagades, et teie h\u00fcdros\u00fcsteem on t\u00f6\u00f6ks valmis.<\/p>\n<h2><strong>Kuidas kontrollida kalluri h\u00fcdraulikavedelikku?<\/strong><\/h2>\n<h3><strong>1. Ohutus ennek\u00f5ike<\/strong><\/h3>\n<p><strong>Parkige kallur:<\/strong> Veenduge, et t\u00f5stuk seisab tasasel ja stabiilsel pinnal.<br \/>\n<strong>Seisupiduri rakendamine:<\/strong> Aktiveerige seisupidur ja l\u00fclitage mootor v\u00e4lja.<\/p>\n<p><img loading=\"lazy\" decoding=\"async\" class=\"aligncenter wp-image-7202\" src=\"https:\/\/www.hydraulic-cylinders.net\/wp-content\/uploads\/2024\/09\/mining-dump-steering-cylinder-hydraulics-on-trucks-9.webp\" alt=\"\" width=\"800\" height=\"370\" srcset=\"https:\/\/www.hydraulic-cylinders.net\/wp-content\/uploads\/2024\/09\/mining-dump-steering-cylinder-hydraulics-on-trucks-9.webp 800w, https:\/\/www.hydraulic-cylinders.net\/wp-content\/uploads\/2024\/09\/mining-dump-steering-cylinder-hydraulics-on-trucks-9-480x222.webp 480w\" sizes=\"(min-width: 0px) and (max-width: 480px) 480px, (min-width: 481px) 800px, 100vw\" \/><\/p>\n<h3><strong>2. Leidke h\u00fcdraulilise reservuaari asukoht<\/strong><\/h3>\n<p>Leidke h\u00fcdraulikavedeliku reservuaar, mis on tavaliselt t\u00e4histatud ja asub h\u00fcdraulikas\u00fcsteemi komponentide l\u00e4hedal.<\/p>\n<h3><strong>3. Kontrollige vedeliku taset<\/strong><\/h3>\n<p><strong>\u00d5lim\u00f5\u00f5tevarda kasutamine:<\/strong> Kui \u00f5lim\u00f5\u00f5tevarras on olemas, eemaldage see, p\u00fchkige lapiga puhtaks ja sisestage uuesti, et taset kontrollida.<br \/>\n<strong>Vaateklaasi kasutamine:<\/strong> Kui reservuaaril on vaateklaas, j\u00e4lgige lihtsalt otse vedeliku taset.<\/p>\n<h3><strong>4. Kontrollige vedeliku seisukorda<\/strong><\/h3>\n<h3><strong><img loading=\"lazy\" decoding=\"async\" class=\"size-full wp-image-7204 aligncenter\" style=\"color: #666666; font-size: 14px; font-weight: 500;\" src=\"https:\/\/www.hydraulic-cylinders.net\/wp-content\/uploads\/2024\/09\/mining-dump-steering-cylinder-hydraulics-on-trucks-11.webp\" alt=\"\" width=\"640\" height=\"426\" srcset=\"https:\/\/www.hydraulic-cylinders.net\/wp-content\/uploads\/2024\/09\/mining-dump-steering-cylinder-hydraulics-on-trucks-11.webp 640w, https:\/\/www.hydraulic-cylinders.net\/wp-content\/uploads\/2024\/09\/mining-dump-steering-cylinder-hydraulics-on-trucks-11-480x320.webp 480w\" sizes=\"(min-width: 0px) and (max-width: 480px) 480px, (min-width: 481px) 640px, 100vw\" \/><\/strong><\/h3>\n<p>Hinnake vedeliku v\u00e4rvi ja selgust. H\u00fcdraulikavedelik peaks olema puhas ja selge. Kui see on tume v\u00f5i sisaldab mustust, v\u00f5ib see vajada v\u00e4ljavahetamist.<\/p>\n<h3><strong>5. Vajadusel lisage h\u00fcdraulika\u00f5li<\/strong><\/h3>\n<p>Kui vedeliku tase on madal, lisage tootja soovitatud h\u00fcdraulika\u00f5li, kuni see j\u00f5uab \u00f5igele tasemele.<\/p>\n<h3><strong>6. Kontrollige lekkeid<\/strong><\/h3>\n<p>Kontrollige reservuaari ja voolikute \u00fcmbrust lekete v\u00f5i kahjustuste suhtes.<\/p>\n<h3><strong>7. Sulgege veehoidla<\/strong><\/h3>\n<p>Kui lisasite vedelikku, veenduge, et paagi kork on kindlalt tagasi pandud.<\/p>\n<h3><strong>8. Testige s\u00fcsteemi<\/strong><\/h3>\n<p>K\u00e4ivitage veoauto ja laske vedelikul korraks h\u00fcdraulikas\u00fcsteemil ringelda. Seej\u00e4rel kontrollige uuesti vedeliku taset, et see p\u00fcsiks \u00f5igel tasemel.<\/p>\n<h2><strong>Tehase v\u00f5imekus ja suutlikkus:<\/strong><\/h2>\n<h3><strong>(1) Kokkupanek<\/strong><\/h3>\n<p>Meie rajatisel on tipptasemel s\u00f5ltumatu teadus- ja arendustegevuse montaa\u017eiplatvorm, mis on p\u00fchendatud h\u00fcdrauliliste silindrite tootmisele. Meil \u200b\u200bon neli poolautomaatset t\u00f5stesilindrite montaa\u017eiliini ja \u00fcks t\u00e4isautomaatne kallutussilindrite montaa\u017eiliin muljetavaldava aastase tootmisv\u00f5imsusega 1 miljon silindrit.<img loading=\"lazy\" decoding=\"async\" class=\"aligncenter wp-image-626\" src=\"https:\/\/hydraulic-cylinders.net\/wp-content\/uploads\/2023\/08\/hydraulic-cylinder-product-1-300x158.webp\" alt=\"\" width=\"500\" height=\"263\" srcset=\"https:\/\/hydraulic-cylinders.net\/wp-content\/uploads\/2023\/08\/hydraulic-cylinder-product-1-300x158.webp 500w, https:\/\/hydraulic-cylinders.net\/wp-content\/uploads\/2023\/08\/hydraulic-cylinder-product-1-480x252.webp 480w\" sizes=\"(min-width: 0px) and (max-width: 480px) 480px, (min-width: 481px) 500px, 100vw\" \/><\/p>\n<p>Meie spetsialiseeritud silindrite t\u00f6\u00f6kojas kasutame erinevate spetsifikatsioonide jaoks loodud poolautomaatset puhastus-montaa\u017eis\u00fcsteemi, mis on v\u00f5imeline tootma 200 000 silindrit aastas. Meie t\u00f6\u00f6koda on varustatud t\u00e4iustatud CNC-t\u00f6\u00f6tlusseadmete, t\u00f6\u00f6tluskeskuse, \u00fclit\u00e4psete silindrite t\u00f6\u00f6tlemisriistade, robotkeevitusmasinate, automaatsete puhastuss\u00fcsteemide ja automatiseeritud silindrite montaa\u017eiliiniga. Lisaks on meil t\u00e4isautomaatne v\u00e4rvimisliin.<\/p>\n<p>Meie k\u00e4sutuses on \u00fcle 300 kriitilise seadme ning optimaalne ressursside jaotus tagab, et vastame klientide n\u00f5utavatele rangetele t\u00e4psus- ja kvaliteedistandarditele. See p\u00fchendumus t\u00f5hususele ja t\u00e4psusele asetab meid h\u00fcdrosilindrite t\u00f6\u00f6stuse liidriks.<\/p>\n<p><img loading=\"lazy\" decoding=\"async\" class=\"aligncenter wp-image-627\" src=\"https:\/\/hydraulic-cylinders.net\/wp-content\/uploads\/2023\/08\/hydraulic-cylinder-product-2-300x189.webp\" alt=\"\" width=\"500\" height=\"315\" srcset=\"https:\/\/hydraulic-cylinders.net\/wp-content\/uploads\/2023\/08\/hydraulic-cylinder-product-2-300x189.webp 500w, https:\/\/hydraulic-cylinders.net\/wp-content\/uploads\/2023\/08\/hydraulic-cylinder-product-2-480x302.webp 480w\" sizes=\"(min-width: 0px) and (max-width: 480px) 480px, (min-width: 481px) 500px, 100vw\" \/><\/p>\n<h3><strong>(2) T\u00f6\u00f6tlemine<\/strong><\/h3>\n<p>Meie mehaanikat\u00f6\u00f6kojas on tipptasemel seadmed, sealhulgas kohandatud kaldr\u00f6\u00f6bastega treimiskeskus, t\u00e4ppist\u00f6\u00f6tluskeskus, kiire hoonimispink ja t\u00e4iustatud keevitusrobotid. See keerukas seadistus v\u00f5imaldab meil t\u00f5husalt t\u00f6\u00f6delda silindrikujulisi torusid maksimaalse sisel\u00e4bim\u00f5\u00f5duga 400 mm ja pikkusega kuni 6 meetrit.<\/p>\n<p><img loading=\"lazy\" decoding=\"async\" class=\"wp-image-628 size-large aligncenter\" src=\"https:\/\/hydraulic-cylinders.net\/wp-content\/uploads\/2023\/08\/hydraulic-cylinder-product-3-1024x391.webp\" alt=\"\" width=\"1024\" height=\"391\" srcset=\"https:\/\/hydraulic-cylinders.net\/wp-content\/uploads\/2023\/08\/hydraulic-cylinder-product-3-980x374.webp 980w, https:\/\/hydraulic-cylinders.net\/wp-content\/uploads\/2023\/08\/hydraulic-cylinder-product-3-480x183.webp 480w\" sizes=\"(min-width: 0px) and (max-width: 480px) 480px, (min-width: 481px) and (max-width: 980px) 980px, (min-width: 981px) 1024px, 100vw\" \/><\/p>\n<p>Meie tipptehnoloogiaga tagame kvaliteetse t\u00f6\u00f6tlemise, mis vastab h\u00fcdrauliliste silindrite tootmise mitmekesistele vajadustele.<\/p>\n<h3><strong>(3) Keevitamine<\/strong><\/h3>\n<p><img loading=\"lazy\" decoding=\"async\" class=\"wp-image-629 size-large aligncenter\" src=\"https:\/\/hydraulic-cylinders.net\/wp-content\/uploads\/2023\/08\/hydraulic-cylinder-product-4-1024x510.webp\" alt=\"\" width=\"1024\" height=\"510\" srcset=\"https:\/\/hydraulic-cylinders.net\/wp-content\/uploads\/2023\/08\/hydraulic-cylinder-product-4-980x488.webp 980w, https:\/\/hydraulic-cylinders.net\/wp-content\/uploads\/2023\/08\/hydraulic-cylinder-product-4-480x239.webp 480w\" sizes=\"(min-width: 0px) and (max-width: 480px) 480px, (min-width: 481px) and (max-width: 980px) 980px, (min-width: 981px) 1024px, 100vw\" \/><\/p>\n<h3><strong>(4) V\u00e4rvimine ja katmine<\/strong><\/h3>\n<p><img loading=\"lazy\" decoding=\"async\" class=\"wp-image-630 aligncenter\" src=\"https:\/\/hydraulic-cylinders.net\/wp-content\/uploads\/2023\/08\/hydraulic-cylinder-product-5-300x213.webp\" alt=\"\" width=\"500\" height=\"355\" \/><\/p>\n<p>Meie tehases on spetsiaalselt v\u00e4ikeste ja keskmise suurusega balloonide jaoks loodud t\u00e4iustatud automaatsed veebaasil v\u00e4rvimise liinid. Need liinid kasutavad t\u00f5husaks laadimiseks, mahalaadimiseks ja pihustamiseks robottehnoloogiat, saavutades m\u00e4rkimisv\u00e4\u00e4rse tootmisv\u00f5imsuse 4000 t\u00fckki vahetuse kohta.<\/p>\n<p><img loading=\"lazy\" decoding=\"async\" class=\"wp-image-631 aligncenter\" src=\"https:\/\/hydraulic-cylinders.net\/wp-content\/uploads\/2023\/08\/hydraulic-cylinder-product-6-300x225.webp\" alt=\"\" width=\"500\" height=\"375\" srcset=\"https:\/\/hydraulic-cylinders.net\/wp-content\/uploads\/2023\/08\/hydraulic-cylinder-product-6-300x225.webp 500w, https:\/\/hydraulic-cylinders.net\/wp-content\/uploads\/2023\/08\/hydraulic-cylinder-product-6-480x360.webp 480w\" sizes=\"(min-width: 0px) and (max-width: 480px) 480px, (min-width: 481px) 500px, 100vw\" \/><\/p>\n<p>Lisaks k\u00e4itame suurte silindrite jaoks poolautomaatset v\u00e4rvimisliini, mida k\u00e4itab vastupidav j\u00f5ukett ja mille kavandatud tootmisv\u00f5imsus on 60 karpi vahetuse kohta. See automatiseerimise ja efektiivsuse kombinatsioon tagab k\u00f5igi meie h\u00fcdrosilindrite kvaliteetse viimistluse.<\/p>\n<h3><strong>(5) Testimine<\/strong><\/h3>\n<p>Meil on esmaklassilised kontrolliseadmed ja katsestendid, et tagada silindri j\u00f5udlus vastavus n\u00f5uetele.<\/p>\n<p><img loading=\"lazy\" decoding=\"async\" class=\"wp-image-632 aligncenter\" src=\"https:\/\/hydraulic-cylinders.net\/wp-content\/uploads\/2023\/08\/hydraulic-cylinder-product-8-300x200.webp\" alt=\"\" width=\"389\" height=\"260\" \/><\/p>\n<p>Oleme tuntud tootja, kes pakub <a href=\"https:\/\/hzpt.com\/mobile-machinery-hydraulic-cylinder\/\" target=\"_blank\" rel=\"noopener\">h\u00fcdrosilindrid<\/a>, mida peetakse \u00fcheks parimaks oma valdkonnas. Meie ulatuslik tootevalik h\u00f5lmab laia valikut h\u00fcdraulilisi silindreid, mis on kohandatud erinevate rakenduste jaoks. Lisaks h\u00fcdraulilistele silindritele pakume ka kvaliteetseid p\u00f5llumajanduslikke k\u00e4igukaste, tagades meie klientidele juurdep\u00e4\u00e4su terviklikele lahendustele nende masinavajaduste rahuldamiseks.<\/p>\n<p>P\u00fchendumusega tipptasemele oleme edukalt eksportinud oma tooteid klientidele \u00fcle kogu maailma, teenides v\u00e4lja tugeva maine suurep\u00e4rase tootekvaliteedi ja erakordse m\u00fc\u00fcgij\u00e4rgse teeninduse poolest. Meie p\u00fchendumus klientide rahulolule on positsioneerinud meid usaldusv\u00e4\u00e4rse partnerina nii sise- kui ka rahvusvahelistel turgudel.<\/p>\n<h2><strong>Miks valida meid?<\/strong><\/h2>\n<p><img loading=\"lazy\" decoding=\"async\" class=\"size-full wp-image-7201 aligncenter\" src=\"https:\/\/www.hydraulic-cylinders.net\/wp-content\/uploads\/2024\/09\/mining-dump-steering-cylinder-hydraulics-on-trucks-8.webp\" alt=\"\" width=\"1110\" height=\"735\" srcset=\"https:\/\/www.hydraulic-cylinders.net\/wp-content\/uploads\/2024\/09\/mining-dump-steering-cylinder-hydraulics-on-trucks-8.webp 1110w, https:\/\/www.hydraulic-cylinders.net\/wp-content\/uploads\/2024\/09\/mining-dump-steering-cylinder-hydraulics-on-trucks-8-980x649.webp 980w, https:\/\/www.hydraulic-cylinders.net\/wp-content\/uploads\/2024\/09\/mining-dump-steering-cylinder-hydraulics-on-trucks-8-480x318.webp 480w\" sizes=\"(min-width: 0px) and (max-width: 480px) 480px, (min-width: 481px) and (max-width: 980px) 980px, (min-width: 981px) 1110px, 100vw\" \/><\/p>\n<p><strong>Professionaalne asjatundlikkus:<\/strong> Meie meeskond koosneb h\u00fcdraulikas\u00fcsteemide valdkonnas tegutsevatest spetsialistidest, kellel on ulatuslikud teadmised ja kogemused, tagades tipptasemel toodete ja teenuste pakkumise.<\/p>\n<p><strong>Rahvusvahelised sertifikaadid:<\/strong> J\u00e4rgime rangeid kvaliteedistandardeid ja omame mitmesuguseid rahvusvahelisi sertifikaate, mis n\u00e4itab meie p\u00fchendumust usaldusv\u00e4\u00e4rsete ja ohutute h\u00fcdrauliliste lahenduste pakkumisele.<\/p>\n<p><strong>Kohandatud lahendused:<\/strong> Me m\u00f5istame, et iga kliendi vajadused on ainulaadsed. Seet\u00f5ttu pakume kohandatud h\u00fcdraulilisi silindreid ja k\u00e4igukaste, mis on kohandatud vastama konkreetsetele n\u00f5uetele.<\/p>\n<p><strong>T\u00e4iustatud tootmisseadmed:<\/strong> Meie tipptasemel tootmis\u00fcksused kasutavad uusimat tehnoloogiat ja seadmeid, mis v\u00f5imaldavad meil toota kvaliteetseid tooteid t\u00f5husalt.<\/p>\n<p><strong>P\u00f5hjalik m\u00fc\u00fcgij\u00e4rgne tugi:<\/strong> Meie p\u00fchendumus klientidele ulatub kaugemale m\u00fc\u00fcgist. Pakume pidevat tuge ja hooldusteenuseid, et tagada meie toodete optimaalne j\u00f5udlus.<\/p>\n<p>Kutsume kliente \u00fcle kogu maailma meiega \u00fchendust v\u00f5tma \u00e4ril\u00e4bir\u00e4\u00e4kimisteks, teabevahetuseks ja koost\u00f6\u00f6v\u00f5imaluste loomiseks. Koos suudame saavutada h\u00fcdraulikat\u00f6\u00f6stuses suuremat edu!<\/p>","protected":false},"excerpt":{"rendered":"<p>Mining Dump Lifting Cylinder Hydraulic On Trucks The lifting cylinder of a mining dump truck is a vital component specifically engineered for these vehicles. This powerful hydraulic cylinder is responsible for raising and lowering the truck&#8217;s dump bed, facilitating efficient loading and unloading of materials during mining operations. Designed for robustness and high lifting capacity, [&hellip;]<\/p>","protected":false},"featured_media":7205,"comment_status":"open","ping_status":"closed","template":"","meta":{"_et_pb_use_builder":"","_et_pb_old_content":"","_et_gb_content_width":""},"product_brand":[],"product_cat":[1517,1532,1549,1376,1393],"product_tag":[],"class_list":{"0":"post-7690","1":"product","2":"type-product","3":"status-publish","4":"has-post-thumbnail","6":"product_cat-dump-truck-hydraulic-cylinders","7":"product_cat-mining-dump-truck-hydraulic-cylinders","8":"product_cat-single-acting-hydraulic-cylinder","9":"product_cat-hydraulic-cylinder","10":"product_cat-telescopic-hydraulic-cylinder","12":"first","13":"instock","14":"shipping-taxable","15":"product-type-simple"},"amp_enabled":true,"_links":{"self":[{"href":"https:\/\/www.hydraulic-cylinders.net\/et\/wp-json\/wp\/v2\/product\/7690","targetHints":{"allow":["GET"]}}],"collection":[{"href":"https:\/\/www.hydraulic-cylinders.net\/et\/wp-json\/wp\/v2\/product"}],"about":[{"href":"https:\/\/www.hydraulic-cylinders.net\/et\/wp-json\/wp\/v2\/types\/product"}],"replies":[{"embeddable":true,"href":"https:\/\/www.hydraulic-cylinders.net\/et\/wp-json\/wp\/v2\/comments?post=7690"}],"wp:featuredmedia":[{"embeddable":true,"href":"https:\/\/www.hydraulic-cylinders.net\/et\/wp-json\/wp\/v2\/media\/7205"}],"wp:attachment":[{"href":"https:\/\/www.hydraulic-cylinders.net\/et\/wp-json\/wp\/v2\/media?parent=7690"}],"wp:term":[{"taxonomy":"product_brand","embeddable":true,"href":"https:\/\/www.hydraulic-cylinders.net\/et\/wp-json\/wp\/v2\/product_brand?post=7690"},{"taxonomy":"product_cat","embeddable":true,"href":"https:\/\/www.hydraulic-cylinders.net\/et\/wp-json\/wp\/v2\/product_cat?post=7690"},{"taxonomy":"product_tag","embeddable":true,"href":"https:\/\/www.hydraulic-cylinders.net\/et\/wp-json\/wp\/v2\/product_tag?post=7690"}],"curies":[{"name":"wp","href":"https:\/\/api.w.org\/{rel}","templated":true}]}}