{"id":782,"date":"2023-08-23T03:36:50","date_gmt":"2023-08-23T03:36:50","guid":{"rendered":"https:\/\/hydraulic-cylinders.net\/?post_type=product&#038;p=782"},"modified":"2025-04-16T02:23:02","modified_gmt":"2025-04-16T02:23:02","slug":"machine-tool-low-pressure-hydraulic-cylinder","status":"publish","type":"product","link":"https:\/\/www.hydraulic-cylinders.net\/et\/toode\/machine-tool-low-pressure-hydraulic-cylinder\/","title":{"rendered":"T\u00f6\u00f6pingi madalsurve h\u00fcdrosilinder"},"content":{"rendered":"<h1 style=\"text-align: center;\"><strong>T\u00f6\u00f6pingi madalsurve h\u00fcdrosilinder<\/strong><\/h1>\n<p><img loading=\"lazy\" decoding=\"async\" class=\"aligncenter wp-image-785 size-full\" src=\"https:\/\/hydraulic-cylinders.net\/wp-content\/uploads\/2023\/08\/low-pressure-hydraulic-cylinder-2.webp\" alt=\"\" width=\"300\" height=\"300\" srcset=\"https:\/\/www.hydraulic-cylinders.net\/wp-content\/uploads\/2023\/08\/low-pressure-hydraulic-cylinder-2.webp 300w, https:\/\/www.hydraulic-cylinders.net\/wp-content\/uploads\/2023\/08\/low-pressure-hydraulic-cylinder-2-100x100.webp 100w, https:\/\/www.hydraulic-cylinders.net\/wp-content\/uploads\/2023\/08\/low-pressure-hydraulic-cylinder-2-150x150.webp 150w\" sizes=\"(max-width: 300px) 100vw, 300px\" \/><\/p>\n<p>Madalr\u00f5hu h\u00fcdrosilinder on ettev\u00f5tte eelis toodete, tootmiskogemuse, k\u00fcpse tehnoloogia, kulut\u00f5hususe ja h\u00fcdrosilindri asendamise osas.<\/p>\n<p>Koos turu n\u00f5udlusega sorteerige v\u00e4lja t\u00f6\u00f6pinkide t\u00f6\u00f6stuse madalr\u00f5hu h\u00fcdrauliliste silindrite parameetrid, n\u00e4iteks lintsae masina h\u00fcdraulilised silindrid.<\/p>\n<p>Kliendid saavad tellida vastavalt j\u00e4rgmistele parameetritele, mugavusele ja kiirele tarneajale.<\/p>\n<p>Madal hind: Madalr\u00f5hu h\u00fcdraulilised silindrid on tavaliselt odavamad kui teised silindrid.<br \/>\nLihtne disain: Madalr\u00f5hu h\u00fcdrauliliste silindrite disain ja tootmine on suhteliselt lihtne.<br \/>\nLihtne hooldus: Madalr\u00f5hu h\u00fcdraulilisi silindreid on suhteliselt lihtne hooldada.<\/p>\n<h2><strong>Madalr\u00f5hu h\u00fcdraulilise silindri parameeter:<\/strong><\/h2>\n<h3>(1) Madalr\u00f5hu h\u00fcdraulilise silindri esi\u00e4\u00e4rik:<\/h3>\n<h3><img loading=\"lazy\" decoding=\"async\" class=\"alignnone wp-image-786 size-full\" src=\"https:\/\/hydraulic-cylinders.net\/wp-content\/uploads\/2023\/08\/low-pressure-pull-rod-hydraulic-cylinder-front-flange-2-2.webp\" alt=\"\" width=\"690\" height=\"397\" srcset=\"https:\/\/hydraulic-cylinders.net\/wp-content\/uploads\/2023\/08\/low-pressure-pull-rod-hydraulic-cylinder-front-flange-2-2.webp 690w, https:\/\/hydraulic-cylinders.net\/wp-content\/uploads\/2023\/08\/low-pressure-pull-rod-hydraulic-cylinder-front-flange-2-2-480x276.webp 480w\" sizes=\"(min-width: 0px) and (max-width: 480px) 480px, (min-width: 481px) 690px, 100vw\" \/><\/h3>\n<h3>(2) Madalr\u00f5hu h\u00fcdraulilise silindri tagumine \u00e4\u00e4rik:<\/h3>\n<h3><img loading=\"lazy\" decoding=\"async\" class=\"alignnone wp-image-787\" src=\"https:\/\/hydraulic-cylinders.net\/wp-content\/uploads\/2023\/08\/low-pressure-pull-rod-hydraulic-cylinder-back-flange-2-2-1024x556.webp\" alt=\"\" width=\"800\" height=\"434\" \/><\/h3>\n<h3>(3) Madalr\u00f5hu h\u00fcdraulilise silindri eesmine tihvt:<\/h3>\n<p><img loading=\"lazy\" decoding=\"async\" class=\"alignnone wp-image-788 size-full\" src=\"https:\/\/hydraulic-cylinders.net\/wp-content\/uploads\/2023\/08\/low-pressure-pull-rod-hydraulic-cylinder-front-hinge-pin-2-1.webp\" alt=\"\" width=\"660\" height=\"289\" srcset=\"https:\/\/hydraulic-cylinders.net\/wp-content\/uploads\/2023\/08\/low-pressure-pull-rod-hydraulic-cylinder-front-hinge-pin-2-1.webp 660w, https:\/\/hydraulic-cylinders.net\/wp-content\/uploads\/2023\/08\/low-pressure-pull-rod-hydraulic-cylinder-front-hinge-pin-2-1-480x210.webp 480w\" sizes=\"(min-width: 0px) and (max-width: 480px) 480px, (min-width: 481px) 660px, 100vw\" \/><\/p>\n<h3>(4) Madalr\u00f5hu h\u00fcdraulilise silindri vahetihvt:<\/h3>\n<p><img loading=\"lazy\" decoding=\"async\" class=\"alignnone wp-image-789 size-full\" src=\"https:\/\/hydraulic-cylinders.net\/wp-content\/uploads\/2023\/08\/low-pressure-pull-rod-hydraulic-cylinder-intermediate-pin-2-1.webp\" alt=\"\" width=\"690\" height=\"315\" srcset=\"https:\/\/hydraulic-cylinders.net\/wp-content\/uploads\/2023\/08\/low-pressure-pull-rod-hydraulic-cylinder-intermediate-pin-2-1.webp 690w, https:\/\/hydraulic-cylinders.net\/wp-content\/uploads\/2023\/08\/low-pressure-pull-rod-hydraulic-cylinder-intermediate-pin-2-1-480x219.webp 480w\" sizes=\"(min-width: 0px) and (max-width: 480px) 480px, (min-width: 481px) 690px, 100vw\" \/><\/p>\n<h3>(5) Madalr\u00f5hu h\u00fcdraulilise silindri tagumine tihvt:<\/h3>\n<p><img loading=\"lazy\" decoding=\"async\" class=\"alignnone wp-image-790 size-full\" src=\"https:\/\/hydraulic-cylinders.net\/wp-content\/uploads\/2023\/08\/low-pressure-pull-rod-hydraulic-cylinder-rear-pin-hole-2-1.webp\" alt=\"\" width=\"690\" height=\"333\" srcset=\"https:\/\/hydraulic-cylinders.net\/wp-content\/uploads\/2023\/08\/low-pressure-pull-rod-hydraulic-cylinder-rear-pin-hole-2-1.webp 690w, https:\/\/hydraulic-cylinders.net\/wp-content\/uploads\/2023\/08\/low-pressure-pull-rod-hydraulic-cylinder-rear-pin-hole-2-1-480x232.webp 480w\" sizes=\"(min-width: 0px) and (max-width: 480px) 480px, (min-width: 481px) 690px, 100vw\" \/><\/p>\n<h3>(6) Madalr\u00f5hu h\u00fcdraulilise silindri jalaaluse parameeter:<\/h3>\n<p><img loading=\"lazy\" decoding=\"async\" class=\"alignnone wp-image-791 size-full\" src=\"https:\/\/hydraulic-cylinders.net\/wp-content\/uploads\/2023\/08\/low-pressure-pull-rod-hydraulic-cylinder-footstand-2-1.webp\" alt=\"\" width=\"703\" height=\"314\" srcset=\"https:\/\/hydraulic-cylinders.net\/wp-content\/uploads\/2023\/08\/low-pressure-pull-rod-hydraulic-cylinder-footstand-2-1.webp 703w, https:\/\/hydraulic-cylinders.net\/wp-content\/uploads\/2023\/08\/low-pressure-pull-rod-hydraulic-cylinder-footstand-2-1-480x214.webp 480w\" sizes=\"(min-width: 0px) and (max-width: 480px) 480px, (min-width: 481px) 703px, 100vw\" \/><\/p>\n<h2><strong>Tehniline parameeter <\/strong><strong>Madalr\u00f5hu h\u00fcdrauliline silinder:<\/strong><\/h2>\n<p>Paigaldusre\u017eiimi saab valida j\u00e4rgmiste valikute hulgast<br \/>\n1) Kolvivarda otsa keerme suurus: sisekeere v\u00f5i v\u00e4liskeere, keerme suurus ja pikkus<br \/>\n2) naftasadama asukoht;<br \/>\n3) Parameetritabelis olev \u201ekogupikkus\u201c, st silindri pikkus k\u00e4igu 0 korral, n\u00e4iteks k\u00e4igu 100 mm korral, silindri kogupikkus = \u201ekogupikkuse\u201c v\u00e4\u00e4rtus +100<\/p>\n<h2><strong>Kohaldamisala <\/strong><strong>Madalr\u00f5hu h\u00fcdrauliline silinder:<\/strong><\/h2>\n<p>1) R\u00f5huvahemiku kasutamine on alla 5MPA;<br \/>\n2) Esikate, tagakaas ja kolb on valatud, silinder on nr 20 terasest ja kolvivarras on nr 45 terasest kroomitud;<br \/>\n3) Vaikimisi silindrit m\u00f5jutab peamiselt t\u00f5ukej\u00f5ud; kui see on peamiselt tingitud pingest, peab klient andma erijuhised;<br \/>\n4) Selle tooteseeria sisel\u00e4bim\u00f5\u00f5du vahemik on 63\u2013125 mm, maksimaalne t\u00f5ukej\u00f5ud on 4,8 tonni;<br \/>\n5) Vaikimisi puhver puudub; puhverdamise vajaduse korral vajab klient spetsiaalseid juhiseid.<\/p>\n<p><img loading=\"lazy\" decoding=\"async\" class=\"size-full wp-image-316728 aligncenter\" src=\"https:\/\/hzpt.com\/wp-content\/uploads\/2023\/08\/low-pressure-hydraulic-cylinder-1.webp\" alt=\"\" width=\"540\" height=\"1015\" \/><\/p>\n<h2><strong>Kuidas m\u00f5\u00f5ta h\u00fcdrosilindrit?<\/strong><\/h2>\n<p>H\u00fcdrosilindri m\u00f5\u00f5tmiseks vajate m\u00f5nda p\u00f5hit\u00f6\u00f6riista, n\u00e4iteks m\u00f5\u00f5dulinti v\u00f5i joonlauda, \u200b\u200bnihikut ja v\u00f5ib-olla ka s\u00fcgavusm\u00f5\u00f5turit. Siin on samm-sammult juhend h\u00fcdrosilindri m\u00f5\u00f5tmiseks:<\/p>\n<ol>\n<li><strong>Pikendatud pikkus<\/strong>:\n<ul>\n<li>Veenduge, et h\u00fcdrauliline silinder on t\u00e4ielikult v\u00e4lja sirutatud.<\/li>\n<li>M\u00f5\u00f5da kaugus silindri \u00fches otsas oleva kinnitusava keskpunktist teise otsas oleva kinnitusava keskpunktini. See m\u00f5\u00f5t n\u00e4itab silindri pikendatud pikkust ehk kogupikkust.<\/li>\n<\/ul>\n<\/li>\n<li><strong>Sisset\u00f5mmatud pikkus<\/strong>:\n<ul>\n<li>T\u00f5mmake h\u00fcdrosilinder t\u00e4ielikult sisse.<\/li>\n<li>M\u00f5\u00f5da kaugus silindri \u00fches otsas oleva kinnitusava keskpunktist teise otsas oleva kinnitusava keskpunktini. See m\u00f5\u00f5t n\u00e4itab silindri sisset\u00f5mmatud pikkust.<\/li>\n<\/ul>\n<\/li>\n<li><strong>Ava l\u00e4bim\u00f5\u00f5t<\/strong>:\n<ul>\n<li>M\u00f5\u00f5da silindri korpuse sisediameetrit ehk ava l\u00e4bim\u00f5\u00f5tu. Tavaliselt tehakse seda nihikuga.<\/li>\n<li>Asetage nihiku l\u00f5uad silindri silindri sisse ja m\u00f5\u00f5tke silindri silindri seinte sisepindade vaheline kaugus.<\/li>\n<\/ul>\n<\/li>\n<li><strong>Varda l\u00e4bim\u00f5\u00f5t<\/strong>:\n<ul>\n<li>M\u00f5\u00f5da kolvivarda l\u00e4bim\u00f5\u00f5tu. Tavaliselt tehakse seda nihikuga.<\/li>\n<li>Asetage pidurisadula l\u00f5uad kolvivarda \u00fcmber ja m\u00f5\u00f5tke varda v\u00e4lispindade vaheline kaugus.<\/li>\n<\/ul>\n<\/li>\n<li><strong>L\u00f6\u00f6gi pikkus<\/strong>:\n<ul>\n<li>Kolvivarda k\u00e4igu pikkus viitab vahemaale, mille v\u00f5rra see saab liikuda t\u00e4ielikult v\u00e4lja sirutatud ja t\u00e4ielikult sisset\u00f5mmatud asendi vahel.<\/li>\n<li>Jooksu pikkuse saamiseks lahutage sisset\u00f5mmatud pikkuse m\u00f5\u00f5t v\u00e4ljat\u00f5mmatud pikkuse m\u00f5\u00f5tmisest.<\/li>\n<\/ul>\n<\/li>\n<li><strong>Tihendi ja laagri m\u00f5\u00f5tmed<\/strong>:\n<ul>\n<li>Vajadusel m\u00f5\u00f5tke h\u00fcdrosilindri osaks olevate tihendite v\u00f5i laagrite m\u00f5\u00f5tmed. See v\u00f5ib h\u00f5lmata v\u00e4lisl\u00e4bim\u00f5\u00f5du, sisel\u00e4bim\u00f5\u00f5du ja paksuse m\u00f5\u00f5tmisi.<\/li>\n<\/ul>\n<\/li>\n<\/ol>\n<h2><strong>Tehase v\u00f5imekus ja suutlikkus:<\/strong><\/h2>\n<h3>(1) Kokkupanek<\/h3>\n<p>Meil on esmaklassiline s\u00f5ltumatu teadus- ja arendustegevuse montaa\u017eiplatvorm. Kahvelt\u00f5stuki silindrite tootmist\u00f6\u00f6kojas on neli poolautomaatset t\u00f5stesilindrite montaa\u017eiliini ja \u00fcks automaatne kallutussilindrite montaa\u017eiliin, mille projekteeritud aastane tootmisv\u00f5imsus on 1 miljon t\u00fckki; spetsiaalne silindrite t\u00f6\u00f6koda on varustatud erinevate spetsifikatsioonidega poolautomaatse puhastus-montaa\u017eis\u00fcsteemiga, mille projekteeritud aastane tootmisv\u00f5imsus on 200 000 t\u00fckki. Varustatud kuulsate CNC-t\u00f6\u00f6tlemisseadmete, t\u00f6\u00f6tlemiskeskuse, \u00fclit\u00e4pse silindrite t\u00f6\u00f6tlemise spetsiaalseadme, robotkeevitusmasina, automaatse puhastusmasina, automaatse silindrite montaa\u017eimasina ja automaatse v\u00e4rvimise tootmisliiniga. Olemasolevaid v\u00f5tmeseadmeid on \u00fcle 300 komplekti (komplekti). Seadmete ressursside optimaalne jaotus ja t\u00f5hus kasutamine tagavad toodete t\u00e4psusn\u00f5uded ja vastavad toodete k\u00f5rgetele kvaliteedin\u00f5uetele.<\/p>\n<p><img loading=\"lazy\" decoding=\"async\" class=\"alignnone wp-image-626\" src=\"https:\/\/hydraulic-cylinders.net\/wp-content\/uploads\/2023\/08\/hydraulic-cylinder-product-1-300x158.webp\" alt=\"\" width=\"495\" height=\"260\" srcset=\"https:\/\/hydraulic-cylinders.net\/wp-content\/uploads\/2023\/08\/hydraulic-cylinder-product-1-300x158.webp 495w, https:\/\/hydraulic-cylinders.net\/wp-content\/uploads\/2023\/08\/hydraulic-cylinder-product-1-480x252.webp 480w\" sizes=\"(min-width: 0px) and (max-width: 480px) 480px, (min-width: 481px) 495px, 100vw\" \/> <img loading=\"lazy\" decoding=\"async\" class=\"alignnone wp-image-627\" src=\"https:\/\/hydraulic-cylinders.net\/wp-content\/uploads\/2023\/08\/hydraulic-cylinder-product-2-300x189.webp\" alt=\"\" width=\"413\" height=\"260\" \/><\/p>\n<h3>(2) Mehaaniline t\u00f6\u00f6tlemine<\/h3>\n<p>T\u00f6\u00f6koda on varustatud kohandatud kaldr\u00f6\u00f6baste treikeskuse, t\u00f6\u00f6tluskeskuse, kiire hoonimismasina, keevitusroboti ja muude seotud seadmetega, mis suudavad t\u00f6\u00f6delda silindritorusid maksimaalse sisel\u00e4bim\u00f5\u00f5duga 400 mm ja maksimaalse pikkusega 6 meetrit.<\/p>\n<p><img loading=\"lazy\" decoding=\"async\" class=\"alignnone wp-image-628 size-large\" src=\"https:\/\/hydraulic-cylinders.net\/wp-content\/uploads\/2023\/08\/hydraulic-cylinder-product-3-1024x391.webp\" alt=\"\" width=\"1024\" height=\"391\" srcset=\"https:\/\/hydraulic-cylinders.net\/wp-content\/uploads\/2023\/08\/hydraulic-cylinder-product-3-980x374.webp 980w, https:\/\/hydraulic-cylinders.net\/wp-content\/uploads\/2023\/08\/hydraulic-cylinder-product-3-480x183.webp 480w\" sizes=\"(min-width: 0px) and (max-width: 480px) 480px, (min-width: 481px) and (max-width: 980px) 980px, (min-width: 981px) 1024px, 100vw\" \/><\/p>\n<h3>(3) Keevitamine<\/h3>\n<p><img loading=\"lazy\" decoding=\"async\" class=\"alignnone wp-image-629 size-large\" src=\"https:\/\/hydraulic-cylinders.net\/wp-content\/uploads\/2023\/08\/hydraulic-cylinder-product-4-1024x510.webp\" alt=\"\" width=\"1024\" height=\"510\" srcset=\"https:\/\/hydraulic-cylinders.net\/wp-content\/uploads\/2023\/08\/hydraulic-cylinder-product-4-980x488.webp 980w, https:\/\/hydraulic-cylinders.net\/wp-content\/uploads\/2023\/08\/hydraulic-cylinder-product-4-480x239.webp 480w\" sizes=\"(min-width: 0px) and (max-width: 480px) 480px, (min-width: 481px) and (max-width: 980px) 980px, (min-width: 981px) 1024px, 100vw\" \/><\/p>\n<h3>(4) V\u00e4rvimine ja katmine<\/h3>\n<p>V\u00e4ikese ja keskmise suurusega silindri automaatse veep\u00f5hise v\u00e4rvipinnakattega liinide abil, et saavutada automaatne robotlaadimine ja mahalaadimine ning automaatne pihustamine, projekteerimisv\u00f5imsus 4000 t\u00fckki vahetuse kohta;<br \/>\nMeil on ka poolautomaatne v\u00e4rvimisliin suurte silindrite jaoks, mida toidab j\u00f5ukett ja mille projekteeritud tootmisv\u00f5imsus on 60 karpi vahetuse kohta.<\/p>\n<p><img loading=\"lazy\" decoding=\"async\" class=\"alignnone wp-image-630\" src=\"https:\/\/hydraulic-cylinders.net\/wp-content\/uploads\/2023\/08\/hydraulic-cylinder-product-5-300x213.webp\" alt=\"\" width=\"408\" height=\"290\" \/> <img loading=\"lazy\" decoding=\"async\" class=\"alignnone wp-image-631\" src=\"https:\/\/hydraulic-cylinders.net\/wp-content\/uploads\/2023\/08\/hydraulic-cylinder-product-6-300x225.webp\" alt=\"\" width=\"387\" height=\"290\" \/><\/p>\n<h3>(5) Testimine<\/h3>\n<p>Meil on esmaklassilised kontrolliseadmed ja katsestendid, et tagada silindri j\u00f5udlus vastavus n\u00f5uetele.<\/p>\n<p><img loading=\"lazy\" decoding=\"async\" class=\"alignnone wp-image-632\" src=\"https:\/\/hydraulic-cylinders.net\/wp-content\/uploads\/2023\/08\/hydraulic-cylinder-product-8-300x200.webp\" alt=\"\" width=\"389\" height=\"260\" \/><\/p>\n<p>&nbsp;<\/p>\n<p>&nbsp;<\/p>\n<p>Oleme \u00fcks parimaid madalr\u00f5hu h\u00fcdrosilindrite tootjaid. Pakume laia valikut madalr\u00f5hu h\u00fcdrosilindreid. Pakume ka vastavaid... <a href=\"https:\/\/hzpt.com\/agricultural-pto-gearbox\/\" target=\"_blank\" rel=\"noopener\">p\u00f5llumajanduslikud k\u00e4igukastid<\/a>. Oleme eksportinud oma tooteid klientidele \u00fcle kogu maailma ja teeninud hea maine t\u00e4nu meie suurep\u00e4rasele tootekvaliteedile ja m\u00fc\u00fcgij\u00e4rgsele teenindusele. Me tervitame soojalt kliente nii kodus kui ka v\u00e4lismaal, et v\u00f5tta meiega \u00fchendust, et pidada l\u00e4bir\u00e4\u00e4kimisi \u00e4ri, vahetada teavet ja\u00a0<a href=\"https:\/\/www.hydraulic-cylinders.net\/et\/contact-us\/\">teha meiega koost\u00f6\u00f6d<\/a>!<\/p>\n<p>&nbsp;<\/p>\n<h2><\/h2>","protected":false},"excerpt":{"rendered":"<p>Machine Tool Low-Pressure Hydraulic Cylinder Low-pressure hydraulic cylinder is the company&#8217;s advantage in products, manufacturing experience, mature technology, cost-effectiveness, and can replace the hydraulic cylinder. Combined with the market demand, sort out the machine tool industry low-pressure hydraulic cylinder parameters, such as band saw machine hydraulic cylinder. Customers can order according to the following parameters, [&hellip;]<\/p>","protected":false},"featured_media":792,"comment_status":"open","ping_status":"closed","template":"","meta":{"_et_pb_use_builder":"","_et_pb_old_content":"","_et_gb_content_width":""},"product_brand":[],"product_cat":[1550,1525,1509,1376,1388],"product_tag":[],"class_list":{"0":"post-782","1":"product","2":"type-product","3":"status-publish","4":"has-post-thumbnail","6":"product_cat-double-acting-hydraulic-cylinder","7":"product_cat-machine-tool-hydraulic-cylinders","8":"product_cat-tie-rod-hydraulic-cylinder","9":"product_cat-hydraulic-cylinder","10":"product_cat-low-pressure-hydraulic-cylinder","12":"first","13":"instock","14":"shipping-taxable","15":"product-type-simple"},"amp_enabled":true,"_links":{"self":[{"href":"https:\/\/www.hydraulic-cylinders.net\/et\/wp-json\/wp\/v2\/product\/782","targetHints":{"allow":["GET"]}}],"collection":[{"href":"https:\/\/www.hydraulic-cylinders.net\/et\/wp-json\/wp\/v2\/product"}],"about":[{"href":"https:\/\/www.hydraulic-cylinders.net\/et\/wp-json\/wp\/v2\/types\/product"}],"replies":[{"embeddable":true,"href":"https:\/\/www.hydraulic-cylinders.net\/et\/wp-json\/wp\/v2\/comments?post=782"}],"wp:featuredmedia":[{"embeddable":true,"href":"https:\/\/www.hydraulic-cylinders.net\/et\/wp-json\/wp\/v2\/media\/792"}],"wp:attachment":[{"href":"https:\/\/www.hydraulic-cylinders.net\/et\/wp-json\/wp\/v2\/media?parent=782"}],"wp:term":[{"taxonomy":"product_brand","embeddable":true,"href":"https:\/\/www.hydraulic-cylinders.net\/et\/wp-json\/wp\/v2\/product_brand?post=782"},{"taxonomy":"product_cat","embeddable":true,"href":"https:\/\/www.hydraulic-cylinders.net\/et\/wp-json\/wp\/v2\/product_cat?post=782"},{"taxonomy":"product_tag","embeddable":true,"href":"https:\/\/www.hydraulic-cylinders.net\/et\/wp-json\/wp\/v2\/product_tag?post=782"}],"curies":[{"name":"wp","href":"https:\/\/api.w.org\/{rel}","templated":true}]}}