{"id":852,"date":"2023-08-30T08:12:24","date_gmt":"2023-08-30T08:12:24","guid":{"rendered":"https:\/\/hydraulic-cylinders.net\/?post_type=product&#038;p=852"},"modified":"2025-04-16T02:22:28","modified_gmt":"2025-04-16T02:22:28","slug":"standard-with-adjustable-cap-type-light-rod-hydraulic-cylinder","status":"publish","type":"product","link":"https:\/\/www.hydraulic-cylinders.net\/et\/toode\/standard-with-adjustable-cap-type-light-rod-hydraulic-cylinder\/","title":{"rendered":"Standardne reguleeritava korki t\u00fc\u00fcpi kerge varda h\u00fcdrosilindriga"},"content":{"rendered":"<h1 style=\"text-align: center;\"><strong>Standardne reguleeritava korki t\u00fc\u00fcpi kerge varda h\u00fcdrosilindriga<\/strong><\/h1>\n<p><img loading=\"lazy\" decoding=\"async\" class=\"aligncenter wp-image-318417 size-full\" src=\"https:\/\/hzpt.com\/wp-content\/uploads\/2023\/08\/standard-with-adjustable-cap-type-light-pull-rod-hydraulic-cylinder-2.webp\" alt=\"\" width=\"304\" height=\"162\" \/><\/p>\n<p>Standardne reguleeritava korgiga kergvardaga h\u00fcdrosilinder on tipptasemel h\u00fcdrosilinder, mis on loodud vastama erinevate t\u00f6\u00f6stuslike rakenduste n\u00f5udmistele. Reguleeritava korgi ja kergvarda konstruktsiooniga pakub see silinder suurep\u00e4rast j\u00f5udlust, vastupidavust ja kasutusmugavust. Olenemata sellest, kas neid kasutatakse tootmisseadmetes, ehitusmasinates v\u00f5i materjalik\u00e4itluss\u00fcsteemides, tagavad standardsed reguleeritava korgiga kergvardaga h\u00fcdrosilindrid usaldusv\u00e4\u00e4rse ja t\u00f5husa t\u00f6\u00f6, muutes need v\u00e4\u00e4rtuslikuks tootlikkuse optimeerimisel.<\/p>\n<p>Kergvarda h\u00fcdraulilise silindri olulised omadused:<\/p>\n<p><strong>Reguleeritava m\u00fctsi disain<\/strong>Silindril on reguleeritav kork, mis v\u00f5imaldab h\u00f5lpsat kohandamist ja kohandamist. Reguleeritav kork pakub paindlikkust k\u00e4igupikkuse peenh\u00e4\u00e4lestamiseks, mist\u00f5ttu see sobib erinevateks rakendusteks, millel on erinevad k\u00e4igun\u00f5uded.<\/p>\n<p><strong>Kerge t\u00f5mbevarda konstruktsioon<\/strong>Kergvarda konstruktsioon on valmistatud kergetest materjalidest, n\u00e4iteks alumiiniumist v\u00f5i komposiitmaterjalist kolvivardadest. See struktuur v\u00e4hendab silindri kogukaalu, mille tulemuseks on kiirem liikumine, parem energiat\u00f5husus ja madalamad tegevuskulud.<\/p>\n<p><strong>Suur t\u00e4psus ja stabiilsus<\/strong>Standardne reguleeritava korgiga kergvardaga h\u00fcdrosilinder on loodud pakkuma suurt t\u00e4psust ja stabiilset lineaarset liikumist. See tagab t\u00e4pse positsioneerimise, sujuva liikumise ja suurep\u00e4rase korduvuse, mist\u00f5ttu sobib see ideaalselt rakenduste jaoks, mis n\u00f5uavad t\u00e4pset juhtimist ja t\u00f6\u00f6kindlust.<\/p>\n<h2><strong>Standard reguleeritava korgiga t\u00fc\u00fcpi kerge varda h\u00fcdraulilise silindri parameetriga:<\/strong><\/h2>\n<p><img loading=\"lazy\" decoding=\"async\" class=\"alignnone size-full wp-image-318752\" src=\"https:\/\/hzpt.com\/wp-content\/uploads\/2023\/08\/standard-with-adjustable-cap-type-light-pull-rod-hydraulic-cylinder-3.webp\" alt=\"\" width=\"790\" height=\"320\" \/><\/p>\n<h2><strong>Standardne reguleeritava korki t\u00fc\u00fcpi kerge varda h\u00fcdrosilindriga <\/strong><strong>Kasutamise meetod<\/strong><strong>:<\/strong><\/h2>\n<p><strong>Paigaldamine ja \u00fchendamine:<\/strong> Paigaldage silinder kindlalt oma kohale, kasutades etten\u00e4htud kinnitusklambreid v\u00f5i kinnitusvahendeid. Tagage stabiilne paigaldus ja \u00f5ige joondus. H\u00fcdraulikavoolikute \u00fchendamisel silindri portidega j\u00e4rgige tootja juhiseid ja suuniseid.<\/p>\n<p><strong>Korgi reguleerimine:<\/strong> Reguleeritava korgi funktsioon m\u00e4\u00e4rab soovitud k\u00e4igupikkuse. Kasutage korgi vabastamiseks kaasasolevat t\u00f6\u00f6riista v\u00f5i mutriv\u00f5tit, reguleerige kork valitud k\u00e4igupikkusele ja seej\u00e4rel pingutage seda.<\/p>\n<p><strong>H\u00fcdraulikas\u00fcsteemi integreerimine:<\/strong> Silinder integreeritakse h\u00fcdros\u00fcsteemi, \u00fchendades selle sobiva h\u00fcdropumba v\u00f5i j\u00f5uallikaga. Veenduge, et silindri spetsifikatsioonid ja t\u00f6\u00f6n\u00f5uded oleksid t\u00e4idetud.<\/p>\n<p><strong>Juhtimine ja toimimine:<\/strong> Kasutage juhtventiili, et reguleerida h\u00fcdraulika\u00f5li voolu silindrisse ja silindrist v\u00e4lja. Reguleerige juhtseadiseid, et saavutada soovitud lineaarne liikumine ja j\u00f5uv\u00e4ljund. Testige silindri liikumist, et kontrollida selle funktsiooni ja reageerimisv\u00f5imet.<\/p>\n<h2><strong>Standardne reguleeritava korki t\u00fc\u00fcpi kerge varda h\u00fcdrosilindriga <\/strong><strong>Hooldus<\/strong><strong>:<\/strong><\/h2>\n<p>Regulaarne hooldus on oluline optimaalse j\u00f5udluse tagamiseks ja standardse reguleeritava korgiga valgusvardaga h\u00fcdrosilindri eluea pikendamiseks. Siin on m\u00f5ned hooldusjuhised:<\/p>\n<ol>\n<li><strong>Regulaarne kontroll<\/strong>Kulumise, kahjustuste v\u00f5i lekete tuvastamiseks tehke perioodilisi kontrolle. Kontrollige silindri korpust, varrast, tihendeid ja muid komponente k\u00f5rvalekallete suhtes. Lahendage k\u00f5ik probleemid viivitamatult, et v\u00e4ltida edasisi vigastusi v\u00f5i ebaefektiivsust t\u00f6\u00f6s.<\/li>\n<li><strong>M\u00e4\u00e4rimine<\/strong>Kandke silindri liikuvatele osadele, sh vardale ja tihenditele, soovitatud m\u00e4\u00e4rdeainet. Regulaarne m\u00e4\u00e4rimine v\u00e4hendab h\u00f5\u00f5rdumist, v\u00e4hendab kulumist ja tagab sujuva t\u00f6\u00f6. J\u00e4rgige tootja juhiseid sobivate m\u00e4\u00e4rimisintervallide ja m\u00e4\u00e4rdeaine t\u00fc\u00fcbi kohta.<\/li>\n<li><strong>Tihendi vahetamine<\/strong>Kui m\u00e4rkate tihendi halvenemist v\u00f5i leket, vahetage tihendid originaalsete tootja poolt heakskiidetud varuosade vastu. Valed v\u00f5i kulunud tihendid v\u00f5ivad kahjustada silindri j\u00f5udlust ja p\u00f5hjustada h\u00fcdraulikavedeliku lekkeid.<\/li>\n<li><strong>Puhastamine<\/strong>Puhastage silinder mustuse, prahi ja muude saasteainete eemaldamise teel. Kasutage mitteabrasiivset puhastusvahendit ja veenduge, et k\u00f5ik komponendid on enne kokkupanekut korralikult kuivatatud. Puhas silinder tagab optimaalse j\u00f5udluse ja hoiab \u00e4ra enneaegse kulumise v\u00f5i kahjustuse.<\/li>\n<\/ol>\n<h2><strong>Kuidas vahetada h\u00fcdraulilise silindri tihendeid?<\/strong><\/h2>\n<p>H\u00fcdrosilindri tihendite vahetamine on \u00fclesanne, mis n\u00f5uab t\u00e4psust ja t\u00e4helepanu detailidele. Siin on samm-sammult juhend h\u00fcdrosilindri tihendite vahetamiseks:<\/p>\n<ol>\n<li><strong>Ohutus ennek\u00f5ike:<\/strong> Enne h\u00fcdraulikasilindrite hooldust\u00f6\u00f6de alustamist veenduge, et s\u00fcsteem on r\u00f5huvaba ja seadmed on juhusliku liikumise v\u00e4ltimiseks kindlalt kinnitatud.<\/li>\n<li><strong>Probleemi tuvastamine:<\/strong> Tehke kindlaks, millised tihendid tuleb v\u00e4lja vahetada. Tihendi rikke tavalisteks tunnusteks on leke, v\u00e4henenud j\u00f5udlus v\u00f5i tihendite n\u00e4htavad kahjustused.<\/li>\n<li><strong>Koguge vajalikud t\u00f6\u00f6riistad:<\/strong> Valmistage ette tihendi vahetamiseks vajalikud t\u00f6\u00f6riistad, sh tihendikomplekt, mis sisaldab uusi tihendeid, kinnitusr\u00f5ngaid, O-r\u00f5ngaid, tihendipuhurit v\u00f5i v\u00e4ikest kruvikeerajat, tihendi paigaldust\u00f6\u00f6riista v\u00f5i pistikupesa ning puhast lappi v\u00f5i kaltsu.<\/li>\n<li><strong>Lahtiv\u00f5tmine:<\/strong> V\u00f5tke h\u00fcdrosilinder ettevaatlikult lahti. Alustage k\u00f5igi v\u00e4liste komponentide, n\u00e4iteks kinnitusklambrite v\u00f5i katete eemaldamisest. Seej\u00e4rel eemaldage silindripea v\u00f5i kork, et p\u00e4\u00e4seda ligi tihenditele. Pange komponentide lahtiv\u00f5tmisel t\u00e4hele nende j\u00e4rjekorda ja suunda.<\/li>\n<li><strong>Eemaldage vanad tihendid:<\/strong> Kangutage vanad tihendid ettevaatlikult tihendipuhuri v\u00f5i v\u00e4ikese kruvikeeraja abil soontest v\u00e4lja. Olge ettevaatlik, et mitte kriimustada ega kahjustada silindri seinu ega muid komponente.<\/li>\n<li><strong>Puhastage ja kontrollige:<\/strong> Puhastage silindri ava ja k\u00f5ik komponendid p\u00f5hjalikult mustusest, prahist ja vanadest tihendij\u00e4\u00e4kidest. Kontrollige silindri ava ja muid osi kahjustuste v\u00f5i kulumise tunnuste suhtes. Kahjustuste tuvastamisel v\u00f5ib olla vajalik konsulteerida h\u00fcdraulikaspetsialistiga edasiseks hindamiseks.<\/li>\n<li><strong>Uute tihendite paigaldamine:<\/strong> Paigaldamise h\u00f5lbustamiseks m\u00e4\u00e4rige uusi tihendeid h\u00fcdraulika\u00f5li v\u00f5i sobiva tihendite m\u00e4\u00e4rdeainega. Asetage uued tihendid ettevaatlikult soontesse, tagades \u00f5ige orientatsiooni ja joonduse. Kasutage tihendite paigaldamise t\u00f6\u00f6riista v\u00f5i mutriv\u00f5tit, et need oma kohale suruda. Olge ettevaatlik, et tihendeid paigaldamise ajal mitte kahjustada.<\/li>\n<li><strong>Kokkupanek:<\/strong> Kui uued tihendid on paigas, monteerige h\u00fcdrosilinder lahtiv\u00f5tmisele vastupidises j\u00e4rjekorras. P\u00f6\u00f6rake t\u00e4helepanu kinnitusr\u00f5ngaste, O-r\u00f5ngaste ja muude komponentide \u00f5igele paigaldamisele. Veenduge, et k\u00f5ik \u00fchendused on tootja spetsifikatsioonide kohaselt korralikult pingutatud.<\/li>\n<li><strong>Lekete testimine ja kontrollimine:<\/strong> P\u00e4rast kokkupanekut kontrollige silindrit hoolikalt, et veenduda selle \u00f5iges paigalduses. Survestage h\u00fcdros\u00fcsteem aeglaselt ja kontrollige lekete m\u00e4rke. Kui lekkeid tuvastatakse, tehke t\u00f5rkeotsing ja lahendage probleem viivitamatult.<\/li>\n<li><strong>S\u00fcsteemi verejooks:<\/strong> Vajadusel \u00f5hutage h\u00fcdros\u00fcsteemi, et eemaldada tihendi vahetamise ajal sisse v\u00f5inud \u00f5hk. J\u00e4rgige tootja soovitusi v\u00f5i konsulteerige h\u00fcdraulikaspetsialistiga \u00f5ige \u00f5hutusprotseduuri osas.<\/li>\n<\/ol>\n<h2><strong>Tehase v\u00f5imekus ja suutlikkus:<\/strong><\/h2>\n<h3>(1) Kokkupanek<\/h3>\n<p>Meil on esmaklassiline s\u00f5ltumatu teadus- ja arendustegevuse montaa\u017eiplatvorm. H\u00fcdrosilindrite tootmist\u00f6\u00f6kojas on neli poolautomaatset t\u00f5stesilindrite koosteliini ja \u00fcks automaatne kallutussilindrite koosteliin, mille kavandatud aastane tootmisv\u00f5imsus on 1 miljon t\u00fckki. Spetsiaalsete silindrite t\u00f6\u00f6koda on varustatud erinevate spetsifikatsioonidega poolautomaatse puhastusmontaa\u017eis\u00fcsteemiga, mille kavandatud aastane tootmisv\u00f5imsus on 200 000 ja mis on varustatud kuulsate CNC-t\u00f6\u00f6tlemisseadmete, mehaanilise t\u00f6\u00f6tlemise keskuse, suure t\u00e4psusega silindrite t\u00f6\u00f6tlemise eriseadmete, robotkeevitusmasina, automaatse puhastusmasina, automaatse silindri kokkupanemise masina ja automaatse v\u00e4rvimise tootmisliiniga. Olemasolevad kriitilised seadmed rohkem kui 300 komplekti (komplekti). Seadmete ressursside optimaalne jaotamine ja t\u00f5hus kasutamine tagavad toodete t\u00e4psusn\u00f5uded ja vastavad toodete kvaliteedin\u00f5uetele.<\/p>\n<p><img loading=\"lazy\" decoding=\"async\" class=\"alignnone wp-image-626\" src=\"https:\/\/hydraulic-cylinders.net\/wp-content\/uploads\/2023\/08\/hydraulic-cylinder-product-1-300x158.webp\" alt=\"\" width=\"495\" height=\"260\" srcset=\"https:\/\/hydraulic-cylinders.net\/wp-content\/uploads\/2023\/08\/hydraulic-cylinder-product-1-300x158.webp 495w, https:\/\/hydraulic-cylinders.net\/wp-content\/uploads\/2023\/08\/hydraulic-cylinder-product-1-480x252.webp 480w\" sizes=\"(min-width: 0px) and (max-width: 480px) 480px, (min-width: 481px) 495px, 100vw\" \/> <img loading=\"lazy\" decoding=\"async\" class=\"alignnone wp-image-627\" src=\"https:\/\/hydraulic-cylinders.net\/wp-content\/uploads\/2023\/08\/hydraulic-cylinder-product-2-300x189.webp\" alt=\"\" width=\"413\" height=\"260\" \/><\/p>\n<h3>(2) T\u00f6\u00f6tlemine<\/h3>\n<p>T\u00f6\u00f6deldav t\u00f6\u00f6koda on varustatud kohandatud kallutatud r\u00f6\u00f6pse treipingi keskuse, mehaanilise keskuse, kiire lihvimismasina, keevitusroboti ja muude seotud seadmetega, mis suudavad t\u00f6\u00f6delda silindritorusid, mille maksimaalne sisel\u00e4bim\u00f5\u00f5t on 400 mm ja maksimaalne pikkus on 6 meetrit.<\/p>\n<p><img loading=\"lazy\" decoding=\"async\" class=\"alignnone wp-image-628 size-large\" src=\"https:\/\/hydraulic-cylinders.net\/wp-content\/uploads\/2023\/08\/hydraulic-cylinder-product-3-1024x391.webp\" alt=\"\" width=\"1024\" height=\"391\" srcset=\"https:\/\/hydraulic-cylinders.net\/wp-content\/uploads\/2023\/08\/hydraulic-cylinder-product-3-980x374.webp 980w, https:\/\/hydraulic-cylinders.net\/wp-content\/uploads\/2023\/08\/hydraulic-cylinder-product-3-480x183.webp 480w\" sizes=\"(min-width: 0px) and (max-width: 480px) 480px, (min-width: 481px) and (max-width: 980px) 980px, (min-width: 981px) 1024px, 100vw\" \/><\/p>\n<h3>(3) Keevitamine<\/h3>\n<p><img loading=\"lazy\" decoding=\"async\" class=\"alignnone wp-image-629 size-large\" src=\"https:\/\/hydraulic-cylinders.net\/wp-content\/uploads\/2023\/08\/hydraulic-cylinder-product-4-1024x510.webp\" alt=\"\" width=\"1024\" height=\"510\" srcset=\"https:\/\/hydraulic-cylinders.net\/wp-content\/uploads\/2023\/08\/hydraulic-cylinder-product-4-980x488.webp 980w, https:\/\/hydraulic-cylinders.net\/wp-content\/uploads\/2023\/08\/hydraulic-cylinder-product-4-480x239.webp 480w\" sizes=\"(min-width: 0px) and (max-width: 480px) 480px, (min-width: 481px) and (max-width: 980px) 980px, (min-width: 981px) 1024px, 100vw\" \/><\/p>\n<h3>(4) V\u00e4rvimine ja katmine<\/h3>\n<p>V\u00e4ikese ja keskmise suurusega silindri automaatse veep\u00f5hise v\u00e4rvipinnakattega liinide abil, et saavutada automaatne robotlaadimine ja mahalaadimine ning automaatne pihustamine, projekteerimisv\u00f5imsus 4000 t\u00fckki vahetuse kohta;<br \/>\nMeil on ka poolautomaatne suurte balloonide v\u00e4rvimise tootmisliin, mis t\u00f6\u00f6tab j\u00f5ukettaga ja mille projekteerimisv\u00f5imsus on 60 kasti \u00fche vahetuse kohta.<\/p>\n<p><img loading=\"lazy\" decoding=\"async\" class=\"alignnone wp-image-630\" src=\"https:\/\/hydraulic-cylinders.net\/wp-content\/uploads\/2023\/08\/hydraulic-cylinder-product-5-300x213.webp\" alt=\"\" width=\"366\" height=\"260\" \/> <img loading=\"lazy\" decoding=\"async\" class=\"alignnone wp-image-631\" src=\"https:\/\/hydraulic-cylinders.net\/wp-content\/uploads\/2023\/08\/hydraulic-cylinder-product-6-300x225.webp\" alt=\"\" width=\"347\" height=\"260\" \/><\/p>\n<h3>(5) Testimine<\/h3>\n<p>Meil on esmaklassilised kontrolliseadmed ja katsestendid, et tagada silindri j\u00f5udlus vastavus n\u00f5uetele.<\/p>\n<p><img loading=\"lazy\" decoding=\"async\" class=\"alignnone wp-image-632\" src=\"https:\/\/hydraulic-cylinders.net\/wp-content\/uploads\/2023\/08\/hydraulic-cylinder-product-8-300x200.webp\" alt=\"\" width=\"389\" height=\"260\" \/><\/p>\n<p>&nbsp;<\/p>\n<p>&nbsp;<\/p>\n<p>Oleme \u00fcks parimaid kergvarrastega h\u00fcdrosilindrite tootjaid. Pakume laia kergvarrastega h\u00fcdrosilindrite laoseisu. Pakume ka vastavaid... <a href=\"https:\/\/hzpt.com\/agricultural-pto-gearbox\/\" target=\"_blank\" rel=\"noopener\">p\u00f5llumajanduslikud k\u00e4igukastid<\/a>. Oleme eksportinud oma tooteid klientidele \u00fcle maailma ja teeninud hea maine t\u00e4nu meie suurep\u00e4rasele tootekvaliteedile ja m\u00fc\u00fcgij\u00e4rgsele teenindusele. Me tervitame kliente kodus ja v\u00e4lismaal, et v\u00f5tta meiega \u00fchendust, et pidada l\u00e4bir\u00e4\u00e4kimisi \u00e4ri, vahetada teavet ja <a href=\"https:\/\/www.hydraulic-cylinders.net\/et\/contact-us\/\">teha meiega koost\u00f6\u00f6d<\/a>!<\/p>\n<h2><\/h2>","protected":false},"excerpt":{"rendered":"<p>Standard With Adjustable Cap Type Light Rod Hydraulic Cylinder The standard with adjustable cap type light rod hydraulic cylinder is a cutting-edge hydraulic cylinder designed to meet the demands of various industrial applications. With its adjustable cap and light pull rod construction, this cylinder offers superior performance, durability, and ease of use. Whether used in [&hellip;]<\/p>","protected":false},"featured_media":876,"comment_status":"open","ping_status":"closed","template":"","meta":{"_et_pb_use_builder":"","_et_pb_old_content":"","_et_gb_content_width":""},"product_brand":[],"product_cat":[1550,1525,1509,1376,1387],"product_tag":[1380],"class_list":{"0":"post-852","1":"product","2":"type-product","3":"status-publish","4":"has-post-thumbnail","6":"product_cat-double-acting-hydraulic-cylinder","7":"product_cat-machine-tool-hydraulic-cylinders","8":"product_cat-tie-rod-hydraulic-cylinder","9":"product_cat-hydraulic-cylinder","10":"product_cat-light-rod-hydraulic-cylinder","11":"product_tag-hydraulic-cylinder","13":"first","14":"instock","15":"shipping-taxable","16":"product-type-simple"},"amp_enabled":true,"_links":{"self":[{"href":"https:\/\/www.hydraulic-cylinders.net\/et\/wp-json\/wp\/v2\/product\/852","targetHints":{"allow":["GET"]}}],"collection":[{"href":"https:\/\/www.hydraulic-cylinders.net\/et\/wp-json\/wp\/v2\/product"}],"about":[{"href":"https:\/\/www.hydraulic-cylinders.net\/et\/wp-json\/wp\/v2\/types\/product"}],"replies":[{"embeddable":true,"href":"https:\/\/www.hydraulic-cylinders.net\/et\/wp-json\/wp\/v2\/comments?post=852"}],"wp:featuredmedia":[{"embeddable":true,"href":"https:\/\/www.hydraulic-cylinders.net\/et\/wp-json\/wp\/v2\/media\/876"}],"wp:attachment":[{"href":"https:\/\/www.hydraulic-cylinders.net\/et\/wp-json\/wp\/v2\/media?parent=852"}],"wp:term":[{"taxonomy":"product_brand","embeddable":true,"href":"https:\/\/www.hydraulic-cylinders.net\/et\/wp-json\/wp\/v2\/product_brand?post=852"},{"taxonomy":"product_cat","embeddable":true,"href":"https:\/\/www.hydraulic-cylinders.net\/et\/wp-json\/wp\/v2\/product_cat?post=852"},{"taxonomy":"product_tag","embeddable":true,"href":"https:\/\/www.hydraulic-cylinders.net\/et\/wp-json\/wp\/v2\/product_tag?post=852"}],"curies":[{"name":"wp","href":"https:\/\/api.w.org\/{rel}","templated":true}]}}