{"id":900,"date":"2023-09-01T08:19:20","date_gmt":"2023-09-01T08:19:20","guid":{"rendered":"https:\/\/hydraulic-cylinders.net\/?post_type=product&#038;p=900"},"modified":"2023-09-19T01:27:26","modified_gmt":"2023-09-19T01:27:26","slug":"fb-rear-flange-type-heavy-rod-hydraulic-cylinder","status":"publish","type":"product","link":"https:\/\/www.hydraulic-cylinders.net\/et\/toode\/fb-rear-flange-type-heavy-rod-hydraulic-cylinder\/","title":{"rendered":"FB tagumine \u00e4\u00e4rikut\u00fc\u00fcpi raske varda h\u00fcdrosilinder"},"content":{"rendered":"<h1 style=\"text-align: center;\"><strong>FB tagumine \u00e4\u00e4rikut\u00fc\u00fcpi raske varda h\u00fcdrosilinder<\/strong><\/h1>\n<p>FB tagumise \u00e4\u00e4rikuga raskevarda h\u00fcdrosilinder on suure j\u00f5udlusega h\u00fcdrauliline element, mis on loodud pakkuma suurep\u00e4rast v\u00f5imsust, vastupidavust ja mitmek\u00fclgsust laias valikus t\u00f6\u00f6stuslikes rakendustes. Oma tugeva konstruktsiooni, t\u00e4pse insenerit\u00f6\u00f6 ja t\u00e4iustatud funktsioonidega saab see raskevarda h\u00fcdrosilinder silma paista n\u00f5udlikes \u00fclesannetes, mis n\u00f5uavad usaldusv\u00e4\u00e4rset j\u00f5uv\u00e4ljundit ja t\u00e4pset juhtimist. Alates rasketest masinatest kuni materjalik\u00e4itlusseadmeteni on FB tagumise \u00e4\u00e4rikuga raskevarda h\u00fcdrosilindrid loodud optimaalse j\u00f5udluse ja efektiivsuse tagamiseks erinevates t\u00f6\u00f6stuskeskkondades.<\/p>\n<p>Raske varda h\u00fcdraulilise silindri p\u00f5hiomadused:<\/p>\n<p><strong>Tugev konstruktsioon<\/strong>FB tagumise \u00e4\u00e4riku t\u00fc\u00fcpi raskevarda h\u00fcdrosilindril on vastupidav konstruktsioon ja see on valmistatud kvaliteetsetest materjalidest, nagu teras v\u00f5i sulamid, et taluda suuri koormusi, \u00e4\u00e4rmuslikku r\u00f5hku ja karme t\u00f6\u00f6tingimusi. Selle vastupidav konstruktsioon tagab pikaajalise vastupidavuse ning vastupidavuse kulumisele, korrosioonile ja kahjustustele.<\/p>\n<p><strong>Suur j\u00f5uv\u00e4ljund<\/strong>See raske vardaga h\u00fcdrosilinder on loodud pakkuma suurep\u00e4rast j\u00f5udu, mist\u00f5ttu sobib see ideaalselt rakendusteks, mis h\u00f5lmavad raskete esemete t\u00f5stmist, l\u00fckkamist v\u00f5i t\u00f5mbamist. Selle suur kolvi l\u00e4bim\u00f5\u00f5t ja k\u00f5rge r\u00f5huv\u00f5ime tagavad vajaliku tugevuse n\u00f5udlike \u00fclesannete h\u00f5lpsaks t\u00e4itmiseks.<\/p>\n<p><strong>Mitmek\u00fclgne disain<\/strong>FB tagumise \u00e4\u00e4rikuga t\u00fc\u00fcpi raskevarda h\u00fcdrosilinder pakub oma disainis mitmek\u00fclgsust, muutes selle h\u00f5lpsaks integreerimiseks mitmesugustesse h\u00fcdraulikas\u00fcsteemidesse. Tagumise \u00e4\u00e4rikuga disain v\u00f5imaldab paindlikke paigaldusv\u00f5imalusi, tagades \u00fchilduvuse erinevate seadmete ja masinatega.<\/p>\n<p><img loading=\"lazy\" decoding=\"async\" class=\"size-medium wp-image-902 aligncenter\" src=\"https:\/\/hydraulic-cylinders.net\/wp-content\/uploads\/2023\/09\/fb-rear-flange-type-heavy-rod-hydraulic-cylinder-3-300x300.webp\" alt=\"\" width=\"300\" height=\"300\" srcset=\"https:\/\/www.hydraulic-cylinders.net\/wp-content\/uploads\/2023\/09\/fb-rear-flange-type-heavy-rod-hydraulic-cylinder-3-300x300.webp 300w, https:\/\/www.hydraulic-cylinders.net\/wp-content\/uploads\/2023\/09\/fb-rear-flange-type-heavy-rod-hydraulic-cylinder-3-100x100.webp 100w, https:\/\/www.hydraulic-cylinders.net\/wp-content\/uploads\/2023\/09\/fb-rear-flange-type-heavy-rod-hydraulic-cylinder-3-150x150.webp 150w, https:\/\/www.hydraulic-cylinders.net\/wp-content\/uploads\/2023\/09\/fb-rear-flange-type-heavy-rod-hydraulic-cylinder-3-12x12.webp 12w, https:\/\/www.hydraulic-cylinders.net\/wp-content\/uploads\/2023\/09\/fb-rear-flange-type-heavy-rod-hydraulic-cylinder-3.webp 353w\" sizes=\"(max-width: 300px) 100vw, 300px\" \/><\/p>\n<h2><strong>FB tagumise \u00e4\u00e4riku t\u00fc\u00fcpi raske varda h\u00fcdraulilise silindri parameeter:<\/strong><\/h2>\n<p><img loading=\"lazy\" decoding=\"async\" class=\"alignnone wp-image-959 size-full\" src=\"https:\/\/hydraulic-cylinders.net\/wp-content\/uploads\/2023\/09\/fb-rear-flange-type-heavy-rod-hydraulic-cylinder-2.webp\" alt=\"\" width=\"790\" height=\"502\" srcset=\"https:\/\/hydraulic-cylinders.net\/wp-content\/uploads\/2023\/09\/fb-rear-flange-type-heavy-rod-hydraulic-cylinder-2.webp 790w, https:\/\/hydraulic-cylinders.net\/wp-content\/uploads\/2023\/09\/fb-rear-flange-type-heavy-rod-hydraulic-cylinder-2-480x305.webp 480w\" sizes=\"(min-width: 0px) and (max-width: 480px) 480px, (min-width: 481px) 790px, 100vw\" \/><\/p>\n<h2><strong>FB tagumine \u00e4\u00e4rikut\u00fc\u00fcpi raske varda h\u00fcdrosilinder <\/strong><strong>Kasutamise meetod<\/strong><strong>:<\/strong><\/h2>\n<p><strong>Paigaldus<\/strong>Esmalt paigaldage FA esi\u00e4\u00e4rikuga raskevarda h\u00fcdrosilinder kindlalt oma kohale, kasutades sobivaid kinnitusklambreid v\u00f5i kinnitusvahendeid. Paigaldamise ajal veenduge \u00f5iges joonduses ja stabiilsuses, et v\u00e4ltida silindrite joondamata j\u00e4tmist v\u00f5i pinget.<\/p>\n<p><strong>H\u00fcdraulikas\u00fcsteemi integreerimine<\/strong>H\u00fcdraulikavoolikute \u00fchendamisel silindri portidega j\u00e4rgige tootja juhiseid ja suuniseid. Silinder integreeritakse h\u00fcdros\u00fcsteemi, \u00fchendades selle sobiva pumba v\u00f5i j\u00f5uallikaga. Veenduge, et silindri spetsifikatsioonid ja t\u00f6\u00f6n\u00f5uded oleksid t\u00e4idetud.<\/p>\n<p><strong>Juhtimine ja toimimine<\/strong>H\u00fcdraulikas\u00fcsteemi juhtventiili kasutatakse h\u00fcdraulika\u00f5li voolu reguleerimiseks silindrisse ja silindrist v\u00e4lja. Reguleerige juhtseadiseid vastavalt soovitud lineaarsele liikumisele ja j\u00f5uv\u00e4ljundile. Testige silindri liikumist, et kontrollida selle toimimist ja reageerimisv\u00f5imet.<\/p>\n<h2><strong>FB tagumine \u00e4\u00e4rikut\u00fc\u00fcpi raske varda h\u00fcdrosilinder <\/strong><strong>Hooldus<\/strong><strong>:<\/strong><\/h2>\n<p>FB tagumise \u00e4\u00e4rikuga raskevarda h\u00fcdrosilindri optimaalse j\u00f5udluse ja pikaealisuse tagamiseks on regulaarne hooldus \u00fclioluline. Siin on m\u00f5ned hooldusnipid, mida j\u00e4rgida:<\/p>\n<p><strong>Regulaarne kontroll<\/strong>Tehke rutiinseid kontrolle, et tuvastada kulumise, kahjustuste v\u00f5i lekete m\u00e4rke. Kontrollige silindriplokke, kolvivardaid, tihendeid ja muid komponente k\u00f5rvalekallete suhtes. Lahendage k\u00f5ik probleemid viivitamatult, et v\u00e4ltida edasisi vigastusi v\u00f5i ebaefektiivsust t\u00f6\u00f6s.<\/p>\n<p><strong>M\u00e4\u00e4rimine<\/strong>Kandke silindri liikuvatele osadele, sh sidevarrastele ja tihenditele, soovitatud m\u00e4\u00e4rdeainet. Regulaarne m\u00e4\u00e4rimine v\u00e4hendab h\u00f5\u00f5rdumist, v\u00e4hendab kulumist ja tagab sujuva t\u00f6\u00f6. Kasutage sobivat m\u00e4\u00e4rdeaine t\u00fc\u00fcpi vastavalt tootja m\u00e4\u00e4rimisintervalli juhistele.<\/p>\n<p><strong>Tihendi vahetamine<\/strong>Kui leitakse, et tihendid on kulunud v\u00f5i lekivad, vahetage tihendid tootja poolt heakskiidetud originaalvaruosadega v\u00e4lja. Kahjustatud v\u00f5i kulunud tihendid v\u00f5ivad halvendada silindri j\u00f5udlust ja p\u00f5hjustada h\u00fcdraulika\u00f5li leket.<\/p>\n<p><strong>Puhastamine<\/strong>Eemaldage mustus, praht ja muud saasteained ning hoidke silindrid puhtad. Enne kokkupanekut kasutage mitteabrasiivset puhastusvahendit ja veenduge, et k\u00f5ik osad on t\u00e4iesti kuivad. Regulaarne puhastamine tagab optimaalse j\u00f5udluse ja hoiab \u00e4ra enneaegse kulumise v\u00f5i kahjustused.<\/p>\n<h2><strong>Kuidas vahetada h\u00fcdrosilindri tihendeid?<\/strong><\/h2>\n<p>H\u00fcdrosilindri tihendite vahetamine n\u00f5uab hoolikat t\u00e4helepanu ja \u00f5iget protseduuri, et tagada edukas vahetus. Siin on samm-sammult juhend h\u00fcdrosilindri tihendite vahetamiseks:<\/p>\n<ol>\n<li><strong>Ohutusabin\u00f5ud:<\/strong> Enne hooldust\u00f6\u00f6de alustamist rakendage asjakohaseid ohutusabin\u00f5usid. Veenduge, et h\u00fcdros\u00fcsteem on r\u00f5huvaba ning seadmed on piisavalt toestatud ja kinnitatud. Kandke kaitsekindaid ja -prille, et kaitsta end v\u00f5imalike ohtude eest.<\/li>\n<li><strong>Silindri eemaldamine:<\/strong> S\u00f5ltuvalt konkreetsest h\u00fcdros\u00fcsteemist ja silindri konstruktsioonist v\u00f5ib olla vajalik h\u00fcdrosilinder selle kinnituskohast eemaldada. Silindri eemaldamise \u00f5ige protseduuri kohta j\u00e4rgige tootja juhiseid v\u00f5i vaadake seadme kasutusjuhendit.<\/li>\n<li><strong>Silindri lahtiv\u00f5tmine:<\/strong> Kui h\u00fcdrosilinder on eemaldatud, tuleb see tihendite juurde p\u00e4\u00e4semiseks ettevaatlikult lahti v\u00f5tta. Tavaliselt koosnevad h\u00fcdrosilindrid silindri korpusest, kolvist, kolvivardast ja erinevatest tihenditest. J\u00e4rgige neid samme:a. Silindripea eemaldamine: Keerake silindripea korpusest lahti v\u00f5i poltidega lahti, paljastades kolvi ja kolvivarda.b. Kolvi eemaldamine: Libistage kolb ettevaatlikult silindri korpusest v\u00e4lja. Olge ettevaatlik, et v\u00e4ltida kolvi v\u00f5i silindri seinte kahjustamist.c. Vanade tihendite eemaldamine: Tuvastage vahetatavad tihendid, n\u00e4iteks kolvitihendid, vardatihendid v\u00f5i klaasipuhasti tihendid. Vanade tihendite soontest eemaldamiseks kasutage sobivaid t\u00f6\u00f6riistu, n\u00e4iteks tihendite eemaldamise otsikuid v\u00f5i konksusid. Uute tihendite \u00f5igeks paigaldamiseks p\u00f6\u00f6rake t\u00e4helepanu tihendi suunale.<\/li>\n<li><strong>Tihendi ettevalmistamine:<\/strong> Enne uute tihendite paigaldamist kontrollige neid defektide v\u00f5i kahjustuste suhtes. Veenduge, et teil on \u00f5iged asendustihendid, mis vastavad originaaltihendite spetsifikatsioonidele. Kandke uutele tihenditele \u00f5huke kiht h\u00fcdraulika\u00f5li v\u00f5i tihendi m\u00e4\u00e4rdeainet, et h\u00f5lbustada n\u00f5uetekohast paigaldamist ja v\u00e4hendada h\u00f5\u00f5rdumist.<\/li>\n<li><strong>Tihendi paigaldamine:<\/strong>a. Kolvitihendid: Alustage uute kolvitihendite paigaldamisest. Asetage tihendid ettevaatlikult soontesse, veendudes, et need on tasased ja pole keerdunud. Kasutage tihendite paigaldust\u00f6\u00f6riista v\u00f5i pehme otsaga haamrit, et tihendeid \u00f5rnalt paika suruda. Veenduge, et tihendid on \u00fchtlaselt istunud ja \u00f5igesti joondatud.b. Varda tihendid ja klaasipuhasti tihendid: J\u00e4tkake varda ja klaasipuhasti tihendite paigaldamisega. Asetage tihendid uuesti \u00f5igesti soontesse, veendudes, et need pole keerdunud. Tihendite kinnitamiseks rakendage tihendi paigaldust\u00f6\u00f6riista v\u00f5i haamriga \u00f5rna survet.<\/li>\n<li><strong>Kokkupanek:<\/strong> Kui k\u00f5ik uued tihendid on paigaldatud, pange h\u00fcdraulikasilinder uuesti kokku. J\u00e4rgige neid samme:a. Paigaldage kolb tagasi: libistage kolb ettevaatlikult tagasi silindri korpusesse, veendudes, et see liigub vabalt ja takistusteta. Vajadusel joondage k\u00f5ik kinnitusmehhanismid, n\u00e4iteks lukustusr\u00f5ngad v\u00f5i vedrur\u00f5ngad.b. Paigaldage silindripea tagasi: asetage silindripea tagasi silindri korpusele ja kinnitage see kruvide v\u00f5i poltidega. Veenduge, et kinnitus oleks tootja spetsifikatsioonide kohaselt \u00f5ige.<\/li>\n<li><strong>Silindri paigaldamine:<\/strong> Kui eemaldasite h\u00fcdrosilindri kinnituskohast, paigaldage see uuesti vastavalt protseduurile. Veenduge, et h\u00fcdros\u00fcsteemiga, sh voolikute ja liitmikega, oleks \u00f5ige joondus ja \u00fchendus.<\/li>\n<li><strong>Testimine ja kontroll:<\/strong> P\u00e4rast h\u00fcdrosilindri tagasipaigaldamist kontrollige selle toimimist. Survestage s\u00fcsteem j\u00e4rk-j\u00e4rgult ja kontrollige lekete, ebanormaalsete helide v\u00f5i eba\u00f5ige t\u00f6\u00f6 suhtes. Tehke p\u00f5hjalik kontroll, et veenduda tihendite etten\u00e4htud toimimises.<\/li>\n<\/ol>\n<h2><strong>Tehase v\u00f5imekus ja suutlikkus:<\/strong><\/h2>\n<h3>(1) Kokkupanek<\/h3>\n<p>Meil on esmaklassiline s\u00f5ltumatu teadus- ja arendustegevuse montaa\u017eiplatvorm. H\u00fcdrosilindrite tootmist\u00f6\u00f6kojas on neli poolautomaatset t\u00f5stesilindrite koosteliini ja \u00fcks automaatne kallutussilindrite koosteliin, mille kavandatud aastane tootmisv\u00f5imsus on 1 miljon t\u00fckki. Spetsiaalsete silindrite t\u00f6\u00f6koda on varustatud erinevate spetsifikatsioonidega poolautomaatse puhastusmontaa\u017eis\u00fcsteemiga, mille kavandatud aastane tootmisv\u00f5imsus on 200 000 ja mis on varustatud kuulsate CNC-t\u00f6\u00f6tlemisseadmete, mehaanilise t\u00f6\u00f6tlemise keskuse, suure t\u00e4psusega silindrite t\u00f6\u00f6tlemise eriseadmete, robotkeevitusmasina, automaatse puhastusmasina, automaatse silindri kokkupanemise masina ja automaatse v\u00e4rvimise tootmisliiniga. Olemasolevad kriitilised seadmed rohkem kui 300 komplekti (komplekti). Seadmete ressursside optimaalne jaotamine ja t\u00f5hus kasutamine tagavad toodete t\u00e4psusn\u00f5uded ja vastavad toodete kvaliteedin\u00f5uetele.<\/p>\n<p><img loading=\"lazy\" decoding=\"async\" class=\"alignnone wp-image-626\" src=\"https:\/\/hydraulic-cylinders.net\/wp-content\/uploads\/2023\/08\/hydraulic-cylinder-product-1-300x158.webp\" alt=\"\" width=\"495\" height=\"260\" srcset=\"https:\/\/hydraulic-cylinders.net\/wp-content\/uploads\/2023\/08\/hydraulic-cylinder-product-1-300x158.webp 495w, https:\/\/hydraulic-cylinders.net\/wp-content\/uploads\/2023\/08\/hydraulic-cylinder-product-1-480x252.webp 480w\" sizes=\"(min-width: 0px) and (max-width: 480px) 480px, (min-width: 481px) 495px, 100vw\" \/> <img loading=\"lazy\" decoding=\"async\" class=\"alignnone wp-image-627\" src=\"https:\/\/hydraulic-cylinders.net\/wp-content\/uploads\/2023\/08\/hydraulic-cylinder-product-2-300x189.webp\" alt=\"\" width=\"413\" height=\"260\" \/><\/p>\n<h3>(2) T\u00f6\u00f6tlemine<\/h3>\n<p>T\u00f6\u00f6deldav t\u00f6\u00f6koda on varustatud kohandatud kallutatud r\u00f6\u00f6pse treipingi keskuse, mehaanilise keskuse, kiire lihvimismasina, keevitusroboti ja muude seotud seadmetega, mis suudavad t\u00f6\u00f6delda silindritorusid, mille maksimaalne sisel\u00e4bim\u00f5\u00f5t on 400 mm ja maksimaalne pikkus on 6 meetrit.<\/p>\n<p><img loading=\"lazy\" decoding=\"async\" class=\"alignnone wp-image-628 size-large\" src=\"https:\/\/hydraulic-cylinders.net\/wp-content\/uploads\/2023\/08\/hydraulic-cylinder-product-3-1024x391.webp\" alt=\"\" width=\"1024\" height=\"391\" srcset=\"https:\/\/hydraulic-cylinders.net\/wp-content\/uploads\/2023\/08\/hydraulic-cylinder-product-3-980x374.webp 980w, https:\/\/hydraulic-cylinders.net\/wp-content\/uploads\/2023\/08\/hydraulic-cylinder-product-3-480x183.webp 480w\" sizes=\"(min-width: 0px) and (max-width: 480px) 480px, (min-width: 481px) and (max-width: 980px) 980px, (min-width: 981px) 1024px, 100vw\" \/><\/p>\n<h3>(3) Keevitamine<\/h3>\n<p><img loading=\"lazy\" decoding=\"async\" class=\"alignnone wp-image-629 size-large\" src=\"https:\/\/hydraulic-cylinders.net\/wp-content\/uploads\/2023\/08\/hydraulic-cylinder-product-4-1024x510.webp\" alt=\"\" width=\"1024\" height=\"510\" srcset=\"https:\/\/hydraulic-cylinders.net\/wp-content\/uploads\/2023\/08\/hydraulic-cylinder-product-4-980x488.webp 980w, https:\/\/hydraulic-cylinders.net\/wp-content\/uploads\/2023\/08\/hydraulic-cylinder-product-4-480x239.webp 480w\" sizes=\"(min-width: 0px) and (max-width: 480px) 480px, (min-width: 481px) and (max-width: 980px) 980px, (min-width: 981px) 1024px, 100vw\" \/><\/p>\n<h3>(4) V\u00e4rvimine ja katmine<\/h3>\n<p>V\u00e4ikese ja keskmise suurusega silindri automaatse veep\u00f5hise v\u00e4rvipinnakattega liinide abil, et saavutada automaatne robotlaadimine ja mahalaadimine ning automaatne pihustamine, projekteerimisv\u00f5imsus 4000 t\u00fckki vahetuse kohta;<br \/>\nMeil on ka poolautomaatne suurte balloonide v\u00e4rvimise tootmisliin, mis t\u00f6\u00f6tab j\u00f5ukettaga ja mille projekteerimisv\u00f5imsus on 60 kasti \u00fche vahetuse kohta.<\/p>\n<p><img loading=\"lazy\" decoding=\"async\" class=\"alignnone wp-image-630\" src=\"https:\/\/hydraulic-cylinders.net\/wp-content\/uploads\/2023\/08\/hydraulic-cylinder-product-5-300x213.webp\" alt=\"\" width=\"366\" height=\"260\" \/> <img loading=\"lazy\" decoding=\"async\" class=\"alignnone wp-image-631\" src=\"https:\/\/hydraulic-cylinders.net\/wp-content\/uploads\/2023\/08\/hydraulic-cylinder-product-6-300x225.webp\" alt=\"\" width=\"347\" height=\"260\" \/><\/p>\n<h3>(5) Testimine<\/h3>\n<p>Meil on esmaklassilised kontrolliseadmed ja katsestendid, et tagada silindri j\u00f5udlus vastavus n\u00f5uetele.<\/p>\n<p><img loading=\"lazy\" decoding=\"async\" class=\"alignnone wp-image-632\" src=\"https:\/\/hydraulic-cylinders.net\/wp-content\/uploads\/2023\/08\/hydraulic-cylinder-product-8-300x200.webp\" alt=\"\" width=\"389\" height=\"260\" \/><\/p>\n<p>&nbsp;<\/p>\n<p>&nbsp;<\/p>\n<p>Oleme \u00fcks parimaid raskevarrastega h\u00fcdrauliliste silindrite tootjaid. Pakume laia valikut raskevarrastega h\u00fcdraulilisi silindreid. Pakume ka vastavaid... <a href=\"https:\/\/hzpt.com\/agricultural-pto-gearbox\/\" target=\"_blank\" rel=\"noopener\">p\u00f5llumajanduslikud k\u00e4igukastid<\/a>. Oleme eksportinud oma tooteid klientidele \u00fcle kogu maailma ja teeninud hea maine t\u00e4nu meie suurep\u00e4rasele tootekvaliteedile ja m\u00fc\u00fcgij\u00e4rgsele teenindusele. Me tervitame soojalt kliente nii kodus kui ka v\u00e4lismaal, et v\u00f5tta meiega \u00fchendust, et pidada l\u00e4bir\u00e4\u00e4kimisi \u00e4ri, vahetada teavet ja\u00a0<a href=\"https:\/\/www.hydraulic-cylinders.net\/et\/contact-us\/\">teha meiega koost\u00f6\u00f6d<\/a>!<\/p>\n<p>&nbsp;<\/p>\n<h2><\/h2>","protected":false},"excerpt":{"rendered":"<p>FB Rear Flange Type Heavy Rod Hydraulic Cylinder The FB rear flange type heavy rod hydraulic cylinder is a high performance hydraulic element designed to provide superior power, durability and versatility in a wide range of industrial applications. With its robust construction, precise engineering and advanced features, this heavy rod hydraulic cylinder can stand out [&hellip;]<\/p>","protected":false},"featured_media":903,"comment_status":"open","ping_status":"closed","template":"","meta":{"_et_pb_use_builder":"","_et_pb_old_content":"","_et_gb_content_width":""},"product_brand":[],"product_cat":[1376,1385],"product_tag":[1380],"class_list":{"0":"post-900","1":"product","2":"type-product","3":"status-publish","4":"has-post-thumbnail","6":"product_cat-hydraulic-cylinder","7":"product_cat-heavy-rod-hydraulic-cylinder","8":"product_tag-hydraulic-cylinder","10":"first","11":"instock","12":"shipping-taxable","13":"product-type-simple"},"amp_enabled":true,"_links":{"self":[{"href":"https:\/\/www.hydraulic-cylinders.net\/et\/wp-json\/wp\/v2\/product\/900","targetHints":{"allow":["GET"]}}],"collection":[{"href":"https:\/\/www.hydraulic-cylinders.net\/et\/wp-json\/wp\/v2\/product"}],"about":[{"href":"https:\/\/www.hydraulic-cylinders.net\/et\/wp-json\/wp\/v2\/types\/product"}],"replies":[{"embeddable":true,"href":"https:\/\/www.hydraulic-cylinders.net\/et\/wp-json\/wp\/v2\/comments?post=900"}],"wp:featuredmedia":[{"embeddable":true,"href":"https:\/\/www.hydraulic-cylinders.net\/et\/wp-json\/wp\/v2\/media\/903"}],"wp:attachment":[{"href":"https:\/\/www.hydraulic-cylinders.net\/et\/wp-json\/wp\/v2\/media?parent=900"}],"wp:term":[{"taxonomy":"product_brand","embeddable":true,"href":"https:\/\/www.hydraulic-cylinders.net\/et\/wp-json\/wp\/v2\/product_brand?post=900"},{"taxonomy":"product_cat","embeddable":true,"href":"https:\/\/www.hydraulic-cylinders.net\/et\/wp-json\/wp\/v2\/product_cat?post=900"},{"taxonomy":"product_tag","embeddable":true,"href":"https:\/\/www.hydraulic-cylinders.net\/et\/wp-json\/wp\/v2\/product_tag?post=900"}],"curies":[{"name":"wp","href":"https:\/\/api.w.org\/{rel}","templated":true}]}}