{"id":912,"date":"2023-09-04T01:48:53","date_gmt":"2023-09-04T01:48:53","guid":{"rendered":"https:\/\/hydraulic-cylinders.net\/?post_type=product&#038;p=912"},"modified":"2023-09-04T05:47:40","modified_gmt":"2023-09-04T05:47:40","slug":"lb-front-and-back-foot-type-heavy-rod-hydraulic-cylinder","status":"publish","type":"product","link":"https:\/\/www.hydraulic-cylinders.net\/et\/toode\/lb-front-and-back-foot-type-heavy-rod-hydraulic-cylinder\/","title":{"rendered":"LB ees ja taga jalgade t\u00fc\u00fcpi raske varda h\u00fcdrosilinder"},"content":{"rendered":"<h1 style=\"text-align: center;\"><strong>LB ees ja taga jalgade t\u00fc\u00fcpi raske varda h\u00fcdrosilinder<\/strong><\/h1>\n<p>LB esi- ja tagajalaga raskevardalised h\u00fcdrosilindrid on tipptasemel h\u00fcdraulilised elemendid, mis on loodud vastama erinevate t\u00f6\u00f6stuslike rakenduste vajadustele. Oma vastupidava konstruktsiooni, suurep\u00e4rase j\u00f5uv\u00e4ljundi ja ainulaadse esi- ja tagajala disainiga pakub see h\u00fcdrosilinder erakordset v\u00f5imsust, t\u00e4psust ja mitmek\u00fclgsust. Olenemata sellest, kas tegemist on raske t\u00f5stmise, l\u00fckkamise v\u00f5i t\u00f5mbamisega, pakuvad LB esi- ja tagajala raskevardalised h\u00fcdrosilindrid usaldusv\u00e4\u00e4rset j\u00f5udlust t\u00f6\u00f6stusliku tegevuse optimeerimiseks.<\/p>\n<p>Raske varda h\u00fcdraulilise silindri olulised omadused:<\/p>\n<p><strong>Vastupidav konstruktsioon:<\/strong>\u00a0 See raske vardaga h\u00fcdrosilinder on valmistatud kvaliteetsetest materjalidest, n\u00e4iteks t\u00e4isterasest v\u00f5i sulamitest, et tagada vastupidavus ja pikaealisus. Selle vastupidav konstruktsioon v\u00f5imaldab sellel taluda suuri koormusi, k\u00f5rget r\u00f5hku ja keerulisi keskkonnatingimusi, muutes selle sobivaks n\u00f5udlikeks t\u00f6\u00f6stus\u00fclesanneteks.<\/p>\n<p><strong>Suur j\u00f5uv\u00e4ljund:<\/strong>\u00a0 LB esi- ja tagajalaga raskevardalised h\u00fcdrosilindrid pakuvad muljetavaldavat j\u00f5udu, mis teeb neist ideaalsed seadmed rakenduste jaoks, mis n\u00f5uavad palju v\u00f5imsust. Suur kolvi l\u00e4bim\u00f5\u00f5t ja k\u00f5rgsurvev\u00f5ime tagavad erakordse tugevuse raskete \u00fclesannete h\u00f5lpsaks t\u00e4itmiseks.<\/p>\n<p><strong>Esi- ja tagajala disain:<\/strong>\u00a0 Sellel h\u00fcdrosilindril on ainulaadne esi- ja tagajala disain mitmesuguste kinnitusv\u00f5imaluste jaoks. Eesmise ja tagumise jala paigutus tagab stabiilsuse ja suurendab silindri kandev\u00f5imet. Seda konstruktsiooni on lihtne paigaldada ja integreerida erinevatesse h\u00fcdros\u00fcsteemidesse ja seadmete konfiguratsioonidesse, pakkudes paindlikkust ja kohanemisv\u00f5imet.<\/p>\n<p><strong>T\u00e4pne kontroll:<\/strong>\u00a0 LB esi- ja tagajalaga raskevardalised h\u00fcdrosilindrid kasutavad t\u00e4ppist\u00f6\u00f6deldud komponente ja kvaliteetseid tihendeid, et tagada t\u00e4pne ja usaldusv\u00e4\u00e4rne t\u00f6\u00f6. Need suudavad t\u00e4pselt juhtida koormate liikumist ja positsioneerimist t\u00f5husaks ja sobivaks t\u00f6\u00f6tlemiseks.<\/p>\n<p><img loading=\"lazy\" decoding=\"async\" class=\"aligncenter wp-image-915 size-full\" src=\"https:\/\/hydraulic-cylinders.net\/wp-content\/uploads\/2023\/09\/lb-front-and-back-foot-type-heavy-rod-hydraulic-cylinder-2.webp\" alt=\"\" width=\"269\" height=\"269\" srcset=\"https:\/\/www.hydraulic-cylinders.net\/wp-content\/uploads\/2023\/09\/lb-front-and-back-foot-type-heavy-rod-hydraulic-cylinder-2.webp 269w, https:\/\/www.hydraulic-cylinders.net\/wp-content\/uploads\/2023\/09\/lb-front-and-back-foot-type-heavy-rod-hydraulic-cylinder-2-100x100.webp 100w, https:\/\/www.hydraulic-cylinders.net\/wp-content\/uploads\/2023\/09\/lb-front-and-back-foot-type-heavy-rod-hydraulic-cylinder-2-150x150.webp 150w, https:\/\/www.hydraulic-cylinders.net\/wp-content\/uploads\/2023\/09\/lb-front-and-back-foot-type-heavy-rod-hydraulic-cylinder-2-12x12.webp 12w\" sizes=\"(max-width: 269px) 100vw, 269px\" \/><\/p>\n<h2><strong>LB esi- ja tagajala t\u00fc\u00fcpi raske varda h\u00fcdraulilise silindri parameeter:<\/strong><\/h2>\n<p><img loading=\"lazy\" decoding=\"async\" class=\"alignnone wp-image-914 size-full\" src=\"https:\/\/hydraulic-cylinders.net\/wp-content\/uploads\/2023\/09\/lb-front-and-back-foot-type-heavy-rod-hydraulic-cylinder-1.webp\" alt=\"\" width=\"790\" height=\"711\" srcset=\"https:\/\/hydraulic-cylinders.net\/wp-content\/uploads\/2023\/09\/lb-front-and-back-foot-type-heavy-rod-hydraulic-cylinder-1.webp 790w, https:\/\/hydraulic-cylinders.net\/wp-content\/uploads\/2023\/09\/lb-front-and-back-foot-type-heavy-rod-hydraulic-cylinder-1-480x432.webp 480w\" sizes=\"(min-width: 0px) and (max-width: 480px) 480px, (min-width: 481px) 790px, 100vw\" \/><\/p>\n<h2><strong>LB ees ja taga jalgade t\u00fc\u00fcpi raske varda h\u00fcdrosilinder <\/strong><strong>Kasutamise meetod<\/strong><strong>:<\/strong><\/h2>\n<p><strong>Paigaldus:<\/strong>\u00a0 Esmalt paigaldage ohutult LB esi- ja tagajala raskevarda h\u00fcdrosilindrid, kasutades sobivaid kronsteine \u200b\u200bv\u00f5i kinnitusvahendeid. Paigaldamise ajal veenduge \u00f5iges joonduses ja stabiilsuses, et v\u00e4ltida silindrite joondamata joondust v\u00f5i pinget.<\/p>\n<p><strong>H\u00fcdraulikas\u00fcsteemi integreerimine:<\/strong>\u00a0 H\u00fcdraulikavoolikute \u00fchendamisel silindri portidega j\u00e4rgige tootja juhiseid ja suuniseid. Silinder integreeritakse h\u00fcdros\u00fcsteemi, kinnitades selle sobiva pumba v\u00f5i j\u00f5uallika k\u00fclge. Veenduge, et silindri spetsifikatsioonid ja t\u00f6\u00f6n\u00f5uded oleksid t\u00e4idetud.<\/p>\n<p><strong>Juhtimine ja kasutamine:<\/strong>\u00a0 H\u00fcdraulikas\u00fcsteemi juhtventiil reguleerib h\u00fcdraulika\u00f5li voolu silindrisse ja silindrist v\u00e4lja. Reguleerige juhtseadiseid vastavalt soovitud lineaarsele liikumisele ja j\u00f5uv\u00e4ljundile. Testige silindri liikumist, et kontrollida selle toimimist ja reageerimisv\u00f5imet.<\/p>\n<h2><strong>LB ees ja taga jalgade t\u00fc\u00fcpi raske varda h\u00fcdrosilinder <\/strong><strong>Hooldus<\/strong><strong>:<\/strong><\/h2>\n<p>Regulaarne hooldus tagab LB esi- ja tagajalaga raskevardalise h\u00fcdrosilindri optimaalse j\u00f5udluse ja pikaealisuse. J\u00e4rgige neid hooldusjuhiseid:<\/p>\n<p><strong>Regulaarne kontroll:<\/strong>\u00a0 Tehke rutiinseid kontrolle kulumise, kahjustuste v\u00f5i lekete tunnuste tuvastamiseks. Kontrollige silindriplokke, kolvivardaid, tihendeid ja muid komponente k\u00f5rvalekallete suhtes. Lahendage k\u00f5ik probleemid viivitamatult, et v\u00e4ltida edasisi vigastusi v\u00f5i ebaefektiivsust t\u00f6\u00f6s.<\/p>\n<p><strong>M\u00e4\u00e4rimine:<\/strong>\u00a0 Kandke silindri liikuvatele osadele, sh sidevarrastele ja tihenditele, soovitatud m\u00e4\u00e4rdeainet. Regulaarne m\u00e4\u00e4rimine v\u00e4hendab h\u00f5\u00f5rdumist, v\u00e4hendab kulumist ja tagab sujuva t\u00f6\u00f6. Kasutage sobivat m\u00e4\u00e4rdeaine t\u00fc\u00fcpi vastavalt tootja m\u00e4\u00e4rimisintervalli juhistele.<\/p>\n<p><strong>Tihendi vahetamine:<\/strong>\u00a0 Kui leitakse, et tihendid on kulunud v\u00f5i lekivad, vahetage need tootja poolt heakskiidetud originaalvaruosadega v\u00e4lja. Kahjustatud v\u00f5i kulunud tihendid v\u00f5ivad kahjustada silindri j\u00f5udlust ja p\u00f5hjustada h\u00fcdraulika\u00f5li lekke.<\/p>\n<p><strong>Puhastamine:<\/strong>\u00a0 Puhastage silindrid mustuse, prahi ja muude saasteainete eemaldamise teel. Enne kokkupanekut kasutage mitteabrasiivset puhastusvahendit ja veenduge, et k\u00f5ik osad on kuivad. Regulaarne puhastamine tagab optimaalse j\u00f5udluse ja hoiab \u00e4ra enneaegse kulumise v\u00f5i kahjustused.<\/p>\n<h2><strong>Kuidas h\u00fcdraulilist silindrit \u00fcmber ehitada?<\/strong><\/h2>\n<p>H\u00fcdrosilindri taastamine h\u00f5lmab silindri lahtiv\u00f5tmist, kulunud v\u00f5i kahjustatud komponentide kontrollimist ja v\u00e4ljavahetamist ning silindri kokkupanekut uute tihendite ja muude vajalike osadega. Siin on \u00fcldine samm-sammult juhend h\u00fcdrosilindri taastamiseks:<\/p>\n<ol>\n<li><strong>Ohutusabin\u00f5ud:<\/strong> Enne taastamisprotsessi alustamist veenduge, et h\u00fcdros\u00fcsteem on r\u00f5huvaba ja kogu h\u00fcdraulikavedelik on v\u00e4lja lastud. Kandke enda kaitsmiseks sobivaid kaitsevahendeid, n\u00e4iteks kindaid ja kaitseprille.<\/li>\n<li><strong>Silindri eemaldamine:<\/strong> \u00dchendage h\u00fcdrosilinder lahti seadmest v\u00f5i masinast, mille k\u00fclge see on kinnitatud. See v\u00f5ib h\u00f5lmata kinnitusklambrite, liitmike v\u00f5i muude \u00fchenduste eemaldamist. J\u00e4rgige oma h\u00fcdrosilindri kohta k\u00e4ivaid juhiseid tootja juhistes v\u00f5i seadmete k\u00e4siraamatutes.<\/li>\n<li><strong>Lahtiv\u00f5tmine:<\/strong> V\u00f5tke h\u00fcdrosilinder ettevaatlikult lahti, j\u00e4rgides neid samme:a. Eemaldage otsakatted: Tavaliselt on h\u00fcdrosilindritel kaks otsakatet \u2013 \u00fcks m\u00f5lemas otsas. Keerake lahti poldid v\u00f5i kruvid, mis hoiavad otsakatteid paigal, ja eemaldage korgid ettevaatlikult.b. Kolvi v\u00e4ljat\u00f5mbamine: Kui otsakatted on eemaldatud, libistage kolvikomplekt ettevaatlikult silindri korpusest v\u00e4lja. Pange t\u00e4hele tihendite v\u00f5i laagrite suunda ja paigutust.\n<p>c. Tihendite ja muude komponentide eemaldamine: Eemaldage nii kolvi kui ka silindri korpuse k\u00fcljest k\u00f5ik tihendid, laagrid ja muud komponendid. Kontrollige iga komponenti kulumise, kahjustuste v\u00f5i lekke tunnuste suhtes.<\/li>\n<li><strong>Kontroll ja asendamine:<\/strong> Kontrollige k\u00f5iki komponente, sh kolbi, silindri korpust, tihendeid, laagreid ja muid osi. Otsige kulumise, kriimustuste, aukude v\u00f5i muude kahjustuste m\u00e4rke. Vahetage v\u00e4lja k\u00f5ik komponendid, millel on liigse kulumise v\u00f5i kahjustuste m\u00e4rke. a. Tihendid: Vahetage k\u00f5ik tihendid uute vastu, veendudes, et need on teie h\u00fcdrosilindri jaoks \u00f5ige suuruse ja t\u00fc\u00fcbiga. Enne paigaldamist m\u00e4\u00e4rige uued tihendid h\u00fcdraulilise vedelikuga. b. Muud komponendid: Kui m\u00f5nel laagril, puksil v\u00f5i muul komponendil on kulumise v\u00f5i kahjustuse m\u00e4rke, vahetage need uute vastu vastavalt tootja spetsifikatsioonidele.<\/li>\n<li><strong>Puhastamine:<\/strong> Puhastage k\u00f5ik komponendid hoolikalt, eemaldades mustuse, prahi ja vana h\u00fcdraulikavedeliku. Enne kokkupanekut kasutage sobivat puhastusvahendit, et k\u00f5ik osad oleksid t\u00e4iesti kuivad.<\/li>\n<li><strong>Kokkupanek:<\/strong> H\u00fcdrosilindri kokkupanekuks toimige j\u00e4rgmiselt. a. Paigaldage uued tihendid: paigaldage uued tihendid ettevaatlikult kolvile ja silindri silindri sisse. Veenduge, et tihendid oleksid \u00f5iges asendis ja joondatud. b. Sisestage kolb: libistage kolvikomplekt ettevaatlikult tagasi silindri silindrisse, j\u00e4lgides, et uusi tihendeid ei kahjustataks.\n<p>c. Otsakatete tagasipanemine: asetage otsakatted silindri korpusele tagasi ja kinnitage need sobivate poltide v\u00f5i kruvidega. Pingutage neid tootja soovitatud p\u00f6\u00f6rdemomendi spetsifikatsioonidega.<\/li>\n<li><strong>H\u00fcdraulika\u00f5li vahetamine:<\/strong> T\u00e4itke h\u00fcdrosilinder soovitatava h\u00fcdraulika\u00f5liga, veendudes, et see on \u00f5iget t\u00fc\u00fcpi ja \u00f5igel tasemel. \u00d5hutage s\u00fcsteemist \u00f5hk vastavalt tootja juhistele.<\/li>\n<li><strong>Testimine:<\/strong> \u00dchendage h\u00fcdrosilinder uuesti seadme v\u00f5i masinaga ja testige selle t\u00f6\u00f6d. Kontrollige lekkeid v\u00f5i ebanormaalset k\u00e4itumist. Veenduge, et silinder t\u00f6\u00f6tab sujuvalt ja ootusp\u00e4raselt.<\/li>\n<\/ol>\n<h2><strong>Tehase v\u00f5imekus ja suutlikkus:<\/strong><\/h2>\n<h3>(1) Kokkupanek<\/h3>\n<p>Meil on esmaklassiline s\u00f5ltumatu teadus- ja arendustegevuse montaa\u017eiplatvorm. H\u00fcdrosilindrite tootmist\u00f6\u00f6kojas on neli poolautomaatset t\u00f5stesilindrite koosteliini ja \u00fcks automaatne kallutussilindrite koosteliin, mille kavandatud aastane tootmisv\u00f5imsus on 1 miljon t\u00fckki. Spetsiaalsete silindrite t\u00f6\u00f6koda on varustatud erinevate spetsifikatsioonidega poolautomaatse puhastusmontaa\u017eis\u00fcsteemiga, mille kavandatud aastane tootmisv\u00f5imsus on 200 000 ja mis on varustatud kuulsate CNC-t\u00f6\u00f6tlemisseadmete, mehaanilise t\u00f6\u00f6tlemise keskuse, suure t\u00e4psusega silindrite t\u00f6\u00f6tlemise eriseadmete, robotkeevitusmasina, automaatse puhastusmasina, automaatse silindri kokkupanemise masina ja automaatse v\u00e4rvimise tootmisliiniga. Olemasolevad kriitilised seadmed rohkem kui 300 komplekti (komplekti). Seadmete ressursside optimaalne jaotamine ja t\u00f5hus kasutamine tagavad toodete t\u00e4psusn\u00f5uded ja vastavad toodete kvaliteedin\u00f5uetele.<\/p>\n<p><img loading=\"lazy\" decoding=\"async\" class=\"alignnone wp-image-626\" src=\"https:\/\/hydraulic-cylinders.net\/wp-content\/uploads\/2023\/08\/hydraulic-cylinder-product-1-300x158.webp\" alt=\"\" width=\"495\" height=\"260\" srcset=\"https:\/\/hydraulic-cylinders.net\/wp-content\/uploads\/2023\/08\/hydraulic-cylinder-product-1-300x158.webp 495w, https:\/\/hydraulic-cylinders.net\/wp-content\/uploads\/2023\/08\/hydraulic-cylinder-product-1-480x252.webp 480w\" sizes=\"(min-width: 0px) and (max-width: 480px) 480px, (min-width: 481px) 495px, 100vw\" \/> <img loading=\"lazy\" decoding=\"async\" class=\"alignnone wp-image-627\" src=\"https:\/\/hydraulic-cylinders.net\/wp-content\/uploads\/2023\/08\/hydraulic-cylinder-product-2-300x189.webp\" alt=\"\" width=\"413\" height=\"260\" \/><\/p>\n<h3>(2) T\u00f6\u00f6tlemine<\/h3>\n<p>T\u00f6\u00f6deldav t\u00f6\u00f6koda on varustatud kohandatud kallutatud r\u00f6\u00f6pse treipingi keskuse, mehaanilise keskuse, kiire lihvimismasina, keevitusroboti ja muude seotud seadmetega, mis suudavad t\u00f6\u00f6delda silindritorusid, mille maksimaalne sisel\u00e4bim\u00f5\u00f5t on 400 mm ja maksimaalne pikkus on 6 meetrit.<\/p>\n<p><img loading=\"lazy\" decoding=\"async\" class=\"alignnone wp-image-628 size-large\" src=\"https:\/\/hydraulic-cylinders.net\/wp-content\/uploads\/2023\/08\/hydraulic-cylinder-product-3-1024x391.webp\" alt=\"\" width=\"1024\" height=\"391\" srcset=\"https:\/\/hydraulic-cylinders.net\/wp-content\/uploads\/2023\/08\/hydraulic-cylinder-product-3-980x374.webp 980w, https:\/\/hydraulic-cylinders.net\/wp-content\/uploads\/2023\/08\/hydraulic-cylinder-product-3-480x183.webp 480w\" sizes=\"(min-width: 0px) and (max-width: 480px) 480px, (min-width: 481px) and (max-width: 980px) 980px, (min-width: 981px) 1024px, 100vw\" \/><\/p>\n<h3>(3) Keevitamine<\/h3>\n<p><img loading=\"lazy\" decoding=\"async\" class=\"alignnone wp-image-629 size-large\" src=\"https:\/\/hydraulic-cylinders.net\/wp-content\/uploads\/2023\/08\/hydraulic-cylinder-product-4-1024x510.webp\" alt=\"\" width=\"1024\" height=\"510\" srcset=\"https:\/\/hydraulic-cylinders.net\/wp-content\/uploads\/2023\/08\/hydraulic-cylinder-product-4-980x488.webp 980w, https:\/\/hydraulic-cylinders.net\/wp-content\/uploads\/2023\/08\/hydraulic-cylinder-product-4-480x239.webp 480w\" sizes=\"(min-width: 0px) and (max-width: 480px) 480px, (min-width: 481px) and (max-width: 980px) 980px, (min-width: 981px) 1024px, 100vw\" \/><\/p>\n<h3>(4) V\u00e4rvimine ja katmine<\/h3>\n<p>V\u00e4ikese ja keskmise suurusega silindri automaatse veep\u00f5hise v\u00e4rvipinnakattega liinide abil, et saavutada automaatne robotlaadimine ja mahalaadimine ning automaatne pihustamine, projekteerimisv\u00f5imsus 4000 t\u00fckki vahetuse kohta;<br \/>\nMeil on ka poolautomaatne suurte balloonide v\u00e4rvimise tootmisliin, mis t\u00f6\u00f6tab j\u00f5ukettaga ja mille projekteerimisv\u00f5imsus on 60 kasti \u00fche vahetuse kohta.<\/p>\n<p><img loading=\"lazy\" decoding=\"async\" class=\"alignnone wp-image-630\" src=\"https:\/\/hydraulic-cylinders.net\/wp-content\/uploads\/2023\/08\/hydraulic-cylinder-product-5-300x213.webp\" alt=\"\" width=\"366\" height=\"260\" \/> <img loading=\"lazy\" decoding=\"async\" class=\"alignnone wp-image-631\" src=\"https:\/\/hydraulic-cylinders.net\/wp-content\/uploads\/2023\/08\/hydraulic-cylinder-product-6-300x225.webp\" alt=\"\" width=\"347\" height=\"260\" \/><\/p>\n<h3>(5) Testimine<\/h3>\n<p>Meil on esmaklassilised kontrolliseadmed ja katsestendid, et tagada silindri j\u00f5udlus vastavus n\u00f5uetele.<\/p>\n<p><img loading=\"lazy\" decoding=\"async\" class=\"alignnone wp-image-632\" src=\"https:\/\/hydraulic-cylinders.net\/wp-content\/uploads\/2023\/08\/hydraulic-cylinder-product-8-300x200.webp\" alt=\"\" width=\"389\" height=\"260\" \/><\/p>\n<p>&nbsp;<\/p>\n<p>&nbsp;<\/p>\n<p>Oleme \u00fcks parimaid raskevarrastega h\u00fcdrauliliste silindrite tootjaid. Pakume laia valikut raskevarrastega h\u00fcdraulilisi silindreid. Pakume ka vastavaid... <a href=\"https:\/\/hzpt.com\/agricultural-pto-gearbox\/\" target=\"_blank\" rel=\"noopener\">p\u00f5llumajanduslikud k\u00e4igukastid<\/a>. Oleme eksportinud oma tooteid klientidele \u00fcle kogu maailma ja teeninud hea maine t\u00e4nu meie suurep\u00e4rasele tootekvaliteedile ja m\u00fc\u00fcgij\u00e4rgsele teenindusele. Me tervitame soojalt kliente nii kodus kui ka v\u00e4lismaal, et v\u00f5tta meiega \u00fchendust, et pidada l\u00e4bir\u00e4\u00e4kimisi \u00e4ri, vahetada teavet ja\u00a0<a href=\"https:\/\/www.hydraulic-cylinders.net\/et\/contact-us\/\">teha meiega koost\u00f6\u00f6d<\/a>!<\/p>\n<p>&nbsp;<\/p>\n<h2><\/h2>","protected":false},"excerpt":{"rendered":"<p>LB Front And Back Foot Type Heavy Rod Hydraulic Cylinder LB front and rear foot heavy rod hydraulic cylinders are state-of-the-art hydraulic elements designed to meet the needs of various industrial applications. With its rugged construction, superior force output, and unique front and rear foot design, this hydraulic cylinder offers exceptional power, precision, and versatility. [&hellip;]<\/p>","protected":false},"featured_media":916,"comment_status":"open","ping_status":"closed","template":"","meta":{"_et_pb_use_builder":"","_et_pb_old_content":"","_et_gb_content_width":""},"product_brand":[],"product_cat":[1376],"product_tag":[1380],"class_list":{"0":"post-912","1":"product","2":"type-product","3":"status-publish","4":"has-post-thumbnail","6":"product_cat-hydraulic-cylinder","7":"product_tag-hydraulic-cylinder","9":"first","10":"instock","11":"shipping-taxable","12":"product-type-simple"},"amp_enabled":true,"_links":{"self":[{"href":"https:\/\/www.hydraulic-cylinders.net\/et\/wp-json\/wp\/v2\/product\/912","targetHints":{"allow":["GET"]}}],"collection":[{"href":"https:\/\/www.hydraulic-cylinders.net\/et\/wp-json\/wp\/v2\/product"}],"about":[{"href":"https:\/\/www.hydraulic-cylinders.net\/et\/wp-json\/wp\/v2\/types\/product"}],"replies":[{"embeddable":true,"href":"https:\/\/www.hydraulic-cylinders.net\/et\/wp-json\/wp\/v2\/comments?post=912"}],"wp:featuredmedia":[{"embeddable":true,"href":"https:\/\/www.hydraulic-cylinders.net\/et\/wp-json\/wp\/v2\/media\/916"}],"wp:attachment":[{"href":"https:\/\/www.hydraulic-cylinders.net\/et\/wp-json\/wp\/v2\/media?parent=912"}],"wp:term":[{"taxonomy":"product_brand","embeddable":true,"href":"https:\/\/www.hydraulic-cylinders.net\/et\/wp-json\/wp\/v2\/product_brand?post=912"},{"taxonomy":"product_cat","embeddable":true,"href":"https:\/\/www.hydraulic-cylinders.net\/et\/wp-json\/wp\/v2\/product_cat?post=912"},{"taxonomy":"product_tag","embeddable":true,"href":"https:\/\/www.hydraulic-cylinders.net\/et\/wp-json\/wp\/v2\/product_tag?post=912"}],"curies":[{"name":"wp","href":"https:\/\/api.w.org\/{rel}","templated":true}]}}