{"id":922,"date":"2023-09-04T02:45:33","date_gmt":"2023-09-04T02:45:33","guid":{"rendered":"https:\/\/hydraulic-cylinders.net\/?post_type=product&#038;p=922"},"modified":"2023-09-19T01:26:12","modified_gmt":"2023-09-19T01:26:12","slug":"ca-monaural-type-heavy-rod-hydraulic-cylinder","status":"publish","type":"product","link":"https:\/\/www.hydraulic-cylinders.net\/et\/toode\/ca-monaural-type-heavy-rod-hydraulic-cylinder\/","title":{"rendered":"CA Monaural Type Heavy Rod h\u00fcdrosilinder"},"content":{"rendered":"<h1 style=\"text-align: center;\"><strong>CA Monaural Type Heavy Rod h\u00fcdrosilinder<\/strong><\/h1>\n<p>CA monoauraalse t\u00fc\u00fcpi raskevarda h\u00fcdrosilinder on suure j\u00f5udlusega h\u00fcdrauliline element, mis on loodud vastama rasketes t\u00f6\u00f6stusrakendustes esitatavatele rangetele n\u00f5uetele. Oma vastupidava konstruktsiooni, muljetavaldava j\u00f5uv\u00e4ljundi ja usaldusv\u00e4\u00e4rse t\u00f6\u00f6ga pakub see h\u00fcdrosilinder erakordset v\u00f5imsust ja vastupidavust. Olenemata sellest, kas tegemist on t\u00f5stmise, l\u00fckkamise v\u00f5i t\u00f5mbamisega, pakuvad CA monoauraalse t\u00fc\u00fcpi raskevarda h\u00fcdrosilindrid suurep\u00e4rast j\u00f5udlust t\u00f6\u00f6stusliku tegevuse optimeerimiseks.<\/p>\n<p>Raske varda h\u00fcdraulilise silindri olulised omadused:<\/p>\n<p><strong>Vastupidav konstruktsioon:<\/strong> See h\u00fcdrosilinder on valmistatud kvaliteetsetest materjalidest, mis tagab tugevuse ja pikaealisuse. Tugev konstruktsioon v\u00f5imaldab sellel vastu pidada rasketele koormustele, k\u00f5rgele r\u00f5hule ja keerulistele t\u00f6\u00f6tingimustele, muutes selle sobivaks n\u00f5udlikeks t\u00f6\u00f6stus\u00fclesanneteks.<\/p>\n<p><strong>Suur j\u00f5uv\u00e4ljund:<\/strong>\u00a0 CA monoauraalse t\u00fc\u00fcpi raske vardaga h\u00fcdrosilinder pakub suurt j\u00f5udu, mist\u00f5ttu sobib see ideaalselt rakenduste jaoks, mis n\u00f5uavad m\u00e4rkimisv\u00e4\u00e4rset v\u00f5imsust. Selle suur kolvi l\u00e4bim\u00f5\u00f5t ja k\u00f5rgsurvev\u00f5ime tagavad suurep\u00e4rase tugevuse ja saavad h\u00f5lpsalt hakkama raskete \u00fclesannetega.<\/p>\n<p><strong>Monofoniline disain:<\/strong> Sellel h\u00fcdrosilindril on monoauraalne disain, mis tagab lihtsuse ja h\u00f5lpsa paigaldamise. Monoauraalne konfiguratsioon lihtsustab paigaldusprotsessi ja v\u00e4hendab h\u00fcdros\u00fcsteemi integreerimise keerukust, pakkudes mugavust ja ajas\u00e4\u00e4stu.<\/p>\n<p><strong>T\u00e4pne kontroll:<\/strong>\u00a0 CA monoauraalse t\u00fc\u00fcpi raskevarda h\u00fcdrosilindri puhul kasutatakse t\u00e4ppist\u00f6\u00f6deldud komponente ja kvaliteetseid tihendeid, et tagada t\u00e4pne ja usaldusv\u00e4\u00e4rne t\u00f6\u00f6. See suudab t\u00e4pselt juhtida koormate liikumist ja positsioneerimist t\u00f5husaks ja sobivaks t\u00f6\u00f6tlemiseks.<\/p>\n<p><img loading=\"lazy\" decoding=\"async\" class=\"aligncenter wp-image-926 size-full\" src=\"https:\/\/hydraulic-cylinders.net\/wp-content\/uploads\/2023\/09\/binaural-type-heavy-rod-hydraulic-cylinder-2.webp\" alt=\"\" width=\"790\" height=\"200\" srcset=\"https:\/\/hydraulic-cylinders.net\/wp-content\/uploads\/2023\/09\/binaural-type-heavy-rod-hydraulic-cylinder-2.webp 790w, https:\/\/hydraulic-cylinders.net\/wp-content\/uploads\/2023\/09\/binaural-type-heavy-rod-hydraulic-cylinder-2-480x122.webp 480w\" sizes=\"(min-width: 0px) and (max-width: 480px) 480px, (min-width: 481px) 790px, 100vw\" \/><\/p>\n<h2><strong>CA Monauraalse T\u00fc\u00fcp Raske Varda H\u00fcdraulilise Silindri Parameeter:<\/strong><\/h2>\n<p><img loading=\"lazy\" decoding=\"async\" class=\"alignnone wp-image-925 size-full\" src=\"https:\/\/hydraulic-cylinders.net\/wp-content\/uploads\/2023\/09\/binaural-type-heavy-rod-hydraulic-cylinder-1.webp\" alt=\"\" width=\"790\" height=\"561\" srcset=\"https:\/\/hydraulic-cylinders.net\/wp-content\/uploads\/2023\/09\/binaural-type-heavy-rod-hydraulic-cylinder-1.webp 790w, https:\/\/hydraulic-cylinders.net\/wp-content\/uploads\/2023\/09\/binaural-type-heavy-rod-hydraulic-cylinder-1-480x341.webp 480w\" sizes=\"(min-width: 0px) and (max-width: 480px) 480px, (min-width: 481px) 790px, 100vw\" \/><\/p>\n<h2><strong>CA Monaural Type Heavy Rod h\u00fcdrosilinder <\/strong><strong>Kasutamise meetod<\/strong><strong>:<\/strong><\/h2>\n<p><strong>Paigaldus:<\/strong>\u00a0 Esmalt paigaldage CA \u00fche k\u00f5rvaga raskevarda h\u00fcdrosilinder ohutult, kasutades sobivat kronsteini v\u00f5i kinnitusvahendit. Paigaldamise ajal veenduge \u00f5iges joonduses ja stabiilsuses, et v\u00e4ltida silindri joonduse puudumist v\u00f5i pinget.<\/p>\n<p><strong>H\u00fcdraulikas\u00fcsteemi integreerimine:<\/strong>\u00a0 H\u00fcdraulikavoolikute \u00fchendamisel silindri portidega j\u00e4rgige tootja juhiseid ja suuniseid. Silinder integreeritakse h\u00fcdros\u00fcsteemi, \u00fchendades selle sobiva pumba v\u00f5i j\u00f5uallikaga. Veenduge, et silindri spetsifikatsioonid ja t\u00f6\u00f6n\u00f5uded oleksid t\u00e4idetud.<\/p>\n<p><strong>Juhtimine ja kasutamine:<\/strong> H\u00fcdraulikas\u00fcsteemi juhtventiili kasutatakse h\u00fcdraulika\u00f5li voolu reguleerimiseks silindrisse ja silindrist v\u00e4lja. Reguleerige juhtseadiseid vastavalt soovitud lineaarsele liikumisele ja j\u00f5uv\u00e4ljundile. Testige silindri liikumist, et kontrollida selle toimimist ja reageerimisv\u00f5imet.<\/p>\n<h2><strong>CA Monaural Type Heavy Rod h\u00fcdrosilinder <\/strong><strong>Hooldus<\/strong><strong>:<\/strong><\/h2>\n<p>Regulaarne hooldus on CA Monaural Type raskevarda h\u00fcdrosilindri optimaalse j\u00f5udluse ja pikaealisuse tagamiseks \u00fclioluline. J\u00e4rgige neid hooldusjuhiseid:<\/p>\n<p><strong>Regulaarne kontroll:<\/strong>\u00a0 Tehke rutiinseid kontrolle kulumise, kahjustuste v\u00f5i lekete tunnuste tuvastamiseks. Kontrollige silindriplokkide, kolvivarraste, tihendite ja muude komponentide k\u00f5rvalekaldeid. Lahendage k\u00f5ik probleemid viivitamatult, et v\u00e4ltida edasisi vigastusi v\u00f5i ebaefektiivsust t\u00f6\u00f6s.<\/p>\n<p><strong>M\u00e4\u00e4rimine:<\/strong>\u00a0 Kandke silindri liikuvatele osadele, sh sidevarrastele ja tihenditele, soovitatud m\u00e4\u00e4rdeainet. Regulaarne m\u00e4\u00e4rimine v\u00e4hendab h\u00f5\u00f5rdumist, v\u00e4hendab kulumist ja tagab sujuva t\u00f6\u00f6. Kasutage sobivat m\u00e4\u00e4rdeaine t\u00fc\u00fcpi vastavalt tootja m\u00e4\u00e4rimisintervalli juhistele.<\/p>\n<p><strong>Tihendi vahetamine:<\/strong>\u00a0 Kui leitakse, et tihendid on kulunud v\u00f5i lekivad, vahetage need tootja poolt heakskiidetud originaalvaruosadega v\u00e4lja. Kahjustatud v\u00f5i kulunud tihendid v\u00f5ivad kahjustada silindri j\u00f5udlust ja p\u00f5hjustada h\u00fcdraulika\u00f5li lekke.<\/p>\n<p><strong>Puhastamine:<\/strong>\u00a0 Puhastage silindrid mustuse, prahi ja muude saasteainete eemaldamise teel. Enne kokkupanekut kasutage mitteabrasiivset puhastusvahendit ja veenduge, et k\u00f5ik osad on kuivad. Regulaarne puhastamine tagab optimaalse j\u00f5udluse ja hoiab \u00e4ra enneaegse kulumise v\u00f5i kahjustused.<\/p>\n<h2><strong>Kuidas kontrollida, kas h\u00fcdrosilinder lekib sisemiselt?<\/strong><\/h2>\n<p>H\u00fcdrosilindri sisemise lekke kontrollimiseks v\u00f5ite teha j\u00e4rgmisi samme:<\/p>\n<ol>\n<li><strong>Visuaalne kontroll:<\/strong> Alustage h\u00fcdrosilindri v\u00e4lispinna visuaalse kontrollimisega. Otsige silindri korpuse, varda v\u00f5i tihendite \u00fcmbrusest \u00f5li v\u00f5i h\u00fcdrovedeliku m\u00e4rke. V\u00e4lised lekked v\u00f5ivad viidata ka sisemisele lekkele.<\/li>\n<li><strong>Silindri t\u00f6\u00f6:<\/strong> Kasutage h\u00fcdrosilindrit kogu selle liikumisulatuses. P\u00f6\u00f6rake t\u00e4helepanu ebatavalistele helidele, vibratsioonile v\u00f5i t\u00f5mblevatele liigutustele, mis v\u00f5ivad viidata sisemisele lekkele. Kui silinder t\u00f6\u00f6tab sujuvalt ja ilma igasuguse ebatavalise k\u00e4itumiseta, ei v\u00e4lista see tingimata sisemist leket, kuid see viitab sellele, et probleem v\u00f5ib olla v\u00e4hem t\u00f5sine.<\/li>\n<li><strong>V\u00e4lise lekke test:<\/strong> P\u00fchkige silinder puhtaks ja kontrollige seej\u00e4rel visuaalselt v\u00e4rske \u00f5li v\u00f5i h\u00fcdraulikavedeliku olemasolu p\u00e4rast seisuaega. Kui m\u00e4rkate silindri v\u00e4lispinnal v\u00e4rsket \u00f5li v\u00f5i mahla, v\u00f5ib see viidata sisemisele lekkele.<\/li>\n<li><strong>R\u00f5hulanguse test:<\/strong> Sisemise lekke kontrollimiseks tehke r\u00f5hulanguse test. J\u00e4rgige neid samme:a. Veenduge, et h\u00fcdros\u00fcsteem on r\u00f5huvaba ja silinder on ohutus asendis.b. \u00dchendage h\u00fcdraulikavoolikud silindrist lahti, sulgedes avad ettevaatlikult korgiga v\u00f5i korgiga, et v\u00e4ltida vedeliku kadu.c. Rakendage r\u00f5hku silindri sobivale pordile k\u00e4sipumba v\u00f5i muu h\u00fcdraulilise j\u00f5uallika abil.\n<p>d. J\u00e4lgige manomeetrit. Kui r\u00f5hk langeb l\u00fchikese aja jooksul m\u00e4rkimisv\u00e4\u00e4rselt, viitab see silindri sisemisele lekkele.<\/p>\n<p>e. Vajadusel korrake katset kahetoimelise silindri m\u00f5lemal k\u00fcljel.<\/li>\n<li><strong>Varda pikendamise test:<\/strong> Sirutage silindri varras osaliselt v\u00f5i t\u00e4ielikult v\u00e4lja ja seej\u00e4rel kontrollige varda paljastatud osa h\u00fcdraulikavedeliku m\u00e4rke. Kui m\u00e4rkate vardal \u00f5li v\u00f5i mahla, v\u00f5ib see viidata sisemisele lekkele varda tihendite taga.<\/li>\n<li><strong>Silindri lahtiv\u00f5tmine:<\/strong> Kui kahtlustate sisemist leket, kuid pole seda eelnevate sammude abil tuvastanud, peate silindri \u00fcksikasjalikuks kontrolliks lahti v\u00f5tma. Silindri lahtiv\u00f5tmine v\u00f5imaldab teil kolbi, tihendeid ja muid sisemisi komponente kulumise, kahjustuste v\u00f5i saastumise tunnuste suhtes uurida.<\/li>\n<\/ol>\n<h2><strong>Tehase v\u00f5imekus ja suutlikkus:<\/strong><\/h2>\n<h3>(1) Kokkupanek<\/h3>\n<p>Meil on esmaklassiline s\u00f5ltumatu teadus- ja arendustegevuse montaa\u017eiplatvorm. H\u00fcdrosilindrite tootmist\u00f6\u00f6kojas on neli poolautomaatset t\u00f5stesilindrite koosteliini ja \u00fcks automaatne kallutussilindrite koosteliin, mille kavandatud aastane tootmisv\u00f5imsus on 1 miljon t\u00fckki. Spetsiaalsete silindrite t\u00f6\u00f6koda on varustatud erinevate spetsifikatsioonidega poolautomaatse puhastusmontaa\u017eis\u00fcsteemiga, mille kavandatud aastane tootmisv\u00f5imsus on 200 000 ja mis on varustatud kuulsate CNC-t\u00f6\u00f6tlemisseadmete, mehaanilise t\u00f6\u00f6tlemise keskuse, suure t\u00e4psusega silindrite t\u00f6\u00f6tlemise eriseadmete, robotkeevitusmasina, automaatse puhastusmasina, automaatse silindri kokkupanemise masina ja automaatse v\u00e4rvimise tootmisliiniga. Olemasolevad kriitilised seadmed rohkem kui 300 komplekti (komplekti). Seadmete ressursside optimaalne jaotamine ja t\u00f5hus kasutamine tagavad toodete t\u00e4psusn\u00f5uded ja vastavad toodete kvaliteedin\u00f5uetele.<\/p>\n<p><img loading=\"lazy\" decoding=\"async\" class=\"alignnone wp-image-626\" src=\"https:\/\/hydraulic-cylinders.net\/wp-content\/uploads\/2023\/08\/hydraulic-cylinder-product-1-300x158.webp\" alt=\"\" width=\"495\" height=\"260\" srcset=\"https:\/\/hydraulic-cylinders.net\/wp-content\/uploads\/2023\/08\/hydraulic-cylinder-product-1-300x158.webp 495w, https:\/\/hydraulic-cylinders.net\/wp-content\/uploads\/2023\/08\/hydraulic-cylinder-product-1-480x252.webp 480w\" sizes=\"(min-width: 0px) and (max-width: 480px) 480px, (min-width: 481px) 495px, 100vw\" \/> <img loading=\"lazy\" decoding=\"async\" class=\"alignnone wp-image-627\" src=\"https:\/\/hydraulic-cylinders.net\/wp-content\/uploads\/2023\/08\/hydraulic-cylinder-product-2-300x189.webp\" alt=\"\" width=\"413\" height=\"260\" \/><\/p>\n<h3>(2) T\u00f6\u00f6tlemine<\/h3>\n<p>T\u00f6\u00f6deldav t\u00f6\u00f6koda on varustatud kohandatud kallutatud r\u00f6\u00f6pse treipingi keskuse, mehaanilise keskuse, kiire lihvimismasina, keevitusroboti ja muude seotud seadmetega, mis suudavad t\u00f6\u00f6delda silindritorusid, mille maksimaalne sisel\u00e4bim\u00f5\u00f5t on 400 mm ja maksimaalne pikkus on 6 meetrit.<\/p>\n<p><img loading=\"lazy\" decoding=\"async\" class=\"alignnone wp-image-628 size-large\" src=\"https:\/\/hydraulic-cylinders.net\/wp-content\/uploads\/2023\/08\/hydraulic-cylinder-product-3-1024x391.webp\" alt=\"\" width=\"1024\" height=\"391\" srcset=\"https:\/\/hydraulic-cylinders.net\/wp-content\/uploads\/2023\/08\/hydraulic-cylinder-product-3-980x374.webp 980w, https:\/\/hydraulic-cylinders.net\/wp-content\/uploads\/2023\/08\/hydraulic-cylinder-product-3-480x183.webp 480w\" sizes=\"(min-width: 0px) and (max-width: 480px) 480px, (min-width: 481px) and (max-width: 980px) 980px, (min-width: 981px) 1024px, 100vw\" \/><\/p>\n<h3>(3) Keevitamine<\/h3>\n<p><img loading=\"lazy\" decoding=\"async\" class=\"alignnone wp-image-629 size-large\" src=\"https:\/\/hydraulic-cylinders.net\/wp-content\/uploads\/2023\/08\/hydraulic-cylinder-product-4-1024x510.webp\" alt=\"\" width=\"1024\" height=\"510\" srcset=\"https:\/\/hydraulic-cylinders.net\/wp-content\/uploads\/2023\/08\/hydraulic-cylinder-product-4-980x488.webp 980w, https:\/\/hydraulic-cylinders.net\/wp-content\/uploads\/2023\/08\/hydraulic-cylinder-product-4-480x239.webp 480w\" sizes=\"(min-width: 0px) and (max-width: 480px) 480px, (min-width: 481px) and (max-width: 980px) 980px, (min-width: 981px) 1024px, 100vw\" \/><\/p>\n<h3>(4) V\u00e4rvimine ja katmine<\/h3>\n<p>V\u00e4ikese ja keskmise suurusega silindri automaatse veep\u00f5hise v\u00e4rvipinnakattega liinide abil, et saavutada automaatne robotlaadimine ja mahalaadimine ning automaatne pihustamine, projekteerimisv\u00f5imsus 4000 t\u00fckki vahetuse kohta;<br \/>\nMeil on ka poolautomaatne suurte balloonide v\u00e4rvimise tootmisliin, mis t\u00f6\u00f6tab j\u00f5ukettaga ja mille projekteerimisv\u00f5imsus on 60 kasti \u00fche vahetuse kohta.<\/p>\n<p><img loading=\"lazy\" decoding=\"async\" class=\"alignnone wp-image-630\" src=\"https:\/\/hydraulic-cylinders.net\/wp-content\/uploads\/2023\/08\/hydraulic-cylinder-product-5-300x213.webp\" alt=\"\" width=\"366\" height=\"260\" \/> <img loading=\"lazy\" decoding=\"async\" class=\"alignnone wp-image-631\" src=\"https:\/\/hydraulic-cylinders.net\/wp-content\/uploads\/2023\/08\/hydraulic-cylinder-product-6-300x225.webp\" alt=\"\" width=\"347\" height=\"260\" \/><\/p>\n<h3>(5) Testimine<\/h3>\n<p>Meil on esmaklassilised kontrolliseadmed ja katsestendid, et tagada silindri j\u00f5udlus vastavus n\u00f5uetele.<\/p>\n<p><img loading=\"lazy\" decoding=\"async\" class=\"alignnone wp-image-632\" src=\"https:\/\/hydraulic-cylinders.net\/wp-content\/uploads\/2023\/08\/hydraulic-cylinder-product-8-300x200.webp\" alt=\"\" width=\"389\" height=\"260\" \/><\/p>\n<p>&nbsp;<\/p>\n<p>&nbsp;<\/p>\n<p>Oleme \u00fcks parimaid raskevarrastega h\u00fcdrauliliste silindrite tootjaid. Pakume laia valikut raskevarrastega h\u00fcdraulilisi silindreid. Pakume ka vastavaid... <a href=\"https:\/\/hzpt.com\/agricultural-pto-gearbox\/\" target=\"_blank\" rel=\"noopener\">p\u00f5llumajanduslikud k\u00e4igukastid<\/a>. Oleme eksportinud oma tooteid klientidele \u00fcle kogu maailma ja teeninud hea maine t\u00e4nu meie suurep\u00e4rasele tootekvaliteedile ja m\u00fc\u00fcgij\u00e4rgsele teenindusele. Me tervitame soojalt kliente nii kodus kui ka v\u00e4lismaal, et v\u00f5tta meiega \u00fchendust, et pidada l\u00e4bir\u00e4\u00e4kimisi \u00e4ri, vahetada teavet ja\u00a0<a href=\"https:\/\/www.hydraulic-cylinders.net\/et\/contact-us\/\">teha meiega koost\u00f6\u00f6d<\/a>!<\/p>\n<p>&nbsp;<\/p>\n<h2><\/h2>","protected":false},"excerpt":{"rendered":"<p>CA Monaural Type Heavy Rod Hydraulic Cylinder The CA monaural type heavy rod hydraulic cylinder is a high-performance hydraulic element designed to meet the stringent requirements of heavy-duty industrial applications. With its rugged construction, impressive force output, and reliable operation, this hydraulic cylinder offers exceptional power and durability. Whether lifting, pushing, or pulling, CA monaural [&hellip;]<\/p>","protected":false},"featured_media":927,"comment_status":"open","ping_status":"closed","template":"","meta":{"_et_pb_use_builder":"","_et_pb_old_content":"","_et_gb_content_width":""},"product_brand":[],"product_cat":[1376,1385],"product_tag":[1380],"class_list":{"0":"post-922","1":"product","2":"type-product","3":"status-publish","4":"has-post-thumbnail","6":"product_cat-hydraulic-cylinder","7":"product_cat-heavy-rod-hydraulic-cylinder","8":"product_tag-hydraulic-cylinder","10":"first","11":"instock","12":"shipping-taxable","13":"product-type-simple"},"amp_enabled":true,"_links":{"self":[{"href":"https:\/\/www.hydraulic-cylinders.net\/et\/wp-json\/wp\/v2\/product\/922","targetHints":{"allow":["GET"]}}],"collection":[{"href":"https:\/\/www.hydraulic-cylinders.net\/et\/wp-json\/wp\/v2\/product"}],"about":[{"href":"https:\/\/www.hydraulic-cylinders.net\/et\/wp-json\/wp\/v2\/types\/product"}],"replies":[{"embeddable":true,"href":"https:\/\/www.hydraulic-cylinders.net\/et\/wp-json\/wp\/v2\/comments?post=922"}],"wp:featuredmedia":[{"embeddable":true,"href":"https:\/\/www.hydraulic-cylinders.net\/et\/wp-json\/wp\/v2\/media\/927"}],"wp:attachment":[{"href":"https:\/\/www.hydraulic-cylinders.net\/et\/wp-json\/wp\/v2\/media?parent=922"}],"wp:term":[{"taxonomy":"product_brand","embeddable":true,"href":"https:\/\/www.hydraulic-cylinders.net\/et\/wp-json\/wp\/v2\/product_brand?post=922"},{"taxonomy":"product_cat","embeddable":true,"href":"https:\/\/www.hydraulic-cylinders.net\/et\/wp-json\/wp\/v2\/product_cat?post=922"},{"taxonomy":"product_tag","embeddable":true,"href":"https:\/\/www.hydraulic-cylinders.net\/et\/wp-json\/wp\/v2\/product_tag?post=922"}],"curies":[{"name":"wp","href":"https:\/\/api.w.org\/{rel}","templated":true}]}}