{"id":931,"date":"2023-09-04T03:31:11","date_gmt":"2023-09-04T03:31:11","guid":{"rendered":"https:\/\/hydraulic-cylinders.net\/?post_type=product&#038;p=931"},"modified":"2023-09-19T01:25:25","modified_gmt":"2023-09-19T01:25:25","slug":"ca-monaural-type-gksk-joint-earring-connector-heavy-rod-hydraulic-cylinder","status":"publish","type":"product","link":"https:\/\/www.hydraulic-cylinders.net\/et\/toode\/ca-monaural-type-gksk-joint-earring-connector-heavy-rod-hydraulic-cylinder\/","title":{"rendered":"CA Monaural Type Gksk \u00dchendk\u00f5rvar\u00f5ngaste \u00dchendus Raske Varda H\u00fcdrauliline Silinder"},"content":{"rendered":"<h1 style=\"text-align: center;\"><strong>CA Monaural Type Gksk Joint Earring Connector Heavy Rod h\u00fcdrosilinder<\/strong><\/h1>\n<p>CA monot\u00fc\u00fcpi Gksk liigendk\u00f5rvar\u00f5nga\u00fchendusega raskevarda h\u00fcdrosilinder on tipptasemel h\u00fcdrauliline element rasketeks t\u00f6\u00f6stusrakendusteks. Oma vastupidava konstruktsiooni, t\u00e4iustatud funktsioonide ja t\u00e4pse funktsionaalsusega on see h\u00fcdrosilinder loodud pakkuma optimaalset v\u00f5imsust, t\u00f6\u00f6kindlust ja j\u00f5udlust. Olenemata sellest, kas teil on vaja t\u00f5sta, l\u00fckata v\u00f5i t\u00f5mmata raskeid koormaid, saab CA Mono t\u00fc\u00fcpi Gksk liigendk\u00f5rvar\u00f5nga\u00fchendusega raskevarda h\u00fcdrosilinder h\u00f5lpsalt hakkama ka k\u00f5ige keerukamate \u00fclesannetega.<\/p>\n<p>Raske varda h\u00fcdraulilise silindri olulised omadused:<\/p>\n<p><strong>Vastupidav konstruktsioon:<\/strong>\u00a0 CA monoauraalse t\u00fc\u00fcpi Gksk hingedega k\u00f5rvar\u00f5ngaste \u00fchendusega raske vardaga h\u00fcdrauliline silinder pakub paremat stabiilsust ja liikumise juhtimist. \u00dche varda pikendus tagab t\u00e4pse positsioneerimise ja sujuva t\u00f6\u00f6, minimeerides joondamise v\u00f5i l\u00e4bipainde ohtu.<\/p>\n<p><strong>Monofonilise t\u00fc\u00fcbi disain:<\/strong>\u00a0 CA monoauraalne Gksk liigendk\u00f5rvar\u00f5ngaste \u00fchendusega raske vardaga h\u00fcdrauliline silinder tagab parema stabiilsuse ja liikumise kontrolli. \u00dche varda pikendus tagab t\u00e4pse positsioneerimise ja sujuva t\u00f6\u00f6, minimeerides joondamise v\u00f5i l\u00e4bipainde ohtu.<\/p>\n<p><strong>Gksk k\u00f5rvar\u00f5ngaste \u00fchendusdetail:<\/strong>\u00a0 Gksk liigend\u00fchendusega h\u00fcdrauliline silinder tagab mugava ja ohutu \u00fchenduse h\u00fcdros\u00fcsteemiga. \u00dchendused tagavad usaldusv\u00e4\u00e4rse vedeliku\u00fclekande ja minimeerivad lekke v\u00f5i lahti\u00fchendamise ohtu t\u00f6\u00f6 ajal, pakkudes muretut kogemust.<\/p>\n<p><strong>Raske varras ja suure j\u00f5u v\u00e4ljund:<\/strong> Selle h\u00fcdrosilindri raske varda konstruktsioon koos t\u00e4iustatud h\u00fcdros\u00fcsteemiga v\u00f5imaldab erakordset j\u00f5uv\u00e4ljundit. See suudab toota m\u00e4rkimisv\u00e4\u00e4rset v\u00f5imsust, mist\u00f5ttu sobib see rakendusteks, mis n\u00f5uavad palju v\u00f5imsust ja t\u00f5stev\u00f5imet.<\/p>\n<p><img loading=\"lazy\" decoding=\"async\" class=\"size-full wp-image-932 aligncenter\" src=\"https:\/\/hydraulic-cylinders.net\/wp-content\/uploads\/2023\/09\/ca-monaural-type-gksk-joint-earring-connector-heavy-rod-hydraulic-cylinder-2-1.webp\" alt=\"\" width=\"296\" height=\"296\" srcset=\"https:\/\/www.hydraulic-cylinders.net\/wp-content\/uploads\/2023\/09\/ca-monaural-type-gksk-joint-earring-connector-heavy-rod-hydraulic-cylinder-2-1.webp 296w, https:\/\/www.hydraulic-cylinders.net\/wp-content\/uploads\/2023\/09\/ca-monaural-type-gksk-joint-earring-connector-heavy-rod-hydraulic-cylinder-2-1-100x100.webp 100w, https:\/\/www.hydraulic-cylinders.net\/wp-content\/uploads\/2023\/09\/ca-monaural-type-gksk-joint-earring-connector-heavy-rod-hydraulic-cylinder-2-1-150x150.webp 150w, https:\/\/www.hydraulic-cylinders.net\/wp-content\/uploads\/2023\/09\/ca-monaural-type-gksk-joint-earring-connector-heavy-rod-hydraulic-cylinder-2-1-12x12.webp 12w\" sizes=\"(max-width: 296px) 100vw, 296px\" \/><\/p>\n<h2><strong>CA Monaural Type Gksk \u00dchendk\u00f5rvar\u00f5ngaste \u00dchendus Raske Varda H\u00fcdraulilise Silindri Parameeter:<\/strong><\/h2>\n<p><img loading=\"lazy\" decoding=\"async\" class=\"alignnone wp-image-933 size-full\" src=\"https:\/\/hydraulic-cylinders.net\/wp-content\/uploads\/2023\/09\/ca-monaural-type-gksk-joint-earring-connector-heavy-rod-hydraulic-cylinder-1.webp\" alt=\"\" width=\"790\" height=\"472\" srcset=\"https:\/\/hydraulic-cylinders.net\/wp-content\/uploads\/2023\/09\/ca-monaural-type-gksk-joint-earring-connector-heavy-rod-hydraulic-cylinder-1.webp 790w, https:\/\/hydraulic-cylinders.net\/wp-content\/uploads\/2023\/09\/ca-monaural-type-gksk-joint-earring-connector-heavy-rod-hydraulic-cylinder-1-480x287.webp 480w\" sizes=\"(min-width: 0px) and (max-width: 480px) 480px, (min-width: 481px) 790px, 100vw\" \/><\/p>\n<h2><strong>CA Monaural Type Gksk Joint Earring Connector Heavy Rod h\u00fcdrosilinder <\/strong><strong>Kasutamise meetod<\/strong><strong>:<\/strong><\/h2>\n<p><strong>Paigaldus:<\/strong>\u00a0 Esmalt paigaldage CA monoauraalne Gksk liigendk\u00f5rvar\u00f5ngaste pistikuga raske vardaga h\u00fcdrosilinder kindlalt, kasutades sobivaid kinnitusklambreid v\u00f5i kinnitusvahendeid. Paigaldamise ajal veenduge \u00f5iges joonduses ja stabiilsuses, et v\u00e4ltida silindri joondamata joondust v\u00f5i liigset pinget.<\/p>\n<p><strong>H\u00fcdraulikas\u00fcsteemi integreerimine:<\/strong>\u00a0 H\u00fcdraulikavooliku \u00fchendamiseks silindri Gksk-knuckle-k\u00f5rvar\u00f5nga pistikuga j\u00e4rgige tootja juhiseid ja suuniseid. Silinder integreeritakse h\u00fcdros\u00fcsteemi, kinnitades selle sobiva pumba v\u00f5i j\u00f5uallika k\u00fclge. Veenduge, et silindri spetsifikatsioonid ja t\u00f6\u00f6n\u00f5uded oleksid t\u00e4idetud.<\/p>\n<p><strong>Juhtimine ja kasutamine:<\/strong>\u00a0 H\u00fcdraulikas\u00fcsteemi juhtventiil reguleerib h\u00fcdraulika\u00f5li voolu silindrisse ja silindrist v\u00e4lja. Reguleerige juhtseadiseid, et saavutada soovitud lineaarne liikumine ja j\u00f5uv\u00e4ljund. Testige silindri liikumist, et kontrollida selle toimimist ja reageerimisv\u00f5imet.<\/p>\n<h2><strong>CA Monaural Type Gksk Joint Earring Connector Heavy Rod h\u00fcdrosilinder <\/strong><strong>Hooldus<\/strong><strong>:<\/strong><\/h2>\n<p>CA Monaural Type Gksk Joint Earring Connector raskevardalise h\u00fcdraulilise silindri optimaalse j\u00f5udluse ja pikaealisuse tagamiseks on regulaarne hooldus h\u00e4davajalik. J\u00e4rgige neid hooldusjuhiseid:<\/p>\n<p><strong>Regulaarne kontroll:<\/strong> Tehke rutiinseid kontrolle kulumise, kahjustuste v\u00f5i lekete tunnuste tuvastamiseks. Kontrollige silindri korpust, varrast, tihendeid ja muid komponente k\u00f5rvalekallete suhtes. Lahendage k\u00f5ik probleemid viivitamatult, et v\u00e4ltida edasisi vigastusi v\u00f5i ebaefektiivsust t\u00f6\u00f6s.<\/p>\n<p><strong>M\u00e4\u00e4rimine:<\/strong>\u00a0 Kandke silindri liikuvatele osadele, sh sidevarrastele ja tihenditele, soovitatud m\u00e4\u00e4rdeainet. Regulaarne m\u00e4\u00e4rimine v\u00e4hendab h\u00f5\u00f5rdumist, v\u00e4hendab kulumist ja tagab sujuva t\u00f6\u00f6. Kasutage sobivat m\u00e4\u00e4rdeaine t\u00fc\u00fcpi vastavalt tootja m\u00e4\u00e4rimisintervalli juhistele.<\/p>\n<p><strong>Tihendi vahetamine:<\/strong>\u00a0 Kui leitakse, et tihendid on kulunud v\u00f5i lekivad, vahetage need tootja poolt heakskiidetud originaalvaruosadega v\u00e4lja. Kahjustatud v\u00f5i kulunud tihendid v\u00f5ivad kahjustada silindri j\u00f5udlust ja p\u00f5hjustada h\u00fcdraulika\u00f5li lekke.<\/p>\n<p><strong>Puhastamine:<\/strong>\u00a0 Puhastage silindrid mustuse, prahi ja muude saasteainete eemaldamise teel. Enne kokkupanekut kasutage mitteabrasiivset puhastusvahendit ja veenduge, et k\u00f5ik osad on kuivad. Regulaarne puhastamine tagab optimaalse j\u00f5udluse ja hoiab \u00e4ra enneaegse kulumise v\u00f5i kahjustused.<\/p>\n<h2><strong>Kui palju maksab h\u00fcdrosilindri taastamine?<\/strong><\/h2>\n<p>H\u00fcdrosilindri taastamise maksumus v\u00f5ib varieeruda s\u00f5ltuvalt mitmest tegurist, sealhulgas silindri suurusest ja t\u00fc\u00fcbist, kahjustuse v\u00f5i kulumise ulatusest, varuosade k\u00e4ttesaadavusest ja t\u00f6\u00f6j\u00f5ukuludest teie asukohas. Oluline on m\u00e4rkida, et h\u00fcdrosilindri taastamine n\u00f5uab asjatundlikkust ja spetsiaalseid t\u00f6\u00f6riistu, seega on sageli soovitatav lasta t\u00f6\u00f6 teha professionaalsel h\u00fcdraulika remonditeenusel.<\/p>\n<p>H\u00fcdrosilindri taastamise maksumuse kaalumisel peaksite arvestama j\u00e4rgmiste v\u00f5imalike kuludega:<\/p>\n<ol>\n<li><strong>T\u00f6\u00f6j\u00f5ukulud:<\/strong> Ballooni lahtiv\u00f5tmiseks, kontrollimiseks, parandamiseks ja uuesti kokkupanekuks vajalik aeg ja oskusteave suurendavad kogumaksumust. T\u00f6\u00f6j\u00f5uhinnad v\u00f5ivad olenevalt asukohast ja konkreetsest remonditeenusest erineda.<\/li>\n<li><strong>Varuosad:<\/strong> Kui silindris on vaja v\u00e4lja vahetada m\u00f5ni komponent, n\u00e4iteks tihendid, laagrid v\u00f5i vardad, lisab nende osade maksumus kogukulule. Asendusosade saadavus ja hind varieeruvad s\u00f5ltuvalt silindri markist ja mudelist.<\/li>\n<li><strong>Mehaaniline t\u00f6\u00f6tlemine v\u00f5i lihvimine:<\/strong> M\u00f5nel juhul v\u00f5ib silindri pindade \u00f5igele kujule taastamiseks vaja minna t\u00f6\u00f6tlemist v\u00f5i lihvimist. See lisaprotsess v\u00f5ib suurendada \u00fcmberehituse kogumaksumust.<\/li>\n<li><strong>Testimine ja sertifitseerimine:<\/strong> Kui balloon on \u00fcmber ehitatud, v\u00f5ib see vajada katsetamist ja sertifitseerimist, et tagada selle toimivus ja ohutus. Nende lisateenustega v\u00f5ivad kaasneda kaasnevad kulud.<\/li>\n<\/ol>\n<h2><strong>Tehase v\u00f5imekus ja suutlikkus:<\/strong><\/h2>\n<h3>(1) Kokkupanek<\/h3>\n<p>Meil on esmaklassiline s\u00f5ltumatu teadus- ja arendustegevuse montaa\u017eiplatvorm. H\u00fcdrosilindrite tootmist\u00f6\u00f6kojas on neli poolautomaatset t\u00f5stesilindrite koosteliini ja \u00fcks automaatne kallutussilindrite koosteliin, mille kavandatud aastane tootmisv\u00f5imsus on 1 miljon t\u00fckki. Spetsiaalsete silindrite t\u00f6\u00f6koda on varustatud erinevate spetsifikatsioonidega poolautomaatse puhastusmontaa\u017eis\u00fcsteemiga, mille kavandatud aastane tootmisv\u00f5imsus on 200 000 ja mis on varustatud kuulsate CNC-t\u00f6\u00f6tlemisseadmete, mehaanilise t\u00f6\u00f6tlemise keskuse, suure t\u00e4psusega silindrite t\u00f6\u00f6tlemise eriseadmete, robotkeevitusmasina, automaatse puhastusmasina, automaatse silindri kokkupanemise masina ja automaatse v\u00e4rvimise tootmisliiniga. Olemasolevad kriitilised seadmed rohkem kui 300 komplekti (komplekti). Seadmete ressursside optimaalne jaotamine ja t\u00f5hus kasutamine tagavad toodete t\u00e4psusn\u00f5uded ja vastavad toodete kvaliteedin\u00f5uetele.<\/p>\n<p><img loading=\"lazy\" decoding=\"async\" class=\"alignnone wp-image-626\" src=\"https:\/\/hydraulic-cylinders.net\/wp-content\/uploads\/2023\/08\/hydraulic-cylinder-product-1-300x158.webp\" alt=\"\" width=\"495\" height=\"260\" srcset=\"https:\/\/hydraulic-cylinders.net\/wp-content\/uploads\/2023\/08\/hydraulic-cylinder-product-1-300x158.webp 495w, https:\/\/hydraulic-cylinders.net\/wp-content\/uploads\/2023\/08\/hydraulic-cylinder-product-1-480x252.webp 480w\" sizes=\"(min-width: 0px) and (max-width: 480px) 480px, (min-width: 481px) 495px, 100vw\" \/> <img loading=\"lazy\" decoding=\"async\" class=\"alignnone wp-image-627\" src=\"https:\/\/hydraulic-cylinders.net\/wp-content\/uploads\/2023\/08\/hydraulic-cylinder-product-2-300x189.webp\" alt=\"\" width=\"413\" height=\"260\" \/><\/p>\n<h3>(2) T\u00f6\u00f6tlemine<\/h3>\n<p>T\u00f6\u00f6deldav t\u00f6\u00f6koda on varustatud kohandatud kallutatud r\u00f6\u00f6pse treipingi keskuse, mehaanilise keskuse, kiire lihvimismasina, keevitusroboti ja muude seotud seadmetega, mis suudavad t\u00f6\u00f6delda silindritorusid, mille maksimaalne sisel\u00e4bim\u00f5\u00f5t on 400 mm ja maksimaalne pikkus on 6 meetrit.<\/p>\n<p><img loading=\"lazy\" decoding=\"async\" class=\"alignnone wp-image-628 size-large\" src=\"https:\/\/hydraulic-cylinders.net\/wp-content\/uploads\/2023\/08\/hydraulic-cylinder-product-3-1024x391.webp\" alt=\"\" width=\"1024\" height=\"391\" srcset=\"https:\/\/hydraulic-cylinders.net\/wp-content\/uploads\/2023\/08\/hydraulic-cylinder-product-3-980x374.webp 980w, https:\/\/hydraulic-cylinders.net\/wp-content\/uploads\/2023\/08\/hydraulic-cylinder-product-3-480x183.webp 480w\" sizes=\"(min-width: 0px) and (max-width: 480px) 480px, (min-width: 481px) and (max-width: 980px) 980px, (min-width: 981px) 1024px, 100vw\" \/><\/p>\n<h3>(3) Keevitamine<\/h3>\n<p><img loading=\"lazy\" decoding=\"async\" class=\"alignnone wp-image-629 size-large\" src=\"https:\/\/hydraulic-cylinders.net\/wp-content\/uploads\/2023\/08\/hydraulic-cylinder-product-4-1024x510.webp\" alt=\"\" width=\"1024\" height=\"510\" srcset=\"https:\/\/hydraulic-cylinders.net\/wp-content\/uploads\/2023\/08\/hydraulic-cylinder-product-4-980x488.webp 980w, https:\/\/hydraulic-cylinders.net\/wp-content\/uploads\/2023\/08\/hydraulic-cylinder-product-4-480x239.webp 480w\" sizes=\"(min-width: 0px) and (max-width: 480px) 480px, (min-width: 481px) and (max-width: 980px) 980px, (min-width: 981px) 1024px, 100vw\" \/><\/p>\n<h3>(4) V\u00e4rvimine ja katmine<\/h3>\n<p>V\u00e4ikese ja keskmise suurusega silindri automaatse veep\u00f5hise v\u00e4rvipinnakattega liinide abil, et saavutada automaatne robotlaadimine ja mahalaadimine ning automaatne pihustamine, projekteerimisv\u00f5imsus 4000 t\u00fckki vahetuse kohta;<br \/>\nMeil on ka poolautomaatne suurte balloonide v\u00e4rvimise tootmisliin, mis t\u00f6\u00f6tab j\u00f5ukettaga ja mille projekteerimisv\u00f5imsus on 60 kasti \u00fche vahetuse kohta.<\/p>\n<p><img loading=\"lazy\" decoding=\"async\" class=\"alignnone wp-image-630\" src=\"https:\/\/hydraulic-cylinders.net\/wp-content\/uploads\/2023\/08\/hydraulic-cylinder-product-5-300x213.webp\" alt=\"\" width=\"366\" height=\"260\" \/> <img loading=\"lazy\" decoding=\"async\" class=\"alignnone wp-image-631\" src=\"https:\/\/hydraulic-cylinders.net\/wp-content\/uploads\/2023\/08\/hydraulic-cylinder-product-6-300x225.webp\" alt=\"\" width=\"347\" height=\"260\" \/><\/p>\n<h3>(5) Testimine<\/h3>\n<p>Meil on esmaklassilised kontrolliseadmed ja katsestendid, et tagada silindri j\u00f5udlus vastavus n\u00f5uetele.<\/p>\n<p><img loading=\"lazy\" decoding=\"async\" class=\"alignnone wp-image-632\" src=\"https:\/\/hydraulic-cylinders.net\/wp-content\/uploads\/2023\/08\/hydraulic-cylinder-product-8-300x200.webp\" alt=\"\" width=\"389\" height=\"260\" \/><\/p>\n<p>&nbsp;<\/p>\n<p>&nbsp;<\/p>\n<p>Oleme \u00fcks parimaid raskevarrastega h\u00fcdrauliliste silindrite tootjaid. Pakume laia valikut raskevarrastega h\u00fcdraulilisi silindreid. Pakume ka vastavaid... <a href=\"https:\/\/hzpt.com\/agricultural-pto-gearbox\/\" target=\"_blank\" rel=\"noopener\">p\u00f5llumajanduslikud k\u00e4igukastid<\/a>. Oleme eksportinud oma tooteid klientidele \u00fcle kogu maailma ja teeninud hea maine t\u00e4nu meie suurep\u00e4rasele tootekvaliteedile ja m\u00fc\u00fcgij\u00e4rgsele teenindusele. Me tervitame soojalt kliente nii kodus kui ka v\u00e4lismaal, et v\u00f5tta meiega \u00fchendust, et pidada l\u00e4bir\u00e4\u00e4kimisi \u00e4ri, vahetada teavet ja\u00a0<a href=\"https:\/\/www.hydraulic-cylinders.net\/et\/contact-us\/\">teha meiega koost\u00f6\u00f6d<\/a>!<\/p>\n<p>&nbsp;<\/p>\n<h2><\/h2>","protected":false},"excerpt":{"rendered":"<p>CA Monaural Type Gksk Joint Earring Connector Heavy Rod Hydraulic Cylinder The CA monaural type Gksk Articulated Earring Connector Heavy Rod hydraulic cylinder is a cutting-edge hydraulic element for heavy industrial applications. With its rugged construction, advanced features, and precise functionality, this hydraulic cylinder is designed to provide optimal power, reliability, and performance. Whether you [&hellip;]<\/p>","protected":false},"featured_media":934,"comment_status":"open","ping_status":"closed","template":"","meta":{"_et_pb_use_builder":"","_et_pb_old_content":"","_et_gb_content_width":""},"product_brand":[],"product_cat":[1376,1385],"product_tag":[1380],"class_list":{"0":"post-931","1":"product","2":"type-product","3":"status-publish","4":"has-post-thumbnail","6":"product_cat-hydraulic-cylinder","7":"product_cat-heavy-rod-hydraulic-cylinder","8":"product_tag-hydraulic-cylinder","10":"first","11":"instock","12":"shipping-taxable","13":"product-type-simple"},"amp_enabled":true,"_links":{"self":[{"href":"https:\/\/www.hydraulic-cylinders.net\/et\/wp-json\/wp\/v2\/product\/931","targetHints":{"allow":["GET"]}}],"collection":[{"href":"https:\/\/www.hydraulic-cylinders.net\/et\/wp-json\/wp\/v2\/product"}],"about":[{"href":"https:\/\/www.hydraulic-cylinders.net\/et\/wp-json\/wp\/v2\/types\/product"}],"replies":[{"embeddable":true,"href":"https:\/\/www.hydraulic-cylinders.net\/et\/wp-json\/wp\/v2\/comments?post=931"}],"wp:featuredmedia":[{"embeddable":true,"href":"https:\/\/www.hydraulic-cylinders.net\/et\/wp-json\/wp\/v2\/media\/934"}],"wp:attachment":[{"href":"https:\/\/www.hydraulic-cylinders.net\/et\/wp-json\/wp\/v2\/media?parent=931"}],"wp:term":[{"taxonomy":"product_brand","embeddable":true,"href":"https:\/\/www.hydraulic-cylinders.net\/et\/wp-json\/wp\/v2\/product_brand?post=931"},{"taxonomy":"product_cat","embeddable":true,"href":"https:\/\/www.hydraulic-cylinders.net\/et\/wp-json\/wp\/v2\/product_cat?post=931"},{"taxonomy":"product_tag","embeddable":true,"href":"https:\/\/www.hydraulic-cylinders.net\/et\/wp-json\/wp\/v2\/product_tag?post=931"}],"curies":[{"name":"wp","href":"https:\/\/api.w.org\/{rel}","templated":true}]}}