{"id":948,"date":"2023-09-04T06:47:46","date_gmt":"2023-09-04T06:47:46","guid":{"rendered":"https:\/\/hydraulic-cylinders.net\/?post_type=product&#038;p=948"},"modified":"2023-09-19T01:23:54","modified_gmt":"2023-09-19T01:23:54","slug":"fa-double-shaft-front-flange-type-heavy-rod-hydraulic-cylinder","status":"publish","type":"product","link":"https:\/\/www.hydraulic-cylinders.net\/et\/toode\/fa-double-shaft-front-flange-type-heavy-rod-hydraulic-cylinder\/","title":{"rendered":"FA Double Shaft Front Flange Type Heavy Rod h\u00fcdrosilinder"},"content":{"rendered":"<h1 style=\"text-align: center;\"><strong>FA Double Shaft Front Flange Type Heavy Rod h\u00fcdrosilinder<\/strong><\/h1>\n<p>FA kahev\u00f5lliline esi\u00e4\u00e4rikuga raskevardaline h\u00fcdrosilinder on vastupidav ja suure j\u00f5udlusega h\u00fcdrauliline element, mis on loodud n\u00f5udlike t\u00f6\u00f6stusrakenduste kiireks k\u00e4sitlemiseks. Oma vastupidava konstruktsiooni, kahev\u00f5llilise disaini ja esi\u00e4\u00e4riku konfiguratsiooniga pakub see h\u00fcdrosilinder erakordset v\u00f5imsust, t\u00e4psust ja t\u00f6\u00f6kindlust. Olenemata sellest, kas teil on vaja t\u00f5sta, l\u00fckata v\u00f5i t\u00f5mmata raskeid koormaid, toimib FA kahev\u00f5lliline esi\u00e4\u00e4rikuga raskevardaline h\u00fcdrosilinder keerulistes tingimustes, muutes selle asendamatuks t\u00f6\u00f6riistaks igas t\u00f6\u00f6stusharus.<\/p>\n<p>Raske varda h\u00fcdraulilise silindri olulised omadused:<\/p>\n<p><strong>Vastupidav konstruktsioon: <\/strong>See h\u00fcdrosilinder talub ekstreemseid tingimusi t\u00e4nu oma vastupidavale ja kvaliteetsetest materjalidest konstruktsioonile. Selle vastupidav konstruktsioon tagab pika t\u00f6\u00f6ea, t\u00f6\u00f6kindluse ja kulumiskindluse, v\u00f5imaldades sellel taluda raskeid koormusi, k\u00f5rget r\u00f5hku ja karmi t\u00f6\u00f6keskkonda.<\/p>\n<p><strong>Topeltv\u00f5lli disain:<\/strong>\u00a0 Silindri kaheteljeline konfiguratsioon tagab parema stabiilsuse, kontrollitud liikumise ja t\u00e4pse positsioneerimise. Silindri m\u00f5lemas otsas on v\u00f5llid, mis v\u00f5imaldavad samaaegset t\u00f5uke- ja t\u00f5mbeliigutust, muutes selle ideaalseks rakendusteks, mis vajavad kahesuunalist j\u00f5udu.<\/p>\n<p><strong>Esi\u00e4\u00e4riku konfiguratsioon:<\/strong> FA topeltv\u00f5lliga esi\u00e4\u00e4riku t\u00fc\u00fcpi raskevardalise h\u00fcdrosilindri esi\u00e4\u00e4riku konstruktsioon pakub lihtsat ja mugavat paigaldusv\u00f5imalust. \u00c4\u00e4rikud saab otse seadmete v\u00f5i masinate k\u00fclge kinnitada, mis lihtsustab paigaldamist ja tagab \u00f5ige joonduse.<\/p>\n<p><img loading=\"lazy\" decoding=\"async\" class=\"size-medium wp-image-952 aligncenter\" src=\"https:\/\/hydraulic-cylinders.net\/wp-content\/uploads\/2023\/09\/fa-double-shaft-front-flange-type-heavy-rod-hydraulic-cylinder-2-1-300x300.webp\" alt=\"\" width=\"300\" height=\"300\" srcset=\"https:\/\/www.hydraulic-cylinders.net\/wp-content\/uploads\/2023\/09\/fa-double-shaft-front-flange-type-heavy-rod-hydraulic-cylinder-2-1-300x300.webp 300w, https:\/\/www.hydraulic-cylinders.net\/wp-content\/uploads\/2023\/09\/fa-double-shaft-front-flange-type-heavy-rod-hydraulic-cylinder-2-1-100x100.webp 100w, https:\/\/www.hydraulic-cylinders.net\/wp-content\/uploads\/2023\/09\/fa-double-shaft-front-flange-type-heavy-rod-hydraulic-cylinder-2-1-150x150.webp 150w, https:\/\/www.hydraulic-cylinders.net\/wp-content\/uploads\/2023\/09\/fa-double-shaft-front-flange-type-heavy-rod-hydraulic-cylinder-2-1-12x12.webp 12w, https:\/\/www.hydraulic-cylinders.net\/wp-content\/uploads\/2023\/09\/fa-double-shaft-front-flange-type-heavy-rod-hydraulic-cylinder-2-1.webp 302w\" sizes=\"(max-width: 300px) 100vw, 300px\" \/><\/p>\n<h2><strong>FA topeltv\u00f5lli esi\u00e4\u00e4riku t\u00fc\u00fcpi raske varda h\u00fcdraulilise silindri parameeter:<\/strong><\/h2>\n<p><img loading=\"lazy\" decoding=\"async\" class=\"alignnone wp-image-950 size-full\" src=\"https:\/\/hydraulic-cylinders.net\/wp-content\/uploads\/2023\/09\/fa-double-shaft-front-flange-type-heavy-rod-hydraulic-cylinder-1.webp\" alt=\"\" width=\"790\" height=\"568\" srcset=\"https:\/\/hydraulic-cylinders.net\/wp-content\/uploads\/2023\/09\/fa-double-shaft-front-flange-type-heavy-rod-hydraulic-cylinder-1.webp 790w, https:\/\/hydraulic-cylinders.net\/wp-content\/uploads\/2023\/09\/fa-double-shaft-front-flange-type-heavy-rod-hydraulic-cylinder-1-480x345.webp 480w\" sizes=\"(min-width: 0px) and (max-width: 480px) 480px, (min-width: 481px) 790px, 100vw\" \/><\/p>\n<h2><strong>FA Double Shaft Front Flange Type Heavy Rod h\u00fcdrosilinder <\/strong><strong>Kasutamise meetod<\/strong><strong>:<\/strong><\/h2>\n<p><strong>Paigaldus:<\/strong>\u00a0 Esmalt paigaldage FA kahev\u00f5llilise esi\u00e4\u00e4riku t\u00fc\u00fcpi raskevardaga h\u00fcdrosilinder ohutult, kasutades sobivat kronsteini v\u00f5i kinnitusvahendit. Paigaldamise ajal veenduge \u00f5iges joonduses ja stabiilsuses, et v\u00e4ltida silindri joondamata joondust v\u00f5i liigset pinget.<\/p>\n<p><strong>H\u00fcdraulikas\u00fcsteemi integreerimine:<\/strong>\u00a0 \u00dchendage h\u00fcdrovoolik silindriga vastavalt tootja juhistele ja suunistele. Silinder integreeritakse h\u00fcdros\u00fcsteemi, \u00fchendades selle sobiva pumba v\u00f5i j\u00f5uallikaga. Veenduge, et silindri spetsifikatsioonid ja t\u00f6\u00f6n\u00f5uded oleksid t\u00e4idetud.<\/p>\n<p><strong>Juhtimine ja kasutamine:<\/strong>\u00a0 H\u00fcdraulikas\u00fcsteemi juhtventiil reguleerib h\u00fcdraulika\u00f5li voolu silindrisse ja silindrist v\u00e4lja. Reguleerige juhtseadiseid, et saavutada soovitud lineaarne liikumine ja j\u00f5uv\u00e4ljund. Testige silindri liikumist, et kontrollida selle toimimist ja reageerimisv\u00f5imet.<\/p>\n<h2><strong>FA Double Shaft Front Flange Type Heavy Rod h\u00fcdrosilinder <\/strong><strong>Hooldus<\/strong><strong>:<\/strong><\/h2>\n<p>FA kahekordse v\u00f5lliga esi\u00e4\u00e4riku t\u00fc\u00fcpi raskevarda h\u00fcdrosilindri optimaalse j\u00f5udluse ja pikaealisuse tagamiseks on regulaarne hooldus h\u00e4davajalik. J\u00e4rgige neid hooldusjuhiseid:<\/p>\n<p><strong>Regulaarne kontroll:<\/strong>\u00a0 Tehke rutiinseid kontrolle kulumise, kahjustuste v\u00f5i lekete tunnuste tuvastamiseks. Kontrollige silindriplokke, v\u00f5lle, tihendeid ja muid komponente k\u00f5rvalekallete suhtes. Lahendage k\u00f5ik probleemid viivitamatult, et v\u00e4ltida edasisi vigastusi v\u00f5i ebaefektiivsust t\u00f6\u00f6s.<\/p>\n<p><strong>M\u00e4\u00e4rimine:<\/strong> Kandke silindri liikuvatele osadele, sealhulgas v\u00f5llidele ja tihenditele, soovitatud m\u00e4\u00e4rdeainet. Regulaarne m\u00e4\u00e4rimine v\u00e4hendab h\u00f5\u00f5rdumist, v\u00e4hendab kulumist ja tagab sujuva t\u00f6\u00f6. J\u00e4rgige tootja juhiseid m\u00e4\u00e4rimisintervallide kohta ja kasutage sobivat m\u00e4\u00e4rdeaine t\u00fc\u00fcpi.<\/p>\n<p><strong>Tihendi vahetamine:<\/strong>\u00a0 Kui leitakse, et tihendid on kulunud v\u00f5i lekivad, vahetage need tootja poolt heakskiidetud originaalvaruosadega v\u00e4lja. Kahjustatud v\u00f5i kulunud tihendid v\u00f5ivad kahjustada silindri j\u00f5udlust ja p\u00f5hjustada h\u00fcdraulika\u00f5li lekke.<\/p>\n<p><strong>Puhastamine:<\/strong>\u00a0 Puhastage silindrid mustusest, prahist ja muudest saasteainetest. Enne kokkupanekut kasutage mitteabrasiivset puhastusvahendit ja veenduge, et k\u00f5ik osad on t\u00e4iesti kuivad. Regulaarne puhastamine soodustab optimaalset j\u00f5udlust ja hoiab \u00e4ra enneaegse kulumise v\u00f5i kahjustused.<\/p>\n<h2><strong>Kuidas toolilt h\u00fcdraulilist silindrit eemaldada?<\/strong><\/h2>\n<p>H\u00fcdrosilindri toolilt eemaldamiseks toimige j\u00e4rgmiselt.<\/p>\n<ol>\n<li><strong>Ohutusabin\u00f5ud:<\/strong> Enne alustamist veenduge, et tool on stabiilsel pinnal ega saa \u00fcmber kukkuda. Kandke sobivaid isikukaitsevahendeid, n\u00e4iteks kindaid ja kaitseprille.<\/li>\n<li><strong>Laske tool alla:<\/strong> Kui toolil on reguleeritava k\u00f5rgusega funktsioon, langetage see madalaimasse asendisse. See samm lihtsustab h\u00fcdrosilindrile juurdep\u00e4\u00e4su ja selle eemaldamist.<\/li>\n<li><strong>Silindri kinnituspunkti leidmine:<\/strong> H\u00fcdraulilise silindri kinnituspunkti leidmiseks uurige tooli. See v\u00f5ib olla tooli aluses v\u00f5i istme all.<\/li>\n<li><strong>Eemaldage kinnitusklamber:<\/strong> Paljud toolid kasutavad h\u00fcdraulilise silindri kinnitamiseks kinnitusklambrit v\u00f5i -r\u00f5ngast. Leidke kinnitusklamber ja eemaldage see lameda kruvikeeraja v\u00f5i tangide abil. Olge ettevaatlik, kuna klamber v\u00f5ib vabastamisel v\u00e4lja h\u00fcpata.<\/li>\n<li><strong>Eraldage silinder tooli alusest:<\/strong> Kui kinnitusklamber on eemaldatud, saate h\u00fcdrosilindri tooli alusest lahti \u00fchendada. Haarake kindlalt tooliistmest ja t\u00f5stke seda \u00fclespoole, rakendades samal ajal \u00f5rnalt j\u00f5udu, et silinder maapinnast eraldada. Silindri vabastamiseks peate seda v\u00f5ib-olla veidi liigutama v\u00f5i keerama.<\/li>\n<li><strong>Kontrollige ja puhastage:<\/strong> P\u00e4rast h\u00fcdrosilindri eemaldamist kontrollige seda kahjustuste, lekete v\u00f5i kulumise suhtes. Kontrollige nii silindri kui ka tooli kinnituspunkte prahi, mustuse v\u00f5i rooste suhtes. Puhastage need kohad \u00f5rna puhastusvahendi v\u00f5i veega niisutatud lapiga.<\/li>\n<li><strong>Taaspaigaldus v\u00f5i asendamine:<\/strong> Kui kavatsete h\u00fcdraulilist silindrit taaskasutada, veenduge, et see on heas t\u00f6\u00f6korras ja defektideta. Kandke kinnituspunktidele v\u00e4ike kogus m\u00e4\u00e4rdeainet, et tagada sujuv liikumine. Silindri toolile tagasipaigaldamiseks tehke toimingud vastupidises j\u00e4rjekorras. Kui silinder on kahjustatud v\u00f5i talitlush\u00e4irega, on soovitatav see asendada uue, sobiva suuruse ja spetsifikatsioonidega silindriga.<\/li>\n<\/ol>\n<h2><strong>Tehase v\u00f5imekus ja suutlikkus:<\/strong><\/h2>\n<h3>(1) Kokkupanek<\/h3>\n<p>Meil on esmaklassiline s\u00f5ltumatu teadus- ja arendustegevuse montaa\u017eiplatvorm. H\u00fcdrosilindrite tootmist\u00f6\u00f6kojas on neli poolautomaatset t\u00f5stesilindrite koosteliini ja \u00fcks automaatne kallutussilindrite koosteliin, mille kavandatud aastane tootmisv\u00f5imsus on 1 miljon t\u00fckki. Spetsiaalsete silindrite t\u00f6\u00f6koda on varustatud erinevate spetsifikatsioonidega poolautomaatse puhastusmontaa\u017eis\u00fcsteemiga, mille kavandatud aastane tootmisv\u00f5imsus on 200 000 ja mis on varustatud kuulsate CNC-t\u00f6\u00f6tlemisseadmete, mehaanilise t\u00f6\u00f6tlemise keskuse, suure t\u00e4psusega silindrite t\u00f6\u00f6tlemise eriseadmete, robotkeevitusmasina, automaatse puhastusmasina, automaatse silindri kokkupanemise masina ja automaatse v\u00e4rvimise tootmisliiniga. Olemasolevad kriitilised seadmed rohkem kui 300 komplekti (komplekti). Seadmete ressursside optimaalne jaotamine ja t\u00f5hus kasutamine tagavad toodete t\u00e4psusn\u00f5uded ja vastavad toodete kvaliteedin\u00f5uetele.<\/p>\n<p><img loading=\"lazy\" decoding=\"async\" class=\"alignnone wp-image-626\" src=\"https:\/\/hydraulic-cylinders.net\/wp-content\/uploads\/2023\/08\/hydraulic-cylinder-product-1-300x158.webp\" alt=\"\" width=\"495\" height=\"260\" srcset=\"https:\/\/hydraulic-cylinders.net\/wp-content\/uploads\/2023\/08\/hydraulic-cylinder-product-1-300x158.webp 495w, https:\/\/hydraulic-cylinders.net\/wp-content\/uploads\/2023\/08\/hydraulic-cylinder-product-1-480x252.webp 480w\" sizes=\"(min-width: 0px) and (max-width: 480px) 480px, (min-width: 481px) 495px, 100vw\" \/> <img loading=\"lazy\" decoding=\"async\" class=\"alignnone wp-image-627\" src=\"https:\/\/hydraulic-cylinders.net\/wp-content\/uploads\/2023\/08\/hydraulic-cylinder-product-2-300x189.webp\" alt=\"\" width=\"413\" height=\"260\" \/><\/p>\n<h3>(2) T\u00f6\u00f6tlemine<\/h3>\n<p>T\u00f6\u00f6deldav t\u00f6\u00f6koda on varustatud kohandatud kallutatud r\u00f6\u00f6pse treipingi keskuse, mehaanilise keskuse, kiire lihvimismasina, keevitusroboti ja muude seotud seadmetega, mis suudavad t\u00f6\u00f6delda silindritorusid, mille maksimaalne sisel\u00e4bim\u00f5\u00f5t on 400 mm ja maksimaalne pikkus on 6 meetrit.<\/p>\n<p><img loading=\"lazy\" decoding=\"async\" class=\"alignnone wp-image-628 size-large\" src=\"https:\/\/hydraulic-cylinders.net\/wp-content\/uploads\/2023\/08\/hydraulic-cylinder-product-3-1024x391.webp\" alt=\"\" width=\"1024\" height=\"391\" srcset=\"https:\/\/hydraulic-cylinders.net\/wp-content\/uploads\/2023\/08\/hydraulic-cylinder-product-3-980x374.webp 980w, https:\/\/hydraulic-cylinders.net\/wp-content\/uploads\/2023\/08\/hydraulic-cylinder-product-3-480x183.webp 480w\" sizes=\"(min-width: 0px) and (max-width: 480px) 480px, (min-width: 481px) and (max-width: 980px) 980px, (min-width: 981px) 1024px, 100vw\" \/><\/p>\n<h3>(3) Keevitamine<\/h3>\n<p><img loading=\"lazy\" decoding=\"async\" class=\"alignnone wp-image-629 size-large\" src=\"https:\/\/hydraulic-cylinders.net\/wp-content\/uploads\/2023\/08\/hydraulic-cylinder-product-4-1024x510.webp\" alt=\"\" width=\"1024\" height=\"510\" srcset=\"https:\/\/hydraulic-cylinders.net\/wp-content\/uploads\/2023\/08\/hydraulic-cylinder-product-4-980x488.webp 980w, https:\/\/hydraulic-cylinders.net\/wp-content\/uploads\/2023\/08\/hydraulic-cylinder-product-4-480x239.webp 480w\" sizes=\"(min-width: 0px) and (max-width: 480px) 480px, (min-width: 481px) and (max-width: 980px) 980px, (min-width: 981px) 1024px, 100vw\" \/><\/p>\n<h3>(4) V\u00e4rvimine ja katmine<\/h3>\n<p>V\u00e4ikese ja keskmise suurusega silindri automaatse veep\u00f5hise v\u00e4rvipinnakattega liinide abil, et saavutada automaatne robotlaadimine ja mahalaadimine ning automaatne pihustamine, projekteerimisv\u00f5imsus 4000 t\u00fckki vahetuse kohta;<br \/>\nMeil on ka poolautomaatne suurte balloonide v\u00e4rvimise tootmisliin, mis t\u00f6\u00f6tab j\u00f5ukettaga ja mille projekteerimisv\u00f5imsus on 60 kasti \u00fche vahetuse kohta.<\/p>\n<p><img loading=\"lazy\" decoding=\"async\" class=\"alignnone wp-image-630\" src=\"https:\/\/hydraulic-cylinders.net\/wp-content\/uploads\/2023\/08\/hydraulic-cylinder-product-5-300x213.webp\" alt=\"\" width=\"366\" height=\"260\" \/> <img loading=\"lazy\" decoding=\"async\" class=\"alignnone wp-image-631\" src=\"https:\/\/hydraulic-cylinders.net\/wp-content\/uploads\/2023\/08\/hydraulic-cylinder-product-6-300x225.webp\" alt=\"\" width=\"347\" height=\"260\" \/><\/p>\n<h3>(5) Testimine<\/h3>\n<p>Meil on esmaklassilised kontrolliseadmed ja katsestendid, et tagada silindri j\u00f5udlus vastavus n\u00f5uetele.<\/p>\n<p><img loading=\"lazy\" decoding=\"async\" class=\"alignnone wp-image-632\" src=\"https:\/\/hydraulic-cylinders.net\/wp-content\/uploads\/2023\/08\/hydraulic-cylinder-product-8-300x200.webp\" alt=\"\" width=\"389\" height=\"260\" \/><\/p>\n<p>&nbsp;<\/p>\n<p>&nbsp;<\/p>\n<p>Oleme \u00fcks parimaid raskevarrastega h\u00fcdrauliliste silindrite tootjaid. Pakume laia valikut raskevarrastega h\u00fcdraulilisi silindreid. Pakume ka vastavaid... <a href=\"https:\/\/hzpt.com\/agricultural-pto-gearbox\/\" target=\"_blank\" rel=\"noopener\">p\u00f5llumajanduslikud k\u00e4igukastid<\/a>. Oleme eksportinud oma tooteid klientidele \u00fcle kogu maailma ja teeninud hea maine t\u00e4nu meie suurep\u00e4rasele tootekvaliteedile ja m\u00fc\u00fcgij\u00e4rgsele teenindusele. Me tervitame soojalt kliente nii kodus kui ka v\u00e4lismaal, et v\u00f5tta meiega \u00fchendust, et pidada l\u00e4bir\u00e4\u00e4kimisi \u00e4ri, vahetada teavet ja\u00a0<a href=\"https:\/\/www.hydraulic-cylinders.net\/et\/contact-us\/\">teha meiega koost\u00f6\u00f6d<\/a>!<\/p>\n<p>&nbsp;<\/p>\n<h2><\/h2>\n<h2><\/h2>","protected":false},"excerpt":{"rendered":"<p>FA Double Shaft Front Flange Type Heavy Rod Hydraulic Cylinder The FA double shaft front flange type heavy rod hydraulic cylinder is a rugged, high-performance hydraulic element designed to handle demanding industrial applications quickly. With its durable construction, dual shaft design, and front flange configuration, this hydraulic cylinder offers exceptional power, accuracy, and reliability. Whether [&hellip;]<\/p>","protected":false},"featured_media":951,"comment_status":"open","ping_status":"closed","template":"","meta":{"_et_pb_use_builder":"","_et_pb_old_content":"","_et_gb_content_width":""},"product_brand":[],"product_cat":[1376,1385],"product_tag":[1380],"class_list":{"0":"post-948","1":"product","2":"type-product","3":"status-publish","4":"has-post-thumbnail","6":"product_cat-hydraulic-cylinder","7":"product_cat-heavy-rod-hydraulic-cylinder","8":"product_tag-hydraulic-cylinder","10":"first","11":"instock","12":"shipping-taxable","13":"product-type-simple"},"amp_enabled":true,"_links":{"self":[{"href":"https:\/\/www.hydraulic-cylinders.net\/et\/wp-json\/wp\/v2\/product\/948","targetHints":{"allow":["GET"]}}],"collection":[{"href":"https:\/\/www.hydraulic-cylinders.net\/et\/wp-json\/wp\/v2\/product"}],"about":[{"href":"https:\/\/www.hydraulic-cylinders.net\/et\/wp-json\/wp\/v2\/types\/product"}],"replies":[{"embeddable":true,"href":"https:\/\/www.hydraulic-cylinders.net\/et\/wp-json\/wp\/v2\/comments?post=948"}],"wp:featuredmedia":[{"embeddable":true,"href":"https:\/\/www.hydraulic-cylinders.net\/et\/wp-json\/wp\/v2\/media\/951"}],"wp:attachment":[{"href":"https:\/\/www.hydraulic-cylinders.net\/et\/wp-json\/wp\/v2\/media?parent=948"}],"wp:term":[{"taxonomy":"product_brand","embeddable":true,"href":"https:\/\/www.hydraulic-cylinders.net\/et\/wp-json\/wp\/v2\/product_brand?post=948"},{"taxonomy":"product_cat","embeddable":true,"href":"https:\/\/www.hydraulic-cylinders.net\/et\/wp-json\/wp\/v2\/product_cat?post=948"},{"taxonomy":"product_tag","embeddable":true,"href":"https:\/\/www.hydraulic-cylinders.net\/et\/wp-json\/wp\/v2\/product_tag?post=948"}],"curies":[{"name":"wp","href":"https:\/\/api.w.org\/{rel}","templated":true}]}}