{"id":953,"date":"2023-09-04T06:53:22","date_gmt":"2023-09-04T06:53:22","guid":{"rendered":"https:\/\/hydraulic-cylinders.net\/?post_type=product&#038;p=953"},"modified":"2023-09-19T01:02:05","modified_gmt":"2023-09-19T01:02:05","slug":"standard-biaxial-type-heavy-rod-hydraulic-cylinder","status":"publish","type":"product","link":"https:\/\/www.hydraulic-cylinders.net\/et\/toode\/standard-biaxial-type-heavy-rod-hydraulic-cylinder\/","title":{"rendered":"Standardne kahesuunaline t\u00fc\u00fcp raske varda h\u00fcdrosilinder"},"content":{"rendered":"<h1 style=\"text-align: center;\"><strong>Standardne kahesuunaline t\u00fc\u00fcp raske varda h\u00fcdrosilinder<\/strong><\/h1>\n<p>Standardne kaheteljeline raskevardaline h\u00fcdrosilinder on mitmek\u00fclgne ja vastupidav h\u00fcdrauliline element, mis on loodud n\u00f5udlike t\u00f6\u00f6stuslike rakenduste jaoks. Oma vastupidava konstruktsiooni, kaheteljelise disaini ja suure koormusega v\u00f5imekusega pakub see h\u00fcdrosilinder erakordset v\u00f5imsust, t\u00e4psust ja t\u00f6\u00f6kindlust. Olenemata sellest, kas teil on vaja t\u00f5sta, l\u00fckata v\u00f5i t\u00f5mmata raskeid koormaid, paistab standardne kaheteljeline raskevardaline h\u00fcdrosilinder silma keerulistes tingimustes.<\/p>\n<p>Raske varda h\u00fcdraulilise silindri olulised omadused:<\/p>\n<p><strong>Vastupidav konstruktsioon:<\/strong> See raske vardaga h\u00fcdrosilinder on ehitatud kestma, sellel on vastupidav ja vastupidav konstruktsioon, mis on valmistatud kvaliteetsetest materjalidest. Selle vastupidav disain tagab pikaealisuse ja kulumiskindluse, v\u00f5imaldades sellel taluda suuri koormusi, k\u00f5rget r\u00f5hku ja karme t\u00f6\u00f6keskkondi.<\/p>\n<p><strong>Kaheteljeline disain:<\/strong>\u00a0 Silindri kaheteljeline konfiguratsioon tagab parema stabiilsuse ja liikumise kontrolli. Kahe v\u00f5lliga konstruktsioon tagab t\u00e4pse positsioneerimise ja sujuva t\u00f6\u00f6, minimeerides joondamise v\u00f5i l\u00e4bipainde ohtu kasutamise ajal.<\/p>\n<p><strong>Raske varras:<\/strong>\u00a0 Standardse kahev\u00f5llilise raskevardalise h\u00fcdrosilindri raske varda konstruktsioon v\u00f5imaldab sellel toota suurt j\u00f5udu. See funktsioon sobib rakenduste jaoks, mis t\u00f5stavad, l\u00fckkavad v\u00f5i t\u00f5mbavad raskeid koormaid vaevata ja t\u00e4pselt.<\/p>\n<p><img loading=\"lazy\" decoding=\"async\" class=\"size-medium wp-image-954 aligncenter\" src=\"https:\/\/hydraulic-cylinders.net\/wp-content\/uploads\/2023\/09\/standard-biaxial-type-heavy-rod-hydraulic-cylinder-2-300x300.webp\" alt=\"\" width=\"300\" height=\"300\" srcset=\"https:\/\/www.hydraulic-cylinders.net\/wp-content\/uploads\/2023\/09\/standard-biaxial-type-heavy-rod-hydraulic-cylinder-2-300x300.webp 300w, https:\/\/www.hydraulic-cylinders.net\/wp-content\/uploads\/2023\/09\/standard-biaxial-type-heavy-rod-hydraulic-cylinder-2-100x100.webp 100w, https:\/\/www.hydraulic-cylinders.net\/wp-content\/uploads\/2023\/09\/standard-biaxial-type-heavy-rod-hydraulic-cylinder-2-150x150.webp 150w, https:\/\/www.hydraulic-cylinders.net\/wp-content\/uploads\/2023\/09\/standard-biaxial-type-heavy-rod-hydraulic-cylinder-2-12x12.webp 12w, https:\/\/www.hydraulic-cylinders.net\/wp-content\/uploads\/2023\/09\/standard-biaxial-type-heavy-rod-hydraulic-cylinder-2.webp 318w\" sizes=\"(max-width: 300px) 100vw, 300px\" \/><\/p>\n<h2><strong>Standardne kaheteljelise t\u00fc\u00fcbi raske varda h\u00fcdraulilise silindri parameeter:<\/strong><\/h2>\n<p><img loading=\"lazy\" decoding=\"async\" class=\"alignnone wp-image-955 size-full\" src=\"https:\/\/hydraulic-cylinders.net\/wp-content\/uploads\/2023\/09\/standard-biaxial-type-heavy-rod-hydraulic-cylinder-1.webp\" alt=\"\" width=\"790\" height=\"507\" srcset=\"https:\/\/hydraulic-cylinders.net\/wp-content\/uploads\/2023\/09\/standard-biaxial-type-heavy-rod-hydraulic-cylinder-1.webp 790w, https:\/\/hydraulic-cylinders.net\/wp-content\/uploads\/2023\/09\/standard-biaxial-type-heavy-rod-hydraulic-cylinder-1-480x308.webp 480w\" sizes=\"(min-width: 0px) and (max-width: 480px) 480px, (min-width: 481px) 790px, 100vw\" \/><\/p>\n<h2><strong>Standardse kahesuunalise t\u00fc\u00fcpi raske varda h\u00fcdraulilise silindri kasutusmeetod<\/strong><strong>:<\/strong><\/h2>\n<ol>\n<li><strong>Paigaldus:<\/strong> Alustage standardse kaheteljelise t\u00fc\u00fcpi raskevardaga h\u00fcdrosilindri kindlast paigaldamisest sobivate kronsteinide v\u00f5i kinnitusdetailide abil. Paigaldamise ajal veenduge \u00f5iges joonduses ja stabiilsuses, et v\u00e4ltida silindri joonduse puudumist v\u00f5i liigset pinget.<\/li>\n<li><strong>H\u00fcdraulikas\u00fcsteemi integreerimine:<\/strong> \u00dchendage h\u00fcdraulikavoolikud silindriga, j\u00e4rgides tootja juhiseid ja suuniseid. Integreerige silinder h\u00fcdraulikas\u00fcsteemi, \u00fchendades selle sobiva pumba v\u00f5i j\u00f5uallikaga. Veenduge, et see vastaks silindri spetsifikatsioonidele ja t\u00f6\u00f6n\u00f5uetele.<\/li>\n<li><strong>Juhtimine ja kasutamine:<\/strong> Kasutage h\u00fcdraulikas\u00fcsteemi juhtventiile, et reguleerida h\u00fcdraulikavedeliku voolu silindrisse ja silindrist v\u00e4lja. Reguleerige juhtimisseadeid, et saavutada soovitud lineaarne liikumine ja j\u00f5uv\u00e4ljund. Testige silindri liikumist, et kontrollida selle funktsionaalsust ja reageerimisv\u00f5imet.<\/li>\n<\/ol>\n<h2><strong>Standardse kahesuunalise t\u00fc\u00fcpi raske varda h\u00fcdraulilise silindri hooldus<\/strong><strong>:<\/strong><\/h2>\n<p>Standardse kaheteljelise raske vardaga h\u00fcdrosilindri optimaalse j\u00f5udluse ja pikaealisuse tagamiseks on regulaarne hooldus h\u00e4davajalik. J\u00e4rgige neid hooldusjuhiseid:<\/p>\n<ol>\n<li><strong>Regulaarne kontroll:<\/strong> Tehke rutiinseid kontrolle kulumise, kahjustuste v\u00f5i lekete tunnuste tuvastamiseks. Kontrollige silindri korpust, varrast, tihendeid ja muid komponente k\u00f5rvalekallete suhtes. Lahendage k\u00f5ik probleemid viivitamatult, et v\u00e4ltida edasisi vigastusi v\u00f5i ebaefektiivsust t\u00f6\u00f6s.<\/li>\n<li><strong>M\u00e4\u00e4rimine:<\/strong> Kandke silindri liikuvatele osadele, sealhulgas vardale ja tihenditele, soovitatud m\u00e4\u00e4rdeainet. Regulaarne m\u00e4\u00e4rimine v\u00e4hendab h\u00f5\u00f5rdumist, v\u00e4hendab kulumist ja tagab sujuva t\u00f6\u00f6. J\u00e4rgige tootja juhiseid m\u00e4\u00e4rimisintervallide kohta ja kasutage sobivat m\u00e4\u00e4rdeaine t\u00fc\u00fcpi.<\/li>\n<li><strong>Tihendi vahetamine:<\/strong> Kui m\u00e4rkate tihendi halvenemist v\u00f5i leket, vahetage tihendid originaalsete tootja poolt heakskiidetud varuosade vastu. Kahjustatud v\u00f5i kulunud tihendid v\u00f5ivad halvendada silindri j\u00f5udlust ja p\u00f5hjustada h\u00fcdraulikavedeliku lekkeid.<\/li>\n<li><strong>Puhastamine:<\/strong> Puhastage silinder mustuse, prahi ja muude saasteainete eemaldamise teel. Kasutage mitteabrasiivset puhastusvahendit ja veenduge, et k\u00f5ik komponendid on enne kokkupanekut korralikult kuivatatud. Regulaarne puhastamine soodustab optimaalset j\u00f5udlust ja hoiab \u00e4ra enneaegse kulumise v\u00f5i kahjustused.<\/li>\n<\/ol>\n<h2><strong>Kuidas m\u00e4\u00e4rata h\u00fcdraulilise silindri suurust?<\/strong><\/h2>\n<p>H\u00fcdrosilindri suuruse m\u00e4\u00e4ramine h\u00f5lmab silindri sobivate spetsifikatsioonide ja m\u00f5\u00f5tmete kindlaksm\u00e4\u00e4ramist, et tagada selle efektiivne soovitud \u00fclesande t\u00e4itmine. Siin on h\u00fcdrosilindri suuruse m\u00e4\u00e4ramise \u00fcldised sammud:<\/p>\n<ol>\n<li><strong>M\u00e4\u00e4rake vajalik j\u00f5ud:<\/strong> Alustage kavandatud \u00fclesande liigutamiseks v\u00f5i t\u00e4itmiseks vajaliku j\u00f5u arvutamisest. Arvestage selliste teguritega nagu koorma kaal, vajalik kiirendus v\u00f5i kiirus ja k\u00f5ik muud s\u00fcsteemile m\u00f5juvad j\u00f5ud. See j\u00f5uvajadus aitab m\u00e4\u00e4rata h\u00fcdrosilindri minimaalset j\u00f5uv\u00f5imet.<\/li>\n<li><strong>T\u00f6\u00f6r\u00f5hu hindamine:<\/strong> M\u00e4\u00e4rake kindlaks h\u00fcdros\u00fcsteemi maksimaalne t\u00f6\u00f6r\u00f5hk, milles silinder t\u00f6\u00f6tab. T\u00f6\u00f6r\u00f5hk peaks olema piisav eelmises etapis arvutatud vajaliku j\u00f5u tekitamiseks. Veenduge, et h\u00fcdros\u00fcsteem, sealhulgas pump, ventiilid ja voolikud, suudavad eeldatavale r\u00f5hule vastu pidada.<\/li>\n<li><strong>Arvutage silindri l\u00e4bim\u00f5\u00f5t:<\/strong> Silindri l\u00e4bim\u00f5\u00f5t on selle j\u00f5umahu m\u00e4\u00e4ramisel kriitilise t\u00e4htsusega tegur. Kasutage valemit: J\u00f5ud (F) = R\u00f5hk (P) x Pindala (A), kus j\u00f5ud on naelades v\u00f5i njuutonites, r\u00f5hk on naelades ruuttolli kohta (psi) v\u00f5i paskalites (Pa) ja pindala on ruuttollides v\u00f5i ruutmeetrites. Silindri vajaliku l\u00e4bim\u00f5\u00f5du arvutamiseks muutke valemit: L\u00e4bim\u00f5\u00f5t = \u221a(J\u00f5ud \/ (R\u00f5hk x \u03c0)).<\/li>\n<li><strong>M\u00f5elge l\u00f6\u00f6gi pikkusele:<\/strong> M\u00e4\u00e4rake vajalik k\u00e4igupikkus \u2013 maksimaalne vahemaa, mille jooksul silinder peab oma etten\u00e4htud funktsiooni t\u00e4itmiseks v\u00e4lja v\u00f5i sisse liikuma. Veenduge, et valitud silindri k\u00e4igupikkus v\u00f5imaldab soovitud liikumist.<\/li>\n<li><strong>Arvestage ohutusteguritega:<\/strong> Kaaluge arvutatud j\u00f5uvajadusele ohutusteguri lisamist, et tagada silindri taluvus ootamatute koormuste v\u00f5i t\u00f6\u00f6tingimuste muutustega. Standardne ohutustegur on 1,5\u20132 korda suurem kui hinnanguline j\u00f5ud.<\/li>\n<li><strong>Kontrollige kiirust ja vedeliku voolu:<\/strong> Arvestage silindri soovitud liikumiskiirusega ja veenduge, et h\u00fcdros\u00fcsteem suudab tagada selle kiiruse saavutamiseks vajaliku vedeliku voolukiiruse. V\u00e4ltige liiga suuri kiirusi, mis v\u00f5ivad ohustada ohutust v\u00f5i p\u00f5hjustada s\u00fcsteemi ebastabiilsust.<\/li>\n<li><strong>Vaadake tootja andmeid ja juhiseid:<\/strong> Konkreetsete balloonimudelite kohta vaadake tootja katalooge, tehnilisi andmelehti ja juhiseid. Tootjad pakuvad sageli suurustabeleid, j\u00f5udlusandmeid ja valikujuhiseid, mis aitavad teie rakendusele sobiva ballooni valida.<\/li>\n<\/ol>\n<h2><strong>Tehase v\u00f5imekus ja suutlikkus:<\/strong><\/h2>\n<h3>(1) Kokkupanek<\/h3>\n<p>Meil on esmaklassiline s\u00f5ltumatu teadus- ja arendustegevuse montaa\u017eiplatvorm. H\u00fcdrosilindrite tootmist\u00f6\u00f6kojas on neli poolautomaatset t\u00f5stesilindrite koosteliini ja \u00fcks automaatne kallutussilindrite koosteliin, mille kavandatud aastane tootmisv\u00f5imsus on 1 miljon t\u00fckki. Spetsiaalsete silindrite t\u00f6\u00f6koda on varustatud erinevate spetsifikatsioonidega poolautomaatse puhastusmontaa\u017eis\u00fcsteemiga, mille kavandatud aastane tootmisv\u00f5imsus on 200 000 ja mis on varustatud kuulsate CNC-t\u00f6\u00f6tlemisseadmete, mehaanilise t\u00f6\u00f6tlemise keskuse, suure t\u00e4psusega silindrite t\u00f6\u00f6tlemise eriseadmete, robotkeevitusmasina, automaatse puhastusmasina, automaatse silindri kokkupanemise masina ja automaatse v\u00e4rvimise tootmisliiniga. Olemasolevad kriitilised seadmed rohkem kui 300 komplekti (komplekti). Seadmete ressursside optimaalne jaotamine ja t\u00f5hus kasutamine tagavad toodete t\u00e4psusn\u00f5uded ja vastavad toodete kvaliteedin\u00f5uetele.<\/p>\n<p><img loading=\"lazy\" decoding=\"async\" class=\"alignnone wp-image-626\" src=\"https:\/\/hydraulic-cylinders.net\/wp-content\/uploads\/2023\/08\/hydraulic-cylinder-product-1-300x158.webp\" alt=\"\" width=\"495\" height=\"260\" srcset=\"https:\/\/hydraulic-cylinders.net\/wp-content\/uploads\/2023\/08\/hydraulic-cylinder-product-1-300x158.webp 495w, https:\/\/hydraulic-cylinders.net\/wp-content\/uploads\/2023\/08\/hydraulic-cylinder-product-1-480x252.webp 480w\" sizes=\"(min-width: 0px) and (max-width: 480px) 480px, (min-width: 481px) 495px, 100vw\" \/> <img loading=\"lazy\" decoding=\"async\" class=\"alignnone wp-image-627\" src=\"https:\/\/hydraulic-cylinders.net\/wp-content\/uploads\/2023\/08\/hydraulic-cylinder-product-2-300x189.webp\" alt=\"\" width=\"413\" height=\"260\" \/><\/p>\n<h3>(2) T\u00f6\u00f6tlemine<\/h3>\n<p>T\u00f6\u00f6deldav t\u00f6\u00f6koda on varustatud kohandatud kallutatud r\u00f6\u00f6pse treipingi keskuse, mehaanilise keskuse, kiire lihvimismasina, keevitusroboti ja muude seotud seadmetega, mis suudavad t\u00f6\u00f6delda silindritorusid, mille maksimaalne sisel\u00e4bim\u00f5\u00f5t on 400 mm ja maksimaalne pikkus on 6 meetrit.<\/p>\n<p><img loading=\"lazy\" decoding=\"async\" class=\"alignnone wp-image-628 size-large\" src=\"https:\/\/hydraulic-cylinders.net\/wp-content\/uploads\/2023\/08\/hydraulic-cylinder-product-3-1024x391.webp\" alt=\"\" width=\"1024\" height=\"391\" srcset=\"https:\/\/hydraulic-cylinders.net\/wp-content\/uploads\/2023\/08\/hydraulic-cylinder-product-3-980x374.webp 980w, https:\/\/hydraulic-cylinders.net\/wp-content\/uploads\/2023\/08\/hydraulic-cylinder-product-3-480x183.webp 480w\" sizes=\"(min-width: 0px) and (max-width: 480px) 480px, (min-width: 481px) and (max-width: 980px) 980px, (min-width: 981px) 1024px, 100vw\" \/><\/p>\n<h3>(3) Keevitamine<\/h3>\n<p><img loading=\"lazy\" decoding=\"async\" class=\"alignnone wp-image-629 size-large\" src=\"https:\/\/hydraulic-cylinders.net\/wp-content\/uploads\/2023\/08\/hydraulic-cylinder-product-4-1024x510.webp\" alt=\"\" width=\"1024\" height=\"510\" srcset=\"https:\/\/hydraulic-cylinders.net\/wp-content\/uploads\/2023\/08\/hydraulic-cylinder-product-4-980x488.webp 980w, https:\/\/hydraulic-cylinders.net\/wp-content\/uploads\/2023\/08\/hydraulic-cylinder-product-4-480x239.webp 480w\" sizes=\"(min-width: 0px) and (max-width: 480px) 480px, (min-width: 481px) and (max-width: 980px) 980px, (min-width: 981px) 1024px, 100vw\" \/><\/p>\n<h3>(4) V\u00e4rvimine ja katmine<\/h3>\n<p>V\u00e4ikese ja keskmise suurusega silindri automaatse veep\u00f5hise v\u00e4rvipinnakattega liinide abil, et saavutada automaatne robotlaadimine ja mahalaadimine ning automaatne pihustamine, projekteerimisv\u00f5imsus 4000 t\u00fckki vahetuse kohta;<br \/>\nMeil on ka poolautomaatne suurte balloonide v\u00e4rvimise tootmisliin, mis t\u00f6\u00f6tab j\u00f5ukettaga ja mille projekteerimisv\u00f5imsus on 60 kasti \u00fche vahetuse kohta.<\/p>\n<p><img loading=\"lazy\" decoding=\"async\" class=\"alignnone wp-image-630\" src=\"https:\/\/hydraulic-cylinders.net\/wp-content\/uploads\/2023\/08\/hydraulic-cylinder-product-5-300x213.webp\" alt=\"\" width=\"366\" height=\"260\" \/> <img loading=\"lazy\" decoding=\"async\" class=\"alignnone wp-image-631\" src=\"https:\/\/hydraulic-cylinders.net\/wp-content\/uploads\/2023\/08\/hydraulic-cylinder-product-6-300x225.webp\" alt=\"\" width=\"347\" height=\"260\" \/><\/p>\n<h3>(5) Testimine<\/h3>\n<p>Meil on esmaklassilised kontrolliseadmed ja katsestendid, et tagada silindri j\u00f5udlus vastavus n\u00f5uetele.<\/p>\n<p><img loading=\"lazy\" decoding=\"async\" class=\"alignnone wp-image-632\" src=\"https:\/\/hydraulic-cylinders.net\/wp-content\/uploads\/2023\/08\/hydraulic-cylinder-product-8-300x200.webp\" alt=\"\" width=\"389\" height=\"260\" \/><\/p>\n<p>&nbsp;<\/p>\n<p>&nbsp;<\/p>\n<p>Oleme \u00fcks parimaid raskevarrastega h\u00fcdrauliliste silindrite tootjaid. Pakume laia valikut raskevarrastega h\u00fcdraulilisi silindreid. Pakume ka vastavaid... <a href=\"https:\/\/hzpt.com\/agricultural-pto-gearbox\/\" target=\"_blank\" rel=\"noopener\">p\u00f5llumajanduslikud k\u00e4igukastid<\/a>. Oleme eksportinud oma tooteid klientidele \u00fcle kogu maailma ja teeninud hea maine t\u00e4nu meie suurep\u00e4rasele tootekvaliteedile ja m\u00fc\u00fcgij\u00e4rgsele teenindusele. Me tervitame soojalt kliente nii kodus kui ka v\u00e4lismaal, et v\u00f5tta meiega \u00fchendust, et pidada l\u00e4bir\u00e4\u00e4kimisi \u00e4ri, vahetada teavet ja\u00a0<a href=\"https:\/\/www.hydraulic-cylinders.net\/et\/contact-us\/\">teha meiega koost\u00f6\u00f6d<\/a>!<\/p>\n<p>&nbsp;<\/p>\n<h2><\/h2>","protected":false},"excerpt":{"rendered":"<p>Standard Biaxial Type Heavy Rod Hydraulic Cylinder The standard biaxial type heavy rod hydraulic cylinder is a versatile and robust hydraulic element designed to handle demanding industrial applications. With its durable construction, two-axle design, and heavy-duty capabilities, this hydraulic cylinder offers exceptional power, accuracy, and reliability. Whether you need to lift, push, or pull heavy [&hellip;]<\/p>","protected":false},"featured_media":956,"comment_status":"open","ping_status":"closed","template":"","meta":{"_et_pb_use_builder":"","_et_pb_old_content":"","_et_gb_content_width":""},"product_brand":[],"product_cat":[1376,1385],"product_tag":[1380],"class_list":{"0":"post-953","1":"product","2":"type-product","3":"status-publish","4":"has-post-thumbnail","6":"product_cat-hydraulic-cylinder","7":"product_cat-heavy-rod-hydraulic-cylinder","8":"product_tag-hydraulic-cylinder","10":"first","11":"instock","12":"shipping-taxable","13":"product-type-simple"},"amp_enabled":true,"_links":{"self":[{"href":"https:\/\/www.hydraulic-cylinders.net\/et\/wp-json\/wp\/v2\/product\/953","targetHints":{"allow":["GET"]}}],"collection":[{"href":"https:\/\/www.hydraulic-cylinders.net\/et\/wp-json\/wp\/v2\/product"}],"about":[{"href":"https:\/\/www.hydraulic-cylinders.net\/et\/wp-json\/wp\/v2\/types\/product"}],"replies":[{"embeddable":true,"href":"https:\/\/www.hydraulic-cylinders.net\/et\/wp-json\/wp\/v2\/comments?post=953"}],"wp:featuredmedia":[{"embeddable":true,"href":"https:\/\/www.hydraulic-cylinders.net\/et\/wp-json\/wp\/v2\/media\/956"}],"wp:attachment":[{"href":"https:\/\/www.hydraulic-cylinders.net\/et\/wp-json\/wp\/v2\/media?parent=953"}],"wp:term":[{"taxonomy":"product_brand","embeddable":true,"href":"https:\/\/www.hydraulic-cylinders.net\/et\/wp-json\/wp\/v2\/product_brand?post=953"},{"taxonomy":"product_cat","embeddable":true,"href":"https:\/\/www.hydraulic-cylinders.net\/et\/wp-json\/wp\/v2\/product_cat?post=953"},{"taxonomy":"product_tag","embeddable":true,"href":"https:\/\/www.hydraulic-cylinders.net\/et\/wp-json\/wp\/v2\/product_tag?post=953"}],"curies":[{"name":"wp","href":"https:\/\/api.w.org\/{rel}","templated":true}]}}