{"id":988,"date":"2023-09-06T07:32:37","date_gmt":"2023-09-06T07:32:37","guid":{"rendered":"https:\/\/hydraulic-cylinders.net\/?post_type=product&#038;p=988"},"modified":"2023-09-19T01:39:34","modified_gmt":"2023-09-19T01:39:34","slug":"rear-cover-rectangular-flange-four-rod-hydraulic-cylinder","status":"publish","type":"product","link":"https:\/\/www.hydraulic-cylinders.net\/et\/toode\/rear-cover-rectangular-flange-four-rod-hydraulic-cylinder\/","title":{"rendered":"Tagumine kate Ristk\u00fclikukujuline \u00e4\u00e4rik Nelja vardaga h\u00fcdrosilinder"},"content":{"rendered":"<h1 style=\"text-align: center;\"><strong>Tagumine kate Ristk\u00fclikukujuline \u00e4\u00e4rik Nelja vardaga h\u00fcdrosilinder<\/strong><\/h1>\n<p><img loading=\"lazy\" decoding=\"async\" class=\"size-full wp-image-989 aligncenter\" src=\"https:\/\/hydraulic-cylinders.net\/wp-content\/uploads\/2023\/09\/rear-cover-rectangular-flange-four-rod-hydraulic-cylinder-1.webp\" alt=\"\" width=\"229\" height=\"229\" srcset=\"https:\/\/www.hydraulic-cylinders.net\/wp-content\/uploads\/2023\/09\/rear-cover-rectangular-flange-four-rod-hydraulic-cylinder-1.webp 229w, https:\/\/www.hydraulic-cylinders.net\/wp-content\/uploads\/2023\/09\/rear-cover-rectangular-flange-four-rod-hydraulic-cylinder-1-100x100.webp 100w, https:\/\/www.hydraulic-cylinders.net\/wp-content\/uploads\/2023\/09\/rear-cover-rectangular-flange-four-rod-hydraulic-cylinder-1-150x150.webp 150w, https:\/\/www.hydraulic-cylinders.net\/wp-content\/uploads\/2023\/09\/rear-cover-rectangular-flange-four-rod-hydraulic-cylinder-1-12x12.webp 12w\" sizes=\"(max-width: 229px) 100vw, 229px\" \/><\/p>\n<p>Tagumise kaanega ristk\u00fclikukujulise \u00e4\u00e4rikuga nelja vardaga h\u00fcdrosilinder on mitmek\u00fclgne ja vastupidav nelja vardaga h\u00fcdrosilinder, mis on loodud usaldusv\u00e4\u00e4rse ja t\u00f5husa lineaarse liikumise tagamiseks erinevates t\u00f6\u00f6stusrakendustes. Oma ainulaadse disaini ja erakordse j\u00f5udlusega pakub see nelja vardaga h\u00fcdrosilinder silmapaistvat v\u00f5imsust ja t\u00e4psust, muutes selle ideaalseks valikuks n\u00f5udlike h\u00fcdraulikas\u00fcsteemide jaoks.<\/p>\n<p>Nelja vardaga h\u00fcdraulilise silindri olulised omadused:<\/p>\n<p><strong>K\u00f5rge tugevusega konstruktsioon:<\/strong><\/p>\n<ol>\n<li style=\"list-style-type: none;\">\n<ul>\n<li>Nelja vardaga h\u00fcdrosilindril on vastupidav konstruktsioon ja see on valmistatud kvaliteetsetest materjalidest, et tagada vastupidav ja pikaajaline j\u00f5udlus.<\/li>\n<li>See talub suuri koormusi ja karme t\u00f6\u00f6tingimusi ning sobib n\u00f5udlikeks t\u00f6\u00f6stuslikeks rakendusteks.<\/li>\n<\/ul>\n<\/li>\n<\/ol>\n<p><strong>Ristk\u00fclikukujulise \u00e4\u00e4riku disain:<\/strong><\/p>\n<ol>\n<li style=\"list-style-type: none;\">\n<ul>\n<li>Selle nelja vardaga h\u00fcdrosilindri tagakaas on varustatud ristk\u00fclikukujulise \u00e4\u00e4rikuga, mis tagab ohutu ja stabiilse paigaldusv\u00f5imaluse.<\/li>\n<li>\u00c4\u00e4rikud on konstrueeritud lihtsaks paigaldamiseks ja kalibreerimiseks, tagades t\u00e4pse sobivuse h\u00fcdraulikas\u00fcsteemis.<\/li>\n<\/ul>\n<\/li>\n<\/ol>\n<p><strong>Nelja varda konfiguratsioon:<\/strong><\/p>\n<ol>\n<li style=\"list-style-type: none;\">\n<ul>\n<li>Nelja vardaga h\u00fcdrosilinder on nelja vardaga konstruktsiooniga, et parandada stabiilsust ja kandev\u00f5imet.<\/li>\n<li>Neli varda jaotavad koormuse \u00fchtlaselt, v\u00e4hendades iga komponendi koormust ja tagades sujuva ja tasakaalustatud t\u00f6\u00f6.<\/li>\n<\/ul>\n<\/li>\n<\/ol>\n<p><strong>Erakordne j\u00f5udlus:<\/strong><\/p>\n<ul>\n<li style=\"list-style-type: none;\">\n<ul>\n<li>Silindrid pakuvad suurt j\u00f5udlust ning t\u00e4pset ja usaldusv\u00e4\u00e4rset lineaarse liikumise juhtimist.<\/li>\n<li>See pakub suurep\u00e4rast j\u00f5udu ja k\u00e4igupikkust, v\u00f5imaldades t\u00f5husat t\u00f6\u00f6d mitmesugustes rakendustes.<\/li>\n<\/ul>\n<\/li>\n<\/ul>\n<h2><strong>Tagumise katte ristk\u00fclikukujuline \u00e4\u00e4rik nelja vardaga h\u00fcdraulilise silindri parameeter:<\/strong><\/h2>\n<p><img loading=\"lazy\" decoding=\"async\" class=\"alignnone wp-image-990 size-full\" src=\"https:\/\/hydraulic-cylinders.net\/wp-content\/uploads\/2023\/09\/rear-cover-rectangular-flange-four-rod-hydraulic-cylinder.webp\" alt=\"\" width=\"655\" height=\"197\" srcset=\"https:\/\/hydraulic-cylinders.net\/wp-content\/uploads\/2023\/09\/rear-cover-rectangular-flange-four-rod-hydraulic-cylinder.webp 655w, https:\/\/hydraulic-cylinders.net\/wp-content\/uploads\/2023\/09\/rear-cover-rectangular-flange-four-rod-hydraulic-cylinder-480x144.webp 480w\" sizes=\"(min-width: 0px) and (max-width: 480px) 480px, (min-width: 481px) 655px, 100vw\" \/><\/p>\n<p><img loading=\"lazy\" decoding=\"async\" class=\"alignnone size-full wp-image-320248\" src=\"https:\/\/hzpt.com\/wp-content\/uploads\/2023\/09\/jj-hh-c-four-rod-hydraulic-cylinder.webp\" alt=\"\" width=\"655\" height=\"218\" \/><\/p>\n<h2><strong>Tagumine kate Ristk\u00fclikukujuline \u00e4\u00e4rik Nelja vardaga h\u00fcdrosilinder <\/strong><strong>Kasutamise meetod<\/strong><strong>:<\/strong><\/h2>\n<p><strong>Paigaldus:<\/strong><\/p>\n<ol>\n<li style=\"list-style-type: none;\">\n<ul>\n<li>M\u00e4\u00e4rake h\u00fcdrosilindri \u00f5ige asukoht h\u00fcdros\u00fcsteemis.<\/li>\n<li>Veenduge, et kinnituspind on puhas ja vaba prahist v\u00f5i saasteainetest.<\/li>\n<li>Asetage ristk\u00fclikukujuline \u00e4\u00e4rik kinnituspinnaga \u00fchele tasapinnale ja kinnitage see sobivate poltide v\u00f5i kinnitusdetailidega.<\/li>\n<\/ul>\n<\/li>\n<\/ol>\n<p><strong>H\u00fcdraulilised \u00fchendused:<\/strong><\/p>\n<ol>\n<li style=\"list-style-type: none;\">\n<ul>\n<li>\u00dchendage h\u00fcdraulikavoolik silindri pordiga, et tagada korralik tihendus ja v\u00e4ltida lekkeid.<\/li>\n<li>J\u00e4rgige h\u00fcdraulika\u00f5li t\u00fc\u00fcbi kohta tootja soovitusi ja t\u00e4itke s\u00fcsteem vastavalt.<\/li>\n<\/ul>\n<\/li>\n<\/ol>\n<p><strong>Toiming:<\/strong><\/p>\n<ul>\n<li style=\"list-style-type: none;\">\n<ul>\n<li>K\u00e4ivitage h\u00fcdros\u00fcsteem ja kasutage silindri liikumise juhtimiseks h\u00fcdraulilist juhtventiili.<\/li>\n<li>Soovitud kiiruse ja v\u00e4ljundj\u00f5u saavutamiseks reguleerige vooluhulga ja r\u00f5hu seadeid.<\/li>\n<li>J\u00e4lgige nelja vardaga h\u00fcdrosilindri t\u00f6\u00f6d anomaaliate v\u00f5i rikete suhtes.<\/li>\n<\/ul>\n<\/li>\n<\/ul>\n<h2><strong>Tagumine kate Ristk\u00fclikukujuline \u00e4\u00e4rik Nelja vardaga h\u00fcdrosilinder <\/strong><strong>Hooldus<\/strong><strong>:<\/strong><\/h2>\n<p><strong>Regulaarne kontroll:<\/strong><\/p>\n<ol>\n<li style=\"list-style-type: none;\">\n<ul>\n<li>Tehke rutiinne visuaalne kontroll, et kontrollida kulumise, lekete v\u00f5i kahjustuste m\u00e4rke.<\/li>\n<li>Kontrollige tihendeid, roolivardaid ja silindriplokke k\u00f5rvalekallete suhtes ning vahetage kulunud v\u00f5i kahjustatud osad viivitamatult v\u00e4lja.<\/li>\n<\/ul>\n<\/li>\n<\/ol>\n<p><strong>M\u00e4\u00e4rimine:<\/strong><\/p>\n<ol>\n<li style=\"list-style-type: none;\">\n<ul>\n<li>J\u00e4rgige tootja m\u00e4\u00e4rimisintervalli juhiseid ja kasutage sujuva t\u00f6\u00f6 tagamiseks soovitatud m\u00e4\u00e4rdeainet.<\/li>\n<li>M\u00e4\u00e4rige vardaid ja tihendeid, et v\u00e4ltida h\u00f5\u00f5rdumist ja pikendada silindri eluiga.<\/li>\n<\/ul>\n<\/li>\n<\/ol>\n<p><strong>Tihendi vahetamine:<\/strong><\/p>\n<ul>\n<li style=\"list-style-type: none;\">\n<ul>\n<li>Aja jooksul v\u00f5ivad tihendid kuluda ja vajada v\u00e4ljavahetamist.<\/li>\n<li>Tihendite vahetamisel veenduge, et need oleksid tootja soovitatud \u00f5ige suuruse ja t\u00fc\u00fcbiga.<\/li>\n<li>Tihendi vahetamisel eemaldage ja pange silinder uuesti kokku vastavalt \u00f5igele protseduurile.<\/li>\n<\/ul>\n<\/li>\n<\/ul>\n<h2><strong>Kuidas kontrollida h\u00fcdraulilise silindri kiirust?<\/strong><\/h2>\n<p>H\u00fcdrosilindri kiiruse reguleerimine on oluline ohutu ja t\u00f5husa t\u00f6\u00f6 tagamiseks erinevates rakendustes. Siin on m\u00f5ned meetodid h\u00fcdrosilindri kiiruse reguleerimiseks:<\/p>\n<ol>\n<li><strong>Voolukontrolli ventiil:<\/strong><\/li>\n<\/ol>\n<ul>\n<li>K\u00f5ige tavalisem meetod h\u00fcdraulilise silindri kiiruse reguleerimiseks on voolu reguleerimisventiili kasutamine.<\/li>\n<li>Voolukontrollventiil reguleerib silindrisse voolava ja sealt v\u00e4ljuva h\u00fcdraulilise vedeliku hulka, kontrollides seel\u00e4bi silindri liikumiskiirust.<\/li>\n<li>Voolukontrolliventiilid on saadaval erinevat t\u00fc\u00fcpi, sealhulgas n\u00f5elventiilid, reguleeritavad avaventiilid ja drosselventiilid.<\/li>\n<li>Voolukontrolliventiili ava reguleerimise abil saate reguleerida h\u00fcdraulikavedeliku voolukiirust ja sellest tulenevalt ka silindri kiirust.<\/li>\n<\/ul>\n<ol start=\"2\">\n<li><strong>Proportsionaalsed juhtventiilid:<\/strong><\/li>\n<\/ol>\n<ul>\n<li>Proportsionaalsed juhtventiilid pakuvad t\u00e4psemat kiiruse reguleerimist kui tavalised voolu reguleerimisventiilid.<\/li>\n<li>Need ventiilid v\u00f5imaldavad pidevat voolukiiruse reguleerimist, pakkudes silindri kiiruse \u00fcle t\u00e4psemat juhtimist.<\/li>\n<li>Proportsionaalseid juhtventiile kasutatakse sageli rakendustes, kus t\u00e4pne positsioneerimine ja kiiruse reguleerimine on kriitilise t\u00e4htsusega, n\u00e4iteks robootikas v\u00f5i automatiseerimiss\u00fcsteemides.<\/li>\n<\/ul>\n<ol start=\"3\">\n<li><strong>R\u00f5hu reguleerimine:<\/strong><\/li>\n<\/ol>\n<ul>\n<li>H\u00fcdraulilise silindri kiirust saab kaudselt reguleerida ka s\u00fcsteemi r\u00f5hu reguleerimise teel.<\/li>\n<li>R\u00f5hu suurendamine kiirendab silindri liikumist, r\u00f5hu v\u00e4hendamine aga aeglustab seda.<\/li>\n<li>R\u00f5hu reguleerimiseks saab kasutada h\u00fcdraulikas\u00fcsteemis r\u00f5huvabastusventiili v\u00f5i r\u00f5hukompensatsiooniga voolu reguleerimisventiili.<\/li>\n<\/ul>\n<ol start=\"4\">\n<li><strong>Koormuse kontroll:<\/strong><\/li>\n<\/ol>\n<ul>\n<li>H\u00fcdrosilindri koormus v\u00f5ib m\u00f5jutada selle t\u00f6\u00f6kiirust.<\/li>\n<li>Koormuse suurendamine aeglustab silindrit \u00fcldiselt suurenenud takistuse t\u00f5ttu.<\/li>\n<li>Kiiruse reguleerimiseks erinevate koormustingimuste korral saate h\u00fcdraulikas\u00fcsteemi lisada koormustundlikke ventiile v\u00f5i koormuskompenseeritud voolu reguleerimisventiile.<\/li>\n<li>Need ventiilid reguleerivad voolukiirust koormuse p\u00f5hjal, tagades \u00fchtlase kiiruse olenemata koormuse muutusest.<\/li>\n<\/ul>\n<ol start=\"5\">\n<li><strong>Silindri suurus ja disain:<\/strong><\/li>\n<\/ol>\n<ul>\n<li>H\u00fcdrosilindri enda suurus ja konstruktsioon v\u00f5ivad m\u00f5jutada selle kiirusomadusi.<\/li>\n<li>Suurem silindri l\u00e4bim\u00f5\u00f5t tagab \u00fcldiselt suurema kiiruse suurema kolvi pindala t\u00f5ttu, samas kui v\u00e4iksema l\u00e4bim\u00f5\u00f5duga silinder p\u00f5hjustab aeglasema kiiruse.<\/li>\n<li>Silindri konstruktsioon, sealhulgas avade ja sisemiste kanalite l\u00e4bim\u00f5\u00f5t, v\u00f5ib samuti m\u00f5jutada silindri liikumiskiirust.<\/li>\n<li>H\u00fcdrosilindri valimisel arvestage soovitud kiirusen\u00f5uetega ja lugege sobiva suuruse ja konstruktsiooni valimiseks tootja spetsifikatsioone.<\/li>\n<\/ul>\n<h2><strong>Tehase v\u00f5imekus ja suutlikkus:<\/strong><\/h2>\n<h3>(1) Kokkupanek<\/h3>\n<p>Meil on esmaklassiline s\u00f5ltumatu teadus- ja arendustegevuse montaa\u017eiplatvorm. H\u00fcdrosilindrite tootmist\u00f6\u00f6kojas on neli poolautomaatset t\u00f5stesilindrite koosteliini ja \u00fcks automaatne kallutussilindrite koosteliin, mille kavandatud aastane tootmisv\u00f5imsus on 1 miljon t\u00fckki. Spetsiaalsete silindrite t\u00f6\u00f6koda on varustatud erinevate spetsifikatsioonidega poolautomaatse puhastusmontaa\u017eis\u00fcsteemiga, mille kavandatud aastane tootmisv\u00f5imsus on 200 000 ja mis on varustatud kuulsate CNC-t\u00f6\u00f6tlemisseadmete, mehaanilise t\u00f6\u00f6tlemise keskuse, suure t\u00e4psusega silindrite t\u00f6\u00f6tlemise eriseadmete, robotkeevitusmasina, automaatse puhastusmasina, automaatse silindri kokkupanemise masina ja automaatse v\u00e4rvimise tootmisliiniga. Olemasolevad kriitilised seadmed rohkem kui 300 komplekti (komplekti). Seadmete ressursside optimaalne jaotamine ja t\u00f5hus kasutamine tagavad toodete t\u00e4psusn\u00f5uded ja vastavad toodete kvaliteedin\u00f5uetele.<\/p>\n<p><img loading=\"lazy\" decoding=\"async\" class=\"alignnone wp-image-626\" src=\"https:\/\/hydraulic-cylinders.net\/wp-content\/uploads\/2023\/08\/hydraulic-cylinder-product-1-300x158.webp\" alt=\"\" width=\"495\" height=\"260\" srcset=\"https:\/\/hydraulic-cylinders.net\/wp-content\/uploads\/2023\/08\/hydraulic-cylinder-product-1-300x158.webp 495w, https:\/\/hydraulic-cylinders.net\/wp-content\/uploads\/2023\/08\/hydraulic-cylinder-product-1-480x252.webp 480w\" sizes=\"(min-width: 0px) and (max-width: 480px) 480px, (min-width: 481px) 495px, 100vw\" \/> <img loading=\"lazy\" decoding=\"async\" class=\"alignnone wp-image-627\" src=\"https:\/\/hydraulic-cylinders.net\/wp-content\/uploads\/2023\/08\/hydraulic-cylinder-product-2-300x189.webp\" alt=\"\" width=\"413\" height=\"260\" \/><\/p>\n<h3>(2) T\u00f6\u00f6tlemine<\/h3>\n<p>T\u00f6\u00f6deldav t\u00f6\u00f6koda on varustatud kohandatud kallutatud r\u00f6\u00f6pse treipingi keskuse, mehaanilise keskuse, kiire lihvimismasina, keevitusroboti ja muude seotud seadmetega, mis suudavad t\u00f6\u00f6delda silindritorusid, mille maksimaalne sisel\u00e4bim\u00f5\u00f5t on 400 mm ja maksimaalne pikkus on 6 meetrit.<\/p>\n<p><img loading=\"lazy\" decoding=\"async\" class=\"alignnone wp-image-628 size-large\" src=\"https:\/\/hydraulic-cylinders.net\/wp-content\/uploads\/2023\/08\/hydraulic-cylinder-product-3-1024x391.webp\" alt=\"\" width=\"1024\" height=\"391\" srcset=\"https:\/\/hydraulic-cylinders.net\/wp-content\/uploads\/2023\/08\/hydraulic-cylinder-product-3-980x374.webp 980w, https:\/\/hydraulic-cylinders.net\/wp-content\/uploads\/2023\/08\/hydraulic-cylinder-product-3-480x183.webp 480w\" sizes=\"(min-width: 0px) and (max-width: 480px) 480px, (min-width: 481px) and (max-width: 980px) 980px, (min-width: 981px) 1024px, 100vw\" \/><\/p>\n<h3>(3) Keevitamine<\/h3>\n<p><img loading=\"lazy\" decoding=\"async\" class=\"alignnone wp-image-629 size-large\" src=\"https:\/\/hydraulic-cylinders.net\/wp-content\/uploads\/2023\/08\/hydraulic-cylinder-product-4-1024x510.webp\" alt=\"\" width=\"1024\" height=\"510\" srcset=\"https:\/\/hydraulic-cylinders.net\/wp-content\/uploads\/2023\/08\/hydraulic-cylinder-product-4-980x488.webp 980w, https:\/\/hydraulic-cylinders.net\/wp-content\/uploads\/2023\/08\/hydraulic-cylinder-product-4-480x239.webp 480w\" sizes=\"(min-width: 0px) and (max-width: 480px) 480px, (min-width: 481px) and (max-width: 980px) 980px, (min-width: 981px) 1024px, 100vw\" \/><\/p>\n<h3>(4) V\u00e4rvimine ja katmine<\/h3>\n<p>V\u00e4ikese ja keskmise suurusega silindri automaatse veep\u00f5hise v\u00e4rvipinnakattega liinide abil, et saavutada automaatne robotlaadimine ja mahalaadimine ning automaatne pihustamine, projekteerimisv\u00f5imsus 4000 t\u00fckki vahetuse kohta;<br \/>\nMeil on ka poolautomaatne suurte balloonide v\u00e4rvimise tootmisliin, mis t\u00f6\u00f6tab j\u00f5ukettaga ja mille projekteerimisv\u00f5imsus on 60 kasti \u00fche vahetuse kohta.<\/p>\n<p><img loading=\"lazy\" decoding=\"async\" class=\"alignnone wp-image-630\" src=\"https:\/\/hydraulic-cylinders.net\/wp-content\/uploads\/2023\/08\/hydraulic-cylinder-product-5-300x213.webp\" alt=\"\" width=\"366\" height=\"260\" \/> <img loading=\"lazy\" decoding=\"async\" class=\"alignnone wp-image-631\" src=\"https:\/\/hydraulic-cylinders.net\/wp-content\/uploads\/2023\/08\/hydraulic-cylinder-product-6-300x225.webp\" alt=\"\" width=\"347\" height=\"260\" \/><\/p>\n<h3>(5) Testimine<\/h3>\n<p>Meil on esmaklassilised kontrolliseadmed ja katsestendid, et tagada silindri j\u00f5udlus vastavus n\u00f5uetele.<\/p>\n<p><img loading=\"lazy\" decoding=\"async\" class=\"alignnone wp-image-632\" src=\"https:\/\/hydraulic-cylinders.net\/wp-content\/uploads\/2023\/08\/hydraulic-cylinder-product-8-300x200.webp\" alt=\"\" width=\"389\" height=\"260\" \/><\/p>\n<p>&nbsp;<\/p>\n<p>&nbsp;<\/p>\n<p>Me oleme \u00fcks parimaid kergeid nelja vardaga h\u00fcdrosilindrite tootjaid. Me saame pakkuda terviklikku kerget nelja vardaga h\u00fcdrosilindri varu. Pakume ka vastavaid <a href=\"https:\/\/hzpt.com\/agricultural-pto-gearbox\/\" target=\"_blank\" rel=\"noopener\">p\u00f5llumajanduslikud k\u00e4igukastid<\/a>. Oleme eksportinud oma tooteid klientidele \u00fcle kogu maailma ja teeninud hea maine t\u00e4nu meie suurep\u00e4rasele tootekvaliteedile ja m\u00fc\u00fcgij\u00e4rgsele teenindusele. Me tervitame soojalt kliente nii kodus kui ka v\u00e4lismaal, et v\u00f5tta meiega \u00fchendust, et pidada l\u00e4bir\u00e4\u00e4kimisi \u00e4ri, vahetada teavet ja\u00a0<a href=\"https:\/\/www.hydraulic-cylinders.net\/et\/contact-us\/\">teha meiega koost\u00f6\u00f6d<\/a>!<\/p>\n<h2><\/h2>\n<h2><\/h2>","protected":false},"excerpt":{"rendered":"<p>Rear Cover Rectangular Flange Four Rod Hydraulic Cylinder The rear cover rectangular flange four rod hydraulic cylinder is a versatile and robust four rod hydraulic cylinder designed to provide reliable and efficient linear motion in various industrial applications. With its unique design and exceptional performance, this four rod hydraulic cylinder offers outstanding power and precision, [&hellip;]<\/p>","protected":false},"featured_media":991,"comment_status":"open","ping_status":"closed","template":"","meta":{"_et_pb_use_builder":"","_et_pb_old_content":"","_et_gb_content_width":""},"product_brand":[],"product_cat":[1376,1386],"product_tag":[1380],"class_list":{"0":"post-988","1":"product","2":"type-product","3":"status-publish","4":"has-post-thumbnail","6":"product_cat-hydraulic-cylinder","7":"product_cat-four-rod-hydraulic-cylinder","8":"product_tag-hydraulic-cylinder","10":"first","11":"instock","12":"shipping-taxable","13":"product-type-simple"},"amp_enabled":true,"_links":{"self":[{"href":"https:\/\/www.hydraulic-cylinders.net\/et\/wp-json\/wp\/v2\/product\/988","targetHints":{"allow":["GET"]}}],"collection":[{"href":"https:\/\/www.hydraulic-cylinders.net\/et\/wp-json\/wp\/v2\/product"}],"about":[{"href":"https:\/\/www.hydraulic-cylinders.net\/et\/wp-json\/wp\/v2\/types\/product"}],"replies":[{"embeddable":true,"href":"https:\/\/www.hydraulic-cylinders.net\/et\/wp-json\/wp\/v2\/comments?post=988"}],"wp:featuredmedia":[{"embeddable":true,"href":"https:\/\/www.hydraulic-cylinders.net\/et\/wp-json\/wp\/v2\/media\/991"}],"wp:attachment":[{"href":"https:\/\/www.hydraulic-cylinders.net\/et\/wp-json\/wp\/v2\/media?parent=988"}],"wp:term":[{"taxonomy":"product_brand","embeddable":true,"href":"https:\/\/www.hydraulic-cylinders.net\/et\/wp-json\/wp\/v2\/product_brand?post=988"},{"taxonomy":"product_cat","embeddable":true,"href":"https:\/\/www.hydraulic-cylinders.net\/et\/wp-json\/wp\/v2\/product_cat?post=988"},{"taxonomy":"product_tag","embeddable":true,"href":"https:\/\/www.hydraulic-cylinders.net\/et\/wp-json\/wp\/v2\/product_tag?post=988"}],"curies":[{"name":"wp","href":"https:\/\/api.w.org\/{rel}","templated":true}]}}