{"id":992,"date":"2023-09-06T07:46:29","date_gmt":"2023-09-06T07:46:29","guid":{"rendered":"https:\/\/hydraulic-cylinders.net\/?post_type=product&#038;p=992"},"modified":"2023-09-19T01:39:28","modified_gmt":"2023-09-19T01:39:28","slug":"rear-single-earring-four-rod-hydraulic-cylinder","status":"publish","type":"product","link":"https:\/\/www.hydraulic-cylinders.net\/et\/toode\/rear-single-earring-four-rod-hydraulic-cylinder\/","title":{"rendered":"Tagumine \u00fche k\u00f5rvar\u00f5ngaga nelja vardaga h\u00fcdrosilinder"},"content":{"rendered":"<h1 style=\"text-align: center;\"><strong>Tagumine \u00fche k\u00f5rvar\u00f5ngaga nelja vardaga h\u00fcdrosilinder<\/strong><\/h1>\n<p>Tagumine \u00fche k\u00f5rvar\u00f5ngaga nelja vardaga h\u00fcdrosilinder on mitmek\u00fclgne ja v\u00f5imas h\u00fcdrauliline element, mis on spetsiaalselt loodud rakenduste jaoks, mis n\u00f5uavad t\u00e4psust ja t\u00f6\u00f6kindlust lineaarse liikumisega. Oma ainulaadsete disainifunktsioonidega, millel on tagumised \u00fcksikud k\u00f5rvad ja neli varda, pakub see h\u00fcdrosilinder suurep\u00e4rast j\u00f5udlust ja vastupidavust, mist\u00f5ttu on see ideaalne laia valiku t\u00f6\u00f6stus- ja mobiilseadmete jaoks.<\/p>\n<p>Nelja vardaga h\u00fcdraulilise silindri olulised omadused:<\/p>\n<p><strong>Tagumise \u00fche k\u00f5rvar\u00f5nga disain:<\/strong><\/p>\n<ol>\n<li style=\"list-style-type: none;\">\n<ul>\n<li>H\u00fcdrauliline silinder on kombineeritud \u00fche tagumise k\u00f5rvar\u00f5ngaga, et tagada ohutu ja usaldusv\u00e4\u00e4rne paigaldusv\u00f5imalus.<\/li>\n<li>Tagumine \u00fche k\u00f5rvar\u00f5nga disain pakub lihtsat paigaldamist ja hooldust, minimeerides seisakuid t\u00f6\u00f6stustegevuses.<\/li>\n<\/ul>\n<\/li>\n<\/ol>\n<p><strong>Nelja varda konfiguratsioon:<\/strong><\/p>\n<ol>\n<li style=\"list-style-type: none;\">\n<ul>\n<li>Nelja vardaga h\u00fcdrosilindril on neli varda, mis jaotavad koormuse \u00fchtlaselt ja tagavad sujuva ja tasakaalustatud liikumise.<\/li>\n<li>Nelja vardaga konstruktsioon suurendab silindri tugevust ja v\u00e4hendab \u00fcksikute komponentide koormust, mille tulemuseks on parem eluiga ja j\u00f5udlus.<\/li>\n<\/ul>\n<\/li>\n<\/ol>\n<p><strong>T\u00e4psus ja kontroll:<\/strong><\/p>\n<ol>\n<li style=\"list-style-type: none;\">\n<ul>\n<li>Tagumine \u00fche k\u00f5rvar\u00f5ngaga nelja vardaga h\u00fcdrauliline silinder pakub t\u00e4pset ja korrektset lineaarse liikumise juhtimist.<\/li>\n<li>See tagab sujuva ja kontrollitud liikumise, v\u00f5imaldades t\u00e4pset positsioneerimist ja t\u00f5husat t\u00f6\u00f6tamist erinevates rakendustes.<\/li>\n<\/ul>\n<\/li>\n<\/ol>\n<p><strong>K\u00f5rge tugevusega konstruktsioon:<\/strong><\/p>\n<ul>\n<li style=\"list-style-type: none;\">\n<ul>\n<li>Nelja vardaga h\u00fcdrosilinder on valmistatud kvaliteetsest ja vastupidavast materjalist.<\/li>\n<li>See on loodud taluma suuri koormusi, k\u00f5rget r\u00f5hku ja keerulisi t\u00f6\u00f6tingimusi, mist\u00f5ttu sobib see karmi t\u00f6\u00f6stuskeskkonda.<\/li>\n<\/ul>\n<\/li>\n<\/ul>\n<p><img loading=\"lazy\" decoding=\"async\" class=\"size-full wp-image-993 aligncenter\" src=\"https:\/\/hydraulic-cylinders.net\/wp-content\/uploads\/2023\/09\/rear-single-earring-four-rod-hydraulic-cylinder-1.webp\" alt=\"\" width=\"232\" height=\"232\" srcset=\"https:\/\/www.hydraulic-cylinders.net\/wp-content\/uploads\/2023\/09\/rear-single-earring-four-rod-hydraulic-cylinder-1.webp 232w, https:\/\/www.hydraulic-cylinders.net\/wp-content\/uploads\/2023\/09\/rear-single-earring-four-rod-hydraulic-cylinder-1-100x100.webp 100w, https:\/\/www.hydraulic-cylinders.net\/wp-content\/uploads\/2023\/09\/rear-single-earring-four-rod-hydraulic-cylinder-1-150x150.webp 150w, https:\/\/www.hydraulic-cylinders.net\/wp-content\/uploads\/2023\/09\/rear-single-earring-four-rod-hydraulic-cylinder-1-12x12.webp 12w\" sizes=\"(max-width: 232px) 100vw, 232px\" \/><\/p>\n<h2><strong>Tagumine \u00fche k\u00f5rvar\u00f5ngaga nelja vardaga h\u00fcdrauliline silinder Parameeter:<\/strong><\/h2>\n<p><img loading=\"lazy\" decoding=\"async\" class=\"alignnone wp-image-994 size-full\" src=\"https:\/\/hydraulic-cylinders.net\/wp-content\/uploads\/2023\/09\/rear-single-earring-four-rod-hydraulic-cylinder.webp\" alt=\"\" width=\"650\" height=\"211\" srcset=\"https:\/\/hydraulic-cylinders.net\/wp-content\/uploads\/2023\/09\/rear-single-earring-four-rod-hydraulic-cylinder.webp 650w, https:\/\/hydraulic-cylinders.net\/wp-content\/uploads\/2023\/09\/rear-single-earring-four-rod-hydraulic-cylinder-480x156.webp 480w\" sizes=\"(min-width: 0px) and (max-width: 480px) 480px, (min-width: 481px) 650px, 100vw\" \/><\/p>\n<p><img loading=\"lazy\" decoding=\"async\" class=\"alignnone wp-image-1031 size-full\" src=\"https:\/\/hydraulic-cylinders.net\/wp-content\/uploads\/2023\/09\/b-bb-sbd-four-rod-hydraulic-cylinder.webp\" alt=\"\" width=\"650\" height=\"237\" srcset=\"https:\/\/hydraulic-cylinders.net\/wp-content\/uploads\/2023\/09\/b-bb-sbd-four-rod-hydraulic-cylinder.webp 650w, https:\/\/hydraulic-cylinders.net\/wp-content\/uploads\/2023\/09\/b-bb-sbd-four-rod-hydraulic-cylinder-480x175.webp 480w\" sizes=\"(min-width: 0px) and (max-width: 480px) 480px, (min-width: 481px) 650px, 100vw\" \/><\/p>\n<h2><strong>Tagumine \u00fche k\u00f5rvar\u00f5ngaga nelja vardaga h\u00fcdrosilinder <\/strong><strong>Kasutamise meetod<\/strong><strong>:<\/strong><\/h2>\n<p><strong>Paigaldamine ja paigaldamine:<\/strong><\/p>\n<ol>\n<li style=\"list-style-type: none;\">\n<ul>\n<li>M\u00e4\u00e4rake kindlaks sobiv koht h\u00fcdrauliliste silindrite paigaldamiseks s\u00fcsteemis v\u00f5i seadmes.<\/li>\n<li>Veenduge, et paigalduspind on puhas ja vaba prahist v\u00f5i saasteainetest.<\/li>\n<li>Asetage tagumine \u00fcksik k\u00f5rvar\u00f5ngas kinnituspinnaga \u00fchele tasapinnale ja kinnitage see soovitatud poltide v\u00f5i kinnitusdetailidega.<\/li>\n<\/ul>\n<\/li>\n<\/ol>\n<p><strong>H\u00fcdraulilised \u00fchendused:<\/strong><\/p>\n<ol>\n<li style=\"list-style-type: none;\">\n<ul>\n<li>\u00dchendage h\u00fcdraulikavoolik silindri pordiga, tagades lekke v\u00e4ltimiseks korraliku tihendi.<\/li>\n<li>J\u00e4rgige h\u00fcdraulika\u00f5li t\u00fc\u00fcbi kohta tootja soovitusi ja t\u00e4itke s\u00fcsteem vastavalt.<\/li>\n<\/ul>\n<\/li>\n<\/ol>\n<p><strong>Toiming:<\/strong><\/p>\n<ul>\n<li style=\"list-style-type: none;\">\n<ul>\n<li>Aktiveerige h\u00fcdros\u00fcsteem ja kasutage silindri liikumise juhtimiseks h\u00fcdraulilist juhtventiili.<\/li>\n<li>Soovitud kiiruse ja v\u00e4ljundj\u00f5u saavutamiseks reguleerige vooluhulga ja r\u00f5hu seadeid.<\/li>\n<li>J\u00e4lgige silindri t\u00f6\u00f6d anomaaliate v\u00f5i rikete suhtes.<\/li>\n<\/ul>\n<\/li>\n<\/ul>\n<h2><strong>Tagumine \u00fche k\u00f5rvar\u00f5ngaga nelja vardaga h\u00fcdrosilinder <\/strong><strong>Hooldus<\/strong><strong>:<\/strong><\/h2>\n<p><strong>Regulaarne kontroll:<\/strong><\/p>\n<ol>\n<li style=\"list-style-type: none;\">\n<ul>\n<li>Tehke rutiinne visuaalne kontroll, et kontrollida kulumise, lekete v\u00f5i kahjustuste m\u00e4rke.<\/li>\n<li>Kontrollige tihendeid, roolivardaid ja silindriplokke k\u00f5rvalekallete suhtes ning vahetage kulunud v\u00f5i kahjustatud osad viivitamatult v\u00e4lja.<\/li>\n<\/ul>\n<\/li>\n<\/ol>\n<p><strong>M\u00e4\u00e4rimine:<\/strong><\/p>\n<ol>\n<li style=\"list-style-type: none;\">\n<ul>\n<li>J\u00e4rgige tootja m\u00e4\u00e4rimisintervalli juhiseid ja kasutage sujuva t\u00f6\u00f6 tagamiseks soovitatud m\u00e4\u00e4rdeainet.<\/li>\n<li>M\u00e4\u00e4rige vardaid, tihendeid ja muid liikuvaid osi, et v\u00e4ltida h\u00f5\u00f5rdumist ja pikendada silindri eluiga.<\/li>\n<\/ul>\n<\/li>\n<\/ol>\n<p><strong>Tihenduss\u00fcsteemi hooldus:<\/strong><\/p>\n<ul>\n<li style=\"list-style-type: none;\">\n<ul>\n<li>Veenduge, et tihenduss\u00fcsteem on heas seisukorras, et v\u00e4ltida lekkeid ja s\u00e4ilitada optimaalne j\u00f5udlus.<\/li>\n<li>Kontrollige regulaarselt tihendeid kulumise v\u00f5i kahjustuste suhtes ja vajadusel vahetage need v\u00e4lja.<\/li>\n<li>Puhastage tihenduspinnad ja veenduge, et need oleksid p\u00e4rast kokkupanekut korralikult joondatud.<\/li>\n<\/ul>\n<\/li>\n<\/ul>\n<h2><strong>Kuidas h\u00fcdraulilist silindrit parandada?<\/strong><\/h2>\n<p>H\u00fcdrosilindri remont n\u00f5uab hoolikat t\u00e4helepanu detailidele ja h\u00fcdraulikas\u00fcsteemide tundmist. Siin on \u00fcldine juhend h\u00fcdrosilindri remondiks:<\/p>\n<ol>\n<li><strong>Ohutus ennek\u00f5ike:<\/strong>\n<ul>\n<li>Enne mis tahes remondit\u00f6\u00f6de alustamist veenduge, et h\u00fcdros\u00fcsteem on r\u00f5huvaba ja k\u00f5ik toiteallikad on lahti \u00fchendatud.<\/li>\n<li>Kasutage kogu remondiprotsessi v\u00e4ltel sobivaid kaitsevahendeid, n\u00e4iteks kindaid ja silmakaitset.<\/li>\n<\/ul>\n<\/li>\n<li><strong>Probleemi tuvastamine:<\/strong>\n<ul>\n<li>Kontrollige h\u00fcdrosilindrit, et teha kindlaks rikke v\u00f5i kahjustuse p\u00f5hjus.<\/li>\n<li>Levinud probleemide hulka kuuluvad lekked, kahjustatud tihendid, painutatud vardad v\u00f5i kulunud komponendid.<\/li>\n<li>P\u00f6\u00f6rake t\u00e4helepanu k\u00f5ikidele n\u00e4htavatele kulumism\u00e4rkidele, leketele v\u00f5i ebanormaalsele liikumisele.<\/li>\n<\/ul>\n<\/li>\n<li><strong>Lahtiv\u00f5tmine:<\/strong>\n<ul>\n<li>Alustage h\u00fcdrosilindri eemaldamisega seadmest v\u00f5i s\u00fcsteemist.<\/li>\n<li>V\u00f5tke silinder ettevaatlikult lahti, j\u00e4rgides tootja juhiseid.<\/li>\n<li>Tehke lahtiv\u00f5tmise ajal pilte v\u00f5i m\u00e4rkmeid, et h\u00f5lbustada kokkupanekut.<\/li>\n<\/ul>\n<\/li>\n<li><strong>Kontrollimine ja puhastamine:<\/strong>\n<ul>\n<li>Kontrollige k\u00f5iki komponente p\u00f5hjalikult kulumise, kahjustuste v\u00f5i saastumise tunnuste suhtes.<\/li>\n<li>Puhastage k\u00f5ik osad sobiva puhastusvahendiga, et eemaldada mustus, praht ja h\u00fcdraulikavedeliku j\u00e4\u00e4gid.<\/li>\n<li>Kontrollige vardaid, kolbe, tihendeid ja silindrite korpuseid defektide v\u00f5i liigse kulumise tunnuste suhtes.<\/li>\n<\/ul>\n<\/li>\n<li><strong>Tihendite ja O-r\u00f5ngaste vahetamine:<\/strong>\n<ul>\n<li>Kahjustatud v\u00f5i kulunud tihendid ja O-r\u00f5ngad p\u00f5hjustavad tavaliselt h\u00fcdraulilise silindri probleeme.<\/li>\n<li>Vahetage k\u00f5ik tihendid ja O-r\u00f5ngad uute vastu, mis vastavad tootja esitatud spetsifikatsioonidele.<\/li>\n<li>Enne paigaldamist veenduge \u00f5iges joonduses ja m\u00e4\u00e4rige tihendid h\u00fcdraulika\u00f5liga.<\/li>\n<\/ul>\n<\/li>\n<li><strong>Varda sirgendamine v\u00f5i asendamine:<\/strong>\n<ul>\n<li>Kui varras on painutatud v\u00f5i kahjustatud, v\u00f5ib see vajada sirgendamist v\u00f5i v\u00e4ljavahetamist.<\/li>\n<li>Sirgendage painutatud varda h\u00fcdraulilise pressi abil v\u00f5i p\u00f6\u00f6rduge professionaalse abi poole.<\/li>\n<li>Kui rull on t\u00f5siselt kahjustatud, v\u00f5ib see olla vaja t\u00e4ielikult v\u00e4lja vahetada.<\/li>\n<\/ul>\n<\/li>\n<li><strong>Komponentide asendamine:<\/strong>\n<ul>\n<li>Kontrollige ka teisi komponente, n\u00e4iteks laagreid, pukse ja kolbe, kulumise v\u00f5i kahjustuste suhtes.<\/li>\n<li>Vahetage kulunud v\u00f5i kahjustatud komponendid uute vastu, mis vastavad tootja spetsifikatsioonidele.<\/li>\n<\/ul>\n<\/li>\n<li><strong>Kokkupanek:<\/strong>\n<ul>\n<li>Paigaldage h\u00fcdrauliline silinder lahtiv\u00f5tmisele vastupidises j\u00e4rjekorras.<\/li>\n<li>Kokkupaneku ajal kandke tihenditele ja komponentidele \u00f5huke kiht h\u00fcdraulika\u00f5li v\u00f5i m\u00e4\u00e4ret.<\/li>\n<li>Veenduge, et k\u00f5ik \u00fchendused on tihedad ja korralikult joondatud.<\/li>\n<\/ul>\n<\/li>\n<li><strong>Testimine ja kontroll:<\/strong>\n<ul>\n<li>P\u00e4rast kokkupanekut kontrollige h\u00fcdrosilindri n\u00f5uetekohast toimimist.<\/li>\n<li>\u00dchendage h\u00fcdros\u00fcsteem uuesti ja kontrollige hoolikalt, kas esineb lekkeid, ebanormaalseid helisid v\u00f5i ebakorrap\u00e4rast liikumist.<\/li>\n<li>Sujuva ja j\u00e4rjepideva t\u00f6\u00f6 tagamiseks ts\u00fcklige silindrit mitu korda.<\/li>\n<\/ul>\n<\/li>\n<li><strong>S\u00fcsteemi loputamine ja vedeliku vahetamine:<\/strong><\/li>\n<\/ol>\n<ul>\n<li>Kui remondi k\u00e4igus leiti saastumist, loputage h\u00fcdraulikas\u00fcsteem prahi v\u00f5i saasteainete eemaldamiseks.<\/li>\n<li>Vahetage h\u00fcdraulika\u00f5li v\u00e4rske vastu, j\u00e4rgides tootja soovitusi vedeliku t\u00fc\u00fcbi ja koguse kohta.<\/li>\n<\/ul>\n<h2><strong>Tehase v\u00f5imekus ja suutlikkus:<\/strong><\/h2>\n<h3>(1) Kokkupanek<\/h3>\n<p>Meil on esmaklassiline s\u00f5ltumatu teadus- ja arendustegevuse montaa\u017eiplatvorm. H\u00fcdrosilindrite tootmist\u00f6\u00f6kojas on neli poolautomaatset t\u00f5stesilindrite koosteliini ja \u00fcks automaatne kallutussilindrite koosteliin, mille kavandatud aastane tootmisv\u00f5imsus on 1 miljon t\u00fckki. Spetsiaalsete silindrite t\u00f6\u00f6koda on varustatud erinevate spetsifikatsioonidega poolautomaatse puhastusmontaa\u017eis\u00fcsteemiga, mille kavandatud aastane tootmisv\u00f5imsus on 200 000 ja mis on varustatud kuulsate CNC-t\u00f6\u00f6tlemisseadmete, mehaanilise t\u00f6\u00f6tlemise keskuse, suure t\u00e4psusega silindrite t\u00f6\u00f6tlemise eriseadmete, robotkeevitusmasina, automaatse puhastusmasina, automaatse silindri kokkupanemise masina ja automaatse v\u00e4rvimise tootmisliiniga. Olemasolevad kriitilised seadmed rohkem kui 300 komplekti (komplekti). Seadmete ressursside optimaalne jaotamine ja t\u00f5hus kasutamine tagavad toodete t\u00e4psusn\u00f5uded ja vastavad toodete kvaliteedin\u00f5uetele.<\/p>\n<p><img loading=\"lazy\" decoding=\"async\" class=\"alignnone wp-image-626\" src=\"https:\/\/hydraulic-cylinders.net\/wp-content\/uploads\/2023\/08\/hydraulic-cylinder-product-1-300x158.webp\" alt=\"\" width=\"495\" height=\"260\" srcset=\"https:\/\/hydraulic-cylinders.net\/wp-content\/uploads\/2023\/08\/hydraulic-cylinder-product-1-300x158.webp 495w, https:\/\/hydraulic-cylinders.net\/wp-content\/uploads\/2023\/08\/hydraulic-cylinder-product-1-480x252.webp 480w\" sizes=\"(min-width: 0px) and (max-width: 480px) 480px, (min-width: 481px) 495px, 100vw\" \/> <img loading=\"lazy\" decoding=\"async\" class=\"alignnone wp-image-627\" src=\"https:\/\/hydraulic-cylinders.net\/wp-content\/uploads\/2023\/08\/hydraulic-cylinder-product-2-300x189.webp\" alt=\"\" width=\"413\" height=\"260\" \/><\/p>\n<h3>(2) T\u00f6\u00f6tlemine<\/h3>\n<p>T\u00f6\u00f6deldav t\u00f6\u00f6koda on varustatud kohandatud kallutatud r\u00f6\u00f6pse treipingi keskuse, mehaanilise keskuse, kiire lihvimismasina, keevitusroboti ja muude seotud seadmetega, mis suudavad t\u00f6\u00f6delda silindritorusid, mille maksimaalne sisel\u00e4bim\u00f5\u00f5t on 400 mm ja maksimaalne pikkus on 6 meetrit.<\/p>\n<p><img loading=\"lazy\" decoding=\"async\" class=\"alignnone wp-image-628 size-large\" src=\"https:\/\/hydraulic-cylinders.net\/wp-content\/uploads\/2023\/08\/hydraulic-cylinder-product-3-1024x391.webp\" alt=\"\" width=\"1024\" height=\"391\" srcset=\"https:\/\/hydraulic-cylinders.net\/wp-content\/uploads\/2023\/08\/hydraulic-cylinder-product-3-980x374.webp 980w, https:\/\/hydraulic-cylinders.net\/wp-content\/uploads\/2023\/08\/hydraulic-cylinder-product-3-480x183.webp 480w\" sizes=\"(min-width: 0px) and (max-width: 480px) 480px, (min-width: 481px) and (max-width: 980px) 980px, (min-width: 981px) 1024px, 100vw\" \/><\/p>\n<h3>(3) Keevitamine<\/h3>\n<p><img loading=\"lazy\" decoding=\"async\" class=\"alignnone wp-image-629 size-large\" src=\"https:\/\/hydraulic-cylinders.net\/wp-content\/uploads\/2023\/08\/hydraulic-cylinder-product-4-1024x510.webp\" alt=\"\" width=\"1024\" height=\"510\" srcset=\"https:\/\/hydraulic-cylinders.net\/wp-content\/uploads\/2023\/08\/hydraulic-cylinder-product-4-980x488.webp 980w, https:\/\/hydraulic-cylinders.net\/wp-content\/uploads\/2023\/08\/hydraulic-cylinder-product-4-480x239.webp 480w\" sizes=\"(min-width: 0px) and (max-width: 480px) 480px, (min-width: 481px) and (max-width: 980px) 980px, (min-width: 981px) 1024px, 100vw\" \/><\/p>\n<h3>(4) V\u00e4rvimine ja katmine<\/h3>\n<p>V\u00e4ikese ja keskmise suurusega silindri automaatse veep\u00f5hise v\u00e4rvipinnakattega liinide abil, et saavutada automaatne robotlaadimine ja mahalaadimine ning automaatne pihustamine, projekteerimisv\u00f5imsus 4000 t\u00fckki vahetuse kohta;<br \/>\nMeil on ka poolautomaatne suurte balloonide v\u00e4rvimise tootmisliin, mis t\u00f6\u00f6tab j\u00f5ukettaga ja mille projekteerimisv\u00f5imsus on 60 kasti \u00fche vahetuse kohta.<\/p>\n<p><img loading=\"lazy\" decoding=\"async\" class=\"alignnone wp-image-630\" src=\"https:\/\/hydraulic-cylinders.net\/wp-content\/uploads\/2023\/08\/hydraulic-cylinder-product-5-300x213.webp\" alt=\"\" width=\"366\" height=\"260\" \/> <img loading=\"lazy\" decoding=\"async\" class=\"alignnone wp-image-631\" src=\"https:\/\/hydraulic-cylinders.net\/wp-content\/uploads\/2023\/08\/hydraulic-cylinder-product-6-300x225.webp\" alt=\"\" width=\"347\" height=\"260\" \/><\/p>\n<h3>(5) Testimine<\/h3>\n<p>Meil on esmaklassilised kontrolliseadmed ja katsestendid, et tagada silindri j\u00f5udlus vastavus n\u00f5uetele.<\/p>\n<p><img loading=\"lazy\" decoding=\"async\" class=\"alignnone wp-image-632\" src=\"https:\/\/hydraulic-cylinders.net\/wp-content\/uploads\/2023\/08\/hydraulic-cylinder-product-8-300x200.webp\" alt=\"\" width=\"389\" height=\"260\" \/><\/p>\n<p>&nbsp;<\/p>\n<p>&nbsp;<\/p>\n<p>Me oleme \u00fcks parimaid kergeid nelja vardaga h\u00fcdrosilindrite tootjaid. Me saame pakkuda terviklikku kerget nelja vardaga h\u00fcdrosilindri varu. Pakume ka vastavaid <a href=\"https:\/\/hzpt.com\/agricultural-pto-gearbox\/\" target=\"_blank\" rel=\"noopener\">p\u00f5llumajanduslikud k\u00e4igukastid<\/a>. Oleme eksportinud oma tooteid klientidele \u00fcle kogu maailma ja teeninud hea maine t\u00e4nu meie suurep\u00e4rasele tootekvaliteedile ja m\u00fc\u00fcgij\u00e4rgsele teenindusele. Me tervitame soojalt kliente nii kodus kui ka v\u00e4lismaal, et v\u00f5tta meiega \u00fchendust, et pidada l\u00e4bir\u00e4\u00e4kimisi \u00e4ri, vahetada teavet ja\u00a0<a href=\"https:\/\/www.hydraulic-cylinders.net\/et\/contact-us\/\">teha meiega koost\u00f6\u00f6d<\/a>!<\/p>\n<h2><\/h2>\n<h2><\/h2>","protected":false},"excerpt":{"rendered":"<p>Rear Single Earring Four Rod Hydraulic Cylinder The rear single earring four rod hydraulic cylinder is a versatile and powerful hydraulic element specifically designed for applications requiring precision and reliability with linear motion. With its unique design features of rear single lugs and four rods, this hydraulic cylinder offers superior performance and durability, making it [&hellip;]<\/p>","protected":false},"featured_media":995,"comment_status":"open","ping_status":"closed","template":"","meta":{"_et_pb_use_builder":"","_et_pb_old_content":"","_et_gb_content_width":""},"product_brand":[],"product_cat":[1376,1386],"product_tag":[1380],"class_list":{"0":"post-992","1":"product","2":"type-product","3":"status-publish","4":"has-post-thumbnail","6":"product_cat-hydraulic-cylinder","7":"product_cat-four-rod-hydraulic-cylinder","8":"product_tag-hydraulic-cylinder","10":"first","11":"instock","12":"shipping-taxable","13":"product-type-simple"},"amp_enabled":true,"_links":{"self":[{"href":"https:\/\/www.hydraulic-cylinders.net\/et\/wp-json\/wp\/v2\/product\/992","targetHints":{"allow":["GET"]}}],"collection":[{"href":"https:\/\/www.hydraulic-cylinders.net\/et\/wp-json\/wp\/v2\/product"}],"about":[{"href":"https:\/\/www.hydraulic-cylinders.net\/et\/wp-json\/wp\/v2\/types\/product"}],"replies":[{"embeddable":true,"href":"https:\/\/www.hydraulic-cylinders.net\/et\/wp-json\/wp\/v2\/comments?post=992"}],"wp:featuredmedia":[{"embeddable":true,"href":"https:\/\/www.hydraulic-cylinders.net\/et\/wp-json\/wp\/v2\/media\/995"}],"wp:attachment":[{"href":"https:\/\/www.hydraulic-cylinders.net\/et\/wp-json\/wp\/v2\/media?parent=992"}],"wp:term":[{"taxonomy":"product_brand","embeddable":true,"href":"https:\/\/www.hydraulic-cylinders.net\/et\/wp-json\/wp\/v2\/product_brand?post=992"},{"taxonomy":"product_cat","embeddable":true,"href":"https:\/\/www.hydraulic-cylinders.net\/et\/wp-json\/wp\/v2\/product_cat?post=992"},{"taxonomy":"product_tag","embeddable":true,"href":"https:\/\/www.hydraulic-cylinders.net\/et\/wp-json\/wp\/v2\/product_tag?post=992"}],"curies":[{"name":"wp","href":"https:\/\/api.w.org\/{rel}","templated":true}]}}