{"id":1012,"date":"2023-09-07T02:00:53","date_gmt":"2023-09-07T02:00:53","guid":{"rendered":"https:\/\/hydraulic-cylinders.net\/?post_type=product&#038;p=1012"},"modified":"2023-09-19T01:36:49","modified_gmt":"2023-09-19T01:36:49","slug":"rear-cover-trunnion-four-rod-hydraulic-cylinder","status":"publish","type":"product","link":"https:\/\/www.hydraulic-cylinders.net\/fi\/tuote\/rear-cover-trunnion-four-rod-hydraulic-cylinder\/","title":{"rendered":"Takakansi Nelivarsinen nelivarsinen hydraulisylinteri"},"content":{"rendered":"<h1 style=\"text-align: center;\"><strong>Takakansi Nelivarsinen nelivarsinen hydraulisylinteri<\/strong><\/h1>\n<p><img loading=\"lazy\" decoding=\"async\" class=\"size-full wp-image-1013 aligncenter\" src=\"https:\/\/hydraulic-cylinders.net\/wp-content\/uploads\/2023\/09\/rear-cover-trunnion-four-rod-hydraulic-cylinder-1-1.webp\" alt=\"\" width=\"231\" height=\"231\" srcset=\"https:\/\/www.hydraulic-cylinders.net\/wp-content\/uploads\/2023\/09\/rear-cover-trunnion-four-rod-hydraulic-cylinder-1-1.webp 231w, https:\/\/www.hydraulic-cylinders.net\/wp-content\/uploads\/2023\/09\/rear-cover-trunnion-four-rod-hydraulic-cylinder-1-1-100x100.webp 100w, https:\/\/www.hydraulic-cylinders.net\/wp-content\/uploads\/2023\/09\/rear-cover-trunnion-four-rod-hydraulic-cylinder-1-1-150x150.webp 150w, https:\/\/www.hydraulic-cylinders.net\/wp-content\/uploads\/2023\/09\/rear-cover-trunnion-four-rod-hydraulic-cylinder-1-1-12x12.webp 12w\" sizes=\"(max-width: 231px) 100vw, 231px\" \/><\/p>\n<p>Takakannen nivelakselilla varustettu nelitankoinen hydraulisylinteri on huippuluokan komponentti, joka on suunniteltu tarjoamaan poikkeuksellista tehoa, tarkkaa ohjausta ja vertaansa vailla olevaa suorituskyky\u00e4 erilaisissa teollisissa sovelluksissa. Innovatiivisen takakannen nivelakselirakenteensa ja nelitankokokoonpanonsa ansiosta t\u00e4m\u00e4 nelitankoinen hydraulisylinteri tarjoaa parannetun vakauden, kest\u00e4vyyden ja kuormankantokyvyn, mik\u00e4 tekee siit\u00e4 v\u00e4ltt\u00e4m\u00e4tt\u00f6m\u00e4n ty\u00f6kalun vaativissa hydraulij\u00e4rjestelmiss\u00e4.<\/p>\n<p>Nelj\u00e4n sauvan hydraulisen sylinterin olennaiset ominaisuudet:<\/p>\n<p><strong>Takakannen nivelen muotoilu:<\/strong><\/p>\n<ol>\n<li style=\"list-style-type: none;\">\n<ul>\n<li>Takakannen nivelletty rakenne tarjoaa turvallisen ja tehokkaan asennusratkaisun, joka varmistaa luotettavan toiminnan my\u00f6s raskaissa kuormissa ja \u00e4\u00e4rimm\u00e4isiss\u00e4 olosuhteissa.<\/li>\n<li>Se yksinkertaistaa asennusta ja voidaan helposti integroida erilaisiin hydraulij\u00e4rjestelmiin tai laitteisiin.<\/li>\n<\/ul>\n<\/li>\n<\/ol>\n<p><strong>Nelj\u00e4n sauvan kokoonpano:<\/strong><\/p>\n<ol>\n<li style=\"list-style-type: none;\">\n<ul>\n<li>Nelj\u00e4n sauvan kokoonpano parantaa nelisauvan hydraulisylinterin kantokyky\u00e4 ja varmistaa optimaalisen vakauden ja tarkan asemoinnin.<\/li>\n<li>Se mahdollistaa nelitankoisen hydraulisylinterin tehokkaan sivuttaiskuormien kest\u00e4vyyden, mik\u00e4 tarjoaa poikkeuksellisen kest\u00e4vyyden v\u00e4\u00e4nt\u00f6\u00e4 ja sivuttaisvoimia vastaan.<\/li>\n<\/ul>\n<\/li>\n<\/ol>\n<p><strong>Suuri teho:<\/strong><\/p>\n<ol>\n<li style=\"list-style-type: none;\">\n<ul>\n<li>T\u00e4ss\u00e4 nelitankoisessa hydraulisylinteriss\u00e4 on vaikuttava teho, jonka ansiosta se k\u00e4sittelee raskaita kuormia helposti.<\/li>\n<li>Se tarjoaa erinomaisen tehon ja ty\u00f6nt\u00f6voiman, joten se sopii sovelluksiin, jotka vaativat paljon voimaa ja nostokapasiteettia.<\/li>\n<\/ul>\n<\/li>\n<\/ol>\n<p><strong>Tarkka ohjaus:<\/strong><\/p>\n<ul>\n<li style=\"list-style-type: none;\">\n<ul>\n<li>Takakannen nelitankoinen hydraulisylinteri tarjoaa tarkan lineaarisen liikkeenohjauksen, mik\u00e4 varmistaa tarkan paikannuksen ja sujuvan toiminnan.<\/li>\n<li>Se tarjoaa erinomaisen iskunhallinnan, jonka ansiosta k\u00e4ytt\u00e4j\u00e4t voivat saavuttaa erityisteht\u00e4viss\u00e4 tarvittavan nopeuden ja tarkkuuden.<\/li>\n<\/ul>\n<\/li>\n<\/ul>\n<h2><strong>Takakannen nivelakselin nelj\u00e4n sauvan hydraulisylinterin parametri:<\/strong><\/h2>\n<p><img loading=\"lazy\" decoding=\"async\" class=\"alignnone wp-image-1010 size-full\" src=\"https:\/\/hydraulic-cylinders.net\/wp-content\/uploads\/2023\/09\/rear-cover-rectangular-flange-four-rod-hydraulic-cylinder-2.webp\" alt=\"\" width=\"655\" height=\"197\" srcset=\"https:\/\/hydraulic-cylinders.net\/wp-content\/uploads\/2023\/09\/rear-cover-rectangular-flange-four-rod-hydraulic-cylinder-2.webp 655w, https:\/\/hydraulic-cylinders.net\/wp-content\/uploads\/2023\/09\/rear-cover-rectangular-flange-four-rod-hydraulic-cylinder-2-480x144.webp 480w\" sizes=\"(min-width: 0px) and (max-width: 480px) 480px, (min-width: 481px) 655px, 100vw\" \/><\/p>\n<p><img loading=\"lazy\" decoding=\"async\" class=\"alignnone wp-image-1033 size-full\" src=\"https:\/\/hydraulic-cylinders.net\/wp-content\/uploads\/2023\/09\/d-db-dd-four-rod-hydraulic-cylinder.webp\" alt=\"\" width=\"655\" height=\"249\" srcset=\"https:\/\/hydraulic-cylinders.net\/wp-content\/uploads\/2023\/09\/d-db-dd-four-rod-hydraulic-cylinder.webp 655w, https:\/\/hydraulic-cylinders.net\/wp-content\/uploads\/2023\/09\/d-db-dd-four-rod-hydraulic-cylinder-480x182.webp 480w\" sizes=\"(min-width: 0px) and (max-width: 480px) 480px, (min-width: 481px) 655px, 100vw\" \/><\/p>\n<h2><strong>Takakansi Nelivarsinen nelivarsinen hydraulisylinteri <\/strong><strong>K\u00e4ytt\u00f6menetelm\u00e4<\/strong><strong>:<\/strong><\/h2>\n<p><strong>Asennus ja asennus:<\/strong><\/p>\n<ol>\n<li style=\"list-style-type: none;\">\n<ul>\n<li>Ota huomioon kuormitusvaatimukset ja tilarajoitukset m\u00e4\u00e4ritt\u00e4\u00e4ksesi hydraulisylinterin sopivan asennuspaikan j\u00e4rjestelm\u00e4ss\u00e4 tai laitteistossa.<\/li>\n<li>Varmista, ett\u00e4 asennuspinta on puhdas ja tasainen ja ett\u00e4 se kest\u00e4\u00e4 sylinterin painon.<\/li>\n<li>Aseta takakannen tapit tasalle asennuspinnan kanssa ja kiinnit\u00e4 ne suositelluilla pulteilla tai kiinnittimill\u00e4.<\/li>\n<\/ul>\n<\/li>\n<\/ol>\n<p><strong>Hydrauliset liit\u00e4nn\u00e4t:<\/strong><\/p>\n<ol>\n<li style=\"list-style-type: none;\">\n<ul>\n<li>Liit\u00e4 nelitankoinen hydraulisylinterin sy\u00f6tt\u00f6letku sylinterin porttiin varmistaaksesi asianmukaisen tiivistyksen ja est\u00e4\u00e4ksesi vuodot.<\/li>\n<li>Noudata valmistajan suosituksia hydrauli\u00f6ljyn tyypist\u00e4 ja t\u00e4yt\u00e4 j\u00e4rjestelm\u00e4 suositeltuun tasoon.<\/li>\n<\/ul>\n<\/li>\n<\/ol>\n<p><strong>Toiminta:<\/strong><\/p>\n<ul>\n<li style=\"list-style-type: none;\">\n<ul>\n<li>Aktivoi hydraulij\u00e4rjestelm\u00e4 ja ohjaa sylinterin liikett\u00e4 hydraulisella ohjausventtiilill\u00e4 tai muulla sopivalla ohjausmekanismilla.<\/li>\n<li>S\u00e4\u00e4d\u00e4 virtaus ja paine Asetukset halutun nopeuden ja voimantuoton saavuttamiseksi.<\/li>\n<li>Tarkkaile sylinterin toimintaa s\u00e4\u00e4nn\u00f6llisesti mahdollisten ep\u00e4normaalien k\u00e4ytt\u00e4ytymismerkkien, kuten vuotojen, ylikuumenemisen tai ep\u00e4tavallisten \u00e4\u00e4nien, varalta.<\/li>\n<\/ul>\n<\/li>\n<\/ul>\n<h2><strong>Takakannen nivelakselin nelisauvaisen hydraulisylinterin huolto<\/strong><strong>:<\/strong><\/h2>\n<ol>\n<li><strong>S\u00e4\u00e4nn\u00f6llinen tarkastus:<\/strong>\n<ul>\n<li>Suorita s\u00e4\u00e4nn\u00f6lliset silm\u00e4m\u00e4\u00e4r\u00e4iset tarkastukset kulumisen, vuotojen tai vaurioiden varalta.<\/li>\n<li>Tarkasta tangon pinta, tiivisteet ja kiinnitysliit\u00e4nn\u00e4t mahdollisten poikkeavuuksien varalta ja korjaa mahdolliset ongelmat viipym\u00e4tt\u00e4.<\/li>\n<\/ul>\n<\/li>\n<li><strong>Voitelu:<\/strong>\n<ul>\n<li>Noudata valmistajan ohjeita voiteluv\u00e4leist\u00e4 ja k\u00e4yt\u00e4 suositeltua voiteluainetta varmistaaksesi sujuvan toiminnan.<\/li>\n<li>Levit\u00e4 voiteluainetta sylinterin tankoon, tiivisteisiin ja muihin liikkuviin osiin kitkan minimoimiseksi ja sylinterin k\u00e4ytt\u00f6i\u00e4n pident\u00e4miseksi.<\/li>\n<\/ul>\n<\/li>\n<li><strong>Tiivisteen vaihto:<\/strong>\n<ul>\n<li>Ajan my\u00f6t\u00e4 tiivisteet voivat kulua ja ne on vaihdettava. Jos vuotoa havaitaan, poista vanhat tiivisteet varovasti ja asenna uudet valmistajan ohjeiden mukaisesti.<\/li>\n<\/ul>\n<\/li>\n<\/ol>\n<h2><strong>Miten hydraulisylinteri kunnostetaan?<\/strong><\/h2>\n<p>Hydraulisylinterin uudelleenrakentaminen sis\u00e4lt\u00e4\u00e4 sylinterin purkamisen, sen osien tarkastamisen, kuluneiden tai vaurioituneiden osien vaihtamisen ja sen kokoamisen uudelleen sen toiminnan palauttamiseksi. T\u00e4ss\u00e4 on yleinen vaiheittainen opas hydraulisylinterin uudelleenrakentamiseen:<\/p>\n<ol>\n<li><strong>Ker\u00e4\u00e4 tarvittavat ty\u00f6kalut ja laitteet:<\/strong>\n<ul>\n<li>Ennen uudelleenrakennusprosessin aloittamista ker\u00e4\u00e4 tarvittavat ty\u00f6kalut, kuten jakoavaimet, pihdit, kumivasara, sylinterin teroitusty\u00f6kalu, uudet tiivisteet ja O-renkaat, tiivisteiden asennusty\u00f6kalu ja hydraulisylinterin korjaussarja.<\/li>\n<\/ul>\n<\/li>\n<li><strong>Turvaohjeet:<\/strong>\n<ul>\n<li>Varmista, ett\u00e4 hydraulij\u00e4rjestelm\u00e4 on paineeton ja sylinteri on irrotettu kaikista virtal\u00e4hteist\u00e4.<\/li>\n<li>K\u00e4yt\u00e4 asianmukaisia \u200b\u200bsuojavarusteita, kuten k\u00e4sineit\u00e4 ja suojalaseja, suojautuaksesi uudelleenrakennuksen aikana.<\/li>\n<\/ul>\n<\/li>\n<li><strong>Sylinterin purkaminen:<\/strong>\n<ul>\n<li>Irrota hydraulisylinteri laitteesta tai j\u00e4rjestelm\u00e4st\u00e4.<\/li>\n<li>Pura sylinteri varovasti aloittamalla p\u00e4\u00e4tykappaleiden tai kiinnitysrenkaiden irrottamisesta.<\/li>\n<li>Vapauta sylinterin paine vet\u00e4m\u00e4ll\u00e4 tanko kokonaan sis\u00e4\u00e4n.<\/li>\n<li>Huomioi irrotettujen osien j\u00e4rjestys, jotta kokoaminen onnistuu tarkasti.<\/li>\n<\/ul>\n<\/li>\n<li><strong>Komponenttien tarkastus:<\/strong>\n<ul>\n<li>Tarkasta kaikki sylinterin osat, mukaan lukien m\u00e4nt\u00e4, varsi, tiivisteet ja laakerit, kulumisen, vaurioiden tai korroosion merkkien varalta.<\/li>\n<li>Mittaa kriittisten komponenttien, kuten tangon ja rei\u00e4n halkaisijan, mitat varmistaaksesi, ett\u00e4 ne ovat spesifikaatioiden mukaisia.<\/li>\n<li>Kiinnit\u00e4 erityist\u00e4 huomiota tiivisteiden ja O-renkaiden kuntoon, sill\u00e4 ne ovat tuttuja hydraulisylinteriongelmien l\u00e4hteit\u00e4.<\/li>\n<\/ul>\n<\/li>\n<li><strong>Kuluneiden tai vaurioituneiden osien vaihto:<\/strong>\n<ul>\n<li>Vaihda kaikki tiivisteet, O-renkaat tai muut tarkastuksen aikana havaitut vaurioituneet osat.<\/li>\n<li>Varmista, ett\u00e4 varaosat ovat yhteensopivia sylinterimallin kanssa ja t\u00e4ytt\u00e4v\u00e4t vaaditut tekniset tiedot.<\/li>\n<li>Voitele uudet tiivisteet tai O-renkaat hydrauliikka\u00f6ljyll\u00e4 ennen asennusta.<\/li>\n<\/ul>\n<\/li>\n<li><strong>Sylinterin kokoaminen:<\/strong>\n<ul>\n<li>Puhdista kaikki puretut osat huolellisesti liasta ja roskista.<\/li>\n<li>Levit\u00e4 komponentteihin ohut kerros hydrauliikka\u00f6ljy\u00e4 kokoamisen aikana voitelun varmistamiseksi.<\/li>\n<li>Noudata valmistajan ohjeita tai korjausopasta varmistaaksesi kiinnittimien oikean kokoamisen ja kiristysmomentin.<\/li>\n<\/ul>\n<\/li>\n<li><strong>Testaus ja asennus:<\/strong>\n<ul>\n<li>Kun sylinteri on koottu uudelleen, testaa sen toimivuus k\u00e4ytt\u00e4m\u00e4ll\u00e4 hydraulipainetta.<\/li>\n<li>Tarkista testin aikana vuotojen, ep\u00e4normaalien \u00e4\u00e4nien tai ep\u00e4s\u00e4\u00e4nn\u00f6llisten liikkeiden varalta.<\/li>\n<li>Jos sylinteri toimii moitteettomasti ilman ongelmia, se voidaan asentaa takaisin laitteeseen tai j\u00e4rjestelm\u00e4\u00e4n.<\/li>\n<\/ul>\n<\/li>\n<\/ol>\n<h2><strong>Tehtaan kapasiteetti ja kapasiteetti:<\/strong><\/h2>\n<h3>(1) Kokoonpano<\/h3>\n<p>Meill\u00e4 on ensiluokkainen riippumaton tutkimus- ja kehitysty\u00f6n kokoonpanoalusta. Hydraulisylinterien tuotantopajassa on nelj\u00e4 puoliautomaattista nostosylinterin kokoonpanolinjaa ja yksi automaattinen kallistussylinterin kokoonpanolinja, joiden suunniteltu vuotuinen tuotantokapasiteetti on 1 miljoona kappaletta. Erikoissylinterin ty\u00f6paja on varustettu erilaisilla eritelmill\u00e4 puoliautomaattisen puhdistusasennuksen kokoonpanoj\u00e4rjestelm\u00e4ll\u00e4, jonka suunniteltu vuotuinen tuotantokapasiteetti on 200 000, ja se on varustettu kuuluisilla CNC-ty\u00f6st\u00f6laitteilla, ty\u00f6st\u00f6keskuksella, korkean tarkkuuden sylinterin k\u00e4sittelyyn tarkoitetuilla erityislaitteilla, robottihitsauskoneella, automaattisella puhdistuslaitteella, automaattisella sylinterin kokoonpanokoneella ja automaattisella maalaustuotantolinjalla. Olemassa olevat kriittiset laitteet yli 300 sarjaa (sarjaa). Laiteresurssien optimaalinen kohdentaminen ja tehokas k\u00e4ytt\u00f6 varmistavat tuotteiden tarkkuusvaatimukset ja t\u00e4ytt\u00e4v\u00e4t tuotteiden laatuvaatimukset.<\/p>\n<p><img loading=\"lazy\" decoding=\"async\" class=\"alignnone wp-image-626\" src=\"https:\/\/hydraulic-cylinders.net\/wp-content\/uploads\/2023\/08\/hydraulic-cylinder-product-1-300x158.webp\" alt=\"\" width=\"495\" height=\"260\" srcset=\"https:\/\/hydraulic-cylinders.net\/wp-content\/uploads\/2023\/08\/hydraulic-cylinder-product-1-300x158.webp 495w, https:\/\/hydraulic-cylinders.net\/wp-content\/uploads\/2023\/08\/hydraulic-cylinder-product-1-480x252.webp 480w\" sizes=\"(min-width: 0px) and (max-width: 480px) 480px, (min-width: 481px) 495px, 100vw\" \/> <img loading=\"lazy\" decoding=\"async\" class=\"alignnone wp-image-627\" src=\"https:\/\/hydraulic-cylinders.net\/wp-content\/uploads\/2023\/08\/hydraulic-cylinder-product-2-300x189.webp\" alt=\"\" width=\"413\" height=\"260\" \/><\/p>\n<h3>(2) Koneistus<\/h3>\n<p>Ty\u00f6st\u00f6paja on varustettu r\u00e4\u00e4t\u00e4l\u00f6idyll\u00e4 kaltevalla kiskosorvauskeskuksella, ty\u00f6st\u00f6keskuksella, suurnopeus-hiontakoneella, hitsausrobotilla ja muilla vastaavilla laitteilla, joilla voidaan k\u00e4sitell\u00e4 sylinteriputkia, joiden sis\u00e4halkaisija on enint\u00e4\u00e4n 400 mm ja enimm\u00e4ispituus on 6 metri\u00e4.<\/p>\n<p><img loading=\"lazy\" decoding=\"async\" class=\"alignnone wp-image-628 size-large\" src=\"https:\/\/hydraulic-cylinders.net\/wp-content\/uploads\/2023\/08\/hydraulic-cylinder-product-3-1024x391.webp\" alt=\"\" width=\"1024\" height=\"391\" srcset=\"https:\/\/hydraulic-cylinders.net\/wp-content\/uploads\/2023\/08\/hydraulic-cylinder-product-3-980x374.webp 980w, https:\/\/hydraulic-cylinders.net\/wp-content\/uploads\/2023\/08\/hydraulic-cylinder-product-3-480x183.webp 480w\" sizes=\"(min-width: 0px) and (max-width: 480px) 480px, (min-width: 481px) and (max-width: 980px) 980px, (min-width: 981px) 1024px, 100vw\" \/><\/p>\n<h3>(3) Hitsaus<\/h3>\n<p><img loading=\"lazy\" decoding=\"async\" class=\"alignnone wp-image-629 size-large\" src=\"https:\/\/hydraulic-cylinders.net\/wp-content\/uploads\/2023\/08\/hydraulic-cylinder-product-4-1024x510.webp\" alt=\"\" width=\"1024\" height=\"510\" srcset=\"https:\/\/hydraulic-cylinders.net\/wp-content\/uploads\/2023\/08\/hydraulic-cylinder-product-4-980x488.webp 980w, https:\/\/hydraulic-cylinders.net\/wp-content\/uploads\/2023\/08\/hydraulic-cylinder-product-4-480x239.webp 480w\" sizes=\"(min-width: 0px) and (max-width: 480px) 480px, (min-width: 481px) and (max-width: 980px) 980px, (min-width: 981px) 1024px, 100vw\" \/><\/p>\n<h3>(4) Maalaus ja pinnoitus<\/h3>\n<p>Pienill\u00e4 ja keskisuurilla sylinterin automaattisilla vesipohjaisilla maalipinnoituslinjoilla automaattisen robotin lastaus- ja purku- ja automaattisen ruiskutuksen saavuttamiseksi, suunnittelukapasiteetti on 4000 kappaletta vuorossa;<br \/>\nMeill\u00e4 on my\u00f6s puoliautomaattinen maalauslinja suurille sylintereille, joka toimii voimaketjulla ja jonka suunnittelukapasiteetti on 60 laatikkoa ty\u00f6vuorossa.<\/p>\n<p><img loading=\"lazy\" decoding=\"async\" class=\"alignnone wp-image-630\" src=\"https:\/\/hydraulic-cylinders.net\/wp-content\/uploads\/2023\/08\/hydraulic-cylinder-product-5-300x213.webp\" alt=\"\" width=\"366\" height=\"260\" \/> <img loading=\"lazy\" decoding=\"async\" class=\"alignnone wp-image-631\" src=\"https:\/\/hydraulic-cylinders.net\/wp-content\/uploads\/2023\/08\/hydraulic-cylinder-product-6-300x225.webp\" alt=\"\" width=\"347\" height=\"260\" \/><\/p>\n<h3>(5) Testaus<\/h3>\n<p>Meill\u00e4 on ensiluokkaiset tarkastustilat ja testialustat, joilla varmistetaan, ett\u00e4 sylinterin suorituskyky t\u00e4ytt\u00e4\u00e4 vaatimukset.<\/p>\n<p><img loading=\"lazy\" decoding=\"async\" class=\"alignnone wp-image-632\" src=\"https:\/\/hydraulic-cylinders.net\/wp-content\/uploads\/2023\/08\/hydraulic-cylinder-product-8-300x200.webp\" alt=\"\" width=\"389\" height=\"260\" \/><\/p>\n<p>&nbsp;<\/p>\n<p>&nbsp;<\/p>\n<p>Olemme yksi parhaista kevyiden nelitankohydraulisylinterien valmistajista. Voimme tarjota kattavan kevyen nelitankohydraulisen sylinterin varaston. Tarjoamme my\u00f6s vastaavan <a href=\"https:\/\/hzpt.com\/agricultural-pto-gearbox\/\" target=\"_blank\" rel=\"noopener\">maatalousvaihteistot<\/a>. Olemme vieneet tuotteitamme asiakkaillemme ymp\u00e4ri maailmaa ja ansainneet hyv\u00e4n maineen ylivoimaisen tuotteidemme laadun ja myynnin j\u00e4lkeisen palvelun ansiosta. Toivotamme l\u00e4mpim\u00e4sti tervetulleeksi asiakkaat sek\u00e4 kotimaassa ett\u00e4 ulkomailla ottamaan yhteytt\u00e4 meihin neuvottelemaan liiketoiminnasta, vaihtamaan tietoja ja\u00a0<a href=\"https:\/\/www.hydraulic-cylinders.net\/fi\/contact-us\/\">tehd\u00e4 yhteisty\u00f6t\u00e4 kanssamme<\/a>!<\/p>\n<h2><\/h2>\n<h2><\/h2>\n<h2><\/h2>","protected":false},"excerpt":{"rendered":"<p>Rear Cover Trunnion Four Rod Hydraulic Cylinder The rear cover trunnion four rod hydraulic cylinder is a cutting-edge component designed to provide exceptional power, precise control, and unmatched performance in various industrial applications. With its innovative rear cover trunnion design and four rod configuration, this four rod hydraulic cylinder offers enhanced stability, durability, and load-bearing [&hellip;]<\/p>","protected":false},"featured_media":1039,"comment_status":"open","ping_status":"closed","template":"","meta":{"_et_pb_use_builder":"","_et_pb_old_content":"","_et_gb_content_width":""},"product_brand":[],"product_cat":[1376,1386],"product_tag":[1380],"class_list":{"0":"post-1012","1":"product","2":"type-product","3":"status-publish","4":"has-post-thumbnail","6":"product_cat-hydraulic-cylinder","7":"product_cat-four-rod-hydraulic-cylinder","8":"product_tag-hydraulic-cylinder","10":"first","11":"instock","12":"shipping-taxable","13":"product-type-simple"},"amp_enabled":true,"_links":{"self":[{"href":"https:\/\/www.hydraulic-cylinders.net\/fi\/wp-json\/wp\/v2\/product\/1012","targetHints":{"allow":["GET"]}}],"collection":[{"href":"https:\/\/www.hydraulic-cylinders.net\/fi\/wp-json\/wp\/v2\/product"}],"about":[{"href":"https:\/\/www.hydraulic-cylinders.net\/fi\/wp-json\/wp\/v2\/types\/product"}],"replies":[{"embeddable":true,"href":"https:\/\/www.hydraulic-cylinders.net\/fi\/wp-json\/wp\/v2\/comments?post=1012"}],"wp:featuredmedia":[{"embeddable":true,"href":"https:\/\/www.hydraulic-cylinders.net\/fi\/wp-json\/wp\/v2\/media\/1039"}],"wp:attachment":[{"href":"https:\/\/www.hydraulic-cylinders.net\/fi\/wp-json\/wp\/v2\/media?parent=1012"}],"wp:term":[{"taxonomy":"product_brand","embeddable":true,"href":"https:\/\/www.hydraulic-cylinders.net\/fi\/wp-json\/wp\/v2\/product_brand?post=1012"},{"taxonomy":"product_cat","embeddable":true,"href":"https:\/\/www.hydraulic-cylinders.net\/fi\/wp-json\/wp\/v2\/product_cat?post=1012"},{"taxonomy":"product_tag","embeddable":true,"href":"https:\/\/www.hydraulic-cylinders.net\/fi\/wp-json\/wp\/v2\/product_tag?post=1012"}],"curies":[{"name":"wp","href":"https:\/\/api.w.org\/{rel}","templated":true}]}}