{"id":1014,"date":"2023-09-07T02:36:18","date_gmt":"2023-09-07T02:36:18","guid":{"rendered":"https:\/\/hydraulic-cylinders.net\/?post_type=product&#038;p=1014"},"modified":"2023-09-19T01:36:38","modified_gmt":"2023-09-19T01:36:38","slug":"middle-fixed-trunnion-four-rod-hydraulic-cylinder","status":"publish","type":"product","link":"https:\/\/www.hydraulic-cylinders.net\/fi\/tuote\/middle-fixed-trunnion-four-rod-hydraulic-cylinder\/","title":{"rendered":"Keskimm\u00e4inen kiinte\u00e4 nivelakseli Nelj\u00e4n sauvan hydraulinen sylinteri"},"content":{"rendered":"<h1 style=\"text-align: center;\"><strong>Keskimm\u00e4inen kiinte\u00e4 nivelakseli Nelj\u00e4n sauvan hydraulinen sylinteri<\/strong><\/h1>\n<p><img loading=\"lazy\" decoding=\"async\" class=\"size-full wp-image-1015 aligncenter\" src=\"https:\/\/hydraulic-cylinders.net\/wp-content\/uploads\/2023\/09\/middle-fixed-trunnion-four-rod-hydraulic-cylinder-1.webp\" alt=\"\" width=\"227\" height=\"227\" srcset=\"https:\/\/www.hydraulic-cylinders.net\/wp-content\/uploads\/2023\/09\/middle-fixed-trunnion-four-rod-hydraulic-cylinder-1.webp 227w, https:\/\/www.hydraulic-cylinders.net\/wp-content\/uploads\/2023\/09\/middle-fixed-trunnion-four-rod-hydraulic-cylinder-1-100x100.webp 100w, https:\/\/www.hydraulic-cylinders.net\/wp-content\/uploads\/2023\/09\/middle-fixed-trunnion-four-rod-hydraulic-cylinder-1-150x150.webp 150w, https:\/\/www.hydraulic-cylinders.net\/wp-content\/uploads\/2023\/09\/middle-fixed-trunnion-four-rod-hydraulic-cylinder-1-12x12.webp 12w\" sizes=\"(max-width: 227px) 100vw, 227px\" \/><\/p>\n<p>Keskell\u00e4 kiinte\u00e4sti kiinnitetty nelitankoinen hydraulisylinteri on huippuluokan hydrauliikkakomponentti, joka on suunniteltu tarjoamaan poikkeuksellista tehoa, vakautta ja tarkkuutta monenlaisissa teollisissa sovelluksissa. Innovatiivisen keskimm\u00e4isen kiinte\u00e4n tapin ja nelitankoisen kokoonpanon ansiosta t\u00e4m\u00e4 nelitankoinen hydraulisylinteri tarjoaa erinomaisen kuormankantokyvyn, kest\u00e4vyyden ja luotettavan suorituskyvyn, mik\u00e4 tekee siit\u00e4 olennaisen ty\u00f6kalun vaativissa hydraulij\u00e4rjestelmiss\u00e4.<\/p>\n<p>Nelj\u00e4n sauvan hydraulisen sylinterin olennaiset ominaisuudet:<\/p>\n<p><strong>Keskimm\u00e4inen kiinte\u00e4 trunnion rakenne:<\/strong><\/p>\n<ol>\n<li style=\"list-style-type: none;\">\n<ul>\n<li>V\u00e4liss\u00e4 oleva kiinte\u00e4 tappirakenne tarjoaa turvallisen ja vakaan asennusratkaisun, joka varmistaa luotettavan toiminnan my\u00f6s raskaissa kuormissa ja \u00e4\u00e4rimm\u00e4isiss\u00e4 olosuhteissa.<\/li>\n<li>Se yksinkertaistaa asennusprosessia ja voidaan helposti integroida erilaisiin hydraulij\u00e4rjestelmiin tai laitteisiin.<\/li>\n<\/ul>\n<\/li>\n<\/ol>\n<p><strong>Nelj\u00e4n sauvan kokoonpano:<\/strong><\/p>\n<ol>\n<li style=\"list-style-type: none;\">\n<ul>\n<li>Nelj\u00e4n tangon kokoonpano parantaa sylinterin kantavuutta, mik\u00e4 takaa optimaalisen vakauden ja tarkan asemoinnin.<\/li>\n<li>Se mahdollistaa sylinterin tehokkaan sivuttaiskuormien kest\u00e4vyyden, tarjoten poikkeuksellisen kest\u00e4vyyden v\u00e4\u00e4nt\u00f6\u00e4 ja sivuttaisvoimia vastaan.<\/li>\n<\/ul>\n<\/li>\n<\/ol>\n<p><strong>Suuri teho:<\/strong><\/p>\n<ol>\n<li style=\"list-style-type: none;\">\n<ul>\n<li>T\u00e4ss\u00e4 nelitankoisessa hydraulisylinteriss\u00e4 on vaikuttava teho, jonka ansiosta se k\u00e4sittelee raskaita kuormia helposti.<\/li>\n<li>Se tarjoaa erinomaisen tehon ja ty\u00f6nt\u00f6voiman, joten se sopii sovelluksiin, jotka vaativat voimaa ja nostokapasiteettia.<\/li>\n<\/ul>\n<\/li>\n<\/ol>\n<p><strong>Tarkka ohjaus:<\/strong><\/p>\n<ul>\n<li style=\"list-style-type: none;\">\n<ul>\n<li>Nelj\u00e4n sauvan hydraulisylinteri, jossa on kiinte\u00e4 keskiakseli, voi tarkasti ohjata lineaarista liikett\u00e4 varmistaakseen tarkan paikannuksen ja sujuvan toiminnan.<\/li>\n<li>Se tarjoaa erinomaisen iskunhallinnan, jonka ansiosta k\u00e4ytt\u00e4j\u00e4t voivat saavuttaa erityisteht\u00e4viss\u00e4 tarvittavan nopeuden ja tarkkuuden.<\/li>\n<\/ul>\n<\/li>\n<\/ul>\n<h2><strong>Keskimm\u00e4inen kiinte\u00e4n nivelen nelisauvainen hydraulisylinterin parametri:<\/strong><\/h2>\n<p><img loading=\"lazy\" decoding=\"async\" class=\"alignnone wp-image-1016 size-full\" src=\"https:\/\/hydraulic-cylinders.net\/wp-content\/uploads\/2023\/09\/middle-fixed-trunnion-four-rod-hydraulic-cylinder.webp\" alt=\"\" width=\"655\" height=\"191\" srcset=\"https:\/\/hydraulic-cylinders.net\/wp-content\/uploads\/2023\/09\/middle-fixed-trunnion-four-rod-hydraulic-cylinder.webp 655w, https:\/\/hydraulic-cylinders.net\/wp-content\/uploads\/2023\/09\/middle-fixed-trunnion-four-rod-hydraulic-cylinder-480x140.webp 480w\" sizes=\"(min-width: 0px) and (max-width: 480px) 480px, (min-width: 481px) 655px, 100vw\" \/><\/p>\n<p><img loading=\"lazy\" decoding=\"async\" class=\"alignnone wp-image-1033 size-full\" src=\"https:\/\/hydraulic-cylinders.net\/wp-content\/uploads\/2023\/09\/d-db-dd-four-rod-hydraulic-cylinder.webp\" alt=\"\" width=\"655\" height=\"249\" srcset=\"https:\/\/hydraulic-cylinders.net\/wp-content\/uploads\/2023\/09\/d-db-dd-four-rod-hydraulic-cylinder.webp 655w, https:\/\/hydraulic-cylinders.net\/wp-content\/uploads\/2023\/09\/d-db-dd-four-rod-hydraulic-cylinder-480x182.webp 480w\" sizes=\"(min-width: 0px) and (max-width: 480px) 480px, (min-width: 481px) 655px, 100vw\" \/><\/p>\n<h2><strong>Keskimm\u00e4inen kiinte\u00e4 nivelakseli Nelj\u00e4n sauvan hydraulinen sylinteri <\/strong><strong>K\u00e4ytt\u00f6menetelm\u00e4<\/strong><strong>:<\/strong><\/h2>\n<p><strong>Asennus ja asennus:<\/strong><\/p>\n<ol>\n<li style=\"list-style-type: none;\">\n<ul>\n<li>Ota huomioon kuormitusvaatimukset ja tilarajoitukset m\u00e4\u00e4ritt\u00e4ess\u00e4si nelitankoisen hydraulisylinterin sopivaa asennuspaikkaa j\u00e4rjestelm\u00e4ss\u00e4 tai laitteessa.<\/li>\n<li>Varmista, ett\u00e4 asennuspinta on puhdas, tasainen ja kest\u00e4\u00e4 sylinterin painon.<\/li>\n<li>Kiinnit\u00e4 keskimm\u00e4iset kiinnitystapit kiinnityspintaan suositelluilla pulteilla tai kiinnikkeill\u00e4.<\/li>\n<\/ul>\n<\/li>\n<\/ol>\n<p><strong>Hydrauliset liit\u00e4nn\u00e4t:<\/strong><\/p>\n<ol>\n<li style=\"list-style-type: none;\">\n<ul>\n<li>Liit\u00e4 hydraulinen sy\u00f6tt\u00f6linja sylinterin porttiin ja varmista asianmukainen tiivistys vuotojen est\u00e4miseksi.<\/li>\n<li>Noudata valmistajan suosituksia hydrauli\u00f6ljyn tyypist\u00e4 ja t\u00e4yt\u00e4 j\u00e4rjestelm\u00e4 suositeltuun tasoon.<\/li>\n<\/ul>\n<\/li>\n<\/ol>\n<p><strong>Toiminta:<\/strong><\/p>\n<ul>\n<li style=\"list-style-type: none;\">\n<ul>\n<li>Aktivoi hydraulij\u00e4rjestelm\u00e4 ja ohjaa sylinterin liikett\u00e4 hydraulisella ohjausventtiilill\u00e4 tai muulla sopivalla ohjausmekanismilla.<\/li>\n<li>S\u00e4\u00e4d\u00e4 virtaus ja paine Asetukset halutun nopeuden ja voimantuoton saavuttamiseksi.<\/li>\n<li>Tarkkaile s\u00e4\u00e4nn\u00f6llisesti sylinterin toimintaa ep\u00e4normaalin k\u00e4ytt\u00e4ytymisen, kuten vuotojen, ylikuumenemisen tai ep\u00e4tavallisen melun varalta.<\/li>\n<\/ul>\n<\/li>\n<\/ul>\n<h2><strong>Keskimm\u00e4inen kiinte\u00e4 nivelakseli Nelj\u00e4n sauvan hydraulinen sylinteri <\/strong><strong>Huolto<\/strong><strong>:<\/strong><\/h2>\n<p><strong>S\u00e4\u00e4nn\u00f6llinen tarkastus:<\/strong><\/p>\n<ol>\n<li style=\"list-style-type: none;\">\n<ul>\n<li>Suorita rutiininomaiset silm\u00e4m\u00e4\u00e4r\u00e4iset tarkastukset kulumisen, vuotojen tai vaurioiden varalta.<\/li>\n<li>Tarkasta tangon pinnat, tiivisteet ja kiinnitysliitokset poikkeavuuksien varalta ja korjaa mahdolliset ongelmat viipym\u00e4tt\u00e4.<\/li>\n<\/ul>\n<\/li>\n<\/ol>\n<p><strong>Voitelu:<\/strong><\/p>\n<ol>\n<li style=\"list-style-type: none;\">\n<ul>\n<li>Noudata valmistajan voiteluv\u00e4liohjeita ja k\u00e4yt\u00e4 suositeltua voiteluainetta h\u00e4iri\u00f6tt\u00f6m\u00e4n toiminnan varmistamiseksi.<\/li>\n<li>Voitele tangot, tiivisteet ja muut liikkuvat osat v\u00e4hent\u00e4\u00e4ksesi kitkaa ja pident\u00e4\u00e4ksesi nelipalkkisten hydraulisylintereiden k\u00e4ytt\u00f6ik\u00e4\u00e4.<\/li>\n<\/ul>\n<\/li>\n<\/ol>\n<p><strong>Tiivisteen vaihto:<\/strong><\/p>\n<ul>\n<li style=\"list-style-type: none;\">\n<ul>\n<li>Ajan my\u00f6t\u00e4 tiivisteet voivat kulua ja ne on vaihdettava. Jos vuoto havaitaan, poista vanha tiiviste varovasti ja asenna uusi tiiviste valmistajan ohjeiden mukaisesti.<\/li>\n<\/ul>\n<\/li>\n<\/ul>\n<h2><strong>Kuinka nopeasti hydraulisylinteri voi liikkua?<\/strong><\/h2>\n<p>Hydraulisylinterin liikkumisnopeus riippuu useista tekij\u00f6ist\u00e4, kuten sylinterin koosta ja rakenteesta, hydraulij\u00e4rjestelm\u00e4n paineesta ja virtausnopeudesta sek\u00e4 siirrett\u00e4v\u00e4st\u00e4 kuormasta.<\/p>\n<p>Yleisesti ottaen hydraulisylinterit tunnetaan kyvyst\u00e4\u00e4n tarjota sek\u00e4 suurta voimaa ett\u00e4 tarkkaa ohjausta, mutta niiden maksiminopeus on tyypillisesti alhaisempi kuin muuntyyppisiss\u00e4 toimilaitteissa. Hydraulisylinterin nopeus m\u00e4\u00e4r\u00e4ytyy nopeuden mukaan, jolla hydraulinestett\u00e4 sy\u00f6tet\u00e4\u00e4n sylinterikammioon tai vapautuu sielt\u00e4.<\/p>\n<p>T\u00e4ss\u00e4 on muutamia tekij\u00f6it\u00e4, jotka voivat vaikuttaa hydraulisylinterin nopeuteen:<\/p>\n<ol>\n<li><strong>J\u00e4rjestelm\u00e4n suunnittelu ja komponentit:<\/strong> Hydraulij\u00e4rjestelm\u00e4n, mukaan lukien pumpun, venttiilien ja putkiston, suunnittelu voi vaikuttaa sylinterin nopeuteen. J\u00e4rjestelm\u00e4n tulee olla oikein mitoitettu ja konfiguroitu tarjoamaan riitt\u00e4v\u00e4 virtausnopeus ja paine halutun nopeuden saavuttamiseksi.<\/li>\n<li><strong>Sylinterin halkaisija ja iskunpituus:<\/strong> My\u00f6s sylinterin halkaisija ja iskunpituus vaikuttavat sen nopeuteen. Yleens\u00e4 suuremman halkaisijan omaavat sylinterit liikkuvat hitaammin kuin pienemm\u00e4t, koska sylinterikammion t\u00e4ytt\u00e4miseen tai tyhjent\u00e4miseen tarvitaan enemm\u00e4n hydraulinestett\u00e4.<\/li>\n<li><strong>Virtausnopeus ja paine:<\/strong> Sylinteriin sy\u00f6tett\u00e4v\u00e4n hydraulinesteen virtausnopeus ja paine ovat kriittisi\u00e4 tekij\u00f6it\u00e4 sylinterin nopeuden m\u00e4\u00e4ritt\u00e4misess\u00e4. Virtausnopeuden tai paineen lis\u00e4\u00e4minen voi johtaa nopeampaan liikkeeseen, kun taas niiden pienent\u00e4minen hidastaa sylinteri\u00e4.<\/li>\n<li><strong>Kuorma ja kitka:<\/strong> Siirrett\u00e4v\u00e4n l\u00e4hetyksen paino ja kitka voivat vaikuttaa sylinterin nopeuteen. Raskaammat kuormat saattavat vaatia enemm\u00e4n voimaa, mik\u00e4 voi hidastaa sylinterin kokonaisnopeutta. Lis\u00e4ksi j\u00e4rjestelm\u00e4n lis\u00e4\u00e4ntynyt kitka, kuten tiivisteiden tai linjausvirheiden aiheuttama, voi my\u00f6s vaikuttaa nopeuteen.<\/li>\n<\/ol>\n<h2><strong>Tehtaan kapasiteetti ja kapasiteetti:<\/strong><\/h2>\n<h3>(1) Kokoonpano<\/h3>\n<p>Meill\u00e4 on ensiluokkainen riippumaton tutkimus- ja kehitysty\u00f6n kokoonpanoalusta. Hydraulisylinterien tuotantopajassa on nelj\u00e4 puoliautomaattista nostosylinterin kokoonpanolinjaa ja yksi automaattinen kallistussylinterin kokoonpanolinja, joiden suunniteltu vuotuinen tuotantokapasiteetti on 1 miljoona kappaletta. Erikoissylinterin ty\u00f6paja on varustettu erilaisilla eritelmill\u00e4 puoliautomaattisen puhdistusasennuksen kokoonpanoj\u00e4rjestelm\u00e4ll\u00e4, jonka suunniteltu vuotuinen tuotantokapasiteetti on 200 000, ja se on varustettu kuuluisilla CNC-ty\u00f6st\u00f6laitteilla, ty\u00f6st\u00f6keskuksella, korkean tarkkuuden sylinterin k\u00e4sittelyyn tarkoitetuilla erityislaitteilla, robottihitsauskoneella, automaattisella puhdistuslaitteella, automaattisella sylinterin kokoonpanokoneella ja automaattisella maalaustuotantolinjalla. Olemassa olevat kriittiset laitteet yli 300 sarjaa (sarjaa). Laiteresurssien optimaalinen kohdentaminen ja tehokas k\u00e4ytt\u00f6 varmistavat tuotteiden tarkkuusvaatimukset ja t\u00e4ytt\u00e4v\u00e4t tuotteiden laatuvaatimukset.<\/p>\n<p><img loading=\"lazy\" decoding=\"async\" class=\"alignnone wp-image-626\" src=\"https:\/\/hydraulic-cylinders.net\/wp-content\/uploads\/2023\/08\/hydraulic-cylinder-product-1-300x158.webp\" alt=\"\" width=\"495\" height=\"260\" srcset=\"https:\/\/hydraulic-cylinders.net\/wp-content\/uploads\/2023\/08\/hydraulic-cylinder-product-1-300x158.webp 495w, https:\/\/hydraulic-cylinders.net\/wp-content\/uploads\/2023\/08\/hydraulic-cylinder-product-1-480x252.webp 480w\" sizes=\"(min-width: 0px) and (max-width: 480px) 480px, (min-width: 481px) 495px, 100vw\" \/> <img loading=\"lazy\" decoding=\"async\" class=\"alignnone wp-image-627\" src=\"https:\/\/hydraulic-cylinders.net\/wp-content\/uploads\/2023\/08\/hydraulic-cylinder-product-2-300x189.webp\" alt=\"\" width=\"413\" height=\"260\" \/><\/p>\n<h3>(2) Koneistus<\/h3>\n<p>Ty\u00f6st\u00f6paja on varustettu r\u00e4\u00e4t\u00e4l\u00f6idyll\u00e4 kaltevalla kiskosorvauskeskuksella, ty\u00f6st\u00f6keskuksella, suurnopeus-hiontakoneella, hitsausrobotilla ja muilla vastaavilla laitteilla, joilla voidaan k\u00e4sitell\u00e4 sylinteriputkia, joiden sis\u00e4halkaisija on enint\u00e4\u00e4n 400 mm ja enimm\u00e4ispituus on 6 metri\u00e4.<\/p>\n<p><img loading=\"lazy\" decoding=\"async\" class=\"alignnone wp-image-628 size-large\" src=\"https:\/\/hydraulic-cylinders.net\/wp-content\/uploads\/2023\/08\/hydraulic-cylinder-product-3-1024x391.webp\" alt=\"\" width=\"1024\" height=\"391\" srcset=\"https:\/\/hydraulic-cylinders.net\/wp-content\/uploads\/2023\/08\/hydraulic-cylinder-product-3-980x374.webp 980w, https:\/\/hydraulic-cylinders.net\/wp-content\/uploads\/2023\/08\/hydraulic-cylinder-product-3-480x183.webp 480w\" sizes=\"(min-width: 0px) and (max-width: 480px) 480px, (min-width: 481px) and (max-width: 980px) 980px, (min-width: 981px) 1024px, 100vw\" \/><\/p>\n<h3>(3) Hitsaus<\/h3>\n<p><img loading=\"lazy\" decoding=\"async\" class=\"alignnone wp-image-629 size-large\" src=\"https:\/\/hydraulic-cylinders.net\/wp-content\/uploads\/2023\/08\/hydraulic-cylinder-product-4-1024x510.webp\" alt=\"\" width=\"1024\" height=\"510\" srcset=\"https:\/\/hydraulic-cylinders.net\/wp-content\/uploads\/2023\/08\/hydraulic-cylinder-product-4-980x488.webp 980w, https:\/\/hydraulic-cylinders.net\/wp-content\/uploads\/2023\/08\/hydraulic-cylinder-product-4-480x239.webp 480w\" sizes=\"(min-width: 0px) and (max-width: 480px) 480px, (min-width: 481px) and (max-width: 980px) 980px, (min-width: 981px) 1024px, 100vw\" \/><\/p>\n<h3>(4) Maalaus ja pinnoitus<\/h3>\n<p>Pienill\u00e4 ja keskisuurilla sylinterin automaattisilla vesipohjaisilla maalipinnoituslinjoilla automaattisen robotin lastaus- ja purku- ja automaattisen ruiskutuksen saavuttamiseksi, suunnittelukapasiteetti on 4000 kappaletta vuorossa;<br \/>\nMeill\u00e4 on my\u00f6s puoliautomaattinen maalauslinja suurille sylintereille, joka toimii voimaketjulla ja jonka suunnittelukapasiteetti on 60 laatikkoa ty\u00f6vuorossa.<\/p>\n<p><img loading=\"lazy\" decoding=\"async\" class=\"alignnone wp-image-630\" src=\"https:\/\/hydraulic-cylinders.net\/wp-content\/uploads\/2023\/08\/hydraulic-cylinder-product-5-300x213.webp\" alt=\"\" width=\"366\" height=\"260\" \/> <img loading=\"lazy\" decoding=\"async\" class=\"alignnone wp-image-631\" src=\"https:\/\/hydraulic-cylinders.net\/wp-content\/uploads\/2023\/08\/hydraulic-cylinder-product-6-300x225.webp\" alt=\"\" width=\"347\" height=\"260\" \/><\/p>\n<h3>(5) Testaus<\/h3>\n<p>Meill\u00e4 on ensiluokkaiset tarkastustilat ja testialustat, joilla varmistetaan, ett\u00e4 sylinterin suorituskyky t\u00e4ytt\u00e4\u00e4 vaatimukset.<\/p>\n<p><img loading=\"lazy\" decoding=\"async\" class=\"alignnone wp-image-632\" src=\"https:\/\/hydraulic-cylinders.net\/wp-content\/uploads\/2023\/08\/hydraulic-cylinder-product-8-300x200.webp\" alt=\"\" width=\"389\" height=\"260\" \/><\/p>\n<p>&nbsp;<\/p>\n<p>&nbsp;<\/p>\n<p>Olemme yksi parhaista kevyiden nelitankohydraulisylinterien valmistajista. Voimme tarjota kattavan kevyen nelitankohydraulisen sylinterin varaston. Tarjoamme my\u00f6s vastaavan <a href=\"https:\/\/hzpt.com\/agricultural-pto-gearbox\/\" target=\"_blank\" rel=\"noopener\">maatalousvaihteistot<\/a>. Olemme vieneet tuotteitamme asiakkaillemme ymp\u00e4ri maailmaa ja ansainneet hyv\u00e4n maineen ylivoimaisen tuotteidemme laadun ja myynnin j\u00e4lkeisen palvelun ansiosta. Toivotamme l\u00e4mpim\u00e4sti tervetulleeksi asiakkaat sek\u00e4 kotimaassa ett\u00e4 ulkomailla ottamaan yhteytt\u00e4 meihin neuvottelemaan liiketoiminnasta, vaihtamaan tietoja ja\u00a0<a href=\"https:\/\/www.hydraulic-cylinders.net\/fi\/contact-us\/\">tehd\u00e4 yhteisty\u00f6t\u00e4 kanssamme<\/a>!<\/p>\n<h2><\/h2>\n<h2><\/h2>","protected":false},"excerpt":{"rendered":"<p>Middle Fixed Trunnion Four Rod Hydraulic Cylinder The middle fixed trunnion four rod hydraulic cylinder is a state-of-the-art hydraulic component designed to deliver exceptional power, stability, and precision in a wide range of industrial applications. With its innovative middle fixed trunnion design and four rod configuration, this four rod hydraulic cylinder offers superior load-bearing capacity, [&hellip;]<\/p>","protected":false},"featured_media":1017,"comment_status":"open","ping_status":"closed","template":"","meta":{"_et_pb_use_builder":"","_et_pb_old_content":"","_et_gb_content_width":""},"product_brand":[],"product_cat":[1376,1386],"product_tag":[1380],"class_list":{"0":"post-1014","1":"product","2":"type-product","3":"status-publish","4":"has-post-thumbnail","6":"product_cat-hydraulic-cylinder","7":"product_cat-four-rod-hydraulic-cylinder","8":"product_tag-hydraulic-cylinder","10":"first","11":"instock","12":"shipping-taxable","13":"product-type-simple"},"amp_enabled":true,"_links":{"self":[{"href":"https:\/\/www.hydraulic-cylinders.net\/fi\/wp-json\/wp\/v2\/product\/1014","targetHints":{"allow":["GET"]}}],"collection":[{"href":"https:\/\/www.hydraulic-cylinders.net\/fi\/wp-json\/wp\/v2\/product"}],"about":[{"href":"https:\/\/www.hydraulic-cylinders.net\/fi\/wp-json\/wp\/v2\/types\/product"}],"replies":[{"embeddable":true,"href":"https:\/\/www.hydraulic-cylinders.net\/fi\/wp-json\/wp\/v2\/comments?post=1014"}],"wp:featuredmedia":[{"embeddable":true,"href":"https:\/\/www.hydraulic-cylinders.net\/fi\/wp-json\/wp\/v2\/media\/1017"}],"wp:attachment":[{"href":"https:\/\/www.hydraulic-cylinders.net\/fi\/wp-json\/wp\/v2\/media?parent=1014"}],"wp:term":[{"taxonomy":"product_brand","embeddable":true,"href":"https:\/\/www.hydraulic-cylinders.net\/fi\/wp-json\/wp\/v2\/product_brand?post=1014"},{"taxonomy":"product_cat","embeddable":true,"href":"https:\/\/www.hydraulic-cylinders.net\/fi\/wp-json\/wp\/v2\/product_cat?post=1014"},{"taxonomy":"product_tag","embeddable":true,"href":"https:\/\/www.hydraulic-cylinders.net\/fi\/wp-json\/wp\/v2\/product_tag?post=1014"}],"curies":[{"name":"wp","href":"https:\/\/api.w.org\/{rel}","templated":true}]}}