{"id":1019,"date":"2023-09-07T03:16:54","date_gmt":"2023-09-07T03:16:54","guid":{"rendered":"https:\/\/hydraulic-cylinders.net\/?post_type=product&#038;p=1019"},"modified":"2023-09-19T01:36:32","modified_gmt":"2023-09-19T01:36:32","slug":"double-pistion-rod-hydraulic-cylinder","status":"publish","type":"product","link":"https:\/\/www.hydraulic-cylinders.net\/fi\/tuote\/double-pistion-rod-hydraulic-cylinder\/","title":{"rendered":"Kaksoism\u00e4nt\u00e4 Rod hydraulinen sylinteri"},"content":{"rendered":"<h1 style=\"text-align: center;\"><strong>Kaksoism\u00e4nt\u00e4 Rod hydraulinen sylinteri<\/strong><\/h1>\n<p><img loading=\"lazy\" decoding=\"async\" class=\"size-full wp-image-1022 aligncenter\" src=\"https:\/\/hydraulic-cylinders.net\/wp-content\/uploads\/2023\/09\/double-piston-rod-hydraulic-cylinder-1-1.webp\" alt=\"\" width=\"281\" height=\"281\" srcset=\"https:\/\/www.hydraulic-cylinders.net\/wp-content\/uploads\/2023\/09\/double-piston-rod-hydraulic-cylinder-1-1.webp 281w, https:\/\/www.hydraulic-cylinders.net\/wp-content\/uploads\/2023\/09\/double-piston-rod-hydraulic-cylinder-1-1-100x100.webp 100w, https:\/\/www.hydraulic-cylinders.net\/wp-content\/uploads\/2023\/09\/double-piston-rod-hydraulic-cylinder-1-1-150x150.webp 150w, https:\/\/www.hydraulic-cylinders.net\/wp-content\/uploads\/2023\/09\/double-piston-rod-hydraulic-cylinder-1-1-12x12.webp 12w\" sizes=\"(max-width: 281px) 100vw, 281px\" \/><\/p>\n<p>Kaksoism\u00e4nt\u00e4tankohydraulisylinteri on huippuluokan hydrauliikkaelementti, joka on suunniteltu tarjoamaan ylivoimaista tehoa, vakautta ja monipuolisuutta monenlaisiin teollisiin sovelluksiin. Ainutlaatuisen kaksoism\u00e4nt\u00e4tankokokoonpanonsa ansiosta t\u00e4m\u00e4 hydraulisylinteri tarjoaa paremman kuormankantokyvyn, tarkan ohjauksen ja luotettavan suorituskyvyn, mik\u00e4 tekee siit\u00e4 korvaamattoman voimavaran vaativissa hydraulij\u00e4rjestelmiss\u00e4.<\/p>\n<p>Nelj\u00e4n sauvan hydraulisen sylinterin olennaiset ominaisuudet:<\/p>\n<p><strong>Kaksoism\u00e4nt\u00e4tangon kokoonpano:<\/strong><\/p>\n<ol>\n<li style=\"list-style-type: none;\">\n<ul>\n<li>Kaksoism\u00e4nt\u00e4tankokokoonpano tekee hydraulisylinterist\u00e4 perinteisest\u00e4 rakenteesta erilaisen, vakaamman, kantavamman ja sivukuormituksen kest\u00e4v\u00e4mm\u00e4n.<\/li>\n<li>Se takaa voimien symmetrisen jakautumisen, mik\u00e4 takaa tasapainoisen ja tarkan liikkeen k\u00e4yt\u00f6n aikana.<\/li>\n<\/ul>\n<\/li>\n<\/ol>\n<p><strong>Suuri teho:<\/strong><\/p>\n<ol>\n<li style=\"list-style-type: none;\">\n<ul>\n<li>T\u00e4ss\u00e4 hydraulisylinteriss\u00e4 on vaikuttava teho, joten se soveltuu sovelluksiin, joissa tarvitaan paljon tehoa ja nostokapasiteettia.<\/li>\n<li>Se tarjoaa erityisen ty\u00f6nt\u00f6voiman, jonka ansiosta se pystyy helposti k\u00e4sittelem\u00e4\u00e4n raskaita kuormia.<\/li>\n<\/ul>\n<\/li>\n<\/ol>\n<p><strong>Tarkka ohjaus ja paikannus:<\/strong><\/p>\n<ol>\n<li style=\"list-style-type: none;\">\n<ul>\n<li>Kaksoism\u00e4nt\u00e4tankohydraulisylinterit ohjaavat lineaarista liikett\u00e4 tarkasti, mik\u00e4 takaa tarkan asemoinnin ja tasaisen toiminnan.<\/li>\n<li>Se tarjoaa erinomaisen iskunhallinnan, jonka ansiosta k\u00e4ytt\u00e4j\u00e4t voivat saavuttaa erityisteht\u00e4viss\u00e4 tarvittavan nopeuden ja tarkkuuden.<\/li>\n<\/ul>\n<\/li>\n<\/ol>\n<p><strong>Monipuolinen k\u00e4ytt\u00f6:<\/strong><\/p>\n<ul>\n<li style=\"list-style-type: none;\">\n<ul>\n<li>Kest\u00e4v\u00e4n rakenteensa ja monipuolisen rakenteensa ansiosta t\u00e4m\u00e4 hydraulisylinteri soveltuu eri teollisuudenaloille ja sovelluksiin.<\/li>\n<li>Sit\u00e4 voidaan k\u00e4ytt\u00e4\u00e4 raskaissa koneissa, rakennuskoneissa, materiaalink\u00e4sittelyj\u00e4rjestelmiss\u00e4, maatalouskoneissa jne.<\/li>\n<\/ul>\n<\/li>\n<\/ul>\n<h2><strong>Kaksoism\u00e4nt\u00e4tanko Hydraulinen sylinteri Parametri:<\/strong><\/h2>\n<p><img loading=\"lazy\" decoding=\"async\" class=\"alignnone wp-image-1023 size-full\" src=\"https:\/\/hydraulic-cylinders.net\/wp-content\/uploads\/2023\/09\/double-piston-rod-hydraulic-cylinder-2.webp\" alt=\"\" width=\"654\" height=\"388\" srcset=\"https:\/\/hydraulic-cylinders.net\/wp-content\/uploads\/2023\/09\/double-piston-rod-hydraulic-cylinder-2.webp 654w, https:\/\/hydraulic-cylinders.net\/wp-content\/uploads\/2023\/09\/double-piston-rod-hydraulic-cylinder-2-480x285.webp 480w\" sizes=\"(min-width: 0px) and (max-width: 480px) 480px, (min-width: 481px) 654px, 100vw\" \/><\/p>\n<h2><strong>Kaksoism\u00e4nt\u00e4 Rod hydraulinen sylinteri <\/strong><strong>K\u00e4ytt\u00f6menetelm\u00e4<\/strong><strong>:<\/strong><\/h2>\n<p><strong>Asennus ja asennus:<\/strong><\/p>\n<ol>\n<li style=\"list-style-type: none;\">\n<ul>\n<li>Ota huomioon kuormitusvaatimukset ja tilarajoitukset m\u00e4\u00e4ritt\u00e4\u00e4ksesi hydraulisylinterin sopivan asennuspaikan j\u00e4rjestelm\u00e4ss\u00e4 tai laitteistossa.<\/li>\n<li>Varmista, ett\u00e4 asennuspinta on puhdas ja tasainen ja ett\u00e4 se kest\u00e4\u00e4 sylinterin painon.<\/li>\n<li>Kiinnit\u00e4 sylinterit suositelluilla pulteilla tai kiinnikkeill\u00e4 valmistajan ohjeiden mukaisesti.<\/li>\n<\/ul>\n<\/li>\n<\/ol>\n<p><strong>Hydrauliset liit\u00e4nn\u00e4t:<\/strong><\/p>\n<ol>\n<li style=\"list-style-type: none;\">\n<ul>\n<li>Kytke hydrauliikan sy\u00f6tt\u00f6johto sylinterin aukkoon ja varmista, ett\u00e4 se on kunnolla tiivistetty vuotojen est\u00e4miseksi.<\/li>\n<li>Noudata valmistajan suosituksia hydrauli\u00f6ljyn tyypist\u00e4 ja t\u00e4yt\u00e4 j\u00e4rjestelm\u00e4 suositeltuun tasoon.<\/li>\n<\/ul>\n<\/li>\n<\/ol>\n<p><strong>Toiminta:<\/strong><\/p>\n<ul>\n<li style=\"list-style-type: none;\">\n<ul>\n<li>Aktivoi hydraulij\u00e4rjestelm\u00e4 ja ohjaa sylinterin liikett\u00e4 hydraulisella ohjausventtiilill\u00e4 tai muulla sopivalla ohjausmekanismilla.<\/li>\n<li>S\u00e4\u00e4d\u00e4 virtaus ja paine Asetukset halutun nopeuden ja voimantuoton saavuttamiseksi.<\/li>\n<li>Tarkkaile s\u00e4\u00e4nn\u00f6llisesti sylinterin toimintaa ep\u00e4normaalin k\u00e4ytt\u00e4ytymisen, kuten vuotojen, ylikuumenemisen tai ep\u00e4tavallisen melun varalta.<\/li>\n<\/ul>\n<\/li>\n<\/ul>\n<h2><strong>Kaksoism\u00e4nt\u00e4 Rod hydraulinen sylinteri <\/strong><strong>Huolto<\/strong><strong>:<\/strong><\/h2>\n<p><strong>S\u00e4\u00e4nn\u00f6llinen tarkastus:<\/strong><\/p>\n<ol>\n<li style=\"list-style-type: none;\">\n<ul>\n<li>Suorita rutiininomaiset silm\u00e4m\u00e4\u00e4r\u00e4iset tarkastukset kulumisen, vuotojen tai vaurioiden varalta.<\/li>\n<li>Tarkista m\u00e4nn\u00e4nvarsi, tiivisteet ja asennusliitokset poikkeavuuksien varalta ja puutu ongelmiin viipym\u00e4tt\u00e4.<\/li>\n<\/ul>\n<\/li>\n<\/ol>\n<p><strong>Voitelu:<\/strong><\/p>\n<ol>\n<li style=\"list-style-type: none;\">\n<ul>\n<li>Noudata valmistajan voiteluv\u00e4liohjeita ja k\u00e4yt\u00e4 suositeltua voiteluainetta h\u00e4iri\u00f6tt\u00f6m\u00e4n toiminnan varmistamiseksi.<\/li>\n<li>Voitele m\u00e4nn\u00e4nvarret, tiivisteet ja muut liikkuvat osat kitkan minimoimiseksi ja sylinterin k\u00e4ytt\u00f6i\u00e4n pident\u00e4miseksi.<\/li>\n<\/ul>\n<\/li>\n<\/ol>\n<p><strong>Tiivisteen vaihto:<\/strong><\/p>\n<ul>\n<li style=\"list-style-type: none;\">\n<ul>\n<li>Ajan my\u00f6t\u00e4 tiivisteet voivat kulua ja ne on vaihdettava. Jos vuoto havaitaan, poista vanha tiiviste varovasti ja asenna uusi tiiviste valmistajan ohjeiden mukaisesti.<\/li>\n<\/ul>\n<\/li>\n<\/ul>\n<h2><strong>TB-tyypin nelj\u00e4n sauvan hydraulinen sylinteri <\/strong><strong>Huolto<\/strong><strong>:<\/strong><\/h2>\n<ol>\n<li><strong>S\u00e4\u00e4nn\u00f6llinen tarkastus:<\/strong><\/li>\n<\/ol>\n<ul>\n<li>Tarkasta sylinteri s\u00e4\u00e4nn\u00f6llisesti mahdollisten vuotojen, vaurioiden tai liiallisen kulumisen varalta.<\/li>\n<li>Tarkista tiivisteiden, tankojen ja kiinnitysosien kunto ja vaihda kuluneet tai vaurioituneet osat.<\/li>\n<\/ul>\n<ol start=\"2\">\n<li><strong>Voitelu:<\/strong><\/li>\n<\/ol>\n<ul>\n<li>Noudata valmistajan suosituksia voiteluv\u00e4leist\u00e4 ja k\u00e4yt\u00e4 sylinterin spesifikaatioihin sopivaa korkealaatuista hydrauliikka\u00f6ljy\u00e4 tai -rasvaa.<\/li>\n<li>Voitele tanko, tiivisteet ja muut liikkuvat osat kitkan minimoimiseksi ja sujuvan toiminnan varmistamiseksi.<\/li>\n<\/ul>\n<ol start=\"3\">\n<li><strong>Puhdistus:<\/strong><\/li>\n<\/ol>\n<ul>\n<li>Pid\u00e4 sylinteri ja sit\u00e4 ymp\u00e4r\u00f6iv\u00e4 alue puhtaana ja vapaana roskista, p\u00f6lyst\u00e4 tai ep\u00e4puhtauksista, jotka vaikuttavat sen toimintaan.<\/li>\n<li>Pyyhi sylinterin ulkopinnat miedolla puhdistusaineella ja pehme\u00e4ll\u00e4 liinalla.<\/li>\n<\/ul>\n<h2><strong>Tehtaan kapasiteetti ja kapasiteetti:<\/strong><\/h2>\n<h3>(1) Kokoonpano<\/h3>\n<p>Meill\u00e4 on ensiluokkainen riippumaton tutkimus- ja kehitysty\u00f6n kokoonpanoalusta. Hydraulisylinterien tuotantopajassa on nelj\u00e4 puoliautomaattista nostosylinterin kokoonpanolinjaa ja yksi automaattinen kallistussylinterin kokoonpanolinja, joiden suunniteltu vuotuinen tuotantokapasiteetti on 1 miljoona kappaletta. Erikoissylinterin ty\u00f6paja on varustettu erilaisilla eritelmill\u00e4 puoliautomaattisen puhdistusasennuksen kokoonpanoj\u00e4rjestelm\u00e4ll\u00e4, jonka suunniteltu vuotuinen tuotantokapasiteetti on 200 000, ja se on varustettu kuuluisilla CNC-ty\u00f6st\u00f6laitteilla, ty\u00f6st\u00f6keskuksella, korkean tarkkuuden sylinterin k\u00e4sittelyyn tarkoitetuilla erityislaitteilla, robottihitsauskoneella, automaattisella puhdistuslaitteella, automaattisella sylinterin kokoonpanokoneella ja automaattisella maalaustuotantolinjalla. Olemassa olevat kriittiset laitteet yli 300 sarjaa (sarjaa). Laiteresurssien optimaalinen kohdentaminen ja tehokas k\u00e4ytt\u00f6 varmistavat tuotteiden tarkkuusvaatimukset ja t\u00e4ytt\u00e4v\u00e4t tuotteiden laatuvaatimukset.<\/p>\n<p><img loading=\"lazy\" decoding=\"async\" class=\"alignnone wp-image-626\" src=\"https:\/\/hydraulic-cylinders.net\/wp-content\/uploads\/2023\/08\/hydraulic-cylinder-product-1-300x158.webp\" alt=\"\" width=\"495\" height=\"260\" srcset=\"https:\/\/hydraulic-cylinders.net\/wp-content\/uploads\/2023\/08\/hydraulic-cylinder-product-1-300x158.webp 495w, https:\/\/hydraulic-cylinders.net\/wp-content\/uploads\/2023\/08\/hydraulic-cylinder-product-1-480x252.webp 480w\" sizes=\"(min-width: 0px) and (max-width: 480px) 480px, (min-width: 481px) 495px, 100vw\" \/> <img loading=\"lazy\" decoding=\"async\" class=\"alignnone wp-image-627\" src=\"https:\/\/hydraulic-cylinders.net\/wp-content\/uploads\/2023\/08\/hydraulic-cylinder-product-2-300x189.webp\" alt=\"\" width=\"413\" height=\"260\" \/><\/p>\n<h3>(2) Koneistus<\/h3>\n<p>Ty\u00f6st\u00f6paja on varustettu r\u00e4\u00e4t\u00e4l\u00f6idyll\u00e4 kaltevalla kiskosorvauskeskuksella, ty\u00f6st\u00f6keskuksella, suurnopeus-hiontakoneella, hitsausrobotilla ja muilla vastaavilla laitteilla, joilla voidaan k\u00e4sitell\u00e4 sylinteriputkia, joiden sis\u00e4halkaisija on enint\u00e4\u00e4n 400 mm ja enimm\u00e4ispituus on 6 metri\u00e4.<\/p>\n<p><img loading=\"lazy\" decoding=\"async\" class=\"alignnone wp-image-628 size-large\" src=\"https:\/\/hydraulic-cylinders.net\/wp-content\/uploads\/2023\/08\/hydraulic-cylinder-product-3-1024x391.webp\" alt=\"\" width=\"1024\" height=\"391\" srcset=\"https:\/\/hydraulic-cylinders.net\/wp-content\/uploads\/2023\/08\/hydraulic-cylinder-product-3-980x374.webp 980w, https:\/\/hydraulic-cylinders.net\/wp-content\/uploads\/2023\/08\/hydraulic-cylinder-product-3-480x183.webp 480w\" sizes=\"(min-width: 0px) and (max-width: 480px) 480px, (min-width: 481px) and (max-width: 980px) 980px, (min-width: 981px) 1024px, 100vw\" \/><\/p>\n<h3>(3) Hitsaus<\/h3>\n<p><img loading=\"lazy\" decoding=\"async\" class=\"alignnone wp-image-629 size-large\" src=\"https:\/\/hydraulic-cylinders.net\/wp-content\/uploads\/2023\/08\/hydraulic-cylinder-product-4-1024x510.webp\" alt=\"\" width=\"1024\" height=\"510\" srcset=\"https:\/\/hydraulic-cylinders.net\/wp-content\/uploads\/2023\/08\/hydraulic-cylinder-product-4-980x488.webp 980w, https:\/\/hydraulic-cylinders.net\/wp-content\/uploads\/2023\/08\/hydraulic-cylinder-product-4-480x239.webp 480w\" sizes=\"(min-width: 0px) and (max-width: 480px) 480px, (min-width: 481px) and (max-width: 980px) 980px, (min-width: 981px) 1024px, 100vw\" \/><\/p>\n<h3>(4) Maalaus ja pinnoitus<\/h3>\n<p>Pienill\u00e4 ja keskisuurilla sylinterin automaattisilla vesipohjaisilla maalipinnoituslinjoilla automaattisen robotin lastaus- ja purku- ja automaattisen ruiskutuksen saavuttamiseksi, suunnittelukapasiteetti on 4000 kappaletta vuorossa;<br \/>\nMeill\u00e4 on my\u00f6s puoliautomaattinen maalauslinja suurille sylintereille, joka toimii voimaketjulla ja jonka suunnittelukapasiteetti on 60 laatikkoa ty\u00f6vuorossa.<\/p>\n<p><img loading=\"lazy\" decoding=\"async\" class=\"alignnone wp-image-630\" src=\"https:\/\/hydraulic-cylinders.net\/wp-content\/uploads\/2023\/08\/hydraulic-cylinder-product-5-300x213.webp\" alt=\"\" width=\"366\" height=\"260\" \/> <img loading=\"lazy\" decoding=\"async\" class=\"alignnone wp-image-631\" src=\"https:\/\/hydraulic-cylinders.net\/wp-content\/uploads\/2023\/08\/hydraulic-cylinder-product-6-300x225.webp\" alt=\"\" width=\"347\" height=\"260\" \/><\/p>\n<h3>(5) Testaus<\/h3>\n<p>Meill\u00e4 on ensiluokkaiset tarkastustilat ja testialustat, joilla varmistetaan, ett\u00e4 sylinterin suorituskyky t\u00e4ytt\u00e4\u00e4 vaatimukset.<\/p>\n<p><img loading=\"lazy\" decoding=\"async\" class=\"alignnone wp-image-632\" src=\"https:\/\/hydraulic-cylinders.net\/wp-content\/uploads\/2023\/08\/hydraulic-cylinder-product-8-300x200.webp\" alt=\"\" width=\"389\" height=\"260\" \/><\/p>\n<p>&nbsp;<\/p>\n<p>&nbsp;<\/p>\n<p>Olemme yksi parhaista kevyiden nelitankohydraulisylinterien valmistajista. Voimme tarjota kattavan kevyen nelitankohydraulisen sylinterin varaston. Tarjoamme my\u00f6s vastaavan <a href=\"https:\/\/hzpt.com\/agricultural-pto-gearbox\/\" target=\"_blank\" rel=\"noopener\">maatalousvaihteistot<\/a>. Olemme vieneet tuotteitamme asiakkaillemme ymp\u00e4ri maailmaa ja ansainneet hyv\u00e4n maineen ylivoimaisen tuotteidemme laadun ja myynnin j\u00e4lkeisen palvelun ansiosta. Toivotamme l\u00e4mpim\u00e4sti tervetulleeksi asiakkaat sek\u00e4 kotimaassa ett\u00e4 ulkomailla ottamaan yhteytt\u00e4 meihin neuvottelemaan liiketoiminnasta, vaihtamaan tietoja ja\u00a0<a href=\"https:\/\/www.hydraulic-cylinders.net\/fi\/contact-us\/\">tehd\u00e4 yhteisty\u00f6t\u00e4 kanssamme<\/a>!<\/p>\n<h2><\/h2>\n<h2><\/h2>","protected":false},"excerpt":{"rendered":"<p>Double Piston Rod Hydraulic Cylinder The double piston rod hydraulic cylinder is a cutting-edge hydraulic element designed to provide superior power, stability, and versatility for a wide range of industrial applications. With its unique dual piston rod configuration, this hydraulic cylinder offers enhanced load-carrying capacity, precise control, and reliable performance, making it an indispensable asset [&hellip;]<\/p>","protected":false},"featured_media":1024,"comment_status":"open","ping_status":"closed","template":"","meta":{"_et_pb_use_builder":"","_et_pb_old_content":"","_et_gb_content_width":""},"product_brand":[],"product_cat":[1376,1386],"product_tag":[1380],"class_list":{"0":"post-1019","1":"product","2":"type-product","3":"status-publish","4":"has-post-thumbnail","6":"product_cat-hydraulic-cylinder","7":"product_cat-four-rod-hydraulic-cylinder","8":"product_tag-hydraulic-cylinder","10":"first","11":"instock","12":"shipping-taxable","13":"product-type-simple"},"amp_enabled":true,"_links":{"self":[{"href":"https:\/\/www.hydraulic-cylinders.net\/fi\/wp-json\/wp\/v2\/product\/1019","targetHints":{"allow":["GET"]}}],"collection":[{"href":"https:\/\/www.hydraulic-cylinders.net\/fi\/wp-json\/wp\/v2\/product"}],"about":[{"href":"https:\/\/www.hydraulic-cylinders.net\/fi\/wp-json\/wp\/v2\/types\/product"}],"replies":[{"embeddable":true,"href":"https:\/\/www.hydraulic-cylinders.net\/fi\/wp-json\/wp\/v2\/comments?post=1019"}],"wp:featuredmedia":[{"embeddable":true,"href":"https:\/\/www.hydraulic-cylinders.net\/fi\/wp-json\/wp\/v2\/media\/1024"}],"wp:attachment":[{"href":"https:\/\/www.hydraulic-cylinders.net\/fi\/wp-json\/wp\/v2\/media?parent=1019"}],"wp:term":[{"taxonomy":"product_brand","embeddable":true,"href":"https:\/\/www.hydraulic-cylinders.net\/fi\/wp-json\/wp\/v2\/product_brand?post=1019"},{"taxonomy":"product_cat","embeddable":true,"href":"https:\/\/www.hydraulic-cylinders.net\/fi\/wp-json\/wp\/v2\/product_cat?post=1019"},{"taxonomy":"product_tag","embeddable":true,"href":"https:\/\/www.hydraulic-cylinders.net\/fi\/wp-json\/wp\/v2\/product_tag?post=1019"}],"curies":[{"name":"wp","href":"https:\/\/api.w.org\/{rel}","templated":true}]}}