{"id":1181,"date":"2023-09-12T06:46:47","date_gmt":"2023-09-12T06:46:47","guid":{"rendered":"https:\/\/hydraulic-cylinders.net\/?post_type=product&#038;p=1181"},"modified":"2025-04-11T05:07:04","modified_gmt":"2025-04-11T05:07:04","slug":"middle-pin-type-metallurgical-hydraulic-cylinder","status":"publish","type":"product","link":"https:\/\/www.hydraulic-cylinders.net\/fi\/tuote\/middle-pin-type-metallurgical-hydraulic-cylinder\/","title":{"rendered":"L\u00e4hi Pin tyyppi metallurginen hydraulinen sylinteri"},"content":{"rendered":"<h1 style=\"text-align: center;\"><strong>L\u00e4hi Pin tyyppi metallurginen hydraulinen sylinteri<\/strong><\/h1>\n<p>Keskikokoinen tappityyppinen metallurginen hydraulinen sylinteri on huippuluokan hydraulinen komponentti, joka on suunniteltu t\u00e4ytt\u00e4m\u00e4\u00e4n metallurgisten sovellusten tiukat vaatimukset. Erinomaisen suorituskyvyn, kest\u00e4v\u00e4n rakenteen ja innovatiivisen suunnittelun ansiosta t\u00e4m\u00e4 hydraulinen sylinteri tarjoaa tarkan ohjauksen, kest\u00e4vyyden ja tehokkuuden vaativissa teollisuusymp\u00e4rist\u00f6iss\u00e4. K\u00e4ytettiinp\u00e4 sit\u00e4 ter\u00e4stehtaissa, valimoissa tai muissa metallurgisissa prosesseissa, keskikokoiset tappityyppiset sylinterit tarjoavat erinomaisia \u200b\u200btuloksia.<\/p>\n<p>Y-HG1-sarjan metallurgisten laitteiden hydraulisylinteri kaksitoimiselle m\u00e4nt\u00e4sylinterille, sylinterin halkaisija on yleens\u00e4 40\u2013320 mm, k\u00e4ytt\u00f6paine &lt;=16 MPA, hydrauli\u00f6ljyn mekaanista j\u00e4rjestelm\u00e4\u00e4 voidaan k\u00e4ytt\u00e4\u00e4 emulsion ja muiden ty\u00f6v\u00e4lineiden menett\u00e4miseen, laipan, korvakorujen, tappien, laukaisulaitteiden (jalustan) ja erilaisten asennustyyppien asennukseen.<\/p>\n<p>Tarkka CNC-hiontakone, automaattinen hitsauskone, pystysuora, vaakasuora ty\u00f6st\u00f6keskus, portaalin ty\u00f6st\u00f6keskus, CNC-sorvi ja muut k\u00e4sittelylaitteet, tuotteen laatu on vakaa ja taattu.<\/p>\n<p><img loading=\"lazy\" decoding=\"async\" class=\"wp-image-1178 aligncenter\" src=\"https:\/\/hydraulic-cylinders.net\/wp-content\/uploads\/2023\/09\/middle-pin-type-metallurgical-hydraulic-cylinder-2-300x300.webp\" alt=\"\" width=\"400\" height=\"400\" \/><\/p>\n<h2><strong>Keskimm\u00e4isen tapin tyyppinen metallurginen hydraulisylinteri Parametri:<\/strong><\/h2>\n<p><img loading=\"lazy\" decoding=\"async\" class=\"alignnone wp-image-1179 size-large\" src=\"https:\/\/hydraulic-cylinders.net\/wp-content\/uploads\/2023\/09\/middle-pin-type-metallurgical-hydraulic-cylinder-1-1024x694.webp\" alt=\"\" width=\"1024\" height=\"694\" srcset=\"https:\/\/hydraulic-cylinders.net\/wp-content\/uploads\/2023\/09\/middle-pin-type-metallurgical-hydraulic-cylinder-1-980x664.webp 980w, https:\/\/hydraulic-cylinders.net\/wp-content\/uploads\/2023\/09\/middle-pin-type-metallurgical-hydraulic-cylinder-1-480x325.webp 480w\" sizes=\"(min-width: 0px) and (max-width: 480px) 480px, (min-width: 481px) and (max-width: 980px) 980px, (min-width: 981px) 1024px, 100vw\" \/><\/p>\n<h2><strong>L\u00e4hi Pin tyyppi metallurginen hydraulinen sylinteri <\/strong><strong>K\u00e4ytt\u00f6menetelm\u00e4<\/strong><strong>:<\/strong><\/h2>\n<ol>\n<li><strong>Asennus ja asennus:<\/strong>\n<ul>\n<li>Metallurgisten laitteiden erityisvaatimusten mukaan m\u00e4\u00e4rit\u00e4 hydraulisylinterin sopiva asennusasento.<\/li>\n<li>Varmista, ett\u00e4 asennuspinta on puhdas, tasainen ja kest\u00e4\u00e4 sylinterin painon ja kuorman.<\/li>\n<\/ul>\n<\/li>\n<li><strong>Liit\u00e4nt\u00e4 hydraulij\u00e4rjestelm\u00e4\u00e4n:<\/strong>\n<ul>\n<li>Liit\u00e4 hydraulisylinteri hydraulij\u00e4rjestelm\u00e4\u00e4n yhteensopivalla hydrauliletkulla tai -putkella.<\/li>\n<li>Varmista oikea kohdistus ja turvalliset liit\u00e4nn\u00e4t vuotojen est\u00e4miseksi ja optimaalisen suorituskyvyn varmistamiseksi.<\/li>\n<\/ul>\n<\/li>\n<li><strong>J\u00e4rjestelm\u00e4integraatio ja kalibrointi:<\/strong>\n<ul>\n<li>Integroi hydraulisylinterit metallurgisiin laitteisiin tai j\u00e4rjestelmiin valmistajan ohjeiden mukaisesti.<\/li>\n<li>Kalibroi j\u00e4rjestelm\u00e4 haluttujen k\u00e4ytt\u00f6parametrien saavuttamiseksi ja sujuvan toiminnan varmistamiseksi.<\/li>\n<\/ul>\n<\/li>\n<li><strong>Sylinterin k\u00e4ytt\u00f6:<\/strong>\n<ul>\n<li>K\u00e4ynnist\u00e4 hydraulij\u00e4rjestelm\u00e4. K\u00e4ynnist\u00e4 hydraulisylinterin liike painamalla sit\u00e4.<\/li>\n<li>Hydraulinen ohjausj\u00e4rjestelm\u00e4 ohjaa sylinterin pidennyst\u00e4, supistumista ja asemointia tehokkaiden metallurgisten toimintojen takaamiseksi.<\/li>\n<\/ul>\n<\/li>\n<\/ol>\n<h2><strong>L\u00e4hi Pin tyyppi metallurginen hydraulinen sylinteri <\/strong><strong>Ominaisuudet<\/strong><strong>:<\/strong><\/h2>\n<ul>\n<li><strong>Keskimm\u00e4isen tapin muotoilu:<\/strong> Ainutlaatuinen keskitapin muotoilu parantaa vakautta, tarkkaa kohdistusta ja kuorman jakautumista k\u00e4yt\u00f6n aikana varmistaen optimaalisen suorituskyvyn metallurgisissa prosesseissa.<\/li>\n<li><strong>Metallurgisen sovelluksen painopiste:<\/strong> Sylinterit on suunniteltu tarkasti t\u00e4ytt\u00e4m\u00e4\u00e4n metallurgisten sovellusten tiukat vaatimukset, mik\u00e4 takaa luotettavuuden ja kest\u00e4vyyden \u00e4\u00e4rimm\u00e4isiss\u00e4 olosuhteissa.<\/li>\n<li><strong>Erinomainen suorituskyky:<\/strong>\u00a0 Sylinterit tarjoavat erinomaisen suorituskyvyn, mik\u00e4 mahdollistaa tarkan paikannuksen, sujuvan toiminnan ja lis\u00e4\u00e4ntyneen tuottavuuden metallurgisissa prosesseissa.<\/li>\n<li><strong>Vankka rakenne:<\/strong>\u00a0 Korkealaatuisista materiaaleista valmistetut sylinterit kest\u00e4v\u00e4t raskaita kuormia ja ankaria k\u00e4ytt\u00f6olosuhteita, mik\u00e4 varmistaa pitk\u00e4aikaisen kest\u00e4vyyden ja luotettavan suorituskyvyn.<\/li>\n<li><strong>Turvaominaisuudet:<\/strong>\u00a0 Suunnittelussa yhdistyv\u00e4t ylikuormitussuojaus ja h\u00e4t\u00e4pys\u00e4ytysmekanismi, ja k\u00e4ytt\u00e4j\u00e4n turvallisuus metallurgisessa prosessissa on etusijalla.<\/li>\n<\/ul>\n<h2><strong>Kuinka mitata hydraulisylinteri?<\/strong><\/h2>\n<p>Hydraulisylinterin mittaaminen on yksinkertainen prosessi, joka vaatii muutamia t\u00e4rkeit\u00e4 ty\u00f6kaluja. T\u00e4ss\u00e4 on vaiheittainen opas hydraulisylinterin tarkkaan mittaamiseen:<\/p>\n<ol>\n<li><strong>Ker\u00e4\u00e4 tarvittavat ty\u00f6kalut:<\/strong>\n<ul>\n<li>Mittanauha tai paksuusmittari: K\u00e4yt\u00e4 luotettavaa mittausty\u00f6kalua tarkkojen mittausten saamiseksi.<\/li>\n<li>Turvavarusteet: K\u00e4yt\u00e4 asianmukaisia \u200b\u200bhenkil\u00f6nsuojaimia, kuten k\u00e4sineit\u00e4 ja suojalaseja, suojautuaksesi mahdollisilta vaaroilta.<\/li>\n<\/ul>\n<\/li>\n<li><strong>M\u00e4\u00e4rit\u00e4 mittauspisteet:<\/strong>\n<ul>\n<li>Tunnista hydraulisylinterin t\u00e4rkeimm\u00e4t mittauspisteet, jotka antavat tarvittavat tiedot tarkkaa mittausta varten.<\/li>\n<li>T\u00e4rkeimpi\u00e4 mittauspisteit\u00e4 ovat tyypillisesti sylinterin iskunpituus, sis\u00e4halkaisija ja m\u00e4nn\u00e4nvarren halkaisija.<\/li>\n<\/ul>\n<\/li>\n<li><strong>Mittaa iskun pituus:<\/strong>\n<ul>\n<li>Ved\u00e4 hydraulisylinteri kokonaan ulos maksimipituuteensa.<\/li>\n<li>Aseta mittanauha tai paksuus sylinterin toiseen p\u00e4\u00e4h\u00e4n ja kohdista se vertailupisteeseen.<\/li>\n<li>Mittaa vertailupisteest\u00e4 sylinterin vastakkaiseen p\u00e4\u00e4h\u00e4n.<\/li>\n<li>Kirjaa koko iskunpituutena.<\/li>\n<\/ul>\n<\/li>\n<li><strong>Mittaa rei\u00e4n halkaisija:<\/strong>\n<ul>\n<li>Paikanna sylinterin reik\u00e4, joka on sylinteriputken sis\u00e4halkaisija.<\/li>\n<li>Aseta mittanauha tai paksuus reik\u00e4\u00e4n varmistaen, ett\u00e4 se on kohtisuorassa sylinterin akseliin n\u00e4hden.<\/li>\n<li>Mittaa rei\u00e4n toinen puoli sis\u00e4sein\u00e4st\u00e4 vastakkaiseen sis\u00e4sein\u00e4\u00e4n.<\/li>\n<li>Kirjaa mittaustulos rei\u00e4n halkaisijana.<\/li>\n<\/ul>\n<\/li>\n<li><strong>Mittaa tangon halkaisija:<\/strong>\n<ul>\n<li>Tunnista tanko, joka on hydraulisylinterist\u00e4 ulkoneva m\u00e4nn\u00e4nvarsi.<\/li>\n<li>Aseta mittanauha tai paksuus tangon halkaisijan poikki kohtisuoraan sen akseliin n\u00e4hden.<\/li>\n<li>Mittaa tangon toinen puoli ulkopinnasta vastakkaiseen ulkopintaan.<\/li>\n<li>Kirjaa mittaustuloksena tangon halkaisija.<\/li>\n<\/ul>\n<\/li>\n<li><strong>Lis\u00e4mitat:<\/strong>\n<ul>\n<li>Erityisvaatimuksista tai sovelluksista riippuen saatat joutua mittaamaan lis\u00e4parametreja, kuten sylinterin kokonaispituuden, kiinnityspisteiden v\u00e4lisen et\u00e4isyyden tai tangon kierrekoon.<\/li>\n<\/ul>\n<\/li>\n<li><strong>Dokumentoi ja tarkista mittaukset:<\/strong>\n<ul>\n<li>Tarkista kaikki tallennetut mittaukset kahdesti varmistaaksesi niiden tarkkuuden.<\/li>\n<li>Dokumentoi mittaukset selke\u00e4sti ja j\u00e4rjest\u00e4 ne my\u00f6hemp\u00e4\u00e4 tarvetta tai tilausta varten.<\/li>\n<\/ul>\n<\/li>\n<\/ol>\n<h2><strong>Tehtaan kapasiteetti ja kapasiteetti:<\/strong><\/h2>\n<h3>(1) Kokoonpano<\/h3>\n<p>Meill\u00e4 on ensiluokkainen riippumaton tutkimus- ja kehitysty\u00f6n kokoonpanoalusta. Hydraulisylinterien tuotantopajassa on nelj\u00e4 puoliautomaattista nostosylinterin kokoonpanolinjaa ja yksi automaattinen kallistussylinterin kokoonpanolinja, joiden suunniteltu vuotuinen tuotantokapasiteetti on 1 miljoona kappaletta. Erikoissylinterin ty\u00f6paja on varustettu erilaisilla eritelmill\u00e4 puoliautomaattisen puhdistusasennuksen kokoonpanoj\u00e4rjestelm\u00e4ll\u00e4, jonka suunniteltu vuotuinen tuotantokapasiteetti on 200 000, ja se on varustettu kuuluisilla CNC-ty\u00f6st\u00f6laitteilla, ty\u00f6st\u00f6keskuksella, korkean tarkkuuden sylinterin k\u00e4sittelyyn tarkoitetuilla erityislaitteilla, robottihitsauskoneella, automaattisella puhdistuslaitteella, automaattisella sylinterin kokoonpanokoneella ja automaattisella maalaustuotantolinjalla. Olemassa olevat kriittiset laitteet yli 300 sarjaa (sarjaa). Laiteresurssien optimaalinen kohdentaminen ja tehokas k\u00e4ytt\u00f6 varmistavat tuotteiden tarkkuusvaatimukset ja t\u00e4ytt\u00e4v\u00e4t tuotteiden laatuvaatimukset.<\/p>\n<p><img loading=\"lazy\" decoding=\"async\" class=\"alignnone wp-image-626\" src=\"https:\/\/hydraulic-cylinders.net\/wp-content\/uploads\/2023\/08\/hydraulic-cylinder-product-1-300x158.webp\" alt=\"\" width=\"495\" height=\"260\" srcset=\"https:\/\/hydraulic-cylinders.net\/wp-content\/uploads\/2023\/08\/hydraulic-cylinder-product-1-300x158.webp 495w, https:\/\/hydraulic-cylinders.net\/wp-content\/uploads\/2023\/08\/hydraulic-cylinder-product-1-480x252.webp 480w\" sizes=\"(min-width: 0px) and (max-width: 480px) 480px, (min-width: 481px) 495px, 100vw\" \/> <img loading=\"lazy\" decoding=\"async\" class=\"alignnone wp-image-627\" src=\"https:\/\/hydraulic-cylinders.net\/wp-content\/uploads\/2023\/08\/hydraulic-cylinder-product-2-300x189.webp\" alt=\"\" width=\"413\" height=\"260\" \/><\/p>\n<h3>(2) Koneistus<\/h3>\n<p>Ty\u00f6st\u00f6paja on varustettu r\u00e4\u00e4t\u00e4l\u00f6idyll\u00e4 kaltevalla kiskosorvauskeskuksella, ty\u00f6st\u00f6keskuksella, suurnopeus-hiontakoneella, hitsausrobotilla ja muilla vastaavilla laitteilla, joilla voidaan k\u00e4sitell\u00e4 sylinteriputkia, joiden sis\u00e4halkaisija on enint\u00e4\u00e4n 400 mm ja enimm\u00e4ispituus on 6 metri\u00e4.<\/p>\n<p><img loading=\"lazy\" decoding=\"async\" class=\"alignnone wp-image-628 size-large\" src=\"https:\/\/hydraulic-cylinders.net\/wp-content\/uploads\/2023\/08\/hydraulic-cylinder-product-3-1024x391.webp\" alt=\"\" width=\"1024\" height=\"391\" srcset=\"https:\/\/hydraulic-cylinders.net\/wp-content\/uploads\/2023\/08\/hydraulic-cylinder-product-3-980x374.webp 980w, https:\/\/hydraulic-cylinders.net\/wp-content\/uploads\/2023\/08\/hydraulic-cylinder-product-3-480x183.webp 480w\" sizes=\"(min-width: 0px) and (max-width: 480px) 480px, (min-width: 481px) and (max-width: 980px) 980px, (min-width: 981px) 1024px, 100vw\" \/><\/p>\n<h3>(3) Hitsaus<\/h3>\n<p><img loading=\"lazy\" decoding=\"async\" class=\"alignnone wp-image-629 size-large\" src=\"https:\/\/hydraulic-cylinders.net\/wp-content\/uploads\/2023\/08\/hydraulic-cylinder-product-4-1024x510.webp\" alt=\"\" width=\"1024\" height=\"510\" srcset=\"https:\/\/hydraulic-cylinders.net\/wp-content\/uploads\/2023\/08\/hydraulic-cylinder-product-4-980x488.webp 980w, https:\/\/hydraulic-cylinders.net\/wp-content\/uploads\/2023\/08\/hydraulic-cylinder-product-4-480x239.webp 480w\" sizes=\"(min-width: 0px) and (max-width: 480px) 480px, (min-width: 481px) and (max-width: 980px) 980px, (min-width: 981px) 1024px, 100vw\" \/><\/p>\n<h3>(4) Maalaus ja pinnoitus<\/h3>\n<p>Pienill\u00e4 ja keskisuurilla sylinterin automaattisilla vesipohjaisilla maalipinnoituslinjoilla automaattisen robotin lastaus- ja purku- ja automaattisen ruiskutuksen saavuttamiseksi, suunnittelukapasiteetti on 4000 kappaletta vuorossa;<br \/>\nMeill\u00e4 on my\u00f6s puoliautomaattinen maalauslinja suurille sylintereille, joka toimii voimaketjulla ja jonka suunnittelukapasiteetti on 60 laatikkoa ty\u00f6vuorossa.<\/p>\n<p><img loading=\"lazy\" decoding=\"async\" class=\"alignnone wp-image-630\" src=\"https:\/\/hydraulic-cylinders.net\/wp-content\/uploads\/2023\/08\/hydraulic-cylinder-product-5-300x213.webp\" alt=\"\" width=\"366\" height=\"260\" \/> <img loading=\"lazy\" decoding=\"async\" class=\"alignnone wp-image-631\" src=\"https:\/\/hydraulic-cylinders.net\/wp-content\/uploads\/2023\/08\/hydraulic-cylinder-product-6-300x225.webp\" alt=\"\" width=\"347\" height=\"260\" \/><\/p>\n<h3>(5) Testaus<\/h3>\n<p>Meill\u00e4 on ensiluokkaiset tarkastustilat ja testialustat, joilla varmistetaan, ett\u00e4 sylinterin suorituskyky t\u00e4ytt\u00e4\u00e4 vaatimukset.<\/p>\n<p><img loading=\"lazy\" decoding=\"async\" class=\"alignnone wp-image-632\" src=\"https:\/\/hydraulic-cylinders.net\/wp-content\/uploads\/2023\/08\/hydraulic-cylinder-product-8-300x200.webp\" alt=\"\" width=\"389\" height=\"260\" \/><\/p>\n<p>&nbsp;<\/p>\n<p>&nbsp;<\/p>\n<p>Olemme yksi parhaista metallurgisten hydraulisylinterien valmistajista. Tarjoamme kattavan metallurgisten hydraulisylinterien varaston. Tarjoamme my\u00f6s vastaavia <a href=\"https:\/\/hzpt.com\/agricultural-pto-gearbox\/\" target=\"_blank\" rel=\"noopener\">maatalousvaihteistot<\/a>Olemme vieneet tuotteitamme asiakkaille maailmanlaajuisesti ja ansainneet hyv\u00e4n maineen erinomaisen tuotelaadun ja huoltopalvelumme ansiosta. Toivotamme tervetulleeksi asiakkaat kotimaassa ja ulkomailla ottamaan meihin yhteytt\u00e4 neuvotellakseen liiketoimista, vaihtaakseen tietoja ja <a href=\"https:\/\/www.hydraulic-cylinders.net\/fi\/contact-us\/\">tehd\u00e4 yhteisty\u00f6t\u00e4 kanssamme<\/a>!<\/p>\n<h2><\/h2>\n<h2><\/h2>\n<h2><\/h2>","protected":false},"excerpt":{"rendered":"<p>Middle Pin Type Metallurgical Hydraulic Cylinder Medium pin type metallurgical hydraulic cylinder is a cutting-edge hydraulic component designed to meet the strict requirements of metallurgical applications. With superior performance, rugged construction, and innovative design, this hydraulic cylinder provides precise control, durability and efficiency in demanding industrial environments. Whether used in steel mills, foundries, or other [&hellip;]<\/p>","protected":false},"featured_media":1180,"comment_status":"open","ping_status":"closed","template":"","meta":{"_et_pb_use_builder":"","_et_pb_old_content":"","_et_gb_content_width":""},"product_brand":[],"product_cat":[1376,1550,1524],"product_tag":[1380],"class_list":{"0":"post-1181","1":"product","2":"type-product","3":"status-publish","4":"has-post-thumbnail","6":"product_cat-hydraulic-cylinder","7":"product_cat-double-acting-hydraulic-cylinder","8":"product_cat-steel-mill-hydraulic-cylinders","9":"product_tag-hydraulic-cylinder","11":"first","12":"instock","13":"shipping-taxable","14":"product-type-simple"},"amp_enabled":true,"_links":{"self":[{"href":"https:\/\/www.hydraulic-cylinders.net\/fi\/wp-json\/wp\/v2\/product\/1181","targetHints":{"allow":["GET"]}}],"collection":[{"href":"https:\/\/www.hydraulic-cylinders.net\/fi\/wp-json\/wp\/v2\/product"}],"about":[{"href":"https:\/\/www.hydraulic-cylinders.net\/fi\/wp-json\/wp\/v2\/types\/product"}],"replies":[{"embeddable":true,"href":"https:\/\/www.hydraulic-cylinders.net\/fi\/wp-json\/wp\/v2\/comments?post=1181"}],"wp:featuredmedia":[{"embeddable":true,"href":"https:\/\/www.hydraulic-cylinders.net\/fi\/wp-json\/wp\/v2\/media\/1180"}],"wp:attachment":[{"href":"https:\/\/www.hydraulic-cylinders.net\/fi\/wp-json\/wp\/v2\/media?parent=1181"}],"wp:term":[{"taxonomy":"product_brand","embeddable":true,"href":"https:\/\/www.hydraulic-cylinders.net\/fi\/wp-json\/wp\/v2\/product_brand?post=1181"},{"taxonomy":"product_cat","embeddable":true,"href":"https:\/\/www.hydraulic-cylinders.net\/fi\/wp-json\/wp\/v2\/product_cat?post=1181"},{"taxonomy":"product_tag","embeddable":true,"href":"https:\/\/www.hydraulic-cylinders.net\/fi\/wp-json\/wp\/v2\/product_tag?post=1181"}],"curies":[{"name":"wp","href":"https:\/\/api.w.org\/{rel}","templated":true}]}}