{"id":1209,"date":"2023-09-13T07:47:55","date_gmt":"2023-09-13T07:47:55","guid":{"rendered":"https:\/\/hydraulic-cylinders.net\/?post_type=product&#038;p=1209"},"modified":"2025-04-11T05:06:55","modified_gmt":"2025-04-11T05:06:55","slug":"rear-round-flange-type-metallurgical-hydraulic-cylinder","status":"publish","type":"product","link":"https:\/\/www.hydraulic-cylinders.net\/fi\/tuote\/rear-round-flange-type-metallurgical-hydraulic-cylinder\/","title":{"rendered":"Takapy\u00f6re\u00e4 laippatyypin metallurginen hydraulinen sylinteri"},"content":{"rendered":"<h1 style=\"text-align: center;\"><strong>Takapy\u00f6re\u00e4 laippatyypin metallurginen hydraulinen sylinteri<\/strong><\/h1>\n<p>Takalaippatyyppinen metallurginen hydraulisylinteri on tehokas hydraulinen komponentti, joka on suunniteltu t\u00e4ytt\u00e4m\u00e4\u00e4n metallurgisten sovellusten vaativat vaatimukset. Kest\u00e4v\u00e4n rakenteensa, tarkan ohjauksensa ja luotettavan toimintansa ansiosta t\u00e4m\u00e4 hydraulisylinteri erottuu edukseen ter\u00e4stehtaiden, valimoiden ja muiden metallurgisten prosessien vaativassa ymp\u00e4rist\u00f6ss\u00e4. Takalaippatyyppiset py\u00f6re\u00e4t sylinterit tarjoavat erinomaisen suorituskyvyn, tehokkuuden ja kest\u00e4vyyden, mik\u00e4 tekee niist\u00e4 ihanteellisia metallurgiseen teollisuuteen.<\/p>\n<p>Y-HG1-sarjan metallurgisten laitteiden hydraulisylinteri kaksitoimiselle m\u00e4nt\u00e4sylinterille, sylinterin halkaisija on yleens\u00e4 40\u2013320 mm, k\u00e4ytt\u00f6paine &lt;=16 MPA, hydrauli\u00f6ljyn mekaanista j\u00e4rjestelm\u00e4\u00e4 voidaan k\u00e4ytt\u00e4\u00e4 emulsion ja muiden ty\u00f6v\u00e4lineiden menett\u00e4miseen, laipan, korvakorujen, tappien, laukaisulaitteiden (jalustan) ja erilaisten asennustyyppien asennukseen.<\/p>\n<p>Tarkka CNC-hiontakone, automaattinen hitsauskone, pystysuora, vaakasuora ty\u00f6st\u00f6keskus, portaalin ty\u00f6st\u00f6keskus, CNC-sorvi ja muut k\u00e4sittelylaitteet, tuotteen laatu on vakaa ja taattu.<\/p>\n<p><img loading=\"lazy\" decoding=\"async\" class=\"wp-image-1210 aligncenter\" src=\"https:\/\/hydraulic-cylinders.net\/wp-content\/uploads\/2023\/09\/rear-round-flange-type-metallurgical-hydraulic-cylinder-2-300x300.webp\" alt=\"\" width=\"400\" height=\"400\" \/><\/p>\n<h2><strong>Takana olevan py\u00f6re\u00e4n laipan tyyppinen metallurginen hydraulisylinteri Parametri:<\/strong><\/h2>\n<p><img loading=\"lazy\" decoding=\"async\" class=\"alignnone wp-image-1211 size-large\" src=\"https:\/\/hydraulic-cylinders.net\/wp-content\/uploads\/2023\/09\/rear-round-flange-type-metallurgical-hydraulic-cylinder-1-1024x613.webp\" alt=\"\" width=\"1024\" height=\"613\" srcset=\"https:\/\/hydraulic-cylinders.net\/wp-content\/uploads\/2023\/09\/rear-round-flange-type-metallurgical-hydraulic-cylinder-1-980x587.webp 980w, https:\/\/hydraulic-cylinders.net\/wp-content\/uploads\/2023\/09\/rear-round-flange-type-metallurgical-hydraulic-cylinder-1-480x287.webp 480w\" sizes=\"(min-width: 0px) and (max-width: 480px) 480px, (min-width: 481px) and (max-width: 980px) 980px, (min-width: 981px) 1024px, 100vw\" \/><\/p>\n<h2><strong>Takapy\u00f6re\u00e4 laippatyypin metallurginen hydraulinen sylinteri <\/strong><strong>K\u00e4ytt\u00f6menetelm\u00e4<\/strong><strong>:<\/strong><\/h2>\n<ol>\n<li><strong>Asennus ja asennus:<\/strong>\n<ul>\n<li>Metallurgisten laitteiden erityisvaatimusten mukaan m\u00e4\u00e4rit\u00e4 hydraulisylinterin sopiva asennusasento.<\/li>\n<li>Varmista, ett\u00e4 asennuspinta on puhdas, tasainen ja ett\u00e4 se kest\u00e4\u00e4 sylinterin painon ja kuorman.<\/li>\n<\/ul>\n<\/li>\n<li><strong>Liit\u00e4nt\u00e4 hydraulij\u00e4rjestelm\u00e4\u00e4n:<\/strong>\n<ul>\n<li>Liit\u00e4 metallurginen hydraulisylinteri hydraulij\u00e4rjestelm\u00e4\u00e4n yhteensopivalla hydrauliletkulla tai -putkella.<\/li>\n<li>Varmista oikea kohdistus ja turvalliset liit\u00e4nn\u00e4t vuotojen est\u00e4miseksi ja optimaalisen suorituskyvyn varmistamiseksi.<\/li>\n<\/ul>\n<\/li>\n<li><strong>J\u00e4rjestelm\u00e4integraatio ja kalibrointi:<\/strong>\n<ul>\n<li>Integrate metallurgical hydraulic cylinders into metallurgical equipment or systems by the manufacturer&#8217;s guidelines.<\/li>\n<li>Kalibroi j\u00e4rjestelm\u00e4 haluttujen k\u00e4ytt\u00f6parametrien saavuttamiseksi ja sujuvan toiminnan varmistamiseksi.<\/li>\n<\/ul>\n<\/li>\n<li><strong>Sylinterin k\u00e4ytt\u00f6:<\/strong>\n<ul>\n<li>K\u00e4ynnist\u00e4 hydraulij\u00e4rjestelm\u00e4. K\u00e4ynnist\u00e4 hydraulisylinterin liike painamalla sit\u00e4.<\/li>\n<li>Hydraulinen ohjausj\u00e4rjestelm\u00e4 ohjaa sylinterin pidennyst\u00e4, supistumista ja asemointia tehokkaiden metallurgisten toimintojen takaamiseksi.<\/li>\n<\/ul>\n<\/li>\n<\/ol>\n<h2><strong>Takapy\u00f6re\u00e4 laippatyypin metallurginen hydraulinen sylinteri <\/strong><strong>Ominaisuudet<\/strong><strong>:<\/strong><\/h2>\n<ul>\n<li><strong>Takana py\u00f6re\u00e4n laipan muotoilu:<\/strong>\u00a0 Takaosan py\u00f6re\u00e4 laipparakenne tarjoaa turvallisen ja luotettavan liitoskohdan, mik\u00e4 varmistaa vakauden ja tarkan kohdistuksen metallurgisten toimintojen aikana.<\/li>\n<li><strong>Metallurgisen sovelluksen painopiste:<\/strong>\u00a0 Sylinterit on suunniteltu t\u00e4ytt\u00e4m\u00e4\u00e4n metallurgisten sovellusten tiukat vaatimukset, ja ne tarjoavat kest\u00e4vyytt\u00e4 ja korkeaa suorituskyky\u00e4 \u00e4\u00e4rimm\u00e4isiss\u00e4 olosuhteissa.<\/li>\n<li><strong>Tarkka ohjaus:<\/strong>\u00a0 Sylinterit mahdollistavat tarkan ohjauksen ja asemoinnin, jolloin k\u00e4ytt\u00e4j\u00e4 voi suorittaa tarkkoja ja tehokkaita metallurgisia toimintoja.<\/li>\n<li><strong>Vankka rakenne:<\/strong>\u00a0 Metallurgiset hydraulisylinterit on valmistettu korkealaatuisista materiaaleista, jotka kest\u00e4v\u00e4t raskaita kuormia, \u00e4\u00e4rimm\u00e4isi\u00e4 l\u00e4mp\u00f6tiloja ja ankaria k\u00e4ytt\u00f6olosuhteita.<\/li>\n<li><strong>Tehokas energianmuunnos:<\/strong>\u00a0 Metallurginen hydraulisylinteri hy\u00f6dynt\u00e4\u00e4 edistynytt\u00e4 hydrauliikkateknologiaa hydraulisen energian tehokkaaseen muuntamiseen mekaaniseksi voimaksi ja metallurgisen prosessin tuottavuuden optimointiin.<\/li>\n<\/ul>\n<h2><strong>Kuinka tyhjent\u00e4\u00e4 hydraulisylinteri ilman tyhjennysventtiili\u00e4?<\/strong><\/h2>\n<p>Hydraulisylinterin tyhjennys ilman tyhjennysventtiili\u00e4 voi olla haastavampaa, mutta se on silti mahdollista. T\u00e4ss\u00e4 on vaiheittainen opas siit\u00e4, miten hydraulisylinteri tyhjennet\u00e4\u00e4n ilman tyhjennysventtiili\u00e4:<\/p>\n<ol>\n<li><strong>Valmistele tarvittavat ty\u00f6kalut:<\/strong>\n<ul>\n<li>Tarvitset jakoavaimen tai pihdit hydrauliliittimien l\u00f6ys\u00e4\u00e4miseen ja kirist\u00e4miseen.<\/li>\n<li>Pid\u00e4 s\u00e4ili\u00f6 valmiina ker\u00e4\u00e4m\u00e4\u00e4n ilmauksen aikana mahdollisesti ulos tuleva hydraulineste.<\/li>\n<li>Pid\u00e4 r\u00e4ttej\u00e4 tai imukykyisi\u00e4 materiaaleja l\u00e4hell\u00e4 mahdollisten roiskeiden puhdistamiseksi.<\/li>\n<\/ul>\n<\/li>\n<li><strong>Paikanna korkein kohta:<\/strong>\n<ul>\n<li>Paikanna hydraulisylinterin korkein kohta, johon ilmakuplat voivat j\u00e4\u00e4d\u00e4 loukkuun.<\/li>\n<li>This is typically near the cylinder&#8217;s end or at the piston&#8217;s top.<\/li>\n<\/ul>\n<\/li>\n<li><strong>L\u00f6ys\u00e4\u00e4 liitint\u00e4:<\/strong>\n<ul>\n<li>L\u00f6ys\u00e4\u00e4 hydrauliliitint\u00e4 varovasti sen korkeimmasta kohdasta jakoavaimella tai pihdeill\u00e4.<\/li>\n<li>L\u00f6ys\u00e4\u00e4 sit\u00e4 sen verran, ett\u00e4 ilma ja neste p\u00e4\u00e4sev\u00e4t poistumaan, mutta ei niin paljon, ett\u00e4 se irtoaa kokonaan.<\/li>\n<\/ul>\n<\/li>\n<li><strong>K\u00e4yt\u00e4 painetta:<\/strong>\n<ul>\n<li>Aktivoi hydraulij\u00e4rjestelm\u00e4 paineistaaksesi sylinteri\u00e4.<\/li>\n<li>T\u00e4m\u00e4 voidaan tehd\u00e4 k\u00e4ytt\u00e4m\u00e4ll\u00e4 hydraulip pumppua tai mit\u00e4 tahansa k\u00e4ytett\u00e4viss\u00e4 olevia hallintalaitteita.<\/li>\n<\/ul>\n<\/li>\n<li><strong>Varo ilmakuplia:<\/strong>\n<ul>\n<li>Tarkkaile l\u00f6ys\u00e4\u00e4m\u00e4\u00e4si hydrauliliitosta ilmakuplien varalta.<\/li>\n<li>Paineen kasvaessa kaikki loukkuun j\u00e4\u00e4nyt ilma poistuu liittimen kautta.<\/li>\n<\/ul>\n<\/li>\n<li><strong>Nesteen vapautuminen:<\/strong>\n<ul>\n<li>Kirist\u00e4 liitos uudelleen, kun havaitset hydraulinesteen virtauksen tasaisena ilman ilmakuplia.<\/li>\n<li>Varo kirist\u00e4m\u00e4st\u00e4 liikaa ja vahingoittamasta liitint\u00e4 tai hydrauliletkuja.<\/li>\n<\/ul>\n<\/li>\n<li><strong>Toista prosessi:<\/strong>\n<ul>\n<li>Jos sylinteriss\u00e4 on muita korkeita kohtia, joihin ilmakuplia saattaa kerty\u00e4, toista vaiheet 3\u20136 kussakin kohdassa.<\/li>\n<li>Aloita korkeimmasta kohdasta ja etene alasp\u00e4in varmistaaksesi, ett\u00e4 kaikki ilma poistuu.<\/li>\n<\/ul>\n<\/li>\n<li><strong>Tarkista asianmukainen toiminta:<\/strong>\n<ul>\n<li>Kun olet ilmannut sylinterin, tarkista sen oikea toiminta aktivoimalla hydrauliikkaj\u00e4rjestelm\u00e4.<\/li>\n<li>Varmista, ett\u00e4 sylinteri ty\u00f6ntyy ulos ja sis\u00e4\u00e4n sujuvasti ilman ep\u00e4tavallisia \u00e4\u00e4ni\u00e4 tai t\u00e4rin\u00e4\u00e4.<\/li>\n<\/ul>\n<\/li>\n<li><strong>Siivota:<\/strong>\n<ul>\n<li>K\u00e4yt\u00e4 r\u00e4ttej\u00e4 tai imukykyisi\u00e4 materiaaleja hydraulinesteen roiskeiden tai tippumien puhdistamiseen.<\/li>\n<li>H\u00e4vit\u00e4 k\u00e4ytetty hydrauliikkaneste asianmukaisesti paikallisten m\u00e4\u00e4r\u00e4ysten mukaisesti.<\/li>\n<\/ul>\n<\/li>\n<\/ol>\n<h2><strong>Tehtaan kapasiteetti ja kapasiteetti:<\/strong><\/h2>\n<h3>(1) Kokoonpano<\/h3>\n<p>Meill\u00e4 on ensiluokkainen riippumaton tutkimus- ja kehitysty\u00f6n kokoonpanoalusta. Hydraulisylinterien tuotantopajassa on nelj\u00e4 puoliautomaattista nostosylinterin kokoonpanolinjaa ja yksi automaattinen kallistussylinterin kokoonpanolinja, joiden suunniteltu vuotuinen tuotantokapasiteetti on 1 miljoona kappaletta. Erikoissylinterin ty\u00f6paja on varustettu erilaisilla eritelmill\u00e4 puoliautomaattisen puhdistusasennuksen kokoonpanoj\u00e4rjestelm\u00e4ll\u00e4, jonka suunniteltu vuotuinen tuotantokapasiteetti on 200 000, ja se on varustettu kuuluisilla CNC-ty\u00f6st\u00f6laitteilla, ty\u00f6st\u00f6keskuksella, korkean tarkkuuden sylinterin k\u00e4sittelyyn tarkoitetuilla erityislaitteilla, robottihitsauskoneella, automaattisella puhdistuslaitteella, automaattisella sylinterin kokoonpanokoneella ja automaattisella maalaustuotantolinjalla. Olemassa olevat kriittiset laitteet yli 300 sarjaa (sarjaa). Laiteresurssien optimaalinen kohdentaminen ja tehokas k\u00e4ytt\u00f6 varmistavat tuotteiden tarkkuusvaatimukset ja t\u00e4ytt\u00e4v\u00e4t tuotteiden laatuvaatimukset.<\/p>\n<p><img loading=\"lazy\" decoding=\"async\" class=\"alignnone wp-image-626\" src=\"https:\/\/hydraulic-cylinders.net\/wp-content\/uploads\/2023\/08\/hydraulic-cylinder-product-1-300x158.webp\" alt=\"\" width=\"495\" height=\"260\" srcset=\"https:\/\/hydraulic-cylinders.net\/wp-content\/uploads\/2023\/08\/hydraulic-cylinder-product-1-300x158.webp 495w, https:\/\/hydraulic-cylinders.net\/wp-content\/uploads\/2023\/08\/hydraulic-cylinder-product-1-480x252.webp 480w\" sizes=\"(min-width: 0px) and (max-width: 480px) 480px, (min-width: 481px) 495px, 100vw\" \/> <img loading=\"lazy\" decoding=\"async\" class=\"alignnone wp-image-627\" src=\"https:\/\/hydraulic-cylinders.net\/wp-content\/uploads\/2023\/08\/hydraulic-cylinder-product-2-300x189.webp\" alt=\"\" width=\"413\" height=\"260\" \/><\/p>\n<h3>(2) Koneistus<\/h3>\n<p>Ty\u00f6st\u00f6paja on varustettu r\u00e4\u00e4t\u00e4l\u00f6idyll\u00e4 kaltevalla kiskosorvauskeskuksella, ty\u00f6st\u00f6keskuksella, suurnopeus-hiontakoneella, hitsausrobotilla ja muilla vastaavilla laitteilla, joilla voidaan k\u00e4sitell\u00e4 sylinteriputkia, joiden sis\u00e4halkaisija on enint\u00e4\u00e4n 400 mm ja enimm\u00e4ispituus on 6 metri\u00e4.<\/p>\n<p><img loading=\"lazy\" decoding=\"async\" class=\"alignnone wp-image-628 size-large\" src=\"https:\/\/hydraulic-cylinders.net\/wp-content\/uploads\/2023\/08\/hydraulic-cylinder-product-3-1024x391.webp\" alt=\"\" width=\"1024\" height=\"391\" srcset=\"https:\/\/hydraulic-cylinders.net\/wp-content\/uploads\/2023\/08\/hydraulic-cylinder-product-3-980x374.webp 980w, https:\/\/hydraulic-cylinders.net\/wp-content\/uploads\/2023\/08\/hydraulic-cylinder-product-3-480x183.webp 480w\" sizes=\"(min-width: 0px) and (max-width: 480px) 480px, (min-width: 481px) and (max-width: 980px) 980px, (min-width: 981px) 1024px, 100vw\" \/><\/p>\n<h3>(3) Hitsaus<\/h3>\n<p><img loading=\"lazy\" decoding=\"async\" class=\"alignnone wp-image-629 size-large\" src=\"https:\/\/hydraulic-cylinders.net\/wp-content\/uploads\/2023\/08\/hydraulic-cylinder-product-4-1024x510.webp\" alt=\"\" width=\"1024\" height=\"510\" srcset=\"https:\/\/hydraulic-cylinders.net\/wp-content\/uploads\/2023\/08\/hydraulic-cylinder-product-4-980x488.webp 980w, https:\/\/hydraulic-cylinders.net\/wp-content\/uploads\/2023\/08\/hydraulic-cylinder-product-4-480x239.webp 480w\" sizes=\"(min-width: 0px) and (max-width: 480px) 480px, (min-width: 481px) and (max-width: 980px) 980px, (min-width: 981px) 1024px, 100vw\" \/><\/p>\n<h3>(4) Maalaus ja pinnoitus<\/h3>\n<p>Pienill\u00e4 ja keskisuurilla sylinterin automaattisilla vesipohjaisilla maalipinnoituslinjoilla automaattisen robotin lastaus- ja purku- ja automaattisen ruiskutuksen saavuttamiseksi, suunnittelukapasiteetti on 4000 kappaletta vuorossa;<br \/>\nMeill\u00e4 on my\u00f6s puoliautomaattinen maalauslinja suurille sylintereille, joka toimii voimaketjulla ja jonka suunnittelukapasiteetti on 60 laatikkoa ty\u00f6vuorossa.<\/p>\n<p><img loading=\"lazy\" decoding=\"async\" class=\"alignnone wp-image-630\" src=\"https:\/\/hydraulic-cylinders.net\/wp-content\/uploads\/2023\/08\/hydraulic-cylinder-product-5-300x213.webp\" alt=\"\" width=\"366\" height=\"260\" \/> <img loading=\"lazy\" decoding=\"async\" class=\"alignnone wp-image-631\" src=\"https:\/\/hydraulic-cylinders.net\/wp-content\/uploads\/2023\/08\/hydraulic-cylinder-product-6-300x225.webp\" alt=\"\" width=\"347\" height=\"260\" \/><\/p>\n<h3>(5) Testaus<\/h3>\n<p>Meill\u00e4 on ensiluokkaiset tarkastustilat ja testialustat, joilla varmistetaan, ett\u00e4 sylinterin suorituskyky t\u00e4ytt\u00e4\u00e4 vaatimukset.<\/p>\n<p><img loading=\"lazy\" decoding=\"async\" class=\"alignnone wp-image-632\" src=\"https:\/\/hydraulic-cylinders.net\/wp-content\/uploads\/2023\/08\/hydraulic-cylinder-product-8-300x200.webp\" alt=\"\" width=\"389\" height=\"260\" \/><\/p>\n<p>&nbsp;<\/p>\n<p>&nbsp;<\/p>\n<p>Olemme yksi parhaista metallurgisten hydraulisylinterien valmistajista. Tarjoamme kattavan metallurgisten hydraulisylinterien varaston. Tarjoamme my\u00f6s vastaavia <a href=\"https:\/\/hzpt.com\/agricultural-pto-gearbox\/\" target=\"_blank\" rel=\"noopener\">maatalousvaihteistot<\/a>Olemme vieneet tuotteitamme asiakkaille maailmanlaajuisesti ja ansainneet hyv\u00e4n maineen erinomaisen tuotelaadun ja huoltopalvelumme ansiosta. Toivotamme tervetulleeksi asiakkaat kotimaassa ja ulkomailla ottamaan meihin yhteytt\u00e4 neuvotellakseen liiketoimista, vaihtaakseen tietoja ja <a href=\"https:\/\/www.hydraulic-cylinders.net\/fi\/contact-us\/\">tehd\u00e4 yhteisty\u00f6t\u00e4 kanssamme<\/a>!<\/p>\n<h2><\/h2>\n<h2><\/h2>\n<h2><\/h2>","protected":false},"excerpt":{"rendered":"<p>Rear Round Flange Type Metallurgical Hydraulic Cylinder The rear round flange type metallurgical hydraulic cylinder is a high-performance hydraulic component designed to meet the demanding requirements of metallurgical applications. With its robust construction, precise control, and reliable operation, this hydraulic cylinder design stands out in the rigorous environment of steel mills, foundries, and other metallurgical [&hellip;]<\/p>","protected":false},"featured_media":1212,"comment_status":"open","ping_status":"closed","template":"","meta":{"_et_pb_use_builder":"","_et_pb_old_content":"","_et_gb_content_width":""},"product_brand":[],"product_cat":[1376,1550,1524],"product_tag":[1380],"class_list":{"0":"post-1209","1":"product","2":"type-product","3":"status-publish","4":"has-post-thumbnail","6":"product_cat-hydraulic-cylinder","7":"product_cat-double-acting-hydraulic-cylinder","8":"product_cat-steel-mill-hydraulic-cylinders","9":"product_tag-hydraulic-cylinder","11":"first","12":"instock","13":"shipping-taxable","14":"product-type-simple"},"amp_enabled":true,"_links":{"self":[{"href":"https:\/\/www.hydraulic-cylinders.net\/fi\/wp-json\/wp\/v2\/product\/1209","targetHints":{"allow":["GET"]}}],"collection":[{"href":"https:\/\/www.hydraulic-cylinders.net\/fi\/wp-json\/wp\/v2\/product"}],"about":[{"href":"https:\/\/www.hydraulic-cylinders.net\/fi\/wp-json\/wp\/v2\/types\/product"}],"replies":[{"embeddable":true,"href":"https:\/\/www.hydraulic-cylinders.net\/fi\/wp-json\/wp\/v2\/comments?post=1209"}],"wp:featuredmedia":[{"embeddable":true,"href":"https:\/\/www.hydraulic-cylinders.net\/fi\/wp-json\/wp\/v2\/media\/1212"}],"wp:attachment":[{"href":"https:\/\/www.hydraulic-cylinders.net\/fi\/wp-json\/wp\/v2\/media?parent=1209"}],"wp:term":[{"taxonomy":"product_brand","embeddable":true,"href":"https:\/\/www.hydraulic-cylinders.net\/fi\/wp-json\/wp\/v2\/product_brand?post=1209"},{"taxonomy":"product_cat","embeddable":true,"href":"https:\/\/www.hydraulic-cylinders.net\/fi\/wp-json\/wp\/v2\/product_cat?post=1209"},{"taxonomy":"product_tag","embeddable":true,"href":"https:\/\/www.hydraulic-cylinders.net\/fi\/wp-json\/wp\/v2\/product_tag?post=1209"}],"curies":[{"name":"wp","href":"https:\/\/api.w.org\/{rel}","templated":true}]}}