{"id":1238,"date":"2023-09-14T08:14:17","date_gmt":"2023-09-14T08:14:17","guid":{"rendered":"https:\/\/hydraulic-cylinders.net\/?post_type=product&#038;p=1238"},"modified":"2025-04-11T05:26:15","modified_gmt":"2025-04-11T05:26:15","slug":"hrob-type-standard-b-type-circular-hydraulic-cylinder","status":"publish","type":"product","link":"https:\/\/www.hydraulic-cylinders.net\/fi\/tuote\/hrob-type-standard-b-type-circular-hydraulic-cylinder\/","title":{"rendered":"HROB Tyyppi Standard B-tyypin py\u00f6re\u00e4 hydraulisylinteri"},"content":{"rendered":"<h1 style=\"text-align: center;\"><strong>HROB Tyyppi Standard B-tyypin py\u00f6re\u00e4 hydraulisylinteri<\/strong><\/h1>\n<p>The HROB standard Type B circular hydraulic cylinder is a versatile and reliable hydraulic element that provides efficient power and precise control in various industrial applications. Using advanced technology and high-quality standards, this hydraulic cylinder offers superior performance and durability. Whether in manufacturing, construction, or material handling, HROB standard b cylinders ensure smooth and efficient hydraulic operation.<\/p>\n<p>HRO-sarjan py\u00f6re\u00e4 sylinteri on turvallinen ja vakaa, tuotos on tehokas, helppo huoltaa, kaunis ulkon\u00e4k\u00f6, korkea laatu ja sopii kaikenlaisiin puristimiin.<\/p>\n<p><img loading=\"lazy\" decoding=\"async\" class=\"wp-image-1239 aligncenter\" src=\"https:\/\/hydraulic-cylinders.net\/wp-content\/uploads\/2023\/09\/hro-circular-hydraulic-cylinder-5-1-300x300.webp\" alt=\"\" width=\"400\" height=\"400\" \/><\/p>\n<h2><strong>HROA-tyyppinen py\u00f6re\u00e4 hydraulisylinteri Ominaistiedot:<\/strong><\/h2>\n<p><img loading=\"lazy\" decoding=\"async\" class=\"alignnone wp-image-1234 size-full\" src=\"https:\/\/hydraulic-cylinders.net\/wp-content\/uploads\/2023\/09\/hro-circular-hydraulic-cylinder-1-1-1.webp\" alt=\"\" width=\"1428\" height=\"436\" srcset=\"https:\/\/hydraulic-cylinders.net\/wp-content\/uploads\/2023\/09\/hro-circular-hydraulic-cylinder-1-1-1.webp 1428w, https:\/\/hydraulic-cylinders.net\/wp-content\/uploads\/2023\/09\/hro-circular-hydraulic-cylinder-1-1-1-1280x391.webp 1280w, https:\/\/hydraulic-cylinders.net\/wp-content\/uploads\/2023\/09\/hro-circular-hydraulic-cylinder-1-1-1-980x299.webp 980w, https:\/\/hydraulic-cylinders.net\/wp-content\/uploads\/2023\/09\/hro-circular-hydraulic-cylinder-1-1-1-480x147.webp 480w\" sizes=\"(min-width: 0px) and (max-width: 480px) 480px, (min-width: 481px) and (max-width: 980px) 980px, (min-width: 981px) and (max-width: 1280px) 1280px, (min-width: 1281px) 1428px, 100vw\" \/><\/p>\n<h2><strong>HROA-tyyppinen py\u00f6re\u00e4 hydraulisylinterin rakennekaavio:<\/strong><\/h2>\n<p><img loading=\"lazy\" decoding=\"async\" class=\"alignnone wp-image-1235 size-full\" src=\"https:\/\/hydraulic-cylinders.net\/wp-content\/uploads\/2023\/09\/hro-circular-hydraulic-cylinder-2-1.webp\" alt=\"\" width=\"1404\" height=\"889\" srcset=\"https:\/\/hydraulic-cylinders.net\/wp-content\/uploads\/2023\/09\/hro-circular-hydraulic-cylinder-2-1.webp 1404w, https:\/\/hydraulic-cylinders.net\/wp-content\/uploads\/2023\/09\/hro-circular-hydraulic-cylinder-2-1-1280x810.webp 1280w, https:\/\/hydraulic-cylinders.net\/wp-content\/uploads\/2023\/09\/hro-circular-hydraulic-cylinder-2-1-980x621.webp 980w, https:\/\/hydraulic-cylinders.net\/wp-content\/uploads\/2023\/09\/hro-circular-hydraulic-cylinder-2-1-480x304.webp 480w\" sizes=\"(min-width: 0px) and (max-width: 480px) 480px, (min-width: 481px) and (max-width: 980px) 980px, (min-width: 981px) and (max-width: 1280px) 1280px, (min-width: 1281px) 1404px, 100vw\" \/><\/p>\n<h2><strong>HROB Type Standard B Type Circular Hydraulic Cylinder Parameter:<img loading=\"lazy\" decoding=\"async\" class=\"alignnone wp-image-1240 size-full\" src=\"https:\/\/hydraulic-cylinders.net\/wp-content\/uploads\/2023\/09\/hro-circular-hydraulic-cylinder-5.webp\" alt=\"\" width=\"1439\" height=\"1119\" srcset=\"https:\/\/hydraulic-cylinders.net\/wp-content\/uploads\/2023\/09\/hro-circular-hydraulic-cylinder-5.webp 1439w, https:\/\/hydraulic-cylinders.net\/wp-content\/uploads\/2023\/09\/hro-circular-hydraulic-cylinder-5-1280x995.webp 1280w, https:\/\/hydraulic-cylinders.net\/wp-content\/uploads\/2023\/09\/hro-circular-hydraulic-cylinder-5-980x762.webp 980w, https:\/\/hydraulic-cylinders.net\/wp-content\/uploads\/2023\/09\/hro-circular-hydraulic-cylinder-5-480x373.webp 480w\" sizes=\"(min-width: 0px) and (max-width: 480px) 480px, (min-width: 481px) and (max-width: 980px) 980px, (min-width: 981px) and (max-width: 1280px) 1280px, (min-width: 1281px) 1439px, 100vw\" \/> <\/strong><strong>HROB Tyyppi Standard B-tyypin py\u00f6re\u00e4 hydraulisylinteri <\/strong><strong>Ulkoisen hampaan tyypin erittelylomake:<\/strong><\/h2>\n<h2><strong><img loading=\"lazy\" decoding=\"async\" class=\"alignnone wp-image-1241 size-full\" src=\"https:\/\/hydraulic-cylinders.net\/wp-content\/uploads\/2023\/09\/hro-circular-hydraulic-cylinder-6.webp\" alt=\"\" width=\"1426\" height=\"514\" srcset=\"https:\/\/hydraulic-cylinders.net\/wp-content\/uploads\/2023\/09\/hro-circular-hydraulic-cylinder-6.webp 1426w, https:\/\/hydraulic-cylinders.net\/wp-content\/uploads\/2023\/09\/hro-circular-hydraulic-cylinder-6-1280x461.webp 1280w, https:\/\/hydraulic-cylinders.net\/wp-content\/uploads\/2023\/09\/hro-circular-hydraulic-cylinder-6-980x353.webp 980w, https:\/\/hydraulic-cylinders.net\/wp-content\/uploads\/2023\/09\/hro-circular-hydraulic-cylinder-6-480x173.webp 480w\" sizes=\"(min-width: 0px) and (max-width: 480px) 480px, (min-width: 481px) and (max-width: 980px) 980px, (min-width: 981px) and (max-width: 1280px) 1280px, (min-width: 1281px) 1426px, 100vw\" \/><\/strong><\/h2>\n<h2><strong>HROB Tyyppi Standard B-tyypin py\u00f6re\u00e4 hydraulisylinteri <\/strong><strong>K\u00e4ytt\u00f6menetelm\u00e4<\/strong><strong>:<\/strong><\/h2>\n<ol>\n<li><strong>Asennus ja asennus:<\/strong>\n<ul>\n<li>Determine the appropriate installation location for the HROB type standard B cylinder based on your equipment or mechanical requirements.<\/li>\n<li>Varmista, ett\u00e4 asennuspinta on puhdas, tasainen ja kest\u00e4\u00e4 sylinterin painon ja kuorman.<\/li>\n<\/ul>\n<\/li>\n<li><strong>Liit\u00e4nt\u00e4 hydraulij\u00e4rjestelm\u00e4\u00e4n:<\/strong>\n<ul>\n<li>Liit\u00e4 hydraulisylinteri hydraulij\u00e4rjestelm\u00e4\u00e4n yhteensopivalla hydrauliletkulla tai -putkella.<\/li>\n<li>Varmista oikea kohdistus ja turvalliset liit\u00e4nn\u00e4t vuotojen est\u00e4miseksi ja suorituskyvyn optimoimiseksi.<\/li>\n<\/ul>\n<\/li>\n<li><strong>Sylinterin k\u00e4ytt\u00f6:<\/strong>\n<ul>\n<li>The starting hydraulic system applies pressure to initiate the movement of the HROB standard B cylinder.<\/li>\n<li>Hydraulista ohjausj\u00e4rjestelm\u00e4\u00e4 k\u00e4ytet\u00e4\u00e4n sylinterin jatkeen, sis\u00e4\u00e4nvedon ja sijoittelun tarkkaan ohjaamiseen tehokkaan toiminnan saavuttamiseksi.<\/li>\n<\/ul>\n<\/li>\n<\/ol>\n<h2><strong>HROB Tyyppi Standard B-tyypin py\u00f6re\u00e4 hydraulisylinteri <\/strong><strong>Ominaisuudet<\/strong><strong>:<\/strong><\/h2>\n<ul>\n<li><strong>Vankka rakenne:<\/strong> HROB Type standard B cylinders are manufactured with high-quality materials to ensure durability and longevity in demanding industrial environments.<\/li>\n<li><strong>Tarkkuus ja hallinta:<\/strong> This hydraulic cylinder provides precise motion and positioning control, allowing for accurate and efficient operation.<\/li>\n<li><strong>Monipuoliset sovellukset:<\/strong> HROB standard Type B cylinders are suitable for manufacturing, construction, material handling and other industries.<\/li>\n<li><strong>Tehokas voimansiirto:<\/strong> The cylinders efficiently convert hydraulic energy into mechanical force, providing reliable and consistent power output.<\/li>\n<li><strong>Sujuva toiminta:<\/strong> The HROB standard Type B cylinder ensures smooth and reliable operation and minimizes vibration and noise during hydraulic movement.<\/li>\n<\/ul>\n<h2><strong>Kuinka vaikeaa on rakentaa hydraulisylinteri uudelleen?<\/strong><\/h2>\n<p>Hydraulisylinterin uudelleenrakentaminen voi olla monimutkainen teht\u00e4v\u00e4, joka vaatii mekaanista tiet\u00e4myst\u00e4, kokemusta ja oikeat ty\u00f6kalut. Prosessin vaikeustaso voi vaihdella sylinterin erityisest\u00e4 suunnittelusta ja kunnosta riippuen. T\u00e4ss\u00e4 on joitakin huomioon otettavia tekij\u00f6it\u00e4:<\/p>\n<ol>\n<li><strong>Asiantuntemus ja kokemus:<\/strong><br \/>\nRebuilding a hydraulic cylinder requires a good understanding of its components, functionality, and assembly. The process may be more manageable if you have experience working with hydraulic systems or have previously rebuilt hydraulic cylinders. However, if you&#8217;re new to hydraulic systems, seeking professional assistance or guidance is recommended.<\/li>\n<li><strong>Sylinterin suunnittelu:<\/strong><br \/>\nHydraulisylinterin uudelleenrakentamisen monimutkaisuus voi riippua sen suunnittelusta. Joillakin sylintereill\u00e4 on suoraviivaisempi rakenne ja v\u00e4hemm\u00e4n sis\u00e4isi\u00e4 komponentteja, mik\u00e4 tekee niiden uudelleenrakentamisesta suhteellisen helppoa. Kehittyneemm\u00e4t tekniikat, kuten useassa vaiheessa tai integroiduilla ominaisuuksilla varustetut, voivat kuitenkin olla monimutkaisempia ja haastavampia purkaa, tiivist\u00e4\u00e4 ja koota oikein.<\/li>\n<li><strong>Sylinterin kunto:<\/strong><br \/>\nHydraulisylinterin yleinen kunto vaikuttaa my\u00f6s korjausprosessiin. Jos sylinteriss\u00e4 on vakavia vaurioita, laajaa kulumista tai korroosiota, se saattaa vaatia lis\u00e4korjauksia tai osien vaihtoa, mik\u00e4 voi lis\u00e4t\u00e4 korjausty\u00f6n monimutkaisuutta. Sylinterin kunnon arviointi etuk\u00e4teen auttaa m\u00e4\u00e4ritt\u00e4m\u00e4\u00e4n tarvittavan ty\u00f6n m\u00e4\u00e4r\u00e4n.<\/li>\n<li><strong>Ty\u00f6kalut ja laitteet:<\/strong><br \/>\nHydraulisylinterin uudelleenrakentaminen vaatii usein erikoisty\u00f6kaluja ja -laitteita. N\u00e4it\u00e4 ovat hydrauliset puristimet, tiivisteiden asennusty\u00f6kalut, lukkorengaspihdit ja momenttiavaimet. Tarvittavien ty\u00f6kalujen hallussapito ja niiden oikean k\u00e4yt\u00f6n osaaminen on ratkaisevan t\u00e4rke\u00e4\u00e4 onnistuneen uudelleenrakennuksen kannalta.<\/li>\n<li><strong>Tiivisteen vaihto ja kokoaminen:<\/strong><br \/>\nYksi hydraulisylinterin uudelleenrakentamisen kriittisist\u00e4 vaiheista on tiivisteiden vaihtaminen. Tiivisteiden oikean valinnan ja asennuksen varmistaminen on ratkaisevan t\u00e4rke\u00e4\u00e4 moitteettoman toiminnan ja vuotojen est\u00e4misen kannalta. Se vaatii tarkkuutta ja yksityiskohtien huomioimista. Lis\u00e4ksi sylinterin osien kokoaminen oikeassa j\u00e4rjestyksess\u00e4 ja kohdistuksessa on ratkaisevan t\u00e4rke\u00e4\u00e4 sen optimaalisen suorituskyvyn kannalta.<\/li>\n<li><strong>Testaus ja varmennus:<\/strong><br \/>\nHydraulisylinterin uudelleenrakentamisen j\u00e4lkeen on t\u00e4rke\u00e4\u00e4 suorittaa perusteellinen testaus sen varmistamiseksi, ett\u00e4 se toimii tarkoitetulla tavalla. T\u00e4m\u00e4 voi sis\u00e4lt\u00e4\u00e4 painekokeen, vuotojen tarkistamisen sek\u00e4 sylinterin liikeradan ja suorituskyvyn tarkistamisen. Asianmukainen testaus auttaa tunnistamaan ongelmat ja varmistaa, ett\u00e4 sylinteri on turvallinen ja luotettava.<\/li>\n<\/ol>\n<h2><strong>Tehtaan kapasiteetti ja kapasiteetti:<\/strong><\/h2>\n<h3>(1) Kokoonpano<\/h3>\n<p>Meill\u00e4 on ensiluokkainen riippumaton tutkimus- ja kehitysty\u00f6n kokoonpanoalusta. Hydraulisylinterien tuotantopajassa on nelj\u00e4 puoliautomaattista nostosylinterin kokoonpanolinjaa ja yksi automaattinen kallistussylinterin kokoonpanolinja, joiden suunniteltu vuotuinen tuotantokapasiteetti on 1 miljoona kappaletta. Erikoissylinterin ty\u00f6paja on varustettu erilaisilla eritelmill\u00e4 puoliautomaattisen puhdistusasennuksen kokoonpanoj\u00e4rjestelm\u00e4ll\u00e4, jonka suunniteltu vuotuinen tuotantokapasiteetti on 200 000, ja se on varustettu kuuluisilla CNC-ty\u00f6st\u00f6laitteilla, ty\u00f6st\u00f6keskuksella, korkean tarkkuuden sylinterin k\u00e4sittelyyn tarkoitetuilla erityislaitteilla, robottihitsauskoneella, automaattisella puhdistuslaitteella, automaattisella sylinterin kokoonpanokoneella ja automaattisella maalaustuotantolinjalla. Olemassa olevat kriittiset laitteet yli 300 sarjaa (sarjaa). Laiteresurssien optimaalinen kohdentaminen ja tehokas k\u00e4ytt\u00f6 varmistavat tuotteiden tarkkuusvaatimukset ja t\u00e4ytt\u00e4v\u00e4t tuotteiden laatuvaatimukset.<\/p>\n<p><img loading=\"lazy\" decoding=\"async\" class=\"alignnone wp-image-626\" src=\"https:\/\/hydraulic-cylinders.net\/wp-content\/uploads\/2023\/08\/hydraulic-cylinder-product-1-300x158.webp\" alt=\"\" width=\"495\" height=\"260\" srcset=\"https:\/\/hydraulic-cylinders.net\/wp-content\/uploads\/2023\/08\/hydraulic-cylinder-product-1-300x158.webp 495w, https:\/\/hydraulic-cylinders.net\/wp-content\/uploads\/2023\/08\/hydraulic-cylinder-product-1-480x252.webp 480w\" sizes=\"(min-width: 0px) and (max-width: 480px) 480px, (min-width: 481px) 495px, 100vw\" \/> <img loading=\"lazy\" decoding=\"async\" class=\"alignnone wp-image-627\" src=\"https:\/\/hydraulic-cylinders.net\/wp-content\/uploads\/2023\/08\/hydraulic-cylinder-product-2-300x189.webp\" alt=\"\" width=\"413\" height=\"260\" \/><\/p>\n<h3>(2) Koneistus<\/h3>\n<p>Ty\u00f6st\u00f6paja on varustettu r\u00e4\u00e4t\u00e4l\u00f6idyll\u00e4 kaltevalla kiskosorvauskeskuksella, ty\u00f6st\u00f6keskuksella, suurnopeus-hiontakoneella, hitsausrobotilla ja muilla vastaavilla laitteilla, joilla voidaan k\u00e4sitell\u00e4 sylinteriputkia, joiden sis\u00e4halkaisija on enint\u00e4\u00e4n 400 mm ja enimm\u00e4ispituus on 6 metri\u00e4.<\/p>\n<p><img loading=\"lazy\" decoding=\"async\" class=\"alignnone wp-image-628 size-large\" src=\"https:\/\/hydraulic-cylinders.net\/wp-content\/uploads\/2023\/08\/hydraulic-cylinder-product-3-1024x391.webp\" alt=\"\" width=\"1024\" height=\"391\" srcset=\"https:\/\/hydraulic-cylinders.net\/wp-content\/uploads\/2023\/08\/hydraulic-cylinder-product-3-980x374.webp 980w, https:\/\/hydraulic-cylinders.net\/wp-content\/uploads\/2023\/08\/hydraulic-cylinder-product-3-480x183.webp 480w\" sizes=\"(min-width: 0px) and (max-width: 480px) 480px, (min-width: 481px) and (max-width: 980px) 980px, (min-width: 981px) 1024px, 100vw\" \/><\/p>\n<h3>(3) Hitsaus<\/h3>\n<p><img loading=\"lazy\" decoding=\"async\" class=\"alignnone wp-image-629 size-large\" src=\"https:\/\/hydraulic-cylinders.net\/wp-content\/uploads\/2023\/08\/hydraulic-cylinder-product-4-1024x510.webp\" alt=\"\" width=\"1024\" height=\"510\" srcset=\"https:\/\/hydraulic-cylinders.net\/wp-content\/uploads\/2023\/08\/hydraulic-cylinder-product-4-980x488.webp 980w, https:\/\/hydraulic-cylinders.net\/wp-content\/uploads\/2023\/08\/hydraulic-cylinder-product-4-480x239.webp 480w\" sizes=\"(min-width: 0px) and (max-width: 480px) 480px, (min-width: 481px) and (max-width: 980px) 980px, (min-width: 981px) 1024px, 100vw\" \/><\/p>\n<h3>(4) Maalaus ja pinnoitus<\/h3>\n<p>Pienill\u00e4 ja keskisuurilla sylinterin automaattisilla vesipohjaisilla maalipinnoituslinjoilla automaattisen robotin lastaus- ja purku- ja automaattisen ruiskutuksen saavuttamiseksi, suunnittelukapasiteetti on 4000 kappaletta vuorossa;<br \/>\nMeill\u00e4 on my\u00f6s puoliautomaattinen maalauslinja suurille sylintereille, joka toimii voimaketjulla ja jonka suunnittelukapasiteetti on 60 laatikkoa ty\u00f6vuorossa.<\/p>\n<p><img loading=\"lazy\" decoding=\"async\" class=\"alignnone wp-image-630\" src=\"https:\/\/hydraulic-cylinders.net\/wp-content\/uploads\/2023\/08\/hydraulic-cylinder-product-5-300x213.webp\" alt=\"\" width=\"366\" height=\"260\" \/> <img loading=\"lazy\" decoding=\"async\" class=\"alignnone wp-image-631\" src=\"https:\/\/hydraulic-cylinders.net\/wp-content\/uploads\/2023\/08\/hydraulic-cylinder-product-6-300x225.webp\" alt=\"\" width=\"347\" height=\"260\" \/><\/p>\n<h3>(5) Testaus<\/h3>\n<p>Meill\u00e4 on ensiluokkaiset tarkastustilat ja testialustat, joilla varmistetaan, ett\u00e4 sylinterin suorituskyky t\u00e4ytt\u00e4\u00e4 vaatimukset.<\/p>\n<p><img loading=\"lazy\" decoding=\"async\" class=\"alignnone wp-image-632\" src=\"https:\/\/hydraulic-cylinders.net\/wp-content\/uploads\/2023\/08\/hydraulic-cylinder-product-8-300x200.webp\" alt=\"\" width=\"389\" height=\"260\" \/><\/p>\n<p>&nbsp;<\/p>\n<p>&nbsp;<\/p>\n<p>Olemme yksi parhaista metallurgisten hydraulisylinterien valmistajista. Tarjoamme kattavan metallurgisten hydraulisylinterien varaston. Tarjoamme my\u00f6s vastaavia <a href=\"https:\/\/hzpt.com\/agricultural-pto-gearbox\/\" target=\"_blank\" rel=\"noopener\">maatalousvaihteistot<\/a>Olemme vieneet tuotteitamme asiakkaille maailmanlaajuisesti ja ansainneet hyv\u00e4n maineen erinomaisen tuotelaadun ja huoltopalvelumme ansiosta. Toivotamme tervetulleeksi asiakkaat kotimaassa ja ulkomailla ottamaan meihin yhteytt\u00e4 neuvotellakseen liiketoimista, vaihtaakseen tietoja ja <a href=\"https:\/\/www.hydraulic-cylinders.net\/fi\/contact-us\/\">tehd\u00e4 yhteisty\u00f6t\u00e4 kanssamme<\/a>!<\/p>\n<h2><\/h2>","protected":false},"excerpt":{"rendered":"<p>HROB Type Standard B Type Circular Hydraulic Cylinder The HROB standard Type B circular hydraulic cylinder is a versatile and reliable hydraulic element that provides efficient power and precise control in various industrial applications. Using advanced technology and high-quality standards, this hydraulic cylinder offers superior performance and durability. Whether in manufacturing, construction, or material handling, [&hellip;]<\/p>","protected":false},"featured_media":1259,"comment_status":"open","ping_status":"closed","template":"","meta":{"_et_pb_use_builder":"","_et_pb_old_content":"","_et_gb_content_width":""},"product_brand":[],"product_cat":[1526,1550,1376],"product_tag":[1380],"class_list":{"0":"post-1238","1":"product","2":"type-product","3":"status-publish","4":"has-post-thumbnail","6":"product_cat-assembly-line-hydraulic-cylinders","7":"product_cat-double-acting-hydraulic-cylinder","8":"product_cat-hydraulic-cylinder","9":"product_tag-hydraulic-cylinder","11":"first","12":"instock","13":"shipping-taxable","14":"product-type-simple"},"amp_enabled":true,"_links":{"self":[{"href":"https:\/\/www.hydraulic-cylinders.net\/fi\/wp-json\/wp\/v2\/product\/1238","targetHints":{"allow":["GET"]}}],"collection":[{"href":"https:\/\/www.hydraulic-cylinders.net\/fi\/wp-json\/wp\/v2\/product"}],"about":[{"href":"https:\/\/www.hydraulic-cylinders.net\/fi\/wp-json\/wp\/v2\/types\/product"}],"replies":[{"embeddable":true,"href":"https:\/\/www.hydraulic-cylinders.net\/fi\/wp-json\/wp\/v2\/comments?post=1238"}],"wp:featuredmedia":[{"embeddable":true,"href":"https:\/\/www.hydraulic-cylinders.net\/fi\/wp-json\/wp\/v2\/media\/1259"}],"wp:attachment":[{"href":"https:\/\/www.hydraulic-cylinders.net\/fi\/wp-json\/wp\/v2\/media?parent=1238"}],"wp:term":[{"taxonomy":"product_brand","embeddable":true,"href":"https:\/\/www.hydraulic-cylinders.net\/fi\/wp-json\/wp\/v2\/product_brand?post=1238"},{"taxonomy":"product_cat","embeddable":true,"href":"https:\/\/www.hydraulic-cylinders.net\/fi\/wp-json\/wp\/v2\/product_cat?post=1238"},{"taxonomy":"product_tag","embeddable":true,"href":"https:\/\/www.hydraulic-cylinders.net\/fi\/wp-json\/wp\/v2\/product_tag?post=1238"}],"curies":[{"name":"wp","href":"https:\/\/api.w.org\/{rel}","templated":true}]}}