{"id":1266,"date":"2023-09-15T07:54:55","date_gmt":"2023-09-15T07:54:55","guid":{"rendered":"https:\/\/hydraulic-cylinders.net\/?post_type=product&#038;p=1266"},"modified":"2025-04-11T05:25:56","modified_gmt":"2025-04-11T05:25:56","slug":"cx-series-homotaxial-compact-hydraulic-cylinder","status":"publish","type":"product","link":"https:\/\/www.hydraulic-cylinders.net\/fi\/tuote\/cx-series-homotaxial-compact-hydraulic-cylinder\/","title":{"rendered":"CX-sarjan homotaksiaalinen kompakti hydraulisylinteri"},"content":{"rendered":"<h1 style=\"text-align: center;\"><strong>CX-sarjan homotaksiaalinen kompakti hydraulisylinteri<\/strong><\/h1>\n<p>CX-sarjan homotaksiaalinen kompakti hydraulisylinteri on huippuluokan hydrauliikkakomponentti, joka on suunniteltu tarjoamaan tehokasta ja luotettavaa voimansiirtoa monenlaisissa teollisissa sovelluksissa. Kompaktin rakenteensa, erinomaisen suorituskykyns\u00e4 ja kest\u00e4vyytens\u00e4 ansiosta t\u00e4m\u00e4 hydraulisylinteri tarjoaa tarkkaa ohjausta ja monipuolisuutta. K\u00e4ytettiinp\u00e4 sit\u00e4 sitten valmistuksessa, materiaalink\u00e4sittelyss\u00e4 tai rakentamisessa, CX-sarjan homotaksiaalinen kompakti hydraulisylinteri on suunniteltu optimoimaan hydraulisia toimintoja ja parantamaan tuottavuutta.<\/p>\n<p>CX-sarjan kompakteja sylintereit\u00e4 k\u00e4ytet\u00e4\u00e4n sylinterien kiinnitt\u00e4miseen. Sen asennus on pieni. Tehtaallamme on edistyneet hydrauliset laitteet, mukaan lukien pystysuora vaakasuora ty\u00f6st\u00f6keskus sek\u00e4 keskikokoiset ja suuret hydrauliset sylinterit. Ohuiden sylinterien tuotantotekniikka on erinomaista.<\/p>\n<p><img loading=\"lazy\" decoding=\"async\" class=\"size-full wp-image-1267 aligncenter\" src=\"https:\/\/hydraulic-cylinders.net\/wp-content\/uploads\/2023\/09\/cx-compact-hydraulic-cylinder-6.webp\" alt=\"\" width=\"245\" height=\"245\" srcset=\"https:\/\/www.hydraulic-cylinders.net\/wp-content\/uploads\/2023\/09\/cx-compact-hydraulic-cylinder-6.webp 245w, https:\/\/www.hydraulic-cylinders.net\/wp-content\/uploads\/2023\/09\/cx-compact-hydraulic-cylinder-6-100x100.webp 100w, https:\/\/www.hydraulic-cylinders.net\/wp-content\/uploads\/2023\/09\/cx-compact-hydraulic-cylinder-6-150x150.webp 150w, https:\/\/www.hydraulic-cylinders.net\/wp-content\/uploads\/2023\/09\/cx-compact-hydraulic-cylinder-6-12x12.webp 12w\" sizes=\"(max-width: 245px) 100vw, 245px\" \/><\/p>\n<h2><strong>CX-sarjan homotaksiaalinen kompakti hydraulisylinteri Mallikuvaus:<img loading=\"lazy\" decoding=\"async\" class=\"alignnone wp-image-1269 size-full\" src=\"https:\/\/hydraulic-cylinders.net\/wp-content\/uploads\/2023\/09\/cx-compact-hydraulic-cylinder-2.webp\" alt=\"\" width=\"730\" height=\"119\" srcset=\"https:\/\/hydraulic-cylinders.net\/wp-content\/uploads\/2023\/09\/cx-compact-hydraulic-cylinder-2.webp 730w, https:\/\/hydraulic-cylinders.net\/wp-content\/uploads\/2023\/09\/cx-compact-hydraulic-cylinder-2-480x78.webp 480w\" sizes=\"(min-width: 0px) and (max-width: 480px) 480px, (min-width: 481px) 730px, 100vw\" \/>\u00a0<\/strong><\/h2>\n<h2><strong>CX-sarjan homotaksiaalinen kompakti hydraulisylinteri <\/strong><strong>Ominaisuudet<\/strong>:<\/h2>\n<h2><strong><img loading=\"lazy\" decoding=\"async\" class=\"alignnone wp-image-1270 size-full\" src=\"https:\/\/hydraulic-cylinders.net\/wp-content\/uploads\/2023\/09\/cx-compact-hydraulic-cylinder-3.webp\" alt=\"\" width=\"730\" height=\"87\" srcset=\"https:\/\/hydraulic-cylinders.net\/wp-content\/uploads\/2023\/09\/cx-compact-hydraulic-cylinder-3.webp 730w, https:\/\/hydraulic-cylinders.net\/wp-content\/uploads\/2023\/09\/cx-compact-hydraulic-cylinder-3-480x57.webp 480w\" sizes=\"(min-width: 0px) and (max-width: 480px) 480px, (min-width: 481px) 730px, 100vw\" \/>\u00a0<\/strong><\/h2>\n<h2><strong>CX-sarjan homotaksiaalinen kompakti hydraulisylinterin parametri:<\/strong><\/h2>\n<h2><strong><img loading=\"lazy\" decoding=\"async\" class=\"alignnone wp-image-1271 size-full\" src=\"https:\/\/hydraulic-cylinders.net\/wp-content\/uploads\/2023\/09\/cx-compact-hydraulic-cylinder-4.webp\" alt=\"\" width=\"730\" height=\"878\" srcset=\"https:\/\/hydraulic-cylinders.net\/wp-content\/uploads\/2023\/09\/cx-compact-hydraulic-cylinder-4.webp 730w, https:\/\/hydraulic-cylinders.net\/wp-content\/uploads\/2023\/09\/cx-compact-hydraulic-cylinder-4-480x577.webp 480w\" sizes=\"(min-width: 0px) and (max-width: 480px) 480px, (min-width: 481px) 730px, 100vw\" \/><\/strong><\/h2>\n<h2><strong>CX-sarjan homotaksiaalinen kompakti hydraulisylinteri <\/strong><strong>T\u00e4rkeimm\u00e4t ominaisuudet ja edut<\/strong><strong>:<\/strong><\/h2>\n<ol>\n<li><strong>Kompakti muotoilu:<\/strong>\n<ul>\n<li>CX-sarjan koaksiaaliset kompaktit hydraulisylinterit on suunniteltu viem\u00e4\u00e4n mahdollisimman v\u00e4h\u00e4n tilaa, joten ne sopivat erinomaisesti sovelluksiin, joissa asennustilaa on rajoitetusti.<\/li>\n<li>Sen kompakti koko mahdollistaa saumattoman integroinnin erilaisiin laitteisiin ja mekaanisiin asetuksiin.<\/li>\n<\/ul>\n<\/li>\n<li><strong>Tarkka ohjaus:<\/strong>\n<ul>\n<li>T\u00e4m\u00e4 hydraulisylinteri tarjoaa erinomaisen liikkeen ja paikannuksen hallinnan, mik\u00e4 mahdollistaa tarkan ja tehokkaan toiminnan.<\/li>\n<li>Tarkka ohjausmekanismi varmistaa sujuvan ja hallittavan liikkeen ja parantaa tuotannon kokonaistehokkuutta.<\/li>\n<\/ul>\n<\/li>\n<li><strong>Korkea suorituskyky:<\/strong>\n<ul>\n<li>CX-sarjan koaksiaalinen kompakti hydraulisylinterirakenne tarjoaa tehokkaan voimansiirron.<\/li>\n<li>Se kest\u00e4\u00e4 raskaita kuormia ja vaativia teollisuussovelluksia varmistaen luotettavan ja tasaisen suorituskyvyn.<\/li>\n<\/ul>\n<\/li>\n<li><strong>Monipuoliset sovellukset:<\/strong>\n<ul>\n<li>CX-sarjan koaksiaaliset kompaktit hydraulisylinterit on suunniteltu monik\u00e4ytt\u00f6isiin sovelluksiin teollisuudessa, materiaalink\u00e4sittelyss\u00e4, rakentamisessa ja muilla teollisuudenaloilla.<\/li>\n<li>Sit\u00e4 voidaan k\u00e4ytt\u00e4\u00e4 erilaisissa laitteissa, kuten puristimissa, puristimissa, kuormaajissa jne.<\/li>\n<\/ul>\n<\/li>\n<\/ol>\n<h2><strong>CX-sarjan homotaksiaalinen kompakti hydraulisylinteri <\/strong><strong>K\u00e4ytt\u00f6menetelm\u00e4<\/strong><strong>:<\/strong><\/h2>\n<ol>\n<li><strong>Asennus ja asennus:<\/strong>\n<ul>\n<li>M\u00e4\u00e4rit\u00e4 CX-sarjan koaksiaalisten kompaktien hydraulisylintereiden sopiva asennuspaikka laitteesi tai koneesi erityisvaatimusten perusteella.<\/li>\n<li>Varmista, ett\u00e4 asennusalusta on tukeva ja tasainen ja kest\u00e4\u00e4 turvallisesti sylinterin painon ja kuorman.<\/li>\n<\/ul>\n<\/li>\n<li><strong>Hydraulij\u00e4rjestelm\u00e4n liit\u00e4nt\u00e4:<\/strong>\n<ul>\n<li>Liit\u00e4 hydraulisylinteri hydraulij\u00e4rjestelm\u00e4\u00e4n yhteensopivalla hydrauliletkulla tai -putkella.<\/li>\n<li>Oikea kohdistus ja tiiviit liit\u00e4nn\u00e4t est\u00e4v\u00e4t vuodot ja varmistavat optimaalisen suorituskyvyn.<\/li>\n<\/ul>\n<\/li>\n<li><strong>Sylinterin k\u00e4ytt\u00f6:<\/strong>\n<ul>\n<li>K\u00e4ynnist\u00e4 hydraulij\u00e4rjestelm\u00e4 ja aloita CX-sarjan koaksiaalisen kompaktin hydraulisylinterin liike.<\/li>\n<li>Hydraulista ohjausj\u00e4rjestelm\u00e4\u00e4 k\u00e4ytet\u00e4\u00e4n sylinterin jatkeen, sis\u00e4\u00e4nvedon ja sijoittelun tarkkaan ohjaamiseen tehokkaan toiminnan saavuttamiseksi.<\/li>\n<\/ul>\n<\/li>\n<\/ol>\n<h2><strong>Kuinka irrottaa hydraulisylinteri etukuormaajasta?<\/strong><\/h2>\n<p>Hydraulisylinterin irrottaminen etukuormaajasta vaatii asianmukaista valmistelua ja varovaisuutta. T\u00e4ss\u00e4 on vaiheittainen opas, joka auttaa sinua prosessissa:<\/p>\n<ol>\n<li><strong>Varmista turvallisuus:<\/strong>\n<ul>\n<li>Ennen t\u00f6iden aloittamista pys\u00e4k\u00f6i etukuormaaja tasaiselle ja vakaalle alustalle.<\/li>\n<li>Kytke seisontajarru ja sammuta moottori vahingossa tapahtuvan liikkeen est\u00e4miseksi.<\/li>\n<\/ul>\n<\/li>\n<li><strong>Tunnista sylinteri:<\/strong>\n<ul>\n<li>Paikanna irrotettava hydraulisylinteri. Kuormaajan rakenteesta riippuen sylintereit\u00e4 voi olla useita.<\/li>\n<\/ul>\n<\/li>\n<li><strong>Hydraulisen paineen vapauttaminen:<\/strong>\n<ul>\n<li>V\u00e4ltt\u00e4\u00e4ksesi \u00e4killisen paineen vapautumisen, vapauta j\u00e4rjestelm\u00e4n hydraulinen paine. T\u00e4m\u00e4 vaihe on ratkaisevan t\u00e4rke\u00e4 turvallisuuden kannalta.<\/li>\n<li>K\u00e4ynnist\u00e4 kuormaajan moottori ja k\u00e4yt\u00e4 hydrauliikkaa siirt\u00e4\u00e4ksesi sylinterin m\u00e4nt\u00e4\u00e4 kokonaan yhteen suuntaan.<\/li>\n<li>Sammuta moottori ja vapauta j\u00e4\u00e4nn\u00f6spaine k\u00e4ytt\u00e4m\u00e4ll\u00e4 ohjaimia uudelleen.<\/li>\n<\/ul>\n<\/li>\n<li><strong>Irrota hydrauliikkaletkut:<\/strong>\n<ul>\n<li>Paikanna sylinteriin kytketyt hydrauliikkalinjat. Niiss\u00e4 on tyypillisesti sy\u00f6tt\u00f6linja ja paluulinja.<\/li>\n<li>Aseta tyhjennysastia sylinterin alle ker\u00e4\u00e4m\u00e4\u00e4n irrotuksen aikana mahdollisesti vuotava hydraulineste.<\/li>\n<li>Irrota hydrauliletkut varovasti sylinterist\u00e4 k\u00e4ytt\u00e4m\u00e4ll\u00e4 sopivia avaimia tai liittimi\u00e4. Varaudu mahdolliseen nesteen vuotoon.<\/li>\n<\/ul>\n<\/li>\n<li><strong>Tue sylinteri\u00e4:<\/strong>\n<ul>\n<li>Koska hydraulisylinterit voivat olla painavia, on t\u00e4rke\u00e4\u00e4 tukea niit\u00e4 ennen niiden irrottamista.<\/li>\n<li>K\u00e4yt\u00e4 tunkkia, palikoita tai muuta vakaata tukirakennetta sylinterin painon tukevaan kannatteluun.<\/li>\n<\/ul>\n<\/li>\n<li><strong>Irrota kiinnityspultit:<\/strong>\n<ul>\n<li>Tunnista kiinnityskohdat, joista sylinteri on kiinnitetty kuormaajan runkoon tai muihin osiin.<\/li>\n<li>Irrota sylinteri\u00e4 kiinnitt\u00e4v\u00e4t pultit tai tapit sopivilla ty\u00f6kaluilla, kuten jakoavaimilla tai hylsyill\u00e4.<\/li>\n<li>Pid\u00e4 kirjaa pulteista ja kaikista niihin liittyvist\u00e4 osista uudelleenasennusta varten.<\/li>\n<\/ul>\n<\/li>\n<li><strong>Irrota sylinteri varovasti:<\/strong>\n<ul>\n<li>Kun hydrauliikkaletkut on irrotettu ja kiinnityspultit irrotettu, liu'uta tai nosta sylinteri hitaasti ja varovasti pois asennusasennostaan.<\/li>\n<li>Ota huomioon sylinterin paino ja koko onnettomuuksien tai vammojen v\u00e4ltt\u00e4miseksi irrotuksen aikana.<\/li>\n<\/ul>\n<\/li>\n<li><strong>Tarkasta ja s\u00e4ilyt\u00e4:<\/strong>\n<ul>\n<li>Kun sylinteri on irrotettu, tarkista se mahdollisten vaurioiden, vuotojen tai liiallisen kulumisen varalta. T\u00e4m\u00e4 arviointi auttaa m\u00e4\u00e4ritt\u00e4m\u00e4\u00e4n, tarvitseeko sylinteri korjausta vai vaihtoa.<\/li>\n<li>Puhdista sylinteri ja s\u00e4ilyt\u00e4 sit\u00e4 puhtaassa ja kuivassa paikassa kontaminaation tai lis\u00e4vaurioiden est\u00e4miseksi.<\/li>\n<\/ul>\n<\/li>\n<\/ol>\n<h2><strong>Kiinan hydraulisylinterien valmistajat:<\/strong><\/h2>\n<p>HZPT on yritys, joka harjoittaa kompaktien hydraulisylintereiden tutkimus- ja kehitysty\u00f6t\u00e4 sek\u00e4 valmistusta. Se on johtavassa asemassa Kiinan hydraulisylintereiden markkinasegmentiss\u00e4. Vuonna 2020 sen kotimaan markkinaosuus oli noin 29%. Valmistamme teollisuusajoneuvojen kompakteja hydraulisylintereit\u00e4, nostokoneiden kompakteja hydraulisylintereit\u00e4, maatalouskoneiden hydraulisylintereit\u00e4 ja puhtaanapitokoneiden hydraulisylintereit\u00e4.<\/p>\n<p>Meill\u00e4 on ensiluokkainen itsen\u00e4inen kokoonpanoalusta. Kompaktissa hydraulisylinterien tuotantopajassa on nelj\u00e4 puoliautomaattista nostosylinterien kokoonpanolinjaa ja yksi t\u00e4ysautomaattinen kallistussylinterien kokoonpanolinja, joiden suunniteltu vuotuinen tuotantokapasiteetti on 1 miljoona kappaletta. Erikoissylinteripaja on varustettu erilaisilla puoliautomaattisilla puhdistus- ja kokoonpanoj\u00e4rjestelmill\u00e4, joiden suunniteltu vuotuinen tuotantokapasiteetti on 200 000 kappaletta. Siell\u00e4 on tunnettuja CNC-koneistuslaitteita, ty\u00f6st\u00f6keskuksia, erikoislaitteita tarkkuussylinterien ty\u00f6st\u00f6\u00f6n, robottihitsauskoneita, automaattisia puhdistuskoneita, automaattisia sylinterien kokoonpanokoneita ja automaattisia maalintuotantolinjoja. Meill\u00e4 on k\u00e4yt\u00f6ss\u00e4 yli 300 kriittist\u00e4 laitetta. Laitteiden optimoitu kohdentaminen ja tehokas k\u00e4ytt\u00f6 varmistavat tuotteiden tarkkuusvaatimukset ja t\u00e4ytt\u00e4v\u00e4t tuotteiden korkeat laatuvaatimukset.<\/p>\n<table>\n<tbody>\n<tr>\n<td><img loading=\"lazy\" decoding=\"async\" class=\"size-large wp-image-315926 aligncenter\" src=\"https:\/\/hzpt.com\/wp-content\/uploads\/2023\/08\/China-Hydraulic-Cylinder-Manufacturers-1-1024x768.webp\" sizes=\"(min-width: 0px) and (max-width: 480px) 480px, (min-width: 481px) and (max-width: 980px) 980px, (min-width: 981px) 1024px, 100vw\" srcset=\"https:\/\/hzpt.com\/wp-content\/uploads\/2023\/08\/China-Hydraulic-Cylinder-Manufacturers-1-1024x768.webp 1024w, https:\/\/hzpt.com\/wp-content\/uploads\/2023\/08\/China-Hydraulic-Cylinder-Manufacturers-1-980x735.webp 980w, https:\/\/hzpt.com\/wp-content\/uploads\/2023\/08\/China-Hydraulic-Cylinder-Manufacturers-1-480x360.webp 480w\" alt=\"Kiinan hydraulisylinterien valmistajat\" width=\"1024\" height=\"768\" \/><\/td>\n<td><img loading=\"lazy\" decoding=\"async\" class=\"size-large wp-image-315927 aligncenter\" src=\"https:\/\/hzpt.com\/wp-content\/uploads\/2023\/08\/China-Hydraulic-Cylinder-Manufacturers-2-1024x768.webp\" sizes=\"(min-width: 0px) and (max-width: 480px) 480px, (min-width: 481px) and (max-width: 980px) 980px, (min-width: 981px) 1024px, 100vw\" srcset=\"https:\/\/hzpt.com\/wp-content\/uploads\/2023\/08\/China-Hydraulic-Cylinder-Manufacturers-2-1024x768.webp 1024w, https:\/\/hzpt.com\/wp-content\/uploads\/2023\/08\/China-Hydraulic-Cylinder-Manufacturers-2-980x735.webp 980w, https:\/\/hzpt.com\/wp-content\/uploads\/2023\/08\/China-Hydraulic-Cylinder-Manufacturers-2-480x360.webp 480w\" alt=\"Kiinan hydraulisylinterien valmistajat\" width=\"1024\" height=\"768\" \/><\/td>\n<\/tr>\n<\/tbody>\n<\/table>\n<p>&nbsp;<\/p>\n<p>&nbsp;<\/p>","protected":false},"excerpt":{"rendered":"<p>CX Series Homotaxial Compact Hydraulic Cylinder The CX series homotaxial compact hydraulic cylinder is a cutting-edge hydraulic component designed to provide efficient and reliable power transmission in a wide range of industrial applications. With its compact design, superior performance, and durability, this hydraulic cylinder offers precise control and versatility. Whether used in manufacturing, material handling, [&hellip;]<\/p>","protected":false},"featured_media":1268,"comment_status":"open","ping_status":"closed","template":"","meta":{"_et_pb_use_builder":"","_et_pb_old_content":"","_et_gb_content_width":""},"product_brand":[],"product_cat":[1526,1550,1376],"product_tag":[1380],"class_list":{"0":"post-1266","1":"product","2":"type-product","3":"status-publish","4":"has-post-thumbnail","6":"product_cat-assembly-line-hydraulic-cylinders","7":"product_cat-double-acting-hydraulic-cylinder","8":"product_cat-hydraulic-cylinder","9":"product_tag-hydraulic-cylinder","11":"first","12":"instock","13":"shipping-taxable","14":"product-type-simple"},"amp_enabled":true,"_links":{"self":[{"href":"https:\/\/www.hydraulic-cylinders.net\/fi\/wp-json\/wp\/v2\/product\/1266","targetHints":{"allow":["GET"]}}],"collection":[{"href":"https:\/\/www.hydraulic-cylinders.net\/fi\/wp-json\/wp\/v2\/product"}],"about":[{"href":"https:\/\/www.hydraulic-cylinders.net\/fi\/wp-json\/wp\/v2\/types\/product"}],"replies":[{"embeddable":true,"href":"https:\/\/www.hydraulic-cylinders.net\/fi\/wp-json\/wp\/v2\/comments?post=1266"}],"wp:featuredmedia":[{"embeddable":true,"href":"https:\/\/www.hydraulic-cylinders.net\/fi\/wp-json\/wp\/v2\/media\/1268"}],"wp:attachment":[{"href":"https:\/\/www.hydraulic-cylinders.net\/fi\/wp-json\/wp\/v2\/media?parent=1266"}],"wp:term":[{"taxonomy":"product_brand","embeddable":true,"href":"https:\/\/www.hydraulic-cylinders.net\/fi\/wp-json\/wp\/v2\/product_brand?post=1266"},{"taxonomy":"product_cat","embeddable":true,"href":"https:\/\/www.hydraulic-cylinders.net\/fi\/wp-json\/wp\/v2\/product_cat?post=1266"},{"taxonomy":"product_tag","embeddable":true,"href":"https:\/\/www.hydraulic-cylinders.net\/fi\/wp-json\/wp\/v2\/product_tag?post=1266"}],"curies":[{"name":"wp","href":"https:\/\/api.w.org\/{rel}","templated":true}]}}