{"id":1272,"date":"2023-09-15T08:13:33","date_gmt":"2023-09-15T08:13:33","guid":{"rendered":"https:\/\/hydraulic-cylinders.net\/?post_type=product&#038;p=1272"},"modified":"2025-04-11T05:25:53","modified_gmt":"2025-04-11T05:25:53","slug":"cx-series-biaxial-compact-hydraulic-cylinder","status":"publish","type":"product","link":"https:\/\/www.hydraulic-cylinders.net\/fi\/tuote\/cx-series-biaxial-compact-hydraulic-cylinder\/","title":{"rendered":"CX-sarjan kaksiaksiaalinen kompakti hydraulisylinteri"},"content":{"rendered":"<h1 style=\"text-align: center;\"><strong>CX-sarjan kaksiaksiaalinen kompakti hydraulisylinteri<\/strong><\/h1>\n<p>cx-sarjan kaksiakselinen kompakti hydraulisylinteri on huippuluokan hydraulinen elementti, joka on suunniteltu tarjoamaan tehokasta ja luotettavaa voimansiirtoa erilaisiin teollisiin sovelluksiin. Kompaktin rakenteensa, erinomaisen suorituskykyns\u00e4 ja kest\u00e4vyytens\u00e4 ansiosta t\u00e4m\u00e4 hydraulisylinteri tarjoaa tarkkaa ohjausta ja monipuolisuutta. K\u00e4ytettiinp\u00e4 sit\u00e4 sitten valmistuksessa, materiaalink\u00e4sittelyss\u00e4 tai rakentamisessa, cx-sarjan kaksiakseliset kompaktit hydraulisylinterit on suunniteltu optimoimaan hydraulinen toiminta ja lis\u00e4\u00e4m\u00e4\u00e4n tuottavuutta.<\/p>\n<p>CX-sarjan kompakteja sylintereit\u00e4 k\u00e4ytet\u00e4\u00e4n sylinterien kiinnitt\u00e4miseen. Niiden asennus on pieni. Tehtaallamme on edistyneet hydrauliset laitteet, mukaan lukien pystysuora ja vaakasuora ty\u00f6st\u00f6keskus sek\u00e4 keskikokoiset ja suuret hydrauliset sylinterit. Ohuiden sylinterien tuotantoteknologia on erinomainen.<\/p>\n<p><img loading=\"lazy\" decoding=\"async\" class=\"wp-image-1275 aligncenter\" src=\"https:\/\/hydraulic-cylinders.net\/wp-content\/uploads\/2023\/09\/cx-compact-hydraulic-cylinder-1-300x300.webp\" alt=\"\" width=\"400\" height=\"400\" \/><\/p>\n<h2><strong>CX-sarjan kaksiaksiaalinen kompakti hydraulisylinteri Mallikuvaus:<\/strong><\/h2>\n<p><img loading=\"lazy\" decoding=\"async\" class=\"alignnone size-full wp-image-323127\" src=\"https:\/\/hzpt.com\/wp-content\/uploads\/2023\/09\/cx-compact-hydraulic-cylinder-2.webp\" alt=\"\" width=\"730\" height=\"119\" \/><\/p>\n<h2><strong>CX-sarjan kaksiaksiaalinen kompakti hydraulisylinteri <\/strong><strong>Ominaisuudet<\/strong>:<\/h2>\n<p><img loading=\"lazy\" decoding=\"async\" class=\"alignnone size-full wp-image-323128\" src=\"https:\/\/hzpt.com\/wp-content\/uploads\/2023\/09\/cx-compact-hydraulic-cylinder-3.webp\" alt=\"\" width=\"730\" height=\"87\" \/><\/p>\n<h2><strong>CX-sarjan kaksiaksiaalinen kompakti hydraulisylinterin parametri:<\/strong><\/h2>\n<p><img loading=\"lazy\" decoding=\"async\" class=\"alignnone wp-image-1274 size-full\" src=\"https:\/\/hydraulic-cylinders.net\/wp-content\/uploads\/2023\/09\/cx-compact-hydraulic-cylinder-5.webp\" alt=\"\" width=\"730\" height=\"871\" srcset=\"https:\/\/hydraulic-cylinders.net\/wp-content\/uploads\/2023\/09\/cx-compact-hydraulic-cylinder-5.webp 730w, https:\/\/hydraulic-cylinders.net\/wp-content\/uploads\/2023\/09\/cx-compact-hydraulic-cylinder-5-480x573.webp 480w\" sizes=\"(min-width: 0px) and (max-width: 480px) 480px, (min-width: 481px) 730px, 100vw\" \/><\/p>\n<h2><strong>CX-sarjan kaksiaksiaalinen kompakti hydraulisylinteri <\/strong><strong>T\u00e4rkeimm\u00e4t ominaisuudet ja edut<\/strong><strong>:<\/strong><\/h2>\n<ol>\n<li><strong>Kompakti muotoilu:<\/strong>\n<ul>\n<li>CX-sarjan kaksiakseliset kompaktit hydraulisylinterit on suunniteltu tilaa s\u00e4\u00e4st\u00e4v\u00e4ksi, mink\u00e4 ansiosta ne sopivat sovelluksiin, joissa on rajoitetusti asennustilaa.<\/li>\n<li>Kompaktin kokonsa ansiosta se on helppo integroida erilaisiin laiteasetuksiin, mik\u00e4 optimoi tilank\u00e4yt\u00f6n.<\/li>\n<\/ul>\n<\/li>\n<li><strong>Tarkka ohjaus:<\/strong>\n<ul>\n<li>T\u00e4m\u00e4 hydraulisylinteri tarjoaa erinomaisen liikkeen ja paikannuksen hallinnan, mik\u00e4 mahdollistaa tarkan ja tehokkaan toiminnan.<\/li>\n<li>Tarkka ohjausmekanismi varmistaa sujuvan ja hallittavan liikkeen ja parantaa tuotannon kokonaistehokkuutta.<\/li>\n<\/ul>\n<\/li>\n<li><strong>Korkea suorituskyky:<\/strong>\n<ul>\n<li>CX-sarjan kompaktit kaksiakseliset hydraulisylinterit on suunniteltu tarjoamaan tehokkaita voimansiirto-ominaisuuksia.<\/li>\n<li>Se kest\u00e4\u00e4 raskaita kuormia ja vaativia teollisuussovelluksia varmistaen luotettavan ja tasaisen suorituskyvyn.<\/li>\n<\/ul>\n<\/li>\n<li><strong>Monipuoliset sovellukset:<\/strong>\n<ul>\n<li>CX-sarjan kaksiakseliset kompaktit hydraulisylinterit on suunniteltu useille eri toimialoille, kuten valmistukseen, materiaalink\u00e4sittelyyn ja rakentamiseen.<\/li>\n<li>Sit\u00e4 voidaan k\u00e4ytt\u00e4\u00e4 erilaisissa laitteissa, kuten puristimissa, puristimissa, kuormaajissa jne.<\/li>\n<\/ul>\n<\/li>\n<\/ol>\n<h2><strong>CX-sarjan kaksiaksiaalinen kompakti hydraulisylinteri <\/strong><strong>K\u00e4ytt\u00f6menetelm\u00e4<\/strong><strong>:<\/strong><\/h2>\n<ol>\n<li><strong>Asennus ja asennus:<\/strong>\n<ul>\n<li>M\u00e4\u00e4rit\u00e4 CX-sarjan kaksiakselisen kompaktin hydraulisylinterin sopiva asennuspaikka laitteesi tai koneesi erityisvaatimusten perusteella.<\/li>\n<li>Varmista, ett\u00e4 asennusalusta on vahva, tasainen ja kest\u00e4\u00e4 turvallisesti sylinterin painon ja kuorman.<\/li>\n<\/ul>\n<\/li>\n<li><strong>Hydraulij\u00e4rjestelm\u00e4n liit\u00e4nt\u00e4:<\/strong>\n<ul>\n<li>Liit\u00e4 hydraulisylinteri hydraulij\u00e4rjestelm\u00e4\u00e4n yhteensopivalla hydrauliletkulla tai -putkella.<\/li>\n<li>Oikea kohdistus ja tiiviit liit\u00e4nn\u00e4t est\u00e4v\u00e4t vuodot ja varmistavat optimaalisen suorituskyvyn.<\/li>\n<\/ul>\n<\/li>\n<li><strong>Sylinterin k\u00e4ytt\u00f6:<\/strong>\n<ul>\n<li>K\u00e4ynnist\u00e4 hydrauliikkaj\u00e4rjestelm\u00e4 ja aloita CX-sarjan kompaktin kaksiakselisen hydraulisylinterin liike.<\/li>\n<\/ul>\n<\/li>\n<\/ol>\n<h2><strong>Kuinka vaihtaa tiivisteet hydraulisylinteriss\u00e4?<\/strong><\/h2>\n<p>Irrota hydraulisylinteri tuolista seuraavasti:<\/p>\n<ol>\n<li><strong>Valmistele ty\u00f6tila:<\/strong>\n<ul>\n<li>Tyhjenn\u00e4 tuolin ymp\u00e4rill\u00e4 oleva alue luodaksesi turvallisen ja esteett\u00f6m\u00e4n ty\u00f6tilan.<\/li>\n<li>Aseta lattialle suojapeite tai -liina, jotta tuoli tai sit\u00e4 ymp\u00e4r\u00f6iv\u00e4t pinnat eiv\u00e4t vahingoitu.<\/li>\n<\/ul>\n<\/li>\n<li><strong>Laske tuoli:<\/strong>\n<ul>\n<li>Laske tuoli alimpaan asentoonsa s\u00e4\u00e4t\u00f6vivulla tai ohjausmekanismilla.<\/li>\n<li>T\u00e4m\u00e4 vaihe varmistaa, ett\u00e4 sylinteri on t\u00e4ysin puristettu, mik\u00e4 helpottaa sen irrottamista.<\/li>\n<\/ul>\n<\/li>\n<li><strong>Paikanna sylinteri:<\/strong>\n<ul>\n<li>Tunnista tuolin hydraulisylinteri. Se sijaitsee tyypillisesti tuolin jalustan l\u00e4hell\u00e4 ja on kytketty istuimeen tai tuolin mekanismiin.<\/li>\n<\/ul>\n<\/li>\n<li><strong>Irrota tuolin istuin:<\/strong>\n<ul>\n<li>Jos tuolin istuin on irrotettava, etsi kiinnitysruuvit tai -pultit, jotka kiinnitt\u00e4v\u00e4t sen sylinteriin tai tuolin jalustaan.<\/li>\n<li>K\u00e4yt\u00e4 ruuvien tai pulttien irrottamiseen sopivaa ty\u00f6kalua, kuten ruuvimeisseli\u00e4 tai jakoavainta.<\/li>\n<li>Nosta istuin pois tuolista paljastaen hydraulisylinterin.<\/li>\n<\/ul>\n<\/li>\n<li><strong>Tue puheenjohtajaa:<\/strong>\n<ul>\n<li>Koska tuoli on ep\u00e4vakaa ilman istuinta, tue sit\u00e4 est\u00e4\u00e4ksesi sen kaatumisen.<\/li>\n<li>K\u00e4yt\u00e4 tukevaa esinett\u00e4, kuten laatikkoa tai puupalikkaa, tuolin j\u00e4ljell\u00e4 olevan rakenteen tukemiseen.<\/li>\n<\/ul>\n<\/li>\n<li><strong>Irrota sylinteri:<\/strong>\n<ul>\n<li>Tarkasta hydraulisylinterin ja tuolin mekanismin tai jalustan v\u00e4liset liitoskohdat.<\/li>\n<li>Tuolin suunnittelusta riippuen saatat l\u00f6yt\u00e4\u00e4 kiinnitystelineit\u00e4, klipsuja tai ruuveja, jotka kiinnitt\u00e4v\u00e4t sylinterin.<\/li>\n<li>Irrota kaikki sylinteri\u00e4 paikallaan pit\u00e4v\u00e4t kiinnikkeet sopivilla ty\u00f6kaluilla.<\/li>\n<li>Kun kiinnikkeet on irrotettu, ved\u00e4 tai heiluta sylinteri\u00e4 varovasti irrottaaksesi sen tuolista.<\/li>\n<\/ul>\n<\/li>\n<li><strong>Sylinterin vaihtaminen tai h\u00e4vitt\u00e4minen:<\/strong>\n<ul>\n<li>Jos vaihdat hydraulisylinteri\u00e4, varmista, ett\u00e4 sinulla on yhteensopiva vaihtosylinteri, joka vastaa vanhan sylinterin teknisi\u00e4 tietoja.<\/li>\n<li>Tarvittaessa ota yhteytt\u00e4 tuolin valmistajaan tai ammattilaiseen saadaksesi oikeanlaisen vaihtosylinterin.<\/li>\n<li>Jos h\u00e4vit\u00e4t sylinterin, noudata paikallisia m\u00e4\u00e4r\u00e4yksi\u00e4 ja ohjeita asianmukaisesta h\u00e4vitt\u00e4misest\u00e4.<\/li>\n<\/ul>\n<\/li>\n<li><strong>Kokoa tuoli uudelleen:<\/strong>\n<ul>\n<li>Kiinnit\u00e4 tuolin istuin takaisin kohdistamalla ruuvinrei\u00e4t ja kiinnitt\u00e4m\u00e4ll\u00e4 ne sopivilla ruuveilla tai pulteilla, jos irrotit tuolin istuimen.<\/li>\n<li>Varmista, ett\u00e4 istuin on tukevasti kiinni ja vakaa ennen kuin k\u00e4yt\u00e4t tuolia uudelleen.<\/li>\n<\/ul>\n<\/li>\n<\/ol>\n<h2><strong>Tehtaan kapasiteetti ja kapasiteetti:<\/strong><\/h2>\n<h3>(1) Kokoonpano<\/h3>\n<p>Meill\u00e4 on ensiluokkainen riippumaton tutkimus- ja kehitysty\u00f6n kokoonpanoalusta. Hydraulisylinterien tuotantopajassa on nelj\u00e4 puoliautomaattista nostosylinterin kokoonpanolinjaa ja yksi automaattinen kallistussylinterin kokoonpanolinja, joiden suunniteltu vuotuinen tuotantokapasiteetti on 1 miljoona kappaletta. Erikoissylinterin ty\u00f6paja on varustettu erilaisilla eritelmill\u00e4 puoliautomaattisen puhdistusasennuksen kokoonpanoj\u00e4rjestelm\u00e4ll\u00e4, jonka suunniteltu vuotuinen tuotantokapasiteetti on 200 000, ja se on varustettu kuuluisilla CNC-ty\u00f6st\u00f6laitteilla, ty\u00f6st\u00f6keskuksella, korkean tarkkuuden sylinterin k\u00e4sittelyyn tarkoitetuilla erityislaitteilla, robottihitsauskoneella, automaattisella puhdistuslaitteella, automaattisella sylinterin kokoonpanokoneella ja automaattisella maalaustuotantolinjalla. Olemassa olevat kriittiset laitteet yli 300 sarjaa (sarjaa). Laiteresurssien optimaalinen kohdentaminen ja tehokas k\u00e4ytt\u00f6 varmistavat tuotteiden tarkkuusvaatimukset ja t\u00e4ytt\u00e4v\u00e4t tuotteiden laatuvaatimukset.<\/p>\n<p><img loading=\"lazy\" decoding=\"async\" class=\"alignnone wp-image-626\" src=\"https:\/\/hydraulic-cylinders.net\/wp-content\/uploads\/2023\/08\/hydraulic-cylinder-product-1-300x158.webp\" alt=\"\" width=\"495\" height=\"260\" srcset=\"https:\/\/hydraulic-cylinders.net\/wp-content\/uploads\/2023\/08\/hydraulic-cylinder-product-1-300x158.webp 495w, https:\/\/hydraulic-cylinders.net\/wp-content\/uploads\/2023\/08\/hydraulic-cylinder-product-1-480x252.webp 480w\" sizes=\"(min-width: 0px) and (max-width: 480px) 480px, (min-width: 481px) 495px, 100vw\" \/> <img loading=\"lazy\" decoding=\"async\" class=\"alignnone wp-image-627\" src=\"https:\/\/hydraulic-cylinders.net\/wp-content\/uploads\/2023\/08\/hydraulic-cylinder-product-2-300x189.webp\" alt=\"\" width=\"413\" height=\"260\" \/><\/p>\n<h3>(2) Koneistus<\/h3>\n<p>Ty\u00f6st\u00f6paja on varustettu r\u00e4\u00e4t\u00e4l\u00f6idyll\u00e4 kaltevalla kiskosorvauskeskuksella, ty\u00f6st\u00f6keskuksella, suurnopeus-hiontakoneella, hitsausrobotilla ja muilla vastaavilla laitteilla, joilla voidaan k\u00e4sitell\u00e4 sylinteriputkia, joiden sis\u00e4halkaisija on enint\u00e4\u00e4n 400 mm ja enimm\u00e4ispituus on 6 metri\u00e4.<\/p>\n<p><img loading=\"lazy\" decoding=\"async\" class=\"alignnone wp-image-628 size-large\" src=\"https:\/\/hydraulic-cylinders.net\/wp-content\/uploads\/2023\/08\/hydraulic-cylinder-product-3-1024x391.webp\" alt=\"\" width=\"1024\" height=\"391\" srcset=\"https:\/\/hydraulic-cylinders.net\/wp-content\/uploads\/2023\/08\/hydraulic-cylinder-product-3-980x374.webp 980w, https:\/\/hydraulic-cylinders.net\/wp-content\/uploads\/2023\/08\/hydraulic-cylinder-product-3-480x183.webp 480w\" sizes=\"(min-width: 0px) and (max-width: 480px) 480px, (min-width: 481px) and (max-width: 980px) 980px, (min-width: 981px) 1024px, 100vw\" \/><\/p>\n<h3>(3) Hitsaus<\/h3>\n<p><img loading=\"lazy\" decoding=\"async\" class=\"alignnone wp-image-629 size-large\" src=\"https:\/\/hydraulic-cylinders.net\/wp-content\/uploads\/2023\/08\/hydraulic-cylinder-product-4-1024x510.webp\" alt=\"\" width=\"1024\" height=\"510\" srcset=\"https:\/\/hydraulic-cylinders.net\/wp-content\/uploads\/2023\/08\/hydraulic-cylinder-product-4-980x488.webp 980w, https:\/\/hydraulic-cylinders.net\/wp-content\/uploads\/2023\/08\/hydraulic-cylinder-product-4-480x239.webp 480w\" sizes=\"(min-width: 0px) and (max-width: 480px) 480px, (min-width: 481px) and (max-width: 980px) 980px, (min-width: 981px) 1024px, 100vw\" \/><\/p>\n<h3>(4) Maalaus ja pinnoitus<\/h3>\n<p>Pienill\u00e4 ja keskisuurilla sylinterin automaattisilla vesipohjaisilla maalipinnoituslinjoilla automaattisen robotin lastaus- ja purku- ja automaattisen ruiskutuksen saavuttamiseksi, suunnittelukapasiteetti on 4000 kappaletta vuorossa;<br \/>\nMeill\u00e4 on my\u00f6s puoliautomaattinen maalauslinja suurille sylintereille, joka toimii voimaketjulla ja jonka suunnittelukapasiteetti on 60 laatikkoa ty\u00f6vuorossa.<\/p>\n<p><img loading=\"lazy\" decoding=\"async\" class=\"alignnone wp-image-630\" src=\"https:\/\/hydraulic-cylinders.net\/wp-content\/uploads\/2023\/08\/hydraulic-cylinder-product-5-300x213.webp\" alt=\"\" width=\"366\" height=\"260\" \/> <img loading=\"lazy\" decoding=\"async\" class=\"alignnone wp-image-631\" src=\"https:\/\/hydraulic-cylinders.net\/wp-content\/uploads\/2023\/08\/hydraulic-cylinder-product-6-300x225.webp\" alt=\"\" width=\"347\" height=\"260\" \/><\/p>\n<h3>(5) Testaus<\/h3>\n<p>Meill\u00e4 on ensiluokkaiset tarkastustilat ja testialustat, joilla varmistetaan, ett\u00e4 sylinterin suorituskyky t\u00e4ytt\u00e4\u00e4 vaatimukset.<\/p>\n<p><img loading=\"lazy\" decoding=\"async\" class=\"alignnone wp-image-632\" src=\"https:\/\/hydraulic-cylinders.net\/wp-content\/uploads\/2023\/08\/hydraulic-cylinder-product-8-300x200.webp\" alt=\"\" width=\"389\" height=\"260\" \/><\/p>\n<p>&nbsp;<\/p>\n<p>&nbsp;<\/p>\n<p>Olemme yksi parhaista kompaktien hydraulisylinterien valmistajista. Meill\u00e4 on kattava valikoima kompakteja hydraulisylintereit\u00e4. Tarjoamme my\u00f6s vastaavia <a href=\"https:\/\/hzpt.com\/agricultural-pto-gearbox\/\" target=\"_blank\" rel=\"noopener\">maatalousvaihteistot<\/a>Olemme vieneet tuotteitamme asiakkaille maailmanlaajuisesti ja ansainneet hyv\u00e4n maineen erinomaisen tuotelaadun ja huoltopalvelumme ansiosta. Toivotamme tervetulleeksi asiakkaat kotimaassa ja ulkomailla ottamaan meihin yhteytt\u00e4 neuvotellakseen liiketoimista, vaihtaakseen tietoja ja <a href=\"https:\/\/www.hydraulic-cylinders.net\/fi\/contact-us\/\">tehd\u00e4 yhteisty\u00f6t\u00e4 kanssamme<\/a>!<\/p>\n<p>&nbsp;<\/p>","protected":false},"excerpt":{"rendered":"<p>CX Series Biaxial Compact Hydraulic Cylinder The cx Series two-axis compact hydraulic cylinder is a cutting-edge hydraulic element designed to provide efficient and reliable power transmission for a variety of industrial applications. With its compact design, superior performance and durability, this hydraulic cylinder offers precise control and versatility. Whether used in manufacturing, material handling or [&hellip;]<\/p>","protected":false},"featured_media":1276,"comment_status":"open","ping_status":"closed","template":"","meta":{"_et_pb_use_builder":"","_et_pb_old_content":"","_et_gb_content_width":""},"product_brand":[],"product_cat":[1526,1550,1376],"product_tag":[1380],"class_list":{"0":"post-1272","1":"product","2":"type-product","3":"status-publish","4":"has-post-thumbnail","6":"product_cat-assembly-line-hydraulic-cylinders","7":"product_cat-double-acting-hydraulic-cylinder","8":"product_cat-hydraulic-cylinder","9":"product_tag-hydraulic-cylinder","11":"first","12":"instock","13":"shipping-taxable","14":"product-type-simple"},"amp_enabled":true,"_links":{"self":[{"href":"https:\/\/www.hydraulic-cylinders.net\/fi\/wp-json\/wp\/v2\/product\/1272","targetHints":{"allow":["GET"]}}],"collection":[{"href":"https:\/\/www.hydraulic-cylinders.net\/fi\/wp-json\/wp\/v2\/product"}],"about":[{"href":"https:\/\/www.hydraulic-cylinders.net\/fi\/wp-json\/wp\/v2\/types\/product"}],"replies":[{"embeddable":true,"href":"https:\/\/www.hydraulic-cylinders.net\/fi\/wp-json\/wp\/v2\/comments?post=1272"}],"wp:featuredmedia":[{"embeddable":true,"href":"https:\/\/www.hydraulic-cylinders.net\/fi\/wp-json\/wp\/v2\/media\/1276"}],"wp:attachment":[{"href":"https:\/\/www.hydraulic-cylinders.net\/fi\/wp-json\/wp\/v2\/media?parent=1272"}],"wp:term":[{"taxonomy":"product_brand","embeddable":true,"href":"https:\/\/www.hydraulic-cylinders.net\/fi\/wp-json\/wp\/v2\/product_brand?post=1272"},{"taxonomy":"product_cat","embeddable":true,"href":"https:\/\/www.hydraulic-cylinders.net\/fi\/wp-json\/wp\/v2\/product_cat?post=1272"},{"taxonomy":"product_tag","embeddable":true,"href":"https:\/\/www.hydraulic-cylinders.net\/fi\/wp-json\/wp\/v2\/product_tag?post=1272"}],"curies":[{"name":"wp","href":"https:\/\/api.w.org\/{rel}","templated":true}]}}