{"id":1426,"date":"2023-09-18T08:57:49","date_gmt":"2023-09-18T08:57:49","guid":{"rendered":"https:\/\/hydraulic-cylinders.net\/?post_type=product&#038;p=1426"},"modified":"2025-04-11T03:49:46","modified_gmt":"2025-04-11T03:49:46","slug":"50-100-double-acting-single-axis-mdc-series-compact-mold-cylinder","status":"publish","type":"product","link":"https:\/\/www.hydraulic-cylinders.net\/fi\/tuote\/50-100-double-acting-single-axis-mdc-series-compact-mold-cylinder\/","title":{"rendered":"50-100 kaksitoiminen yksiakselinen MDC-sarjan kompakti muottisylinteri"},"content":{"rendered":"<h1 style=\"text-align: center;\"><strong>50-100 kaksitoiminen yksiakselinen MDC-sarjan kompakti muottisylinteri<\/strong><\/h1>\n<p>The double acting single axis MDC Series compact mold cylinder is an advanced hydraulic cylinder designed specifically for die applications. With its innovative features, reliable performance and compact design, this cylinder offers superior functionality and efficiency in a variety of industrial environments. Whether used in injection molding machines, die casting equipment, or other die-related applications, the double-acting single-axis MDC series compact mold cylinders provide precise control and optimal productivity.<\/p>\n<p>\u00b7 MDC on kompakti hydraulisylinteri (cx), jossa on s\u00e4hk\u00f6rasia ja m\u00e4nn\u00e4nvarsi muotin neutronien sijainnin tarkkaa ohjaamista varten.<br \/>\n\u00b7 Hydraulisylinteri, joka soveltuu muovimuottiin.<\/p>\n<p><img loading=\"lazy\" decoding=\"async\" class=\"aligncenter wp-image-323260\" src=\"https:\/\/hzpt.com\/wp-content\/uploads\/2023\/09\/mdc-compact-hydraulic-cylinder-9.webp\" alt=\"kaksitoiminen-yksiakselinen-kompakti-muottisylinteri\" width=\"400\" height=\"400\" \/><\/p>\n<h2><strong>Kompakti muottisylinterimallin kuvaus:<\/strong><\/h2>\n<p><img loading=\"lazy\" decoding=\"async\" class=\"alignnone size-full wp-image-323234\" src=\"https:\/\/hzpt.com\/wp-content\/uploads\/2023\/09\/mdc-compact-hydraulic-cylinder-2.webp\" alt=\"\" width=\"966\" height=\"882\" \/><\/p>\n<h2><strong>Kompakti muottisylinterin ominaisuudet:<\/strong><\/h2>\n<p><img loading=\"lazy\" decoding=\"async\" class=\"alignnone size-full wp-image-323236\" src=\"https:\/\/hzpt.com\/wp-content\/uploads\/2023\/09\/mdc-compact-hydraulic-cylinder-3-1.webp\" alt=\"\" width=\"899\" height=\"262\" \/><\/p>\n<h2><strong>Kompakti muottisylinterin rakennekaavio:<\/strong><\/h2>\n<p><img loading=\"lazy\" decoding=\"async\" class=\"alignnone size-full wp-image-323250\" src=\"https:\/\/hzpt.com\/wp-content\/uploads\/2023\/09\/mdc-compact-hydraulic-cylinder-4-1.webp\" alt=\"\" width=\"737\" height=\"808\" \/><\/p>\n<h2><strong>M\u00e4nn\u00e4nvarren liit\u00e4nt\u00e4kokokaavio:<\/strong><\/h2>\n<p><img loading=\"lazy\" decoding=\"async\" class=\"alignnone size-large wp-image-323239\" src=\"https:\/\/hzpt.com\/wp-content\/uploads\/2023\/09\/mdc-compact-hydraulic-cylinder-5-787x1024.webp\" alt=\"\" width=\"787\" height=\"1024\" \/><\/p>\n<h2><strong>S\u00e4hk\u00f6rasian soljen asento, \u00f6ljyportin asento ja jakelupistokkeen asento:<\/strong><\/h2>\n<p><img loading=\"lazy\" decoding=\"async\" class=\"alignnone size-large wp-image-323241\" src=\"https:\/\/hzpt.com\/wp-content\/uploads\/2023\/09\/mdc-compact-hydraulic-cylinder-6-616x1024.webp\" alt=\"\" width=\"616\" height=\"1024\" \/><\/p>\n<h2><strong>50-100 Double Acting Single Axis MDC Series Compact Mold Cylinder Parameter:<\/strong><\/h2>\n<p><img loading=\"lazy\" decoding=\"async\" class=\"alignnone size-large wp-image-323264\" src=\"https:\/\/hzpt.com\/wp-content\/uploads\/2023\/09\/mdc-compact-hydraulic-cylinder-9-1-1-857x1024.webp\" alt=\"\" width=\"857\" height=\"1024\" \/><\/p>\n<h2><strong>50-100 kaksitoiminen yksiakselinen MDC-sarjan kompakti muottisylinteri <\/strong><strong>Keskeiset ominaisuudet ja edut<\/strong><strong>:<\/strong><\/h2>\n<ol>\n<li><strong>Kaksitoiminen rakenne:<\/strong>\n<ul>\n<li>The double-acting single-axis MDC series compact cylinders operate in both directions, allowing two-way movement.<\/li>\n<li>T\u00e4m\u00e4 rakenne voi tehokkaasti ja tarkasti ohjata muotin avautumis- ja sulkeutumistoimintaa ja parantaa toiminnan joustavuutta.<\/li>\n<\/ul>\n<\/li>\n<li><strong>Yhden akselin kokoonpano:<\/strong>\n<ul>\n<li>This cylinder is designed for uniaxial motion, providing straight-line motion in a single direction.<\/li>\n<li>The single-axis configuration simplifies installation and operation, making it suitable for various die applications.<\/li>\n<\/ul>\n<\/li>\n<li><strong>Kompakti ja tilaa s\u00e4\u00e4st\u00e4v\u00e4:<\/strong>\n<ul>\n<li>The MDC Series compact mold cylinders&#8217; compact design optimizes the mold system&#8217;s space utilization with limited clearance.<\/li>\n<li>Sen tilaa s\u00e4\u00e4st\u00e4v\u00e4 rakenne voidaan helposti integroida ahtaisiin tiloihin, mik\u00e4 varmistaa k\u00e4ytett\u00e4viss\u00e4 olevan ty\u00f6tilan tehokkaan k\u00e4yt\u00f6n.<\/li>\n<\/ul>\n<\/li>\n<li><strong>Korkea tarkkuus ja vakaus:<\/strong>\n<ul>\n<li>The cylinder provides precise and stable movement, ensuring accurate control of mold action during manufacturing.<\/li>\n<li>Se tarjoaa yhdenmukaisia \u200b\u200bja toistettavia tuloksia, jotka lopulta edist\u00e4v\u00e4t korkealaatuista tuotantoa ja v\u00e4hent\u00e4v\u00e4t j\u00e4tett\u00e4.<\/li>\n<\/ul>\n<\/li>\n<\/ol>\n<h2><strong>Kuinka vaikeaa on rakentaa hydraulisylinteri uudelleen?<\/strong><\/h2>\n<p>Hydraulisylinterin uudelleenrakentaminen voi olla monimutkainen teht\u00e4v\u00e4, joka vaatii mekaanista tiet\u00e4myst\u00e4, kokemusta ja oikeat ty\u00f6kalut. Prosessin vaikeustaso voi vaihdella sylinterin erityisest\u00e4 suunnittelusta ja kunnosta riippuen. T\u00e4ss\u00e4 on joitakin huomioon otettavia tekij\u00f6it\u00e4:<\/p>\n<ol>\n<li><strong>Asiantuntemus ja kokemus:<\/strong><br \/>\nRebuilding a hydraulic cylinder requires a good understanding of its components, functionality, and assembly. The process may be more manageable if you have experience working with hydraulic systems or have previously rebuilt hydraulic cylinders. However, if you&#8217;re new to hydraulic systems, seeking professional assistance or guidance is recommended.<\/li>\n<li><strong>Sylinterin suunnittelu:<\/strong><br \/>\nHydraulisylinterin uudelleenrakentamisen monimutkaisuus voi riippua sen suunnittelusta. Joillakin sylintereill\u00e4 on suoraviivaisempi rakenne ja v\u00e4hemm\u00e4n sis\u00e4isi\u00e4 komponentteja, mik\u00e4 tekee niiden uudelleenrakentamisesta suhteellisen helppoa. Kehittyneemm\u00e4t tekniikat, kuten useassa vaiheessa tai integroiduilla ominaisuuksilla varustetut, voivat kuitenkin olla monimutkaisempia ja haastavampia purkaa, tiivist\u00e4\u00e4 ja koota oikein.<\/li>\n<li><strong>Sylinterin kunto:<\/strong><br \/>\nHydraulisylinterin yleinen kunto vaikuttaa my\u00f6s korjausprosessiin. Jos sylinteriss\u00e4 on vakavia vaurioita, laajaa kulumista tai korroosiota, se saattaa vaatia lis\u00e4korjauksia tai osien vaihtoa, mik\u00e4 voi lis\u00e4t\u00e4 korjausty\u00f6n monimutkaisuutta. Sylinterin kunnon arviointi etuk\u00e4teen auttaa m\u00e4\u00e4ritt\u00e4m\u00e4\u00e4n tarvittavan ty\u00f6n m\u00e4\u00e4r\u00e4n.<\/li>\n<li><strong>Ty\u00f6kalut ja laitteet:<\/strong><br \/>\nHydraulisylinterin uudelleenrakentaminen vaatii usein erikoisty\u00f6kaluja ja -laitteita. N\u00e4it\u00e4 ovat hydrauliset puristimet, tiivisteiden asennusty\u00f6kalut, lukkorengaspihdit ja momenttiavaimet. Tarvittavien ty\u00f6kalujen hallussapito ja niiden oikean k\u00e4yt\u00f6n osaaminen on ratkaisevan t\u00e4rke\u00e4\u00e4 onnistuneen uudelleenrakennuksen kannalta.<\/li>\n<li><strong>Tiivisteen vaihto ja kokoaminen:<\/strong><br \/>\nYksi hydraulisylinterin uudelleenrakentamisen kriittisist\u00e4 vaiheista on tiivisteiden vaihtaminen. Tiivisteiden oikean valinnan ja asennuksen varmistaminen on ratkaisevan t\u00e4rke\u00e4\u00e4 moitteettoman toiminnan ja vuotojen est\u00e4misen kannalta. Se vaatii tarkkuutta ja yksityiskohtien huomioimista. Lis\u00e4ksi sylinterin osien kokoaminen oikeassa j\u00e4rjestyksess\u00e4 ja kohdistuksessa on ratkaisevan t\u00e4rke\u00e4\u00e4 sen optimaalisen suorituskyvyn kannalta.<\/li>\n<li><strong>Testaus ja varmennus:<\/strong><br \/>\nHydraulisylinterin uudelleenrakentamisen j\u00e4lkeen on t\u00e4rke\u00e4\u00e4 suorittaa perusteellinen testaus sen varmistamiseksi, ett\u00e4 se toimii tarkoitetulla tavalla. T\u00e4m\u00e4 voi sis\u00e4lt\u00e4\u00e4 painekokeen, vuotojen tarkistamisen sek\u00e4 sylinterin liikeradan ja suorituskyvyn tarkistamisen. Asianmukainen testaus auttaa tunnistamaan ongelmat ja varmistaa, ett\u00e4 sylinteri on turvallinen ja luotettava.<\/li>\n<\/ol>\n<h2><strong>Tehtaan kapasiteetti ja kapasiteetti:<\/strong><\/h2>\n<h3>(1) Kokoonpano<\/h3>\n<p>Meill\u00e4 on ensiluokkainen riippumaton tutkimus- ja kehitysty\u00f6n kokoonpanoalusta. Hydraulisylinterien tuotantopajassa on nelj\u00e4 puoliautomaattista nostosylinterin kokoonpanolinjaa ja yksi automaattinen kallistussylinterin kokoonpanolinja, joiden suunniteltu vuotuinen tuotantokapasiteetti on 1 miljoona kappaletta. Erikoissylinterin ty\u00f6paja on varustettu erilaisilla eritelmill\u00e4 puoliautomaattisen puhdistusasennuksen kokoonpanoj\u00e4rjestelm\u00e4ll\u00e4, jonka suunniteltu vuotuinen tuotantokapasiteetti on 200 000, ja se on varustettu kuuluisilla CNC-ty\u00f6st\u00f6laitteilla, ty\u00f6st\u00f6keskuksella, korkean tarkkuuden sylinterin k\u00e4sittelyyn tarkoitetuilla erityislaitteilla, robottihitsauskoneella, automaattisella puhdistuslaitteella, automaattisella sylinterin kokoonpanokoneella ja automaattisella maalaustuotantolinjalla. Olemassa olevat kriittiset laitteet yli 300 sarjaa (sarjaa). Laiteresurssien optimaalinen kohdentaminen ja tehokas k\u00e4ytt\u00f6 varmistavat tuotteiden tarkkuusvaatimukset ja t\u00e4ytt\u00e4v\u00e4t tuotteiden laatuvaatimukset.<\/p>\n<p><img loading=\"lazy\" decoding=\"async\" class=\"alignnone wp-image-626\" src=\"https:\/\/hydraulic-cylinders.net\/wp-content\/uploads\/2023\/08\/hydraulic-cylinder-product-1-300x158.webp\" alt=\"\" width=\"495\" height=\"260\" srcset=\"https:\/\/hydraulic-cylinders.net\/wp-content\/uploads\/2023\/08\/hydraulic-cylinder-product-1-300x158.webp 495w, https:\/\/hydraulic-cylinders.net\/wp-content\/uploads\/2023\/08\/hydraulic-cylinder-product-1-480x252.webp 480w\" sizes=\"(min-width: 0px) and (max-width: 480px) 480px, (min-width: 481px) 495px, 100vw\" \/> <img loading=\"lazy\" decoding=\"async\" class=\"alignnone wp-image-627\" src=\"https:\/\/hydraulic-cylinders.net\/wp-content\/uploads\/2023\/08\/hydraulic-cylinder-product-2-300x189.webp\" alt=\"\" width=\"413\" height=\"260\" \/><\/p>\n<h3>(2) Koneistus<\/h3>\n<p>Ty\u00f6st\u00f6paja on varustettu r\u00e4\u00e4t\u00e4l\u00f6idyll\u00e4 kaltevalla kiskosorvauskeskuksella, ty\u00f6st\u00f6keskuksella, suurnopeus-hiontakoneella, hitsausrobotilla ja muilla vastaavilla laitteilla, joilla voidaan k\u00e4sitell\u00e4 sylinteriputkia, joiden sis\u00e4halkaisija on enint\u00e4\u00e4n 400 mm ja enimm\u00e4ispituus on 6 metri\u00e4.<\/p>\n<p><img loading=\"lazy\" decoding=\"async\" class=\"alignnone wp-image-628 size-large\" src=\"https:\/\/hydraulic-cylinders.net\/wp-content\/uploads\/2023\/08\/hydraulic-cylinder-product-3-1024x391.webp\" alt=\"\" width=\"1024\" height=\"391\" srcset=\"https:\/\/hydraulic-cylinders.net\/wp-content\/uploads\/2023\/08\/hydraulic-cylinder-product-3-980x374.webp 980w, https:\/\/hydraulic-cylinders.net\/wp-content\/uploads\/2023\/08\/hydraulic-cylinder-product-3-480x183.webp 480w\" sizes=\"(min-width: 0px) and (max-width: 480px) 480px, (min-width: 481px) and (max-width: 980px) 980px, (min-width: 981px) 1024px, 100vw\" \/><\/p>\n<h3>(3) Hitsaus<\/h3>\n<p><img loading=\"lazy\" decoding=\"async\" class=\"alignnone wp-image-629 size-large\" src=\"https:\/\/hydraulic-cylinders.net\/wp-content\/uploads\/2023\/08\/hydraulic-cylinder-product-4-1024x510.webp\" alt=\"\" width=\"1024\" height=\"510\" srcset=\"https:\/\/hydraulic-cylinders.net\/wp-content\/uploads\/2023\/08\/hydraulic-cylinder-product-4-980x488.webp 980w, https:\/\/hydraulic-cylinders.net\/wp-content\/uploads\/2023\/08\/hydraulic-cylinder-product-4-480x239.webp 480w\" sizes=\"(min-width: 0px) and (max-width: 480px) 480px, (min-width: 481px) and (max-width: 980px) 980px, (min-width: 981px) 1024px, 100vw\" \/><\/p>\n<h3>(4) Maalaus ja pinnoitus<\/h3>\n<p>Pienill\u00e4 ja keskisuurilla sylinterin automaattisilla vesipohjaisilla maalipinnoituslinjoilla automaattisen robotin lastaus- ja purku- ja automaattisen ruiskutuksen saavuttamiseksi, suunnittelukapasiteetti on 4000 kappaletta vuorossa;<br \/>\nMeill\u00e4 on my\u00f6s puoliautomaattinen maalauslinja suurille sylintereille, joka toimii voimaketjulla ja jonka suunnittelukapasiteetti on 60 laatikkoa ty\u00f6vuorossa.<\/p>\n<p><img loading=\"lazy\" decoding=\"async\" class=\"alignnone wp-image-630\" src=\"https:\/\/hydraulic-cylinders.net\/wp-content\/uploads\/2023\/08\/hydraulic-cylinder-product-5-300x213.webp\" alt=\"\" width=\"366\" height=\"260\" \/> <img loading=\"lazy\" decoding=\"async\" class=\"alignnone wp-image-631\" src=\"https:\/\/hydraulic-cylinders.net\/wp-content\/uploads\/2023\/08\/hydraulic-cylinder-product-6-300x225.webp\" alt=\"\" width=\"347\" height=\"260\" \/><\/p>\n<h3>(5) Testaus<\/h3>\n<p>Meill\u00e4 on ensiluokkaiset tarkastustilat ja testialustat, joilla varmistetaan, ett\u00e4 sylinterin suorituskyky t\u00e4ytt\u00e4\u00e4 vaatimukset.<\/p>\n<p><img loading=\"lazy\" decoding=\"async\" class=\"alignnone wp-image-632\" src=\"https:\/\/hydraulic-cylinders.net\/wp-content\/uploads\/2023\/08\/hydraulic-cylinder-product-8-300x200.webp\" alt=\"\" width=\"389\" height=\"260\" \/><\/p>\n<p>&nbsp;<\/p>\n<p>&nbsp;<\/p>\n<p>Olemme yksi parhaista kompaktien hydraulisylinterien valmistajista. Meill\u00e4 on kattava valikoima kompakteja hydraulisylintereit\u00e4. Tarjoamme my\u00f6s vastaavia <a href=\"https:\/\/hzpt.com\/agricultural-pto-gearbox\/\" target=\"_blank\" rel=\"noopener\">maatalousvaihteistot<\/a>Olemme vieneet tuotteitamme asiakkaille maailmanlaajuisesti ja ansainneet hyv\u00e4n maineen erinomaisen tuotelaadun ja huoltopalvelumme ansiosta. Toivotamme tervetulleeksi asiakkaat kotimaassa ja ulkomailla ottamaan meihin yhteytt\u00e4 neuvotellakseen liiketoimista, vaihtaakseen tietoja ja <a href=\"https:\/\/www.hydraulic-cylinders.net\/fi\/contact-us\/\">tehd\u00e4 yhteisty\u00f6t\u00e4 kanssamme<\/a>!<\/p>\n<h2><\/h2>\n<h1 style=\"text-align: center;\"><\/h1>","protected":false},"excerpt":{"rendered":"<p>50-100 Double Acting Single Axis MDC Series Compact Mold Cylinder The double acting single axis MDC Series compact mold cylinder is an advanced hydraulic cylinder designed specifically for die applications. With its innovative features, reliable performance and compact design, this cylinder offers superior functionality and efficiency in a variety of industrial environments. Whether used in [&hellip;]<\/p>","protected":false},"featured_media":1427,"comment_status":"open","ping_status":"closed","template":"","meta":{"_et_pb_use_builder":"","_et_pb_old_content":"","_et_gb_content_width":""},"product_brand":[],"product_cat":[1550,1523,1376],"product_tag":[1380],"class_list":{"0":"post-1426","1":"product","2":"type-product","3":"status-publish","4":"has-post-thumbnail","6":"product_cat-double-acting-hydraulic-cylinder","7":"product_cat-injection-molding-hydraulic-cylinders","8":"product_cat-hydraulic-cylinder","9":"product_tag-hydraulic-cylinder","11":"first","12":"instock","13":"shipping-taxable","14":"product-type-simple"},"amp_enabled":true,"_links":{"self":[{"href":"https:\/\/www.hydraulic-cylinders.net\/fi\/wp-json\/wp\/v2\/product\/1426","targetHints":{"allow":["GET"]}}],"collection":[{"href":"https:\/\/www.hydraulic-cylinders.net\/fi\/wp-json\/wp\/v2\/product"}],"about":[{"href":"https:\/\/www.hydraulic-cylinders.net\/fi\/wp-json\/wp\/v2\/types\/product"}],"replies":[{"embeddable":true,"href":"https:\/\/www.hydraulic-cylinders.net\/fi\/wp-json\/wp\/v2\/comments?post=1426"}],"wp:featuredmedia":[{"embeddable":true,"href":"https:\/\/www.hydraulic-cylinders.net\/fi\/wp-json\/wp\/v2\/media\/1427"}],"wp:attachment":[{"href":"https:\/\/www.hydraulic-cylinders.net\/fi\/wp-json\/wp\/v2\/media?parent=1426"}],"wp:term":[{"taxonomy":"product_brand","embeddable":true,"href":"https:\/\/www.hydraulic-cylinders.net\/fi\/wp-json\/wp\/v2\/product_brand?post=1426"},{"taxonomy":"product_cat","embeddable":true,"href":"https:\/\/www.hydraulic-cylinders.net\/fi\/wp-json\/wp\/v2\/product_cat?post=1426"},{"taxonomy":"product_tag","embeddable":true,"href":"https:\/\/www.hydraulic-cylinders.net\/fi\/wp-json\/wp\/v2\/product_tag?post=1426"}],"curies":[{"name":"wp","href":"https:\/\/api.w.org\/{rel}","templated":true}]}}