{"id":14466,"date":"2024-12-12T08:46:30","date_gmt":"2024-12-12T08:46:30","guid":{"rendered":"https:\/\/www.hydraulic-cylinders.net\/product\/replacement-of-f670851-cylinder\/"},"modified":"2024-12-12T08:46:37","modified_gmt":"2024-12-12T08:46:37","slug":"replacement-of-f670851-cylinder","status":"publish","type":"product","link":"https:\/\/www.hydraulic-cylinders.net\/fi\/tuote\/replacement-of-f670851-cylinder\/","title":{"rendered":"F670851-sylinterin vaihto"},"content":{"rendered":"<h1>F670851-sylinterin vaihto<\/h1>\n<p>T\u00e4m\u00e4 hydraulisylinterin vaihto-osa on suunniteltu korvaamaan F670851-sylinteri. Sit\u00e4 k\u00e4ytet\u00e4\u00e4n raskaissa laitteissa ja koneissa hydraulivoiman tuottamiseen esimerkiksi raskaiden kuormien nostamiseen ja ty\u00f6nt\u00e4miseen. Sylinteri on hydraulij\u00e4rjestelm\u00e4n t\u00e4rke\u00e4 osa ja sill\u00e4 on ratkaiseva rooli laitteen sujuvan toiminnan varmistamisessa.<\/p>\n<h2>Tekniset tiedot ja malli<\/h2>\n<ul>\n<li>Paino: 20,7 kg<\/li>\n<li>Korkeus: 11 cm<\/li>\n<li>Leveys: 13,9 cm<\/li>\n<li>Pituus: 27 tuumaa<\/li>\n<li>Malli: F670851<\/li>\n<\/ul>\n<h2>Ominaisuudet<\/h2>\n<p>T\u00e4ss\u00e4 on joitakin hydraulisylinterin vaihtotuotteemme t\u00e4rkeimpi\u00e4 ominaisuuksia:<\/p>\n<ul>\n<li>\n<h3>Parannettu laitteiden suorituskyky<\/h3>\n<p>Vaurioituneen tai kuluneen hydraulisylinterin vaihtaminen voi palauttaa laitteen normaalin toimintakyvyn ja varmistaa sen suorituskyvyn erilaisissa sovelluksissa.<\/p>\n<\/li>\n<li>\n<h3>Parannettu turvallisuus<\/h3>\n<p>Hydraulisylinterin s\u00e4\u00e4nn\u00f6llinen vaihtaminen voi v\u00e4hent\u00e4\u00e4 sylinterivikojen aiheuttamia turvallisuusriskej\u00e4 ja varmistaa k\u00e4ytt\u00e4jien ja laitteiden turvallisuuden.<\/p>\n<\/li>\n<li>\n<h3>Ylikuormitussuoja<\/h3>\n<p>Uudet sylinterimallit sis\u00e4lt\u00e4v\u00e4t yleens\u00e4 paremmat ylikuormitussuojamekanismit, mik\u00e4 lis\u00e4\u00e4 turvallisuutta.<\/p>\n<\/li>\n<li>\n<h3>Nopea asennus<\/h3>\n<p>Nykyaikaisissa hydraulisylinterien malleissa otetaan usein huomioon asennuksen ja vaihdon helppous, mik\u00e4 v\u00e4hent\u00e4\u00e4 seisokkiaikoja.<\/p>\n<\/li>\n<li>\n<h3>Standardoidut komponentit<\/h3>\n<p>Monet hydraulisylinterit ovat standardoituja tuotteita, joten varaosien hankkiminen markkinoilta on helppoa.<\/p>\n<\/li>\n<\/ul>\n<p>Vaihtohydraulisylinterimme voi korvata n\u00e4m\u00e4 hydraulisylinterit t\u00e4ydellisesti.<\/p>\n<h2>Sovellukset<\/h2>\n<p>T\u00e4ss\u00e4 on esimerkkej\u00e4 hydraulisylinterin k\u00e4ytt\u00f6kohteista:<\/p>\n<ul>\n<li>\n<h3>Kaivinkone<\/h3>\n<p>Kaivinkoneen varren tai kauhan hydraulisylinteri voi vaurioitua pitk\u00e4aikaisen k\u00e4yt\u00f6n tai ylikuormituksen vuoksi, ja se on vaihdettava normaalin toiminnan palauttamiseksi.<\/p>\n<\/li>\n<li>\n<h3>Nosturi<\/h3>\n<p>Nosturin nostovarren hydraulisylinteri kuluu altis toistuvien nosto- ja laskutoimintojen aikana, ja se tulisi vaihtaa s\u00e4\u00e4nn\u00f6llisesti turvallisuuden varmistamiseksi.<\/p>\n<\/li>\n<li>\n<h3>Traktori<\/h3>\n<p>Traktorin etukuormaimen hydraulisylinteri voi vuotaa tai sen suorituskyky voi heikenty\u00e4 jatkuvien nosto- ja kallistustoimintojen vuoksi, ja se on vaihdettava.<\/p>\n<\/li>\n<li>\n<h3>Leikkuupuimuri<\/h3>\n<p>Sadonkorjuun aikana hydraulij\u00e4rjestelm\u00e4\u00e4n kohdistuu korkea paine, ja sylinteri voi vaurioitua v\u00e4symisen vuoksi, mik\u00e4 vaatii oikea-aikaista vaihtoa ty\u00f6tehon yll\u00e4pit\u00e4miseksi.<\/p>\n<\/li>\n<li>\n<h3>Automatisoitu tuotantolinja<\/h3>\n<p>Hydraulisylintereit\u00e4 k\u00e4ytet\u00e4\u00e4n robottik\u00e4sivarsien ja muiden automatisoitujen laitteiden ohjaamiseen. Jos sylinteri pett\u00e4\u00e4, se vaikuttaa tuotantotehokkuuteen ja vaatii v\u00e4litt\u00f6m\u00e4n vaihdon.<\/p>\n<\/li>\n<li>\n<h3>Painevalukone<\/h3>\n<p>Korkeassa paineessa ja l\u00e4mp\u00f6tilassa hydraulisylinterien suorituskyky voi heikenty\u00e4. S\u00e4\u00e4nn\u00f6llinen vaihto varmistaa tuotteen laadun.<\/p>\n<\/li>\n<li>\n<h3>Kaivoslaitteet<\/h3>\n<p>Hydraulisylintereit\u00e4 k\u00e4ytet\u00e4\u00e4n kaivoslaitteissa raskaiden kuormien nostamiseen ja siirt\u00e4miseen. Ankarien ty\u00f6olosuhteiden vuoksi ne vaativat s\u00e4\u00e4nn\u00f6llist\u00e4 tarkastusta ja vaihtoa laitteiden vikaantumisen v\u00e4ltt\u00e4miseksi.<\/p>\n<\/li>\n<li>\n<h3>Puskutraktori<\/h3>\n<p>Puskutraktorin ter\u00e4n hydraulisylinterin ty\u00f6nt\u00f6voima voi heikenty\u00e4 kulumisen vuoksi, mik\u00e4 vaatii oikea-aikaista vaihtoa toiminnan tehokkuuden yll\u00e4pit\u00e4miseksi.<\/p>\n<\/li>\n<\/ul>\n<p><img decoding=\"async\" src=\"https:\/\/www.hydraulic-cylinders.net\/wp-content\/uploads\/2024\/12\/Replacement-Of-John-Deere-Hydraulic-Cylinder-7.webp\" \/><\/p>\n<h2>Huolto<\/h2>\n<p>T\u00e4ss\u00e4 on joitakin yleisi\u00e4 hydraulisylinterin huoltoteht\u00e4vi\u00e4:<\/p>\n<ul>\n<li>\n<h3>S\u00e4\u00e4nn\u00f6llinen tarkastus<\/h3>\n<p>Hydraulisylinterin s\u00e4\u00e4nn\u00f6llinen tarkastus voi auttaa havaitsemaan mahdolliset ongelmat varhaisessa vaiheessa ja est\u00e4m\u00e4\u00e4n kalliita laitteiden seisokkeja.<\/p>\n<\/li>\n<li>\n<h3>Voitelu<\/h3>\n<p>Hydraulisylinterin asianmukainen voitelu voi pident\u00e4\u00e4 merkitt\u00e4v\u00e4sti sen k\u00e4ytt\u00f6ik\u00e4\u00e4 ja est\u00e4\u00e4 kitkan aiheuttamia vaurioita.<\/p>\n<\/li>\n<li>\n<h3>Tiivisteen vaihto ja kalibroinnin tarkistus<\/h3>\n<p>Kuluneiden tiivisteiden vaihtaminen ja kalibroinnin tarkistaminen voivat varmistaa hydraulisylinterin moitteettoman toiminnan.<\/p>\n<\/li>\n<\/ul>\n<p>On t\u00e4rke\u00e4\u00e4 antaa asianmukaista ohjausta sylinterin kohdistamiseen asennuksen aikana ja suositella sopivien tukirakenteiden k\u00e4ytt\u00f6\u00e4 sylinterin kiinnitt\u00e4miseksi paikalleen. Tarjoamme suositeltuja tarkastus-, korjaus- ja vaihtomenettelyj\u00e4, varaosia ja uudelleenrakennuspalveluita hydraulisylinterin k\u00e4ytt\u00f6i\u00e4n pident\u00e4miseksi.<\/p>\n<h2>Turvallisuus- ja ymp\u00e4rist\u00f6n\u00e4k\u00f6kohdat<\/h2>\n<p>On eritt\u00e4in t\u00e4rke\u00e4\u00e4 ottaa huomioon turvatoimenpiteet hydraulisylintereit\u00e4 k\u00e4ytett\u00e4ess\u00e4 onnettomuuksien ja vammojen v\u00e4ltt\u00e4miseksi. Ymp\u00e4rist\u00f6tekij\u00e4t on my\u00f6s otettava huomioon hydraulisylinterin asennuksen ja h\u00e4vitt\u00e4misen aikana.<\/p>\n<h2>Vianm\u00e4\u00e4ritys ja yleiset ongelmat<\/h2>\n<p>T\u00e4ss\u00e4 on joitakin yleisi\u00e4 ongelmia, joita voi ilmet\u00e4 hydraulisylintereit\u00e4 k\u00e4ytett\u00e4ess\u00e4:<\/p>\n<ul>\n<li>\n<h3>Vuotavat tiivisteet<\/h3>\n<p>Vuotavat tiivisteet ovat yleinen ongelma, ja ne voidaan ratkaista vaihtamalla tiivisteet.<\/p>\n<\/li>\n<li>\n<h3>Riitt\u00e4m\u00e4t\u00f6n voima<\/h3>\n<p>Jos sylinteri ei tuota vaadittua voimaa, syyn\u00e4 voivat olla kuluneet tiivisteet, vaurioitunut m\u00e4nt\u00e4 tai viallinen hydraulipumppu.<\/p>\n<\/li>\n<li>\n<h3>Meluisa toiminta<\/h3>\n<p>Meluisa k\u00e4ynti voi johtua alhaisesta \u00f6ljytasosta tai huonosta \u00f6ljynlaadusta, kuluneista laakereista tai vaurioituneesta m\u00e4nn\u00e4st\u00e4.<\/p>\n<\/li>\n<\/ul>\n<p>On t\u00e4rke\u00e4\u00e4 tarjota vianm\u00e4\u00e4ritysvinkkej\u00e4 ja -ratkaisuja, jotka auttavat lukijoita diagnosoimaan ja ratkaisemaan ongelmia tehokkaasti. Suosittelemme my\u00f6s ennaltaehk\u00e4isevi\u00e4 toimenpiteit\u00e4 mahdollisten ongelmien minimoimiseksi.<\/p>\n<p><img decoding=\"async\" src=\"https:\/\/www.hydraulic-cylinders.net\/wp-content\/uploads\/2024\/12\/Replacement-Of-John-Deere-Hydraulic-Cylinder-8.webp\" \/><\/p>\n<h2>Suunnittelun\u00e4k\u00f6kohdat ja valintakriteerit<\/h2>\n<p>Hydraulisylinterin suunnittelussa on otettava huomioon kuormankantokyky, tiiviys, kest\u00e4vyys, turvallisuus ja huollettavuus. N\u00e4iden tekij\u00f6iden huomioon ottaminen hydraulisylinteri\u00e4 vaihdettaessa on ratkaisevan t\u00e4rke\u00e4\u00e4.<\/p>\n<p>K\u00e4yt\u00e4mme erilaisia \u200b\u200btiivistetyyppej\u00e4, kuten m\u00e4nn\u00e4ntiivisteit\u00e4 ja varren tiivisteit\u00e4, jotka on valmistettu kulutusta kest\u00e4vist\u00e4 materiaaleista, kuten polyuretaanista ja nitriilikumista, luotettavan tiivistyksen varmistamiseksi. K\u00e4yt\u00e4mme my\u00f6s korkealaatuisia materiaaleja ja tarkkuusk\u00e4sittely\u00e4 sylinterin rungossa ja kierteiss\u00e4 parantaaksemme kulutuskest\u00e4vyytt\u00e4 ja kest\u00e4vyytt\u00e4. Asianmukainen voitelu ja s\u00e4\u00e4nn\u00f6llinen huolto voivat pident\u00e4\u00e4 hydraulisylinterin k\u00e4ytt\u00f6ik\u00e4\u00e4 merkitt\u00e4v\u00e4sti.<\/p>\n<p>On t\u00e4rke\u00e4\u00e4 antaa asianmukaista ohjausta hydraulisylinterin asennuksessa, mukaan lukien sylinterin kohdistaminen, asianmukaisten tukirakenteiden k\u00e4ytt\u00f6 ja hydraulij\u00e4rjestelm\u00e4n asianmukaisen kalibroinnin varmistaminen.<\/p>\n<h2>Yrityksen esittely<\/h2>\n<p>Olemme hydraulisylinterien vaihto-osien valmistaja, jolla on laaja tuotevalikoima. Olemme yksi johtavista hydraulisylinterien valmistajista ja tukkukauppiaista kotimaisilla ja kansainv\u00e4lisill\u00e4 markkinoilla.<\/p>\n<p>Yrityksemme tarjoaa ammattitaitoisia palveluita, sill\u00e4 on kansainv\u00e4liset sertifikaatit, se tarjoaa r\u00e4\u00e4t\u00e4l\u00f6inti\u00e4, k\u00e4ytt\u00e4\u00e4 edistyneit\u00e4 tuotantolaitteita ja tarjoaa erinomaista huoltopalvelua asiakastyytyv\u00e4isyyden varmistamiseksi.<\/p>\n<p><img decoding=\"async\" src=\"https:\/\/www.hydraulic-cylinders.net\/wp-content\/uploads\/2024\/12\/hydraulic-cylinder-factory.webp\" \/><\/p>\n<p>Kirjoittaja: lyl<\/p>","protected":false},"excerpt":{"rendered":"<p>Replacement Of F670851 Cylinder This hydraulic cylinder replacement is designed to replace F670851 Cylinder. It is used in heavy equipment and machinery to provide hydraulic power to perform tasks such as lifting and pushing heavy loads. The cylinder is a vital component of the hydraulic system and plays a crucial role in ensuring the smooth [&hellip;]<\/p>","protected":false},"featured_media":12237,"comment_status":"open","ping_status":"closed","template":"","meta":{"_et_pb_use_builder":"","_et_pb_old_content":"","_et_gb_content_width":""},"product_brand":[],"product_cat":[1489],"product_tag":[1380,1490,1491],"class_list":{"0":"post-14466","1":"product","2":"type-product","3":"status-publish","4":"has-post-thumbnail","6":"product_cat-replacement-of-john-deere-hydraulic-cylinder","7":"product_tag-hydraulic-cylinder","8":"product_tag-replacement-of-hydraulic-cylinder","9":"product_tag-replacemet-of-john-deere-hydraulic-cylinder","11":"first","12":"instock","13":"shipping-taxable","14":"product-type-simple"},"amp_enabled":true,"_links":{"self":[{"href":"https:\/\/www.hydraulic-cylinders.net\/fi\/wp-json\/wp\/v2\/product\/14466","targetHints":{"allow":["GET"]}}],"collection":[{"href":"https:\/\/www.hydraulic-cylinders.net\/fi\/wp-json\/wp\/v2\/product"}],"about":[{"href":"https:\/\/www.hydraulic-cylinders.net\/fi\/wp-json\/wp\/v2\/types\/product"}],"replies":[{"embeddable":true,"href":"https:\/\/www.hydraulic-cylinders.net\/fi\/wp-json\/wp\/v2\/comments?post=14466"}],"wp:featuredmedia":[{"embeddable":true,"href":"https:\/\/www.hydraulic-cylinders.net\/fi\/wp-json\/wp\/v2\/media\/12237"}],"wp:attachment":[{"href":"https:\/\/www.hydraulic-cylinders.net\/fi\/wp-json\/wp\/v2\/media?parent=14466"}],"wp:term":[{"taxonomy":"product_brand","embeddable":true,"href":"https:\/\/www.hydraulic-cylinders.net\/fi\/wp-json\/wp\/v2\/product_brand?post=14466"},{"taxonomy":"product_cat","embeddable":true,"href":"https:\/\/www.hydraulic-cylinders.net\/fi\/wp-json\/wp\/v2\/product_cat?post=14466"},{"taxonomy":"product_tag","embeddable":true,"href":"https:\/\/www.hydraulic-cylinders.net\/fi\/wp-json\/wp\/v2\/product_tag?post=14466"}],"curies":[{"name":"wp","href":"https:\/\/api.w.org\/{rel}","templated":true}]}}