{"id":14702,"date":"2025-01-18T08:02:05","date_gmt":"2025-01-18T08:02:05","guid":{"rendered":"https:\/\/www.hydraulic-cylinders.net\/product\/replacement-of-an303860-hydraulic-cylinder-3\/"},"modified":"2025-01-18T08:02:07","modified_gmt":"2025-01-18T08:02:07","slug":"replacement-of-an303860-hydraulic-cylinder-3","status":"publish","type":"product","link":"https:\/\/www.hydraulic-cylinders.net\/fi\/tuote\/replacement-of-an303860-hydraulic-cylinder-3\/","title":{"rendered":"AN303860-hydraulisylinterin vaihto"},"content":{"rendered":"<h2>AN303860-hydraulisylinterin vaihto<\/h2>\n<p>AN303860-hydraulisylinterin vaihto on t\u00e4rke\u00e4 osa useissa hydraulij\u00e4rjestelmiss\u00e4. Se on suunniteltu tarjoamaan tehokasta ja luotettavaa voimansiirtoa, mik\u00e4 mahdollistaa sujuvan toiminnan raskaissa sovelluksissa.<\/p>\n<h3>Tekniset tiedot<\/h3>\n<ul>\n<li>Tuotemalli: 5430I<\/li>\n<\/ul>\n<h3>Tuotteen ominaisuudet<\/h3>\n<ul>\n<li>Suuri kuormituskapasiteetti<\/li>\n<li>Erinomaiset tiivistysominaisuudet<\/li>\n<li>Pitk\u00e4kestoinen kest\u00e4vyys<\/li>\n<li>Taattu turvallisuus<\/li>\n<li>Helppo huolto<\/li>\n<\/ul>\n<p>Hydraulisylinterimme pystyv\u00e4t saumattomasti korvaamaan laajan valikoiman muita markkinoilla olevia hydraulisylintereit\u00e4. T\u00e4ss\u00e4 on joitakin yleisi\u00e4 sovelluksia, joissa tuotteemme loistaa:<\/p>\n<h3>Rakentaminen<\/h3>\n<p>AN303860-hydraulisylinterin vaihtoa k\u00e4ytet\u00e4\u00e4n yleisesti rakennuslaitteissa, kuten nostureissa, nostimissa ja hisseiss\u00e4, joissa tarvitaan raskaiden esineiden turvallista ja vakaata kiinnityst\u00e4.<\/p>\n<h3>Valmistus<\/h3>\n<p>N\u00e4it\u00e4 hydraulisylintereit\u00e4 k\u00e4ytet\u00e4\u00e4n puristuskoneissa materiaalinmuovausprosesseissa, jotka vaativat korkeaa painetta ja luotettavaa kiinnityst\u00e4 koneistuksen aikana.<\/p>\n<h3>Kuljetus<\/h3>\n<p>Niit\u00e4 k\u00e4ytet\u00e4\u00e4n my\u00f6s ajoneuvojen tukijaloissa ja tunkeissa turvallisuuden varmistamiseksi huolto- tai kuljetusprosessien aikana.<\/p>\n<h3>Ilmailu<\/h3>\n<p>AN303860-hydraulisylinterin vaihto on olennainen osa lentokoneiden laskutelinej\u00e4rjestelm\u00e4\u00e4, joka kiinnitt\u00e4\u00e4 laskutelineet turvallisesti oikeaan asentoon nousun ja laskeutumisen aikana.<\/p>\n<h2>Suunnittelun\u00e4k\u00f6kohdat ja valintakriteerit<\/h2>\n<p>Hydraulisylinterien suunnittelussa ja valinnassa on otettava huomioon useita t\u00e4rkeit\u00e4 tekij\u00f6it\u00e4:<\/p>\n<h3>Kantavuus<\/h3>\n<p>Hydraulisylinterin tulee kest\u00e4\u00e4 vaaditut voimat ja kuormitukset vaarantamatta sen rakenteellista eheytt\u00e4.<\/p>\n<h3>Tiivistysominaisuudet<\/h3>\n<p>Tehokkaiden tiivisteiden, kuten kulutusta kest\u00e4vist\u00e4 materiaaleista, kuten polyuretaanista ja nitriilikumista, valmistettujen m\u00e4nn\u00e4ntiivisteiden ja varren tiivisteiden, avulla estet\u00e4\u00e4n nestevuodot ja varmistetaan optimaalinen suorituskyky.<\/p>\n<h3>Kest\u00e4vyys<\/h3>\n<p>Sylinterin runko ja kierteitetyt p\u00e4\u00e4typinnat k\u00e4sitell\u00e4\u00e4n hienovaraisesti kulutuskest\u00e4vyyden ja yleisen kest\u00e4vyyden parantamiseksi. S\u00e4\u00e4nn\u00f6llinen voitelu sopivalla hydrauliikka\u00f6ljyll\u00e4 on v\u00e4ltt\u00e4m\u00e4t\u00f6nt\u00e4 sujuvan toiminnan yll\u00e4pit\u00e4miseksi.<\/p>\n<h2>S\u00e4\u00e4nn\u00f6llinen tarkastus ja ennaltaehk\u00e4isev\u00e4 huolto<\/h2>\n<p>Hydraulisylinterin pitk\u00e4ik\u00e4isyyden varmistamiseksi s\u00e4\u00e4nn\u00f6llinen tarkastus ja ennaltaehk\u00e4isev\u00e4 huolto ovat v\u00e4ltt\u00e4m\u00e4tt\u00f6mi\u00e4. T\u00e4ss\u00e4 on joitakin suositeltuja toimenpiteit\u00e4:<\/p>\n<h3>Asennusohjeet<\/h3>\n<p>Oikea asennus on ratkaisevan t\u00e4rke\u00e4\u00e4 hydraulisylinterin optimaalisen toiminnan kannalta. On suositeltavaa k\u00e4ytt\u00e4\u00e4 sopivia asennuskiinnikkeit\u00e4 sylinterin kiinnitt\u00e4miseen ja linjauksen ohjaamiseen.<\/p>\n<h3>Huoltoteht\u00e4v\u00e4t<\/h3>\n<ul>\n<li>S\u00e4\u00e4nn\u00f6llinen tarkastus<\/li>\n<li>Asianmukainen voitelu<\/li>\n<li>Tiivisteen vaihto<\/li>\n<li>Kalibrointitarkastukset<\/li>\n<\/ul>\n<p>Oikeiden asennus-, voitelu- ja s\u00e4\u00e4t\u00f6menetelmien noudattaminen on \u00e4\u00e4rimm\u00e4isen t\u00e4rke\u00e4\u00e4. Lis\u00e4ksi yleisten ongelmien diagnosointiin ja vianm\u00e4\u00e4ritykseen liittyvien vinkkien antaminen voi auttaa lukijoita ratkaisemaan ongelmat tehokkaasti.<\/p>\n<h2>Turvallisuusn\u00e4k\u00f6kohdat ja ymp\u00e4rist\u00f6tekij\u00e4t<\/h2>\n<p>Hydraulisylinterien kanssa ty\u00f6skennelt\u00e4ess\u00e4 on t\u00e4rke\u00e4\u00e4 asettaa turvallisuustoimenpiteet etusijalle onnettomuuksien ehk\u00e4isemiseksi ja turvallisen ty\u00f6ymp\u00e4rist\u00f6n varmistamiseksi. Turvallisuusohjeita on noudatettava k\u00e4ytett\u00e4ess\u00e4 AN303860-hydraulisylinterin vaihtoa loukkaantumis- tai laitevaurioiden riskin minimoimiseksi.<\/p>\n<h2>Vianm\u00e4\u00e4ritys ja yleiset ongelmat<\/h2>\n<p>Luotettavasta suorituskyvyst\u00e4\u00e4n huolimatta hydraulisylinteriss\u00e4 voi esiinty\u00e4 tiettyj\u00e4 vikoja tai ongelmia. T\u00e4ss\u00e4 on joitakin yleisi\u00e4 hydraulisylintereihin liittyvi\u00e4 ongelmia:<\/p>\n<h3>Viank\u00e4sittely ja vianm\u00e4\u00e4ritys<\/h3>\n<p>Vianm\u00e4\u00e4ritysvinkkien ja -ratkaisujen tarjoaminen auttaa lukijoita tehokkaasti diagnosoimaan ja ratkaisemaan ongelmia. Lis\u00e4ksi ennaltaehk\u00e4isevien toimenpiteiden ehdottaminen voi minimoida mahdolliset ongelmat ja parantaa hydraulisylinterin k\u00e4ytt\u00f6ik\u00e4\u00e4.<\/p>\n<p><img decoding=\"async\" src=\"https:\/\/www.hydraulic-cylinders.net\/wp-content\/uploads\/2024\/12\/Replacement-Of-John-Deere-Hydraulic-Cylinder-8.webp\" alt=\"Hydraulisylinterin kuva\"><\/p>\n<h2>Tietoa yrityksest\u00e4mme<\/h2>\n<p>Olemme johtava hydraulisten varaosien valmistaja ja tukkumyyj\u00e4. Yrityksemme tarjoaa laajan valikoiman hydraulisia sylintereit\u00e4 ja on saavuttanut tunnustusta sek\u00e4 kotimaisilla ett\u00e4 kansainv\u00e4lisill\u00e4 markkinoilla.<\/p>\n<p>Yrityksemme keskeiset ominaisuudet:<\/p>\n<ul>\n<li>Ammattitaito ja asiantuntemus<\/li>\n<li>Kansainv\u00e4liset sertifikaatit<\/li>\n<li>R\u00e4\u00e4t\u00e4l\u00f6intipalvelut<\/li>\n<li>Huippuluokan tuotantolaitteet<\/li>\n<li>Kattava j\u00e4lkimarkkinointipalvelu<\/li>\n<\/ul>\n<p><img decoding=\"async\" src=\"https:\/\/www.hydraulic-cylinders.net\/wp-content\/uploads\/2024\/12\/hydraulic-cylinder-factory.webp\" alt=\"Yrityksen imago\"><\/p>\n<p>Noudattamalla kirjoittajan, lylin, asettamia s\u00e4\u00e4nt\u00f6j\u00e4 ja ohjeita olemme laatineet kattavan ja informatiivisen artikkelin AN303860-hydraulisylinterin vaihtamisesta.<\/p>","protected":false},"excerpt":{"rendered":"<p>Replacement Of AN303860 Hydraulic Cylinder The Replacement Of AN303860 Hydraulic Cylinder is a crucial component used in various hydraulic systems. It is designed to provide efficient and reliable force transmission, allowing for smooth operation in heavy-duty applications. Specifications Product Model: 5430I Product Features High load-bearing capacity Excellent sealing properties Long-lasting durability Ensured safety Easy maintenance [&hellip;]<\/p>","protected":false},"featured_media":14678,"comment_status":"open","ping_status":"closed","template":"","meta":{"_et_pb_use_builder":"","_et_pb_old_content":"","_et_gb_content_width":""},"product_brand":[],"product_cat":[1489],"product_tag":[1490,1492],"class_list":{"0":"post-14702","1":"product","2":"type-product","3":"status-publish","4":"has-post-thumbnail","6":"product_cat-replacement-of-john-deere-hydraulic-cylinder","7":"product_tag-replacement-of-hydraulic-cylinder","8":"product_tag-replacement-of-john-deere-hydraulic-cylinder","10":"first","11":"instock","12":"shipping-taxable","13":"product-type-simple"},"amp_enabled":true,"_links":{"self":[{"href":"https:\/\/www.hydraulic-cylinders.net\/fi\/wp-json\/wp\/v2\/product\/14702","targetHints":{"allow":["GET"]}}],"collection":[{"href":"https:\/\/www.hydraulic-cylinders.net\/fi\/wp-json\/wp\/v2\/product"}],"about":[{"href":"https:\/\/www.hydraulic-cylinders.net\/fi\/wp-json\/wp\/v2\/types\/product"}],"replies":[{"embeddable":true,"href":"https:\/\/www.hydraulic-cylinders.net\/fi\/wp-json\/wp\/v2\/comments?post=14702"}],"wp:featuredmedia":[{"embeddable":true,"href":"https:\/\/www.hydraulic-cylinders.net\/fi\/wp-json\/wp\/v2\/media\/14678"}],"wp:attachment":[{"href":"https:\/\/www.hydraulic-cylinders.net\/fi\/wp-json\/wp\/v2\/media?parent=14702"}],"wp:term":[{"taxonomy":"product_brand","embeddable":true,"href":"https:\/\/www.hydraulic-cylinders.net\/fi\/wp-json\/wp\/v2\/product_brand?post=14702"},{"taxonomy":"product_cat","embeddable":true,"href":"https:\/\/www.hydraulic-cylinders.net\/fi\/wp-json\/wp\/v2\/product_cat?post=14702"},{"taxonomy":"product_tag","embeddable":true,"href":"https:\/\/www.hydraulic-cylinders.net\/fi\/wp-json\/wp\/v2\/product_tag?post=14702"}],"curies":[{"name":"wp","href":"https:\/\/api.w.org\/{rel}","templated":true}]}}