{"id":1487,"date":"2023-09-26T06:55:27","date_gmt":"2023-09-26T06:55:27","guid":{"rendered":"https:\/\/hydraulic-cylinders.net\/?post_type=product&#038;p=1487"},"modified":"2025-04-11T03:41:29","modified_gmt":"2025-04-11T03:41:29","slug":"small-excavator-stick-cylinder","status":"publish","type":"product","link":"https:\/\/www.hydraulic-cylinders.net\/fi\/tuote\/small-excavator-stick-cylinder\/","title":{"rendered":"Pieni kaivinkoneen sauvasylinteri"},"content":{"rendered":"<h1 style=\"text-align: center;\"><strong>Pieni kaivinkoneen sauvasylinteri<\/strong><\/h1>\n<p><img loading=\"lazy\" decoding=\"async\" class=\"aligncenter wp-image-1488\" src=\"https:\/\/hydraulic-cylinders.net\/wp-content\/uploads\/2023\/09\/stick-cylinder-1-300x300.webp\" alt=\"\" width=\"400\" height=\"400\" \/><\/p>\n<p>Pienen kaivinkoneen kaivinkoneen kaivusylinteri on eritt\u00e4in luotettava ja kest\u00e4v\u00e4 hydrauliikkakomponentti, joka on suunniteltu parantamaan pienten kaivinkoneiden suorituskyky\u00e4 ja tehokkuutta. T\u00e4m\u00e4 sylinteri on erityisesti suunniteltu tarjoamaan poikkeuksellista tehoa, tarkkuutta ja kest\u00e4vyytt\u00e4 kompakteissa rakennuskoneissa.<\/p>\n<p>Pienen kaivinkoneen kaivusylinteri on t\u00e4rke\u00e4 hydraulinen komponentti, joka parantaa merkitt\u00e4v\u00e4sti pienten kaivinkoneiden suorituskyky\u00e4 ja tehokkuutta. Kompaktin rakenteensa, vaikuttavan ulottuvuutensa ja kaivusyvyytens\u00e4, parannetun kaivuvoimansa ja tarkan ohjauksensa ansiosta t\u00e4m\u00e4 sylinteri antaa k\u00e4ytt\u00e4jille mahdollisuuden hoitaa kaivuuty\u00f6t helposti ja tarkasti. Noudattamalla suositeltuja k\u00e4ytt\u00f6menetelmi\u00e4 ja huoltok\u00e4yt\u00e4nt\u00f6j\u00e4 k\u00e4ytt\u00e4j\u00e4t voivat varmistaa pienen kaivinkoneen kaivusylinterin optimaalisen suorituskyvyn ja pitk\u00e4ik\u00e4isyyden, mik\u00e4 johtaa lis\u00e4\u00e4ntyneeseen tuottavuuteen ja rakennus- ja kaivuuprojektien onnistuneeseen loppuun saattamiseen. Investoi t\u00e4h\u00e4n poikkeukselliseen hydrauliseen sylinteriin parantaaksesi pienen kaivinkoneesi ominaisuuksia ja saavuttaaksesi erinomaisia \u200b\u200btuloksia kaivuut\u00f6iss\u00e4si.<\/p>\n<p>Pienen kaivinkoneen kaivinkoneen sylinterin t\u00e4rkeimm\u00e4t ominaisuudet:<\/p>\n<ol>\n<li>Kompakti muotoilu ja tukeva rakenne<\/li>\n<\/ol>\n<ul>\n<li>Pienen kaivinkoneen kaivinkoneen kaivuvarren sylinteri on suunniteltu erityisesti pienille kaivinkoneille, mik\u00e4 varmistaa t\u00e4ydellisen istuvuuden ja optimaalisen suorituskyvyn.<\/li>\n<li>Sen kompakti muotoilu ja tukeva rakenne mahdollistavat sen kest\u00e4vyyden vaativissa k\u00e4ytt\u00f6olosuhteissa ja pitk\u00e4n k\u00e4ytt\u00f6i\u00e4n.<\/li>\n<\/ul>\n<ol start=\"2\">\n<li>Vaikuttava ulottuvuus ja kaivusyvyys<\/li>\n<\/ol>\n<ul>\n<li>Pienest\u00e4 koostaan \u200b\u200bhuolimatta sylinteri tarjoaa vaikuttavan ulottuvuuden ja kaivusyvyyden, mik\u00e4 maksimoi kaivinkoneen toimintas\u00e4teen.<\/li>\n<li>Sen avulla k\u00e4ytt\u00e4j\u00e4t p\u00e4\u00e4sev\u00e4t ahtaisiin tiloihin ja voivat kaivaa ahtaissa paikoissa tehokkaasti, tarkasti ja helposti.<\/li>\n<\/ul>\n<ol start=\"3\">\n<li>Parannettu kaivuvoima ja tehokkuus<\/li>\n<\/ol>\n<ul>\n<li>Sylinteri tarjoaa paremman kaivuvoiman, mik\u00e4 mahdollistaa erilaisten materiaalien, kuten maaper\u00e4n, kivien ja roskien, tehokkaan kaivamisen.<\/li>\n<li>Se optimoi kaivinkoneen kaivukyvyn, lis\u00e4\u00e4 tuottavuutta ja lyhent\u00e4\u00e4 projektin valmistumisaikaa.<\/li>\n<\/ul>\n<ol start=\"4\">\n<li>Sujuva toiminta ja tarkka hallinta<\/li>\n<\/ol>\n<ul>\n<li>Pieni kaivinkoneen kaivusylinteri sis\u00e4lt\u00e4\u00e4 edistyneit\u00e4 hydraulisia teknologioita sujuvan toiminnan ja tarkan ohjauksen takaamiseksi.<\/li>\n<li>Se tarjoaa erinomaisen reagointikyvyn, jonka ansiosta k\u00e4ytt\u00e4j\u00e4t voivat suorittaa tarkkoja toimintoja tarkasti ja tehokkaasti.<\/li>\n<\/ul>\n<h2><strong>Pienen kaivinkoneen sylinterin parametri:<\/strong><\/h2>\n<table border=\"1\" cellspacing=\"0\" cellpadding=\"0\">\n<tbody>\n<tr>\n<td>Tuotteen nimi<\/td>\n<td>Pieni kaivinkoneen sauvasylinteri<\/td>\n<\/tr>\n<tr>\n<td>Ominaisuudet:<\/td>\n<td>Hallitse kyyn\u00e4rvarren liikett\u00e4<\/td>\n<\/tr>\n<tr>\n<td>Rei\u00e4n halkaisija:<\/td>\n<td>50 mm\uff5e115 mm<\/td>\n<\/tr>\n<tr>\n<td>Tangon halkaisija:<\/td>\n<td>25 mm\uff5e70 mm<br \/>\nIsku \u22641000 mm<\/td>\n<\/tr>\n<tr>\n<td>Ty\u00f6nt\u00f6voima:<\/td>\n<td>Enimm\u00e4isteho 305 kN<\/td>\n<\/tr>\n<tr>\n<td>Rei\u00e4n halkaisija:<\/td>\n<td>115 mm \/ paine 29,4 MPa)<\/td>\n<\/tr>\n<\/tbody>\n<\/table>\n<h2><strong>Pienen kaivinkoneen kaivuvarren sylinterin tunnistuskaavio:<\/strong><\/h2>\n<p><img loading=\"lazy\" decoding=\"async\" class=\"alignnone wp-image-1490 size-full\" src=\"https:\/\/hydraulic-cylinders.net\/wp-content\/uploads\/2023\/09\/stick-cylinder-construction.webp\" alt=\"\" width=\"1481\" height=\"988\" srcset=\"https:\/\/hydraulic-cylinders.net\/wp-content\/uploads\/2023\/09\/stick-cylinder-construction.webp 1481w, https:\/\/hydraulic-cylinders.net\/wp-content\/uploads\/2023\/09\/stick-cylinder-construction-1280x854.webp 1280w, https:\/\/hydraulic-cylinders.net\/wp-content\/uploads\/2023\/09\/stick-cylinder-construction-980x654.webp 980w, https:\/\/hydraulic-cylinders.net\/wp-content\/uploads\/2023\/09\/stick-cylinder-construction-480x320.webp 480w\" sizes=\"(min-width: 0px) and (max-width: 480px) 480px, (min-width: 481px) and (max-width: 980px) 980px, (min-width: 981px) and (max-width: 1280px) 1280px, (min-width: 1281px) 1481px, 100vw\" \/><\/p>\n<h2><strong>Pienen kaivinkoneen sauvasylinterin k\u00e4ytt\u00f6tapa:<\/strong><\/h2>\n<ol>\n<li>Asennus ja integrointi<\/li>\n<\/ol>\n<ul>\n<li>Katso valmistajan ohjeet pienen kaivinkoneen kaivusylinterin asianmukaisesta asennuksesta.<\/li>\n<li>Varmista yhteensopivuus ja kiinnit\u00e4 sylinteri tukevasti kaivinkoneen kaivupuomikokoonpanoon.<\/li>\n<li>Noudata suositeltuja v\u00e4\u00e4nt\u00f6momentteja ja k\u00e4yt\u00e4 sopivia kiinnitystarvikkeita.<\/li>\n<\/ul>\n<ol start=\"2\">\n<li>Toiminnalliset n\u00e4k\u00f6kohdat<\/li>\n<\/ol>\n<ul>\n<li>Tutustu kaivinkoneen hallintalaitteisiin ja k\u00e4ytt\u00f6\u00f6n, mukaan lukien kaivusylinteri.<\/li>\n<li>Harjoittele kaivinkoneen ja kaivusylinterin k\u00e4ytt\u00f6\u00e4 valvotussa ymp\u00e4rist\u00f6ss\u00e4 ennen varsinaisen ty\u00f6n aloittamista.<\/li>\n<li>Noudata turvallisuusohjeita ja k\u00e4yt\u00e4 kaivinkoneen kuorman ja ulottuvuuden rajoissa onnettomuuksien ja laitevaurioiden v\u00e4ltt\u00e4miseksi.<\/li>\n<\/ul>\n<ol start=\"3\">\n<li>Kaivun suorituskyvyn optimointi<\/li>\n<\/ol>\n<ul>\n<li>Hy\u00f6dynn\u00e4 pienen kaivinkoneen kaivusylinterin tarkkaa ohjausta kaivutehon optimoimiseksi.<\/li>\n<li>S\u00e4ilyt\u00e4 vakaa asento kaivamisen aikana ja v\u00e4lt\u00e4 \u00e4killisi\u00e4 tai nykivi\u00e4 liikkeit\u00e4, jotka voivat rasittaa sylinteri\u00e4.<\/li>\n<li>Varmista kauhan oikea asento ja hampaiden oikea kosketus tehokasta kaivua varten.<\/li>\n<\/ul>\n<h2><strong>Mink\u00e4 kokoinen sylinteri kaivinkoneen peukaloon?<\/strong><\/h2>\n<p>Kaivinkoneen peukalon sylinterin koko voi vaihdella kaivinkoneen erityisvaatimusten ja peukalon kiinnitysosan k\u00e4ytt\u00f6tarkoituksen mukaan. Sylinterin sopiva koko m\u00e4\u00e4ritet\u00e4\u00e4n tyypillisesti ottaen huomioon tekij\u00e4t, kuten kaivinkoneen ty\u00f6paino, peukalon haluttu nostokapasiteetti ja yhteensopivuus kaivinkoneen hydraulij\u00e4rjestelm\u00e4n kanssa.<\/p>\n<p>Kaivinkoneen peukalolle sopivan sylinterikoon m\u00e4\u00e4ritt\u00e4miseksi on suositeltavaa ottaa yhteytt\u00e4 peukalokiinnitteen valmistajaan tai toimittajaan. He voivat antaa ohjeita kaivinkoneen teknisten tietojen ja peukalon k\u00e4ytt\u00f6tarkoituksen perusteella.<\/p>\n<p>On syyt\u00e4 huomata, ett\u00e4 kaivinkoneiden peukaloita on saatavilla eri kokoisina ja kokoonpanoina, jotka sopivat eri kaivinkonemalleihin ja -kokoihin. Peukalokiinnitys koostuu tyypillisesti keskirakenteesta tai rungosta, joka kiinnitet\u00e4\u00e4n kaivinkoneen puomiin, ja hydraulisylinterist\u00e4, joka tarjoaa tartunta- tai puristustoiminnon. Sylinterin koko tulee valita siten, ett\u00e4 se on yhteensopiva peukalokiinnityksen kanssa ja tarjoaa tarvittavan tartuntavoiman aiottuun teht\u00e4v\u00e4\u00e4n.<\/p>\n<p>Kaivinkoneen peukalovarren sylinterin kokoa harkittaessa on t\u00e4rke\u00e4\u00e4 l\u00f6yt\u00e4\u00e4 tasapaino riitt\u00e4v\u00e4n nostokyvyn ja sen varmistamisen v\u00e4lill\u00e4, ett\u00e4 kaivinkoneen hydraulij\u00e4rjestelm\u00e4 tukee peukalon toimintaa riitt\u00e4v\u00e4sti. Sylinterin ylimitoitus voi rasittaa kaivinkoneen hydraulij\u00e4rjestelm\u00e4\u00e4 liikaa, ja liian pieni mitoitus voi johtaa rajoitettuun nostokykyyn ja heikentyneeseen suorituskykyyn.<\/p>\n<p>Yhteenvetona voidaan todeta, ett\u00e4 kaivinkoneen peukalovarren sylinterin koko tulisi m\u00e4\u00e4ritt\u00e4\u00e4 sellaisten tekij\u00f6iden perusteella kuin kaivinkoneen ty\u00f6paino, haluttu nostokapasiteetti sek\u00e4 yhteensopivuus peukalovarren ja hydraulij\u00e4rjestelm\u00e4n kanssa. Peukalovarren valmistajan tai toimittajan konsultointi on suositeltavaa varmistaa oikean koon ja optimaalisen suorituskyvyn.<\/p>\n<h2><strong>Tehtaan kapasiteetti ja kapasiteetti:<\/strong><\/h2>\n<h3>(1) Kokoonpano<\/h3>\n<p>Meill\u00e4 on ensiluokkainen riippumaton tutkimus- ja kehitysty\u00f6n kokoonpanoalusta. Hydraulisylinterien tuotantopajassa on nelj\u00e4 puoliautomaattista nostosylinterin kokoonpanolinjaa ja yksi automaattinen kallistussylinterin kokoonpanolinja, joiden suunniteltu vuotuinen tuotantokapasiteetti on 1 miljoona kappaletta. Erikoissylinterin ty\u00f6paja on varustettu erilaisilla eritelmill\u00e4 puoliautomaattisen puhdistusasennuksen kokoonpanoj\u00e4rjestelm\u00e4ll\u00e4, jonka suunniteltu vuotuinen tuotantokapasiteetti on 200 000, ja se on varustettu kuuluisilla CNC-ty\u00f6st\u00f6laitteilla, ty\u00f6st\u00f6keskuksella, korkean tarkkuuden sylinterin k\u00e4sittelyyn tarkoitetuilla erityislaitteilla, robottihitsauskoneella, automaattisella puhdistuslaitteella, automaattisella sylinterin kokoonpanokoneella ja automaattisella maalaustuotantolinjalla. Olemassa olevat kriittiset laitteet yli 300 sarjaa (sarjaa). Laiteresurssien optimaalinen kohdentaminen ja tehokas k\u00e4ytt\u00f6 varmistavat tuotteiden tarkkuusvaatimukset ja t\u00e4ytt\u00e4v\u00e4t tuotteiden laatuvaatimukset.<\/p>\n<p><img loading=\"lazy\" decoding=\"async\" class=\"alignnone wp-image-626\" src=\"https:\/\/hydraulic-cylinders.net\/wp-content\/uploads\/2023\/08\/hydraulic-cylinder-product-1-300x158.webp\" alt=\"\" width=\"495\" height=\"260\" srcset=\"https:\/\/hydraulic-cylinders.net\/wp-content\/uploads\/2023\/08\/hydraulic-cylinder-product-1-300x158.webp 495w, https:\/\/hydraulic-cylinders.net\/wp-content\/uploads\/2023\/08\/hydraulic-cylinder-product-1-480x252.webp 480w\" sizes=\"(min-width: 0px) and (max-width: 480px) 480px, (min-width: 481px) 495px, 100vw\" \/> <img loading=\"lazy\" decoding=\"async\" class=\"alignnone wp-image-627\" src=\"https:\/\/hydraulic-cylinders.net\/wp-content\/uploads\/2023\/08\/hydraulic-cylinder-product-2-300x189.webp\" alt=\"\" width=\"413\" height=\"260\" \/><\/p>\n<h3>(2) Koneistus<\/h3>\n<p>Ty\u00f6st\u00f6paja on varustettu r\u00e4\u00e4t\u00e4l\u00f6idyll\u00e4 kaltevalla kiskosorvauskeskuksella, ty\u00f6st\u00f6keskuksella, suurnopeus-hiontakoneella, hitsausrobotilla ja muilla vastaavilla laitteilla, joilla voidaan k\u00e4sitell\u00e4 sylinteriputkia, joiden sis\u00e4halkaisija on enint\u00e4\u00e4n 400 mm ja enimm\u00e4ispituus on 6 metri\u00e4.<\/p>\n<p><img loading=\"lazy\" decoding=\"async\" class=\"alignnone wp-image-628 size-large\" src=\"https:\/\/hydraulic-cylinders.net\/wp-content\/uploads\/2023\/08\/hydraulic-cylinder-product-3-1024x391.webp\" alt=\"\" width=\"1024\" height=\"391\" srcset=\"https:\/\/hydraulic-cylinders.net\/wp-content\/uploads\/2023\/08\/hydraulic-cylinder-product-3-980x374.webp 980w, https:\/\/hydraulic-cylinders.net\/wp-content\/uploads\/2023\/08\/hydraulic-cylinder-product-3-480x183.webp 480w\" sizes=\"(min-width: 0px) and (max-width: 480px) 480px, (min-width: 481px) and (max-width: 980px) 980px, (min-width: 981px) 1024px, 100vw\" \/><\/p>\n<h3>(3) Hitsaus<\/h3>\n<p><img loading=\"lazy\" decoding=\"async\" class=\"alignnone wp-image-629 size-large\" src=\"https:\/\/hydraulic-cylinders.net\/wp-content\/uploads\/2023\/08\/hydraulic-cylinder-product-4-1024x510.webp\" alt=\"\" width=\"1024\" height=\"510\" srcset=\"https:\/\/hydraulic-cylinders.net\/wp-content\/uploads\/2023\/08\/hydraulic-cylinder-product-4-980x488.webp 980w, https:\/\/hydraulic-cylinders.net\/wp-content\/uploads\/2023\/08\/hydraulic-cylinder-product-4-480x239.webp 480w\" sizes=\"(min-width: 0px) and (max-width: 480px) 480px, (min-width: 481px) and (max-width: 980px) 980px, (min-width: 981px) 1024px, 100vw\" \/><\/p>\n<h3>(4) Maalaus ja pinnoitus<\/h3>\n<p>Pienill\u00e4 ja keskisuurilla sylinterin automaattisilla vesipohjaisilla maalipinnoituslinjoilla automaattisen robotin lastaus- ja purku- ja automaattisen ruiskutuksen saavuttamiseksi, suunnittelukapasiteetti on 4000 kappaletta vuorossa;<br \/>\nMeill\u00e4 on my\u00f6s puoliautomaattinen maalauslinja suurille sylintereille, joka toimii voimaketjulla ja jonka suunnittelukapasiteetti on 60 laatikkoa ty\u00f6vuorossa.<\/p>\n<p><img loading=\"lazy\" decoding=\"async\" class=\"alignnone wp-image-630\" src=\"https:\/\/hydraulic-cylinders.net\/wp-content\/uploads\/2023\/08\/hydraulic-cylinder-product-5-300x213.webp\" alt=\"\" width=\"366\" height=\"260\" \/> <img loading=\"lazy\" decoding=\"async\" class=\"alignnone wp-image-631\" src=\"https:\/\/hydraulic-cylinders.net\/wp-content\/uploads\/2023\/08\/hydraulic-cylinder-product-6-300x225.webp\" alt=\"\" width=\"347\" height=\"260\" \/><\/p>\n<h3>(5) Testaus<\/h3>\n<p>Meill\u00e4 on ensiluokkaiset tarkastustilat ja testialustat, joilla varmistetaan, ett\u00e4 sylinterin suorituskyky t\u00e4ytt\u00e4\u00e4 vaatimukset.<\/p>\n<p><img loading=\"lazy\" decoding=\"async\" class=\"alignnone wp-image-632\" src=\"https:\/\/hydraulic-cylinders.net\/wp-content\/uploads\/2023\/08\/hydraulic-cylinder-product-8-300x200.webp\" alt=\"\" width=\"389\" height=\"260\" \/><\/p>\n<p>&nbsp;<\/p>\n<p>&nbsp;<\/p>\n<p>Olemme yksi parhaista hydraulisylintereiden valmistajista. Voimme tarjota kattavia hydraulisylintereit\u00e4. Tarjoamme my\u00f6s vastaavia <a href=\"https:\/\/hzpt.com\/agricultural-pto-gearbox\/\" target=\"_blank\" rel=\"noopener\">maatalousvaihteistot<\/a>Olemme vieneet tuotteitamme asiakkaille maailmanlaajuisesti ja ansainneet hyv\u00e4n maineen erinomaisen tuotelaadun ja huoltopalvelumme ansiosta. Toivotamme tervetulleeksi asiakkaat kotimaassa ja ulkomailla ottamaan meihin yhteytt\u00e4 neuvotellakseen liiketoimista, vaihtaakseen tietoja ja <a href=\"https:\/\/www.hydraulic-cylinders.net\/fi\/contact-us\/\">tehd\u00e4 yhteisty\u00f6t\u00e4 kanssamme<\/a>!<\/p>","protected":false},"excerpt":{"rendered":"<p>Small Excavator Stick Cylinder The Small Excavator Stick Cylinder is a highly reliable and robust hydraulic component designed to enhance the performance and efficiency of small excavators. This cylinder is specifically engineered to deliver exceptional power, precision, and durability in compact construction machinery. The Small Excavator Stick Cylinder is a vital hydraulic component that significantly [&hellip;]<\/p>","protected":false},"featured_media":1489,"comment_status":"open","ping_status":"closed","template":"","meta":{"_et_pb_use_builder":"","_et_pb_old_content":"","_et_gb_content_width":""},"product_brand":[],"product_cat":[1550,1503,1376],"product_tag":[1380],"class_list":{"0":"post-1487","1":"product","2":"type-product","3":"status-publish","4":"has-post-thumbnail","6":"product_cat-double-acting-hydraulic-cylinder","7":"product_cat-excavator-hydraulic-cylinders","8":"product_cat-hydraulic-cylinder","9":"product_tag-hydraulic-cylinder","11":"first","12":"instock","13":"shipping-taxable","14":"product-type-simple"},"amp_enabled":true,"_links":{"self":[{"href":"https:\/\/www.hydraulic-cylinders.net\/fi\/wp-json\/wp\/v2\/product\/1487","targetHints":{"allow":["GET"]}}],"collection":[{"href":"https:\/\/www.hydraulic-cylinders.net\/fi\/wp-json\/wp\/v2\/product"}],"about":[{"href":"https:\/\/www.hydraulic-cylinders.net\/fi\/wp-json\/wp\/v2\/types\/product"}],"replies":[{"embeddable":true,"href":"https:\/\/www.hydraulic-cylinders.net\/fi\/wp-json\/wp\/v2\/comments?post=1487"}],"wp:featuredmedia":[{"embeddable":true,"href":"https:\/\/www.hydraulic-cylinders.net\/fi\/wp-json\/wp\/v2\/media\/1489"}],"wp:attachment":[{"href":"https:\/\/www.hydraulic-cylinders.net\/fi\/wp-json\/wp\/v2\/media?parent=1487"}],"wp:term":[{"taxonomy":"product_brand","embeddable":true,"href":"https:\/\/www.hydraulic-cylinders.net\/fi\/wp-json\/wp\/v2\/product_brand?post=1487"},{"taxonomy":"product_cat","embeddable":true,"href":"https:\/\/www.hydraulic-cylinders.net\/fi\/wp-json\/wp\/v2\/product_cat?post=1487"},{"taxonomy":"product_tag","embeddable":true,"href":"https:\/\/www.hydraulic-cylinders.net\/fi\/wp-json\/wp\/v2\/product_tag?post=1487"}],"curies":[{"name":"wp","href":"https:\/\/api.w.org\/{rel}","templated":true}]}}