{"id":15118,"date":"2025-01-19T14:07:43","date_gmt":"2025-01-19T14:07:43","guid":{"rendered":"https:\/\/www.hydraulic-cylinders.net\/product\/bucket-cylinder-for-komatsu-small-excavator-pc40\/"},"modified":"2025-01-19T14:07:45","modified_gmt":"2025-01-19T14:07:45","slug":"bucket-cylinder-for-komatsu-small-excavator-pc40","status":"publish","type":"product","link":"https:\/\/www.hydraulic-cylinders.net\/fi\/tuote\/bucket-cylinder-for-komatsu-small-excavator-pc40\/","title":{"rendered":"Kauhan sylinteri Komatsun pienelle kaivinkoneelle PC40"},"content":{"rendered":"<h2>Johdanto<\/h2>\n<h3>Mik\u00e4 on Komatsu PC40 -kaivukoneen kauhan sylinteri?<\/h3>\n<p>Komatsun PC40-kaivukoneen kauhan sylinteri on erityisesti suunniteltu hydraulisylinteri, jota k\u00e4ytet\u00e4\u00e4n raskaiden koneiden, kuten kaivinkoneiden, traktorikaivureiden ja etukuormaajien, kauhojen liikkeen ohjaamiseen. Sen p\u00e4\u00e4teht\u00e4v\u00e4n\u00e4 on mahdollistaa kauhan nostaminen, laskeminen ja kallistaminen, mik\u00e4 helpottaa erilaisia \u200b\u200bmateriaalink\u00e4sittelyteht\u00e4vi\u00e4. Hydraulij\u00e4rjestelm\u00e4ss\u00e4 kauhan sylinteri saavuttaa tarkan kauhan liikkeen hallinnan hydrauli\u00f6ljyn paineen muutosten avulla, mink\u00e4 ansiosta k\u00e4ytt\u00e4j\u00e4t voivat k\u00e4sitell\u00e4 raskaita kuormia tehokkaasti ja sopeutua monimutkaisiin ty\u00f6ymp\u00e4rist\u00f6ihin ja erilaisiin k\u00e4ytt\u00f6vaatimuksiin.<\/p>\n<p><img decoding=\"async\" src=\"https:\/\/www.hydraulic-cylinders.net\/wp-content\/uploads\/2025\/01\/songte-company-2.webp\" alt=\"Kauhan sylinteri Komatsun pienelle kaivinkoneelle PC40\"><\/p>\n<h2>Ominaisuudet<\/h2>\n<ul>\n<li><strong>Korkea lujuus ja kest\u00e4vyys:<\/strong> Yleens\u00e4 se on valmistettu eritt\u00e4in lujasta ter\u00e4ksest\u00e4 tai alumiinista, ja se kest\u00e4\u00e4 korkeaa painetta ja raskaita kuormia ja mukautuu vaativiin ty\u00f6ymp\u00e4rist\u00f6ihin. Sen suunnittelussa on otettu huomioon kulutuskest\u00e4vyys ja korroosionkest\u00e4vyys, mik\u00e4 pident\u00e4\u00e4 sen k\u00e4ytt\u00f6ik\u00e4\u00e4.<\/li>\n<li><strong>Tehokas hydraulinen k\u00e4ytt\u00f6:<\/strong> Tasainen teleskooppiliike saavutetaan hydrauli\u00f6ljyn paineen avulla, mik\u00e4 mahdollistaa nopean reagoinnin ohjauskomentoihin, tarjoaa tehokkaan ty\u00f6nt\u00f6- ja vetovoiman ja soveltuu raskaiden kuormien k\u00e4sittelyyn ja monimutkaisiin operatiivisiin teht\u00e4viin.<\/li>\n<li><strong>Erilaisia \u200b\u200btyyppej\u00e4:<\/strong> Yksitoimiset (hydraulisesti vain yhteen suuntaan) tai kaksitoimiset (hydraulisesti molempiin suuntiin) sylinterit voidaan valita k\u00e4ytt\u00f6vaatimusten mukaan. Jotkut mallit ovat teleskooppisia, mik\u00e4 mahdollistaa suuremman jatkeen ilman ulkomittojen kasvua, mik\u00e4 sopii sovelluksiin, joissa on rajoitetusti tilaa.<\/li>\n<li><strong>Mukautettu tuotanto:<\/strong> Voimme valmistaa t\u00e4t\u00e4 tuotetta, joka voi t\u00e4ydellisesti korvata n\u00e4m\u00e4 hydraulisylinterit.<\/li>\n<\/ul>\n<p><img decoding=\"async\" src=\"https:\/\/www.hydraulic-cylinders.net\/wp-content\/uploads\/2025\/01\/songte-cylinder-head-with-all-kinds-excavator-models.webp\" alt=\"Kauhan sylinteri Komatsun pienelle kaivinkoneelle PC40\"><\/p>\n<h2>Hakemus<\/h2>\n<p>Komatsun pienen kaivinkoneen PC40 kauhan sylinteri\u00e4 k\u00e4ytet\u00e4\u00e4n laajalti eri teollisuudenaloilla, kuten rakennuskoneissa, maatalouskoneissa, kaivinkoneissa ja kuormaajissa. <\/p>\n<h3>Rakennuslaitteet:<\/h3>\n<ul>\n<li>Kaivinkoneissa se on v\u00e4ltt\u00e4m\u00e4t\u00f6n kaivamiseen, lastaamiseen ja maaper\u00e4n tai roskien siirt\u00e4miseen.<\/li>\n<li> Kaivinkoneissa kauhan sylinteri auttaa sek\u00e4 kaivamisessa ett\u00e4 nostamisessa.<\/li>\n<li> Etukuormaajissa se auttaa tavaroiden tehokkaassa nostamisessa ja kallistuksessa.<\/li>\n<\/ul>\n<h3>Maatalouskoneet:<\/h3>\n<p>Sit\u00e4 k\u00e4ytet\u00e4\u00e4n etukuormaajiin, maaper\u00e4n, hein\u00e4n ja muiden materiaalien kauhaukseen, nostamiseen ja kuljetukseen.<\/p>\n<h3>Kaivinkoneet:<\/h3>\n<p>Kauhan sylinteri mahdollistaa kaivutoiminnan antamalla kauhan tunkeutua maaper\u00e4\u00e4n. <\/p>\n<p><img decoding=\"async\" src=\"https:\/\/www.hydraulic-cylinders.net\/wp-content\/uploads\/2025\/01\/songte-bushings-with-all-kinds-of-excavator-models.webp\" alt=\"Kauhan sylinteri Komatsun pienelle kaivinkoneelle PC40\"><\/p>\n<h2>Suunnittelun\u00e4k\u00f6kohdat ja valintastandardit<\/h2>\n<ul>\n<li><strong>Kantavuus:<\/strong> Kauhan sylinterin on kestett\u00e4v\u00e4 korkeita painekuormia.<\/li>\n<li><strong>Tiivistys:<\/strong> Erilaisten tiivisteiden, kuten m\u00e4nn\u00e4ntiivisteiden ja varren tiivisteiden, tulisi olla valmistettu kulutusta kest\u00e4vist\u00e4 materiaaleista, kuten polyuretaanista ja nitriilikumista, tiivistyksen varmistamiseksi.<\/li>\n<li><strong>Kest\u00e4vyys:<\/strong> Sylinterin runko ja kierteitetty p\u00e4\u00e4typinta tulisi k\u00e4sitell\u00e4 hienoksi kulutuskest\u00e4vyyden parantamiseksi.<\/li>\n<li><strong>Turvallisuus:<\/strong> Suunnittelussa tulee ottaa huomioon sylinterin toiminnan turvallisuus.<\/li>\n<li><strong>Huolto:<\/strong> Sylinterin tulee olla helppo korjata ja huoltaa.<\/li>\n<\/ul>\n<p><img decoding=\"async\" src=\"https:\/\/www.hydraulic-cylinders.net\/wp-content\/uploads\/2025\/01\/songte-oil-pipes-and-spare-parts.webp\" alt=\"Kauhan sylinteri Komatsun pienelle kaivinkoneelle PC40\"><\/p>\n<h2>Tiivistys ja voitelu<\/h2>\n<p>Erilaisten tiivistekomponenttien, kuten m\u00e4nn\u00e4ntiivisteiden ja varren tiivisteiden, tulisi olla valmistettu kulutusta kest\u00e4vist\u00e4 materiaaleista, kuten polyuretaanista ja nitriilikumista, tehokkaan tiivistyksen varmistamiseksi. Sylinterin runko ja kierteitetty p\u00e4\u00e4typinta tulisi k\u00e4sitell\u00e4 hienoksi kulutuskest\u00e4vyyden parantamiseksi. Voiteluun on tarpeen lis\u00e4t\u00e4 s\u00e4\u00e4nn\u00f6llisesti sopivaa hydrauliikka\u00f6ljy\u00e4.<\/p>\n<p><img decoding=\"async\" src=\"https:\/\/www.hydraulic-cylinders.net\/wp-content\/uploads\/2025\/01\/songte-chushion-collar.webp\" alt=\"Kauhan sylinteri Komatsun pienelle kaivinkoneelle PC40\"><\/p>\n<h2>Huolto ja korjaus<\/h2>\n<p>S\u00e4\u00e4nn\u00f6llinen tarkastus, asianmukainen voitelu, tiivisteiden vaihto ja kalibrointitarkastukset ovat yleisi\u00e4 huoltoteht\u00e4vi\u00e4. Asianmukainen asennus, voitelu ja s\u00e4\u00e4t\u00f6 ovat elint\u00e4rkeit\u00e4, ja asennuksen aikana on annettava asianmukaiset kohdistusohjeet. Sylinterin kiinnitt\u00e4miseksi on suositeltava sopivia asennuskiinnikkeit\u00e4, ja tarkastus-, korjaus- ja vaihtomenettelyt on tarjottava sylinterin k\u00e4ytt\u00f6i\u00e4n pident\u00e4miseksi.<\/p>\n<h2>Turvallisuusn\u00e4k\u00f6kohdat ja ymp\u00e4rist\u00f6tekij\u00e4t<\/h2>\n<p>Kauhasylintereit\u00e4 k\u00e4ytett\u00e4ess\u00e4 on t\u00e4rke\u00e4\u00e4 noudattaa turvatoimenpiteit\u00e4 mahdollisten riskien v\u00e4ltt\u00e4miseksi. Ymp\u00e4rist\u00f6s\u00e4\u00e4nn\u00f6ksi\u00e4 on noudatettava hydrauliikka\u00f6ljy\u00e4 ja muita materiaaleja k\u00e4sitelt\u00e4ess\u00e4.<\/p>\n<h2>Vianm\u00e4\u00e4ritys ja yleiset ongelmat<\/h2>\n<p>Kauhasylintereiden yleisi\u00e4 ongelmia ovat nestevuoto, riitt\u00e4m\u00e4t\u00f6n voima ja ep\u00e4normaali melu. Vianm\u00e4\u00e4rityksen tulisi perustua sylinterin ja sit\u00e4 ymp\u00e4r\u00f6ivien osien perusteelliseen tarkastukseen. Asianmukainen huolto ja oikea-aikainen korjaus ovat v\u00e4ltt\u00e4m\u00e4tt\u00f6mi\u00e4 t\u00e4llaisten ongelmien est\u00e4miseksi.<\/p>\n<h2>Yrityksen esittely<\/h2>\n<p>Olemme korvaavien hydraulisylinterien valmistaja ja tarjoamme t\u00e4yden valikoiman tuotteita. Olemme yksi johtavista hydraulisylinterien valmistajista ja tukkumyyjist\u00e4 kotimaisilla ja kansainv\u00e4lisill\u00e4 markkinoilla. Pyrimme erinomaiseen laatuun ja luotamme teollistettuihin tuotannonohjausstrategioihin hienovalmisteisissa ty\u00f6pajoissa, jatkuvasti parantaen valmistusalustaa, t\u00e4ydellist\u00e4en tuotteiden laadun tuotantolinjaa ja omaten vahvan luomiskyvyn. Pyrimme t\u00e4ytt\u00e4m\u00e4\u00e4n asiakkaiden vaatimukset korkealla tehokkuudella, tarkkuudella ja korkealaatuisilla periaatteilla.<\/p>\n<p><img decoding=\"async\" src=\"https:\/\/hzpt.com\/wp-content\/uploads\/2024\/11\/songte-company-1.webp\" alt=\"Kauhan sylinteri Komatsun pienelle kaivinkoneelle PC40\"><\/p>\n<h2>Ammattitaito ja kansainv\u00e4linen sertifiointi<\/h2>\n<p>Yrityksemme on sitoutunut varmistamaan, ett\u00e4 kaikilla ty\u00f6ntekij\u00f6ill\u00e4mme on tarvittava p\u00e4tevyys ja taidot tarjota ammattimaisia \u200b\u200bpalveluita asiakkaillemme. Olemme hankkineet asiaankuuluvat kansainv\u00e4liset sertifikaatit, kuten ISO ja CE, varmistaaksemme, ett\u00e4 tuotteemme t\u00e4ytt\u00e4v\u00e4t kansainv\u00e4liset laatustandardit.<\/p>\n<h2>R\u00e4\u00e4t\u00e4l\u00f6idyt palvelut ja tuotantolaitteet<\/h2>\n<p>Tarjoamme r\u00e4\u00e4t\u00e4l\u00f6ityj\u00e4 palveluita, joiden avulla voimme tarjota r\u00e4\u00e4t\u00e4l\u00f6ityj\u00e4 hydraulisylinteriratkaisuja jokaisen asiakkaan ainutlaatuisten tarpeiden mukaan. Meill\u00e4 on edistyneet tuotantolaitteet, kuten CNC-koneet ja ammattimaiset testausj\u00e4rjestelm\u00e4t, varmistaaksemme, ett\u00e4 jokainen tuote on laadukas ja luotettava.<\/p>\n<h2>Myynnin j\u00e4lkeinen palvelu<\/h2>\n<p>Yrityksemme tarjoaa t\u00e4yden valikoiman j\u00e4lkimarkkinointipalveluita, mukaan lukien korjaus-, vaihto- ja uudelleenrakennuspalvelut tarjoamillemme tuotteille. Olemme sitoutuneet tarjoamaan asiakkaillemme korkealaatuisia teknisi\u00e4 ratkaisuja ja palveluita varmistaaksemme, ett\u00e4 he saavat parhaan vastineen investoinnilleen.<\/p>\n<p>Kirjoittaja: lyl<\/p>","protected":false},"excerpt":{"rendered":"<p>Introduction What is Bucket Cylinder for Komatsu Small Excavator PC40? Bucket Cylinder for Komatsu Small Excavator PC40 is a specially designed hydraulic cylinder used for controlling the movement of buckets in heavy machinery such as excavators, backhoe excavators, and front-end loaders. Its main function is to enable the bucket to lift, lower, and tilt, thus [&hellip;]<\/p>","protected":false},"featured_media":14788,"comment_status":"open","ping_status":"closed","template":"","meta":{"_et_pb_use_builder":"","_et_pb_old_content":"","_et_gb_content_width":""},"product_brand":[],"product_cat":[1494],"product_tag":[1495,1496],"class_list":{"0":"post-15118","1":"product","2":"type-product","3":"status-publish","4":"has-post-thumbnail","6":"product_cat-bucket-cylinders","7":"product_tag-bucket-cylinders","8":"product_tag-hydraulic-cylinders","10":"first","11":"instock","12":"shipping-taxable","13":"product-type-simple"},"amp_enabled":true,"_links":{"self":[{"href":"https:\/\/www.hydraulic-cylinders.net\/fi\/wp-json\/wp\/v2\/product\/15118","targetHints":{"allow":["GET"]}}],"collection":[{"href":"https:\/\/www.hydraulic-cylinders.net\/fi\/wp-json\/wp\/v2\/product"}],"about":[{"href":"https:\/\/www.hydraulic-cylinders.net\/fi\/wp-json\/wp\/v2\/types\/product"}],"replies":[{"embeddable":true,"href":"https:\/\/www.hydraulic-cylinders.net\/fi\/wp-json\/wp\/v2\/comments?post=15118"}],"wp:featuredmedia":[{"embeddable":true,"href":"https:\/\/www.hydraulic-cylinders.net\/fi\/wp-json\/wp\/v2\/media\/14788"}],"wp:attachment":[{"href":"https:\/\/www.hydraulic-cylinders.net\/fi\/wp-json\/wp\/v2\/media?parent=15118"}],"wp:term":[{"taxonomy":"product_brand","embeddable":true,"href":"https:\/\/www.hydraulic-cylinders.net\/fi\/wp-json\/wp\/v2\/product_brand?post=15118"},{"taxonomy":"product_cat","embeddable":true,"href":"https:\/\/www.hydraulic-cylinders.net\/fi\/wp-json\/wp\/v2\/product_cat?post=15118"},{"taxonomy":"product_tag","embeddable":true,"href":"https:\/\/www.hydraulic-cylinders.net\/fi\/wp-json\/wp\/v2\/product_tag?post=15118"}],"curies":[{"name":"wp","href":"https:\/\/api.w.org\/{rel}","templated":true}]}}