{"id":15119,"date":"2025-01-19T14:07:48","date_gmt":"2025-01-19T14:07:48","guid":{"rendered":"https:\/\/www.hydraulic-cylinders.net\/product\/bucket-cylinder-for-komatsu-small-excavator-pc156-7\/"},"modified":"2025-01-19T14:07:50","modified_gmt":"2025-01-19T14:07:50","slug":"bucket-cylinder-for-komatsu-small-excavator-pc156-7","status":"publish","type":"product","link":"https:\/\/www.hydraulic-cylinders.net\/fi\/tuote\/bucket-cylinder-for-komatsu-small-excavator-pc156-7\/","title":{"rendered":"Kauhan sylinteri Komatsun pienelle kaivinkoneelle PC156-7"},"content":{"rendered":"<h2>Johdanto<\/h2>\n<h3>Kauhan sylinteri Komatsun pienelle kaivinkoneelle PC156-7<\/h3>\n<p>Komatsun pienkaivukoneen PC156-7 kauhansylinteri on erityisesti suunniteltu hydraulisylinteri, jota k\u00e4ytet\u00e4\u00e4n kauhan liikkeen ohjaamiseen raskaissa koneissa, kuten kaivinkoneissa, kaivurikuormaajissa ja etukuormaajissa. Sen p\u00e4\u00e4teht\u00e4v\u00e4n\u00e4 on mahdollistaa kauhan nostaminen, laskeminen ja kallistaminen, mik\u00e4 helpottaa erilaisia \u200b\u200bmateriaalink\u00e4sittelyteht\u00e4vi\u00e4. Hydraulij\u00e4rjestelm\u00e4ss\u00e4 kauhansylinteri ohjaa kauhan tarkkaa liikett\u00e4 hydrauli\u00f6ljyn paineen muutosten avulla, jolloin kuljettajat voivat k\u00e4sitell\u00e4 raskaita kuormia tehokkaasti ja sopeutua monimutkaisiin ty\u00f6ymp\u00e4rist\u00f6ihin ja erilaisiin ty\u00f6vaatimuksiin.<\/p>\n<p><img decoding=\"async\" src=\"https:\/\/www.hydraulic-cylinders.net\/wp-content\/uploads\/2025\/01\/songte-company-2.webp\" alt=\"Kauhan sylinterin kuva\"><\/p>\n<h2>Ominaisuudet<\/h2>\n<ul>\n<li>Suuri lujuus ja kest\u00e4vyys: Tyypillisesti eritt\u00e4in lujasta ter\u00e4ksest\u00e4 tai alumiinista valmistettu tuote kest\u00e4\u00e4 korkeaa painetta ja raskaita kuormia ja sopii vaativiin ty\u00f6ymp\u00e4rist\u00f6ihin. Suunnittelussa on otettu huomioon my\u00f6s kulutuskest\u00e4vyys ja korroosionkest\u00e4vyys, mik\u00e4 pident\u00e4\u00e4 k\u00e4ytt\u00f6ik\u00e4\u00e4.<\/li>\n<li>Tehokas hydraulinen toiminta: Teleskooppiliike on tasaista hydrauli\u00f6ljyn paineen ansiosta, joka reagoi nopeasti ohjauskomentoihin ja tarjoaa tehokkaan ty\u00f6nt\u00f6- ja vetovoiman, joka sopii raskaiden kuormien k\u00e4sittelyyn ja monimutkaisiin ty\u00f6teht\u00e4viin.<\/li>\n<li>Erilaisia \u200b\u200btyyppej\u00e4: Yksitoimisia (hydraulisesti yhteen suuntaan) tai kaksitoimisia (hydraulisesti molempiin suuntiin) sylintereit\u00e4 voidaan valita vaatimusten mukaan erilaisten k\u00e4ytt\u00f6tarpeiden t\u00e4ytt\u00e4miseksi. Jotkut mallit ovat teleskooppisia, mik\u00e4 mahdollistaa suuremman laajennuksen ilman ulkomittojen kasvua, joten ne sopivat rajoitetusti tilaa vaativiin sovelluksiin.<\/li>\n<li>Korkealaatuinen vaihto: Tuotteemme voi t\u00e4ydellisesti korvata n\u00e4m\u00e4 hydraulisylinterit.<\/li>\n<\/ul>\n<p><img decoding=\"async\" src=\"https:\/\/www.hydraulic-cylinders.net\/wp-content\/uploads\/2025\/01\/songte-cylinder-head-with-all-kinds-excavator-models.webp\" alt=\"Kauhan sylinterin vaihtokuva\"><\/p>\n<h2>Sovellukset<\/h2>\n<p>Kauhasylinteri\u00e4 voidaan k\u00e4ytt\u00e4\u00e4 erilaisissa koneissa ja teollisuudenaloilla, mukaan lukien:<\/p>\n<ul>\n<li>Rakennuslaitteet: Kaivinkoneissa ne ovat kriittisi\u00e4 kaivamisessa, lastaamisessa ja maaper\u00e4n tai roskien siirt\u00e4misess\u00e4. Kaivurikuormaajissa kauhan sylinteri avustaa kaivamisessa ja nostamisessa. <\/li>\n<li>Maatalouskoneet: K\u00e4ytet\u00e4\u00e4n etukuormaajissa maaper\u00e4n, hein\u00e4n ja muiden materiaalien kauhaukseen, nostamiseen ja kuljettamiseen. <\/li>\n<li>Kaivinkoneet: Kauhan sylinteri mahdollistaa kauhan tunkeutumisen maaper\u00e4\u00e4n kaivutoiminnan aikaansaamiseksi. <\/li>\n<li>Etukuormaajat: Etukuormaajissa ne auttavat nostamaan ja tyhjent\u00e4m\u00e4\u00e4n tavaroita tehokkaasti.<\/li>\n<\/ul>\n<p>Jokainen sovellus on kuvattu alla:<\/p>\n<ul>\n<li><strong>Rakennuslaitteet:<\/strong> Kaivinkoneissa kauhan sylinteri\u00e4 k\u00e4ytet\u00e4\u00e4n maan tai roskien siirt\u00e4miseen kaivamalla tai nostamalla niit\u00e4. Kaivurikuormaajissa kauhan sylinteri avustaa kaivamisessa ja nostamisessa.<\/li>\n<li><strong>Maatalouskoneet:<\/strong> Kauhasylinteri\u00e4 k\u00e4ytet\u00e4\u00e4n etukuormaajissa maaper\u00e4n, hein\u00e4n ja muiden materiaalien kauhaukseen, nostamiseen ja kuljettamiseen.<\/li>\n<li><strong>Kaivinkoneet:<\/strong> Kauhan sylinterin ansiosta kauha tunkeutuu maaper\u00e4\u00e4n kaivua varten. Se auttaa kaivinkoneita suorittamaan kaivuteht\u00e4v\u00e4t nopeasti ja tehokkaasti.<\/li>\n<li><strong>Etukuormaajat:<\/strong> Etukuormaajissa kauhan sylinteri auttaa nostamaan ja tyhjent\u00e4m\u00e4\u00e4n tavaroita tehokkaasti.<\/li>\n<\/ul>\n<h2>Suunnittelun\u00e4k\u00f6kohdat ja valintakriteerit<\/h2>\n<p>Suunnittelun kannalta kauhan sylinterin kantokyky\u00e4, tiiviytt\u00e4, kest\u00e4vyytt\u00e4, turvallisuutta ja huollettavuutta k\u00e4sitell\u00e4\u00e4n alla:<\/p>\n<ul>\n<li><strong>Kantavuus:<\/strong> Kauhan sylinterin tulee kest\u00e4\u00e4 raskaita kuormia ja korkeaa painetta s\u00e4ilytt\u00e4en samalla vakauden.<\/li>\n<li><strong>Tiivistys:<\/strong> Kauhan sylinterin tulee olla asianmukaisesti tiivistetty \u00f6ljyvuotojen est\u00e4miseksi ja sujuvan toiminnan varmistamiseksi. Polyuretaania, nitriilikumia ja muita kulutusta kest\u00e4vi\u00e4 materiaaleja k\u00e4ytet\u00e4\u00e4n yleisesti tiiviste-elementteihin.<\/li>\n<li><strong>Kest\u00e4vyys:<\/strong> Ankarissa ty\u00f6ymp\u00e4rist\u00f6iss\u00e4 kauhan sylinterin tulisi olla eritt\u00e4in kulutus- ja korroosionkest\u00e4v\u00e4.<\/li>\n<li><strong>Turvallisuus:<\/strong> Kauhasylinteriss\u00e4 tulee olla tarvittavat turvaominaisuudet onnettomuuksien est\u00e4miseksi ja k\u00e4ytt\u00e4j\u00e4n turvallisuuden varmistamiseksi.<\/li>\n<li><strong>Yll\u00e4pidett\u00e4vyys:<\/strong> Kauhasylinteriss\u00e4 tulisi olla helposti saatavilla olevia osia nopeaa ja helppoa huoltoa ja korjausta varten. <\/li>\n<\/ul>\n<p><img decoding=\"async\" src=\"https:\/\/www.hydraulic-cylinders.net\/wp-content\/uploads\/2025\/01\/songte-oil-pipes-and-spare-parts.webp\" alt=\"Kauhan sylinterin osien kuva\"><\/p>\n<h2>Tiivistys ja voitelu<\/h2>\n<p>Kauhasylinterin tiivistykseen ja voiteluun tulee suhtautua vakavasti. Sylinteriss\u00e4 tulisi k\u00e4ytt\u00e4\u00e4 erilaisia \u200b\u200btiivistyselementtej\u00e4, kuten m\u00e4nn\u00e4ntiivisteit\u00e4 ja m\u00e4nn\u00e4nvarren tiivisteit\u00e4, jotka on valmistettu kulutusta kest\u00e4vist\u00e4 materiaaleista, kuten polyuretaanista ja nitriilikumista. Sylinterin runko ja kierteiden p\u00e4\u00e4typinnat tulisi k\u00e4sitell\u00e4 hienoksi kulutuskest\u00e4vyyden parantamiseksi. Asianmukainen voitelu on v\u00e4ltt\u00e4m\u00e4t\u00f6nt\u00e4 sujuvan toiminnan kannalta, ja s\u00e4\u00e4nn\u00f6lliset \u00f6ljynvaihdot ovat v\u00e4ltt\u00e4m\u00e4tt\u00f6mi\u00e4 asianmukaisen huollon kannalta.<\/p>\n<h2>Huolto ja korjaus<\/h2>\n<p>S\u00e4\u00e4nn\u00f6lliset tarkastukset ja ennaltaehk\u00e4isev\u00e4t huoltotoimenpiteet auttavat minimoimaan mahdolliset ongelmat. Oikea asennus, voitelu ja s\u00e4\u00e4t\u00f6 ovat ratkaisevan t\u00e4rkeit\u00e4 optimaalisen suorituskyvyn varmistamiseksi. Joitakin yleisi\u00e4 huoltoteht\u00e4vi\u00e4 ovat:<\/p>\n<ul>\n<li>S\u00e4\u00e4nn\u00f6llinen tarkastus<\/li>\n<li>Oikea voitelu<\/li>\n<li>Tiivisteen vaihto<\/li>\n<li>Kalibrointitarkastukset<\/li>\n<\/ul>\n<p>Jokainen teht\u00e4v\u00e4 on kuvattu alla:<\/p>\n<ul>\n<li><strong>S\u00e4\u00e4nn\u00f6llinen tarkastus:<\/strong> S\u00e4\u00e4nn\u00f6lliset tarkastukset auttavat havaitsemaan ongelmat varhaisessa vaiheessa ja minimoimaan mahdolliset seisokkiajat. Kulumisen, vaurioiden ja vuotojen merkit tulee tarkastaa s\u00e4\u00e4nn\u00f6llisesti.<\/li>\n<li><strong>Oikea voitelu:<\/strong> Voitelu on v\u00e4ltt\u00e4m\u00e4t\u00f6nt\u00e4 sylinterin sujuvalle toiminnalle. Sylinteri tulee voidella s\u00e4\u00e4nn\u00f6llisesti, jotta se toimii sujuvasti.<\/li>\n<li><strong>Tiivisteen vaihto:<\/strong> Tiivisteet ovat ratkaisevan t\u00e4rkeit\u00e4 \u00f6ljyvuotojen est\u00e4misess\u00e4 ja sujuvan toiminnan varmistamisessa. Tiivisteiden hyv\u00e4kuntoisuus on varmistettava s\u00e4\u00e4nn\u00f6llisill\u00e4 huoltotarkastuksilla. <\/li>\n<li><strong>Kalibrointitarkastukset:<\/strong> Kalibrointitarkastukset varmistavat, ett\u00e4 sylinteri toimii oikein. Jos kalibrointiongelmia havaitaan, ne on korjattava viipym\u00e4tt\u00e4.<\/li>\n<\/ul>\n<p><img decoding=\"async\" src=\"https:\/\/www.hydraulic-cylinders.net\/wp-content\/uploads\/2025\/01\/songte-chushion-collar.webp\" alt=\"Kauhan sylinterin huoltokuva\"><\/p>\n<h2>Turvallisuusn\u00e4k\u00f6kohdat ja ymp\u00e4rist\u00f6tekij\u00e4t<\/h2>\n<p>Turvatoimenpiteet ovat olennaisia \u200b\u200bkauhasylinteri\u00e4 k\u00e4ytett\u00e4ess\u00e4. K\u00e4ytt\u00e4j\u00e4n turvallisuuden varmistamiseksi on noudatettava asianmukaista asennusta, huoltoa ja k\u00e4ytt\u00f6\u00e4. Lis\u00e4ksi kauhasylinteri\u00e4 k\u00e4ytett\u00e4ess\u00e4 on otettava huomioon ymp\u00e4rist\u00f6tekij\u00e4t, kuten l\u00e4mp\u00f6tila, kosteus ja p\u00f6ly.<\/p>\n<h2>Vianm\u00e4\u00e4ritys ja yleiset ongelmat<\/h2>\n<p>Kauhasylinteri\u00e4 k\u00e4ytett\u00e4ess\u00e4 voi esiinty\u00e4 joitakin yleisi\u00e4 ongelmia, kuten \u00f6ljyvuotoja, riitt\u00e4m\u00e4t\u00f6nt\u00e4 painetta ja linjausvirheit\u00e4. Vianm\u00e4\u00e4ritysvinkkej\u00e4, ratkaisuja ja ennaltaehk\u00e4isevi\u00e4 toimenpiteit\u00e4 tulee noudattaa mahdollisten ongelmien minimoimiseksi. <\/p>\n<p><img decoding=\"async\" src=\"https:\/\/www.hydraulic-cylinders.net\/wp-content\/uploads\/2025\/01\/songte-bushings-with-all-kinds-of-excavator-models.webp\" alt=\"Kauhan sylinterin vianm\u00e4\u00e4rityskuva\"><\/p>\n<h2>Tietoa yrityksest\u00e4mme<\/h2>\n<p>Olemme korvaavien hydraulisylinterien valmistaja. Yrityksell\u00e4mme on t\u00e4ydellinen tuotevalikoima, ja olemme yksi johtavista hydraulisylinterien valmistajista ja tukkumyyjist\u00e4 kotimaisilla ja kansainv\u00e4lisill\u00e4 markkinoilla. Noudatamme erinomaista laatua ja luotamme hienotuotantopajojen teollisen tuotannon hallintastrategiaan. Yrityksemme parantaa jatkuvasti ty\u00f6pajan valmistusalustaa, hioo tuotteiden laadun tuotantoreitti\u00e4 ja meill\u00e4 on vahva luova kyky tyydytt\u00e4\u00e4 asiakkaita korkean tehokkuuden, tarkkuuden ja korkean laadun periaatteilla.<\/p>\n<p><img decoding=\"async\" src=\"https:\/\/hzpt.com\/wp-content\/uploads\/2024\/11\/songte-company-1.webp\" alt=\"Yrityksen imago\"><\/p>\n<h3>Ammattimaisuus<\/h3>\n<p>Meill\u00e4 on ammattitaitoinen insin\u00f6\u00f6rien ja teknikkojen tiimi, joka pystyy suunnittelemaan ja valmistamaan korkealaatuisia hydraulisylintereit\u00e4 asiakkaiden vaatimusten mukaisesti.<\/p>\n<h3>Kansainv\u00e4linen sertifiointi<\/h3>\n<p>Yrityksemme on l\u00e4p\u00e4issyt useita kansainv\u00e4lisi\u00e4 sertifikaatteja, mukaan lukien CE- ja ISO-sertifikaatit. Asiakkaamme voivat olla varmoja siit\u00e4, ett\u00e4 tuotteemme t\u00e4ytt\u00e4v\u00e4t kansainv\u00e4liset laatustandardit.<\/p>\n<h3>R\u00e4\u00e4t\u00e4l\u00f6intipalvelut<\/h3>\n<p>Tarjoamme r\u00e4\u00e4t\u00e4l\u00f6intipalveluita asiakkaidemme erityistarpeisiin. Tiimimme voi suunnitella ja valmistaa hydraulisylintereit\u00e4 asiakkaan vaatimusten mukaisesti.<\/p>\n<h3>Tuotantolaitteet<\/h3>\n<p>Yrityksemme k\u00e4ytt\u00e4\u00e4 edistyneit\u00e4 tuotantolaitteita, kuten CNC-sorveja ja ty\u00f6st\u00f6keskuksia, varmistaakseen tuotteidemme tarkkuuden ja t\u00e4sm\u00e4llisyyden.<\/p>\n<h3>Myynnin j\u00e4lkeinen palvelu<\/h3>\n<p>Tarjoamme erinomaista myynnin j\u00e4lkeist\u00e4 palvelua, mukaan lukien teknist\u00e4 tukea ja tuotehuoltoa. Tiimimme on k\u00e4ytett\u00e4viss\u00e4 vastaamaan kaikkiin asiakkaiden mahdollisiin kysymyksiin ja huolenaiheisiin.<\/p>\n<h4>Kirjoittaja: lyl<\/h4>","protected":false},"excerpt":{"rendered":"<p>Introduction Bucket Cylinder for Komatsu Small Excavator PC156-7 The Bucket Cylinder for Komatsu Small Excavator PC156-7 is a specifically designed hydraulic cylinder used for controlling the movement of the bucket in heavy machinery such as excavators, backhoe loaders, and front-end loaders. Its main function is to enable the bucket to lift, lower, and tilt, making [&hellip;]<\/p>","protected":false},"featured_media":14787,"comment_status":"open","ping_status":"closed","template":"","meta":{"_et_pb_use_builder":"","_et_pb_old_content":"","_et_gb_content_width":""},"product_brand":[],"product_cat":[1494],"product_tag":[1495,1496],"class_list":{"0":"post-15119","1":"product","2":"type-product","3":"status-publish","4":"has-post-thumbnail","6":"product_cat-bucket-cylinders","7":"product_tag-bucket-cylinders","8":"product_tag-hydraulic-cylinders","10":"first","11":"instock","12":"shipping-taxable","13":"product-type-simple"},"amp_enabled":true,"_links":{"self":[{"href":"https:\/\/www.hydraulic-cylinders.net\/fi\/wp-json\/wp\/v2\/product\/15119","targetHints":{"allow":["GET"]}}],"collection":[{"href":"https:\/\/www.hydraulic-cylinders.net\/fi\/wp-json\/wp\/v2\/product"}],"about":[{"href":"https:\/\/www.hydraulic-cylinders.net\/fi\/wp-json\/wp\/v2\/types\/product"}],"replies":[{"embeddable":true,"href":"https:\/\/www.hydraulic-cylinders.net\/fi\/wp-json\/wp\/v2\/comments?post=15119"}],"wp:featuredmedia":[{"embeddable":true,"href":"https:\/\/www.hydraulic-cylinders.net\/fi\/wp-json\/wp\/v2\/media\/14787"}],"wp:attachment":[{"href":"https:\/\/www.hydraulic-cylinders.net\/fi\/wp-json\/wp\/v2\/media?parent=15119"}],"wp:term":[{"taxonomy":"product_brand","embeddable":true,"href":"https:\/\/www.hydraulic-cylinders.net\/fi\/wp-json\/wp\/v2\/product_brand?post=15119"},{"taxonomy":"product_cat","embeddable":true,"href":"https:\/\/www.hydraulic-cylinders.net\/fi\/wp-json\/wp\/v2\/product_cat?post=15119"},{"taxonomy":"product_tag","embeddable":true,"href":"https:\/\/www.hydraulic-cylinders.net\/fi\/wp-json\/wp\/v2\/product_tag?post=15119"}],"curies":[{"name":"wp","href":"https:\/\/api.w.org\/{rel}","templated":true}]}}