{"id":15120,"date":"2025-01-19T14:07:52","date_gmt":"2025-01-19T14:07:52","guid":{"rendered":"https:\/\/www.hydraulic-cylinders.net\/product\/bucket-cylinder-for-komatsu-small-excavator-pc75uu\/"},"modified":"2025-01-19T14:07:53","modified_gmt":"2025-01-19T14:07:53","slug":"bucket-cylinder-for-komatsu-small-excavator-pc75uu","status":"publish","type":"product","link":"https:\/\/www.hydraulic-cylinders.net\/fi\/tuote\/bucket-cylinder-for-komatsu-small-excavator-pc75uu\/","title":{"rendered":"Kauhan sylinteri Komatsun pienelle kaivinkoneelle PC75UU"},"content":{"rendered":"<h1>Kauhan sylinteri Komatsun pienelle kaivinkoneelle PC75UU<\/h1>\n<h2>Johdanto<\/h2>\n<p>Kauhasylinteri on erityisesti suunniteltu hydraulisylinteri, jota k\u00e4ytet\u00e4\u00e4n raskaiden koneiden, kuten kaivinkoneiden, traktorikaivureiden ja etukuormaajien, kauhojen liikkeen ohjaamiseen. Sen ensisijainen teht\u00e4v\u00e4 on mahdollistaa kauhan nostaminen, laskeminen ja kallistaminen, mik\u00e4 helpottaa erilaisten materiaalink\u00e4sittelyteht\u00e4vien k\u00e4sittely\u00e4. Hydraulij\u00e4rjestelm\u00e4ss\u00e4 kauhasylinteri saavuttaa kauhan tarkan hallinnan muuttamalla hydrauli\u00f6ljyn painetta, mink\u00e4 ansiosta k\u00e4ytt\u00e4j\u00e4t voivat k\u00e4sitell\u00e4 raskaita kuormia tehokkaasti, sopeutua monimutkaisiin ty\u00f6ymp\u00e4rist\u00f6ihin ja erilaisiin ty\u00f6vaatimuksiin.<\/p>\n<p><img decoding=\"async\" src=\"https:\/\/www.hydraulic-cylinders.net\/wp-content\/uploads\/2025\/01\/songte-company-2.webp\"><\/p>\n<h2>Ominaisuudet<\/h2>\n<ul>\n<li>Suuri lujuus ja kest\u00e4vyys: tyypillisesti valmistettu eritt\u00e4in lujasta ter\u00e4ksest\u00e4 tai alumiinista, kest\u00e4\u00e4 korkeita paineita ja raskaita kuormia, ja se on suunniteltu kulumis- ja korroosionkest\u00e4vyys mieless\u00e4 pit\u00e4en, mik\u00e4 pident\u00e4\u00e4 sen k\u00e4ytt\u00f6ik\u00e4\u00e4.<\/li>\n<li>Tehokas hydraulinen toiminta: k\u00e4ytt\u00e4\u00e4 hydrauli\u00f6ljyn painetta tasaisen ulosvedon ja sis\u00e4\u00e4nvedon aikaansaamiseksi, pystyy reagoimaan nopeasti ohjauskomentoihin ja tarjoaa tehokkaan ty\u00f6nt\u00f6- ja vetovoiman, sopii raskaiden kuormien k\u00e4sittelyyn ja monimutkaisiin ty\u00f6teht\u00e4viin.<\/li>\n<li>Erilaisia \u200b\u200btyyppej\u00e4: yksitoimisia (hydraulisesti vain yhteen suuntaan) tai kaksitoimisia (hydraulisesti kahteen suuntaan) sylintereit\u00e4 voidaan valita vaatimusten mukaan erilaisten k\u00e4ytt\u00f6tarpeiden t\u00e4ytt\u00e4miseksi. Jotkut mallit ovat teleskooppisia, mik\u00e4 mahdollistaa suuremman jatkeen ilman ulkomittojen kasvua, mik\u00e4 sopii sovelluksiin, joissa on rajoitetusti tilaa.<\/li>\n<li>Mukautettava: tuotteemme voi t\u00e4ydellisesti korvata n\u00e4m\u00e4 hydraulisylinterit.<\/li>\n<\/ul>\n<p><img decoding=\"async\" src=\"https:\/\/www.hydraulic-cylinders.net\/wp-content\/uploads\/2025\/01\/songte-cylinder-head-with-all-kinds-excavator-models.webp\"><\/p>\n<h2>Sovellukset<\/h2>\n<p>Kauhasylinterit ovat v\u00e4ltt\u00e4m\u00e4tt\u00f6mi\u00e4 rakennuskoneissa, maatalouskoneissa, kaivinkoneissa ja etukuormaajissa. Ne auttavat maan tai roskien kaivamisessa, lastaamisessa ja siirt\u00e4misess\u00e4 kaivinkoneissa, avustavat kaivamisessa ja nostamisessa kaivinkoneissa, auttavat nostamisessa ja tyhjent\u00e4misess\u00e4 etukuormaajissa ja ovat v\u00e4ltt\u00e4m\u00e4tt\u00f6mi\u00e4 maaper\u00e4n, hein\u00e4n ja muiden materiaalien k\u00e4sittelyteht\u00e4viss\u00e4 maatalouskoneissa.<\/p>\n<h3>Rakennuslaitteet:<\/h3>\n<ul>\n<li>Kaivinkoneet: kauhan sylinterit mahdollistavat kauhan tunkeutumisen maaper\u00e4\u00e4n kaivutoiminnan aikaansaamiseksi.<\/li>\n<li>Kaivinkoneet: kauhan sylinteri ei ainoastaan \u200b\u200bauta kaivamisessa, vaan my\u00f6s nostamisessa.<\/li>\n<li>Etukuormaajat: kauhan sylinterit auttavat nostamaan ja tyhjent\u00e4m\u00e4\u00e4n tavaroita tehokkaasti.<\/li>\n<\/ul>\n<h3>Maatalouskoneet:<\/h3>\n<ul>\n<li>Etukuormaajat: maaper\u00e4n, hein\u00e4n ja muiden materiaalien k\u00e4sittelyteht\u00e4viin.<\/li>\n<\/ul>\n<h3>Kaivinkoneet:<\/h3>\n<ul>\n<li>Kauhasylinterit mahdollistavat kauhan tunkeutumisen maaper\u00e4\u00e4n kaivutoiminnan aikaansaamiseksi.<\/li>\n<\/ul>\n<h2>Suunnittelun huomioon ottaminen ja valintastandardi<\/h2>\n<p>Kauhasylinterin suunnittelussa on otettava huomioon kuormankantokyky, tiivistyskyky, kest\u00e4vyys, turvallisuus ja huolto. Seuraavat ovat suunnittelun ja valintastandardien keskeisi\u00e4 n\u00e4k\u00f6kohtia:<\/p>\n<ul>\n<li>Kuormankantokyky: kauhan sylinteriss\u00e4 k\u00e4ytet\u00e4\u00e4n tyypillisesti eritt\u00e4in lujia materiaaleja kest\u00e4m\u00e4\u00e4n korkeita paineita ja raskaita kuormia.<\/li>\n<li>Tiivistysominaisuudet: Sylinteriss\u00e4 k\u00e4ytet\u00e4\u00e4n erilaisia \u200b\u200btiivisteit\u00e4, kuten m\u00e4nn\u00e4ntiivisteit\u00e4, varren tiivisteit\u00e4 jne., jotka on valmistettu kulutusta kest\u00e4vist\u00e4 materiaaleista, kuten polyuretaanista ja nitriilikumista, tiivistysominaisuuksien parantamiseksi, k\u00e4ytt\u00f6i\u00e4n pident\u00e4miseksi ja \u00f6ljyvuotojen v\u00e4hent\u00e4miseksi.<\/li>\n<li>Kest\u00e4vyys: sylinterin runko ja kierrepinta on tarkasti k\u00e4sitelty kulutuskest\u00e4vyyden parantamiseksi ja k\u00e4ytt\u00f6i\u00e4n pident\u00e4miseksi.<\/li>\n<li>Turvallisuus: sylinterien suunnittelussa tulisi ottaa huomioon turvaominaisuudet, kuten paineenalennusventtiilit, onnettomuusriskin v\u00e4hent\u00e4miseksi.<\/li>\n<li>Huolto: s\u00e4\u00e4nn\u00f6llinen huolto, kuten \u00f6ljynvaihto, tiivisteiden vaihto ja kalibrointitarkastukset, voivat pident\u00e4\u00e4 sylinterin k\u00e4ytt\u00f6ik\u00e4\u00e4 ja yll\u00e4pit\u00e4\u00e4 sen suorituskyky\u00e4.<\/li>\n<\/ul>\n<p><img decoding=\"async\" src=\"https:\/\/www.hydraulic-cylinders.net\/wp-content\/uploads\/2025\/01\/songte-oil-pipes-and-spare-parts.webp\"><\/p>\n<h2>Tiivistys ja voitelu<\/h2>\n<p>Kauhasylinteriss\u00e4 k\u00e4ytet\u00e4\u00e4n erilaisia \u200b\u200btiivisteit\u00e4, kuten m\u00e4nn\u00e4ntiivisteit\u00e4, varren tiivisteit\u00e4 jne., jotka on valmistettu kulutusta kest\u00e4vist\u00e4 materiaaleista, kuten polyuretaanista ja nitriilikumista, tiivistyskyvyn parantamiseksi, k\u00e4ytt\u00f6i\u00e4n pident\u00e4miseksi ja \u00f6ljyvuotojen v\u00e4hent\u00e4miseksi. S\u00e4\u00e4nn\u00f6llinen voitelu hydrauli\u00f6ljyll\u00e4 on tarpeen sylinterin suorituskyvyn yll\u00e4pit\u00e4miseksi ja k\u00e4ytt\u00f6i\u00e4n pident\u00e4miseksi.<\/p>\n<h2>Huolto ja korjaus<\/h2>\n<p>S\u00e4\u00e4nn\u00f6llinen huolto ja korjaus ovat v\u00e4ltt\u00e4m\u00e4tt\u00f6mi\u00e4 kauhan sylinterin moitteettoman toiminnan varmistamiseksi ja mahdollisten ongelmien ehk\u00e4isemiseksi. Seuraavat ovat yleisi\u00e4 huoltoteht\u00e4vi\u00e4:<\/p>\n<ul>\n<li>S\u00e4\u00e4nn\u00f6llinen tarkastus: tarkista kulumisen, \u00f6ljyvuotojen tai muiden vaurioiden merkit.<\/li>\n<li>Voitelu: Levit\u00e4 voiteluainetta liikkuviin osiin ja tarkista hydrauliikka\u00f6ljyn m\u00e4\u00e4r\u00e4 s\u00e4\u00e4nn\u00f6llisesti.<\/li>\n<li>Tiivisteiden vaihto: vaihda kuluneet tai vaurioituneet tiivisteet \u00f6ljyvuotojen est\u00e4miseksi.<\/li>\n<li>Kalibrointitarkistus: tarkista sylinterin paine ja iskunpituus varmistaaksesi, ett\u00e4 ne t\u00e4ytt\u00e4v\u00e4t vaaditut vaatimukset.<\/li>\n<\/ul>\n<p><img decoding=\"async\" src=\"https:\/\/www.hydraulic-cylinders.net\/wp-content\/uploads\/2025\/01\/songte-chushion-collar.webp\"><\/p>\n<h2>Turvallisuusn\u00e4k\u00f6kohdat ja ymp\u00e4rist\u00f6tekij\u00e4t<\/h2>\n<p>Kauhasylinteri\u00e4 k\u00e4ytett\u00e4ess\u00e4 on t\u00e4rke\u00e4\u00e4 noudattaa turvaohjeita, kuten suojavarusteiden k\u00e4ytt\u00f6\u00e4 ja asianmukaisen asennuksen ja k\u00e4yt\u00f6n varmistamista. Lis\u00e4ksi on t\u00e4rke\u00e4\u00e4 ottaa huomioon ymp\u00e4rist\u00f6tekij\u00e4t, kuten \u00f6ljyvuodot tai -l\u00e4ikkymiset ja k\u00e4ytetyn hydrauli\u00f6ljyn asianmukainen h\u00e4vitt\u00e4minen.<\/p>\n<h2>Vianm\u00e4\u00e4ritys ja yleiset ongelmat<\/h2>\n<p>Kauhasylinterin yleisi\u00e4 ongelmia ovat \u00f6ljyvuodot, tiivisteiden vaurioituminen sek\u00e4 kyvytt\u00f6myys laajentua tai supistua. Vianm\u00e4\u00e4ritysvaiheisiin voi kuulua \u00f6ljytasojen tarkistaminen, tiivisteiden tarkastaminen sek\u00e4 mahdollisten vaurioiden tai l\u00f6ysien liitosten tarkistaminen. S\u00e4\u00e4nn\u00f6lliset huoltotoimenpiteet voivat est\u00e4\u00e4 mahdollisten ongelmien syntymisen.<\/p>\n<h2>Tietoa yrityksest\u00e4mme<\/h2>\n<p>Olemme korvaavien hydraulisylinterien valmistaja ja tarjoamme t\u00e4yden valikoiman tuotteita. Olemme yksi johtavista hydraulisylinterien valmistajista ja tukkumyyjist\u00e4 maailmanlaajuisesti. Noudatamme erinomaisen laadun periaatetta ja luotamme teollistettuihin tuotannonohjausstrategioihin, jotka perustuvat hienostuneisiin valmistuspajoihin, teknisiin kykyihin, digitaalisiin huippuluokan valmistuslaitteisiin ja ammattimaisiin tarkastusj\u00e4rjestelmiin. Parannamme jatkuvasti ty\u00f6pajojen valmistusalustaa, hiomme tuotteiden laadun tuotantolinjaa ja meill\u00e4 on vahvaa luovuutta vastataksemme asiakkaiden monipuolisiin tarpeisiin. Tarjoamme muun muassa ammattimaista, kansainv\u00e4list\u00e4 sertifiointia, r\u00e4\u00e4t\u00e4l\u00f6ityj\u00e4 palveluita, tuotantolaitteita ja huoltopalvelua.<\/p>\n<p><img decoding=\"async\" src=\"https:\/\/hzpt.com\/wp-content\/uploads\/2024\/11\/songte-company-1.webp\"><\/p>\n<p>Kirjoittaja: lyl<\/p>","protected":false},"excerpt":{"rendered":"<p>Bucket Cylinder For Komatsu Small Excavator PC75UU Introduction A bucket cylinder is a specially designed hydraulic cylinder used to control the movement of buckets in heavy machinery such as excavators, backhoe excavators, and front-end loaders. Its primary function is to allow the bucket to lift, lower, and tilt, making it easier to handle various material [&hellip;]<\/p>","protected":false},"featured_media":14785,"comment_status":"open","ping_status":"closed","template":"","meta":{"_et_pb_use_builder":"","_et_pb_old_content":"","_et_gb_content_width":""},"product_brand":[],"product_cat":[1494],"product_tag":[1495,1496],"class_list":{"0":"post-15120","1":"product","2":"type-product","3":"status-publish","4":"has-post-thumbnail","6":"product_cat-bucket-cylinders","7":"product_tag-bucket-cylinders","8":"product_tag-hydraulic-cylinders","10":"first","11":"instock","12":"shipping-taxable","13":"product-type-simple"},"amp_enabled":true,"_links":{"self":[{"href":"https:\/\/www.hydraulic-cylinders.net\/fi\/wp-json\/wp\/v2\/product\/15120","targetHints":{"allow":["GET"]}}],"collection":[{"href":"https:\/\/www.hydraulic-cylinders.net\/fi\/wp-json\/wp\/v2\/product"}],"about":[{"href":"https:\/\/www.hydraulic-cylinders.net\/fi\/wp-json\/wp\/v2\/types\/product"}],"replies":[{"embeddable":true,"href":"https:\/\/www.hydraulic-cylinders.net\/fi\/wp-json\/wp\/v2\/comments?post=15120"}],"wp:featuredmedia":[{"embeddable":true,"href":"https:\/\/www.hydraulic-cylinders.net\/fi\/wp-json\/wp\/v2\/media\/14785"}],"wp:attachment":[{"href":"https:\/\/www.hydraulic-cylinders.net\/fi\/wp-json\/wp\/v2\/media?parent=15120"}],"wp:term":[{"taxonomy":"product_brand","embeddable":true,"href":"https:\/\/www.hydraulic-cylinders.net\/fi\/wp-json\/wp\/v2\/product_brand?post=15120"},{"taxonomy":"product_cat","embeddable":true,"href":"https:\/\/www.hydraulic-cylinders.net\/fi\/wp-json\/wp\/v2\/product_cat?post=15120"},{"taxonomy":"product_tag","embeddable":true,"href":"https:\/\/www.hydraulic-cylinders.net\/fi\/wp-json\/wp\/v2\/product_tag?post=15120"}],"curies":[{"name":"wp","href":"https:\/\/api.w.org\/{rel}","templated":true}]}}