{"id":15121,"date":"2025-01-19T14:07:55","date_gmt":"2025-01-19T14:07:55","guid":{"rendered":"https:\/\/www.hydraulic-cylinders.net\/product\/bucket-cylinder-for-komatsu-small-excavator-pc120-3-5-6-6e-7\/"},"modified":"2025-01-19T14:07:57","modified_gmt":"2025-01-19T14:07:57","slug":"bucket-cylinder-for-komatsu-small-excavator-pc120-3-5-6-6e-7","status":"publish","type":"product","link":"https:\/\/www.hydraulic-cylinders.net\/fi\/tuote\/bucket-cylinder-for-komatsu-small-excavator-pc120-3-5-6-6e-7\/","title":{"rendered":"Kauhan sylinteri Komatsun pienelle kaivinkoneelle PC120-3-5-6-6E-7"},"content":{"rendered":"<h1>Kauhan sylinteri Komatsun pienelle kaivinkoneelle PC120-3-5-6-6E-7<\/h1>\n<h2>Johdanto<\/h2>\n<p>Kauhasylinteri on erityisesti suunniteltu hydraulisylinteri, jota k\u00e4ytet\u00e4\u00e4n ensisijaisesti kauhan liikkeen ohjaamiseen raskaissa koneissa, kuten kaivinkoneissa, traktorikaivureissa ja etukuormaajissa. Sen p\u00e4\u00e4teht\u00e4v\u00e4n\u00e4 on mahdollistaa kauhan nostaminen, laskeminen ja kallistaminen, mik\u00e4 helpottaa erilaisia \u200b\u200bmateriaalink\u00e4sittelyteht\u00e4vi\u00e4. Hydraulij\u00e4rjestelm\u00e4ss\u00e4 kauhasylinteri saavuttaa tarkan kauhan hallinnan hydrauli\u00f6ljyn paineen muutosten avulla, mink\u00e4 ansiosta k\u00e4ytt\u00e4j\u00e4t voivat k\u00e4sitell\u00e4 raskaita kuormia tehokkaasti ja sopeutua monimutkaisiin ty\u00f6ymp\u00e4rist\u00f6ihin ja erilaisiin ty\u00f6vaatimuksiin.<\/p>\n<p><img decoding=\"async\" src=\"https:\/\/www.hydraulic-cylinders.net\/wp-content\/uploads\/2025\/01\/songte-company-2.webp\" alt=\"Kauhan sylinterin kuva\"><\/p>\n<h2>Ominaisuudet<\/h2>\n<ul>\n<li>Korkea lujuus ja kest\u00e4vyys: Tyypillisesti eritt\u00e4in lujasta ter\u00e4ksest\u00e4 tai alumiinista valmistettu tuote kest\u00e4\u00e4 korkeaa painetta ja raskaita kuormia ja sopeutuu vaativiin ty\u00f6ymp\u00e4rist\u00f6ihin. Suunnittelussa on otettu huomioon kulumiskest\u00e4vyys ja korroosionkest\u00e4vyys k\u00e4ytt\u00f6i\u00e4n pident\u00e4miseksi.<\/li>\n<li>Tehokas hydraulinen toiminta: Sujuvat ojennus- ja supistusliikkeet saavutetaan k\u00e4ytt\u00e4m\u00e4ll\u00e4 hydrauli\u00f6ljyn painetta, joka reagoi nopeasti ohjauskomentoihin ja tarjoaa voimakkaan ty\u00f6nt\u00f6- ja vetovoiman, mik\u00e4 sopii raskaiden kuormien k\u00e4sittelyyn ja monimutkaisiin k\u00e4ytt\u00f6teht\u00e4viin.<\/li>\n<li>Erilaisia \u200b\u200btyyppej\u00e4: Sylinterityyppej\u00e4 voidaan valita vaatimusten mukaan, kuten yksitoimisina (hydraulisesti vain yhteen suuntaan) tai kaksitoimisina (hydraulisesti kahteen suuntaan), erilaisten k\u00e4ytt\u00f6tarpeiden mukaan. Jotkut mallit ovat teleskooppisia, mik\u00e4 mahdollistaa suuremman jatkeen ilman ulkomittojen kasvua, mik\u00e4 sopii sovelluksiin, joissa on rajoitetusti tilaa.<\/li>\n<li>T\u00e4ydellinen korvaus: Tuotteemme voi t\u00e4ydellisesti korvata n\u00e4m\u00e4 hydraulisylinterit.<\/li>\n<\/ul>\n<p><img decoding=\"async\" src=\"https:\/\/www.hydraulic-cylinders.net\/wp-content\/uploads\/2025\/01\/songte-cylinder-head-with-all-kinds-excavator-models.webp\" alt=\"Kauhan sylinterin kuva\"><\/p>\n<h2>Sovellukset<\/h2>\n<p>Kauhasylintereit\u00e4 k\u00e4ytet\u00e4\u00e4n yleisesti erilaisissa raskaissa koneissa, joihin kuuluvat:<\/p>\n<ul>\n<li>Rakennuslaitteet: Kaivinkoneissa ne ovat kriittisi\u00e4 kaivamisessa, lastaamisessa ja maaper\u00e4n tai roskien siirt\u00e4misess\u00e4. Kaivinkoneissa kauhan sylinteri auttaa sek\u00e4 kaivamisessa ett\u00e4 nostamisessa. <\/li>\n<li>Maatalouskoneet: K\u00e4ytet\u00e4\u00e4n etukuormaajissa maaper\u00e4n, hein\u00e4n ja muiden materiaalien kauhaukseen, nostamiseen ja kuljettamiseen. <\/li>\n<li>Kaivinkoneet: Kauhan sylinteri mahdollistaa kaivinkoneen kaivamisen antamalla kauhan tunkeutua maaper\u00e4\u00e4n. <\/li>\n<li>Kuormaajat: Etukuormaajissa ne auttavat kuormien tehokkaassa nostamisessa ja kallistamisessa. <\/li>\n<\/ul>\n<h2>Suunnittelun\u00e4k\u00f6kohdat ja valintastandardit<\/h2>\n<p>Kauhasylinteri\u00e4 suunniteltaessa on kiinnitett\u00e4v\u00e4 erityist\u00e4 huomiota sen kantavuuteen, tiiviyteen, kest\u00e4vyyteen, turvallisuuteen ja huoltoon. Joitakin suunnittelussa huomioon otettavia seikkoja ovat:<\/p>\n<ul>\n<li>Kantavuus: Sylinterin on kestett\u00e4v\u00e4 k\u00e4yt\u00f6n aikana odotettavissa oleva enimm\u00e4iskuormitus.<\/li>\n<li>Tiivistys: Erilaisten tiivistysmateriaalien, kuten m\u00e4nn\u00e4ntiivisteiden, varren tiivisteiden jne., k\u00e4ytt\u00f6 kulutusta kest\u00e4vien materiaalien, kuten polyuretaanin ja nitriilikumin, kanssa voi pident\u00e4\u00e4 sylinterin k\u00e4ytt\u00f6ik\u00e4\u00e4.<\/li>\n<li>Kest\u00e4vyys: Sylinterin runko ja kierteen p\u00e4\u00e4typinta tulee k\u00e4sitell\u00e4 hienoksi, mik\u00e4 lis\u00e4\u00e4 sylinterin kulutuskest\u00e4vyytt\u00e4.<\/li>\n<li>Turvallisuus: Sylinterit tulee suunnitella siten, ett\u00e4 ne est\u00e4v\u00e4t vuodot, rikkoutumisen tai paineen \u00e4killisen vapautumisen laitteiden ja k\u00e4ytt\u00e4jien turvallisuuden varmistamiseksi.<\/li>\n<li>Huolto: S\u00e4\u00e4nn\u00f6llinen huolto, kuten sylinterin tarkastus ja s\u00e4\u00e4t\u00f6, voi varmistaa sen moitteettoman toiminnan ja pident\u00e4\u00e4 sen k\u00e4ytt\u00f6ik\u00e4\u00e4.<\/li>\n<\/ul>\n<p><img decoding=\"async\" src=\"https:\/\/www.hydraulic-cylinders.net\/wp-content\/uploads\/2025\/01\/songte-oil-pipes-and-spare-parts.webp\" alt=\"Kauhan sylinterin kuva\"><\/p>\n<h2>Tiivistys ja voitelu<\/h2>\n<p>Kauhasylintereiss\u00e4 k\u00e4ytet\u00e4\u00e4n erilaisia \u200b\u200btiivistyskomponentteja, kuten m\u00e4nn\u00e4ntiivisteit\u00e4 ja varren tiivisteit\u00e4, hydrauli\u00f6ljyn vuotamisen est\u00e4miseksi. Tiivistemateriaalina k\u00e4ytet\u00e4\u00e4n yleens\u00e4 polyuretaania ja nitriilikumia, jotka ovat kulutusta kest\u00e4vi\u00e4 ja joilla on erinomaiset tiivistysominaisuudet. Asianmukainen voitelu on my\u00f6s v\u00e4ltt\u00e4m\u00e4t\u00f6nt\u00e4 sylinterin sujuvan toiminnan varmistamiseksi. On suositeltavaa lis\u00e4t\u00e4 s\u00e4\u00e4nn\u00f6llisesti sopiva m\u00e4\u00e4r\u00e4 hydrauli\u00f6ljy\u00e4.<\/p>\n<h2>Ennakoiva huolto ja vianm\u00e4\u00e4ritys<\/h2>\n<p>Ennaltaehk\u00e4isev\u00e4 huolto on ratkaisevan t\u00e4rke\u00e4\u00e4 kauhan sylinterin pitk\u00e4ik\u00e4isyyden varmistamiseksi. S\u00e4\u00e4nn\u00f6lliset tarkastukset, asianmukainen voitelu, tiivisteiden vaihto ja kalibrointitarkastukset ovat yleisi\u00e4 huoltoteht\u00e4vi\u00e4. Jos ongelmia ilmenee, asianmukaiset vianm\u00e4\u00e4ritystekniikat voivat auttaa diagnosoimaan ja ratkaisemaan ongelman tehokkaasti. On my\u00f6s t\u00e4rke\u00e4\u00e4 ryhty\u00e4 ennaltaehk\u00e4iseviin toimenpiteisiin mahdollisten ongelmien minimoimiseksi.<\/p>\n<p><img decoding=\"async\" src=\"https:\/\/www.hydraulic-cylinders.net\/wp-content\/uploads\/2025\/01\/songte-chushion-collar.webp\" alt=\"Kauhan sylinterin kuva\"><\/p>\n<h2>Turvallisuus- ja ymp\u00e4rist\u00f6n\u00e4k\u00f6kohdat<\/h2>\n<p>Kauhasylintereit\u00e4 k\u00e4ytett\u00e4ess\u00e4 on noudatettava turvatoimia onnettomuuksien ja vammojen v\u00e4ltt\u00e4miseksi. On t\u00e4rke\u00e4\u00e4 noudattaa turvallisuusohjeita ja -ohjeita sylinterin asianmukaisen asennuksen ja k\u00e4yt\u00f6n varmistamiseksi. Ymp\u00e4rist\u00f6n kannalta k\u00e4ytetyn hydrauliikka\u00f6ljyn ja muiden sylinterin osien asianmukainen h\u00e4vitt\u00e4minen on olennaista ymp\u00e4rist\u00f6n saastumisen est\u00e4miseksi.<\/p>\n<h2>Yrityksen esittely<\/h2>\n<p>Olemme johtava hydraulisylintereiden valmistaja ja tukkumyyj\u00e4 kotimaisilla ja kansainv\u00e4lisill\u00e4 markkinoilla. Tuotevalikoimamme on kattava, ja pyrimme huippulaatuun. Teollisten tuotannonohjausstrategioiden, osaavien kykyjen, huippuluokan digitaalisten valmistuslaitteiden ja ammattimaisten testausj\u00e4rjestelmien avulla parannamme jatkuvasti valmistusymp\u00e4rist\u00f6\u00e4mme, t\u00e4ydellist\u00e4mme tuotantoreitti\u00e4 ja meill\u00e4 on vahvat innovaatiokyvyt vastata asiakkaidemme monipuolisiin tarpeisiin.<\/p>\n<ul>\n<li>Ammattitaito: Meill\u00e4 on ammattitaitoisten insin\u00f6\u00f6rien tiimi, joka voi tarjota r\u00e4\u00e4t\u00e4l\u00f6ityj\u00e4 palveluita asiakkaan vaatimusten mukaisesti.<\/li>\n<li>Kansainv\u00e4linen sertifiointi: Tuotteemme ovat l\u00e4p\u00e4isseet kansainv\u00e4liset sertifikaatit, kuten ISO9001 ja CE.<\/li>\n<li>R\u00e4\u00e4t\u00e4l\u00f6intipalvelu: Tarjoamme r\u00e4\u00e4t\u00e4l\u00f6intipalveluita erilaisille hydraulisylintereille asiakkaan vaatimusten mukaisesti.<\/li>\n<li>Tuotantolaitteet: Meill\u00e4 on edistykselliset tuotantolaitteet, kuten CNC-sorvit, ty\u00f6st\u00f6keskukset ja hitsausrobotit.<\/li>\n<li>Myynnin j\u00e4lkeinen palvelu: Tarjoamme korkealaatuista myynnin j\u00e4lkeist\u00e4 palvelua, mukaan lukien osien vaihto ja korjauspalvelut.<\/li>\n<\/ul>\n<p><img decoding=\"async\" src=\"https:\/\/hzpt.com\/wp-content\/uploads\/2024\/11\/songte-company-1.webp\" alt=\"Kauhan sylinterin kuva\"><\/p>\n<p>Kirjoittaja: lyl<\/p>","protected":false},"excerpt":{"rendered":"<p>Bucket Cylinder For Komatsu Small Excavator PC120-3-5-6-6E-7 Introduction A bucket cylinder is a specially designed hydraulic cylinder that is primarily used to control the movement of the bucket in heavy machinery, such as excavators, backhoes, and front-end loaders. Its main function is to enable the bucket to be raised, lowered, and tilted, making it easier [&hellip;]<\/p>","protected":false},"featured_media":14784,"comment_status":"open","ping_status":"closed","template":"","meta":{"_et_pb_use_builder":"","_et_pb_old_content":"","_et_gb_content_width":""},"product_brand":[],"product_cat":[1494],"product_tag":[1495,1496],"class_list":{"0":"post-15121","1":"product","2":"type-product","3":"status-publish","4":"has-post-thumbnail","6":"product_cat-bucket-cylinders","7":"product_tag-bucket-cylinders","8":"product_tag-hydraulic-cylinders","10":"first","11":"instock","12":"shipping-taxable","13":"product-type-simple"},"amp_enabled":true,"_links":{"self":[{"href":"https:\/\/www.hydraulic-cylinders.net\/fi\/wp-json\/wp\/v2\/product\/15121","targetHints":{"allow":["GET"]}}],"collection":[{"href":"https:\/\/www.hydraulic-cylinders.net\/fi\/wp-json\/wp\/v2\/product"}],"about":[{"href":"https:\/\/www.hydraulic-cylinders.net\/fi\/wp-json\/wp\/v2\/types\/product"}],"replies":[{"embeddable":true,"href":"https:\/\/www.hydraulic-cylinders.net\/fi\/wp-json\/wp\/v2\/comments?post=15121"}],"wp:featuredmedia":[{"embeddable":true,"href":"https:\/\/www.hydraulic-cylinders.net\/fi\/wp-json\/wp\/v2\/media\/14784"}],"wp:attachment":[{"href":"https:\/\/www.hydraulic-cylinders.net\/fi\/wp-json\/wp\/v2\/media?parent=15121"}],"wp:term":[{"taxonomy":"product_brand","embeddable":true,"href":"https:\/\/www.hydraulic-cylinders.net\/fi\/wp-json\/wp\/v2\/product_brand?post=15121"},{"taxonomy":"product_cat","embeddable":true,"href":"https:\/\/www.hydraulic-cylinders.net\/fi\/wp-json\/wp\/v2\/product_cat?post=15121"},{"taxonomy":"product_tag","embeddable":true,"href":"https:\/\/www.hydraulic-cylinders.net\/fi\/wp-json\/wp\/v2\/product_tag?post=15121"}],"curies":[{"name":"wp","href":"https:\/\/api.w.org\/{rel}","templated":true}]}}