{"id":15128,"date":"2025-01-19T14:08:23","date_gmt":"2025-01-19T14:08:23","guid":{"rendered":"https:\/\/www.hydraulic-cylinders.net\/product\/bucket-cylinder-for-komatsu-small-excavator-pc55-55uu\/"},"modified":"2025-01-19T14:08:25","modified_gmt":"2025-01-19T14:08:25","slug":"bucket-cylinder-for-komatsu-small-excavator-pc55-55uu","status":"publish","type":"product","link":"https:\/\/www.hydraulic-cylinders.net\/fi\/tuote\/bucket-cylinder-for-komatsu-small-excavator-pc55-55uu\/","title":{"rendered":"Kauhan sylinteri Komatsun pienkaivukoneelle PC55 55UU"},"content":{"rendered":"<h1>Kauhan sylinteri Komatsun pienkaivukoneelle PC55 55UU<\/h1>\n<h2>Johdanto<\/h2>\n<p>Komatsun PC55 55UU -pienkaivukoneen kauhan sylinteri on erikoishydraulinen sylinteri, jota k\u00e4ytet\u00e4\u00e4n p\u00e4\u00e4asiassa kauhan liikkeen ohjaamiseen raskaissa koneissa, kuten kaivinkoneissa, traktorikaivureissa ja etukuormaajissa. Sen ensisijainen teht\u00e4v\u00e4 on mahdollistaa kauhan nostaminen, laskeminen ja kallistaminen, mik\u00e4 helpottaa erilaisia \u200b\u200bmateriaalink\u00e4sittelyteht\u00e4vi\u00e4. Hydraulij\u00e4rjestelm\u00e4ss\u00e4 kauhan sylinteri saavuttaa kauhan tarkan hallinnan hydrauli\u00f6ljyn paineen muutosten avulla ja antaa k\u00e4ytt\u00e4jille mahdollisuuden k\u00e4sitell\u00e4 raskaita esineit\u00e4 tehokkaasti, mukautuen monimutkaisiin ty\u00f6ymp\u00e4rist\u00f6ihin ja erilaisiin k\u00e4ytt\u00f6vaatimuksiin.<\/p>\n<p><img decoding=\"async\" src=\"https:\/\/www.hydraulic-cylinders.net\/wp-content\/uploads\/2025\/01\/songte-company-2.webp\" alt=\"Kauhan sylinterin kuva\"><\/p>\n<h2>Ominaisuudet<\/h2>\n<ul>\n<li>Suuri lujuus ja kest\u00e4vyys: tyypillisesti valmistettu eritt\u00e4in lujasta ter\u00e4ksest\u00e4 tai alumiinista, kest\u00e4\u00e4 korkeaa painetta ja raskaita kuormia, sopii vaativiin ty\u00f6ymp\u00e4rist\u00f6ihin, on suunniteltu kulutus- ja korroosionkest\u00e4vyytt\u00e4 ajatellen sek\u00e4 pitk\u00e4\u00e4 k\u00e4ytt\u00f6ik\u00e4\u00e4 silm\u00e4ll\u00e4 pit\u00e4en.<\/li>\n<li>Tehokas hydraulinen toiminta: hydrauli\u00f6ljyn paineen ansiosta saavutetaan sujuvat ojennus- ja supistusliikkeet, nopea reagointi ohjauskomentoihin, tehokas ty\u00f6nt\u00f6- ja vetovoima, sopii raskaiden esineiden k\u00e4sittelyyn ja monimutkaisiin k\u00e4ytt\u00f6teht\u00e4viin.<\/li>\n<li>Saatavilla on useita eri tyyppej\u00e4: yksitoimisia (hydraulisesti vain yhteen suuntaan) tai kaksitoimisia (hydraulisesti kahteen suuntaan) sylintereit\u00e4 voidaan valita tarpeiden mukaan erilaisten k\u00e4ytt\u00f6vaatimusten t\u00e4ytt\u00e4miseksi. Jotkut mallit ovat teleskooppisia, mik\u00e4 mahdollistaa suuremman laajennuksen ilman ulkomittojen kasvua, joten ne sopivat rajoitettuihin tiloihin.<\/li>\n<li>T\u00e4ydellinen korvaaja hydraulisylinterille: tuotteemme voi t\u00e4ydellisesti korvata n\u00e4m\u00e4 hydraulisylinterit.<\/li>\n<\/ul>\n<p><img decoding=\"async\" src=\"https:\/\/www.hydraulic-cylinders.net\/wp-content\/uploads\/2025\/01\/songte-cylinder-head-with-all-kinds-excavator-models.webp\" alt=\"Kauhan sylinterin kuva\"><\/p>\n<h2>Sovellukset<\/h2>\n<p>Komatsun PC55 55UU -kaivukoneen kauhan sylinterill\u00e4 on useita k\u00e4ytt\u00f6tarkoituksia eri aloilla:<\/p>\n<ul>\n<li>Rakennuslaitteet: k\u00e4ytet\u00e4\u00e4n laajalti kaivinkoneissa maan tai roskien kaivamiseen, lastaamiseen ja siirt\u00e4miseen. Kaivinkoneissa kauhan sylinterit auttavat sek\u00e4 kaivamisessa ett\u00e4 nostamisessa. <\/li>\n<li>Maatalouskoneet: k\u00e4ytet\u00e4\u00e4n etukuormaajiin, maaper\u00e4n, hein\u00e4n ja muiden materiaalien nostamiseen, ker\u00e4\u00e4miseen ja kuljettamiseen; kaivinkoneissa kauhan sylinterit mahdollistavat kaivamisen antamalla kauhan tunkeutua maaper\u00e4\u00e4n. <\/li>\n<li>Kuormaajat: etukuormaajissa ne auttavat nostamaan ja kallistamaan tavaroita tehokkaasti. <\/li>\n<\/ul>\n<h2>Suunnittelun\u00e4k\u00f6kohdat ja valintakriteerit<\/h2>\n<p>Komatsun PC55 55UU -kaivukoneen kauhan sylinterin suunnittelussa on otettu huomioon seuraavat n\u00e4k\u00f6kohdat:<\/p>\n<ul>\n<li>Kantavuus: kest\u00e4\u00e4 kuormituksen ja paineen k\u00e4ytt\u00f6ymp\u00e4rist\u00f6ss\u00e4.<\/li>\n<li>Tiivistyksen tehokkuus: K\u00e4ytet\u00e4\u00e4n erilaisia \u200b\u200btiivisteit\u00e4, kuten m\u00e4nn\u00e4ntiivisteit\u00e4 ja varren tiivisteit\u00e4, kulutusta kest\u00e4vist\u00e4 materiaaleista valmistettuja tiivisteit\u00e4, edistynytt\u00e4 sylinterirungon ja kierteitettyjen p\u00e4iden pinnoitusprosessia kulumiskest\u00e4vyyden parantamiseksi sek\u00e4 s\u00e4\u00e4nn\u00f6llist\u00e4 voitelua hydrauliikka\u00f6ljyll\u00e4 tehokkaan tiivistyksen ja voitelun takaamiseksi.<\/li>\n<li>Kest\u00e4vyys: Kest\u00e4\u00e4 vaativia ty\u00f6olosuhteita, valmistettu eritt\u00e4in lujista materiaaleista ja suunniteltu kulutus- ja korroosionkest\u00e4vyys huomioon ottaen, mik\u00e4 pident\u00e4\u00e4 tuotteen k\u00e4ytt\u00f6ik\u00e4\u00e4.<\/li>\n<li>Turvallisuus: Turvallisuusstandardien ja -m\u00e4\u00e4r\u00e4ysten tarkka noudattaminen, k\u00e4ytt\u00e4jille turvatoimenpiteiden ja -menettelyjen tarjoaminen sek\u00e4 k\u00e4ytt\u00e4jien turvallisuuden varmistaminen k\u00e4yt\u00f6n aikana.<\/li>\n<li>Huolto: Helppo huolto, korkealaatuisten komponenttien k\u00e4ytt\u00f6 sek\u00e4 s\u00e4\u00e4nn\u00f6llinen huolto ja tarkastus tuotteen k\u00e4ytt\u00f6i\u00e4n pident\u00e4miseksi.<\/li>\n<\/ul>\n<p><img decoding=\"async\" src=\"https:\/\/www.hydraulic-cylinders.net\/wp-content\/uploads\/2025\/01\/songte-oil-pipes-and-spare-parts.webp\" alt=\"Kauhan sylinterin kuva\"><\/p>\n<h2>Tiivistys ja voitelu<\/h2>\n<p>Komatsun PC55 55UU -pienkaivukoneen kauhan sylinteriss\u00e4 on k\u00e4ytetty erilaisia \u200b\u200btiivisteit\u00e4, kuten m\u00e4nn\u00e4ntiivisteit\u00e4 ja varren tiivisteit\u00e4, kulutusta kest\u00e4vist\u00e4 materiaaleista. Sylinterin runko ja kierteitetty p\u00e4\u00e4typinta on k\u00e4sitelty huolellisesti kulutuskest\u00e4vyyden parantamiseksi. S\u00e4\u00e4nn\u00f6llinen voitelu hydrauliikka\u00f6ljyll\u00e4 voitelee sylinterin tehokkaasti ja varmistaa tuotteen tiivistyksen.<\/p>\n<h2>Huolto ja korjaus<\/h2>\n<p>S\u00e4\u00e4nn\u00f6llinen tarkastus ja ennakoiva huolto voivat auttaa pident\u00e4m\u00e4\u00e4n kauhan sylinterin k\u00e4ytt\u00f6ik\u00e4\u00e4. Yleisi\u00e4 huoltoteht\u00e4vi\u00e4 ovat:<\/p>\n<ul>\n<li>S\u00e4\u00e4nn\u00f6llinen tarkastus<\/li>\n<li>Oikea voitelu<\/li>\n<li>Tiivisteen vaihto<\/li>\n<li>Kalibrointitarkistus<\/li>\n<\/ul>\n<p>Kauhasylinterin oikea asennus on my\u00f6s kriittist\u00e4, ja suosittelemme k\u00e4ytt\u00e4m\u00e4\u00e4n sopivia asennuskiinnikkeit\u00e4 sylinterin kiinnitt\u00e4miseen. Sylinterin oikea kohdistus on v\u00e4ltt\u00e4m\u00e4t\u00f6nt\u00e4 asennuksen aikana. Tarjoamme suositeltuja tarkastus-, korjaus- ja vaihtomenettelyj\u00e4, osien vaihtoa ja uudelleenrakennuspalveluita tuotteen k\u00e4ytt\u00f6i\u00e4n pident\u00e4miseksi.<\/p>\n<p><img decoding=\"async\" src=\"https:\/\/www.hydraulic-cylinders.net\/wp-content\/uploads\/2025\/01\/songte-chushion-collar.webp\" alt=\"Kauhan sylinterin kuva\"><\/p>\n<h2>Turvallisuus- ja ymp\u00e4rist\u00f6n\u00e4k\u00f6kohdat<\/h2>\n<p>Kauhasylinteri\u00e4 k\u00e4ytett\u00e4ess\u00e4 on noudatettava tarkasti turvallisuustoimenpiteit\u00e4 onnettomuuksien v\u00e4ltt\u00e4miseksi ja k\u00e4ytt\u00e4j\u00e4n turvallisuuden varmistamiseksi. K\u00e4yt\u00f6n aikana on k\u00e4ytett\u00e4v\u00e4 asianmukaisia \u200b\u200bsuojavarusteita. Ymp\u00e4rist\u00f6n\u00e4k\u00f6kohtiin kuuluu j\u00e4tteiden asianmukainen h\u00e4vitt\u00e4minen ja ymp\u00e4rist\u00f6m\u00e4\u00e4r\u00e4ysten noudattaminen tuotannon ja k\u00e4yt\u00f6n aikana.<\/p>\n<h2>Vianm\u00e4\u00e4ritys ja yleiset ongelmat<\/h2>\n<p>Komatsun PC55 55UU -pienkaivukoneen kauhan sylinteriss\u00e4 voi k\u00e4yt\u00f6n aikana esiinty\u00e4 yleisi\u00e4 ongelmia, kuten vuotoja, kulumista ja heikentynytt\u00e4 suorituskyky\u00e4. Asianmukainen vianm\u00e4\u00e4ritys ja ennaltaehk\u00e4isev\u00e4t toimenpiteet voivat auttaa minimoimaan ja ehk\u00e4isem\u00e4\u00e4n n\u00e4it\u00e4 ongelmia ja varmistamaan tuotteen moitteettoman toiminnan. Tarjoamme vianm\u00e4\u00e4ritysvinkkej\u00e4 ja -ratkaisuja, jotka auttavat lukijoita diagnosoimaan ja ratkaisemaan ongelmia sek\u00e4 ehdottamaan ennaltaehk\u00e4isevi\u00e4 toimenpiteit\u00e4.<\/p>\n<p><img decoding=\"async\" src=\"https:\/\/www.hydraulic-cylinders.net\/wp-content\/uploads\/2025\/01\/songte-bushings-with-all-kinds-of-excavator-models.webp\" alt=\"Kauhan sylinterin kuva\"><\/p>\n<h2>Tietoa yrityksest\u00e4mme<\/h2>\n<p>Olemme korvaavien hydraulisylinterien valmistaja ja tarjoamme kattavan tuotevalikoiman. Olemme yksi johtavista hydraulisylinterien valmistajista ja tukkumyyjist\u00e4 kotimaisilla ja kansainv\u00e4lisill\u00e4 markkinoilla. Noudatamme erinomaisen laadun periaatetta, luotamme hienoihin valmistusty\u00f6pajoihin teollistettujen tuotannonohjausstrategioiden toteuttamisessa ja parannamme jatkuvasti ty\u00f6pajan valmistusalustaa k\u00e4ytt\u00e4m\u00e4ll\u00e4 teknisi\u00e4 kykyj\u00e4, digitaalisia huippuluokan valmistuslaitteita ja ammattimaisia \u200b\u200btestausj\u00e4rjestelmi\u00e4. Meill\u00e4 on vahva luovuus, ja korkean tehokkuuden, tarkkuuden ja laadun periaatteilla pystymme vastaamaan asiakkaiden monipuolisiin tarpeisiin. <\/p>\n<p><img decoding=\"async\" src=\"https:\/\/hzpt.com\/wp-content\/uploads\/2024\/11\/songte-company-1.webp\" alt=\"Kauhan sylinterin kuva\"><\/p>\n<h3>Ammattimaisuus<\/h3>\n<p>Meill\u00e4 on ammattitaitoinen tiimi, jolla on laaja kokemus hydrauliikkatuotteista, tarjotaksemme asiakkaillemme korkealaatuisia ratkaisuja ja palveluita.<\/p>\n<h3>Kansainv\u00e4linen sertifiointi<\/h3>\n<p>Tuotteemme ovat l\u00e4p\u00e4isseet kansainv\u00e4liset sertifikaatit, kuten CE, ISO9001 ja SGS, mik\u00e4 varmistaa tuotteiden laadun ja turvallisuuden.<\/p>\n<h3>R\u00e4\u00e4t\u00e4l\u00f6intipalvelut<\/h3>\n<p>Tarjoamme r\u00e4\u00e4t\u00e4l\u00f6ityj\u00e4 palveluita vastaamaan asiakkaiden ainutlaatuisia tarpeita, r\u00e4\u00e4t\u00e4l\u00f6ityj\u00e4 tuotteita ja ratkaisuja parhaan mahdollisen asiakaskokemuksen takaamiseksi.<\/p>\n<h3>Tuotantolaitteet<\/h3>\n<p>K\u00e4yt\u00e4mme edistyneit\u00e4 ja huippuluokan valmistuslaitteita varmistaaksemme tuotteidemme laadun ja suorituskyvyn.<\/p>\n<h3>Myynnin j\u00e4lkeinen palvelu<\/h3>\n<p>Tarjoamme kattavia j\u00e4lkimarkkinointipalveluita, kuten teknist\u00e4 tukea, huoltoa, korjausta, varaosien vaihtoa ja uudelleenrakennuspalveluita.<\/p>\n<p>Kirjoittaja: lyl<\/p>","protected":false},"excerpt":{"rendered":"<p>Bucket Cylinder For Komatsu Small Excavator PC55 55UU Introduction The bucket cylinder for Komatsu small excavator PC55 55UU is a specialized hydraulic cylinder mainly used to control the movement of the bucket in heavy machinery, such as excavators, backhoe excavators, and front loaders. Its primary function is to allow the bucket to lift, lower, and [&hellip;]<\/p>","protected":false},"featured_media":14769,"comment_status":"open","ping_status":"closed","template":"","meta":{"_et_pb_use_builder":"","_et_pb_old_content":"","_et_gb_content_width":""},"product_brand":[],"product_cat":[1494],"product_tag":[1495,1496],"class_list":{"0":"post-15128","1":"product","2":"type-product","3":"status-publish","4":"has-post-thumbnail","6":"product_cat-bucket-cylinders","7":"product_tag-bucket-cylinders","8":"product_tag-hydraulic-cylinders","10":"first","11":"instock","12":"shipping-taxable","13":"product-type-simple"},"amp_enabled":true,"_links":{"self":[{"href":"https:\/\/www.hydraulic-cylinders.net\/fi\/wp-json\/wp\/v2\/product\/15128","targetHints":{"allow":["GET"]}}],"collection":[{"href":"https:\/\/www.hydraulic-cylinders.net\/fi\/wp-json\/wp\/v2\/product"}],"about":[{"href":"https:\/\/www.hydraulic-cylinders.net\/fi\/wp-json\/wp\/v2\/types\/product"}],"replies":[{"embeddable":true,"href":"https:\/\/www.hydraulic-cylinders.net\/fi\/wp-json\/wp\/v2\/comments?post=15128"}],"wp:featuredmedia":[{"embeddable":true,"href":"https:\/\/www.hydraulic-cylinders.net\/fi\/wp-json\/wp\/v2\/media\/14769"}],"wp:attachment":[{"href":"https:\/\/www.hydraulic-cylinders.net\/fi\/wp-json\/wp\/v2\/media?parent=15128"}],"wp:term":[{"taxonomy":"product_brand","embeddable":true,"href":"https:\/\/www.hydraulic-cylinders.net\/fi\/wp-json\/wp\/v2\/product_brand?post=15128"},{"taxonomy":"product_cat","embeddable":true,"href":"https:\/\/www.hydraulic-cylinders.net\/fi\/wp-json\/wp\/v2\/product_cat?post=15128"},{"taxonomy":"product_tag","embeddable":true,"href":"https:\/\/www.hydraulic-cylinders.net\/fi\/wp-json\/wp\/v2\/product_tag?post=15128"}],"curies":[{"name":"wp","href":"https:\/\/api.w.org\/{rel}","templated":true}]}}