{"id":15132,"date":"2025-01-19T14:08:45","date_gmt":"2025-01-19T14:08:45","guid":{"rendered":"https:\/\/www.hydraulic-cylinders.net\/product\/bucket-cylinder-for-komatsu-middle-excavator-pc150-5\/"},"modified":"2025-01-19T14:08:47","modified_gmt":"2025-01-19T14:08:47","slug":"bucket-cylinder-for-komatsu-middle-excavator-pc150-5","status":"publish","type":"product","link":"https:\/\/www.hydraulic-cylinders.net\/fi\/tuote\/bucket-cylinder-for-komatsu-middle-excavator-pc150-5\/","title":{"rendered":"Kauhan sylinteri Komatsun keskikaivinkoneelle PC150-5"},"content":{"rendered":"<h1>Kauhan sylinteri Komatsun keskikaivinkoneelle PC150-5<\/h1>\n<h2>Johdanto<\/h2>\n<p>Komatsun keskikaivukoneen PC150-5 kauhan sylinteri on hydraulisylinteri, joka on erityisesti suunniteltu ohjaamaan kauhan liikett\u00e4 raskaissa koneissa, kuten kaivinkoneissa, traktorikaivureissa ja etukuormaajissa. Sen p\u00e4\u00e4teht\u00e4v\u00e4n\u00e4 on mahdollistaa kauhan nostaminen, laskeminen ja kallistaminen, mik\u00e4 helpottaa erilaisten materiaalink\u00e4sittelyteht\u00e4vien k\u00e4sittely\u00e4. Hydraulij\u00e4rjestelm\u00e4ss\u00e4 kauhan sylinteri saavuttaa tarkan kauhan liikkeen hallinnan hydrauli\u00f6ljyn paineen muutosten avulla, jolloin kuljettaja voi k\u00e4sitell\u00e4 raskaita esineit\u00e4 tehokkaasti ja sopeutua monimutkaisiin ty\u00f6ymp\u00e4rist\u00f6ihin ja erilaisiin ty\u00f6vaatimuksiin.<\/p>\n<p><img decoding=\"async\" src=\"https:\/\/www.hydraulic-cylinders.net\/wp-content\/uploads\/2025\/01\/songte-company-2.webp\"><\/p>\n<h2>Ominaisuudet<\/h2>\n<ul>\n<li>Suuri lujuus ja kest\u00e4vyys: tyypillisesti valmistettu eritt\u00e4in lujasta ter\u00e4ksest\u00e4 tai alumiinista, kest\u00e4\u00e4 korkeaa painetta ja raskaita kuormia, soveltuu vaativiin ty\u00f6ymp\u00e4rist\u00f6ihin ja on suunniteltu kulumis- ja korroosionkest\u00e4vyyden huomioon ottamiseksi k\u00e4ytt\u00f6i\u00e4n pident\u00e4miseksi.<\/li>\n<li>Tehokas hydraulinen toiminta: hydrauli\u00f6ljyn paineen ansiosta saavutetaan tasainen ojennus- ja supistusliike, reagoi nopeasti ohjauskomentoihin, tarjoaa tehokkaan ty\u00f6nt\u00f6- ja vetovoiman, sopii raskaiden esineiden k\u00e4sittelyyn ja monimutkaisiin ty\u00f6teht\u00e4viin.<\/li>\n<li>Erilaisia \u200b\u200btyyppej\u00e4: yksitoimisia (hydraulisesti vain yhteen suuntaan) tai kaksitoimisia (hydraulisesti molempiin suuntiin) sylintereit\u00e4 voidaan valita tarpeiden mukaan erilaisten k\u00e4ytt\u00f6tarpeiden t\u00e4ytt\u00e4miseksi. Jotkut mallit ovat teleskooppisia, mik\u00e4 mahdollistaa suuremman jatkeen ilman ulkomittojen kasvua, mik\u00e4 sopii sovelluksiin, joissa on rajoitetusti tilaa.<\/li>\n<li>Vaihdettavissa: tuotteemme voivat t\u00e4ydellisesti korvata n\u00e4m\u00e4 hydraulisylinterit.<\/li>\n<li>Mukautettava: Voimme valmistaa kauhan sylinterin asiakkaan vaatimusten mukaisesti.<\/li>\n<\/ul>\n<p><img decoding=\"async\" src=\"https:\/\/www.hydraulic-cylinders.net\/wp-content\/uploads\/2025\/01\/songte-cylinder-head-with-all-kinds-excavator-models.webp\"><\/p>\n<h2>Sovellukset<\/h2>\n<p>Kauhasylinterill\u00e4 on laaja valikoima sovelluksia eri teollisuudenaloilla, mukaan lukien:<\/p>\n<ul>\n<li>Rakennuslaitteet: kaivinkoneet, traktorikaivurit ja etukuormaajat k\u00e4ytt\u00e4v\u00e4t kauhan sylinteri\u00e4 maan tai roskien kaivamiseen, lastaamiseen ja siirt\u00e4miseen.<\/li>\n<li>Maatalouskoneet: k\u00e4ytet\u00e4\u00e4n etukuormaajissa maaper\u00e4n, hein\u00e4n ja muiden materiaalien kauhaukseen, nostamiseen ja kuljettamiseen.<\/li>\n<li>Kaivinkoneet: kauhan sylinterit mahdollistavat kaivutoiminnan antamalla kauhan tunkeutua maaper\u00e4\u00e4n.<\/li>\n<li>Kuormaajat: etukuormaajissa ne auttavat lastin tehokkaassa nostamisessa ja kallistamisessa.<\/li>\n<\/ul>\n<h2>Suunnittelun\u00e4k\u00f6kohdat ja valintakriteerit<\/h2>\n<p>Kauhasylinterin suunnittelussa on otettava huomioon sen kuormankantokyky, tiiviys, kest\u00e4vyys, turvallisuus ja huollettavuus. Keskeisi\u00e4 suunnittelun\u00e4k\u00f6kohtia ovat:<\/p>\n<ul>\n<li>Kantavuus: sylinterin on kestett\u00e4v\u00e4 suuria kuormia ilman muodonmuutoksia tai murtumia.<\/li>\n<li>Tiivistys: erilaisia \u200b\u200btiivistyskomponentteja, kuten m\u00e4nn\u00e4ntiivisteit\u00e4 ja varren tiivisteit\u00e4, k\u00e4ytet\u00e4\u00e4n \u00f6ljyvuotojen est\u00e4miseen ja j\u00e4rjestelm\u00e4n paineen yll\u00e4pit\u00e4miseen.<\/li>\n<li>Kest\u00e4vyys: sylinterin on kestett\u00e4v\u00e4 ankaria ty\u00f6ymp\u00e4rist\u00f6j\u00e4 ja oltava kest\u00e4v\u00e4 kulumiselta ja korroosiolta.<\/li>\n<li>Turvallisuus: turvallisen k\u00e4yt\u00f6n varmistamiseksi tarvitaan toimenpiteit\u00e4, kuten varoventtiilien ja ylikuormitussuojalaitteiden k\u00e4ytt\u00f6\u00e4.<\/li>\n<li>Huollettavuus: Sylinterin on oltava helppo purkaa, puhdistaa, tarkastaa ja koota uudelleen huollon ja korjauksen helpottamiseksi.<\/li>\n<\/ul>\n<p><img decoding=\"async\" src=\"https:\/\/www.hydraulic-cylinders.net\/wp-content\/uploads\/2025\/01\/songte-oil-pipes-and-spare-parts.webp\"><\/p>\n<h2>Tiivistys ja voitelu<\/h2>\n<p>Kauhasylinteriss\u00e4 k\u00e4ytet\u00e4\u00e4n erilaisia \u200b\u200btiivisteit\u00e4, kuten m\u00e4nn\u00e4ntiivisteit\u00e4 ja varren tiivisteit\u00e4, jotka on valmistettu kulutusta kest\u00e4vist\u00e4 materiaaleista, kuten polyuretaanista ja nitriilikumista, \u00f6ljyvuotojen est\u00e4miseksi. Sylinterin runko ja kierteitetty p\u00e4\u00e4typinta on hienosti k\u00e4sitelty kulutuskest\u00e4vyyden parantamiseksi. Voitelua varten on tarpeen lis\u00e4t\u00e4 s\u00e4\u00e4nn\u00f6llisesti sopiva m\u00e4\u00e4r\u00e4 hydrauli\u00f6ljy\u00e4.<\/p>\n<h2>Huolto ja korjaus<\/h2>\n<p>S\u00e4\u00e4nn\u00f6lliset tarkastukset ja ennaltaehk\u00e4isev\u00e4 huolto ovat v\u00e4ltt\u00e4m\u00e4tt\u00f6mi\u00e4 kauhan sylinterin pitk\u00e4aikaisen luotettavan toiminnan varmistamiseksi. Yleisi\u00e4 huoltoteht\u00e4vi\u00e4 ovat:<\/p>\n<ul>\n<li>S\u00e4\u00e4nn\u00f6llinen tarkastus: tarkista sylinterin kunto, kuten halkeamat, kuluminen, muodonmuutokset ja vuodot.<\/li>\n<li>Oikea voitelu: k\u00e4yt\u00e4 sopivaa voiteluainetta ja rasvaa ja varmista, ett\u00e4 niit\u00e4 lis\u00e4t\u00e4\u00e4n s\u00e4\u00e4nn\u00f6llisesti.<\/li>\n<li>Tiivisteiden vaihto: Vaihda tiivisteet viipym\u00e4tt\u00e4, jos niiss\u00e4 n\u00e4kyy kulumisen tai vaurioitumisen merkkej\u00e4.<\/li>\n<li>Kalibrointitarkistus: tarkista sylinterin paine ja s\u00e4\u00e4d\u00e4 sit\u00e4 tarvittaessa.<\/li>\n<\/ul>\n<p><img decoding=\"async\" src=\"https:\/\/www.hydraulic-cylinders.net\/wp-content\/uploads\/2025\/01\/songte-chushion-collar.webp\"><\/p>\n<h2>Turvallisuus- ja ymp\u00e4rist\u00f6n\u00e4k\u00f6kohdat<\/h2>\n<p>Kauhasylinteri\u00e4 k\u00e4ytett\u00e4ess\u00e4 on t\u00e4rke\u00e4\u00e4 noudattaa turvallisuusohjeita onnettomuuksien v\u00e4ltt\u00e4miseksi, kuten suojavarusteiden k\u00e4ytt\u00f6\u00e4 ja sylinterin asianmukaista asentamista. Ymp\u00e4rist\u00f6n\u00e4k\u00f6kohtiin kuuluu sylinteriss\u00e4 k\u00e4ytetyn hydrauli\u00f6ljyn asianmukainen h\u00e4vitt\u00e4minen ymp\u00e4rist\u00f6n saastumisen v\u00e4ltt\u00e4miseksi.<\/p>\n<h2>Vianm\u00e4\u00e4ritys ja ehk\u00e4isy<\/h2>\n<p>Kauhasylinterin yleisi\u00e4 vikoja ovat \u00f6ljyvuodot, m\u00e4nn\u00e4n ja m\u00e4nn\u00e4nvarren vauriot sek\u00e4 ep\u00e4normaali melu. N\u00e4iden vikojen est\u00e4miseksi s\u00e4\u00e4nn\u00f6llinen tarkastus ja huolto ovat v\u00e4ltt\u00e4m\u00e4tt\u00f6mi\u00e4, ja mahdollisten vikojen nopea korjaus on ratkaisevan t\u00e4rke\u00e4\u00e4.<\/p>\n<p><img decoding=\"async\" src=\"https:\/\/www.hydraulic-cylinders.net\/wp-content\/uploads\/2025\/01\/songte-bushings-with-all-kinds-of-excavator-models.webp\"><\/p>\n<h2>Tietoa yrityksest\u00e4mme<\/h2>\n<p>Olemme hydraulisten sylinterien valmistaja, jotka voivat korvata muita hydraulisia sylintereit\u00e4. Yrityksemme tarjoaa laajan valikoiman tuotteita ja on tullut yhdeksi johtavista hydraulisten sylinterien valmistajista ja tukkumyyjist\u00e4 kotimaisilla ja kansainv\u00e4lisill\u00e4 markkinoilla. Noudatamme erinomaisen laadun periaatetta ja luotamme teollistettuihin tuotannonohjausstrategioihin hienoissa valmistuspajoissa. Parannamme jatkuvasti valmistusalustaa, parannamme tuotteiden laatua tuotantolinjalla ja meill\u00e4 on vahvat luomiskyvyt vastataksemme asiakkaidemme monipuolisiin tarpeisiin korkealla tehokkuudella, tarkkuudella ja laadulla.<\/p>\n<ul>\n<li>Ammattitaito: Meill\u00e4 on kokeneiden insin\u00f6\u00f6rien ja teknikkojen tiimi, joka tarjoaa ammattimaisia \u200b\u200bpalveluita ja tukea asiakkaillemme.<\/li>\n<li>Kansainv\u00e4liset sertifikaatit: Tuotteemme ovat l\u00e4p\u00e4isseet ISO9001-, CE- ja SGS-sertifikaatit, ja ne ovat asiakkaiden tunnustamia ymp\u00e4ri maailmaa.<\/li>\n<li>R\u00e4\u00e4t\u00e4l\u00f6intipalvelu: Voimme r\u00e4\u00e4t\u00e4l\u00f6id\u00e4 tuotteitamme asiakkaidemme erityistarpeiden mukaan.<\/li>\n<li>Tuotantolaitteet: K\u00e4yt\u00e4mme edistyneit\u00e4 tuotantolaitteita, kuten CNC-koneita ja robotteja, korkean laadun ja tehokkuuden varmistamiseksi.<\/li>\n<li>Myynnin j\u00e4lkeinen palvelu: Tarjoamme kattavaa myynnin j\u00e4lkeist\u00e4 palvelua, joka sis\u00e4lt\u00e4\u00e4 huollon, korjauksen ja osien vaihdon, asiakastyytyv\u00e4isyyden varmistamiseksi.<\/li>\n<\/ul>\n<p>Kirjoittaja: lyl<\/p>","protected":false},"excerpt":{"rendered":"<p>Bucket Cylinder For Komatsu Middle Excavator PC150-5 Introduction The bucket cylinder for Komatsu Middle Excavator PC150-5 is a hydraulic cylinder specially designed to control the movement of the bucket in heavy machinery such as excavators, backhoes, and front loaders. Its main function is to enable the bucket to lift, lower, and tilt, making it easier [&hellip;]<\/p>","protected":false},"featured_media":14789,"comment_status":"open","ping_status":"closed","template":"","meta":{"_et_pb_use_builder":"","_et_pb_old_content":"","_et_gb_content_width":""},"product_brand":[],"product_cat":[1494],"product_tag":[1495,1496],"class_list":{"0":"post-15132","1":"product","2":"type-product","3":"status-publish","4":"has-post-thumbnail","6":"product_cat-bucket-cylinders","7":"product_tag-bucket-cylinders","8":"product_tag-hydraulic-cylinders","10":"first","11":"instock","12":"shipping-taxable","13":"product-type-simple"},"amp_enabled":true,"_links":{"self":[{"href":"https:\/\/www.hydraulic-cylinders.net\/fi\/wp-json\/wp\/v2\/product\/15132","targetHints":{"allow":["GET"]}}],"collection":[{"href":"https:\/\/www.hydraulic-cylinders.net\/fi\/wp-json\/wp\/v2\/product"}],"about":[{"href":"https:\/\/www.hydraulic-cylinders.net\/fi\/wp-json\/wp\/v2\/types\/product"}],"replies":[{"embeddable":true,"href":"https:\/\/www.hydraulic-cylinders.net\/fi\/wp-json\/wp\/v2\/comments?post=15132"}],"wp:featuredmedia":[{"embeddable":true,"href":"https:\/\/www.hydraulic-cylinders.net\/fi\/wp-json\/wp\/v2\/media\/14789"}],"wp:attachment":[{"href":"https:\/\/www.hydraulic-cylinders.net\/fi\/wp-json\/wp\/v2\/media?parent=15132"}],"wp:term":[{"taxonomy":"product_brand","embeddable":true,"href":"https:\/\/www.hydraulic-cylinders.net\/fi\/wp-json\/wp\/v2\/product_brand?post=15132"},{"taxonomy":"product_cat","embeddable":true,"href":"https:\/\/www.hydraulic-cylinders.net\/fi\/wp-json\/wp\/v2\/product_cat?post=15132"},{"taxonomy":"product_tag","embeddable":true,"href":"https:\/\/www.hydraulic-cylinders.net\/fi\/wp-json\/wp\/v2\/product_tag?post=15132"}],"curies":[{"name":"wp","href":"https:\/\/api.w.org\/{rel}","templated":true}]}}