{"id":15133,"date":"2025-01-19T14:08:50","date_gmt":"2025-01-19T14:08:50","guid":{"rendered":"https:\/\/www.hydraulic-cylinders.net\/product\/bucket-cylinder-for-komatsu-middle-excavator-pc200lc-8\/"},"modified":"2025-01-19T14:08:52","modified_gmt":"2025-01-19T14:08:52","slug":"bucket-cylinder-for-komatsu-middle-excavator-pc200lc-8","status":"publish","type":"product","link":"https:\/\/www.hydraulic-cylinders.net\/fi\/tuote\/bucket-cylinder-for-komatsu-middle-excavator-pc200lc-8\/","title":{"rendered":"Kauhan sylinteri Komatsun keskikaivinkoneeseen PC200LC-8"},"content":{"rendered":"<p><!DOCTYPE html><br \/>\n<html><br \/>\n<head><br \/>\n<title>Kauhan sylinteri Komatsun keskikaivinkoneeseen PC200LC-8<\/title><br \/>\n<\/head><br \/>\n<body><\/p>\n<h1>Kauhan sylinteri Komatsun keskikaivinkoneeseen PC200LC-8<\/h1>\n<h2>Johdanto<\/h2>\n<p>Komatsun PC200LC-8-kaivukoneen kauhan sylinteri on erityisesti suunniteltu hydraulisylinteri, jota k\u00e4ytet\u00e4\u00e4n kauhan liikkeen ohjaamiseen raskaissa koneissa, kuten kaivinkoneissa, kaivurikuormaajissa ja etukuormaajissa. Sen p\u00e4\u00e4teht\u00e4v\u00e4n\u00e4 on mahdollistaa kauhan nosto-, lasku- ja kallistusliikkeet, mik\u00e4 tekee siit\u00e4 sopivan erilaisiin materiaalink\u00e4sittelyteht\u00e4viin. Hydraulij\u00e4rjestelm\u00e4ss\u00e4 kauhan sylinteri saavuttaa kauhan tarkan ohjauksen hy\u00f6dynt\u00e4m\u00e4ll\u00e4 hydrauli\u00f6ljyn paineenmuutoksia, jolloin k\u00e4ytt\u00e4j\u00e4t voivat k\u00e4sitell\u00e4 raskaita kuormia tehokkaasti ja sopeutua monimutkaisiin ty\u00f6ymp\u00e4rist\u00f6ihin ja erilaisiin ty\u00f6vaatimuksiin.<\/p>\n<p><img decoding=\"async\" src=\"https:\/\/www.hydraulic-cylinders.net\/wp-content\/uploads\/2025\/01\/songte-company-2.webp\"><\/p>\n<h2>Ominaisuudet<\/h2>\n<ul>\n<li>Korkea lujuus ja kest\u00e4vyys: Tyypillisesti eritt\u00e4in lujasta ter\u00e4ksest\u00e4 tai alumiinista valmistettu tuote kest\u00e4\u00e4 korkeaa painetta ja raskaita kuormia ja sopeutuu vaativiin ty\u00f6ymp\u00e4rist\u00f6ihin. Suunnittelussa on otettu huomioon kulumiskest\u00e4vyys ja korroosionkest\u00e4vyys k\u00e4ytt\u00f6i\u00e4n pident\u00e4miseksi.<\/li>\n<li>Tehokas hydraulinen toiminta: Hy\u00f6dynt\u00e4m\u00e4ll\u00e4 hydrauli\u00f6ljyn painetta se saavuttaa tasaiset ojennus- ja supistumisliikkeet, reagoi nopeasti ohjauskomentoihin, tarjoaa tehokkaita ty\u00f6nt\u00f6- ja vetovoimia ja soveltuu raskaiden kuormien k\u00e4sittelyyn ja monimutkaisiin ty\u00f6teht\u00e4viin.<\/li>\n<li>Erilaisia \u200b\u200btyyppej\u00e4: Valitse yksitoimisten (hydraulisesti vain yhteen suuntaan) tai kaksitoimisten (hydraulisesti molempiin suuntiin) sylinterien v\u00e4lill\u00e4 k\u00e4ytt\u00f6tarpeidesi mukaan. Jotkut mallit ovat teleskooppisia, mik\u00e4 mahdollistaa suuremman jatkeen ilman ulkomittojen kasvua, joten ne sopivat sovelluksiin, joissa on rajoitetusti tilaa.<\/li>\n<li>T\u00e4ydellinen korvaus: Tuotteemme voi t\u00e4ydellisesti korvata olemassa olevat hydraulisylinterit. <\/li>\n<\/ul>\n<p><img decoding=\"async\" src=\"https:\/\/www.hydraulic-cylinders.net\/wp-content\/uploads\/2025\/01\/songte-cylinder-head-with-all-kinds-excavator-models.webp\"><\/p>\n<h2>Sovellukset<\/h2>\n<ul>\n<li>Rakennuskoneet: Kaivinkoneissa k\u00e4ytett\u00e4vi\u00e4 laitteita on ratkaisevan t\u00e4rke\u00e4\u00e4 kaivamiseen, lastaamiseen ja maaper\u00e4n tai roskien siirt\u00e4miseen. Kaivurikuormaajissa kauhan sylinteri avustaa sek\u00e4 kaivamisessa ett\u00e4 nostamisessa.<\/li>\n<li>Maatalouskoneet: K\u00e4ytet\u00e4\u00e4n etukuormaajissa maaper\u00e4n, hein\u00e4n ja muiden materiaalien kauhaukseen, nostamiseen ja kuljettamiseen.<\/li>\n<li>Kaivinkoneet: Kauhan sylinteri mahdollistaa kaivamisen antamalla kauhan tunkeutua maaper\u00e4\u00e4n.<\/li>\n<li>Kuormaajat: Etukuormaajissa ne auttavat tavaroiden tehokkaassa nostamisessa ja kallistamisessa.<\/li>\n<\/ul>\n<h2>Suunnittelun\u00e4k\u00f6kohdat ja valintakriteerit<\/h2>\n<ul>\n<li>Kantavuus: Keskustele sylinterin kyvyst\u00e4 kantaa kuormia ja sopivan sylinterin valinnan t\u00e4rkeydest\u00e4 tietyn k\u00e4ytt\u00f6tarkoituksen perusteella.<\/li>\n<li>Tiivistys: Keskustele erilaisten tiivisteiden, kuten m\u00e4nn\u00e4ntiivisteiden ja varren tiivisteiden, k\u00e4yt\u00f6st\u00e4 kulutusta kest\u00e4vist\u00e4 materiaaleista, kuten polyuretaanista ja nitriilikumista. Korosta hienok\u00e4sitellyn sylinterirungon ja kierteitettyjen p\u00e4\u00e4typintojen merkityst\u00e4 kulutuskest\u00e4vyyden parantamiseksi.<\/li>\n<li>Kest\u00e4vyys: Korosta kest\u00e4vyyden suunnittelussa huomioitavia seikkoja, jotta sylinteri kest\u00e4\u00e4 vaativia k\u00e4ytt\u00f6olosuhteita.<\/li>\n<li>Turvallisuus: Huomioi suunnittelussa toteutetut turvatoimenpiteet onnettomuuksien ehk\u00e4isemiseksi ja k\u00e4ytt\u00e4jien turvallisuuden varmistamiseksi.<\/li>\n<li>Huolto: Keskustele s\u00e4\u00e4nn\u00f6llisten tarkastusten ja ennaltaehk\u00e4isevien huoltotoimenpiteiden t\u00e4rkeydest\u00e4 sylinterin k\u00e4ytt\u00f6i\u00e4n pident\u00e4miseksi. Anna vinkkej\u00e4 huoltoteht\u00e4viin, kuten voiteluun, tiivisteiden vaihtoon ja kalibrointitarkastuksiin.<\/li>\n<\/ul>\n<p><img decoding=\"async\" src=\"https:\/\/www.hydraulic-cylinders.net\/wp-content\/uploads\/2025\/01\/songte-oil-pipes-and-spare-parts.webp\"><\/p>\n<h2>Turvallisuusn\u00e4k\u00f6kohdat ja ymp\u00e4rist\u00f6tekij\u00e4t<\/h2>\n<p>Kauhapulloa k\u00e4ytett\u00e4ess\u00e4 on t\u00e4rke\u00e4\u00e4 noudattaa turvaohjeita onnettomuuksien v\u00e4ltt\u00e4miseksi. N\u00e4ihin kuuluu asianmukaisten suojavarusteiden k\u00e4ytt\u00f6, asianmukaisten k\u00e4ytt\u00f6ohjeiden noudattaminen ja laitteiden hyv\u00e4ss\u00e4 toimintakunnossa pit\u00e4minen. Lis\u00e4ksi ymp\u00e4rist\u00f6tekij\u00f6iden, kuten l\u00e4mp\u00f6tilan, kosteuden ja kemikaalialtistuksen, huomioon ottaminen voi auttaa yll\u00e4pit\u00e4m\u00e4\u00e4n pullon suorituskyky\u00e4 ja pitk\u00e4ik\u00e4isyytt\u00e4.<\/p>\n<h2>Vianm\u00e4\u00e4ritys ja yleiset ongelmat<\/h2>\n<p>Kun kauhan sylinteriss\u00e4 ilmenee ongelmia tai toimintah\u00e4iri\u00f6it\u00e4, on t\u00e4rke\u00e4\u00e4 diagnosoida ja korjata ne viipym\u00e4tt\u00e4. Anna vianm\u00e4\u00e4ritysvinkkej\u00e4 ja -ratkaisuja, jotka auttavat lukijoita tehokkaasti diagnosoimaan ja ratkaisemaan ongelmia. Lis\u00e4ksi ehdota ennaltaehk\u00e4isevi\u00e4 toimenpiteit\u00e4 mahdollisten ongelmien minimoimiseksi ja sylinterin sujuvan toiminnan edist\u00e4miseksi.<\/p>\n<p><img decoding=\"async\" src=\"https:\/\/www.hydraulic-cylinders.net\/wp-content\/uploads\/2025\/01\/songte-bushings-with-all-kinds-of-excavator-models.webp\"><\/p>\n<h2>Asennusopas<\/h2>\n<p>Oikea asennus on ratkaisevan t\u00e4rke\u00e4\u00e4 kauhasylinterin optimaalisen suorituskyvyn kannalta. Anna vaiheittainen asennusopas, jossa korostetaan sylinterin oikeaa kohdistusta. Suosittele sopivien asennuskiinnikkeiden k\u00e4ytt\u00f6\u00e4 sylinterin kiinnitt\u00e4miseksi. Esittele suositellut tarkastus-, korjaus- ja vaihtomenettelyt sek\u00e4 vinkkej\u00e4 sylinterin k\u00e4ytt\u00f6i\u00e4n pident\u00e4miseksi.<\/p>\n<h2>Huoltoteht\u00e4v\u00e4t<\/h2>\n<ul>\n<li>S\u00e4\u00e4nn\u00f6lliset tarkastukset: Korosta rutiinitarkastusten t\u00e4rkeytt\u00e4 mahdollisten ongelmien tai kulumisen havaitsemiseksi.<\/li>\n<li>Oikea voitelu: Selit\u00e4 oikean voitelun merkitys sujuvalle toiminnalle ja ennenaikaisen kulumisen est\u00e4miselle.<\/li>\n<li>Tiivisteiden vaihto: Korosta tiivisteiden oikea-aikaisen vaihdon tarvetta sylinterin eheyden yll\u00e4pit\u00e4miseksi ja vuotojen est\u00e4miseksi.<\/li>\n<li>Kalibrointitarkastukset: Keskustele s\u00e4\u00e4nn\u00f6llisten kalibrointitarkastusten t\u00e4rkeydest\u00e4 sen varmistamiseksi, ett\u00e4 sylinteri toimii haluttujen parametrien puitteissa.<\/li>\n<\/ul>\n<p><img decoding=\"async\" src=\"https:\/\/www.hydraulic-cylinders.net\/wp-content\/uploads\/2025\/01\/songte-chushion-collar.webp\"><\/p>\n<h2>Johtop\u00e4\u00e4t\u00f6s<\/h2>\n<p>Yrityksemme on johtava hydraulisylintereiden valmistaja ja tukkumyyj\u00e4 kotimaisilla ja kansainv\u00e4lisill\u00e4 markkinoilla. T\u00e4ydellisen tuotevalikoimamme ansiosta noudatamme erinomaisen laadun, tehokkaiden valmistusprosessien ja ammattitaitoisen palvelun periaatteita. Tuotteemme suunnitellaan ja valmistetaan eritt\u00e4in tarkasti hy\u00f6dynt\u00e4en edistynytt\u00e4 teknologiaa ja huippulaatuisia materiaaleja. Tarjoamme r\u00e4\u00e4t\u00e4l\u00f6intipalveluita, kansainv\u00e4lisi\u00e4 sertifiointeja, kattavaa myynnin j\u00e4lkeist\u00e4 tukea ja laajan valikoiman tuotantolaitteita. Asiantuntemuksellamme ja sitoutumisellamme asiakastyytyv\u00e4isyyteen pyrimme vastaamaan asiakkaidemme monipuolisiin tarpeisiin.<\/p>\n<p><img decoding=\"async\" src=\"https:\/\/www.hydraulic-cylinders.net\/wp-content\/uploads\/2025\/01\/songte-company-3.webp\"><\/p>\n<p>Kirjoittaja: lyl<\/p>\n<p><\/body><br \/>\n<\/html><\/p>","protected":false},"excerpt":{"rendered":"<p>Bucket Cylinder For Komatsu Middle Excavator PC200LC-8 Bucket Cylinder For Komatsu Middle Excavator PC200LC-8 Introduction The bucket cylinder for Komatsu middle excavator PC200LC-8 is a specially designed hydraulic cylinder used to control the movement of the bucket in heavy machinery such as excavators, backhoe loaders, and front loaders. Its main function is to enable the [&hellip;]<\/p>","protected":false},"featured_media":14788,"comment_status":"open","ping_status":"closed","template":"","meta":{"_et_pb_use_builder":"","_et_pb_old_content":"","_et_gb_content_width":""},"product_brand":[],"product_cat":[1494],"product_tag":[1495,1496],"class_list":{"0":"post-15133","1":"product","2":"type-product","3":"status-publish","4":"has-post-thumbnail","6":"product_cat-bucket-cylinders","7":"product_tag-bucket-cylinders","8":"product_tag-hydraulic-cylinders","10":"first","11":"instock","12":"shipping-taxable","13":"product-type-simple"},"amp_enabled":true,"_links":{"self":[{"href":"https:\/\/www.hydraulic-cylinders.net\/fi\/wp-json\/wp\/v2\/product\/15133","targetHints":{"allow":["GET"]}}],"collection":[{"href":"https:\/\/www.hydraulic-cylinders.net\/fi\/wp-json\/wp\/v2\/product"}],"about":[{"href":"https:\/\/www.hydraulic-cylinders.net\/fi\/wp-json\/wp\/v2\/types\/product"}],"replies":[{"embeddable":true,"href":"https:\/\/www.hydraulic-cylinders.net\/fi\/wp-json\/wp\/v2\/comments?post=15133"}],"wp:featuredmedia":[{"embeddable":true,"href":"https:\/\/www.hydraulic-cylinders.net\/fi\/wp-json\/wp\/v2\/media\/14788"}],"wp:attachment":[{"href":"https:\/\/www.hydraulic-cylinders.net\/fi\/wp-json\/wp\/v2\/media?parent=15133"}],"wp:term":[{"taxonomy":"product_brand","embeddable":true,"href":"https:\/\/www.hydraulic-cylinders.net\/fi\/wp-json\/wp\/v2\/product_brand?post=15133"},{"taxonomy":"product_cat","embeddable":true,"href":"https:\/\/www.hydraulic-cylinders.net\/fi\/wp-json\/wp\/v2\/product_cat?post=15133"},{"taxonomy":"product_tag","embeddable":true,"href":"https:\/\/www.hydraulic-cylinders.net\/fi\/wp-json\/wp\/v2\/product_tag?post=15133"}],"curies":[{"name":"wp","href":"https:\/\/api.w.org\/{rel}","templated":true}]}}