{"id":15134,"date":"2025-01-19T14:08:54","date_gmt":"2025-01-19T14:08:54","guid":{"rendered":"https:\/\/www.hydraulic-cylinders.net\/product\/bucket-cylinder-for-komatsu-middle-excavator-pc228\/"},"modified":"2025-01-19T14:08:56","modified_gmt":"2025-01-19T14:08:56","slug":"bucket-cylinder-for-komatsu-middle-excavator-pc228","status":"publish","type":"product","link":"https:\/\/www.hydraulic-cylinders.net\/fi\/tuote\/bucket-cylinder-for-komatsu-middle-excavator-pc228\/","title":{"rendered":"Kauhan sylinteri Komatsun keskikaivinkoneelle PC228"},"content":{"rendered":"<h1>Kauhan sylinteri Komatsun keskikaivinkoneelle PC228<\/h1>\n<h2>Johdanto<\/h2>\n<p>Komatsun PC228-kaivukoneen kauhan sylinteri on erikoishydraulinen sylinteri, joka on suunniteltu ohjaamaan kauhan liikett\u00e4 raskaissa koneissa, kuten kaivinkoneissa, traktorikaivureissa ja etukuormaajissa. Sen ensisijainen teht\u00e4v\u00e4 on mahdollistaa kauhan nostaminen, laskeminen ja kallistaminen, mik\u00e4 helpottaa erilaisten materiaalink\u00e4sittelyteht\u00e4vien k\u00e4sittely\u00e4. Hydraulij\u00e4rjestelm\u00e4ss\u00e4 kauhan sylinteri ohjaa kauhan tarkkaa liikett\u00e4 muuttamalla hydrauli\u00f6ljyn painetta, jolloin kuljettaja voi k\u00e4sitell\u00e4 raskaita kuormia tehokkaasti ja sopeutua monimutkaisiin ty\u00f6ymp\u00e4rist\u00f6ihin ja erilaisiin k\u00e4ytt\u00f6vaatimuksiin.<\/p>\n<p><img decoding=\"async\" src=\"https:\/\/www.hydraulic-cylinders.net\/wp-content\/uploads\/2025\/01\/songte-company-2.webp\" alt=\"Kauhan sylinteri Komatsun keskikaivukoneelle PC228\" \/><\/p>\n<h2>Ominaisuudet<\/h2>\n<ul>\n<li><strong>Korkea lujuus ja kest\u00e4vyys:<\/strong> Tyypillisesti eritt\u00e4in lujasta ter\u00e4ksest\u00e4 tai alumiinista valmistettu tuote kest\u00e4\u00e4 korkeaa painetta ja raskaita kuormia ja mukautuu vaativiin ty\u00f6ymp\u00e4rist\u00f6ihin. Sen suunnittelussa on otettu huomioon kulutuskest\u00e4vyys ja korroosionkest\u00e4vyys, mik\u00e4 pident\u00e4\u00e4 sen k\u00e4ytt\u00f6ik\u00e4\u00e4.<\/li>\n<li><strong>Tehokas hydraulinen k\u00e4ytt\u00f6:<\/strong> Hydrauli\u00f6ljyn paineen ansiosta teleskooppiliike on tasaista, ja se reagoi nopeasti k\u00e4ytt\u00f6komentoihin. Se tarjoaa tehokkaan ty\u00f6nt\u00f6- ja vetovoiman, mik\u00e4 sopii raskaiden kuormien k\u00e4sittelyyn ja monimutkaisiin ty\u00f6teht\u00e4viin.<\/li>\n<li><strong>Erilaisia \u200b\u200btyyppej\u00e4:<\/strong> Voit valita tarpeidesi mukaan yksitoimisen (hydraulisesti vain yhteen suuntaan) tai kaksitoimisen (hydraulisesti molempiin suuntiin) sylinterin. Jotkut mallit ovat teleskooppisia, mik\u00e4 mahdollistaa suuremman jatkeen ilman ulkomittojen kasvua, joten ne sopivat rajoitettuihin tiloihin.<\/li>\n<li><strong>Mukautettava:<\/strong> Yrityksemme voi tuottaa t\u00e4t\u00e4 tuotetta ja t\u00e4ydellisi\u00e4 korvaavia tuotteita muille hydraulisylintereille.<\/li>\n<\/ul>\n<p><img decoding=\"async\" src=\"https:\/\/www.hydraulic-cylinders.net\/wp-content\/uploads\/2025\/01\/songte-cylinder-head-with-all-kinds-excavator-models.webp\" alt=\"Kauhan sylinteri Komatsun keskikaivukoneelle PC228\" \/><\/p>\n<h2>Sovellukset<\/h2>\n<p>Komatsun keskikaivukoneen PC228 kauhan sylinteri sopii erilaisiin raskaisiin koneisiin, mukaan lukien:<\/p>\n<ul>\n<li><strong>Rakennuslaitteet:<\/strong> Kaivinkoneissa niit\u00e4 k\u00e4ytet\u00e4\u00e4n v\u00e4ltt\u00e4m\u00e4tt\u00f6min\u00e4 kaivamiseen, lastaamiseen ja maaper\u00e4n tai roskien siirt\u00e4miseen. Kaivurikuormaajissa kauhan sylinteri avustaa sek\u00e4 kaivamisessa ett\u00e4 nostamisessa.<\/li>\n<li><strong>Maatalouskoneet:<\/strong> Etukuormaajissa niit\u00e4 k\u00e4ytet\u00e4\u00e4n kauhomaan, nostamaan ja kuljettamaan maata, hein\u00e4\u00e4 ja muita materiaaleja. Kaivinkoneissa kauhan sylinterit mahdollistavat kaivamisen antamalla kauhan tunkeutua maaper\u00e4\u00e4n.<\/li>\n<li><strong>Kuormaajan laitteet:<\/strong> Etukuormaajissa ne auttavat nostamaan ja kallistamaan lastia tehokkaasti.<\/li>\n<\/ul>\n<h2>Suunnittelun\u00e4k\u00f6kohdat ja valintakriteerit<\/h2>\n<ul>\n<li><strong>Kantavuus:<\/strong> Sen on kestett\u00e4v\u00e4 k\u00e4yt\u00f6n aikana mahdollisesti kohtaamiaan enimm\u00e4iskuormia.<\/li>\n<li><strong>Tiivistys:<\/strong> Erilaisten tiivistyselementtien, kuten m\u00e4nn\u00e4ntiivisteiden, varren tiivisteiden jne. k\u00e4ytt\u00f6. Tiivistyselementtien tulee olla kulutusta kest\u00e4vi\u00e4 materiaaleja, kuten polyuretaania tai nitriilikumia, ja sylinterin runko ja kierteitetyt p\u00e4\u00e4typinnat tulee k\u00e4sitell\u00e4 hienoksi kulutuskest\u00e4vyyden parantamiseksi.<\/li>\n<li><strong>Kest\u00e4vyys:<\/strong> Sylinterin tulee olla suunniteltu kest\u00e4m\u00e4\u00e4n ymp\u00e4rist\u00f6tekij\u00f6it\u00e4, joille se altistuu, kuten korroosiota ja hankausta.<\/li>\n<li><strong>Turvallisuus:<\/strong> Turvaominaisuudet tulisi sis\u00e4llytt\u00e4\u00e4 suunnitteluun onnettomuuksien ja loukkaantumisten ehk\u00e4isemiseksi.<\/li>\n<li><strong>Yll\u00e4pidett\u00e4vyys:<\/strong> Tuotteen tulee olla helposti huollettavissa ja korjattavissa seisokkiaikojen lyhent\u00e4miseksi ja pitk\u00e4n k\u00e4ytt\u00f6i\u00e4n varmistamiseksi.<\/li>\n<\/ul>\n<p><img decoding=\"async\" src=\"https:\/\/www.hydraulic-cylinders.net\/wp-content\/uploads\/2025\/01\/songte-oil-pipes-and-spare-parts.webp\" alt=\"Kauhan sylinteri Komatsun keskikaivukoneelle PC228\" \/><\/p>\n<h2>Tiivistys ja voitelu<\/h2>\n<p>Komatsun keskikaivukoneen PC228 kauhan sylinteriss\u00e4 on erilaisia \u200b\u200btiivistyselementtej\u00e4 hydraulij\u00e4rjestelm\u00e4n tehokkaan toiminnan varmistamiseksi. Sylinterin runko ja kierteitetyt p\u00e4\u00e4typinnat on ty\u00f6stetty tarkasti kulutuskest\u00e4vyyden parantamiseksi. S\u00e4\u00e4nn\u00f6llinen voitelu sopivalla hydrauli\u00f6ljyll\u00e4 on v\u00e4ltt\u00e4m\u00e4t\u00f6nt\u00e4.<\/p>\n<p><img decoding=\"async\" src=\"https:\/\/www.hydraulic-cylinders.net\/wp-content\/uploads\/2025\/01\/songte-chushion-collar.webp\" alt=\"Kauhan sylinteri Komatsun keskikaivukoneelle PC228\" \/><\/p>\n<h2>Huolto ja korjaus<\/h2>\n<p>Seuraavat ovat yleisi\u00e4 huoltoteht\u00e4vi\u00e4:<\/p>\n<ul>\n<li>S\u00e4\u00e4nn\u00f6llinen tarkastus<\/li>\n<li>Oikea voitelu<\/li>\n<li>Tiivisteen vaihto<\/li>\n<li>Kalibrointitarkistus<\/li>\n<\/ul>\n<p>Oikea asennus, voitelu ja s\u00e4\u00e4t\u00f6 ovat ratkaisevan t\u00e4rkeit\u00e4 pitk\u00e4n k\u00e4ytt\u00f6i\u00e4n varmistamiseksi. Asennuksen aikana on suositeltavaa kohdistaa sylinteri oikein ja k\u00e4ytt\u00e4\u00e4 sopivia kiinnitystelineit\u00e4 sen kiinnitt\u00e4miseen. S\u00e4\u00e4nn\u00f6llisi\u00e4 tarkastus-, korjaus- ja vaihtotoimenpiteit\u00e4 suositellaan Komatsu Middle Excavator PC228 -kauhasylinterin optimaalisen suorituskyvyn yll\u00e4pit\u00e4miseksi ja k\u00e4ytt\u00f6i\u00e4n pident\u00e4miseksi.<\/p>\n<p><img decoding=\"async\" src=\"https:\/\/www.hydraulic-cylinders.net\/wp-content\/uploads\/2025\/01\/songte-bushings-with-all-kinds-of-excavator-models.webp\" alt=\"Kauhan sylinteri Komatsun keskikaivukoneelle PC228\" \/><\/p>\n<h2>Turvallisuusn\u00e4k\u00f6kohdat ja ymp\u00e4rist\u00f6tekij\u00e4t<\/h2>\n<p>K\u00e4ytett\u00e4ess\u00e4 Komatsun keskikaivukoneen PC228 kauhan sylinteri\u00e4, turvatoimenpiteet ovat elint\u00e4rkeit\u00e4 onnettomuuksien ja vammojen v\u00e4ltt\u00e4miseksi. Ymp\u00e4rist\u00f6tekij\u00e4t, kuten l\u00e4mp\u00f6tila ja kosteus, on otettava huomioon hydraulisylintereiden suunnittelussa ja valinnassa.<\/p>\n<h2>Vianm\u00e4\u00e4ritys ja yleiset ongelmat<\/h2>\n<p>Yleisi\u00e4 vikoja ovat \u00f6ljyvuoto, ep\u00e4normaali melu ja hidas tai ep\u00e4vakaa liike. N\u00e4m\u00e4 voivat johtua useista tekij\u00f6ist\u00e4, kuten kulumisesta, tiivisteiden pett\u00e4misest\u00e4 tai virheellisest\u00e4 asennuksesta.<\/p>\n<h2>Yrityksen esittely<\/h2>\n<p>Olemme laadukkaiden hydraulisten sylinterien valmistaja ja johtava hydraulisten sylinterien valmistaja ja tukkumyyj\u00e4 kotimaisilla ja ulkomaisilla markkinoilla. Noudatamme erinomaisen laadun strategiaa, luotamme hienojen valmistuspajojen teolliseen tuotannonohjaukseen ja parannamme jatkuvasti ty\u00f6pajatuotteiden valmistusalustaa teknisten kykyjen, digitaalisten huippuluokan valmistuslaitteiden ja ammattimaisten testausj\u00e4rjestelmien osalta. Tehokkailla, tarkoilla ja korkealaatuisilla periaatteilla vastaamme asiakkaiden monipuolisiin tarpeisiin.<\/p>\n<p><img decoding=\"async\" src=\"https:\/\/hzpt.com\/wp-content\/uploads\/2024\/11\/songte-company-1.webp\" alt=\"Kauhan sylinteri Komatsun keskikaivukoneelle PC228\" \/><\/p>\n<h3>Ammattimaisuus:<\/h3>\n<p>Meill\u00e4 on ammattilaistiimi, joka noudattaa ty\u00f6ss\u00e4\u00e4n korkeimpia standardeja varmistaakseen, ett\u00e4 tarjoamme asiakkaillemme korkealaatuisia tuotteita ja palveluita.<\/p>\n<h3>Kansainv\u00e4linen sertifiointi:<\/h3>\n<p>Yrityksell\u00e4mme on useita kansainv\u00e4lisi\u00e4 sertifikaatteja, kuten ISO9001 ja CE, mik\u00e4 varmistaa, ett\u00e4 tuotteemme t\u00e4ytt\u00e4v\u00e4t maailmanlaajuiset laatustandardit.<\/p>\n<h3>R\u00e4\u00e4t\u00e4l\u00f6intipalvelut:<\/h3>\n<p>Tarjoamme r\u00e4\u00e4t\u00e4l\u00f6intipalveluita asiakkaidemme erityistarpeiden ja vaatimusten t\u00e4ytt\u00e4miseksi.<\/p>\n<h3>Tuotantolaitteet:<\/h3>\n<p>Tuotantolaitteistoomme kuuluvat edistyneet CNC-ty\u00f6st\u00f6keskukset, testauslaitteet ja muut huipputeknologiset laitteet, joiden avulla voimme valmistaa korkealaatuisia tuotteita.<\/p>\n<h3>Myynnin j\u00e4lkeiset palvelut:<\/h3>\n<p>Tarjoamme erinomaisia \u200b\u200bj\u00e4lkimarkkinointipalveluita varmistaaksemme, ett\u00e4 asiakkaamme ovat tyytyv\u00e4isi\u00e4 tuotteisiimme ja palveluihimme. Palveluihimme kuuluvat s\u00e4\u00e4nn\u00f6llinen huolto, tarkastus, korjaus ja osien vaihto.<\/p>\n<p>Kirjoittaja: lyl<\/p>","protected":false},"excerpt":{"rendered":"<p>Bucket Cylinder For Komatsu Middle Excavator PC228 Introduction The Bucket Cylinder for Komatsu Middle Excavator PC228 is a specialized hydraulic cylinder designed to control the movement of the bucket in heavy machinery such as excavators, backhoes, and front-end loaders. Its primary function is to allow the bucket to lift, lower, and tilt, making it easier [&hellip;]<\/p>","protected":false},"featured_media":14787,"comment_status":"open","ping_status":"closed","template":"","meta":{"_et_pb_use_builder":"","_et_pb_old_content":"","_et_gb_content_width":""},"product_brand":[],"product_cat":[1494],"product_tag":[1495,1496],"class_list":{"0":"post-15134","1":"product","2":"type-product","3":"status-publish","4":"has-post-thumbnail","6":"product_cat-bucket-cylinders","7":"product_tag-bucket-cylinders","8":"product_tag-hydraulic-cylinders","10":"first","11":"instock","12":"shipping-taxable","13":"product-type-simple"},"amp_enabled":true,"_links":{"self":[{"href":"https:\/\/www.hydraulic-cylinders.net\/fi\/wp-json\/wp\/v2\/product\/15134","targetHints":{"allow":["GET"]}}],"collection":[{"href":"https:\/\/www.hydraulic-cylinders.net\/fi\/wp-json\/wp\/v2\/product"}],"about":[{"href":"https:\/\/www.hydraulic-cylinders.net\/fi\/wp-json\/wp\/v2\/types\/product"}],"replies":[{"embeddable":true,"href":"https:\/\/www.hydraulic-cylinders.net\/fi\/wp-json\/wp\/v2\/comments?post=15134"}],"wp:featuredmedia":[{"embeddable":true,"href":"https:\/\/www.hydraulic-cylinders.net\/fi\/wp-json\/wp\/v2\/media\/14787"}],"wp:attachment":[{"href":"https:\/\/www.hydraulic-cylinders.net\/fi\/wp-json\/wp\/v2\/media?parent=15134"}],"wp:term":[{"taxonomy":"product_brand","embeddable":true,"href":"https:\/\/www.hydraulic-cylinders.net\/fi\/wp-json\/wp\/v2\/product_brand?post=15134"},{"taxonomy":"product_cat","embeddable":true,"href":"https:\/\/www.hydraulic-cylinders.net\/fi\/wp-json\/wp\/v2\/product_cat?post=15134"},{"taxonomy":"product_tag","embeddable":true,"href":"https:\/\/www.hydraulic-cylinders.net\/fi\/wp-json\/wp\/v2\/product_tag?post=15134"}],"curies":[{"name":"wp","href":"https:\/\/api.w.org\/{rel}","templated":true}]}}