{"id":15135,"date":"2025-01-19T14:08:59","date_gmt":"2025-01-19T14:08:59","guid":{"rendered":"https:\/\/www.hydraulic-cylinders.net\/product\/bucket-cylinder-for-komatsu-middle-excavator-pc240lc-8mo\/"},"modified":"2025-01-19T14:09:01","modified_gmt":"2025-01-19T14:09:01","slug":"bucket-cylinder-for-komatsu-middle-excavator-pc240lc-8mo","status":"publish","type":"product","link":"https:\/\/www.hydraulic-cylinders.net\/fi\/tuote\/bucket-cylinder-for-komatsu-middle-excavator-pc240lc-8mo\/","title":{"rendered":"Kauhan sylinteri Komatsun keskikaivinkoneeseen PC240LC-8MO"},"content":{"rendered":"<h2>Kauhan sylinteri Komatsun keskikaivinkoneeseen PC240LC-8MO<\/h2>\n<p>Komatsun PC240LC-8MO-kaivukoneen kauhan sylinteri on erikoishydraulinen sylinteri, joka on suunniteltu ohjaamaan kauhan liikett\u00e4 raskaissa koneissa, kuten kaivinkoneissa, kaivurikuormaajissa ja etukuormaajissa. Sen p\u00e4\u00e4teht\u00e4v\u00e4n\u00e4 on mahdollistaa kauhan nostaminen, laskeminen ja kallistaminen, mik\u00e4 helpottaa erilaisten materiaalink\u00e4sittelyteht\u00e4vien k\u00e4sittely\u00e4. Hydraulij\u00e4rjestelm\u00e4ss\u00e4 kauhan sylinteri saavuttaa tarkan kauhan hallinnan hy\u00f6dynt\u00e4m\u00e4ll\u00e4 hydrauli\u00f6ljyn paineenmuutoksia, jolloin k\u00e4ytt\u00e4j\u00e4t voivat k\u00e4sitell\u00e4 raskaita kuormia tehokkaasti ja sopeutua monimutkaisiin ty\u00f6ymp\u00e4rist\u00f6ihin ja erilaisiin ty\u00f6vaatimuksiin.<\/p>\n<p><img decoding=\"async\" src=\"https:\/\/www.hydraulic-cylinders.net\/wp-content\/uploads\/2025\/01\/songte-company-2.webp\" alt=\"Kauhan sylinterin kuva\"><\/p>\n<h2>Komatsun keskikaivukoneen PC240LC-8MO kauhan sylinterin ominaisuudet<\/h2>\n<ul>\n<li>Korkea lujuus ja kest\u00e4vyys: Tyypillisesti eritt\u00e4in lujasta ter\u00e4ksest\u00e4 tai alumiinista valmistettu tuote kest\u00e4\u00e4 korkeita paineita ja raskaita kuormia ja sopeutuu vaativiin ty\u00f6ymp\u00e4rist\u00f6ihin. Suunnittelussa on otettu huomioon kulumiskest\u00e4vyys ja korroosionkest\u00e4vyys, mik\u00e4 pident\u00e4\u00e4 sen k\u00e4ytt\u00f6ik\u00e4\u00e4.<\/li>\n<li>Tehokas hydraulinen toiminta: Hydrauli\u00f6ljyn paineen ansiosta se saavuttaa tasaiset pidennys- ja sis\u00e4\u00e4nvetoliikkeet, reagoi nopeasti ohjauskomentoihin, tarjoaa voimakkaat ty\u00f6nt\u00f6- ja vetovoimat ja soveltuu raskaiden kuormien k\u00e4sittelyyn ja monimutkaisiin ty\u00f6teht\u00e4viin.<\/li>\n<li>Erilaisia \u200b\u200btyyppej\u00e4: Kauhasylinteri voidaan valita vaatimusten mukaan yksitoimiseksi (hydrauliikkaa k\u00e4ytet\u00e4\u00e4n vain yhteen suuntaan) tai kaksitoimiseksi (hydrauliikkaa k\u00e4ytet\u00e4\u00e4n molempiin suuntiin) sylinteriksi, jotka vastaavat erilaisiin k\u00e4ytt\u00f6tarpeisiin. Jotkut mallit ovat teleskooppisia, mik\u00e4 mahdollistaa suuremman jatkeen ilman ulkomittojen kasvua, mik\u00e4 sopii sovelluksiin, joissa on rajoitetusti tilaa.<\/li>\n<li>T\u00e4ydellinen korvaus: Tuotteemme voivat korvata n\u00e4m\u00e4 hydraulisylinterit t\u00e4ydellisesti.<\/li>\n<\/ul>\n<p><img decoding=\"async\" src=\"https:\/\/www.hydraulic-cylinders.net\/wp-content\/uploads\/2025\/01\/songte-cylinder-head-with-all-kinds-excavator-models.webp\" alt=\"Hydraulisylinterin vaihtokuva\"><\/p>\n<h2>Kauhasylinterin sovellukset Komatsun keskikaivinkoneeseen PC240LC-8MO<\/h2>\n<p>Kauhasylinteri\u00e4 k\u00e4ytet\u00e4\u00e4n erilaisissa raskaissa koneissa:<\/p>\n<ul>\n<li>Rakennuskoneet: Kaivinkoneissa ne ovat elint\u00e4rkeit\u00e4 maan kaivamisessa, lastaamisessa ja maan tai roskien siirt\u00e4misess\u00e4. Kaivurikuormaajissa kauhan sylinteri auttaa sek\u00e4 kaivamisessa ett\u00e4 nostamisessa.<\/li>\n<li>Maatalouskoneet: K\u00e4ytet\u00e4\u00e4n etukuormaajissa maaper\u00e4n, hein\u00e4n ja muiden materiaalien kauhaukseen, nostamiseen ja kuljettamiseen.<\/li>\n<li>Kaivinkoneet: Kauhan sylinteri mahdollistaa kaivamisen antamalla kauhan tunkeutua maaper\u00e4\u00e4n.<\/li>\n<li>Kuormaajat: Etukuormaajissa ne auttavat tavaroiden tehokkaassa nostamisessa ja kallistamisessa.<\/li>\n<\/ul>\n<h2>Suunnittelun\u00e4k\u00f6kohdat ja valintakriteerit<\/h2>\n<p>Kauhasylinterin suunnittelussa otetaan huomioon keskeiset tekij\u00e4t, kuten kantavuus, tiiviys, kest\u00e4vyys, turvallisuus ja huollettavuus:<\/p>\n<p><img decoding=\"async\" src=\"https:\/\/www.hydraulic-cylinders.net\/wp-content\/uploads\/2025\/01\/songte-oil-pipes-and-spare-parts.webp\" alt=\"Hydraulisylinterin suunnittelukuva\"><\/p>\n<h2>Tiivistys ja voitelu<\/h2>\n<p>Kauhasylinteriss\u00e4 k\u00e4ytet\u00e4\u00e4n erilaisia \u200b\u200btiivistyskomponentteja, kuten m\u00e4nn\u00e4ntiivisteit\u00e4 ja varren tiivisteit\u00e4, jotka on valmistettu kulutusta kest\u00e4vist\u00e4 materiaaleista, kuten polyuretaanista ja nitriilikumista. Sylinterin runko ja kierteitetyt p\u00e4\u00e4typinnat on k\u00e4sitelty hienovaraisesti kulutuskest\u00e4vyyden parantamiseksi. S\u00e4\u00e4nn\u00f6llinen voitelu sopivalla hydrauliikka\u00f6ljyll\u00e4 on v\u00e4ltt\u00e4m\u00e4t\u00f6nt\u00e4 sujuvan toiminnan varmistamiseksi.<\/p>\n<h2>S\u00e4\u00e4nn\u00f6llinen tarkastus ja ennaltaehk\u00e4isev\u00e4 huolto<\/h2>\n<p>Kauhasylinterin optimaalisen suorituskyvyn yll\u00e4pit\u00e4miseksi s\u00e4\u00e4nn\u00f6lliset tarkastukset ja ennaltaehk\u00e4isev\u00e4t huoltotoimenpiteet ovat v\u00e4ltt\u00e4m\u00e4tt\u00f6mi\u00e4:<\/p>\n<h2>Oikea asennusopas<\/h2>\n<p>Kauhasylinterin oikea asennus on ratkaisevan t\u00e4rke\u00e4\u00e4 sen toimivuuden ja pitk\u00e4ik\u00e4isyyden kannalta:<\/p>\n<p><img decoding=\"async\" src=\"https:\/\/www.hydraulic-cylinders.net\/wp-content\/uploads\/2025\/01\/songte-chushion-collar.webp\" alt=\"Kauhan sylinterin asennuskuva\"><\/p>\n<h2>Yleiset huoltoteht\u00e4v\u00e4t<\/h2>\n<p>Kolme yleist\u00e4 kauhan sylinterin huoltoteht\u00e4v\u00e4\u00e4 ovat:<\/p>\n<ul>\n<li>S\u00e4\u00e4nn\u00f6llinen tarkastus<\/li>\n<li>Oikea voitelu<\/li>\n<li>Tiivisteen vaihto ja kalibroinnin tarkistus<\/li>\n<\/ul>\n<p>Oikean asennuksen, voitelun ja s\u00e4\u00e4d\u00f6n t\u00e4rkeytt\u00e4 korostetaan koko asennusprosessin ajan. Sylinterin oikeaa kohdistusta ohjataan ja sopivien asennuskiinnikkeiden k\u00e4ytt\u00f6\u00e4 sylinterin kiinnitt\u00e4miseen suositellaan. Annetaan suositellut tarkastus-, korjaus- ja vaihtomenettelyt sek\u00e4 vinkkej\u00e4 kauhasylinterin k\u00e4ytt\u00f6i\u00e4n pident\u00e4miseksi.<\/p>\n<p><img decoding=\"async\" src=\"https:\/\/www.hydraulic-cylinders.net\/wp-content\/uploads\/2025\/01\/songte-bushings-with-all-kinds-of-excavator-models.webp\" alt=\"Kauhan sylinterin huoltokuva\"><\/p>\n<h2>Turvallisuusn\u00e4k\u00f6kohdat ja ymp\u00e4rist\u00f6tekij\u00e4t<\/h2>\n<p>Turvatoimenpiteiden merkityst\u00e4 kauhasylinteri\u00e4 k\u00e4ytett\u00e4ess\u00e4 korostetaan ottaen huomioon avainsanojen k\u00e4ytt\u00f6.<\/p>\n<h2>Vianm\u00e4\u00e4ritys ja yleiset ongelmat<\/h2>\n<p>Yleisi\u00e4 vikoja ja niiden vianetsint\u00e4menetelmi\u00e4 k\u00e4sitell\u00e4\u00e4n, ja tarjotaan vinkkej\u00e4 ja ratkaisuja ongelmien tehokkaaseen diagnosointiin ja ratkaisemiseen. Lis\u00e4ksi ehdotetaan ennaltaehk\u00e4isevi\u00e4 toimenpiteit\u00e4 mahdollisten ongelmien minimoimiseksi.<\/p>\n<p><img decoding=\"async\" src=\"https:\/\/www.hydraulic-cylinders.net\/wp-content\/uploads\/2025\/01\/songte-company-1.webp\" alt=\"Kauhan sylinterin vianm\u00e4\u00e4rityskuva\"><\/p>\n<h2>Tietoa yrityksest\u00e4mme<\/h2>\n<p>Olemme hydraulisten sylinterien valmistaja ja tarjoamme laajan valikoiman tuotteita. Olemme yksi johtavista hydraulisten sylinterien valmistajista ja tukkumyyjist\u00e4 sek\u00e4 kotimaisilla ett\u00e4 kansainv\u00e4lisill\u00e4 markkinoilla. Yrityksemme noudattaa erinomaisen laadun strategiaa, joka perustuu hienostuneiden tuotantolaitosten teollistettuun tuotannonohjaukseen. Parannamme jatkuvasti ty\u00f6pajoidemme tuotantoalustaa k\u00e4ytt\u00e4m\u00e4ll\u00e4 teknologisia kykyj\u00e4, digitaalisia huippuluokan valmistuslaitteita ja ammattimaisia \u200b\u200btestausj\u00e4rjestelmi\u00e4. Yrityksell\u00e4mme on vahva luova kyky ja tavoitteenamme on vastata asiakkaiden monipuolisiin tarpeisiin korkealla tehokkuudella, tarkkuudella ja korkealaatuisilla periaatteilla.<\/p>\n<p><img decoding=\"async\" src=\"https:\/\/www.hydraulic-cylinders.net\/wp-content\/uploads\/2025\/01\/songte-company-3.webp\" alt=\"Yrityksen yleiskatsauskuva\"><\/p>\n<p>Lis\u00e4ksi tarjoamme kattavan esittelyn yrityksest\u00e4mme eri n\u00e4k\u00f6kulmista, kuten ammattitaidosta, kansainv\u00e4lisist\u00e4 sertifikaateista, r\u00e4\u00e4t\u00e4l\u00f6idyist\u00e4 palveluista, tuotantolaitteista ja j\u00e4lkimarkkinointipalveluista.<\/p>\n<p>Kirjoittaja: lyl<\/p>","protected":false},"excerpt":{"rendered":"<p>Bucket Cylinder For Komatsu Middle Excavator PC240LC-8MO The Bucket Cylinder for Komatsu Middle Excavator PC240LC-8MO is a specialized hydraulic cylinder designed to control the movement of the bucket in heavy-duty machinery such as excavators, backhoe loaders, and front-end loaders. Its main function is to enable the lifting, lowering, and tilting of the bucket, making it [&hellip;]<\/p>","protected":false},"featured_media":14785,"comment_status":"open","ping_status":"closed","template":"","meta":{"_et_pb_use_builder":"","_et_pb_old_content":"","_et_gb_content_width":""},"product_brand":[],"product_cat":[1494],"product_tag":[1495,1496],"class_list":{"0":"post-15135","1":"product","2":"type-product","3":"status-publish","4":"has-post-thumbnail","6":"product_cat-bucket-cylinders","7":"product_tag-bucket-cylinders","8":"product_tag-hydraulic-cylinders","10":"first","11":"instock","12":"shipping-taxable","13":"product-type-simple"},"amp_enabled":true,"_links":{"self":[{"href":"https:\/\/www.hydraulic-cylinders.net\/fi\/wp-json\/wp\/v2\/product\/15135","targetHints":{"allow":["GET"]}}],"collection":[{"href":"https:\/\/www.hydraulic-cylinders.net\/fi\/wp-json\/wp\/v2\/product"}],"about":[{"href":"https:\/\/www.hydraulic-cylinders.net\/fi\/wp-json\/wp\/v2\/types\/product"}],"replies":[{"embeddable":true,"href":"https:\/\/www.hydraulic-cylinders.net\/fi\/wp-json\/wp\/v2\/comments?post=15135"}],"wp:featuredmedia":[{"embeddable":true,"href":"https:\/\/www.hydraulic-cylinders.net\/fi\/wp-json\/wp\/v2\/media\/14785"}],"wp:attachment":[{"href":"https:\/\/www.hydraulic-cylinders.net\/fi\/wp-json\/wp\/v2\/media?parent=15135"}],"wp:term":[{"taxonomy":"product_brand","embeddable":true,"href":"https:\/\/www.hydraulic-cylinders.net\/fi\/wp-json\/wp\/v2\/product_brand?post=15135"},{"taxonomy":"product_cat","embeddable":true,"href":"https:\/\/www.hydraulic-cylinders.net\/fi\/wp-json\/wp\/v2\/product_cat?post=15135"},{"taxonomy":"product_tag","embeddable":true,"href":"https:\/\/www.hydraulic-cylinders.net\/fi\/wp-json\/wp\/v2\/product_tag?post=15135"}],"curies":[{"name":"wp","href":"https:\/\/api.w.org\/{rel}","templated":true}]}}