{"id":1514,"date":"2023-09-27T09:17:18","date_gmt":"2023-09-27T09:17:18","guid":{"rendered":"https:\/\/hydraulic-cylinders.net\/?post_type=product&#038;p=1514"},"modified":"2025-04-11T01:49:35","modified_gmt":"2025-04-11T01:49:35","slug":"aerial-work-platform-electric-cylinder","status":"publish","type":"product","link":"https:\/\/www.hydraulic-cylinders.net\/fi\/tuote\/aerial-work-platform-electric-cylinder\/","title":{"rendered":"Nostolavan s\u00e4hk\u00f6sylinteri"},"content":{"rendered":"<h1 style=\"text-align: center;\"><strong>Nostolavan s\u00e4hk\u00f6sylinteri<\/strong><\/h1>\n<p><img loading=\"lazy\" decoding=\"async\" class=\"wp-image-1515 aligncenter\" src=\"https:\/\/hydraulic-cylinders.net\/wp-content\/uploads\/2023\/09\/electric-cylinder-1-300x300.webp\" alt=\"\" width=\"400\" height=\"400\" \/><\/p>\n<p>Henkil\u00f6nostimien s\u00e4hk\u00f6sylinteri on huippuluokan hydraulinen komponentti, joka on suunniteltu parantamaan tehokkuutta ja turvallisuutta korotetuissa ty\u00f6ymp\u00e4rist\u00f6iss\u00e4. T\u00e4m\u00e4 innovatiivinen sylinteri on ratkaisevan t\u00e4rke\u00e4 henkil\u00f6nostimissa, sill\u00e4 se tarjoaa ty\u00f6ntekij\u00f6iden, ty\u00f6kalujen ja laitteiden tarkan ja hallitun pystysuuntaisen liikkeen.<\/p>\n<p>Yh\u00e4 tiukempien ymp\u00e4rist\u00f6nsuojelulakien ja -m\u00e4\u00e4r\u00e4ysten my\u00f6t\u00e4 ihmisten ymp\u00e4rist\u00f6tietoisuus kasvaa v\u00e4hitellen ja rakennuskoneiden vaatimukset kasvavat. S\u00e4hk\u00f6sylinteri, jossa ei ole vuotoja, on tehokas ja saasteeton, ja sen alhainen melutaso ja muut edut korvaavat t\u00e4m\u00e4n tarpeen. Kaikenlaiset rakennuskoneet tai manipulaattorit, joissa on s\u00e4hk\u00f6sylinterit mekaanisina kantajina, ovat v\u00e4hitellen yleistyneet monissa yrityksiss\u00e4.<\/p>\n<p>S\u00e4hk\u00f6isen\u00e4 toimilaitteena s\u00e4hk\u00f6sylinterill\u00e4 on edullinen, kompakti rakenne, helppo asennus, korkea s\u00e4\u00e4t\u00f6tarkkuus ja joustava k\u00e4ytt\u00f6. Mekaanisena liikkeenkantajana s\u00e4hk\u00f6sylinteri py\u00f6ritt\u00e4\u00e4 servomoottoria ja ohjaa kuularuuvin liikett\u00e4, jolloin kulmasiirtym\u00e4 muuttuu lineaariseksi siirtym\u00e4ksi, jolloin saavutetaan tarkka nopeuden, asennon ja ty\u00f6nt\u00f6voiman s\u00e4\u00e4t\u00f6.<\/p>\n<p>S\u00e4hk\u00f6sylinterill\u00e4 on etuna korkea hy\u00f6tysuhde, suuri kantokyky, nopea nopeus, tarkka ja hallittava liike jne. Sit\u00e4 k\u00e4ytet\u00e4\u00e4n laajalti ilmailu- ja avaruustesteiss\u00e4, monivapausasteiden simuloinnissa, monivapausasteiden dynaamisessa viihteess\u00e4, monivapausasteiden tarkkuuskoneistuksessa, roboteissa, autoteollisuudessa ja muilla laitealoilla, ter\u00e4sliitosten valussa, petrokemian teollisuudessa, materiaalink\u00e4sittelyss\u00e4, ruiskuvalukoneissa, muotinohjauksessa, venttiilien ohjauksessa, tarkkuuskoneissa, l\u00e4\u00e4keteollisuuden koneissa, elintarvikkeiden jalostuksessa ja muilla aloilla.<\/p>\n<p>Nostolavan s\u00e4hk\u00f6sylinterin keskeiset ominaisuudet:<\/p>\n<ol>\n<li>Sujuva ja tarkka pystysuora liike:<\/li>\n<\/ol>\n<ul>\n<li>Nostolavan s\u00e4hk\u00f6sylinteri tarjoaa tasaisen ja tarkan pystysuuntaisen liikkeen varmistaen tarkan paikannuksen halutuille korkeuksille.<\/li>\n<li>Sen avulla k\u00e4ytt\u00e4j\u00e4t voivat helposti s\u00e4\u00e4t\u00e4\u00e4 lavan korkeutta, mik\u00e4 helpottaa tehokasta ty\u00f6skentely\u00e4 ja parantaa tuottavuutta.<\/li>\n<\/ul>\n<ol start=\"2\">\n<li>S\u00e4hk\u00f6k\u00e4ytt\u00f6inen suorituskyky:<\/li>\n<\/ol>\n<ul>\n<li>T\u00e4m\u00e4 sylinteri toimii s\u00e4hk\u00f6virralla, joten manuaalista pumppausta tai ulkoisia virtal\u00e4hteit\u00e4 ei tarvita.<\/li>\n<li>Se tarjoaa hiljaisen ja tehokkaan toiminnan, joten se sopii sis\u00e4tiloihin, joissa melu ja p\u00e4\u00e4st\u00f6t on minimoitava.<\/li>\n<\/ul>\n<ol start=\"3\">\n<li>Suuri kuormituskapasiteetti:<\/li>\n<\/ol>\n<ul>\n<li>S\u00e4hk\u00f6k\u00e4ytt\u00f6isell\u00e4 henkil\u00f6nostimella varustetun henkil\u00f6nostimen suuri kuormituskapasiteetti mahdollistaa ty\u00f6ntekij\u00f6iden, ty\u00f6kalujen ja raskaiden laitteiden helpon kannattelun.<\/li>\n<li>Se on suunniteltu kest\u00e4m\u00e4\u00e4n vaativia ty\u00f6ymp\u00e4rist\u00f6j\u00e4 ja k\u00e4sittelem\u00e4\u00e4n merkitt\u00e4vi\u00e4 kuormia vaarantamatta turvallisuutta tai suorituskyky\u00e4.<\/li>\n<\/ul>\n<ol start=\"4\">\n<li>Turvaominaisuudet:<\/li>\n<\/ol>\n<ul>\n<li>T\u00e4ss\u00e4 sylinteriss\u00e4 on edistyneit\u00e4 turvaominaisuuksia, kuten rajakytkimet, h\u00e4t\u00e4pys\u00e4ytyspainikkeet ja ylikuormitussuoja.<\/li>\n<li>N\u00e4m\u00e4 turvamekanismit varmistavat k\u00e4ytt\u00e4j\u00e4n turvallisuuden est\u00e4m\u00e4ll\u00e4 korin liiallisen liikkumisen, ylikuormituksen tai tahattoman k\u00e4yt\u00f6n.<\/li>\n<\/ul>\n<h2><strong>Nostolavan s\u00e4hk\u00f6sylinterin parametri:<\/strong><\/h2>\n<table border=\"1\" cellspacing=\"0\" cellpadding=\"0\">\n<tbody>\n<tr>\n<td>Tuotteen nimi<\/td>\n<td>Nostolavan s\u00e4hk\u00f6sylinteri<\/td>\n<\/tr>\n<tr>\n<td>Ominaisuudet:<\/td>\n<td>Toteuta teleskooppinen toiminto<\/td>\n<\/tr>\n<tr>\n<td>Ty\u00f6nt\u00f6voima:<\/td>\n<td>1\u20131000 kN<\/td>\n<\/tr>\n<tr>\n<td>J\u00e4nnite:<\/td>\n<td>24 V, 48 V, 220 V, 380 V\u2026<\/td>\n<\/tr>\n<tr>\n<td>S\u00e4hk\u00f6sylinterin ominaisuudet:<\/td>\n<td>Korkea hy\u00f6tysuhde, nopea nopeus,<br \/>\nRaskas kuormitus, korkea tarkkuus<\/td>\n<\/tr>\n<tr>\n<td>S\u00e4hk\u00f6sylinterin sovellukset:<\/td>\n<td>Saksik\u00e4ytt\u00f6inen nostolava, Masto-nostosauva,<br \/>\nPaloauto, automaattinen tuotantolinja jne.<\/td>\n<\/tr>\n<\/tbody>\n<\/table>\n<h2><strong>Henkil\u00f6nostimen tunnistuskaavio:<\/strong><\/h2>\n<p><img loading=\"lazy\" decoding=\"async\" class=\"alignnone wp-image-1517 size-full\" src=\"https:\/\/hydraulic-cylinders.net\/wp-content\/uploads\/2023\/09\/aerial-work-platform-cylinder-construct.webp\" alt=\"\" width=\"600\" height=\"400\" srcset=\"https:\/\/hydraulic-cylinders.net\/wp-content\/uploads\/2023\/09\/aerial-work-platform-cylinder-construct.webp 600w, https:\/\/hydraulic-cylinders.net\/wp-content\/uploads\/2023\/09\/aerial-work-platform-cylinder-construct-480x320.webp 480w\" sizes=\"(min-width: 0px) and (max-width: 480px) 480px, (min-width: 481px) 600px, 100vw\" \/><img loading=\"lazy\" decoding=\"async\" class=\"alignnone wp-image-1518\" src=\"https:\/\/hydraulic-cylinders.net\/wp-content\/uploads\/2023\/09\/electric-cylinder-3.webp\" alt=\"\" width=\"600\" height=\"277\" srcset=\"https:\/\/hydraulic-cylinders.net\/wp-content\/uploads\/2023\/09\/electric-cylinder-3.webp 600w, https:\/\/hydraulic-cylinders.net\/wp-content\/uploads\/2023\/09\/electric-cylinder-3-480x222.webp 480w\" sizes=\"(min-width: 0px) and (max-width: 480px) 480px, (min-width: 481px) 600px, 100vw\" \/><\/p>\n<h2><strong>Ilma-alustan s\u00e4hk\u00f6sylinterin k\u00e4ytt\u00f6tapa:<\/strong><\/h2>\n<ol>\n<li><strong>Alustan asennus:<\/strong><\/li>\n<\/ol>\n<ul>\n<li>Noudata valmistajan ohjeita nostolavan s\u00e4hk\u00f6sylinterin asianmukaisesta asentamisesta.<\/li>\n<li>Varmista, ett\u00e4 sylinteri on kiinnitetty tukevasti nostokorin runkoon ja ett\u00e4 liitos on vakaa ja luotettava.<\/li>\n<\/ul>\n<ol start=\"2\">\n<li><strong>S\u00e4hk\u00f6liit\u00e4nt\u00e4:<\/strong><\/li>\n<\/ol>\n<ul>\n<li>Kytke sylinteri s\u00e4hk\u00f6verkkoon annettujen ohjeiden mukaisesti.<\/li>\n<li>Varmista, ett\u00e4 kaikki s\u00e4hk\u00f6liit\u00e4nn\u00e4t ovat tukevasti kiinni ja asianmukaisesti eristettyj\u00e4 s\u00e4hk\u00f6vaarojen v\u00e4ltt\u00e4miseksi.<\/li>\n<\/ul>\n<ol start=\"3\">\n<li><strong>Alustan korkeuden s\u00e4\u00e4t\u00f6:<\/strong><\/li>\n<\/ol>\n<ul>\n<li>S\u00e4\u00e4d\u00e4 lavan korkeutta laitteen mukana toimitetulla ohjauspaneelilla tai k\u00e4ytt\u00f6liittym\u00e4ll\u00e4.<\/li>\n<li>Noudata suositeltuja k\u00e4ytt\u00f6menetelmi\u00e4 ja turvallisuusohjeita varmistaaksesi sujuvan ja hallitun pystysuuntaisen liikkeen.<\/li>\n<\/ul>\n<ol start=\"4\">\n<li><strong>Turvallisuusn\u00e4k\u00f6kohdat:<\/strong><\/li>\n<\/ol>\n<ul>\n<li>Ennen nostolavan k\u00e4ytt\u00f6\u00e4 tutustu turvaominaisuuksiin ja h\u00e4t\u00e4tilanneohjeisiin.<\/li>\n<li>Varmista, ett\u00e4 kaikki k\u00e4ytt\u00e4j\u00e4t saavat asianmukaisen koulutuksen ty\u00f6lavan ja nostolavan s\u00e4hk\u00f6sylinterin turvallisesta k\u00e4yt\u00f6st\u00e4.<\/li>\n<\/ul>\n<h2><strong>S\u00e4hk\u00f6sylinterin k\u00e4ytt\u00f6:<\/strong><\/h2>\n<p><img loading=\"lazy\" decoding=\"async\" id=\"thepasted-1\" class=\"alignnone wp-image-1519 size-full\" src=\"https:\/\/hydraulic-cylinders.net\/wp-content\/uploads\/2023\/09\/electric-cylinder-4.webp\" alt=\"\" width=\"968\" height=\"831\" srcset=\"https:\/\/hydraulic-cylinders.net\/wp-content\/uploads\/2023\/09\/electric-cylinder-4.webp 968w, https:\/\/hydraulic-cylinders.net\/wp-content\/uploads\/2023\/09\/electric-cylinder-4-480x412.webp 480w\" sizes=\"(min-width: 0px) and (max-width: 480px) 480px, (min-width: 481px) 968px, 100vw\" \/><\/p>\n<h2><strong>Miten hydraulinen j\u00e4rjestelm\u00e4 toimii?<\/strong><\/h2>\n<p>Hydraulij\u00e4rjestelm\u00e4 on mekaaninen voimansiirtoj\u00e4rjestelm\u00e4, joka hy\u00f6dynt\u00e4\u00e4 nesteen voimaa tehon tuottamiseen ja siirt\u00e4miseen. Se toimii Pascalin lain mukaisesti, jonka mukaan paine, jota kohdistetaan suljettuun nesteeseen, siirtyy tasaisesti kaikkiin suuntiin.<\/p>\n<p>T\u00e4ss\u00e4 on yksinkertaistettu selitys hydrauliikkaj\u00e4rjestelm\u00e4n toiminnasta:<\/p>\n<ol>\n<li><strong>Hydraulij\u00e4rjestelm\u00e4n osat:<\/strong>\n<ul>\n<li>Hydraulineste: Tyypillisesti \u00f6ljypohjainen, se on v\u00e4liaine voimansiirtoon.<\/li>\n<li>Hydraulipumppu: Se tuottaa nestevirtausta ja luo paineen j\u00e4rjestelm\u00e4\u00e4n.<\/li>\n<li>Hydraulisylinteri: Muuntaa nesteen paineen lineaariseksi liikkeeksi tai voimaksi.<\/li>\n<li>Ohjausventtiilit: S\u00e4\u00e4telev\u00e4t hydraulinesteen virtausta ja suuntaa.<\/li>\n<li>Hydraulimoottori: Muuntaa nesteen paineen py\u00f6rimisliikkeeksi.<\/li>\n<\/ul>\n<\/li>\n<li><strong>Pumpattava neste:<\/strong>\n<ul>\n<li>Hydraulipumppu imee hydraulinestett\u00e4 s\u00e4ili\u00f6st\u00e4 ja toimittaa sit\u00e4 paineen alaisena muuhun j\u00e4rjestelm\u00e4\u00e4n.<\/li>\n<li>Pumpun toimiessa se luo alipaineen, joka vet\u00e4\u00e4 nestett\u00e4 imuaukkoonsa.<\/li>\n<\/ul>\n<\/li>\n<li><strong>Nesteen jakautuminen:<\/strong>\n<ul>\n<li>Paineistettu neste virtaa hydrauliikkalinjojen tai -letkujen l\u00e4pi j\u00e4rjestelm\u00e4n eri osiin.<\/li>\n<li>N\u00e4m\u00e4 linjat on suunniteltu kest\u00e4m\u00e4\u00e4n korkeita paineita ja siirt\u00e4m\u00e4\u00e4n nestett\u00e4 vuotamatta.<\/li>\n<\/ul>\n<\/li>\n<li><strong>Ohjausventtiilit:<\/strong>\n<ul>\n<li>Ohjausventtiilit m\u00e4\u00e4ritt\u00e4v\u00e4t hydraulinesteen virtaussuunnan, nopeuden ja paineen.<\/li>\n<li>Niit\u00e4 k\u00e4ytet\u00e4\u00e4n manuaalisesti tai s\u00e4hk\u00f6isesti, ja ne vastaavat tiettyjen hydrauliikkakomponenttien aktivoinnista tai deaktivoinnista.<\/li>\n<\/ul>\n<\/li>\n<li><strong>Hydraulisylinteri:<\/strong>\n<ul>\n<li>Hydraulisylinteri koostuu lieri\u00f6m\u00e4isest\u00e4 putkesta, m\u00e4nn\u00e4st\u00e4 ja m\u00e4nn\u00e4nvarresta.<\/li>\n<li>Kun paineistettu neste tulee sylinterin toiselle puolelle, se ty\u00f6nt\u00e4\u00e4 m\u00e4nt\u00e4\u00e4, joka liikuttaa tankoa.<\/li>\n<li>T\u00e4m\u00e4 lineaarinen liike voi nostaa, ty\u00f6nt\u00e4\u00e4 tai siirt\u00e4\u00e4 ulkoisia kuormia.<\/li>\n<\/ul>\n<\/li>\n<li><strong>Hydraulimoottori:<\/strong>\n<ul>\n<li>Hydraulimoottori muuntaa nesteen paineen py\u00f6rimisliikkeeksi.<\/li>\n<li>Se koostuu roottorista ja staattorista, ja paineistettu neste saa roottorin py\u00f6rim\u00e4\u00e4n.<\/li>\n<li>Py\u00f6riv\u00e4\u00e4 l\u00e4ht\u00f6\u00e4 voidaan k\u00e4ytt\u00e4\u00e4 koneiden k\u00e4ytt\u00e4miseen tai ty\u00f6n suorittamiseen.<\/li>\n<\/ul>\n<\/li>\n<li><strong>Palautus ja suodatus:<\/strong>\n<ul>\n<li>Suoritettuaan tarkoitetun teht\u00e4v\u00e4ns\u00e4 hydraulineste palaa s\u00e4ili\u00f6\u00f6n uudelleenk\u00e4ytt\u00f6\u00e4 varten.<\/li>\n<li>Suodatusj\u00e4rjestelm\u00e4t varmistavat, ett\u00e4 neste on puhdasta ja vapaata ep\u00e4puhtauksista, mik\u00e4 est\u00e4\u00e4 hydrauliikkakomponenttien vaurioitumisen.<\/li>\n<\/ul>\n<\/li>\n<li><strong>Ohjaus ja turvallisuus:<\/strong>\n<ul>\n<li>Hydraulij\u00e4rjestelmiss\u00e4 on erilaisia \u200b\u200bohjausmekanismeja, kuten paineenalennusventtiilej\u00e4, jotka est\u00e4v\u00e4t liiallisen paineen nousun ja varmistavat j\u00e4rjestelm\u00e4n turvallisuuden.<\/li>\n<li>Anturit ja takaisinkytkent\u00e4laitteet voivat valvoa ja s\u00e4\u00e4t\u00e4\u00e4 j\u00e4rjestelm\u00e4n parametreja, kuten painetta, l\u00e4mp\u00f6tilaa ja virtausta.<\/li>\n<\/ul>\n<\/li>\n<\/ol>\n<h2><strong>Tehtaan kapasiteetti ja kapasiteetti:<\/strong><\/h2>\n<h3>(1) Kokoonpano<\/h3>\n<p>Meill\u00e4 on ensiluokkainen riippumaton tutkimus- ja kehitysty\u00f6n kokoonpanoalusta. Hydraulisylinterien tuotantopajassa on nelj\u00e4 puoliautomaattista nostosylinterin kokoonpanolinjaa ja yksi automaattinen kallistussylinterin kokoonpanolinja, joiden suunniteltu vuotuinen tuotantokapasiteetti on 1 miljoona kappaletta. Erikoissylinterin ty\u00f6paja on varustettu erilaisilla eritelmill\u00e4 puoliautomaattisen puhdistusasennuksen kokoonpanoj\u00e4rjestelm\u00e4ll\u00e4, jonka suunniteltu vuotuinen tuotantokapasiteetti on 200 000, ja se on varustettu kuuluisilla CNC-ty\u00f6st\u00f6laitteilla, ty\u00f6st\u00f6keskuksella, korkean tarkkuuden sylinterin k\u00e4sittelyyn tarkoitetuilla erityislaitteilla, robottihitsauskoneella, automaattisella puhdistuslaitteella, automaattisella sylinterin kokoonpanokoneella ja automaattisella maalaustuotantolinjalla. Olemassa olevat kriittiset laitteet yli 300 sarjaa (sarjaa). Laiteresurssien optimaalinen kohdentaminen ja tehokas k\u00e4ytt\u00f6 varmistavat tuotteiden tarkkuusvaatimukset ja t\u00e4ytt\u00e4v\u00e4t tuotteiden laatuvaatimukset.<\/p>\n<p><img loading=\"lazy\" decoding=\"async\" class=\"alignnone wp-image-626\" src=\"https:\/\/hydraulic-cylinders.net\/wp-content\/uploads\/2023\/08\/hydraulic-cylinder-product-1-300x158.webp\" alt=\"\" width=\"495\" height=\"260\" srcset=\"https:\/\/hydraulic-cylinders.net\/wp-content\/uploads\/2023\/08\/hydraulic-cylinder-product-1-300x158.webp 495w, https:\/\/hydraulic-cylinders.net\/wp-content\/uploads\/2023\/08\/hydraulic-cylinder-product-1-480x252.webp 480w\" sizes=\"(min-width: 0px) and (max-width: 480px) 480px, (min-width: 481px) 495px, 100vw\" \/> <img loading=\"lazy\" decoding=\"async\" class=\"alignnone wp-image-627\" src=\"https:\/\/hydraulic-cylinders.net\/wp-content\/uploads\/2023\/08\/hydraulic-cylinder-product-2-300x189.webp\" alt=\"\" width=\"413\" height=\"260\" \/><\/p>\n<h3>(2) Koneistus<\/h3>\n<p>Ty\u00f6st\u00f6paja on varustettu r\u00e4\u00e4t\u00e4l\u00f6idyll\u00e4 kaltevalla kiskosorvauskeskuksella, ty\u00f6st\u00f6keskuksella, suurnopeus-hiontakoneella, hitsausrobotilla ja muilla vastaavilla laitteilla, joilla voidaan k\u00e4sitell\u00e4 sylinteriputkia, joiden sis\u00e4halkaisija on enint\u00e4\u00e4n 400 mm ja enimm\u00e4ispituus on 6 metri\u00e4.<\/p>\n<p><img loading=\"lazy\" decoding=\"async\" class=\"alignnone wp-image-628 size-large\" src=\"https:\/\/hydraulic-cylinders.net\/wp-content\/uploads\/2023\/08\/hydraulic-cylinder-product-3-1024x391.webp\" alt=\"\" width=\"1024\" height=\"391\" srcset=\"https:\/\/hydraulic-cylinders.net\/wp-content\/uploads\/2023\/08\/hydraulic-cylinder-product-3-980x374.webp 980w, https:\/\/hydraulic-cylinders.net\/wp-content\/uploads\/2023\/08\/hydraulic-cylinder-product-3-480x183.webp 480w\" sizes=\"(min-width: 0px) and (max-width: 480px) 480px, (min-width: 481px) and (max-width: 980px) 980px, (min-width: 981px) 1024px, 100vw\" \/><\/p>\n<h3>(3) Hitsaus<\/h3>\n<p><img loading=\"lazy\" decoding=\"async\" class=\"alignnone wp-image-629 size-large\" src=\"https:\/\/hydraulic-cylinders.net\/wp-content\/uploads\/2023\/08\/hydraulic-cylinder-product-4-1024x510.webp\" alt=\"\" width=\"1024\" height=\"510\" srcset=\"https:\/\/hydraulic-cylinders.net\/wp-content\/uploads\/2023\/08\/hydraulic-cylinder-product-4-980x488.webp 980w, https:\/\/hydraulic-cylinders.net\/wp-content\/uploads\/2023\/08\/hydraulic-cylinder-product-4-480x239.webp 480w\" sizes=\"(min-width: 0px) and (max-width: 480px) 480px, (min-width: 481px) and (max-width: 980px) 980px, (min-width: 981px) 1024px, 100vw\" \/><\/p>\n<h3>(4) Maalaus ja pinnoitus<\/h3>\n<p>Pienill\u00e4 ja keskisuurilla sylinterin automaattisilla vesipohjaisilla maalipinnoituslinjoilla automaattisen robotin lastaus- ja purku- ja automaattisen ruiskutuksen saavuttamiseksi, suunnittelukapasiteetti on 4000 kappaletta vuorossa;<br \/>\nMeill\u00e4 on my\u00f6s puoliautomaattinen maalauslinja suurille sylintereille, joka toimii voimaketjulla ja jonka suunnittelukapasiteetti on 60 laatikkoa ty\u00f6vuorossa.<\/p>\n<p><img loading=\"lazy\" decoding=\"async\" class=\"alignnone wp-image-630\" src=\"https:\/\/hydraulic-cylinders.net\/wp-content\/uploads\/2023\/08\/hydraulic-cylinder-product-5-300x213.webp\" alt=\"\" width=\"366\" height=\"260\" \/> <img loading=\"lazy\" decoding=\"async\" class=\"alignnone wp-image-631\" src=\"https:\/\/hydraulic-cylinders.net\/wp-content\/uploads\/2023\/08\/hydraulic-cylinder-product-6-300x225.webp\" alt=\"\" width=\"347\" height=\"260\" \/><\/p>\n<h3>(5) Testaus<\/h3>\n<p>Meill\u00e4 on ensiluokkaiset tarkastustilat ja testialustat, joilla varmistetaan, ett\u00e4 sylinterin suorituskyky t\u00e4ytt\u00e4\u00e4 vaatimukset.<\/p>\n<p><img loading=\"lazy\" decoding=\"async\" class=\"alignnone wp-image-632\" src=\"https:\/\/hydraulic-cylinders.net\/wp-content\/uploads\/2023\/08\/hydraulic-cylinder-product-8-300x200.webp\" alt=\"\" width=\"389\" height=\"260\" \/><\/p>\n<p>&nbsp;<\/p>\n<p>&nbsp;<\/p>\n<p>Olemme yksi parhaista hydraulisylintereiden valmistajista. Voimme tarjota kattavia hydraulisylintereit\u00e4. Tarjoamme my\u00f6s vastaavia <a href=\"https:\/\/hzpt.com\/agricultural-pto-gearbox\/\" target=\"_blank\" rel=\"noopener\">maatalousvaihteistot<\/a>Olemme vieneet tuotteitamme asiakkaille maailmanlaajuisesti ja ansainneet hyv\u00e4n maineen erinomaisen tuotelaadun ja huoltopalvelumme ansiosta. Toivotamme tervetulleeksi asiakkaat kotimaassa ja ulkomailla ottamaan meihin yhteytt\u00e4 neuvotellakseen liiketoimista, vaihtaakseen tietoja ja <a href=\"https:\/\/www.hydraulic-cylinders.net\/fi\/contact-us\/\">tehd\u00e4 yhteisty\u00f6t\u00e4 kanssamme<\/a>!<\/p>","protected":false},"excerpt":{"rendered":"<p>Aerial Work Platform Electric Cylinder The aerial work platform electric cylinder is a cutting-edge hydraulic component designed to enhance efficiency and safety in elevated work environments. This innovative cylinder is critical in aerial work platforms, providing precise and controlled vertical movement for workers, tools, and equipment. With the increasingly strict environmental protection laws and regulations, [&hellip;]<\/p>","protected":false},"featured_media":1516,"comment_status":"open","ping_status":"closed","template":"","meta":{"_et_pb_use_builder":"","_et_pb_old_content":"","_et_gb_content_width":""},"product_brand":[],"product_cat":[1500,1549,1376],"product_tag":[1380],"class_list":{"0":"post-1514","1":"product","2":"type-product","3":"status-publish","4":"has-post-thumbnail","6":"product_cat-aerial-work-vehicle-hydraulic-cylinder","7":"product_cat-single-acting-hydraulic-cylinder","8":"product_cat-hydraulic-cylinder","9":"product_tag-hydraulic-cylinder","11":"first","12":"instock","13":"shipping-taxable","14":"product-type-simple"},"amp_enabled":true,"_links":{"self":[{"href":"https:\/\/www.hydraulic-cylinders.net\/fi\/wp-json\/wp\/v2\/product\/1514","targetHints":{"allow":["GET"]}}],"collection":[{"href":"https:\/\/www.hydraulic-cylinders.net\/fi\/wp-json\/wp\/v2\/product"}],"about":[{"href":"https:\/\/www.hydraulic-cylinders.net\/fi\/wp-json\/wp\/v2\/types\/product"}],"replies":[{"embeddable":true,"href":"https:\/\/www.hydraulic-cylinders.net\/fi\/wp-json\/wp\/v2\/comments?post=1514"}],"wp:featuredmedia":[{"embeddable":true,"href":"https:\/\/www.hydraulic-cylinders.net\/fi\/wp-json\/wp\/v2\/media\/1516"}],"wp:attachment":[{"href":"https:\/\/www.hydraulic-cylinders.net\/fi\/wp-json\/wp\/v2\/media?parent=1514"}],"wp:term":[{"taxonomy":"product_brand","embeddable":true,"href":"https:\/\/www.hydraulic-cylinders.net\/fi\/wp-json\/wp\/v2\/product_brand?post=1514"},{"taxonomy":"product_cat","embeddable":true,"href":"https:\/\/www.hydraulic-cylinders.net\/fi\/wp-json\/wp\/v2\/product_cat?post=1514"},{"taxonomy":"product_tag","embeddable":true,"href":"https:\/\/www.hydraulic-cylinders.net\/fi\/wp-json\/wp\/v2\/product_tag?post=1514"}],"curies":[{"name":"wp","href":"https:\/\/api.w.org\/{rel}","templated":true}]}}