{"id":15145,"date":"2025-01-19T14:09:45","date_gmt":"2025-01-19T14:09:45","guid":{"rendered":"https:\/\/www.hydraulic-cylinders.net\/product\/bucket-cylinder-for-komatsu-large-excavator-pc850-8\/"},"modified":"2025-01-19T14:09:47","modified_gmt":"2025-01-19T14:09:47","slug":"bucket-cylinder-for-komatsu-large-excavator-pc850-8","status":"publish","type":"product","link":"https:\/\/www.hydraulic-cylinders.net\/fi\/tuote\/bucket-cylinder-for-komatsu-large-excavator-pc850-8\/","title":{"rendered":"Kauhan sylinteri Komatsun suurelle kaivinkoneelle PC850-8"},"content":{"rendered":"<h2>Johdanto<\/h2>\n<h3>Kauhan sylinteri Komatsun suurelle kaivinkoneelle PC850-8<\/h3>\n<p>Kauhasylinteri on erityisesti suunniteltu hydraulisylinteri, jota k\u00e4ytet\u00e4\u00e4n ohjaamaan kauhojen liikett\u00e4 raskaissa koneissa, kuten kaivinkoneissa, kaivurikuormaajissa ja etukuormaajissa. Sen p\u00e4\u00e4teht\u00e4v\u00e4n\u00e4 on mahdollistaa kauhan nostaminen, laskeminen ja kallistaminen erilaisissa materiaalink\u00e4sittelyteht\u00e4viss\u00e4. Hydraulij\u00e4rjestelm\u00e4ss\u00e4 kauhasylinteri ohjaa kauhan liikett\u00e4 tarkasti, jolloin k\u00e4ytt\u00e4j\u00e4t voivat k\u00e4sitell\u00e4 raskaita kuormia tehokkaasti ja sopeutua monimutkaisiin ty\u00f6ymp\u00e4rist\u00f6ihin ja erilaisiin ty\u00f6vaatimuksiin.<\/p>\n<p><img decoding=\"async\" src=\"https:\/\/www.hydraulic-cylinders.net\/wp-content\/uploads\/2025\/01\/songte-company-2.webp\" alt=\"Kauhan sylinterin kuva\"\/><\/p>\n<h2>Ominaisuudet<\/h2>\n<ul>\n<li>\n<h3>Korkea lujuus ja kest\u00e4vyys<\/h3>\n<p>Kauhasylinteri on tyypillisesti valmistettu eritt\u00e4in lujasta ter\u00e4ksest\u00e4 tai alumiinista, joka kest\u00e4\u00e4 korkeaa painetta ja raskaita kuormia, ja sen suunnittelussa on otettu huomioon kulutuskest\u00e4vyys ja korroosionkest\u00e4vyys k\u00e4ytt\u00f6i\u00e4n pident\u00e4miseksi.<\/p>\n<\/li>\n<li>\n<h3>Tehokas hydraulinen k\u00e4ytt\u00f6<\/h3>\n<p>Kauhasylinteri k\u00e4ytt\u00e4\u00e4 hydrauli\u00f6ljyn painetta tasaisen ulos- ja sis\u00e4\u00e4nvet\u00e4misen, nopean reagoinnin ohjauskomentoihin sek\u00e4 tehokkaan ty\u00f6nt\u00f6- ja vetovoiman saavuttamiseksi, mik\u00e4 soveltuu raskaiden kuormien k\u00e4sittelyyn ja monimutkaisiin operaatioihin.<\/p>\n<\/li>\n<li>\n<h3>Erilaisia \u200b\u200btyyppej\u00e4<\/h3>\n<p>Kauhasylinteri voidaan valita tarpeen mukaan yksitoimiseksi (hydrauliikkaa k\u00e4ytet\u00e4\u00e4n vain yhteen suuntaan) tai kaksitoimiseksi (hydrauliikkaa k\u00e4ytet\u00e4\u00e4n kahteen suuntaan), ja jotkut mallit ovat teleskooppisia, mik\u00e4 mahdollistaa suuremman jatkeen ilman ulkomittojen kasvua, mik\u00e4 sopii sovelluksiin, joissa on rajoitetusti tilaa.<\/p>\n<\/li>\n<li>\n<h3>Vaihdettavissa vastaavien tuotteiden kanssa<\/h3>\n<p>Kauhasylinterimme voi t\u00e4ydellisesti korvata vastaavat hydraulisylinterit ja tarjota asiakkaille kustannustehokkaan ratkaisun.<\/p>\n<\/li>\n<li>\n<h3>Mukautettava<\/h3>\n<p>Voimme r\u00e4\u00e4t\u00e4l\u00f6id\u00e4 kauhan sylinterin erityisvaatimusten mukaisesti.<\/p>\n<\/li>\n<\/ul>\n<p><img decoding=\"async\" src=\"https:\/\/www.hydraulic-cylinders.net\/wp-content\/uploads\/2025\/01\/songte-cylinder-head-with-all-kinds-excavator-models.webp\" alt=\"Kauhan sylinterin kuva\"\/><\/p>\n<h2>Sovellukset<\/h2>\n<p>Kauhasylinteri\u00e4 k\u00e4ytet\u00e4\u00e4n laajalti erilaisissa raskaissa koneissa, kuten:<\/p>\n<ul>\n<li>\n<h3>Kaivinkoneet<\/h3>\n<p>Kauhan sylinteri mahdollistaa kauhan tunkeutumisen maaper\u00e4\u00e4n kaivamista varten.<\/p>\n<\/li>\n<li>\n<h3>Kaivurikuormaajat<\/h3>\n<p>Kauhan sylinteri auttaa sek\u00e4 kaivamisessa ett\u00e4 nostamisessa.<\/p>\n<\/li>\n<li>\n<h3>Etukuormaajat<\/h3>\n<p>Kauhasylinteri auttaa nostamaan ja tyhjent\u00e4m\u00e4\u00e4n materiaaleja tehokkaasti.<\/p>\n<\/li>\n<\/ul>\n<h2>Suunnittelun\u00e4k\u00f6kohdat ja valintakriteerit<\/h2>\n<ul>\n<li>\n<h3>Kantavuus<\/h3>\n<p>Kauhasylinterin on oltava riitt\u00e4v\u00e4n kantava, jotta se kest\u00e4\u00e4 raskaita kuormia ja korkeaa painetta.<\/p>\n<\/li>\n<li>\n<h3>Tiivistys<\/h3>\n<p>Kauhasylinteri vaatii erilaisia \u200b\u200btiivisteit\u00e4 vuotojen est\u00e4miseksi ja luotettavan toiminnan varmistamiseksi. On parempi valita kulutusta kest\u00e4vist\u00e4 materiaaleista, kuten polyuretaanista ja nitriilikumista, valmistetut tiivisteet.<\/p>\n<\/li>\n<li>\n<h3>Kest\u00e4vyys<\/h3>\n<p>Kauhasylinterin suunnittelussa on otettava huomioon kulumiskest\u00e4vyys ja korroosionkest\u00e4vyys pitk\u00e4n k\u00e4ytt\u00f6i\u00e4n varmistamiseksi. Sylinterin runko ja kierteitetyt p\u00e4\u00e4t on hienok\u00e4sitelt\u00e4v\u00e4 kulumiskest\u00e4vyyden parantamiseksi.<\/p>\n<\/li>\n<li>\n<h3>Turvallisuus<\/h3>\n<p>Kauhasylinterin on t\u00e4ytett\u00e4v\u00e4 turvallisuusstandardit, ja se on asennettava ja sit\u00e4 on k\u00e4ytett\u00e4v\u00e4 oikein onnettomuuksien v\u00e4ltt\u00e4miseksi.<\/p>\n<\/li>\n<li>\n<h3>Huolto<\/h3>\n<p>Kauhasylinterin tulee olla helppo huoltaa ja korjata, ja s\u00e4\u00e4nn\u00f6llinen tarkastus ja voitelu ovat v\u00e4ltt\u00e4m\u00e4tt\u00f6mi\u00e4 pitk\u00e4aikaisen tehokkaan toiminnan kannalta.<\/p>\n<\/li>\n<\/ul>\n<p><img decoding=\"async\" src=\"https:\/\/www.hydraulic-cylinders.net\/wp-content\/uploads\/2025\/01\/songte-oil-pipes-and-spare-parts.webp\" alt=\"Kauhan sylinterin kuva\"\/><\/p>\n<h2>Huolto ja korjaus<\/h2>\n<p>S\u00e4\u00e4nn\u00f6llinen huolto ja korjaus ovat v\u00e4ltt\u00e4m\u00e4tt\u00f6mi\u00e4 kauhan sylinterin tehokkaan ja turvallisen toiminnan varmistamiseksi. Tyypillisi\u00e4 huoltoteht\u00e4vi\u00e4 ovat:<\/p>\n<ul>\n<li>\n<h3>S\u00e4\u00e4nn\u00f6llinen tarkastus<\/h3>\n<p>Tarkasta kauhan sylinteri s\u00e4\u00e4nn\u00f6llisesti kulumisen ja vaurioiden havaitsemiseksi ja mahdollisten ongelmien ehk\u00e4isemiseksi.<\/p>\n<\/li>\n<li>\n<h3>Voitelu<\/h3>\n<p>Levit\u00e4 s\u00e4\u00e4nn\u00f6llisesti sopivaa hydrauliikka\u00f6ljy\u00e4 kauhan sylinterin voitelemiseksi ja kulumisen ja vuotojen est\u00e4miseksi.<\/p>\n<\/li>\n<li>\n<h3>Tiivisteen vaihto<\/h3>\n<p>Vaihda tiivisteet s\u00e4\u00e4nn\u00f6llisesti varmistaaksesi luotettavan toiminnan ja est\u00e4\u00e4ksesi vuodot.<\/p>\n<\/li>\n<li>\n<h3>Kohdistustarkistus<\/h3>\n<p>Kohdista kauhan sylinteri oikein asennuksen aikana onnettomuuksien v\u00e4ltt\u00e4miseksi ja tehokkaan toiminnan varmistamiseksi.<\/p>\n<\/li>\n<li>\n<h3>Uudelleenrakennuspalvelu<\/h3>\n<p>Tarjoa kuluneiden tai vaurioituneiden kauhasylintereiden kunnostuspalvelua niiden k\u00e4ytt\u00f6i\u00e4n pident\u00e4miseksi ja vaihtokustannusten s\u00e4\u00e4st\u00e4miseksi.<\/p>\n<\/li>\n<\/ul>\n<p><img decoding=\"async\" src=\"https:\/\/www.hydraulic-cylinders.net\/wp-content\/uploads\/2025\/01\/songte-chushion-collar.webp\" alt=\"Kauhan sylinterin kuva\"\/><\/p>\n<h2>Turvallisuusn\u00e4k\u00f6kohdat ja ymp\u00e4rist\u00f6tekij\u00e4t<\/h2>\n<p>Kauhasylinteri\u00e4 k\u00e4ytett\u00e4ess\u00e4 on onnettomuuksien v\u00e4ltt\u00e4miseksi toteutettava turvatoimenpiteit\u00e4, kuten suojavarusteiden k\u00e4ytt\u00f6, asianmukaisten nostolaitteiden k\u00e4ytt\u00f6 ja ylikuormituksen v\u00e4ltt\u00e4minen. Ymp\u00e4rist\u00f6tekij\u00e4t, kuten l\u00e4mp\u00f6tila, kosteus ja sy\u00f6vytt\u00e4v\u00e4t aineet, on my\u00f6s otettava huomioon kauhasylinterin luotettavan toiminnan ja pitk\u00e4n k\u00e4ytt\u00f6i\u00e4n varmistamiseksi.<\/p>\n<p><img decoding=\"async\" src=\"https:\/\/hzpt.com\/wp-content\/uploads\/2024\/11\/songte-company-1.webp\" alt=\"Kauhan sylinterin kuva\"\/><\/p>\n<h2>Yleisi\u00e4 ongelmia ja vianm\u00e4\u00e4ritys<\/h2>\n<p>Kauhasylinterin yleisi\u00e4 ongelmia ovat vuodot, kuluminen ja vauriot. Vianm\u00e4\u00e4ritysvinkit ja -ratkaisut, kuten tiivisteiden tarkistaminen, vaurioituneiden osien vaihtaminen ja kunnostushuolto, voivat auttaa diagnosoimaan ja ratkaisemaan ongelmia tehokkaasti, ja ennaltaehk\u00e4isev\u00e4t toimenpiteet, kuten s\u00e4\u00e4nn\u00f6llinen tarkastus ja voitelu, voivat v\u00e4hent\u00e4\u00e4 mahdollisia ongelmia.<\/p>\n<p><img decoding=\"async\" src=\"https:\/\/www.hydraulic-cylinders.net\/wp-content\/uploads\/2025\/01\/songte-bushings-with-all-kinds-of-excavator-models.webp\" alt=\"Kauhan sylinterin kuva\"\/><\/p>\n<h2>Tietoa meist\u00e4<\/h2>\n<p>Olemme hydraulisylinterien valmistaja, joka tarjoaa laajan valikoiman tuotteita ja on yksi johtavista hydraulisylinterien valmistajista ja tukkumyyjist\u00e4 kotimaisilla ja kansainv\u00e4lisill\u00e4 markkinoilla. Noudatamme erinomaisen laadun periaatetta ja luotamme teollistettuihin tuotannonohjausstrategioihin hienoissa valmistuspajoissamme. Parannamme jatkuvasti ty\u00f6pajoidemme valmistusalustaa k\u00e4ytt\u00e4m\u00e4ll\u00e4 teknisi\u00e4 kykyj\u00e4, digitaalisia huippuluokan valmistuslaitteita ja ammattimaisia \u200b\u200btestausj\u00e4rjestelmi\u00e4, hioen tuotantolinjaa tuotteiden laadun varmistamiseksi ja meill\u00e4 on vahva luova kyky vastata asiakkaiden monipuolisiin tarpeisiin tehokkaalla, tarkalla ja laadukkaalla tavalla.<\/p>\n<p>Olemme omistautuneet tarjoamaan ammattimaisia, kansainv\u00e4lisesti sertifioituja, r\u00e4\u00e4t\u00e4l\u00f6ityj\u00e4 ja korkealaatuisia tuotteita ja palveluita, mukaan lukien:<\/p>\n<ul>\n<li>\n<h3>Ammattimaisuus<\/h3>\n<p>Meill\u00e4 on kokeneiden ja ammattitaitoisten ammattilaisten tiimi, joka voi tarjota ammattimaista neuvontaa ja teknist\u00e4 tukea.<\/p>\n<\/li>\n<li>\n<h3>Kansainv\u00e4linen sertifiointi<\/h3>\n<p>Tuotteemme ovat l\u00e4p\u00e4isseet kansainv\u00e4liset sertifikaatit, kuten ISO9001:2015, CE ja RoHS, mik\u00e4 takaa niiden laadun ja turvallisuuden.<\/p>\n<\/li>\n<li>\n<h3>Mukauttaminen<\/h3>\n<p>Voimme r\u00e4\u00e4t\u00e4l\u00f6id\u00e4 hydraulisylintereit\u00e4 erityisvaatimusten mukaan.<\/p>\n<\/li>\n<li>\n<h3>Edistyneet tuotantolaitteet<\/h3>\n<p>Meill\u00e4 on k\u00e4yt\u00f6ss\u00e4mme edistyneet tuotantolaitteet, kuten CNC-koneet, sorvit ja hiomakoneet, jotka varmistavat valmistuksen tarkkuuden ja tehokkuuden.<\/p>\n<\/li>\n<li>\n<h3>Myynnin j\u00e4lkeinen palvelu<\/h3>\n<p>Tarjoamme kattavia j\u00e4lkimarkkinointipalveluita, kuten huoltoa, korjausta ja vaihtoa, varmistaen hydraulisylintereiden sujuvan ja tehokkaan toiminnan.<\/p>\n<\/li>\n<\/ul>\n<p><img decoding=\"async\" src=\"https:\/\/www.hydraulic-cylinders.net\/wp-content\/uploads\/2025\/01\/songte-company-3.webp\" alt=\"Kauhan sylinterin kuva\"\/><\/p>\n<p>Kirjoittaja: lyl<\/p>","protected":false},"excerpt":{"rendered":"<p>Introduction Bucket Cylinder For Komatsu Large Excavator PC850-8 A bucket cylinder is a specially designed hydraulic cylinder used to control the movement of buckets in heavy machinery such as excavators, backhoe loaders, and front-end loaders. Its main function is to enable the bucket to lift, lower, and tilt for various material handling tasks. In the [&hellip;]<\/p>","protected":false},"featured_media":14762,"comment_status":"open","ping_status":"closed","template":"","meta":{"_et_pb_use_builder":"","_et_pb_old_content":"","_et_gb_content_width":""},"product_brand":[],"product_cat":[1494],"product_tag":[1495,1496],"class_list":{"0":"post-15145","1":"product","2":"type-product","3":"status-publish","4":"has-post-thumbnail","6":"product_cat-bucket-cylinders","7":"product_tag-bucket-cylinders","8":"product_tag-hydraulic-cylinders","10":"first","11":"instock","12":"shipping-taxable","13":"product-type-simple"},"amp_enabled":true,"_links":{"self":[{"href":"https:\/\/www.hydraulic-cylinders.net\/fi\/wp-json\/wp\/v2\/product\/15145","targetHints":{"allow":["GET"]}}],"collection":[{"href":"https:\/\/www.hydraulic-cylinders.net\/fi\/wp-json\/wp\/v2\/product"}],"about":[{"href":"https:\/\/www.hydraulic-cylinders.net\/fi\/wp-json\/wp\/v2\/types\/product"}],"replies":[{"embeddable":true,"href":"https:\/\/www.hydraulic-cylinders.net\/fi\/wp-json\/wp\/v2\/comments?post=15145"}],"wp:featuredmedia":[{"embeddable":true,"href":"https:\/\/www.hydraulic-cylinders.net\/fi\/wp-json\/wp\/v2\/media\/14762"}],"wp:attachment":[{"href":"https:\/\/www.hydraulic-cylinders.net\/fi\/wp-json\/wp\/v2\/media?parent=15145"}],"wp:term":[{"taxonomy":"product_brand","embeddable":true,"href":"https:\/\/www.hydraulic-cylinders.net\/fi\/wp-json\/wp\/v2\/product_brand?post=15145"},{"taxonomy":"product_cat","embeddable":true,"href":"https:\/\/www.hydraulic-cylinders.net\/fi\/wp-json\/wp\/v2\/product_cat?post=15145"},{"taxonomy":"product_tag","embeddable":true,"href":"https:\/\/www.hydraulic-cylinders.net\/fi\/wp-json\/wp\/v2\/product_tag?post=15145"}],"curies":[{"name":"wp","href":"https:\/\/api.w.org\/{rel}","templated":true}]}}