{"id":15152,"date":"2025-01-19T14:10:16","date_gmt":"2025-01-19T14:10:16","guid":{"rendered":"https:\/\/www.hydraulic-cylinders.net\/product\/bucket-cylinder-for-komatsu-large-excavator-pc70lc-8\/"},"modified":"2025-01-19T14:10:18","modified_gmt":"2025-01-19T14:10:18","slug":"bucket-cylinder-for-komatsu-large-excavator-pc70lc-8","status":"publish","type":"product","link":"https:\/\/www.hydraulic-cylinders.net\/fi\/tuote\/bucket-cylinder-for-komatsu-large-excavator-pc70lc-8\/","title":{"rendered":"Kauhan sylinteri Komatsun suurelle kaivinkoneelle PC70LC-8"},"content":{"rendered":"<h1>Kauhan sylinteri Komatsun suurelle kaivinkoneelle PC70LC-8<\/h1>\n<h2>Johdanto<\/h2>\n<p>Komatsun PC70LC-8-kaivukoneen kauhan sylinteri on erityisesti suunniteltu hydraulisylinteri, jota k\u00e4ytet\u00e4\u00e4n kauhan liikkeen ohjaamiseen raskaissa koneissa, kuten kaivinkoneissa, traktorikaivureissa ja etukuormaajissa. Sen p\u00e4\u00e4teht\u00e4v\u00e4n\u00e4 on mahdollistaa kauhan nostaminen, laskeminen ja kallistaminen, mik\u00e4 helpottaa erilaisten materiaalink\u00e4sittelyteht\u00e4vien k\u00e4sittely\u00e4. Hydraulij\u00e4rjestelm\u00e4ss\u00e4 kauhan sylinteri saavuttaa tarkan kauhan hallinnan hydrauli\u00f6ljyn paineen muutosten avulla, mink\u00e4 ansiosta k\u00e4ytt\u00e4j\u00e4t voivat k\u00e4sitell\u00e4 raskaita kuormia tehokkaasti ja sopeutua monimutkaisiin ty\u00f6ymp\u00e4rist\u00f6ihin ja erilaisiin k\u00e4ytt\u00f6vaatimuksiin.<\/p>\n<p><img decoding=\"async\" src=\"https:\/\/www.hydraulic-cylinders.net\/wp-content\/uploads\/2025\/01\/songte-company-2.webp\"><\/p>\n<h2>Ominaisuudet<\/h2>\n<ul>\n<li>Suuri lujuus ja kest\u00e4vyys: Tyypillisesti eritt\u00e4in lujasta ter\u00e4ksest\u00e4 tai alumiinista valmistettu tuote kest\u00e4\u00e4 korkeaa painetta ja raskaita kuormia, sopeutuu vaativiin ty\u00f6ymp\u00e4rist\u00f6ihin ja on suunniteltu kulutus- ja korroosionkest\u00e4vyydell\u00e4, mik\u00e4 pident\u00e4\u00e4 sen k\u00e4ytt\u00f6ik\u00e4\u00e4.<\/li>\n<li>Tehokas hydraulinen toiminta: Hydrauli\u00f6ljyn paineella saavutettu tasainen teleskooppiliike, joka reagoi nopeasti k\u00e4ytt\u00f6komentoihin ja tarjoaa tehokkaan ty\u00f6nt\u00f6- ja vetovoiman, sopii raskaiden kuormien k\u00e4sittelyyn ja monimutkaisiin k\u00e4ytt\u00f6teht\u00e4viin.<\/li>\n<li>Erilaisia \u200b\u200btyyppej\u00e4: Yksitoimisia (hydraulinen vain yhteen suuntaan) tai kaksitoimisia (hydraulinen molempiin suuntiin) sylintereit\u00e4 voidaan valita tarpeen mukaan erilaisten k\u00e4ytt\u00f6tarpeiden mukaan. Jotkut mallit ovat teleskooppisia, mik\u00e4 mahdollistaa suuremman jatkeen ilman ulkoisen koon kasvua, mik\u00e4 sopii sovelluksiin, joissa on rajoitetusti tilaa.<\/li>\n<li>Helppo valmistaa: Tuotteemme voi t\u00e4ydellisesti korvata n\u00e4m\u00e4 hydraulisylinterit.<\/li>\n<\/ul>\n<p><img decoding=\"async\" src=\"https:\/\/www.hydraulic-cylinders.net\/wp-content\/uploads\/2025\/01\/songte-cylinder-head-with-all-kinds-excavator-models.webp\"><\/p>\n<h2>Sovellukset<\/h2>\n<p>Komatsun PC70LC-8-kaivukoneen kauhan sylinteri\u00e4 voidaan k\u00e4ytt\u00e4\u00e4 useilla eri teollisuudenaloilla, mukaan lukien:<\/p>\n<ul>\n<li>Rakennuslaitteet: Kaivinkoneissa ne ovat ratkaisevan t\u00e4rkeit\u00e4 maan tai roskien kaivamisessa, lastaamisessa ja siirt\u00e4misess\u00e4. Kaivinkoneissa kauhan sylinteri avustaa sek\u00e4 kaivamisessa ett\u00e4 nostamisessa. <\/li>\n<li>Maatalouskoneet: K\u00e4ytet\u00e4\u00e4n etukuormaajissa maaper\u00e4n, hein\u00e4n ja muiden materiaalien kauhaukseen, nostamiseen ja kuljettamiseen. Kaivinkoneet: Kauhasylinterit mahdollistavat kaivamisen antamalla kauhan tunkeutua maaper\u00e4\u00e4n.<\/li>\n<li>Kuormaajat: Etukuormaajissa ne auttavat tavaroiden tehokkaassa nostamisessa ja kallistamisessa.<\/li>\n<\/ul>\n<h2>Suunnittelun\u00e4k\u00f6kohdat ja valintakriteerit<\/h2>\n<p>Kauhasylintereit\u00e4 suunniteltaessa ja valittaessa on otettava huomioon keskeiset tekij\u00e4t, kuten kantavuus, tiiviys, kest\u00e4vyys, turvallisuus ja huollettavuus:<\/p>\n<ul>\n<li>Kuormituskapasiteetti: Sylinterin on kestett\u00e4v\u00e4 kuorman paino ja hydraulij\u00e4rjestelm\u00e4n paine.<\/li>\n<li>Tiivistys: Erilaiset tiivistekomponentit, kuten m\u00e4nn\u00e4ntiivisteet ja varren tiivisteet, on valittava kulutusta kest\u00e4vist\u00e4 materiaaleista, kuten polyuretaanista ja nitriilikumista, pitk\u00e4n k\u00e4ytt\u00f6i\u00e4n varmistamiseksi.<\/li>\n<li>Kest\u00e4vyys: Sylinterirungon ja kierteitetyn p\u00e4\u00e4n pinta on k\u00e4sitelt\u00e4v\u00e4 hienoksi kulutuskest\u00e4vyyden parantamiseksi.<\/li>\n<li>Turvallisuus: Kauhasylintereit\u00e4 suunniteltaessa ja valittaessa on aina otettava huomioon turvallinen asennus, k\u00e4ytt\u00f6 ja huolto.<\/li>\n<li>Huollettavuus: Sylinterin pitk\u00e4n k\u00e4ytt\u00f6i\u00e4n varmistamiseksi on suoritettava s\u00e4\u00e4nn\u00f6llinen huolto.<\/li>\n<\/ul>\n<p><img decoding=\"async\" src=\"https:\/\/www.hydraulic-cylinders.net\/wp-content\/uploads\/2025\/01\/songte-oil-pipes-and-spare-parts.webp\"><\/p>\n<h2>Tiivistys ja voitelu<\/h2>\n<p>Sylinterin tiivistyksen ja voitelun varmistamiseksi k\u00e4ytet\u00e4\u00e4n erilaisia \u200b\u200btiivistekomponentteja, kuten m\u00e4nn\u00e4ntiivisteit\u00e4 ja varren tiivisteit\u00e4. Ne on valmistettu kulutusta kest\u00e4vist\u00e4 materiaaleista, kuten polyuretaanista ja nitriilikumista. Sylinterin runko ja kierteitetty p\u00e4\u00e4typinta on hienosti k\u00e4sitelty kulutuskest\u00e4vyyden parantamiseksi. Voitelua varten on lis\u00e4tt\u00e4v\u00e4 s\u00e4\u00e4nn\u00f6llisesti sopiva m\u00e4\u00e4r\u00e4 hydrauli\u00f6ljy\u00e4.<\/p>\n<p><img decoding=\"async\" src=\"https:\/\/www.hydraulic-cylinders.net\/wp-content\/uploads\/2025\/01\/songte-chushion-collar.webp\"><\/p>\n<h2>Huolto ja korjaus<\/h2>\n<p>S\u00e4\u00e4nn\u00f6llisi\u00e4 tarkastuksia ja ennaltaehk\u00e4isevi\u00e4 huoltotoimenpiteit\u00e4 on suoritettava, mukaan lukien:<\/p>\n<ul>\n<li>S\u00e4\u00e4nn\u00f6lliset tarkastukset ja voitelu<\/li>\n<li>Tiivisteiden vaihto ja kalibrointitarkastukset<\/li>\n<li>Sylinterin oikea asennus ja kohdistus<\/li>\n<li>K\u00e4yt\u00e4 sopivia asennuskiinnikkeit\u00e4 sylinterin kiinnitt\u00e4miseen<\/li>\n<li>Suositellut tarkastus-, korjaus- ja vaihtomenettelyt<\/li>\n<li>Osien vaihto ja kunnostuspalvelut<\/li>\n<\/ul>\n<h2>Turvallisuus- ja ymp\u00e4rist\u00f6n\u00e4k\u00f6kohdat<\/h2>\n<p>Kauhasylintereit\u00e4 k\u00e4ytett\u00e4ess\u00e4 turvatoimenpiteet ovat \u00e4\u00e4rimm\u00e4isen t\u00e4rkeit\u00e4. My\u00f6s ymp\u00e4rist\u00f6vaikutukset on otettava huomioon ja kielteisten vaikutusten minimoimiseksi on ryhdytt\u00e4v\u00e4 asianmukaisiin toimenpiteisiin.<\/p>\n<h2>Vianm\u00e4\u00e4ritys ja yleiset ongelmat<\/h2>\n<p>Kauhasylintereiden yleisi\u00e4 ongelmia ovat:<\/p>\n<ul>\n<li>Riitt\u00e4m\u00e4t\u00f6n hydraulinen paine<\/li>\n<li>Vuotavat tiivisteet<\/li>\n<li>Taipunut tai vaurioitunut m\u00e4nn\u00e4nvarsi<\/li>\n<li>Kulunut sylinteriputki<\/li>\n<\/ul>\n<p>N\u00e4iden ongelmien ratkaisemiseksi on suoritettava asianmukaiset vianm\u00e4\u00e4ritykset ja vianm\u00e4\u00e4ritystoimenpiteet.<\/p>\n<p><img decoding=\"async\" src=\"https:\/\/www.hydraulic-cylinders.net\/wp-content\/uploads\/2025\/01\/songte-bushings-with-all-kinds-of-excavator-models.webp\"><\/p>\n<h2>Tietoa meist\u00e4<\/h2>\n<p>Olemme korvaavien hydraulisylinterien valmistaja ja tarjoamme kattavan tuotevalikoiman. Olemme yksi johtavista hydraulisylinterien valmistajista ja tukkumyyjist\u00e4 kotimaisilla ja kansainv\u00e4lisill\u00e4 markkinoilla. Noudatamme huippuosaamisen periaatetta ja luotamme teollistettuihin tuotannonohjausstrategioihin hienoissa valmistuspajoissamme. Hy\u00f6dynn\u00e4mme teknologista osaamista, digitalisoituja huippuluokan valmistuslaitteita ja ammattimaisia \u200b\u200btestausj\u00e4rjestelmi\u00e4 parantaaksemme jatkuvasti ty\u00f6pajan valmistusymp\u00e4rist\u00f6\u00e4, parantaaksemme tuotteiden laatua tuotantolinjalla ja luodaksemme tehokkaita, tarkkoja ja korkealaatuisia tuotteita asiakkaidemme monipuolisten tarpeiden t\u00e4ytt\u00e4miseksi.<\/p>\n<p><img decoding=\"async\" src=\"https:\/\/hzpt.com\/wp-content\/uploads\/2024\/11\/songte-company-1.webp\"><\/p>\n<p>Olemme erikoistuneet kansainv\u00e4lisen sertifioinnin, r\u00e4\u00e4t\u00e4l\u00f6ityjen palveluiden, tuotantolaitteiden ja j\u00e4lkimarkkinointipalveluiden tarjoamiseen. Tavoitteenamme on tarjota asiakkaillemme parhaita tuotteita ja palveluita.<\/p>\n<p>Kirjoittaja: lyl<\/p>","protected":false},"excerpt":{"rendered":"<p>Bucket Cylinder For Komatsu Large Excavator PC70LC-8 Introduction The bucket cylinder for Komatsu large excavator PC70LC-8 is a specifically designed hydraulic cylinder used to control the movement of the bucket in heavy machinery such as excavators, backhoes, and front loaders. Its main function is to enable the bucket to lift, lower and tilt, making it [&hellip;]<\/p>","protected":false},"featured_media":14782,"comment_status":"open","ping_status":"closed","template":"","meta":{"_et_pb_use_builder":"","_et_pb_old_content":"","_et_gb_content_width":""},"product_brand":[],"product_cat":[1494],"product_tag":[1495,1496],"class_list":{"0":"post-15152","1":"product","2":"type-product","3":"status-publish","4":"has-post-thumbnail","6":"product_cat-bucket-cylinders","7":"product_tag-bucket-cylinders","8":"product_tag-hydraulic-cylinders","10":"first","11":"instock","12":"shipping-taxable","13":"product-type-simple"},"amp_enabled":true,"_links":{"self":[{"href":"https:\/\/www.hydraulic-cylinders.net\/fi\/wp-json\/wp\/v2\/product\/15152","targetHints":{"allow":["GET"]}}],"collection":[{"href":"https:\/\/www.hydraulic-cylinders.net\/fi\/wp-json\/wp\/v2\/product"}],"about":[{"href":"https:\/\/www.hydraulic-cylinders.net\/fi\/wp-json\/wp\/v2\/types\/product"}],"replies":[{"embeddable":true,"href":"https:\/\/www.hydraulic-cylinders.net\/fi\/wp-json\/wp\/v2\/comments?post=15152"}],"wp:featuredmedia":[{"embeddable":true,"href":"https:\/\/www.hydraulic-cylinders.net\/fi\/wp-json\/wp\/v2\/media\/14782"}],"wp:attachment":[{"href":"https:\/\/www.hydraulic-cylinders.net\/fi\/wp-json\/wp\/v2\/media?parent=15152"}],"wp:term":[{"taxonomy":"product_brand","embeddable":true,"href":"https:\/\/www.hydraulic-cylinders.net\/fi\/wp-json\/wp\/v2\/product_brand?post=15152"},{"taxonomy":"product_cat","embeddable":true,"href":"https:\/\/www.hydraulic-cylinders.net\/fi\/wp-json\/wp\/v2\/product_cat?post=15152"},{"taxonomy":"product_tag","embeddable":true,"href":"https:\/\/www.hydraulic-cylinders.net\/fi\/wp-json\/wp\/v2\/product_tag?post=15152"}],"curies":[{"name":"wp","href":"https:\/\/api.w.org\/{rel}","templated":true}]}}