{"id":15158,"date":"2025-01-19T14:10:39","date_gmt":"2025-01-19T14:10:39","guid":{"rendered":"https:\/\/www.hydraulic-cylinders.net\/product\/bucket-cylinder-for-komatsu-wheel-excavator-pw98mr-8\/"},"modified":"2025-01-19T14:10:47","modified_gmt":"2025-01-19T14:10:47","slug":"bucket-cylinder-for-komatsu-wheel-excavator-pw98mr-8","status":"publish","type":"product","link":"https:\/\/www.hydraulic-cylinders.net\/fi\/tuote\/bucket-cylinder-for-komatsu-wheel-excavator-pw98mr-8\/","title":{"rendered":"Kauhan sylinteri Komatsun py\u00f6r\u00e4kaivukoneelle PW98MR-8"},"content":{"rendered":"<h1>Kauhan sylinteri Komatsun py\u00f6r\u00e4kaivukoneelle PW98MR-8<\/h1>\n<h2>Johdanto<\/h2>\n<p>Komatsun PW98MR-8-py\u00f6r\u00e4kaivukoneen kauhan sylinteri on erikoishydraulinen sylinteri, joka on suunniteltu ohjaamaan kauhan liikett\u00e4 raskaissa koneissa, kuten kaivinkoneissa, kaivurikuormaajissa ja py\u00f6r\u00e4kuormaajissa. Sen p\u00e4\u00e4teht\u00e4v\u00e4n\u00e4 on mahdollistaa kauhan nostaminen, laskeminen ja kallistaminen, mik\u00e4 helpottaa erilaisia \u200b\u200bmateriaalink\u00e4sittelyteht\u00e4vi\u00e4. Hydraulij\u00e4rjestelm\u00e4ss\u00e4 kauhan sylinteri saavuttaa tarkan kauhan hallinnan hy\u00f6dynt\u00e4m\u00e4ll\u00e4 hydrauli\u00f6ljyn paineenmuutoksia, jolloin k\u00e4ytt\u00e4j\u00e4t voivat k\u00e4sitell\u00e4 raskaita kuormia tehokkaasti ja sopeutua monimutkaisiin ty\u00f6ymp\u00e4rist\u00f6ihin ja erilaisiin ty\u00f6vaatimuksiin.<\/p>\n<p><img decoding=\"async\" src=\"https:\/\/www.hydraulic-cylinders.net\/wp-content\/uploads\/2025\/01\/songte-company-2.webp\"><\/p>\n<h2>Ominaisuudet<\/h2>\n<ul>\n<li>Korkea lujuus ja kest\u00e4vyys: Tyypillisesti eritt\u00e4in lujasta ter\u00e4ksest\u00e4 tai alumiinista valmistettu tuote kest\u00e4\u00e4 korkeaa painetta ja raskaita kuormia ja sopeutuu vaativiin ty\u00f6ymp\u00e4rist\u00f6ihin. Suunnittelussa on otettu huomioon kulumiskest\u00e4vyys ja korroosionkest\u00e4vyys k\u00e4ytt\u00f6i\u00e4n pident\u00e4miseksi.<\/li>\n<li>Tehokas hydraulinen toiminta: Hydrauli\u00f6ljyn paineen ansiosta se saavuttaa tasaiset pidennys- ja sis\u00e4\u00e4nvetoliikkeet, reagoi nopeasti ohjauskomentoihin, tarjoaa tehokkaat ty\u00f6nt\u00f6- ja vetovoimat ja soveltuu raskaiden kuormien k\u00e4sittelyyn ja monimutkaisiin ty\u00f6teht\u00e4viin.<\/li>\n<li>Erilaisia \u200b\u200btyyppej\u00e4: Yksitoimiset (hydraulinen paine vain yhteen suuntaan) tai kaksitoimiset (hydraulinen paine molempiin suuntiin) sylinterit voidaan valita tarpeiden mukaan. Jotkut mallit ovat teleskooppisia, mik\u00e4 mahdollistaa suuremman jatkeen ilman ulkomittojen kasvua, joten ne sopivat rajoitettuihin tiloihin.<\/li>\n<li>T\u00e4ydellinen korvaus: Tuotteemme voi t\u00e4ydellisesti korvata n\u00e4m\u00e4 hydraulisylinterit.<\/li>\n<\/ul>\n<p><img decoding=\"async\" src=\"https:\/\/www.hydraulic-cylinders.net\/wp-content\/uploads\/2025\/01\/songte-cylinder-head-with-all-kinds-excavator-models.webp\"><\/p>\n<h2>Sovellukset<\/h2>\n<p>Kauhasylinteri\u00e4 k\u00e4ytet\u00e4\u00e4n erilaisissa laitteissa:<\/p>\n<ul>\n<li>Rakennuskoneet: Kaivinkoneissa k\u00e4ytett\u00e4vi\u00e4 laitteita on ratkaisevan t\u00e4rke\u00e4\u00e4 kaivamiseen, lastaamiseen ja maaper\u00e4n tai roskien siirt\u00e4miseen. Kaivurikuormaajissa kauhan sylinteri avustaa sek\u00e4 kaivamisessa ett\u00e4 nostamisessa.<\/li>\n<li>Maatalouskoneet: K\u00e4ytet\u00e4\u00e4n etukuormaajissa maaper\u00e4n, hein\u00e4n ja muiden materiaalien kauhaukseen, nostamiseen ja kuljettamiseen.<\/li>\n<li>Kaivinkoneet: Kauhan sylinteri mahdollistaa kaivamisen antamalla kauhan tunkeutua maaper\u00e4\u00e4n.<\/li>\n<li>Py\u00f6r\u00e4kuormaajat: Py\u00f6r\u00e4kuormaajissa ne auttavat tavaroiden tehokkaassa nostamisessa ja tyhjent\u00e4misess\u00e4.<\/li>\n<\/ul>\n<h2>Suunnittelun\u00e4k\u00f6kohdat ja valintakriteerit<\/h2>\n<p>Suunnittelussa on t\u00e4rke\u00e4\u00e4 ottaa huomioon kauhan sylinterin kantavuus, tiiviys, kest\u00e4vyys, turvallisuus ja huollettavuus.<\/p>\n<p><img decoding=\"async\" src=\"https:\/\/www.hydraulic-cylinders.net\/wp-content\/uploads\/2025\/01\/songte-oil-pipes-and-spare-parts.webp\"><\/p>\n<h2>Tiivistys ja voitelu<\/h2>\n<p>Kauhasylinteriss\u00e4 k\u00e4ytet\u00e4\u00e4n erilaisia \u200b\u200btiivisteit\u00e4, kuten m\u00e4nn\u00e4ntiivisteit\u00e4 ja varren tiivisteit\u00e4, jotka on valmistettu kulutusta kest\u00e4vist\u00e4 materiaaleista, kuten polyuretaanista ja nitriilikumista. Sylinterin runko ja kierteiden p\u00e4\u00e4t on k\u00e4sitelty tarkasti kulutuskest\u00e4vyyden parantamiseksi. S\u00e4\u00e4nn\u00f6llinen voitelu sopivalla m\u00e4\u00e4r\u00e4ll\u00e4 hydrauli\u00f6ljy\u00e4 on v\u00e4ltt\u00e4m\u00e4t\u00f6nt\u00e4 moitteettoman toiminnan varmistamiseksi.<\/p>\n<h2>S\u00e4\u00e4nn\u00f6llinen tarkastus ja ennaltaehk\u00e4isev\u00e4 huolto<\/h2>\n<p>Ongelmien ehk\u00e4isemiseksi on t\u00e4rke\u00e4\u00e4 suorittaa s\u00e4\u00e4nn\u00f6llisi\u00e4 tarkastuksia ja toteuttaa ennaltaehk\u00e4isevi\u00e4 huoltotoimenpiteit\u00e4. N\u00e4ihin toimenpiteisiin kuuluvat:<\/p>\n<ul>\n<li>Vuotojen tai vaurioiden tarkistus<\/li>\n<li>Oikea voitelu<\/li>\n<li>Tiivisteiden vaihto tarvittaessa<\/li>\n<li>Kalibrointitarkastukset<\/li>\n<\/ul>\n<h2>Tuotteen asennusopas<\/h2>\n<p>Asenna kauhan sylinteri oikein noudattamalla n\u00e4it\u00e4 ohjeita:<\/p>\n<ol>\n<li>Kohdista sylinteri oikein asennuksen aikana.<\/li>\n<li>K\u00e4yt\u00e4 sopivia asennuskiinnikkeit\u00e4 sylinterin kiinnitt\u00e4miseen.<\/li>\n<\/ol>\n<p><img decoding=\"async\" src=\"https:\/\/www.hydraulic-cylinders.net\/wp-content\/uploads\/2025\/01\/songte-chushion-collar.webp\"><\/p>\n<h2>Turvallisuusn\u00e4k\u00f6kohdat ja ymp\u00e4rist\u00f6tekij\u00e4t<\/h2>\n<p>Kauhasylinteri\u00e4 k\u00e4ytett\u00e4ess\u00e4 on eritt\u00e4in t\u00e4rke\u00e4\u00e4 priorisoida turvatoimenpiteet. Turvallisuusohjeiden ymm\u00e4rt\u00e4minen sylinteri\u00e4 k\u00e4ytett\u00e4ess\u00e4 on olennaista.<\/p>\n<h2>Vianm\u00e4\u00e4ritys ja yleiset ongelmat<\/h2>\n<p>Kauhan sylinteriin liittyvien vikojen tunnistaminen ja yleisten ongelmien ratkaiseminen:<\/p>\n<ul>\n<li>Vianm\u00e4\u00e4ritysvinkkej\u00e4 ja -ratkaisuja<\/li>\n<li>Ennaltaehk\u00e4isevien toimenpiteiden tarjoaminen mahdollisten ongelmien minimoimiseksi<\/li>\n<\/ul>\n<p><img decoding=\"async\" src=\"https:\/\/www.hydraulic-cylinders.net\/wp-content\/uploads\/2025\/01\/songte-bushings-with-all-kinds-of-excavator-models.webp\"><\/p>\n<h2>Tietoa yrityksest\u00e4mme<\/h2>\n<p>Olemme valmistaja, joka on erikoistunut korvaaviin hydraulisylintereihin. Laajan tuotevalikoimamme ansiosta olemme yksi johtavista hydraulisylintereiden valmistajista ja tukkumyyjist\u00e4 kotimaisilla ja kansainv\u00e4lisill\u00e4 markkinoilla. Noudatamme huippuosaamisen periaatteita ja luotamme teollisen tuotannon hallintastrategioihin edistyneess\u00e4 valmistuspajassamme. Hy\u00f6dynt\u00e4m\u00e4ll\u00e4 teknist\u00e4 osaamista, huippuluokan valmistuslaitteita ja ammattimaisia \u200b\u200btestausj\u00e4rjestelmi\u00e4 parannamme jatkuvasti valmistusymp\u00e4rist\u00f6\u00e4mme ja tuotteiden laatua. Yrityksell\u00e4mme on vahva luova kyky, joka varmistaa korkean tehokkuuden, tarkkuuden ja laadun vastatakseen monipuolisiin asiakastarpeisiin.<\/p>\n<p><img decoding=\"async\" src=\"https:\/\/www.hydraulic-cylinders.net\/wp-content\/uploads\/2025\/01\/songte-company-3.webp\"><\/p>\n<p>Lis\u00e4ksi tarjoamme:<\/p>\n<ul>\n<li>Ammattimaisuus<\/li>\n<li>Kansainv\u00e4liset sertifikaatit<\/li>\n<li>R\u00e4\u00e4t\u00e4l\u00f6intipalvelut<\/li>\n<li>Edistykselliset tuotantolaitteet<\/li>\n<li>Myynnin j\u00e4lkeiset palvelut<\/li>\n<\/ul>\n<p>Kirjoittaja: lyl<\/p>","protected":false},"excerpt":{"rendered":"<p>Bucket Cylinder For Komatsu Wheel Excavator PW98MR-8 Introduction The bucket cylinder for Komatsu wheel excavator PW98MR-8 is a specialized hydraulic cylinder designed to control the movement of the bucket in heavy machinery such as excavators, backhoe loaders, and wheel loaders. Its main function is to enable the lifting, lowering, and tilting of the bucket, making [&hellip;]<\/p>","protected":false},"featured_media":14769,"comment_status":"open","ping_status":"closed","template":"","meta":{"_et_pb_use_builder":"","_et_pb_old_content":"","_et_gb_content_width":""},"product_brand":[],"product_cat":[1494],"product_tag":[1495,1496],"class_list":{"0":"post-15158","1":"product","2":"type-product","3":"status-publish","4":"has-post-thumbnail","6":"product_cat-bucket-cylinders","7":"product_tag-bucket-cylinders","8":"product_tag-hydraulic-cylinders","10":"first","11":"instock","12":"shipping-taxable","13":"product-type-simple"},"amp_enabled":true,"_links":{"self":[{"href":"https:\/\/www.hydraulic-cylinders.net\/fi\/wp-json\/wp\/v2\/product\/15158","targetHints":{"allow":["GET"]}}],"collection":[{"href":"https:\/\/www.hydraulic-cylinders.net\/fi\/wp-json\/wp\/v2\/product"}],"about":[{"href":"https:\/\/www.hydraulic-cylinders.net\/fi\/wp-json\/wp\/v2\/types\/product"}],"replies":[{"embeddable":true,"href":"https:\/\/www.hydraulic-cylinders.net\/fi\/wp-json\/wp\/v2\/comments?post=15158"}],"wp:featuredmedia":[{"embeddable":true,"href":"https:\/\/www.hydraulic-cylinders.net\/fi\/wp-json\/wp\/v2\/media\/14769"}],"wp:attachment":[{"href":"https:\/\/www.hydraulic-cylinders.net\/fi\/wp-json\/wp\/v2\/media?parent=15158"}],"wp:term":[{"taxonomy":"product_brand","embeddable":true,"href":"https:\/\/www.hydraulic-cylinders.net\/fi\/wp-json\/wp\/v2\/product_brand?post=15158"},{"taxonomy":"product_cat","embeddable":true,"href":"https:\/\/www.hydraulic-cylinders.net\/fi\/wp-json\/wp\/v2\/product_cat?post=15158"},{"taxonomy":"product_tag","embeddable":true,"href":"https:\/\/www.hydraulic-cylinders.net\/fi\/wp-json\/wp\/v2\/product_tag?post=15158"}],"curies":[{"name":"wp","href":"https:\/\/api.w.org\/{rel}","templated":true}]}}