{"id":15159,"date":"2025-01-19T14:10:49","date_gmt":"2025-01-19T14:10:49","guid":{"rendered":"https:\/\/www.hydraulic-cylinders.net\/product\/bucket-cylinder-for-komatsu-wheel-excavator-pw130es-6\/"},"modified":"2025-01-19T14:10:51","modified_gmt":"2025-01-19T14:10:51","slug":"bucket-cylinder-for-komatsu-wheel-excavator-pw130es-6","status":"publish","type":"product","link":"https:\/\/www.hydraulic-cylinders.net\/fi\/tuote\/bucket-cylinder-for-komatsu-wheel-excavator-pw130es-6\/","title":{"rendered":"Kauhan sylinteri Komatsun py\u00f6r\u00e4kaivukoneeseen PW130ES-6"},"content":{"rendered":"<p><!DOCTYPE html><br \/>\n<html><\/p>\n<p><head><br \/>\n    <title>Kauhan sylinteri Komatsun py\u00f6r\u00e4kaivukoneeseen PW130ES-6<\/title><br \/>\n<\/head><\/p>\n<p><body><\/p>\n<h1>Kauhan sylinteri Komatsun py\u00f6r\u00e4kaivukoneeseen PW130ES-6<\/h1>\n<h2>Kauhan sylinterin m\u00e4\u00e4ritelm\u00e4<\/h2>\n<p>Kauhasylinteri on erityisesti suunniteltu hydraulisylinteri, jota k\u00e4ytet\u00e4\u00e4n kauhan liikkeen ohjaamiseen raskaissa koneissa, kuten kaivinkoneissa, traktorikaivureissa ja py\u00f6r\u00e4kuormaajissa. Sen p\u00e4\u00e4teht\u00e4v\u00e4n\u00e4 on mahdollistaa kauhan nosto-, lasku- ja kallistustoiminnot, mik\u00e4 helpottaa erilaisten materiaalink\u00e4sittelyteht\u00e4vien k\u00e4sittely\u00e4. Hydraulij\u00e4rjestelm\u00e4ss\u00e4 kauhasylinteri saavuttaa kauhan tarkan hallinnan hy\u00f6dynt\u00e4m\u00e4ll\u00e4 hydrauli\u00f6ljyn paineenmuutoksia, jolloin k\u00e4ytt\u00e4j\u00e4t voivat k\u00e4sitell\u00e4 raskaita kuormia tehokkaasti ja sopeutua monimutkaisiin ty\u00f6ymp\u00e4rist\u00f6ihin ja erilaisiin k\u00e4ytt\u00f6vaatimuksiin.<\/p>\n<p>    <img decoding=\"async\" src=\"https:\/\/www.hydraulic-cylinders.net\/wp-content\/uploads\/2025\/01\/songte-company-2.webp\"><\/p>\n<h2>Kauhasylinterin ominaisuudet<\/h2>\n<ul>\n<li>Korkea lujuus ja kest\u00e4vyys: Tyypillisesti valmistettu eritt\u00e4in lujasta ter\u00e4ksest\u00e4 tai alumiinista, kest\u00e4\u00e4 korkeaa painetta ja raskaita kuormia, sopeutuu vaativiin ty\u00f6ymp\u00e4rist\u00f6ihin ja on suunniteltu kulutus- ja korroosionkest\u00e4vyys huomioon ottaen k\u00e4ytt\u00f6i\u00e4n pident\u00e4miseksi.<\/li>\n<li>Tehokas hydraulinen toiminta: Hydrauliikka\u00f6ljyn paineen ansiosta saavutetaan tasaiset pidennys- ja sis\u00e4\u00e4nvetoliikkeet, reagoidaan nopeasti ohjauskomentoihin ja tarjotaan tehokkaita ty\u00f6nt\u00f6- ja vetovoimia, joten se soveltuu raskaiden kuormien k\u00e4sittelyyn ja monimutkaisiin k\u00e4ytt\u00f6teht\u00e4viin.<\/li>\n<li>Erilaisia \u200b\u200btyyppej\u00e4: Voit valita yksitoimisten (hydraulisesti vain yhteen suuntaan) tai kaksitoimisten (hydraulisesti molempiin suuntiin) sylinterien v\u00e4lill\u00e4 k\u00e4ytt\u00f6tarpeiden mukaan. Jotkut mallit ovat teleskooppisia, mik\u00e4 mahdollistaa suuremman jatkeen ilman ulkomittojen kasvua, joten ne sopivat ahtaisiin sovelluksiin.<\/li>\n<\/ul>\n<p>    <img decoding=\"async\" src=\"https:\/\/www.hydraulic-cylinders.net\/wp-content\/uploads\/2025\/01\/songte-cylinder-head-with-all-kinds-excavator-models.webp\"><\/p>\n<h2>Kauhasylinterin sovellukset<\/h2>\n<p>Kauhasylintereit\u00e4 k\u00e4ytet\u00e4\u00e4n erilaisissa laitteissa:<\/p>\n<ul>\n<li>Rakennuskoneet: Kaivinkoneissa k\u00e4ytett\u00e4vi\u00e4 laitteita on ratkaisevan t\u00e4rke\u00e4\u00e4 kaivamiseen, lastaamiseen ja maaper\u00e4n tai roskien siirt\u00e4miseen. Kaivurikuormaajissa kauhan sylinterit auttavat sek\u00e4 kaivamisessa ett\u00e4 nostamisessa.<\/li>\n<li>Maatalouskoneet: K\u00e4ytet\u00e4\u00e4n etukuormaajissa maaper\u00e4n, hein\u00e4n ja muiden materiaalien kauhaukseen, nostamiseen ja kuljettamiseen.<\/li>\n<li>Kaivinkoneet: Kauhasylinterit mahdollistavat kaivamisen antamalla kauhan tunkeutua maaper\u00e4\u00e4n.<\/li>\n<li>Py\u00f6r\u00e4kuormaajat: Py\u00f6r\u00e4kuormaajissa ne auttavat tavaroiden nostamisessa ja kallistuksessa tehokkaan tyhjennyksen takaamiseksi.<\/li>\n<\/ul>\n<h2>Suunnittelun\u00e4k\u00f6kohdat ja valintakriteerit<\/h2>\n<p>Sylintereit\u00e4 suunniteltaessa ja valittaessa on otettava huomioon useita tekij\u00f6it\u00e4:<\/p>\n<ul>\n<li>Kantavuus: Sylinterin tulee kest\u00e4\u00e4 odotettu kuormitus vaurioitta.<\/li>\n<li>Tiivistys: Asianmukaisen tiivistyksen varmistamiseksi ja vuotojen est\u00e4miseksi tulisi k\u00e4ytt\u00e4\u00e4 erilaisia \u200b\u200btiivistyselementtej\u00e4, kuten m\u00e4nn\u00e4ntiivisteit\u00e4 ja m\u00e4nn\u00e4nvarren tiivisteit\u00e4, jotka on valmistettu kulutusta kest\u00e4vist\u00e4 materiaaleista, kuten polyuretaanista tai nitriilikumista.<\/li>\n<li>Kest\u00e4vyys: Sylinterin runko ja kierteitetyt p\u00e4\u00e4t tulee k\u00e4sitell\u00e4 hienos\u00e4\u00e4t\u00f6isesti kulumiskest\u00e4vyyden parantamiseksi.<\/li>\n<li>Turvallisuus: Ylikuormituksen est\u00e4miseksi ja turvallisen k\u00e4yt\u00f6n varmistamiseksi on asennettava turvaominaisuuksia, kuten paineenalennusventtiilej\u00e4.<\/li>\n<li>Yll\u00e4pidett\u00e4vyys: Huolto- ja korjaust\u00f6iden helppoon saavutettavuuteen on kiinnitett\u00e4v\u00e4 huomiota, jotta huolto on tehokasta ja seisokkiajat ovat mahdollisimman v\u00e4h\u00e4isi\u00e4.<\/li>\n<\/ul>\n<p>    <img decoding=\"async\" src=\"https:\/\/www.hydraulic-cylinders.net\/wp-content\/uploads\/2025\/01\/songte-oil-pipes-and-spare-parts.webp\"><\/p>\n<h2>Tiivistys ja voitelu<\/h2>\n<p>Kauhasylintereiss\u00e4 k\u00e4ytet\u00e4\u00e4n erilaisia \u200b\u200btiivisteit\u00e4, kuten m\u00e4nn\u00e4ntiivisteit\u00e4 ja varren tiivisteit\u00e4, jotka on valmistettu kulutusta kest\u00e4vist\u00e4 materiaaleista, kuten polyuretaanista tai nitriilikumista. Sylinterin runko ja kierteitetyt p\u00e4\u00e4t on hienok\u00e4sitelty kulutuskest\u00e4vyyden parantamiseksi. S\u00e4\u00e4nn\u00f6llinen voitelu sopivalla m\u00e4\u00e4r\u00e4ll\u00e4 hydrauli\u00f6ljy\u00e4 on v\u00e4ltt\u00e4m\u00e4t\u00f6nt\u00e4 sujuvan toiminnan varmistamiseksi ja sylinterin k\u00e4ytt\u00f6i\u00e4n pident\u00e4miseksi.<\/p>\n<h2>Huolto ja ennaltaehk\u00e4isev\u00e4t toimenpiteet<\/h2>\n<p>S\u00e4\u00e4nn\u00f6llinen tarkastus ja ennaltaehk\u00e4isev\u00e4 huolto ovat v\u00e4ltt\u00e4m\u00e4tt\u00f6mi\u00e4 kauhasylinterien optimaalisen suorituskyvyn ja pitk\u00e4n k\u00e4ytt\u00f6i\u00e4n kannalta. Joitakin huomioon otettavia toimenpiteit\u00e4 ovat:<\/p>\n<ul>\n<li>Sylinterin s\u00e4\u00e4nn\u00f6llinen tarkastus mahdollisten vaurioiden tai kulumisen varalta.<\/li>\n<li>Oikea voitelu varmistaa sujuvan toiminnan ja est\u00e4\u00e4 kitkaan liittyv\u00e4t ongelmat.<\/li>\n<li>Tiivisteiden s\u00e4\u00e4nn\u00f6llinen vaihto asianmukaisen tiiviyden yll\u00e4pit\u00e4miseksi ja vuotojen est\u00e4miseksi.<\/li>\n<li>Kalibrointitarkastukset sylinterin tarkan toiminnan varmistamiseksi.<\/li>\n<\/ul>\n<p>    <img decoding=\"async\" src=\"https:\/\/www.hydraulic-cylinders.net\/wp-content\/uploads\/2025\/01\/songte-chushion-collar.webp\"><\/p>\n<h2>Turvallisuusn\u00e4k\u00f6kohdat ja ymp\u00e4rist\u00f6tekij\u00e4t<\/h2>\n<p>Kauhasylintereit\u00e4 k\u00e4ytett\u00e4ess\u00e4 on eritt\u00e4in t\u00e4rke\u00e4\u00e4 priorisoida turvatoimenpiteit\u00e4 onnettomuuksien ehk\u00e4isemiseksi ja k\u00e4ytt\u00e4jien ja ymp\u00e4r\u00f6iv\u00e4n henkil\u00f6st\u00f6n hyvinvoinnin varmistamiseksi. Huomiota on kiinnitett\u00e4v\u00e4 turvallisiin k\u00e4ytt\u00f6tapoihin, asianmukaiseen koulutukseen ja s\u00e4\u00e4ntelyelinten asettamien turvallisuusohjeiden noudattamiseen.<\/p>\n<h2>Vianm\u00e4\u00e4ritys ja yleiset ongelmat<\/h2>\n<p>J\u00e4rjestelm\u00e4n toimintah\u00e4iri\u00f6n sattuessa on t\u00e4rke\u00e4\u00e4 diagnosoida ja korjata ongelma viipym\u00e4tt\u00e4. Joitakin yleisi\u00e4 ongelmia, joita voi ilmet\u00e4, ovat:<\/p>\n<ul>\n<li>Vuoto: Tarkista vaurioituneiden tiivisteiden tai l\u00f6ysien liitosten varalta ja vaihda tai kirist\u00e4 ne tarvittaessa.<\/li>\n<li>Hidas tai ep\u00e4tasainen liike: Tarkista hydraulij\u00e4rjestelm\u00e4 tukosten tai riitt\u00e4m\u00e4tt\u00f6mien nestetasojen varalta ja korjaa ongelma poistamalla tukokset tai lis\u00e4\u00e4m\u00e4ll\u00e4 nestett\u00e4.<\/li>\n<li>Liiallinen melu tai t\u00e4rin\u00e4: Tutki mahdollisia syit\u00e4, kuten linjausvirheit\u00e4, kuluneita osia tai riitt\u00e4m\u00e4t\u00f6nt\u00e4 voitelua, ja ryhdy asianmukaisiin korjaaviin toimenpiteisiin.<\/li>\n<\/ul>\n<p>    <img decoding=\"async\" src=\"https:\/\/www.hydraulic-cylinders.net\/wp-content\/uploads\/2025\/01\/songte-bushings-with-all-kinds-of-excavator-models.webp\"><\/p>\n<h2>Huoltoteht\u00e4v\u00e4t<\/h2>\n<p>Kauhasylinterien yleisi\u00e4 huoltoteht\u00e4vi\u00e4 ovat:<\/p>\n<ul>\n<li>S\u00e4\u00e4nn\u00f6llinen tarkastus mahdollisten ongelmien tai kulumisen havaitsemiseksi.<\/li>\n<li>Asianmukainen voitelu varmistaa sujuvan toiminnan ja minimoi kitkan.<\/li>\n<li>Tiivisteen vaihto asianmukaisen tiiviyden yll\u00e4pit\u00e4miseksi ja vuotojen est\u00e4miseksi.<\/li>\n<li>Kalibrointitarkistukset tarkan toiminnan varmistamiseksi.<\/li>\n<\/ul>\n<h2>Oikean asennuksen t\u00e4rkeys<\/h2>\n<p>Kauhasylinterien asianmukainen asennus on v\u00e4ltt\u00e4m\u00e4t\u00f6nt\u00e4 niiden optimaalisen suorituskyvyn ja pitk\u00e4n k\u00e4ytt\u00f6i\u00e4n kannalta. On t\u00e4rke\u00e4\u00e4 kohdistaa sylinteri oikein asennuksen aikana. Sylinterin kiinnitt\u00e4miseen suositellaan asianmukaisten asennuskiinnikkeiden k\u00e4ytt\u00f6\u00e4. Artikkeli tarjoaa suositellut menettelytavat tarkastusta, korjausta ja vaihtoa varten sek\u00e4 vinkkej\u00e4 kauhasylinterin k\u00e4ytt\u00f6i\u00e4n pident\u00e4miseksi.<\/p>\n<p>    <img decoding=\"async\" src=\"https:\/\/www.hydraulic-cylinders.net\/wp-content\/uploads\/2025\/01\/songte-company-1.webp\"><\/p>\n<h2>Yrityksen esittely<\/h2>\n<p>Olemme varaosien hydraulisylintereiden valmistaja ja yksi johtavista valmistajista ja tukkumyyjist\u00e4 kotimaisilla ja kansainv\u00e4lisill\u00e4 markkinoilla. Tuotevalikoimamme on kattava, ja noudatamme erinomaisen laadun ja tehokkaan tuotannonohjauksen periaatteita. Edistyksellisten valmistuslaitteiden, ammattimaisten testausj\u00e4rjestelmien ja teknologisen osaamisen hy\u00f6dynt\u00e4misen avulla parannamme jatkuvasti valmistusymp\u00e4rist\u00f6\u00e4mme ja tuotteidemme laatua vastataksemme monipuolisiin asiakastarpeisiin.<\/p>\n<h3>Yrityksemme kohokohdat:<\/h3>\n<ul>\n<li>Ammattitaito: Pid\u00e4mme hydraulisylintereiden asiantuntemusta etusijalla varmistaaksemme huippulaadukkaat tuotteet ja palvelut.<\/li>\n<li>Kansainv\u00e4liset sertifikaatit: Tuotteemme t\u00e4ytt\u00e4v\u00e4t kansainv\u00e4liset standardit ja k\u00e4yv\u00e4t l\u00e4pi tiukat laadunvalvontaprosessit.<\/li>\n<li>R\u00e4\u00e4t\u00e4l\u00f6intipalvelut: Tarjoamme r\u00e4\u00e4t\u00e4l\u00f6ityj\u00e4 ratkaisuja vastaamaan asiakkaiden erityisvaatimuksia.<\/li>\n<li>Huippuluokan tuotantolaitteet: K\u00e4yt\u00e4mme edistyneit\u00e4 valmistuslaitteita tehokkuuden ja tarkkuuden varmistamiseksi.<\/li>","protected":false},"excerpt":{"rendered":"<p>Bucket Cylinder For Komatsu Wheel Excavator PW130ES-6 Bucket Cylinder For Komatsu Wheel Excavator PW130ES-6 Definition of Bucket Cylinder A bucket cylinder is a specially designed hydraulic cylinder used to control the movement of the bucket in heavy machinery such as excavators, backhoe excavators, and wheel loaders. Its main function is to enable the bucket to [&hellip;]<\/p>","protected":false},"featured_media":14765,"comment_status":"open","ping_status":"closed","template":"","meta":{"_et_pb_use_builder":"","_et_pb_old_content":"","_et_gb_content_width":""},"product_brand":[],"product_cat":[1494],"product_tag":[1495,1496],"class_list":{"0":"post-15159","1":"product","2":"type-product","3":"status-publish","4":"has-post-thumbnail","6":"product_cat-bucket-cylinders","7":"product_tag-bucket-cylinders","8":"product_tag-hydraulic-cylinders","10":"first","11":"instock","12":"shipping-taxable","13":"product-type-simple"},"amp_enabled":true,"_links":{"self":[{"href":"https:\/\/www.hydraulic-cylinders.net\/fi\/wp-json\/wp\/v2\/product\/15159","targetHints":{"allow":["GET"]}}],"collection":[{"href":"https:\/\/www.hydraulic-cylinders.net\/fi\/wp-json\/wp\/v2\/product"}],"about":[{"href":"https:\/\/www.hydraulic-cylinders.net\/fi\/wp-json\/wp\/v2\/types\/product"}],"replies":[{"embeddable":true,"href":"https:\/\/www.hydraulic-cylinders.net\/fi\/wp-json\/wp\/v2\/comments?post=15159"}],"wp:featuredmedia":[{"embeddable":true,"href":"https:\/\/www.hydraulic-cylinders.net\/fi\/wp-json\/wp\/v2\/media\/14765"}],"wp:attachment":[{"href":"https:\/\/www.hydraulic-cylinders.net\/fi\/wp-json\/wp\/v2\/media?parent=15159"}],"wp:term":[{"taxonomy":"product_brand","embeddable":true,"href":"https:\/\/www.hydraulic-cylinders.net\/fi\/wp-json\/wp\/v2\/product_brand?post=15159"},{"taxonomy":"product_cat","embeddable":true,"href":"https:\/\/www.hydraulic-cylinders.net\/fi\/wp-json\/wp\/v2\/product_cat?post=15159"},{"taxonomy":"product_tag","embeddable":true,"href":"https:\/\/www.hydraulic-cylinders.net\/fi\/wp-json\/wp\/v2\/product_tag?post=15159"}],"curies":[{"name":"wp","href":"https:\/\/api.w.org\/{rel}","templated":true}]}}