{"id":15168,"date":"2025-01-19T14:11:26","date_gmt":"2025-01-19T14:11:26","guid":{"rendered":"https:\/\/www.hydraulic-cylinders.net\/product\/bucket-cylinder-for-sumitomo-small-excavator-sh100a1a2a3\/"},"modified":"2025-01-19T14:11:28","modified_gmt":"2025-01-19T14:11:28","slug":"bucket-cylinder-for-sumitomo-small-excavator-sh100a1a2a3","status":"publish","type":"product","link":"https:\/\/www.hydraulic-cylinders.net\/fi\/tuote\/bucket-cylinder-for-sumitomo-small-excavator-sh100a1a2a3\/","title":{"rendered":"Kauhan sylinteri Sumitomo-pienkaivukoneelle SH100A1A2A3"},"content":{"rendered":"<h1>Kauhan sylinteri Sumitomo-pienkaivukoneelle SH100A1A2A3<\/h1>\n<h2>Johdanto<\/h2>\n<p>Sumitomon pienten kaivinkoneiden SH100A1A2A3 kauhan sylinteri on erikoishydraulinen sylinteri, joka on suunniteltu ohjaamaan kauhan liikett\u00e4 raskaissa koneissa, kuten kaivinkoneissa, kaivurikuormaajissa ja etukuormaajissa. Sen p\u00e4\u00e4teht\u00e4v\u00e4n\u00e4 on mahdollistaa kauhan nostaminen, laskeminen ja kallistaminen, mik\u00e4 helpottaa erilaisten materiaalink\u00e4sittelyteht\u00e4vien k\u00e4sittely\u00e4. Kauhan sylinteri saavuttaa tarkan kauhan liikkeen hallinnan hydrauliikkaj\u00e4rjestelm\u00e4n hydrauli\u00f6ljyn paineen muutosten avulla, mink\u00e4 ansiosta k\u00e4ytt\u00e4j\u00e4t voivat k\u00e4sitell\u00e4 raskaita esineit\u00e4 tehokkaasti ja sopeutua monimutkaisiin ty\u00f6ymp\u00e4rist\u00f6ihin ja erilaisiin ty\u00f6vaatimuksiin.<\/p>\n<p><img decoding=\"async\" src=\"https:\/\/www.hydraulic-cylinders.net\/wp-content\/uploads\/2025\/01\/songte-company-2.webp\"><\/p>\n<h2>Ominaisuudet<\/h2>\n<ul>\n<li>Suuri lujuus ja kest\u00e4vyys: Tyypillisesti eritt\u00e4in lujasta ter\u00e4ksest\u00e4 tai alumiinista valmistettu tuote kest\u00e4\u00e4 korkeaa painetta ja raskaita kuormia, sopeutuu vaativiin ty\u00f6ymp\u00e4rist\u00f6ihin ja on suunniteltu kulutus- ja korroosionkest\u00e4vyys mieless\u00e4 pit\u00e4en sen k\u00e4ytt\u00f6i\u00e4n pident\u00e4miseksi.<\/li>\n<li>Tehokas hydraulinen toiminta: Tasainen pidennys ja supistus saavutetaan hydrauli\u00f6ljyn paineella. Se reagoi nopeasti ohjauskomentoihin, tarjoaa tehokkaita ty\u00f6nt\u00f6- ja vetovoimia ja soveltuu raskaiden esineiden k\u00e4sittelyyn ja monimutkaisiin ty\u00f6teht\u00e4viin.<\/li>\n<li>Useita eri tyyppej\u00e4: Yksitoimisia (hydraulisesti vain yhteen suuntaan) tai kaksitoimisia (hydraulisesti molempiin suuntiin) sylintereit\u00e4 voidaan valita tarpeen mukaan erilaisten k\u00e4ytt\u00f6tarpeiden mukaan. Jotkut mallit ovat teleskooppisia, mik\u00e4 mahdollistaa suuremman jatkeen ilman ulkomittojen kasvua, joten ne sopivat rajoitettuihin tiloihin.<\/li>\n<li>Helppo asentaa: Yrityksemme voi valmistaa t\u00e4t\u00e4 tuotetta, ja tuotteemme voi t\u00e4ydellisesti korvata n\u00e4m\u00e4 hydraulisylinterit.<\/li>\n<\/ul>\n<p><img decoding=\"async\" src=\"https:\/\/www.hydraulic-cylinders.net\/wp-content\/uploads\/2025\/01\/songte-cylinder-head-with-all-kinds-excavator-models.webp\"><\/p>\n<h2>Sovellukset<\/h2>\n<p>Kauhasylinterill\u00e4 on laaja valikoima sovelluksia, kuten:<\/p>\n<ul>\n<li>Rakennuslaitteet: Kaivinkoneissa ne ovat kriittisi\u00e4 maan kaivamisessa, lastaamisessa ja maaper\u00e4n tai roskien siirt\u00e4misess\u00e4. Kaivurikuormaajissa kauhan sylinteri auttaa sek\u00e4 kaivamisessa ett\u00e4 nostamisessa. <\/li>\n<li>Maatalouskoneet: K\u00e4ytet\u00e4\u00e4n etukuormaajissa maaper\u00e4n, hein\u00e4n ja muiden materiaalien kauhaukseen, nostamiseen ja kuljettamiseen. <\/li>\n<li>Kaivinkoneet: Kauhan sylinteri saavuttaa kaivutoiminnon antamalla kauhan tunkeutua maaper\u00e4\u00e4n.<\/li>\n<li>Kuormaajat: Etukuormaajissa ne auttavat tavaroiden tehokkaassa nostamisessa ja kallistamisessa.<\/li>\n<\/ul>\n<p>T\u00e4ss\u00e4 on esimerkkej\u00e4 siit\u00e4, miten kauhasylinteri\u00e4 k\u00e4ytet\u00e4\u00e4n eri sovelluksissa:<\/p>\n<h3>Rakennuslaitteet<\/h3>\n<p>Kaivinkoneissa ne ovat kriittisi\u00e4 maan tai roskien kaivamisessa, lastaamisessa ja siirt\u00e4misess\u00e4. Kaivurikuormaajissa kauhan sylinteri auttaa sek\u00e4 kaivamisessa ett\u00e4 nostamisessa.<\/p>\n<h3>Maatalouskoneet<\/h3>\n<p>K\u00e4ytet\u00e4\u00e4n etukuormaajissa maaper\u00e4n, hein\u00e4n ja muiden materiaalien kauhaukseen, nostamiseen ja kuljettamiseen.<\/p>\n<h3>Kaivinkoneet<\/h3>\n<p>Kauhan sylinteri saavuttaa kaivutoiminnon antamalla kauhan tunkeutua maaper\u00e4\u00e4n.<\/p>\n<h3>Kuormaajat<\/h3>\n<p>Etukuormaajissa ne auttavat tavaroiden tehokkaassa nostamisessa ja kallistamisessa.<\/p>\n<h2>Suunnittelun\u00e4k\u00f6kohdat ja valintakriteerit<\/h2>\n<h3>Kantavuus<\/h3>\n<p>Kauhasylinteri on suunniteltu kest\u00e4m\u00e4\u00e4n raskaita kuormia ja korkeaa painetta. K\u00e4ytetyt materiaalit, kuten erikoislujuuster\u00e4s tai alumiini, on valittu kest\u00e4vyyden, kulumisen ja korroosionkest\u00e4vyyden perusteella. <\/p>\n<h3>Tiivistys ja kest\u00e4vyys<\/h3>\n<p>Erilaisia \u200b\u200btiivistekomponentteja, kuten m\u00e4nn\u00e4ntiivisteit\u00e4 ja varren tiivisteit\u00e4, k\u00e4ytet\u00e4\u00e4n varmistamaan, ett\u00e4 hydraulineste ei vuoda sylinterist\u00e4. Ne on valmistettu kulutusta kest\u00e4vist\u00e4 materiaaleista, kuten polyuretaanista ja nitriilikumista. Sylinterin rungon sis\u00e4pinta ja kierteitetty p\u00e4\u00e4 on koneistettu tarkasti kulutuskest\u00e4vyyden lis\u00e4\u00e4miseksi. S\u00e4\u00e4nn\u00f6llinen oikean m\u00e4\u00e4r\u00e4n hydrauli\u00f6ljyn lis\u00e4\u00e4minen voiteluun on v\u00e4ltt\u00e4m\u00e4t\u00f6nt\u00e4 kest\u00e4vyyden yll\u00e4pit\u00e4miseksi.<\/p>\n<p><img decoding=\"async\" src=\"https:\/\/www.hydraulic-cylinders.net\/wp-content\/uploads\/2025\/01\/songte-oil-pipes-and-spare-parts.webp\"><\/p>\n<h2>Huolto ja korjaus<\/h2>\n<p>Kauhasylinterin pitk\u00e4aikaisen toiminnan varmistamiseksi tarvitaan s\u00e4\u00e4nn\u00f6llist\u00e4 huoltoa ja ennaltaehk\u00e4isevi\u00e4 toimenpiteit\u00e4. T\u00e4ss\u00e4 on joitakin t\u00e4rkeit\u00e4 teht\u00e4vi\u00e4:<\/p>\n<h3>Asennus<\/h3>\n<p>Sylinteri\u00e4 asennettaessa on t\u00e4rke\u00e4\u00e4 kohdistaa se oikein ja asentaa asianmukaiset kiinnikkeet sen kiinnitt\u00e4miseksi paikalleen.<\/p>\n<h3>Huolto<\/h3>\n<p>S\u00e4\u00e4nn\u00f6llisiin huoltoteht\u00e4viin kuuluvat asianmukainen voitelu, tiivisteiden kulumisen ja vuotojen tarkistaminen sek\u00e4 sylinterin tarkastaminen vaurioiden tai toimintah\u00e4iri\u00f6iden varalta.<\/p>\n<h3>Korjaus<\/h3>\n<p>Vaurion tai toimintah\u00e4iri\u00f6n sattuessa voi olla tarpeen vaihtaa tiettyj\u00e4 sylinterin osia tai rakentaa se kokonaan uudelleen. Yrityksemme tarjoaa varaosia ja korjauspalveluita sylinterin k\u00e4ytt\u00f6i\u00e4n pident\u00e4miseksi ja seisokkiaikojen v\u00e4hent\u00e4miseksi.<\/p>\n<p><img decoding=\"async\" src=\"https:\/\/www.hydraulic-cylinders.net\/wp-content\/uploads\/2025\/01\/songte-chushion-collar.webp\"><\/p>\n<h2>Turvallisuusn\u00e4k\u00f6kohdat ja ymp\u00e4rist\u00f6tekij\u00e4t<\/h2>\n<p>Turvatoimenpiteet ovat kriittisi\u00e4 kauhapulloa k\u00e4ytett\u00e4ess\u00e4. Asianmukainen koulutus on v\u00e4ltt\u00e4m\u00e4t\u00f6nt\u00e4 sen varmistamiseksi, ett\u00e4 k\u00e4ytt\u00e4j\u00e4t osaavat k\u00e4ytt\u00e4\u00e4 pulloa turvallisesti ja tehokkaasti. Ymp\u00e4rist\u00f6tekij\u00e4t, kuten l\u00e4mp\u00f6tila ja kosteus, voivat my\u00f6s vaikuttaa pullon suorituskykyyn ja k\u00e4ytt\u00f6ik\u00e4\u00e4n.<\/p>\n<h2>Yleisi\u00e4 ongelmia ja vianm\u00e4\u00e4ritys<\/h2>\n<p>Kauhasylinteriss\u00e4 voi k\u00e4yt\u00f6n aikana esiinty\u00e4 erilaisia \u200b\u200bongelmia, kuten vuotoja, melua tai hidasta k\u00e4ynti\u00e4. On t\u00e4rke\u00e4\u00e4 diagnosoida n\u00e4m\u00e4 ongelmat tarkasti ja tehokkaasti seisokkiaikojen minimoimiseksi. S\u00e4\u00e4nn\u00f6llinen huolto ja asianmukainen asennus ovat my\u00f6s t\u00e4rkeit\u00e4 ennaltaehk\u00e4isevi\u00e4 toimenpiteit\u00e4.<\/p>\n<p><img decoding=\"async\" src=\"https:\/\/www.hydraulic-cylinders.net\/wp-content\/uploads\/2025\/01\/songte-bushings-with-all-kinds-of-excavator-models.webp\"><\/p>\n<h2>Tietoa yrityksest\u00e4mme<\/h2>\n<p>Yrityksemme on johtava hydraulisten sylinterien valmistaja ja tukkumyyj\u00e4 kotimaisilla ja kansainv\u00e4lisill\u00e4 markkinoilla. Olemme sitoutuneet tarjoamaan erinomaista laatua ja luotamme teollisen tuotannon hallintastrategioihin, kuten edistyneen teknologian ja ammattimaisten testausj\u00e4rjestelmien k\u00e4ytt\u00f6\u00f6n, parantaaksemme jatkuvasti valmistusalustojamme ja tuotteidemme laatua. Vahvan innovaatio- ja luovuuskykymme ansiosta pystymme vastaamaan monipuolisiin asiakastarpeisiin tehokkaasti, tarkasti ja laadukkaasti.<\/p>\n<h3>Ammattimaisuus<\/h3>\n<p>Meill\u00e4 on kokeneiden ammattilaisten tiimi, joka on sitoutunut tarjoamaan parhaat ratkaisut asiakkaidemme tarpeisiin.<\/p>\n<h3>Kansainv\u00e4linen sertifiointi<\/h3>\n<p>Yrityksemme on l\u00e4p\u00e4issyt useita kansainv\u00e4lisi\u00e4 sertifikaatteja, kuten ISO9001, CE ja SGS, mik\u00e4 varmistaa, ett\u00e4 tuotteidemme laatu t\u00e4ytt\u00e4\u00e4 kansainv\u00e4liset standardit.<\/p>\n<h3>Mukauttaminen<\/h3>\n<p>Tarjoamme r\u00e4\u00e4t\u00e4l\u00f6ityj\u00e4 palveluita asiakkaidemme monipuolisten tarpeiden t\u00e4ytt\u00e4miseksi, mukaan lukien r\u00e4\u00e4t\u00e4l\u00f6ity suunnittelu, tuotanto ja pakkaukset sek\u00e4 r\u00e4\u00e4t\u00e4l\u00f6idyt j\u00e4lkimarkkinointipalvelut.<\/p>\n<h3>Tuotantolaitteet<\/h3>\n<p>Yrityksemme k\u00e4ytt\u00e4\u00e4 edistyneit\u00e4 valmistuslaitteita, kuten CNC-koneita ja automatisoituja kokoonpanolinjoja, varmistaakseen tuotannon korkean tehokkuuden ja tarkkuuden.<\/p>\n<h3>Myynnin j\u00e4lkeinen palvelu<\/h3>\n<p>Tarjoamme ammattimaista myynnin j\u00e4lkeist\u00e4 palvelua auttaaksemme asiakkaita ratkaisemaan ongelmia tuotteidemme k\u00e4yt\u00f6ss\u00e4, ja tarjoamme my\u00f6s teknist\u00e4 tukea ja koulutuspalveluita auttaaksemme asiakkaita parantamaan taitojaan ja tiet\u00e4myst\u00e4\u00e4n.<\/p>\n<p><img decoding=\"async\" src=\"https:\/\/www.hydraulic-cylinders.net\/wp-content\/uploads\/2025\/01\/songte-company-3.webp\"><\/p>\n<p>Kirjoittaja: lyl.<\/p>","protected":false},"excerpt":{"rendered":"<p>Bucket Cylinder For Sumitomo Small Excavator SH100A1A2A3 Introduction The bucket cylinder for Sumitomo small excavator SH100A1A2A3 is a specialized hydraulic cylinder designed to control the movement of the bucket in heavy machinery such as excavators, backhoe loaders, and front-end loaders. Its main function is to enable the bucket to lift, lower, and tilt, making it [&hellip;]<\/p>","protected":false},"featured_media":14780,"comment_status":"open","ping_status":"closed","template":"","meta":{"_et_pb_use_builder":"","_et_pb_old_content":"","_et_gb_content_width":""},"product_brand":[],"product_cat":[1494],"product_tag":[1495,1496],"class_list":{"0":"post-15168","1":"product","2":"type-product","3":"status-publish","4":"has-post-thumbnail","6":"product_cat-bucket-cylinders","7":"product_tag-bucket-cylinders","8":"product_tag-hydraulic-cylinders","10":"first","11":"instock","12":"shipping-taxable","13":"product-type-simple"},"amp_enabled":true,"_links":{"self":[{"href":"https:\/\/www.hydraulic-cylinders.net\/fi\/wp-json\/wp\/v2\/product\/15168","targetHints":{"allow":["GET"]}}],"collection":[{"href":"https:\/\/www.hydraulic-cylinders.net\/fi\/wp-json\/wp\/v2\/product"}],"about":[{"href":"https:\/\/www.hydraulic-cylinders.net\/fi\/wp-json\/wp\/v2\/types\/product"}],"replies":[{"embeddable":true,"href":"https:\/\/www.hydraulic-cylinders.net\/fi\/wp-json\/wp\/v2\/comments?post=15168"}],"wp:featuredmedia":[{"embeddable":true,"href":"https:\/\/www.hydraulic-cylinders.net\/fi\/wp-json\/wp\/v2\/media\/14780"}],"wp:attachment":[{"href":"https:\/\/www.hydraulic-cylinders.net\/fi\/wp-json\/wp\/v2\/media?parent=15168"}],"wp:term":[{"taxonomy":"product_brand","embeddable":true,"href":"https:\/\/www.hydraulic-cylinders.net\/fi\/wp-json\/wp\/v2\/product_brand?post=15168"},{"taxonomy":"product_cat","embeddable":true,"href":"https:\/\/www.hydraulic-cylinders.net\/fi\/wp-json\/wp\/v2\/product_cat?post=15168"},{"taxonomy":"product_tag","embeddable":true,"href":"https:\/\/www.hydraulic-cylinders.net\/fi\/wp-json\/wp\/v2\/product_tag?post=15168"}],"curies":[{"name":"wp","href":"https:\/\/api.w.org\/{rel}","templated":true}]}}