{"id":15170,"date":"2025-01-19T14:11:34","date_gmt":"2025-01-19T14:11:34","guid":{"rendered":"https:\/\/www.hydraulic-cylinders.net\/product\/bucket-cylinder-for-sumitomo-small-excavator-sh60a3\/"},"modified":"2025-01-19T14:11:36","modified_gmt":"2025-01-19T14:11:36","slug":"bucket-cylinder-for-sumitomo-small-excavator-sh60a3","status":"publish","type":"product","link":"https:\/\/www.hydraulic-cylinders.net\/fi\/tuote\/bucket-cylinder-for-sumitomo-small-excavator-sh60a3\/","title":{"rendered":"Kauhan sylinteri Sumitomo-pienkaivukoneelle SH60A3"},"content":{"rendered":"<h1>Kauhan sylinteri Sumitomo-pienkaivukoneelle SH60A3<\/h1>\n<h2>Johdanto<\/h2>\n<p>Sumitomon SH60A3-kaivinkoneen kauhan sylinteri on erikoishydraulinen sylinteri, jota k\u00e4ytet\u00e4\u00e4n p\u00e4\u00e4asiassa raskaiden koneiden, kuten kaivinkoneiden, traktorikaivureiden ja etukuormaajien, kauhojen liikkeen ohjaamiseen. Sen p\u00e4\u00e4teht\u00e4v\u00e4n\u00e4 on mahdollistaa kauhan nostaminen, laskeminen ja kallistaminen, mik\u00e4 helpottaa erilaisten materiaalien k\u00e4sittely\u00e4. Hydraulij\u00e4rjestelm\u00e4ss\u00e4 kauhan sylinteri saavuttaa tarkan kauhan hallinnan hydrauli\u00f6ljyn paineen muutosten avulla, mink\u00e4 ansiosta k\u00e4ytt\u00e4j\u00e4t voivat k\u00e4sitell\u00e4 raskaita kuormia tehokkaasti ja sopeutua monimutkaisiin ty\u00f6ymp\u00e4rist\u00f6ihin ja erilaisiin k\u00e4ytt\u00f6vaatimuksiin.<\/p>\n<p><img decoding=\"async\" src=\"https:\/\/www.hydraulic-cylinders.net\/wp-content\/uploads\/2025\/01\/songte-company-2.webp\"\/><\/p>\n<h2>Ominaisuudet<\/h2>\n<ul>\n<li>Korkea lujuus ja kest\u00e4vyys: Tyypillisesti eritt\u00e4in lujasta ter\u00e4ksest\u00e4 tai alumiinista valmistettu, se kest\u00e4\u00e4 korkeaa painetta ja raskaita kuormia, sopeutuu vaativiin ty\u00f6ymp\u00e4rist\u00f6ihin ja on suunniteltu kulutus- ja korroosionkest\u00e4vyys mieless\u00e4 pit\u00e4en, mik\u00e4 pident\u00e4\u00e4 sen k\u00e4ytt\u00f6ik\u00e4\u00e4.<\/li>\n<li>Tehokas hydraulinen toiminta: Hydraulisen \u00f6ljynpaineen avulla teleskooppiliike on tasaista ja se reagoi nopeasti ohjauskomentoihin. Se tarjoaa tehokkaita ty\u00f6nt\u00f6- ja vetovoimia, jotka sopivat raskaiden kuormien k\u00e4sittelyyn ja monimutkaisiin ty\u00f6teht\u00e4viin.<\/li>\n<li>Erilaisia \u200b\u200btyyppej\u00e4: Yksitoimisia (hydraulisesti vain yhteen suuntaan) tai kaksitoimisia (hydraulisesti molempiin suuntiin) sylintereit\u00e4 voidaan valita tarpeen mukaan erilaisten k\u00e4ytt\u00f6vaatimusten t\u00e4ytt\u00e4miseksi. Jotkut mallit ovat teleskooppisia, mik\u00e4 mahdollistaa suuremman jatkeen ilman ulkomittojen kasvua, mik\u00e4 sopii rajoitettuihin tiloihin.<\/li>\n<li>T\u00e4ydellinen korvaus: Tuotteemme voi t\u00e4ydellisesti korvata n\u00e4m\u00e4 hydraulisylinterit.<\/li>\n<\/ul>\n<p><img decoding=\"async\" src=\"https:\/\/www.hydraulic-cylinders.net\/wp-content\/uploads\/2025\/01\/songte-cylinder-head-with-all-kinds-excavator-models.webp\"\/><\/p>\n<h2>Sovellukset<\/h2>\n<p>Sumitomon SH60A3-kaivinkoneen kauhan sylinteri\u00e4 k\u00e4ytet\u00e4\u00e4n laajalti useilla eri teollisuudenaloilla. Joitakin yleisi\u00e4 k\u00e4ytt\u00f6kohteita ovat:<\/p>\n<ul>\n<li>Rakennuslaitteet: Kaivinkoneissa ne ovat kriittisi\u00e4 maanrakennuksessa, lastauksessa ja maaper\u00e4n tai roskien siirt\u00e4misess\u00e4. Kaivurikuormaajissa kauhan sylinterit auttavat sek\u00e4 kaivamisessa ett\u00e4 nostamisessa. <\/li>\n<li>Maatalouskoneet: K\u00e4ytet\u00e4\u00e4n etukuormaajissa maaper\u00e4n, hein\u00e4n ja muiden materiaalien kauhaukseen, nostamiseen ja kuljettamiseen. <\/li>\n<li>Kaivinkoneet: Kauhasylinterit saavuttavat kaivutoiminnon antamalla kauhan tunkeutua maaper\u00e4\u00e4n. <\/li>\n<li>Kuormaajat: Etukuormaajissa ne auttavat tavaroiden tehokkaassa nostamisessa ja kallistamisessa. <\/li>\n<\/ul>\n<h2>Suunnittelun\u00e4k\u00f6kohdat ja valintakriteerit<\/h2>\n<p>Sumitomon SH60A3-kaivinkoneen kauhan sylinteri\u00e4 valittaessa on otettava huomioon useita suunnittelun\u00e4k\u00f6kohtia ja valintakriteerej\u00e4, kuten:<\/p>\n<ul>\n<li>Kuormitettavuus: Sylinterin on kestett\u00e4v\u00e4 laitteen suurin kuormituskyky.<\/li>\n<li>Tiivistys: Vuotojen minimoimiseksi ja k\u00e4ytt\u00f6i\u00e4n pident\u00e4miseksi tulisi k\u00e4ytt\u00e4\u00e4 erilaisia \u200b\u200btiivistyskomponentteja, kuten m\u00e4nn\u00e4ntiivisteit\u00e4 ja varren tiivisteit\u00e4. <\/li>\n<li>Kest\u00e4vyys: Sylinterin tulee olla suunniteltu kest\u00e4m\u00e4\u00e4n ankaria k\u00e4ytt\u00f6olosuhteita, ja sylinterin runko ja kierteen p\u00e4\u00e4typinta tulee k\u00e4sitell\u00e4 hienoksi kulutuskest\u00e4vyyden parantamiseksi. <\/li>\n<li>Turvallisuus: Sylinterin tulee olla suunniteltu turvaominaisuuksilla onnettomuuksien est\u00e4miseksi k\u00e4yt\u00f6n aikana. <\/li>\n<li>Huolto: Sylinterin tulee olla helppo huoltaa ja varaosien tulee olla helposti saatavilla.<\/li>\n<\/ul>\n<p><img decoding=\"async\" src=\"https:\/\/www.hydraulic-cylinders.net\/wp-content\/uploads\/2025\/01\/songte-oil-pipes-and-spare-parts.webp\"\/><\/p>\n<h2>Tiivistys ja voitelu<\/h2>\n<p>Sumitomon SH60A3-kaivinkoneen kauhan sylinteriss\u00e4 on erilaisia \u200b\u200btiivistyskomponentteja, kuten m\u00e4nn\u00e4ntiivisteit\u00e4 ja varren tiivisteit\u00e4, jotka on valmistettu kulutusta kest\u00e4vist\u00e4 materiaaleista, kuten polyuretaanista ja nitriilikumista, vuotojen minimoimiseksi ja k\u00e4ytt\u00f6i\u00e4n pident\u00e4miseksi. Sylinterin runko ja kierteiden p\u00e4\u00e4typinta on my\u00f6s k\u00e4sitelty kulutuskest\u00e4vyyden parantamiseksi. S\u00e4\u00e4nn\u00f6llinen voitelu hydrauliikka\u00f6ljyll\u00e4 on v\u00e4ltt\u00e4m\u00e4t\u00f6n sylinterin moitteettoman toiminnan yll\u00e4pit\u00e4miseksi.<\/p>\n<h2>Huolto ja korjaus<\/h2>\n<p>S\u00e4\u00e4nn\u00f6lliset tarkastukset ja ennaltaehk\u00e4isev\u00e4 huolto ovat ratkaisevan t\u00e4rkeit\u00e4 Sumitomon SH60A3-kaivukoneen kauhan sylinterin tehokkaan toiminnan varmistamiseksi. Joitakin yleisi\u00e4 huoltoteht\u00e4vi\u00e4 ovat:<\/p>\n<ul>\n<li>S\u00e4\u00e4nn\u00f6llinen tarkastus: Tarkista sylinteri kulumisen tai vaurioiden varalta ja korjaa tai vaihda osia tarvittaessa. <\/li>\n<li>Voitelu: Voitele sylinteri s\u00e4\u00e4nn\u00f6llisesti hydrauli\u00f6ljyll\u00e4, jotta se toimii oikein. <\/li>\n<li>Tiivisteiden vaihto: Vaihda tiivisteet tarvittaessa vuotojen est\u00e4miseksi. <\/li>\n<li>Kalibrointitarkistus: Tarkista sylinterin oikea kalibrointi tehokkaan toiminnan varmistamiseksi.<\/li>\n<\/ul>\n<p><img decoding=\"async\" src=\"https:\/\/www.hydraulic-cylinders.net\/wp-content\/uploads\/2025\/01\/songte-chushion-collar.webp\"\/><\/p>\n<h2>Turvallisuusn\u00e4k\u00f6kohdat ja ymp\u00e4rist\u00f6tekij\u00e4t<\/h2>\n<p>When using the bucket cylinder for Sumitomo small excavator SH60A3, safety measures should be taken to prevent accidents during operation. It is also essential to consider the environmental impact of the cylinder&#8217;s operation and take appropriate measures to minimize it.<\/p>\n<h2>Vianm\u00e4\u00e4ritys ja yleiset ongelmat<\/h2>\n<p>Joitakin yleisi\u00e4 ongelmia, joita voi ilmet\u00e4 k\u00e4ytett\u00e4ess\u00e4 kauhan sylinteri\u00e4 Sumitomo SH60A3 -pienkaivukoneessa, ovat vuoto, alhainen paine ja ep\u00e4s\u00e4\u00e4nn\u00f6llinen liike. Asianmukainen tarkastus ja vianm\u00e4\u00e4ritys ovat v\u00e4ltt\u00e4m\u00e4tt\u00f6mi\u00e4 ongelman perimm\u00e4isen syyn tunnistamiseksi ja tarvittavien korjaavien toimenpiteiden suorittamiseksi.<\/p>\n<h2>Yrityksen tiedot<\/h2>\n<p>Olemme korvaavien hydraulisylinterien valmistaja, joka tarjoaa t\u00e4yden valikoiman tuotteita ja on yksi johtavista hydraulisylinterien valmistajista ja tukkumyyjist\u00e4 kotimaisilla ja kansainv\u00e4lisill\u00e4 markkinoilla. Noudatamme erinomaisen laadun periaatetta, luotamme hienomekaanisen ty\u00f6pajan teollisen tuotannon hallintastrategiaan ja parannamme jatkuvasti ty\u00f6pajan valmistusalustaa, parannamme tuotteiden tuotannon laatua ja meill\u00e4 on vahva luomiskyky. T\u00e4yt\u00e4mme asiakkaiden monipuoliset tarpeet korkealla tehokkuudella, tarkkuudella ja laadulla. <\/p>\n<p><img decoding=\"async\" src=\"https:\/\/hzpt.com\/wp-content\/uploads\/2024\/11\/songte-company-1.webp\"\/><\/p>\n<h3>Ammattimaisuus<\/h3>\n<p>Yrityksell\u00e4mme on hydrauliikka-alan teknisten ammattilaisten tiimi, jolla on vuosien kokemus, ja joka tarjoaa asiakkaille ammattitaitoista ja korkealaatuista palvelua.<\/p>\n<h3>Kansainv\u00e4linen sertifiointi<\/h3>\n<p>Tuotteemme ovat l\u00e4p\u00e4isseet useita kansainv\u00e4lisi\u00e4 sertifikaatteja, kuten ISO9001, CE ja SGS, mik\u00e4 varmistaa, ett\u00e4 tuotteemme t\u00e4ytt\u00e4v\u00e4t kansainv\u00e4liset laatustandardit ja ett\u00e4 niit\u00e4 vied\u00e4\u00e4n moniin maihin ja alueille.<\/p>\n<h3>R\u00e4\u00e4t\u00e4l\u00f6intipalvelut<\/h3>\n<p>Tarjoamme asiakkaillemme r\u00e4\u00e4t\u00e4l\u00f6ityj\u00e4 hydraulisylintereit\u00e4 heid\u00e4n erityisvaatimustensa mukaisesti ja r\u00e4\u00e4t\u00e4l\u00f6ityj\u00e4 ratkaisuja, jotka vastaavat heid\u00e4n tarpeisiinsa.<\/p>\n<h3>Tuotantolaitteet<\/h3>\n<p>Yrityksell\u00e4mme on edistykselliset tuotantolaitteet ja -teknologia, kuten CNC-ty\u00f6st\u00f6keskukset, tarkkuushiomakoneet ja automaattiset hitsauskoneet, jotka takaavat tuotteidemme korkean laadun ja tarkkuuden.<\/p>\n<h3>Myynnin j\u00e4lkeinen palvelu<\/h3>\n<p>Tarjoamme asiakkaillemme kattavia myynnin j\u00e4lkeisi\u00e4 palveluita, mukaan lukien teknist\u00e4 tukea, tuotekorjauksia ja -vaihtoja, varmistaaksemme, ett\u00e4 asiakkaamme ovat tyytyv\u00e4isi\u00e4 tuotteisiimme ja palveluihimme.<\/p>\n<h4>Kirjoittaja: lyl<\/h4>","protected":false},"excerpt":{"rendered":"<p>Bucket Cylinder For Sumitomo Small Excavator SH60A3 Introduction The bucket cylinder for Sumitomo small excavator SH60A3 is a specialized hydraulic cylinder primarily used to control the movement of buckets in heavy machinery such as excavators, backhoes, and front loaders. Its main function is to allow the bucket to lift, lower, and tilt, making it easier [&hellip;]<\/p>","protected":false},"featured_media":14776,"comment_status":"open","ping_status":"closed","template":"","meta":{"_et_pb_use_builder":"","_et_pb_old_content":"","_et_gb_content_width":""},"product_brand":[],"product_cat":[1494],"product_tag":[1495,1496],"class_list":{"0":"post-15170","1":"product","2":"type-product","3":"status-publish","4":"has-post-thumbnail","6":"product_cat-bucket-cylinders","7":"product_tag-bucket-cylinders","8":"product_tag-hydraulic-cylinders","10":"first","11":"instock","12":"shipping-taxable","13":"product-type-simple"},"amp_enabled":true,"_links":{"self":[{"href":"https:\/\/www.hydraulic-cylinders.net\/fi\/wp-json\/wp\/v2\/product\/15170","targetHints":{"allow":["GET"]}}],"collection":[{"href":"https:\/\/www.hydraulic-cylinders.net\/fi\/wp-json\/wp\/v2\/product"}],"about":[{"href":"https:\/\/www.hydraulic-cylinders.net\/fi\/wp-json\/wp\/v2\/types\/product"}],"replies":[{"embeddable":true,"href":"https:\/\/www.hydraulic-cylinders.net\/fi\/wp-json\/wp\/v2\/comments?post=15170"}],"wp:featuredmedia":[{"embeddable":true,"href":"https:\/\/www.hydraulic-cylinders.net\/fi\/wp-json\/wp\/v2\/media\/14776"}],"wp:attachment":[{"href":"https:\/\/www.hydraulic-cylinders.net\/fi\/wp-json\/wp\/v2\/media?parent=15170"}],"wp:term":[{"taxonomy":"product_brand","embeddable":true,"href":"https:\/\/www.hydraulic-cylinders.net\/fi\/wp-json\/wp\/v2\/product_brand?post=15170"},{"taxonomy":"product_cat","embeddable":true,"href":"https:\/\/www.hydraulic-cylinders.net\/fi\/wp-json\/wp\/v2\/product_cat?post=15170"},{"taxonomy":"product_tag","embeddable":true,"href":"https:\/\/www.hydraulic-cylinders.net\/fi\/wp-json\/wp\/v2\/product_tag?post=15170"}],"curies":[{"name":"wp","href":"https:\/\/api.w.org\/{rel}","templated":true}]}}